{"id":977,"date":"2022-12-07T13:38:04","date_gmt":"2022-12-07T13:38:04","guid":{"rendered":"http:\/\/dummy.xtemos.com\/woodmart2\/mega-electronics-elementor\/?post_type=product&#038;p=977"},"modified":"2025-01-09T10:40:32","modified_gmt":"2025-01-09T10:40:32","slug":"hygromatik-heatercompact-kit","status":"publish","type":"product","link":"https:\/\/barrsell.com\/en\/product\/hygromatik-heatercompact-kit\/","title":{"rendered":"HygroMatik HeaterCompact KIT"},"content":{"rendered":"<h2>Hygromatik HeaterCompact KIT: Compact and Efficient Humidification Solution<\/h2>\n<p>HygroMatik HeaterCompact KIT has been developed for those looking for quality and reliability in indoor climate control. It is one of the most innovative and energy-efficient steam humidification solutions. It stands out especially with its compact design, high performance steam generation and user-friendly control options. It is an ideal solution for both commercial and industrial applications.<\/p>\n<table style=\"height: 290px;\" width=\"566\">\n<tbody>\n<tr>\n<td rowspan=\"2\" width=\"100\"><strong>Model<\/strong><\/td>\n<td rowspan=\"2\" width=\"112\"><strong>Maximum steam output<\/strong><\/td>\n<td rowspan=\"2\" width=\"137\"><strong>Electricity connection<\/strong><\/td>\n<td width=\"109\"><strong>Dimensions<\/strong><\/td>\n<\/tr>\n<tr>\n<td width=\"109\"><strong>g\/y\/d [mm]<\/strong><\/td>\n<\/tr>\n<tr>\n<td width=\"100\" data-title=\"Model\">HC 02 SET<\/td>\n<td width=\"112\" data-title=\"Parn\u00ed v\u00fdkon max\">2 kg\/h<\/td>\n<td width=\"137\" data-title=\"El.p\u0159ipojen\u00ed\">1,5 kW\/ 6,6 A<\/td>\n<td width=\"109\" data-title=\"Rozm\u011bry \u0161\/v\/h [mm]\">321\/308\/221<\/td>\n<\/tr>\n<tr>\n<td width=\"100\" data-title=\"Model\">HC 03 KIT<\/td>\n<td width=\"112\" data-title=\"Parn\u00ed v\u00fdkon max\">3 kg\/h<\/td>\n<td width=\"137\" data-title=\"El.p\u0159ipojen\u00ed\">2,25 kW\/ 9,8 A<\/td>\n<td width=\"109\" data-title=\"Rozm\u011bry \u0161\/v\/h [mm]\">321\/428\/221<\/td>\n<\/tr>\n<tr>\n<td width=\"100\" data-title=\"Model\">HC 06 KIT<\/td>\n<td width=\"112\" data-title=\"Parn\u00ed v\u00fdkon max\">6 kg\/h<\/td>\n<td width=\"137\" data-title=\"El.p\u0159ipojen\u00ed\">4,5 kW\/ 19,6 A<\/td>\n<td width=\"109\" data-title=\"Rozm\u011bry \u0161\/v\/h [mm]\">321\/428\/221<\/td>\n<\/tr>\n<tr>\n<td width=\"100\" data-title=\"Model\">HC 06 KIT<\/td>\n<td width=\"112\" data-title=\"Parn\u00ed v\u00fdkon max\">6 kg\/h<\/td>\n<td width=\"137\" data-title=\"El.p\u0159ipojen\u00ed\">4,5 kW\/ 11,3 A<\/td>\n<td width=\"109\" data-title=\"Rozm\u011bry \u0161\/v\/h [mm]\">321\/428\/221<\/td>\n<\/tr>\n<tr>\n<td width=\"100\" data-title=\"Model\">HC 09 KIT<\/td>\n<td width=\"112\" data-title=\"Parn\u00ed v\u00fdkon max\">9 kg\/h<\/td>\n<td width=\"137\" data-title=\"El.p\u0159ipojen\u00ed\">6,8 kW\/ 16,9 A<\/td>\n<td width=\"109\" data-title=\"Rozm\u011bry \u0161\/v\/h [mm]\">321\/428\/221<\/td>\n<\/tr>\n<tr>\n<td width=\"100\" data-title=\"Model\">HC 12 KIT<\/td>\n<td width=\"112\" data-title=\"Parn\u00ed v\u00fdkon max\">12 kg\/h<\/td>\n<td width=\"137\" data-title=\"El.p\u0159ipojen\u00ed\">9 kW\/ 19,5 A<\/td>\n<td width=\"109\" data-title=\"Rozm\u011bry \u0161\/v\/h [mm]\">346\/571\/289<\/td>\n<\/tr>\n<tr>\n<td width=\"100\" data-title=\"Model\">HC 18 KIT<\/td>\n<td width=\"112\" data-title=\"Parn\u00ed v\u00fdkon max\">18 kg\/h<\/td>\n<td width=\"137\" data-title=\"El.p\u0159ipojen\u00ed\">13,5 kW\/ 29,3 A<\/td>\n<td width=\"109\" data-title=\"Rozm\u011bry \u0161\/v\/h [mm]\">346\/571\/289<\/td>\n<\/tr>\n<tr>\n<td width=\"100\" data-title=\"Model\">HC 27 KIT<\/td>\n<td width=\"112\" data-title=\"Parn\u00ed v\u00fdkon max\">27 kg\/h<\/td>\n<td width=\"137\" data-title=\"El.p\u0159ipojen\u00ed\">20,3 kW\/ 29,3 A<\/td>\n<td width=\"109\" data-title=\"Rozm\u011bry \u0161\/v\/h [mm]\">346\/571\/289<\/td>\n<\/tr>\n<\/tbody>\n<\/table>\n<h4><strong>Compact Design, Maximum Efficiency<\/strong><\/h4>\n<p class=\" translation-block\"><a href=\"\/\/barrsell.com\/kategoriler\/buhar-jeneratorleri-nemlendiriciler\/hygromatik-buharli-nemlendirici\/\u201d\" target=\"\u201c_self\u201d\">Hygromatik<\/a> HeaterCompact KIT is designed to fit in limited spaces. This allows for space-saving and highly efficient vapor humidification. Despite its small size, it has the capacity to humidify a large area.<\/p>\n<h4><strong>\u00a0 \u00a0 \u00a0 \u00a0 \u00a0 \u00a0 \u00a0 \u00a0 \u00a0 \u00a0 \u00a0 \u00a0 \u00a0 \u00a0 \u00a0 \u00a0 \u00a0 \u00a0 \u00a0 \u00a0 \u00a0 \u00a0 \u00a0 \u00a0 \u00a0 \u00a0 \u00a0 \u00a0 \u00a0 \u00a0 \u00a0 \u00a0 \u00a0 \u00a0 \u00a0 \u00a0 \u00a0 \u00a0 \u00a0 \u00a0Precise Humidity Control<\/strong><\/h4>\n<div id=\"attachment_11204\" style=\"width: 360px\" class=\"wp-caption alignleft\"><a href=\"https:\/\/barrsell.com\/wp-content\/uploads\/2022\/12\/hygromatik-heatercompact-KIT.jpg\"><img fetchpriority=\"high\" decoding=\"async\" aria-describedby=\"caption-attachment-11204\" class=\"wp-image-11204\" src=\"https:\/\/barrsell.com\/wp-content\/uploads\/2022\/12\/hygromatik-heatercompact-KIT.jpg\" alt=\"\" width=\"350\" height=\"490\" srcset=\"https:\/\/barrsell.com\/wp-content\/uploads\/2022\/12\/hygromatik-heatercompact-KIT.jpg 500w, https:\/\/barrsell.com\/wp-content\/uploads\/2022\/12\/hygromatik-heatercompact-KIT-214x300.jpg 214w, https:\/\/barrsell.com\/wp-content\/uploads\/2022\/12\/hygromatik-heatercompact-KIT-9x12.jpg 9w, https:\/\/barrsell.com\/wp-content\/uploads\/2022\/12\/hygromatik-heatercompact-KIT-150x210.jpg 150w\" sizes=\"(max-width: 350px) 100vw, 350px\" \/><\/a><p id=\"caption-attachment-11204\" class=\"wp-caption-text\">hygromatik-heatercompact KIT<\/p><\/div>\n<p>This advanced humidifier allows users to adjust humidity levels down to the finest detail, offering manual, automatic or remote control options. This makes it safe to use in environments where humidity control is critical, such as cleanrooms, data centers and laboratories.<\/p>\n<h4>Easy Maintenance, Long Life<\/h4>\n<p>Ease of maintenance ensures a long service life. First of all, the easily removable tank and components allow for quick and effortless maintenance. With regular maintenance, the performance of the system always remains at the highest level. This ultimately means cost savings in the long term.<\/p>\n<h4>Economic Solution with Energy Efficiency<\/h4>\n<p class=\" translation-block\">Energy efficiency is one of the highlights of the <em><a href=\"\/\/wdteknoloji.com\/kategori\/hygromatik-nemlendirici-urunler\/\u201d\" target=\"\u201c_self\u201d\">Hygromatik<\/a> HeaterCompact KIT<\/em>. Especially high performance with low energy consumption. It stands out as both an environmentally friendly and budget-friendly solution.<\/p>\n<h4>Geni\u015f Uygulama Alanlar\u0131<\/h4>\n<p>HygoMatik HeaterCompact KIT precision humidity control has a wide range of applications in different industries. For example, it can be safely used in HVAC systems, data centers, clean rooms and various industrial processes. So in any environment where humidity control is required, this compact and powerful humidifier is the solution.<\/p>","protected":false},"excerpt":{"rendered":"<p>Model : 02 \u2013 27<\/p>","protected":false},"featured_media":11201,"template":"","meta":[],"product_cat":[113,125,127],"product_tag":[246,243,241],"class_list":{"0":"post-977","1":"product","2":"type-product","3":"status-publish","4":"has-post-thumbnail","6":"product_cat-buhar-jeneratorleri-nemlendiriciler","7":"product_cat-hygromatik-buharli-nemlendirici","8":"product_cat-hygromatik-isitici-elementli-sistemler","9":"product_tag-buhar-jeneratoru","10":"product_tag-buharlinemlendirici","11":"product_tag-hygromatik","13":"first","14":"instock","15":"featured","16":"shipping-taxable","17":"purchasable","18":"product-type-variable"},"yoast_head":"<!-- This site is optimized with the Yoast SEO Premium plugin v23.2 (Yoast SEO v23.2) - https:\/\/yoast.com\/wordpress\/plugins\/seo\/ -->\n<title>HygroMatik HeaterCompact KIT | Barrsell End\u00fcstri<\/title>\n<meta name=\"description\" content=\"HygroMatik HeaterCompact KIT i\u00e7 mekan iklim kontrol\u00fcnde kalite ve g\u00fcvenilirlik arayanlar i\u00e7in geli\u015ftirildi. Yenilik\u00e7i ve enerji tasarruflu.\" \/>\n<meta name=\"robots\" content=\"index, follow, max-snippet:-1, max-image-preview:large, max-video-preview:-1\" \/>\n<link rel=\"canonical\" href=\"https:\/\/barrsell.com\/en\/product\/hygromatik-heatercompact-kit\/\" \/>\n<meta property=\"og:locale\" content=\"en_US\" \/>\n<meta property=\"og:type\" content=\"article\" \/>\n<meta property=\"og:title\" content=\"HygroMatik HeaterCompact KIT\" \/>\n<meta property=\"og:description\" content=\"HygroMatik HeaterCompact KIT i\u00e7 mekan iklim kontrol\u00fcnde kalite ve g\u00fcvenilirlik arayanlar i\u00e7in geli\u015ftirildi. Yenilik\u00e7i ve enerji tasarruflu.\" \/>\n<meta property=\"og:url\" content=\"https:\/\/barrsell.com\/en\/product\/hygromatik-heatercompact-kit\/\" \/>\n<meta property=\"og:site_name\" content=\"Barrsell\" \/>\n<meta property=\"article:modified_time\" content=\"2025-01-09T10:40:32+00:00\" \/>\n<meta property=\"og:image\" content=\"https:\/\/barrsell.com\/wp-content\/uploads\/2022\/12\/hygromatik-heatercompact-KIT.png\" \/>\n\t<meta property=\"og:image:width\" content=\"1200\" \/>\n\t<meta property=\"og:image:height\" content=\"1200\" \/>\n\t<meta property=\"og:image:type\" content=\"image\/png\" \/>\n<meta name=\"twitter:card\" content=\"summary_large_image\" \/>\n<meta name=\"twitter:label1\" content=\"Est. reading time\" \/>\n\t<meta name=\"twitter:data1\" content=\"3 minutes\" \/>\n<script type=\"application\/ld+json\" class=\"yoast-schema-graph\">{\"@context\":\"https:\/\/schema.org\",\"@graph\":[{\"@type\":\"WebPage\",\"@id\":\"https:\/\/barrsell.com\/urun\/hygromatik-heatercompact-kit\/\",\"url\":\"https:\/\/barrsell.com\/urun\/hygromatik-heatercompact-kit\/\",\"name\":\"HygroMatik HeaterCompact KIT | Barrsell End\u00fcstri\",\"isPartOf\":{\"@id\":\"https:\/\/barrsell.com\/#website\"},\"primaryImageOfPage\":{\"@id\":\"https:\/\/barrsell.com\/urun\/hygromatik-heatercompact-kit\/#primaryimage\"},\"image\":{\"@id\":\"https:\/\/barrsell.com\/urun\/hygromatik-heatercompact-kit\/#primaryimage\"},\"thumbnailUrl\":\"https:\/\/barrsell.com\/wp-content\/uploads\/2022\/12\/hygromatik-heatercompact-KIT.png\",\"datePublished\":\"2022-12-07T13:38:04+00:00\",\"dateModified\":\"2025-01-09T10:40:32+00:00\",\"description\":\"HygroMatik HeaterCompact KIT i\u00e7 mekan iklim kontrol\u00fcnde kalite ve g\u00fcvenilirlik arayanlar i\u00e7in geli\u015ftirildi. Yenilik\u00e7i ve enerji tasarruflu.\",\"breadcrumb\":{\"@id\":\"https:\/\/barrsell.com\/urun\/hygromatik-heatercompact-kit\/#breadcrumb\"},\"inLanguage\":\"en-US\",\"potentialAction\":[{\"@type\":\"ReadAction\",\"target\":[\"https:\/\/barrsell.com\/urun\/hygromatik-heatercompact-kit\/\"]}]},{\"@type\":\"ImageObject\",\"inLanguage\":\"en-US\",\"@id\":\"https:\/\/barrsell.com\/urun\/hygromatik-heatercompact-kit\/#primaryimage\",\"url\":\"https:\/\/barrsell.com\/wp-content\/uploads\/2022\/12\/hygromatik-heatercompact-KIT.png\",\"contentUrl\":\"https:\/\/barrsell.com\/wp-content\/uploads\/2022\/12\/hygromatik-heatercompact-KIT.png\",\"width\":1200,\"height\":1200,\"caption\":\"hygromatik-heatercompact KIT\"},{\"@type\":\"BreadcrumbList\",\"@id\":\"https:\/\/barrsell.com\/urun\/hygromatik-heatercompact-kit\/#breadcrumb\",\"itemListElement\":[{\"@type\":\"ListItem\",\"position\":1,\"name\":\"Home\",\"item\":\"https:\/\/barrsell.com\/\"},{\"@type\":\"ListItem\",\"position\":2,\"name\":\"\u00dcr\u00fcnler\",\"item\":\"https:\/\/barrsell.com\/en\/products\/\"},{\"@type\":\"ListItem\",\"position\":3,\"name\":\"HygroMatik HeaterCompact KIT\"}]},{\"@type\":\"WebSite\",\"@id\":\"https:\/\/barrsell.com\/#website\",\"url\":\"https:\/\/barrsell.com\/\",\"name\":\"Barrsell End\u00fcstri Makine\",\"description\":\"Teknolojiyle G\u00fc\u00e7lenen End\u00fcstriyel \u00c7\u00f6z\u00fcmler!\",\"potentialAction\":[{\"@type\":\"SearchAction\",\"target\":{\"@type\":\"EntryPoint\",\"urlTemplate\":\"https:\/\/barrsell.com\/?s={search_term_string}\"},\"query-input\":\"required name=search_term_string\"}],\"inLanguage\":\"en-US\"}]}<\/script>\n<!-- \/ Yoast SEO Premium plugin. -->","yoast_head_json":{"title":"HygroMatik HeaterCompact KIT | Barrsell End\u00fcstri","description":"HygroMatik HeaterCompact KIT i\u00e7 mekan iklim kontrol\u00fcnde kalite ve g\u00fcvenilirlik arayanlar i\u00e7in geli\u015ftirildi. Yenilik\u00e7i ve enerji tasarruflu.","robots":{"index":"index","follow":"follow","max-snippet":"max-snippet:-1","max-image-preview":"max-image-preview:large","max-video-preview":"max-video-preview:-1"},"canonical":"https:\/\/barrsell.com\/en\/product\/hygromatik-heatercompact-kit\/","og_locale":"en_US","og_type":"article","og_title":"HygroMatik HeaterCompact KIT","og_description":"HygroMatik HeaterCompact KIT i\u00e7 mekan iklim kontrol\u00fcnde kalite ve g\u00fcvenilirlik arayanlar i\u00e7in geli\u015ftirildi. Yenilik\u00e7i ve enerji tasarruflu.","og_url":"https:\/\/barrsell.com\/en\/product\/hygromatik-heatercompact-kit\/","og_site_name":"Barrsell","article_modified_time":"2025-01-09T10:40:32+00:00","og_image":[{"width":1200,"height":1200,"url":"https:\/\/barrsell.com\/wp-content\/uploads\/2022\/12\/hygromatik-heatercompact-KIT.png","type":"image\/png"}],"twitter_card":"summary_large_image","twitter_misc":{"Est. reading time":"3 minutes"},"schema":{"@context":"https:\/\/schema.org","@graph":[{"@type":"WebPage","@id":"https:\/\/barrsell.com\/urun\/hygromatik-heatercompact-kit\/","url":"https:\/\/barrsell.com\/urun\/hygromatik-heatercompact-kit\/","name":"HygroMatik HeaterCompact KIT | Barrsell End\u00fcstri","isPartOf":{"@id":"https:\/\/barrsell.com\/#website"},"primaryImageOfPage":{"@id":"https:\/\/barrsell.com\/urun\/hygromatik-heatercompact-kit\/#primaryimage"},"image":{"@id":"https:\/\/barrsell.com\/urun\/hygromatik-heatercompact-kit\/#primaryimage"},"thumbnailUrl":"https:\/\/barrsell.com\/wp-content\/uploads\/2022\/12\/hygromatik-heatercompact-KIT.png","datePublished":"2022-12-07T13:38:04+00:00","dateModified":"2025-01-09T10:40:32+00:00","description":"HygroMatik HeaterCompact KIT i\u00e7 mekan iklim kontrol\u00fcnde kalite ve g\u00fcvenilirlik arayanlar i\u00e7in geli\u015ftirildi. Yenilik\u00e7i ve enerji tasarruflu.","breadcrumb":{"@id":"https:\/\/barrsell.com\/urun\/hygromatik-heatercompact-kit\/#breadcrumb"},"inLanguage":"en-US","potentialAction":[{"@type":"ReadAction","target":["https:\/\/barrsell.com\/urun\/hygromatik-heatercompact-kit\/"]}]},{"@type":"ImageObject","inLanguage":"en-US","@id":"https:\/\/barrsell.com\/urun\/hygromatik-heatercompact-kit\/#primaryimage","url":"https:\/\/barrsell.com\/wp-content\/uploads\/2022\/12\/hygromatik-heatercompact-KIT.png","contentUrl":"https:\/\/barrsell.com\/wp-content\/uploads\/2022\/12\/hygromatik-heatercompact-KIT.png","width":1200,"height":1200,"caption":"hygromatik-heatercompact KIT"},{"@type":"BreadcrumbList","@id":"https:\/\/barrsell.com\/urun\/hygromatik-heatercompact-kit\/#breadcrumb","itemListElement":[{"@type":"ListItem","position":1,"name":"Home","item":"https:\/\/barrsell.com\/"},{"@type":"ListItem","position":2,"name":"\u00dcr\u00fcnler","item":"https:\/\/barrsell.com\/en\/products\/"},{"@type":"ListItem","position":3,"name":"HygroMatik HeaterCompact KIT"}]},{"@type":"WebSite","@id":"https:\/\/barrsell.com\/#website","url":"https:\/\/barrsell.com\/","name":"Barrsell End\u00fcstri Makine","description":"Teknolojiyle G\u00fc\u00e7lenen End\u00fcstriyel \u00c7\u00f6z\u00fcmler!","potentialAction":[{"@type":"SearchAction","target":{"@type":"EntryPoint","urlTemplate":"https:\/\/barrsell.com\/?s={search_term_string}"},"query-input":"required name=search_term_string"}],"inLanguage":"en-US"}]}},"_links":{"self":[{"href":"https:\/\/barrsell.com\/en\/wp-json\/wp\/v2\/product\/977","targetHints":{"allow":["GET"]}}],"collection":[{"href":"https:\/\/barrsell.com\/en\/wp-json\/wp\/v2\/product"}],"about":[{"href":"https:\/\/barrsell.com\/en\/wp-json\/wp\/v2\/types\/product"}],"version-history":[{"count":22,"href":"https:\/\/barrsell.com\/en\/wp-json\/wp\/v2\/product\/977\/revisions"}],"predecessor-version":[{"id":11200,"href":"https:\/\/barrsell.com\/en\/wp-json\/wp\/v2\/product\/977\/revisions\/11200"}],"wp:featuredmedia":[{"embeddable":true,"href":"https:\/\/barrsell.com\/en\/wp-json\/wp\/v2\/media\/11201"}],"wp:attachment":[{"href":"https:\/\/barrsell.com\/en\/wp-json\/wp\/v2\/media?parent=977"}],"wp:term":[{"taxonomy":"product_cat","embeddable":true,"href":"https:\/\/barrsell.com\/en\/wp-json\/wp\/v2\/product_cat?post=977"},{"taxonomy":"product_tag","embeddable":true,"href":"https:\/\/barrsell.com\/en\/wp-json\/wp\/v2\/product_tag?post=977"}],"curies":[{"name":"wp","href":"https:\/\/api.w.org\/{rel}","templated":true}]}}