{"id":955,"date":"2022-12-07T13:19:06","date_gmt":"2022-12-07T13:19:06","guid":{"rendered":"http:\/\/dummy.xtemos.com\/woodmart2\/mega-electronics-elementor\/?post_type=product&#038;p=955"},"modified":"2025-01-09T10:47:51","modified_gmt":"2025-01-09T10:47:51","slug":"hygromatik-dds-sistemi","status":"publish","type":"product","link":"https:\/\/barrsell.com\/en\/product\/hygromatik-dds-system\/","title":{"rendered":"HygroMatik DDS System"},"content":{"rendered":"<div class=\"flex max-w-full flex-col flex-grow\">\n<div class=\"min-h-[20px] text-message flex w-full flex-col items-end gap-2 whitespace-pre-wrap break-words [.text-message+&amp;]:mt-5 overflow-x-auto\" dir=\"auto\" data-message-author-role=\"assistant\" data-message-id=\"ad8bb3bf-177e-4ec0-a4fa-4196874a112c\">\n<div class=\"flex w-full flex-col gap-1 empty:hidden first:pt-[3px]\">\n<div class=\"markdown prose w-full break-words dark:prose-invert light\">\n<h3>HygroMatik DDS System: DDS 20 - 40<\/h3>\n<p>HygroMatik DDS System is an advanced system that offers innovative solutions in steam humidification technology. With its powerful performance, precise humidity control and durability, the DDS series is an ideal choice for a variety of industrial and commercial applications.<\/p>\n<h4>Precision Steam Humidification<\/h4>\n<p class=\" translation-block\">In particular, the sophisticated control system ensures optimum climatic conditions by precisely adjusting ambient humidity levels. It is the perfect solution for sensitive environments such as clean rooms, laboratories and data centers.<\/p>\n<p><a href=\"https:\/\/barrsell.com\/wp-content\/uploads\/2022\/12\/HygroMatik-DDS-Sistemi-barrsell.jpg\"><img fetchpriority=\"high\" decoding=\"async\" class=\"alignnone wp-image-15412 size-large\" src=\"https:\/\/barrsell.com\/wp-content\/uploads\/2022\/12\/HygroMatik-DDS-Sistemi-barrsell-1024x576.jpg\" alt=\"\" width=\"1024\" height=\"576\" srcset=\"https:\/\/barrsell.com\/wp-content\/uploads\/2022\/12\/HygroMatik-DDS-Sistemi-barrsell-1024x576.jpg 1024w, https:\/\/barrsell.com\/wp-content\/uploads\/2022\/12\/HygroMatik-DDS-Sistemi-barrsell-300x169.jpg 300w, https:\/\/barrsell.com\/wp-content\/uploads\/2022\/12\/HygroMatik-DDS-Sistemi-barrsell-768x432.jpg 768w, https:\/\/barrsell.com\/wp-content\/uploads\/2022\/12\/HygroMatik-DDS-Sistemi-barrsell-1536x864.jpg 1536w, https:\/\/barrsell.com\/wp-content\/uploads\/2022\/12\/HygroMatik-DDS-Sistemi-barrsell-18x10.jpg 18w, https:\/\/barrsell.com\/wp-content\/uploads\/2022\/12\/HygroMatik-DDS-Sistemi-barrsell-1200x675.jpg 1200w, https:\/\/barrsell.com\/wp-content\/uploads\/2022\/12\/HygroMatik-DDS-Sistemi-barrsell-150x84.jpg 150w, https:\/\/barrsell.com\/wp-content\/uploads\/2022\/12\/HygroMatik-DDS-Sistemi-barrsell.jpg 1600w\" sizes=\"(max-width: 1024px) 100vw, 1024px\" \/><\/a><\/p>\n<h4>The Perfect Balance of Power and Efficiency<\/h4>\n<p>The DDS series effectively humidifies large areas with its high steam production capacity. It is also designed with energy efficiency in mind. It offers an environmentally friendly solution while keeping operating costs low.<\/p>\n<h4>Durability and Longevity<\/h4>\n<p>HygroMatik DDS is built with durable materials and superior engineering. This ensures long-lasting performance even in harsh conditions. Easy to maintain, the system provides maximum efficiency with minimum downtime.<\/p>\n<h4>Flexible Application Areas<\/h4>\n<p>It has a wide range of uses in different sectors. From industrial production facilities to large office buildings, from healthcare facilities to educational institutions. As a result, it is designed to provide ideal humidity levels wherever they are needed.<\/p>\n<\/div>\n<\/div>\n<\/div>\n<\/div>","protected":false},"excerpt":{"rendered":"<h4>DDS 20 \u2013 40<\/h4>","protected":false},"featured_media":14483,"template":"","meta":[],"product_cat":[113,125,129],"product_tag":[246,243,241],"class_list":{"0":"post-955","1":"product","2":"type-product","3":"status-publish","4":"has-post-thumbnail","6":"product_cat-buhar-jeneratorleri-nemlendiriciler","7":"product_cat-hygromatik-buharli-nemlendirici","8":"product_cat-hygromatik-basincli-buharli-nemlendirme-sistemi","9":"product_tag-buhar-jeneratoru","10":"product_tag-buharlinemlendirici","11":"product_tag-hygromatik","13":"first","14":"instock","15":"shipping-taxable","16":"purchasable","17":"product-type-variable"},"yoast_head":"<!-- This site is optimized with the Yoast SEO Premium plugin v23.2 (Yoast SEO v23.2) - https:\/\/yoast.com\/wordpress\/plugins\/seo\/ -->\n<title>HygroMatik DDS Sistemi | Barrsell End\u00fcstri<\/title>\n<meta name=\"description\" content=\"HygroMatik DDS Sistemi , buhar nemlendirme teknolojisinde yenilik\u00e7i \u00e7\u00f6z\u00fcmler sunan geli\u015fmi\u015f bir sistemdir. G\u00fc\u00e7l\u00fc performans\u0131 hassas nem kontrol\u00fc.\" \/>\n<meta name=\"robots\" content=\"index, follow, max-snippet:-1, max-image-preview:large, max-video-preview:-1\" \/>\n<link rel=\"canonical\" href=\"https:\/\/barrsell.com\/en\/product\/hygromatik-dds-system\/\" \/>\n<meta property=\"og:locale\" content=\"en_US\" \/>\n<meta property=\"og:type\" content=\"article\" \/>\n<meta property=\"og:title\" content=\"HygroMatik DDS Sistemi\" \/>\n<meta property=\"og:description\" content=\"HygroMatik DDS Sistemi , buhar nemlendirme teknolojisinde yenilik\u00e7i \u00e7\u00f6z\u00fcmler sunan geli\u015fmi\u015f bir sistemdir. G\u00fc\u00e7l\u00fc performans\u0131 hassas nem kontrol\u00fc.\" \/>\n<meta property=\"og:url\" content=\"https:\/\/barrsell.com\/en\/product\/hygromatik-dds-system\/\" \/>\n<meta property=\"og:site_name\" content=\"Barrsell\" \/>\n<meta property=\"article:modified_time\" content=\"2025-01-09T10:47:51+00:00\" \/>\n<meta property=\"og:image\" content=\"https:\/\/barrsell.com\/wp-content\/uploads\/2022\/12\/HygroMatik-DDS-Sistemi.jpg\" \/>\n\t<meta property=\"og:image:width\" content=\"1000\" \/>\n\t<meta property=\"og:image:height\" content=\"1000\" \/>\n\t<meta property=\"og:image:type\" content=\"image\/jpeg\" \/>\n<meta name=\"twitter:card\" content=\"summary_large_image\" \/>\n<meta name=\"twitter:label1\" content=\"Est. reading time\" \/>\n\t<meta name=\"twitter:data1\" content=\"2 minutes\" \/>\n<script type=\"application\/ld+json\" class=\"yoast-schema-graph\">{\"@context\":\"https:\/\/schema.org\",\"@graph\":[{\"@type\":\"WebPage\",\"@id\":\"https:\/\/barrsell.com\/urun\/hygromatik-dds-sistemi\/\",\"url\":\"https:\/\/barrsell.com\/urun\/hygromatik-dds-sistemi\/\",\"name\":\"HygroMatik DDS Sistemi | Barrsell End\u00fcstri\",\"isPartOf\":{\"@id\":\"https:\/\/barrsell.com\/#website\"},\"primaryImageOfPage\":{\"@id\":\"https:\/\/barrsell.com\/urun\/hygromatik-dds-sistemi\/#primaryimage\"},\"image\":{\"@id\":\"https:\/\/barrsell.com\/urun\/hygromatik-dds-sistemi\/#primaryimage\"},\"thumbnailUrl\":\"https:\/\/barrsell.com\/wp-content\/uploads\/2022\/12\/HygroMatik-DDS-Sistemi.jpg\",\"datePublished\":\"2022-12-07T13:19:06+00:00\",\"dateModified\":\"2025-01-09T10:47:51+00:00\",\"description\":\"HygroMatik DDS Sistemi , buhar nemlendirme teknolojisinde yenilik\u00e7i \u00e7\u00f6z\u00fcmler sunan geli\u015fmi\u015f bir sistemdir. G\u00fc\u00e7l\u00fc performans\u0131 hassas nem kontrol\u00fc.\",\"breadcrumb\":{\"@id\":\"https:\/\/barrsell.com\/urun\/hygromatik-dds-sistemi\/#breadcrumb\"},\"inLanguage\":\"en-US\",\"potentialAction\":[{\"@type\":\"ReadAction\",\"target\":[\"https:\/\/barrsell.com\/urun\/hygromatik-dds-sistemi\/\"]}]},{\"@type\":\"ImageObject\",\"inLanguage\":\"en-US\",\"@id\":\"https:\/\/barrsell.com\/urun\/hygromatik-dds-sistemi\/#primaryimage\",\"url\":\"https:\/\/barrsell.com\/wp-content\/uploads\/2022\/12\/HygroMatik-DDS-Sistemi.jpg\",\"contentUrl\":\"https:\/\/barrsell.com\/wp-content\/uploads\/2022\/12\/HygroMatik-DDS-Sistemi.jpg\",\"width\":1000,\"height\":1000,\"caption\":\"HygroMatik DDS Sistemi\"},{\"@type\":\"BreadcrumbList\",\"@id\":\"https:\/\/barrsell.com\/urun\/hygromatik-dds-sistemi\/#breadcrumb\",\"itemListElement\":[{\"@type\":\"ListItem\",\"position\":1,\"name\":\"Home\",\"item\":\"https:\/\/barrsell.com\/\"},{\"@type\":\"ListItem\",\"position\":2,\"name\":\"\u00dcr\u00fcnler\",\"item\":\"https:\/\/barrsell.com\/en\/products\/\"},{\"@type\":\"ListItem\",\"position\":3,\"name\":\"HygroMatik DDS Sistemi\"}]},{\"@type\":\"WebSite\",\"@id\":\"https:\/\/barrsell.com\/#website\",\"url\":\"https:\/\/barrsell.com\/\",\"name\":\"Barrsell End\u00fcstri Makine\",\"description\":\"Teknolojiyle G\u00fc\u00e7lenen End\u00fcstriyel \u00c7\u00f6z\u00fcmler!\",\"potentialAction\":[{\"@type\":\"SearchAction\",\"target\":{\"@type\":\"EntryPoint\",\"urlTemplate\":\"https:\/\/barrsell.com\/?s={search_term_string}\"},\"query-input\":\"required name=search_term_string\"}],\"inLanguage\":\"en-US\"}]}<\/script>\n<!-- \/ Yoast SEO Premium plugin. -->","yoast_head_json":{"title":"HygroMatik DDS Sistemi | Barrsell End\u00fcstri","description":"HygroMatik DDS Sistemi , buhar nemlendirme teknolojisinde yenilik\u00e7i \u00e7\u00f6z\u00fcmler sunan geli\u015fmi\u015f bir sistemdir. G\u00fc\u00e7l\u00fc performans\u0131 hassas nem kontrol\u00fc.","robots":{"index":"index","follow":"follow","max-snippet":"max-snippet:-1","max-image-preview":"max-image-preview:large","max-video-preview":"max-video-preview:-1"},"canonical":"https:\/\/barrsell.com\/en\/product\/hygromatik-dds-system\/","og_locale":"en_US","og_type":"article","og_title":"HygroMatik DDS Sistemi","og_description":"HygroMatik DDS Sistemi , buhar nemlendirme teknolojisinde yenilik\u00e7i \u00e7\u00f6z\u00fcmler sunan geli\u015fmi\u015f bir sistemdir. G\u00fc\u00e7l\u00fc performans\u0131 hassas nem kontrol\u00fc.","og_url":"https:\/\/barrsell.com\/en\/product\/hygromatik-dds-system\/","og_site_name":"Barrsell","article_modified_time":"2025-01-09T10:47:51+00:00","og_image":[{"width":1000,"height":1000,"url":"https:\/\/barrsell.com\/wp-content\/uploads\/2022\/12\/HygroMatik-DDS-Sistemi.jpg","type":"image\/jpeg"}],"twitter_card":"summary_large_image","twitter_misc":{"Est. reading time":"2 minutes"},"schema":{"@context":"https:\/\/schema.org","@graph":[{"@type":"WebPage","@id":"https:\/\/barrsell.com\/urun\/hygromatik-dds-sistemi\/","url":"https:\/\/barrsell.com\/urun\/hygromatik-dds-sistemi\/","name":"HygroMatik DDS Sistemi | Barrsell End\u00fcstri","isPartOf":{"@id":"https:\/\/barrsell.com\/#website"},"primaryImageOfPage":{"@id":"https:\/\/barrsell.com\/urun\/hygromatik-dds-sistemi\/#primaryimage"},"image":{"@id":"https:\/\/barrsell.com\/urun\/hygromatik-dds-sistemi\/#primaryimage"},"thumbnailUrl":"https:\/\/barrsell.com\/wp-content\/uploads\/2022\/12\/HygroMatik-DDS-Sistemi.jpg","datePublished":"2022-12-07T13:19:06+00:00","dateModified":"2025-01-09T10:47:51+00:00","description":"HygroMatik DDS Sistemi , buhar nemlendirme teknolojisinde yenilik\u00e7i \u00e7\u00f6z\u00fcmler sunan geli\u015fmi\u015f bir sistemdir. G\u00fc\u00e7l\u00fc performans\u0131 hassas nem kontrol\u00fc.","breadcrumb":{"@id":"https:\/\/barrsell.com\/urun\/hygromatik-dds-sistemi\/#breadcrumb"},"inLanguage":"en-US","potentialAction":[{"@type":"ReadAction","target":["https:\/\/barrsell.com\/urun\/hygromatik-dds-sistemi\/"]}]},{"@type":"ImageObject","inLanguage":"en-US","@id":"https:\/\/barrsell.com\/urun\/hygromatik-dds-sistemi\/#primaryimage","url":"https:\/\/barrsell.com\/wp-content\/uploads\/2022\/12\/HygroMatik-DDS-Sistemi.jpg","contentUrl":"https:\/\/barrsell.com\/wp-content\/uploads\/2022\/12\/HygroMatik-DDS-Sistemi.jpg","width":1000,"height":1000,"caption":"HygroMatik DDS Sistemi"},{"@type":"BreadcrumbList","@id":"https:\/\/barrsell.com\/urun\/hygromatik-dds-sistemi\/#breadcrumb","itemListElement":[{"@type":"ListItem","position":1,"name":"Home","item":"https:\/\/barrsell.com\/"},{"@type":"ListItem","position":2,"name":"\u00dcr\u00fcnler","item":"https:\/\/barrsell.com\/en\/products\/"},{"@type":"ListItem","position":3,"name":"HygroMatik DDS Sistemi"}]},{"@type":"WebSite","@id":"https:\/\/barrsell.com\/#website","url":"https:\/\/barrsell.com\/","name":"Barrsell End\u00fcstri Makine","description":"Teknolojiyle G\u00fc\u00e7lenen End\u00fcstriyel \u00c7\u00f6z\u00fcmler!","potentialAction":[{"@type":"SearchAction","target":{"@type":"EntryPoint","urlTemplate":"https:\/\/barrsell.com\/?s={search_term_string}"},"query-input":"required name=search_term_string"}],"inLanguage":"en-US"}]}},"_links":{"self":[{"href":"https:\/\/barrsell.com\/en\/wp-json\/wp\/v2\/product\/955","targetHints":{"allow":["GET"]}}],"collection":[{"href":"https:\/\/barrsell.com\/en\/wp-json\/wp\/v2\/product"}],"about":[{"href":"https:\/\/barrsell.com\/en\/wp-json\/wp\/v2\/types\/product"}],"version-history":[{"count":8,"href":"https:\/\/barrsell.com\/en\/wp-json\/wp\/v2\/product\/955\/revisions"}],"predecessor-version":[{"id":20109,"href":"https:\/\/barrsell.com\/en\/wp-json\/wp\/v2\/product\/955\/revisions\/20109"}],"wp:featuredmedia":[{"embeddable":true,"href":"https:\/\/barrsell.com\/en\/wp-json\/wp\/v2\/media\/14483"}],"wp:attachment":[{"href":"https:\/\/barrsell.com\/en\/wp-json\/wp\/v2\/media?parent=955"}],"wp:term":[{"taxonomy":"product_cat","embeddable":true,"href":"https:\/\/barrsell.com\/en\/wp-json\/wp\/v2\/product_cat?post=955"},{"taxonomy":"product_tag","embeddable":true,"href":"https:\/\/barrsell.com\/en\/wp-json\/wp\/v2\/product_tag?post=955"}],"curies":[{"name":"wp","href":"https:\/\/api.w.org\/{rel}","templated":true}]}}