{"id":949,"date":"2022-12-07T13:14:15","date_gmt":"2022-12-07T13:14:15","guid":{"rendered":"http:\/\/dummy.xtemos.com\/woodmart2\/mega-electronics-elementor\/?post_type=product&#038;p=949"},"modified":"2024-09-20T04:16:42","modified_gmt":"2024-09-20T04:16:42","slug":"hygromatik-sih-20","status":"publish","type":"product","link":"https:\/\/barrsell.com\/en\/product\/hygromatik-sih-20\/","title":{"rendered":"HygroMatik S\u0131h 20"},"content":{"rendered":"<h2>HygroMatik SIH 20: The Advanced Steam Humidification Solution<\/h2>\n<p>HygroMatik SIH 20 stands out as a pioneering product in the field of steam humidification. With its high performance, durability and user-friendly features, SIH 20 offers a reliable humidification alternative in various commercial and industrial applications.<\/p>\n<div id=\"attachment_14479\" style=\"width: 951px\" class=\"wp-caption alignnone\"><a href=\"https:\/\/barrsell.com\/wp-content\/uploads\/2022\/12\/SIH-20-nemlendirici.png\"><img fetchpriority=\"high\" decoding=\"async\" aria-describedby=\"caption-attachment-14479\" class=\"wp-image-14479 size-full\" src=\"https:\/\/barrsell.com\/wp-content\/uploads\/2022\/12\/SIH-20-nemlendirici.png\" alt=\"SIH 20 moisturizer\" width=\"941\" height=\"506\" srcset=\"https:\/\/barrsell.com\/wp-content\/uploads\/2022\/12\/SIH-20-nemlendirici.png 941w, https:\/\/barrsell.com\/wp-content\/uploads\/2022\/12\/SIH-20-nemlendirici-300x161.png 300w, https:\/\/barrsell.com\/wp-content\/uploads\/2022\/12\/SIH-20-nemlendirici-768x413.png 768w, https:\/\/barrsell.com\/wp-content\/uploads\/2022\/12\/SIH-20-nemlendirici-18x10.png 18w, https:\/\/barrsell.com\/wp-content\/uploads\/2022\/12\/SIH-20-nemlendirici-150x81.png 150w\" sizes=\"(max-width: 941px) 100vw, 941px\" \/><\/a><p id=\"caption-attachment-14479\" class=\"wp-caption-text\">SIH 20 moisturizer<\/p><\/div>\n<h4>High Steam Production Capacity<\/h4>\n<p>HygroMatik SIH 20 effectively humidifies large areas with its powerful steam production capacity. The system reaches the required humidity levels in a short time, especially with its fast steam production. This feature offers significant advantages in large-scale projects and areas with intensive humidification requirements.<\/p>\n<h4>HygroMatik SIH series Energy Efficiency and Cost Savings<\/h4>\n<p>SIH 20 is a product with superior performance in terms of energy efficiency. It also contributes to lower operating costs by offering high efficiency with low energy consumption. As a result, it offers a sustainable solution to both businesses and the environment with its environmentally friendly design.<\/p>\n<p><a href=\"https:\/\/barrsell.com\/wp-content\/uploads\/2022\/12\/HygroMatik-Sih-40-3.png\"><img decoding=\"async\" class=\"alignnone wp-image-14475 size-full\" src=\"https:\/\/barrsell.com\/wp-content\/uploads\/2022\/12\/HygroMatik-Sih-40-3.png\" alt=\"\" width=\"954\" height=\"561\" srcset=\"https:\/\/barrsell.com\/wp-content\/uploads\/2022\/12\/HygroMatik-Sih-40-3.png 954w, https:\/\/barrsell.com\/wp-content\/uploads\/2022\/12\/HygroMatik-Sih-40-3-300x176.png 300w, https:\/\/barrsell.com\/wp-content\/uploads\/2022\/12\/HygroMatik-Sih-40-3-768x452.png 768w, https:\/\/barrsell.com\/wp-content\/uploads\/2022\/12\/HygroMatik-Sih-40-3-18x12.png 18w, https:\/\/barrsell.com\/wp-content\/uploads\/2022\/12\/HygroMatik-Sih-40-3-150x88.png 150w\" sizes=\"(max-width: 954px) 100vw, 954px\" \/><\/a><\/p>\n<h4>Highlights of the technical features of the HygroMatik SIH 20 are as follows:<\/h4>\n<ul>\n<li><strong>Capacity:<\/strong> It has a steam production capacity of 2 kg per hour. This is sufficient to ensure ideal humidity levels, especially in medium-sized environments.<\/li>\n<li><strong>Power consumption:<\/strong> This 1.5 kW device is optimized for energy efficiency. It also offers a cost advantage in long-term operation with its low energy consumption.<\/li>\n<\/ul>\n<h4><strong>SIH 20 humidifier energy efficiency\u00a0<\/strong><\/h4>\n<p>It is a steam humidification system that attracts attention with its effective steam production capability, energy saving feature and durability. It meets the requirements of your business in the best way possible, especially with its wide range of applications, user-friendly control mechanism and long service life. SIH 20 is the perfect choice for those looking for quality and reliability in humidification solutions.<\/p>","protected":false},"excerpt":{"rendered":"<p>HygroMatik SIH 20: Geli\u015fmi\u015f Buhar Nemlendirme \u00c7\u00f6z\u00fcm\u00fc HygroMatik SIH 20, buhar nemlendirme alan\u0131nda \u00f6nc\u00fc bir \u00fcr\u00fcn olarak \u00f6ne \u00e7\u0131kmaktad\u0131r. Y\u00fcksek<\/p>","protected":false},"featured_media":11435,"template":"","meta":[],"product_cat":[113,125,129],"product_tag":[246,243,241],"class_list":{"0":"post-949","1":"product","2":"type-product","3":"status-publish","4":"has-post-thumbnail","6":"product_cat-buhar-jeneratorleri-nemlendiriciler","7":"product_cat-hygromatik-buharli-nemlendirici","8":"product_cat-hygromatik-basincli-buharli-nemlendirme-sistemi","9":"product_tag-buhar-jeneratoru","10":"product_tag-buharlinemlendirici","11":"product_tag-hygromatik","13":"first","14":"instock","15":"featured","16":"shipping-taxable","17":"product-type-simple"},"yoast_head":"<!-- This site is optimized with the Yoast SEO Premium plugin v23.2 (Yoast SEO v23.2) - https:\/\/yoast.com\/wordpress\/plugins\/seo\/ -->\n<title>HygroMatik S\u0131h 20 | Barrsel End\u00fcstri<\/title>\n<meta name=\"description\" content=\"HygroMatik SIH 20, buhar nemlendirme alan\u0131nda \u00f6nc\u00fc bir \u00fcr\u00fcn olarak \u00f6ne \u00e7\u0131kmaktad\u0131r. Y\u00fcksek performans\u0131, dayan\u0131kl\u0131l\u0131\u011f\u0131 ve kullan\u0131c\u0131 dostudur.\" \/>\n<meta name=\"robots\" content=\"index, follow, max-snippet:-1, max-image-preview:large, max-video-preview:-1\" \/>\n<link rel=\"canonical\" href=\"https:\/\/barrsell.com\/en\/product\/hygromatik-sih-20\/\" \/>\n<meta property=\"og:locale\" content=\"en_US\" \/>\n<meta property=\"og:type\" content=\"article\" \/>\n<meta property=\"og:title\" content=\"HygroMatik S\u0131h 20\" \/>\n<meta property=\"og:description\" content=\"HygroMatik SIH 20, buhar nemlendirme alan\u0131nda \u00f6nc\u00fc bir \u00fcr\u00fcn olarak \u00f6ne \u00e7\u0131kmaktad\u0131r. Y\u00fcksek performans\u0131, dayan\u0131kl\u0131l\u0131\u011f\u0131 ve kullan\u0131c\u0131 dostudur.\" \/>\n<meta property=\"og:url\" content=\"https:\/\/barrsell.com\/en\/product\/hygromatik-sih-20\/\" \/>\n<meta property=\"og:site_name\" content=\"Barrsell\" \/>\n<meta property=\"article:modified_time\" content=\"2024-09-20T04:16:42+00:00\" \/>\n<meta property=\"og:image\" content=\"https:\/\/barrsell.com\/wp-content\/uploads\/2022\/12\/hygromatik-sih-20-20.png\" \/>\n\t<meta property=\"og:image:width\" content=\"1200\" \/>\n\t<meta property=\"og:image:height\" content=\"1200\" \/>\n\t<meta property=\"og:image:type\" content=\"image\/png\" \/>\n<meta name=\"twitter:card\" content=\"summary_large_image\" \/>\n<meta name=\"twitter:label1\" content=\"Est. reading time\" \/>\n\t<meta name=\"twitter:data1\" content=\"3 minutes\" \/>\n<script type=\"application\/ld+json\" class=\"yoast-schema-graph\">{\"@context\":\"https:\/\/schema.org\",\"@graph\":[{\"@type\":\"WebPage\",\"@id\":\"https:\/\/barrsell.com\/urun\/hygromatik-sih-20\/\",\"url\":\"https:\/\/barrsell.com\/urun\/hygromatik-sih-20\/\",\"name\":\"HygroMatik S\u0131h 20 | Barrsel End\u00fcstri\",\"isPartOf\":{\"@id\":\"https:\/\/barrsell.com\/#website\"},\"primaryImageOfPage\":{\"@id\":\"https:\/\/barrsell.com\/urun\/hygromatik-sih-20\/#primaryimage\"},\"image\":{\"@id\":\"https:\/\/barrsell.com\/urun\/hygromatik-sih-20\/#primaryimage\"},\"thumbnailUrl\":\"https:\/\/barrsell.com\/wp-content\/uploads\/2022\/12\/hygromatik-sih-20-20.png\",\"datePublished\":\"2022-12-07T13:14:15+00:00\",\"dateModified\":\"2024-09-20T04:16:42+00:00\",\"description\":\"HygroMatik SIH 20, buhar nemlendirme alan\u0131nda \u00f6nc\u00fc bir \u00fcr\u00fcn olarak \u00f6ne \u00e7\u0131kmaktad\u0131r. Y\u00fcksek performans\u0131, dayan\u0131kl\u0131l\u0131\u011f\u0131 ve kullan\u0131c\u0131 dostudur.\",\"breadcrumb\":{\"@id\":\"https:\/\/barrsell.com\/urun\/hygromatik-sih-20\/#breadcrumb\"},\"inLanguage\":\"en-US\",\"potentialAction\":[{\"@type\":\"ReadAction\",\"target\":[\"https:\/\/barrsell.com\/urun\/hygromatik-sih-20\/\"]}]},{\"@type\":\"ImageObject\",\"inLanguage\":\"en-US\",\"@id\":\"https:\/\/barrsell.com\/urun\/hygromatik-sih-20\/#primaryimage\",\"url\":\"https:\/\/barrsell.com\/wp-content\/uploads\/2022\/12\/hygromatik-sih-20-20.png\",\"contentUrl\":\"https:\/\/barrsell.com\/wp-content\/uploads\/2022\/12\/hygromatik-sih-20-20.png\",\"width\":1200,\"height\":1200,\"caption\":\"hygromatik-s\u0131h-20-20\"},{\"@type\":\"BreadcrumbList\",\"@id\":\"https:\/\/barrsell.com\/urun\/hygromatik-sih-20\/#breadcrumb\",\"itemListElement\":[{\"@type\":\"ListItem\",\"position\":1,\"name\":\"Home\",\"item\":\"https:\/\/barrsell.com\/\"},{\"@type\":\"ListItem\",\"position\":2,\"name\":\"\u00dcr\u00fcnler\",\"item\":\"https:\/\/barrsell.com\/en\/products\/\"},{\"@type\":\"ListItem\",\"position\":3,\"name\":\"HygroMatik S\u0131h 20\"}]},{\"@type\":\"WebSite\",\"@id\":\"https:\/\/barrsell.com\/#website\",\"url\":\"https:\/\/barrsell.com\/\",\"name\":\"Barrsell End\u00fcstri Makine\",\"description\":\"Teknolojiyle G\u00fc\u00e7lenen End\u00fcstriyel \u00c7\u00f6z\u00fcmler!\",\"potentialAction\":[{\"@type\":\"SearchAction\",\"target\":{\"@type\":\"EntryPoint\",\"urlTemplate\":\"https:\/\/barrsell.com\/?s={search_term_string}\"},\"query-input\":\"required name=search_term_string\"}],\"inLanguage\":\"en-US\"}]}<\/script>\n<!-- \/ Yoast SEO Premium plugin. -->","yoast_head_json":{"title":"HygroMatik S\u0131h 20 | Barrsel End\u00fcstri","description":"HygroMatik SIH 20, buhar nemlendirme alan\u0131nda \u00f6nc\u00fc bir \u00fcr\u00fcn olarak \u00f6ne \u00e7\u0131kmaktad\u0131r. Y\u00fcksek performans\u0131, dayan\u0131kl\u0131l\u0131\u011f\u0131 ve kullan\u0131c\u0131 dostudur.","robots":{"index":"index","follow":"follow","max-snippet":"max-snippet:-1","max-image-preview":"max-image-preview:large","max-video-preview":"max-video-preview:-1"},"canonical":"https:\/\/barrsell.com\/en\/product\/hygromatik-sih-20\/","og_locale":"en_US","og_type":"article","og_title":"HygroMatik S\u0131h 20","og_description":"HygroMatik SIH 20, buhar nemlendirme alan\u0131nda \u00f6nc\u00fc bir \u00fcr\u00fcn olarak \u00f6ne \u00e7\u0131kmaktad\u0131r. Y\u00fcksek performans\u0131, dayan\u0131kl\u0131l\u0131\u011f\u0131 ve kullan\u0131c\u0131 dostudur.","og_url":"https:\/\/barrsell.com\/en\/product\/hygromatik-sih-20\/","og_site_name":"Barrsell","article_modified_time":"2024-09-20T04:16:42+00:00","og_image":[{"width":1200,"height":1200,"url":"https:\/\/barrsell.com\/wp-content\/uploads\/2022\/12\/hygromatik-sih-20-20.png","type":"image\/png"}],"twitter_card":"summary_large_image","twitter_misc":{"Est. reading time":"3 minutes"},"schema":{"@context":"https:\/\/schema.org","@graph":[{"@type":"WebPage","@id":"https:\/\/barrsell.com\/urun\/hygromatik-sih-20\/","url":"https:\/\/barrsell.com\/urun\/hygromatik-sih-20\/","name":"HygroMatik S\u0131h 20 | Barrsel End\u00fcstri","isPartOf":{"@id":"https:\/\/barrsell.com\/#website"},"primaryImageOfPage":{"@id":"https:\/\/barrsell.com\/urun\/hygromatik-sih-20\/#primaryimage"},"image":{"@id":"https:\/\/barrsell.com\/urun\/hygromatik-sih-20\/#primaryimage"},"thumbnailUrl":"https:\/\/barrsell.com\/wp-content\/uploads\/2022\/12\/hygromatik-sih-20-20.png","datePublished":"2022-12-07T13:14:15+00:00","dateModified":"2024-09-20T04:16:42+00:00","description":"HygroMatik SIH 20, buhar nemlendirme alan\u0131nda \u00f6nc\u00fc bir \u00fcr\u00fcn olarak \u00f6ne \u00e7\u0131kmaktad\u0131r. Y\u00fcksek performans\u0131, dayan\u0131kl\u0131l\u0131\u011f\u0131 ve kullan\u0131c\u0131 dostudur.","breadcrumb":{"@id":"https:\/\/barrsell.com\/urun\/hygromatik-sih-20\/#breadcrumb"},"inLanguage":"en-US","potentialAction":[{"@type":"ReadAction","target":["https:\/\/barrsell.com\/urun\/hygromatik-sih-20\/"]}]},{"@type":"ImageObject","inLanguage":"en-US","@id":"https:\/\/barrsell.com\/urun\/hygromatik-sih-20\/#primaryimage","url":"https:\/\/barrsell.com\/wp-content\/uploads\/2022\/12\/hygromatik-sih-20-20.png","contentUrl":"https:\/\/barrsell.com\/wp-content\/uploads\/2022\/12\/hygromatik-sih-20-20.png","width":1200,"height":1200,"caption":"hygromatik-s\u0131h-20-20"},{"@type":"BreadcrumbList","@id":"https:\/\/barrsell.com\/urun\/hygromatik-sih-20\/#breadcrumb","itemListElement":[{"@type":"ListItem","position":1,"name":"Home","item":"https:\/\/barrsell.com\/"},{"@type":"ListItem","position":2,"name":"\u00dcr\u00fcnler","item":"https:\/\/barrsell.com\/en\/products\/"},{"@type":"ListItem","position":3,"name":"HygroMatik S\u0131h 20"}]},{"@type":"WebSite","@id":"https:\/\/barrsell.com\/#website","url":"https:\/\/barrsell.com\/","name":"Barrsell End\u00fcstri Makine","description":"Teknolojiyle G\u00fc\u00e7lenen End\u00fcstriyel \u00c7\u00f6z\u00fcmler!","potentialAction":[{"@type":"SearchAction","target":{"@type":"EntryPoint","urlTemplate":"https:\/\/barrsell.com\/?s={search_term_string}"},"query-input":"required name=search_term_string"}],"inLanguage":"en-US"}]}},"_links":{"self":[{"href":"https:\/\/barrsell.com\/en\/wp-json\/wp\/v2\/product\/949","targetHints":{"allow":["GET"]}}],"collection":[{"href":"https:\/\/barrsell.com\/en\/wp-json\/wp\/v2\/product"}],"about":[{"href":"https:\/\/barrsell.com\/en\/wp-json\/wp\/v2\/types\/product"}],"version-history":[{"count":5,"href":"https:\/\/barrsell.com\/en\/wp-json\/wp\/v2\/product\/949\/revisions"}],"predecessor-version":[{"id":14480,"href":"https:\/\/barrsell.com\/en\/wp-json\/wp\/v2\/product\/949\/revisions\/14480"}],"wp:featuredmedia":[{"embeddable":true,"href":"https:\/\/barrsell.com\/en\/wp-json\/wp\/v2\/media\/11435"}],"wp:attachment":[{"href":"https:\/\/barrsell.com\/en\/wp-json\/wp\/v2\/media?parent=949"}],"wp:term":[{"taxonomy":"product_cat","embeddable":true,"href":"https:\/\/barrsell.com\/en\/wp-json\/wp\/v2\/product_cat?post=949"},{"taxonomy":"product_tag","embeddable":true,"href":"https:\/\/barrsell.com\/en\/wp-json\/wp\/v2\/product_tag?post=949"}],"curies":[{"name":"wp","href":"https:\/\/api.w.org\/{rel}","templated":true}]}}