{"id":939,"date":"2022-12-07T13:06:44","date_gmt":"2022-12-07T13:06:44","guid":{"rendered":"http:\/\/dummy.xtemos.com\/woodmart2\/mega-electronics-elementor\/?post_type=product&#038;p=939"},"modified":"2024-09-20T04:15:53","modified_gmt":"2024-09-20T04:15:53","slug":"hygromatik-sih-40","status":"publish","type":"product","link":"https:\/\/barrsell.com\/en\/product\/hygromatik-sih-40\/","title":{"rendered":"HygroMatik S\u0131h 40"},"content":{"rendered":"<h1>HygroMatik SIH 40: The Ultimate Steam Humidification Solution<\/h1>\n<p>HygroMatik SIH 40 is designed for large-scale projects and high humidification requirements. It is also a steam humidifier with advanced technology. Thanks to its powerful performance, energy efficiency and durability, SIH 40 offers a reliable alternative in commercial and industrial applications.<\/p>\n<h4>HygroMatik S\u0131h 40 areas of use High Steam Production Capacity<\/h4>\n<p>It exhibits a superior performance especially in humidifying large areas. With its high vapor production capacity, it has the ability to quickly and effectively reach the desired humidity levels in large spaces. This makes the SIH 40 an excellent choice for large spaces such as industrial plants, large office buildings and healthcare facilities.<\/p>\n<p>Superior Energy Efficiency The ability to save energy is one of the most important advantages of the SIH 40. The device also reduces operating costs by achieving maximum steam production with minimum energy consumption. As a result, it offers an economical and sustainable humidification solution thanks to its environmentally friendly design.<\/p>\n<p><a href=\"https:\/\/barrsell.com\/wp-content\/uploads\/2022\/12\/HygroMatik-Sih-40-3.png\"><img fetchpriority=\"high\" decoding=\"async\" class=\"alignnone wp-image-14475 size-full\" src=\"https:\/\/barrsell.com\/wp-content\/uploads\/2022\/12\/HygroMatik-Sih-40-3.png\" alt=\"HygroMatik S\u0131h 40-3\" width=\"954\" height=\"561\" srcset=\"https:\/\/barrsell.com\/wp-content\/uploads\/2022\/12\/HygroMatik-Sih-40-3.png 954w, https:\/\/barrsell.com\/wp-content\/uploads\/2022\/12\/HygroMatik-Sih-40-3-300x176.png 300w, https:\/\/barrsell.com\/wp-content\/uploads\/2022\/12\/HygroMatik-Sih-40-3-768x452.png 768w, https:\/\/barrsell.com\/wp-content\/uploads\/2022\/12\/HygroMatik-Sih-40-3-18x12.png 18w, https:\/\/barrsell.com\/wp-content\/uploads\/2022\/12\/HygroMatik-Sih-40-3-150x88.png 150w\" sizes=\"(max-width: 954px) 100vw, 954px\" \/><\/a><\/p>\n<h4><strong>Durability and Reliability<\/strong><\/h4>\n<p>The device is built with robust materials and offers a long-lasting and reliable performance even in harsh conditions. This means that the system continues to operate uninterruptedly with minimal maintenance requirements. For businesses, this means a continuous humidification process and long-term cost savings.<\/p>\n<h4><strong>User Friendly and Flexible Control Options<\/strong><\/h4>\n<p>SIH 40 offers flexible control options that can be customized according to users' needs. It also has a user-friendly interface and manual and automatic control modes. This allows for easy management of the device. This allows for the highest efficiency in different application areas.<\/p>\n<p>&nbsp;<\/p>\n<p>&nbsp;<\/p>\n<p>&nbsp;<\/p>","protected":false},"excerpt":{"rendered":"<p>HygroMatik SIH 40: \u00dcst D\u00fczey Buhar Nemlendirme \u00c7\u00f6z\u00fcm\u00fc HygroMatik SIH 40, geni\u015f \u00f6l\u00e7ekli projeler ve y\u00fcksek nemlendirme ihtiya\u00e7lar\u0131 i\u00e7in tasarlanm\u0131\u015ft\u0131r.<\/p>","protected":false},"featured_media":11438,"template":"","meta":[],"product_cat":[113,125,129],"product_tag":[246,243,241],"class_list":{"0":"post-939","1":"product","2":"type-product","3":"status-publish","4":"has-post-thumbnail","6":"product_cat-buhar-jeneratorleri-nemlendiriciler","7":"product_cat-hygromatik-buharli-nemlendirici","8":"product_cat-hygromatik-basincli-buharli-nemlendirme-sistemi","9":"product_tag-buhar-jeneratoru","10":"product_tag-buharlinemlendirici","11":"product_tag-hygromatik","13":"first","14":"instock","15":"featured","16":"shipping-taxable","17":"product-type-simple"},"yoast_head":"<!-- This site is optimized with the Yoast SEO Premium plugin v23.2 (Yoast SEO v23.2) - https:\/\/yoast.com\/wordpress\/plugins\/seo\/ -->\n<title>HygroMatik S\u0131h 40 | Barrsell End\u00fcstri<\/title>\n<meta name=\"description\" content=\"HygroMatik SIH 40, geni\u015f \u00f6l\u00e7ekli projeler ve y\u00fcksek nemlendirme i\u00e7in tasarlanm\u0131\u015f, geli\u015fmi\u015f teknolojiye sahip buhar nemlendirme cihaz\u0131d\u0131r.\" \/>\n<meta name=\"robots\" content=\"index, follow, max-snippet:-1, max-image-preview:large, max-video-preview:-1\" \/>\n<link rel=\"canonical\" href=\"https:\/\/barrsell.com\/en\/product\/hygromatik-sih-40\/\" \/>\n<meta property=\"og:locale\" content=\"en_US\" \/>\n<meta property=\"og:type\" content=\"article\" \/>\n<meta property=\"og:title\" content=\"HygroMatik S\u0131h 40\" \/>\n<meta property=\"og:description\" content=\"HygroMatik SIH 40, geni\u015f \u00f6l\u00e7ekli projeler ve y\u00fcksek nemlendirme i\u00e7in tasarlanm\u0131\u015f, geli\u015fmi\u015f teknolojiye sahip buhar nemlendirme cihaz\u0131d\u0131r.\" \/>\n<meta property=\"og:url\" content=\"https:\/\/barrsell.com\/en\/product\/hygromatik-sih-40\/\" \/>\n<meta property=\"og:site_name\" content=\"Barrsell\" \/>\n<meta property=\"article:modified_time\" content=\"2024-09-20T04:15:53+00:00\" \/>\n<meta property=\"og:image\" content=\"https:\/\/barrsell.com\/wp-content\/uploads\/2022\/12\/hygromatik-sih-40.png\" \/>\n\t<meta property=\"og:image:width\" content=\"1200\" \/>\n\t<meta property=\"og:image:height\" content=\"1200\" \/>\n\t<meta property=\"og:image:type\" content=\"image\/png\" \/>\n<meta name=\"twitter:card\" content=\"summary_large_image\" \/>\n<meta name=\"twitter:label1\" content=\"Est. reading time\" \/>\n\t<meta name=\"twitter:data1\" content=\"2 minutes\" \/>\n<script type=\"application\/ld+json\" class=\"yoast-schema-graph\">{\"@context\":\"https:\/\/schema.org\",\"@graph\":[{\"@type\":\"WebPage\",\"@id\":\"https:\/\/barrsell.com\/urun\/hygromatik-sih-40\/\",\"url\":\"https:\/\/barrsell.com\/urun\/hygromatik-sih-40\/\",\"name\":\"HygroMatik S\u0131h 40 | Barrsell End\u00fcstri\",\"isPartOf\":{\"@id\":\"https:\/\/barrsell.com\/#website\"},\"primaryImageOfPage\":{\"@id\":\"https:\/\/barrsell.com\/urun\/hygromatik-sih-40\/#primaryimage\"},\"image\":{\"@id\":\"https:\/\/barrsell.com\/urun\/hygromatik-sih-40\/#primaryimage\"},\"thumbnailUrl\":\"https:\/\/barrsell.com\/wp-content\/uploads\/2022\/12\/hygromatik-sih-40.png\",\"datePublished\":\"2022-12-07T13:06:44+00:00\",\"dateModified\":\"2024-09-20T04:15:53+00:00\",\"description\":\"HygroMatik SIH 40, geni\u015f \u00f6l\u00e7ekli projeler ve y\u00fcksek nemlendirme i\u00e7in tasarlanm\u0131\u015f, geli\u015fmi\u015f teknolojiye sahip buhar nemlendirme cihaz\u0131d\u0131r.\",\"breadcrumb\":{\"@id\":\"https:\/\/barrsell.com\/urun\/hygromatik-sih-40\/#breadcrumb\"},\"inLanguage\":\"en-US\",\"potentialAction\":[{\"@type\":\"ReadAction\",\"target\":[\"https:\/\/barrsell.com\/urun\/hygromatik-sih-40\/\"]}]},{\"@type\":\"ImageObject\",\"inLanguage\":\"en-US\",\"@id\":\"https:\/\/barrsell.com\/urun\/hygromatik-sih-40\/#primaryimage\",\"url\":\"https:\/\/barrsell.com\/wp-content\/uploads\/2022\/12\/hygromatik-sih-40.png\",\"contentUrl\":\"https:\/\/barrsell.com\/wp-content\/uploads\/2022\/12\/hygromatik-sih-40.png\",\"width\":1200,\"height\":1200,\"caption\":\"hygromatik-s\u0131h-40\"},{\"@type\":\"BreadcrumbList\",\"@id\":\"https:\/\/barrsell.com\/urun\/hygromatik-sih-40\/#breadcrumb\",\"itemListElement\":[{\"@type\":\"ListItem\",\"position\":1,\"name\":\"Home\",\"item\":\"https:\/\/barrsell.com\/\"},{\"@type\":\"ListItem\",\"position\":2,\"name\":\"\u00dcr\u00fcnler\",\"item\":\"https:\/\/barrsell.com\/en\/products\/\"},{\"@type\":\"ListItem\",\"position\":3,\"name\":\"HygroMatik S\u0131h 40\"}]},{\"@type\":\"WebSite\",\"@id\":\"https:\/\/barrsell.com\/#website\",\"url\":\"https:\/\/barrsell.com\/\",\"name\":\"Barrsell End\u00fcstri Makine\",\"description\":\"Teknolojiyle G\u00fc\u00e7lenen End\u00fcstriyel \u00c7\u00f6z\u00fcmler!\",\"potentialAction\":[{\"@type\":\"SearchAction\",\"target\":{\"@type\":\"EntryPoint\",\"urlTemplate\":\"https:\/\/barrsell.com\/?s={search_term_string}\"},\"query-input\":\"required name=search_term_string\"}],\"inLanguage\":\"en-US\"}]}<\/script>\n<!-- \/ Yoast SEO Premium plugin. -->","yoast_head_json":{"title":"HygroMatik S\u0131h 40 | Barrsell End\u00fcstri","description":"HygroMatik SIH 40, geni\u015f \u00f6l\u00e7ekli projeler ve y\u00fcksek nemlendirme i\u00e7in tasarlanm\u0131\u015f, geli\u015fmi\u015f teknolojiye sahip buhar nemlendirme cihaz\u0131d\u0131r.","robots":{"index":"index","follow":"follow","max-snippet":"max-snippet:-1","max-image-preview":"max-image-preview:large","max-video-preview":"max-video-preview:-1"},"canonical":"https:\/\/barrsell.com\/en\/product\/hygromatik-sih-40\/","og_locale":"en_US","og_type":"article","og_title":"HygroMatik S\u0131h 40","og_description":"HygroMatik SIH 40, geni\u015f \u00f6l\u00e7ekli projeler ve y\u00fcksek nemlendirme i\u00e7in tasarlanm\u0131\u015f, geli\u015fmi\u015f teknolojiye sahip buhar nemlendirme cihaz\u0131d\u0131r.","og_url":"https:\/\/barrsell.com\/en\/product\/hygromatik-sih-40\/","og_site_name":"Barrsell","article_modified_time":"2024-09-20T04:15:53+00:00","og_image":[{"width":1200,"height":1200,"url":"https:\/\/barrsell.com\/wp-content\/uploads\/2022\/12\/hygromatik-sih-40.png","type":"image\/png"}],"twitter_card":"summary_large_image","twitter_misc":{"Est. reading time":"2 minutes"},"schema":{"@context":"https:\/\/schema.org","@graph":[{"@type":"WebPage","@id":"https:\/\/barrsell.com\/urun\/hygromatik-sih-40\/","url":"https:\/\/barrsell.com\/urun\/hygromatik-sih-40\/","name":"HygroMatik S\u0131h 40 | Barrsell End\u00fcstri","isPartOf":{"@id":"https:\/\/barrsell.com\/#website"},"primaryImageOfPage":{"@id":"https:\/\/barrsell.com\/urun\/hygromatik-sih-40\/#primaryimage"},"image":{"@id":"https:\/\/barrsell.com\/urun\/hygromatik-sih-40\/#primaryimage"},"thumbnailUrl":"https:\/\/barrsell.com\/wp-content\/uploads\/2022\/12\/hygromatik-sih-40.png","datePublished":"2022-12-07T13:06:44+00:00","dateModified":"2024-09-20T04:15:53+00:00","description":"HygroMatik SIH 40, geni\u015f \u00f6l\u00e7ekli projeler ve y\u00fcksek nemlendirme i\u00e7in tasarlanm\u0131\u015f, geli\u015fmi\u015f teknolojiye sahip buhar nemlendirme cihaz\u0131d\u0131r.","breadcrumb":{"@id":"https:\/\/barrsell.com\/urun\/hygromatik-sih-40\/#breadcrumb"},"inLanguage":"en-US","potentialAction":[{"@type":"ReadAction","target":["https:\/\/barrsell.com\/urun\/hygromatik-sih-40\/"]}]},{"@type":"ImageObject","inLanguage":"en-US","@id":"https:\/\/barrsell.com\/urun\/hygromatik-sih-40\/#primaryimage","url":"https:\/\/barrsell.com\/wp-content\/uploads\/2022\/12\/hygromatik-sih-40.png","contentUrl":"https:\/\/barrsell.com\/wp-content\/uploads\/2022\/12\/hygromatik-sih-40.png","width":1200,"height":1200,"caption":"hygromatik-s\u0131h-40"},{"@type":"BreadcrumbList","@id":"https:\/\/barrsell.com\/urun\/hygromatik-sih-40\/#breadcrumb","itemListElement":[{"@type":"ListItem","position":1,"name":"Home","item":"https:\/\/barrsell.com\/"},{"@type":"ListItem","position":2,"name":"\u00dcr\u00fcnler","item":"https:\/\/barrsell.com\/en\/products\/"},{"@type":"ListItem","position":3,"name":"HygroMatik S\u0131h 40"}]},{"@type":"WebSite","@id":"https:\/\/barrsell.com\/#website","url":"https:\/\/barrsell.com\/","name":"Barrsell End\u00fcstri Makine","description":"Teknolojiyle G\u00fc\u00e7lenen End\u00fcstriyel \u00c7\u00f6z\u00fcmler!","potentialAction":[{"@type":"SearchAction","target":{"@type":"EntryPoint","urlTemplate":"https:\/\/barrsell.com\/?s={search_term_string}"},"query-input":"required name=search_term_string"}],"inLanguage":"en-US"}]}},"_links":{"self":[{"href":"https:\/\/barrsell.com\/en\/wp-json\/wp\/v2\/product\/939","targetHints":{"allow":["GET"]}}],"collection":[{"href":"https:\/\/barrsell.com\/en\/wp-json\/wp\/v2\/product"}],"about":[{"href":"https:\/\/barrsell.com\/en\/wp-json\/wp\/v2\/types\/product"}],"version-history":[{"count":5,"href":"https:\/\/barrsell.com\/en\/wp-json\/wp\/v2\/product\/939\/revisions"}],"predecessor-version":[{"id":20110,"href":"https:\/\/barrsell.com\/en\/wp-json\/wp\/v2\/product\/939\/revisions\/20110"}],"wp:featuredmedia":[{"embeddable":true,"href":"https:\/\/barrsell.com\/en\/wp-json\/wp\/v2\/media\/11438"}],"wp:attachment":[{"href":"https:\/\/barrsell.com\/en\/wp-json\/wp\/v2\/media?parent=939"}],"wp:term":[{"taxonomy":"product_cat","embeddable":true,"href":"https:\/\/barrsell.com\/en\/wp-json\/wp\/v2\/product_cat?post=939"},{"taxonomy":"product_tag","embeddable":true,"href":"https:\/\/barrsell.com\/en\/wp-json\/wp\/v2\/product_tag?post=939"}],"curies":[{"name":"wp","href":"https:\/\/api.w.org\/{rel}","templated":true}]}}