{"id":920,"date":"2022-12-06T16:20:28","date_gmt":"2022-12-06T16:20:28","guid":{"rendered":"http:\/\/dummy.xtemos.com\/woodmart2\/mega-electronics-elementor\/?post_type=product&#038;p=920"},"modified":"2025-01-09T10:59:42","modified_gmt":"2025-01-09T10:59:42","slug":"hygromatik-atomizer-dg","status":"publish","type":"product","link":"https:\/\/barrsell.com\/en\/product\/hygromatik-atomizer-dg\/","title":{"rendered":"HygroMatik Atomizer DG"},"content":{"rendered":"<div class=\"flex max-w-full flex-col flex-grow\">\n<div class=\"min-h-[20px] text-message flex w-full flex-col items-end gap-2 whitespace-normal break-words [.text-message+&amp;]:mt-5\" dir=\"auto\" data-message-author-role=\"assistant\" data-message-id=\"31c05ca6-6842-4a6d-8dc7-ce5ea66ffe59\">\n<div class=\"flex w-full flex-col gap-1 empty:hidden first:pt-[3px]\">\n<div class=\"markdown prose w-full break-words dark:prose-invert light\">\n<h3>HygroMatik Atomizer DG: High Efficiency and Energy Saving Humidification Solution<\/h3>\n<p><strong>HygroMatik Atomizer DG<\/strong>is especially designed for small and medium-sized areas. It is a particularly high efficiency humidifier system. It also uses micro-droplet technology to optimize the ambient air for precise and effective humidification. It can be used in both commercial and industrial applications. This system is characterized by its energy savings.<\/p>\n<p class=\" translation-block\">With low energy consumption and high efficiency, the HygroMatik Atomizer DG quickly sets the desired humidity level in the environment. It also reduces operation costs. The device's system minimizes the accumulation of lime and bacteria in the water. This provides a healthy air quality and extends the life of the device.<\/p>\n<div id=\"attachment_14391\" style=\"width: 310px\" class=\"wp-caption alignleft\"><a href=\"https:\/\/barrsell.com\/wp-content\/uploads\/2022\/12\/HygroMatik-Atomizer-DG-1.png\"><img fetchpriority=\"high\" decoding=\"async\" aria-describedby=\"caption-attachment-14391\" class=\"size-medium wp-image-14391\" src=\"https:\/\/barrsell.com\/wp-content\/uploads\/2022\/12\/HygroMatik-Atomizer-DG-1-300x300.png\" alt=\"HygroMatik Atomizer DG-1\" width=\"300\" height=\"300\" srcset=\"https:\/\/barrsell.com\/wp-content\/uploads\/2022\/12\/HygroMatik-Atomizer-DG-1-300x300.png 300w, https:\/\/barrsell.com\/wp-content\/uploads\/2022\/12\/HygroMatik-Atomizer-DG-1-1024x1024.png 1024w, https:\/\/barrsell.com\/wp-content\/uploads\/2022\/12\/HygroMatik-Atomizer-DG-1-150x150.png 150w, https:\/\/barrsell.com\/wp-content\/uploads\/2022\/12\/HygroMatik-Atomizer-DG-1-768x768.png 768w, https:\/\/barrsell.com\/wp-content\/uploads\/2022\/12\/HygroMatik-Atomizer-DG-1-12x12.png 12w, https:\/\/barrsell.com\/wp-content\/uploads\/2022\/12\/HygroMatik-Atomizer-DG-1-600x600.png 600w, https:\/\/barrsell.com\/wp-content\/uploads\/2022\/12\/HygroMatik-Atomizer-DG-1-50x50.png 50w, https:\/\/barrsell.com\/wp-content\/uploads\/2022\/12\/HygroMatik-Atomizer-DG-1-100x100.png 100w, https:\/\/barrsell.com\/wp-content\/uploads\/2022\/12\/HygroMatik-Atomizer-DG-1.png 1200w\" sizes=\"(max-width: 300px) 100vw, 300px\" \/><\/a><p id=\"caption-attachment-14391\" class=\"wp-caption-text\">HygroMatik Atomizer DG-1<\/p><\/div>\n<\/div>\n<\/div>\n<\/div>\n<\/div>\n<div class=\"mt-1 flex gap-3 empty:hidden -ml-2\">\n<div class=\"items-center justify-start rounded-xl p-1 flex\">\n<div class=\"flex items-center\">\n<h2>Ideal uses of the Atomizer DG:<\/h2>\n<ul>\n<li><strong>Office and Workplace Environments<\/strong>: It has a low noise level and energy-saving structure. Thus, it supports productivity by increasing the comfort of employees.<\/li>\n<li><strong>Data Centers<\/strong>: Humidity control is critical for the safe operation of electronic devices. In addition, Atomizer DG prevents overheating and damage to equipment with precise humidity control.<\/li>\n<li><strong>Laboratories and Research Facilities<\/strong>: Maintaining the right humidity level in areas where sensitive devices are located is extremely important. <a href=\"https:\/\/barrsell.com\/en\/kategoriler\/buhar-jeneratorleri-nemlendiriciler\/hygromatik-buharli-nemlendirici\/\">HygroMatik<\/a> The Atomizer DG provides reliable hydration.<\/li>\n<li><strong>Health Facilities and Hospitals<\/strong>: Hygienic humidification plays a vital role in the healthcare industry. The integrated hygiene management of the device makes it possible to use it in sterile environments.<\/li>\n<li><strong>Industry and Production Areas<\/strong>: Used in production processes where humidity needs to be controlled.<\/li>\n<li><strong>Museums and Exhibition Halls<\/strong>: Accurate humidity levels are essential for the preservation of works of art and historical objects. The Atomizer DG provides precise balance in such environments.<\/li>\n<li><strong>Printing and Paper Production Facilities<\/strong>: Humidity control is essential to maintain the quality of paper and printing materials. Improves quality by ensuring the appropriate humidity level<\/li>\n<\/ul>\n<p>&nbsp;<\/p>\n<ul>\n<li>\n<table style=\"height: 147px;\" width=\"611\">\n<tbody>\n<tr>\n<td rowspan=\"2\" width=\"64\"><strong>Model<\/strong><\/td>\n<td rowspan=\"2\" width=\"119\"><strong>Nemlendirici g\u00fc\u00e7<\/strong><\/td>\n<td rowspan=\"2\" width=\"129\"><strong>Electricity connection<\/strong><\/td>\n<td width=\"86\"><strong>Dimensions<\/strong><\/td>\n<\/tr>\n<tr>\n<td width=\"86\"><strong>g\/y\/d [mm]<\/strong><\/td>\n<\/tr>\n<tr>\n<td width=\"64\" data-title=\"Model\">DG 4<\/td>\n<td width=\"119\" data-title=\"Vlh\u010d\u00edc\u00ed v\u00fdkon\">4 kg\/h<\/td>\n<td width=\"129\" data-title=\"El.p\u0159ipojen\u00ed\">230 V \/ 140 W<\/td>\n<td width=\"86\" data-title=\"Rozm\u011bry\">540\/280<\/td>\n<\/tr>\n<tr>\n<td width=\"64\" data-title=\"Model\">DG 8<\/td>\n<td width=\"119\" data-title=\"Vlh\u010d\u00edc\u00ed v\u00fdkon\">8 kg\/h<\/td>\n<td width=\"129\" data-title=\"El.p\u0159ipojen\u00ed\">400 V \/ 160 W<\/td>\n<td width=\"86\" data-title=\"Rozm\u011bry\">620\/390<\/td>\n<\/tr>\n<\/tbody>\n<\/table>\n<\/li>\n<\/ul>\n<\/div>\n<\/div>\n<\/div>","protected":false},"excerpt":{"rendered":"<p>Small, compact atomization system<br \/>\nHigh safety silent operation<br \/>\nLow power consumption<\/p>\n<p>&nbsp;<\/p>","protected":false},"featured_media":11443,"template":"","meta":[],"product_cat":[113,125,128],"product_tag":[246,243,241],"class_list":{"0":"post-920","1":"product","2":"type-product","3":"status-publish","4":"has-post-thumbnail","6":"product_cat-buhar-jeneratorleri-nemlendiriciler","7":"product_cat-hygromatik-buharli-nemlendirici","8":"product_cat-hygromatik-adbiyatik-nemlendiriciler","9":"product_tag-buhar-jeneratoru","10":"product_tag-buharlinemlendirici","11":"product_tag-hygromatik","13":"first","14":"instock","15":"shipping-taxable","16":"purchasable","17":"product-type-variable"},"yoast_head":"<!-- This site is optimized with the Yoast SEO Premium plugin v23.2 (Yoast SEO v23.2) - https:\/\/yoast.com\/wordpress\/plugins\/seo\/ -->\n<title>HygroMatik Atomizer DG | Barrsell End\u00fcstri<\/title>\n<meta name=\"description\" content=\"Adyabatik mekanik nemlendiricilerden Hygromatik Atomizer DG\u00a0 uzaya as\u0131lmak \u00fczere tasarlanm\u0131\u015f k\u00fc\u00e7\u00fck, kompakt atomizasyon sistemleridir.\" \/>\n<meta name=\"robots\" content=\"index, follow, max-snippet:-1, max-image-preview:large, max-video-preview:-1\" \/>\n<link rel=\"canonical\" href=\"https:\/\/barrsell.com\/en\/product\/hygromatik-atomizer-dg\/\" \/>\n<meta property=\"og:locale\" content=\"en_US\" \/>\n<meta property=\"og:type\" content=\"article\" \/>\n<meta property=\"og:title\" content=\"HygroMatik Atomizer DG\" \/>\n<meta property=\"og:description\" content=\"Adyabatik mekanik nemlendiricilerden Hygromatik Atomizer DG\u00a0 uzaya as\u0131lmak \u00fczere tasarlanm\u0131\u015f k\u00fc\u00e7\u00fck, kompakt atomizasyon sistemleridir.\" \/>\n<meta property=\"og:url\" content=\"https:\/\/barrsell.com\/en\/product\/hygromatik-atomizer-dg\/\" \/>\n<meta property=\"og:site_name\" content=\"Barrsell\" \/>\n<meta property=\"article:modified_time\" content=\"2025-01-09T10:59:42+00:00\" \/>\n<meta property=\"og:image\" content=\"https:\/\/barrsell.com\/wp-content\/uploads\/2022\/12\/hygromatik-atomizer-DG.png\" \/>\n\t<meta property=\"og:image:width\" content=\"1200\" \/>\n\t<meta property=\"og:image:height\" content=\"1200\" \/>\n\t<meta property=\"og:image:type\" content=\"image\/png\" \/>\n<meta name=\"twitter:card\" content=\"summary_large_image\" \/>\n<meta name=\"twitter:label1\" content=\"Est. reading time\" \/>\n\t<meta name=\"twitter:data1\" content=\"3 minutes\" \/>\n<script type=\"application\/ld+json\" class=\"yoast-schema-graph\">{\"@context\":\"https:\/\/schema.org\",\"@graph\":[{\"@type\":\"WebPage\",\"@id\":\"https:\/\/barrsell.com\/urun\/hygromatik-atomizer-dg\/\",\"url\":\"https:\/\/barrsell.com\/urun\/hygromatik-atomizer-dg\/\",\"name\":\"HygroMatik Atomizer DG | Barrsell End\u00fcstri\",\"isPartOf\":{\"@id\":\"https:\/\/barrsell.com\/#website\"},\"primaryImageOfPage\":{\"@id\":\"https:\/\/barrsell.com\/urun\/hygromatik-atomizer-dg\/#primaryimage\"},\"image\":{\"@id\":\"https:\/\/barrsell.com\/urun\/hygromatik-atomizer-dg\/#primaryimage\"},\"thumbnailUrl\":\"https:\/\/barrsell.com\/wp-content\/uploads\/2022\/12\/hygromatik-atomizer-DG.png\",\"datePublished\":\"2022-12-06T16:20:28+00:00\",\"dateModified\":\"2025-01-09T10:59:42+00:00\",\"description\":\"Adyabatik mekanik nemlendiricilerden Hygromatik Atomizer DG\u00a0 uzaya as\u0131lmak \u00fczere tasarlanm\u0131\u015f k\u00fc\u00e7\u00fck, kompakt atomizasyon sistemleridir.\",\"breadcrumb\":{\"@id\":\"https:\/\/barrsell.com\/urun\/hygromatik-atomizer-dg\/#breadcrumb\"},\"inLanguage\":\"en-US\",\"potentialAction\":[{\"@type\":\"ReadAction\",\"target\":[\"https:\/\/barrsell.com\/urun\/hygromatik-atomizer-dg\/\"]}]},{\"@type\":\"ImageObject\",\"inLanguage\":\"en-US\",\"@id\":\"https:\/\/barrsell.com\/urun\/hygromatik-atomizer-dg\/#primaryimage\",\"url\":\"https:\/\/barrsell.com\/wp-content\/uploads\/2022\/12\/hygromatik-atomizer-DG.png\",\"contentUrl\":\"https:\/\/barrsell.com\/wp-content\/uploads\/2022\/12\/hygromatik-atomizer-DG.png\",\"width\":1200,\"height\":1200,\"caption\":\"hygromatik-atomizer-DG\"},{\"@type\":\"BreadcrumbList\",\"@id\":\"https:\/\/barrsell.com\/urun\/hygromatik-atomizer-dg\/#breadcrumb\",\"itemListElement\":[{\"@type\":\"ListItem\",\"position\":1,\"name\":\"Home\",\"item\":\"https:\/\/barrsell.com\/\"},{\"@type\":\"ListItem\",\"position\":2,\"name\":\"\u00dcr\u00fcnler\",\"item\":\"https:\/\/barrsell.com\/en\/products\/\"},{\"@type\":\"ListItem\",\"position\":3,\"name\":\"HygroMatik Atomizer DG\"}]},{\"@type\":\"WebSite\",\"@id\":\"https:\/\/barrsell.com\/#website\",\"url\":\"https:\/\/barrsell.com\/\",\"name\":\"Barrsell End\u00fcstri Makine\",\"description\":\"Teknolojiyle G\u00fc\u00e7lenen End\u00fcstriyel \u00c7\u00f6z\u00fcmler!\",\"potentialAction\":[{\"@type\":\"SearchAction\",\"target\":{\"@type\":\"EntryPoint\",\"urlTemplate\":\"https:\/\/barrsell.com\/?s={search_term_string}\"},\"query-input\":\"required name=search_term_string\"}],\"inLanguage\":\"en-US\"}]}<\/script>\n<!-- \/ Yoast SEO Premium plugin. -->","yoast_head_json":{"title":"HygroMatik Atomizer DG | Barrsell End\u00fcstri","description":"Adyabatik mekanik nemlendiricilerden Hygromatik Atomizer DG\u00a0 uzaya as\u0131lmak \u00fczere tasarlanm\u0131\u015f k\u00fc\u00e7\u00fck, kompakt atomizasyon sistemleridir.","robots":{"index":"index","follow":"follow","max-snippet":"max-snippet:-1","max-image-preview":"max-image-preview:large","max-video-preview":"max-video-preview:-1"},"canonical":"https:\/\/barrsell.com\/en\/product\/hygromatik-atomizer-dg\/","og_locale":"en_US","og_type":"article","og_title":"HygroMatik Atomizer DG","og_description":"Adyabatik mekanik nemlendiricilerden Hygromatik Atomizer DG\u00a0 uzaya as\u0131lmak \u00fczere tasarlanm\u0131\u015f k\u00fc\u00e7\u00fck, kompakt atomizasyon sistemleridir.","og_url":"https:\/\/barrsell.com\/en\/product\/hygromatik-atomizer-dg\/","og_site_name":"Barrsell","article_modified_time":"2025-01-09T10:59:42+00:00","og_image":[{"width":1200,"height":1200,"url":"https:\/\/barrsell.com\/wp-content\/uploads\/2022\/12\/hygromatik-atomizer-DG.png","type":"image\/png"}],"twitter_card":"summary_large_image","twitter_misc":{"Est. reading time":"3 minutes"},"schema":{"@context":"https:\/\/schema.org","@graph":[{"@type":"WebPage","@id":"https:\/\/barrsell.com\/urun\/hygromatik-atomizer-dg\/","url":"https:\/\/barrsell.com\/urun\/hygromatik-atomizer-dg\/","name":"HygroMatik Atomizer DG | Barrsell End\u00fcstri","isPartOf":{"@id":"https:\/\/barrsell.com\/#website"},"primaryImageOfPage":{"@id":"https:\/\/barrsell.com\/urun\/hygromatik-atomizer-dg\/#primaryimage"},"image":{"@id":"https:\/\/barrsell.com\/urun\/hygromatik-atomizer-dg\/#primaryimage"},"thumbnailUrl":"https:\/\/barrsell.com\/wp-content\/uploads\/2022\/12\/hygromatik-atomizer-DG.png","datePublished":"2022-12-06T16:20:28+00:00","dateModified":"2025-01-09T10:59:42+00:00","description":"Adyabatik mekanik nemlendiricilerden Hygromatik Atomizer DG\u00a0 uzaya as\u0131lmak \u00fczere tasarlanm\u0131\u015f k\u00fc\u00e7\u00fck, kompakt atomizasyon sistemleridir.","breadcrumb":{"@id":"https:\/\/barrsell.com\/urun\/hygromatik-atomizer-dg\/#breadcrumb"},"inLanguage":"en-US","potentialAction":[{"@type":"ReadAction","target":["https:\/\/barrsell.com\/urun\/hygromatik-atomizer-dg\/"]}]},{"@type":"ImageObject","inLanguage":"en-US","@id":"https:\/\/barrsell.com\/urun\/hygromatik-atomizer-dg\/#primaryimage","url":"https:\/\/barrsell.com\/wp-content\/uploads\/2022\/12\/hygromatik-atomizer-DG.png","contentUrl":"https:\/\/barrsell.com\/wp-content\/uploads\/2022\/12\/hygromatik-atomizer-DG.png","width":1200,"height":1200,"caption":"hygromatik-atomizer-DG"},{"@type":"BreadcrumbList","@id":"https:\/\/barrsell.com\/urun\/hygromatik-atomizer-dg\/#breadcrumb","itemListElement":[{"@type":"ListItem","position":1,"name":"Home","item":"https:\/\/barrsell.com\/"},{"@type":"ListItem","position":2,"name":"\u00dcr\u00fcnler","item":"https:\/\/barrsell.com\/en\/products\/"},{"@type":"ListItem","position":3,"name":"HygroMatik Atomizer DG"}]},{"@type":"WebSite","@id":"https:\/\/barrsell.com\/#website","url":"https:\/\/barrsell.com\/","name":"Barrsell End\u00fcstri Makine","description":"Teknolojiyle G\u00fc\u00e7lenen End\u00fcstriyel \u00c7\u00f6z\u00fcmler!","potentialAction":[{"@type":"SearchAction","target":{"@type":"EntryPoint","urlTemplate":"https:\/\/barrsell.com\/?s={search_term_string}"},"query-input":"required name=search_term_string"}],"inLanguage":"en-US"}]}},"_links":{"self":[{"href":"https:\/\/barrsell.com\/en\/wp-json\/wp\/v2\/product\/920","targetHints":{"allow":["GET"]}}],"collection":[{"href":"https:\/\/barrsell.com\/en\/wp-json\/wp\/v2\/product"}],"about":[{"href":"https:\/\/barrsell.com\/en\/wp-json\/wp\/v2\/types\/product"}],"version-history":[{"count":8,"href":"https:\/\/barrsell.com\/en\/wp-json\/wp\/v2\/product\/920\/revisions"}],"predecessor-version":[{"id":20111,"href":"https:\/\/barrsell.com\/en\/wp-json\/wp\/v2\/product\/920\/revisions\/20111"}],"wp:featuredmedia":[{"embeddable":true,"href":"https:\/\/barrsell.com\/en\/wp-json\/wp\/v2\/media\/11443"}],"wp:attachment":[{"href":"https:\/\/barrsell.com\/en\/wp-json\/wp\/v2\/media?parent=920"}],"wp:term":[{"taxonomy":"product_cat","embeddable":true,"href":"https:\/\/barrsell.com\/en\/wp-json\/wp\/v2\/product_cat?post=920"},{"taxonomy":"product_tag","embeddable":true,"href":"https:\/\/barrsell.com\/en\/wp-json\/wp\/v2\/product_tag?post=920"}],"curies":[{"name":"wp","href":"https:\/\/api.w.org\/{rel}","templated":true}]}}