{"id":835,"date":"2022-12-06T15:07:09","date_gmt":"2022-12-06T15:07:09","guid":{"rendered":"http:\/\/dummy.xtemos.com\/woodmart2\/mega-electronics-elementor\/?post_type=product&#038;p=835"},"modified":"2025-01-09T11:13:11","modified_gmt":"2025-01-09T11:13:11","slug":"hygromatik-atomizer-hps-vortex","status":"publish","type":"product","link":"https:\/\/barrsell.com\/en\/product\/hygromatik-atomizer-hps-vortex\/","title":{"rendered":"Hygromatik Atomizer HPS Vortex"},"content":{"rendered":"<h2>Hygromatik Atomizer HPS Vortex: Unique Technical Information and Features<\/h2>\n<p><strong>Hygromatik Atomizer HPS Vortex<\/strong>is an advanced humidifier that specifically addresses the needs for high performance and precise humidification. It is designed for use in commercial and industrial environments. It also offers a state-of-the-art structure to optimize air quality and effectively control ambient humidity. In addition, Hygromatik's HPS Vortex model atomizer provides superior performance in energy efficiency and precision in the humidification process.<\/p>\n<h4>What is Hygromatik Atomizer HPS Vortex?<\/h4>\n<p class=\" translation-block\">HPS Vortex is an advanced model used in air humidification systems. The atomizer separates water into fine particles, providing moisture into the air. And in this way, it keeps humidity levels at the desired level. A particularly great feature of this model is that it uses high-pressure atomization technology to separate water into very small droplets and evaporate them quickly. Hygromatik HPS Vortex offers maximum efficiency with minimum energy consumption during the vaporization process.<\/p>\n<h4>High pressure atomizer Technical Specifications<\/h4>\n<h4><strong>1. High Pressure Water Atomization<\/strong><\/h4>\n<p>The Hygromatik HPS Vortex atomizes water under high pressure and sprays it into the air. With this method, the water breaks into very small droplets and evaporates quickly. In this way, it provides rapid humidification and a homogeneous distribution in the environment.<\/p>\n<ul>\n<li><strong>Pressure Range:<\/strong> It operates in the range of 80-100 bar.<\/li>\n<li><strong>Droplet Size:<\/strong> It produces water droplets 10-20 microns in size.<\/li>\n<\/ul>\n<ul>\n<li><strong>Energy Consumption:<\/strong> up to 50% less energy consumption.<\/li>\n<li><strong>Water Consumption:<\/strong> Provides maximum moisturization with minimum water waste.<\/li>\n<\/ul>\n<h4>3. <strong>Modular Design<\/strong><\/h4>\n<p>Hygromatik HPS Vortex has a modular design. This allows the device to be expanded as needed or adapted to small spaces. In addition, the modular structure allows the system to be easily adapted to different sized spaces in both commercial and industrial environments.<\/p>\n<ul>\n<li><strong>Capacity:<\/strong> It has a wide range due to its humidification capacity between 10-1000 kg\/h.<\/li>\n<li><strong>Area of Use:<\/strong> You can use it from small offices to large production facilities.<\/li>\n<\/ul>\n<h4>4. Water Atomizer Technology <strong>Precise Humidity Control<\/strong><\/h4>\n<p><a href=\"https:\/\/barrsell.com\/en\/kategoriler\/buhar-jeneratorleri-nemlendiriciler\/hygromatik-buharli-nemlendirici\/\">HygroMatik<\/a> Thanks to its advanced sensor technology, HPS Vortex controls the humidity level of the environment with extreme precision. This provides excellent results in sensitive environments where a certain humidity level must be maintained.<\/p>\n<ul>\n<li><strong>Humidity Control Range:<\/strong> Humidity level control with 1% precision.<\/li>\n<li><strong>Automatic Adjustment:<\/strong> The device automatically adjusts itself to the ambient conditions.<\/li>\n<\/ul>\n<p><img fetchpriority=\"high\" decoding=\"async\" class=\"wp-image-14318 size-full\" src=\"https:\/\/barrsell.com\/wp-content\/uploads\/2022\/12\/Hygromatik-Atomizer-HPS-Vortex-sema.jpg\" alt=\"\" width=\"1000\" height=\"600\" srcset=\"https:\/\/barrsell.com\/wp-content\/uploads\/2022\/12\/Hygromatik-Atomizer-HPS-Vortex-sema.jpg 1000w, https:\/\/barrsell.com\/wp-content\/uploads\/2022\/12\/Hygromatik-Atomizer-HPS-Vortex-sema-300x180.jpg 300w, https:\/\/barrsell.com\/wp-content\/uploads\/2022\/12\/Hygromatik-Atomizer-HPS-Vortex-sema-768x461.jpg 768w, https:\/\/barrsell.com\/wp-content\/uploads\/2022\/12\/Hygromatik-Atomizer-HPS-Vortex-sema-18x12.jpg 18w, https:\/\/barrsell.com\/wp-content\/uploads\/2022\/12\/Hygromatik-Atomizer-HPS-Vortex-sema-150x90.jpg 150w\" sizes=\"(max-width: 1000px) 100vw, 1000px\" \/><\/p>","protected":false},"excerpt":{"rendered":"<p>Hygromatik Atomizer HPS Vortex: Benzersiz Teknik Bilgiler ve \u00d6zellikler Hygromatik Atomizer HPS Vortex, \u00f6zellikle y\u00fcksek performansl\u0131 ve hassas nemlendirme ihtiya\u00e7lar\u0131na<\/p>","protected":false},"featured_media":11448,"template":"","meta":[],"product_cat":[113,125,128],"product_tag":[271,272,274,273],"class_list":{"0":"post-835","1":"product","2":"type-product","3":"status-publish","4":"has-post-thumbnail","6":"product_cat-buhar-jeneratorleri-nemlendiriciler","7":"product_cat-hygromatik-buharli-nemlendirici","8":"product_cat-hygromatik-adbiyatik-nemlendiriciler","9":"product_tag-enerji-verimli-nemlendirme-cihazi","10":"product_tag-hygromatik-hassas-nem-kontrolu","11":"product_tag-su-atomizasyon-teknolojisi","12":"product_tag-yuksek-basincli-atomizer","14":"first","15":"instock","16":"featured","17":"shipping-taxable","18":"product-type-simple"},"yoast_head":"<!-- This site is optimized with the Yoast SEO Premium plugin v23.2 (Yoast SEO v23.2) - https:\/\/yoast.com\/wordpress\/plugins\/seo\/ -->\n<title>Hygromatik Atomizer HPS Vortex | Barrsell End\u00fcstri<\/title>\n<meta name=\"description\" content=\"Hygromatik Atomizer HPS Vortex, \u00f6zellikle y\u00fcksek performansl\u0131 ve hassas nemlendirme ihtiya\u00e7lar\u0131na \u00e7\u00f6z\u00fcm sunan, geli\u015fmi\u015f bir nemlendirme cihaz\u0131d\u0131r.\" \/>\n<meta name=\"robots\" content=\"index, follow, max-snippet:-1, max-image-preview:large, max-video-preview:-1\" \/>\n<link rel=\"canonical\" href=\"https:\/\/barrsell.com\/en\/product\/hygromatik-atomizer-hps-vortex\/\" \/>\n<meta property=\"og:locale\" content=\"en_US\" \/>\n<meta property=\"og:type\" content=\"article\" \/>\n<meta property=\"og:title\" content=\"Hygromatik Atomizer HPS Vortex\" \/>\n<meta property=\"og:description\" content=\"Hygromatik Atomizer HPS Vortex, \u00f6zellikle y\u00fcksek performansl\u0131 ve hassas nemlendirme ihtiya\u00e7lar\u0131na \u00e7\u00f6z\u00fcm sunan, geli\u015fmi\u015f bir nemlendirme cihaz\u0131d\u0131r.\" \/>\n<meta property=\"og:url\" content=\"https:\/\/barrsell.com\/en\/product\/hygromatik-atomizer-hps-vortex\/\" \/>\n<meta property=\"og:site_name\" content=\"Barrsell\" \/>\n<meta property=\"article:modified_time\" content=\"2025-01-09T11:13:11+00:00\" \/>\n<meta property=\"og:image\" content=\"https:\/\/barrsell.com\/wp-content\/uploads\/2022\/12\/hygromatik-atomizer-HPS-Vortex.png\" \/>\n\t<meta property=\"og:image:width\" content=\"1200\" \/>\n\t<meta property=\"og:image:height\" content=\"1200\" \/>\n\t<meta property=\"og:image:type\" content=\"image\/png\" \/>\n<meta name=\"twitter:card\" content=\"summary_large_image\" \/>\n<meta name=\"twitter:label1\" content=\"Est. reading time\" \/>\n\t<meta name=\"twitter:data1\" content=\"3 minutes\" \/>\n<script type=\"application\/ld+json\" class=\"yoast-schema-graph\">{\"@context\":\"https:\/\/schema.org\",\"@graph\":[{\"@type\":\"WebPage\",\"@id\":\"https:\/\/barrsell.com\/urun\/hygromatik-atomizer-hps-vortex\/\",\"url\":\"https:\/\/barrsell.com\/urun\/hygromatik-atomizer-hps-vortex\/\",\"name\":\"Hygromatik Atomizer HPS Vortex | Barrsell End\u00fcstri\",\"isPartOf\":{\"@id\":\"https:\/\/barrsell.com\/#website\"},\"primaryImageOfPage\":{\"@id\":\"https:\/\/barrsell.com\/urun\/hygromatik-atomizer-hps-vortex\/#primaryimage\"},\"image\":{\"@id\":\"https:\/\/barrsell.com\/urun\/hygromatik-atomizer-hps-vortex\/#primaryimage\"},\"thumbnailUrl\":\"https:\/\/barrsell.com\/wp-content\/uploads\/2022\/12\/hygromatik-atomizer-HPS-Vortex.png\",\"datePublished\":\"2022-12-06T15:07:09+00:00\",\"dateModified\":\"2025-01-09T11:13:11+00:00\",\"description\":\"Hygromatik Atomizer HPS Vortex, \u00f6zellikle y\u00fcksek performansl\u0131 ve hassas nemlendirme ihtiya\u00e7lar\u0131na \u00e7\u00f6z\u00fcm sunan, geli\u015fmi\u015f bir nemlendirme cihaz\u0131d\u0131r.\",\"breadcrumb\":{\"@id\":\"https:\/\/barrsell.com\/urun\/hygromatik-atomizer-hps-vortex\/#breadcrumb\"},\"inLanguage\":\"en-US\",\"potentialAction\":[{\"@type\":\"ReadAction\",\"target\":[\"https:\/\/barrsell.com\/urun\/hygromatik-atomizer-hps-vortex\/\"]}]},{\"@type\":\"ImageObject\",\"inLanguage\":\"en-US\",\"@id\":\"https:\/\/barrsell.com\/urun\/hygromatik-atomizer-hps-vortex\/#primaryimage\",\"url\":\"https:\/\/barrsell.com\/wp-content\/uploads\/2022\/12\/hygromatik-atomizer-HPS-Vortex.png\",\"contentUrl\":\"https:\/\/barrsell.com\/wp-content\/uploads\/2022\/12\/hygromatik-atomizer-HPS-Vortex.png\",\"width\":1200,\"height\":1200,\"caption\":\"hygromatik-atomizer HPS Vortex\"},{\"@type\":\"BreadcrumbList\",\"@id\":\"https:\/\/barrsell.com\/urun\/hygromatik-atomizer-hps-vortex\/#breadcrumb\",\"itemListElement\":[{\"@type\":\"ListItem\",\"position\":1,\"name\":\"Home\",\"item\":\"https:\/\/barrsell.com\/\"},{\"@type\":\"ListItem\",\"position\":2,\"name\":\"\u00dcr\u00fcnler\",\"item\":\"https:\/\/barrsell.com\/en\/products\/\"},{\"@type\":\"ListItem\",\"position\":3,\"name\":\"Hygromatik Atomizer HPS Vortex\"}]},{\"@type\":\"WebSite\",\"@id\":\"https:\/\/barrsell.com\/#website\",\"url\":\"https:\/\/barrsell.com\/\",\"name\":\"Barrsell End\u00fcstri Makine\",\"description\":\"Teknolojiyle G\u00fc\u00e7lenen End\u00fcstriyel \u00c7\u00f6z\u00fcmler!\",\"potentialAction\":[{\"@type\":\"SearchAction\",\"target\":{\"@type\":\"EntryPoint\",\"urlTemplate\":\"https:\/\/barrsell.com\/?s={search_term_string}\"},\"query-input\":\"required name=search_term_string\"}],\"inLanguage\":\"en-US\"}]}<\/script>\n<!-- \/ Yoast SEO Premium plugin. -->","yoast_head_json":{"title":"Hygromatik Atomizer HPS Vortex | Barrsell End\u00fcstri","description":"Hygromatik Atomizer HPS Vortex, \u00f6zellikle y\u00fcksek performansl\u0131 ve hassas nemlendirme ihtiya\u00e7lar\u0131na \u00e7\u00f6z\u00fcm sunan, geli\u015fmi\u015f bir nemlendirme cihaz\u0131d\u0131r.","robots":{"index":"index","follow":"follow","max-snippet":"max-snippet:-1","max-image-preview":"max-image-preview:large","max-video-preview":"max-video-preview:-1"},"canonical":"https:\/\/barrsell.com\/en\/product\/hygromatik-atomizer-hps-vortex\/","og_locale":"en_US","og_type":"article","og_title":"Hygromatik Atomizer HPS Vortex","og_description":"Hygromatik Atomizer HPS Vortex, \u00f6zellikle y\u00fcksek performansl\u0131 ve hassas nemlendirme ihtiya\u00e7lar\u0131na \u00e7\u00f6z\u00fcm sunan, geli\u015fmi\u015f bir nemlendirme cihaz\u0131d\u0131r.","og_url":"https:\/\/barrsell.com\/en\/product\/hygromatik-atomizer-hps-vortex\/","og_site_name":"Barrsell","article_modified_time":"2025-01-09T11:13:11+00:00","og_image":[{"width":1200,"height":1200,"url":"https:\/\/barrsell.com\/wp-content\/uploads\/2022\/12\/hygromatik-atomizer-HPS-Vortex.png","type":"image\/png"}],"twitter_card":"summary_large_image","twitter_misc":{"Est. reading time":"3 minutes"},"schema":{"@context":"https:\/\/schema.org","@graph":[{"@type":"WebPage","@id":"https:\/\/barrsell.com\/urun\/hygromatik-atomizer-hps-vortex\/","url":"https:\/\/barrsell.com\/urun\/hygromatik-atomizer-hps-vortex\/","name":"Hygromatik Atomizer HPS Vortex | Barrsell End\u00fcstri","isPartOf":{"@id":"https:\/\/barrsell.com\/#website"},"primaryImageOfPage":{"@id":"https:\/\/barrsell.com\/urun\/hygromatik-atomizer-hps-vortex\/#primaryimage"},"image":{"@id":"https:\/\/barrsell.com\/urun\/hygromatik-atomizer-hps-vortex\/#primaryimage"},"thumbnailUrl":"https:\/\/barrsell.com\/wp-content\/uploads\/2022\/12\/hygromatik-atomizer-HPS-Vortex.png","datePublished":"2022-12-06T15:07:09+00:00","dateModified":"2025-01-09T11:13:11+00:00","description":"Hygromatik Atomizer HPS Vortex, \u00f6zellikle y\u00fcksek performansl\u0131 ve hassas nemlendirme ihtiya\u00e7lar\u0131na \u00e7\u00f6z\u00fcm sunan, geli\u015fmi\u015f bir nemlendirme cihaz\u0131d\u0131r.","breadcrumb":{"@id":"https:\/\/barrsell.com\/urun\/hygromatik-atomizer-hps-vortex\/#breadcrumb"},"inLanguage":"en-US","potentialAction":[{"@type":"ReadAction","target":["https:\/\/barrsell.com\/urun\/hygromatik-atomizer-hps-vortex\/"]}]},{"@type":"ImageObject","inLanguage":"en-US","@id":"https:\/\/barrsell.com\/urun\/hygromatik-atomizer-hps-vortex\/#primaryimage","url":"https:\/\/barrsell.com\/wp-content\/uploads\/2022\/12\/hygromatik-atomizer-HPS-Vortex.png","contentUrl":"https:\/\/barrsell.com\/wp-content\/uploads\/2022\/12\/hygromatik-atomizer-HPS-Vortex.png","width":1200,"height":1200,"caption":"hygromatik-atomizer HPS Vortex"},{"@type":"BreadcrumbList","@id":"https:\/\/barrsell.com\/urun\/hygromatik-atomizer-hps-vortex\/#breadcrumb","itemListElement":[{"@type":"ListItem","position":1,"name":"Home","item":"https:\/\/barrsell.com\/"},{"@type":"ListItem","position":2,"name":"\u00dcr\u00fcnler","item":"https:\/\/barrsell.com\/en\/products\/"},{"@type":"ListItem","position":3,"name":"Hygromatik Atomizer HPS Vortex"}]},{"@type":"WebSite","@id":"https:\/\/barrsell.com\/#website","url":"https:\/\/barrsell.com\/","name":"Barrsell End\u00fcstri Makine","description":"Teknolojiyle G\u00fc\u00e7lenen End\u00fcstriyel \u00c7\u00f6z\u00fcmler!","potentialAction":[{"@type":"SearchAction","target":{"@type":"EntryPoint","urlTemplate":"https:\/\/barrsell.com\/?s={search_term_string}"},"query-input":"required name=search_term_string"}],"inLanguage":"en-US"}]}},"_links":{"self":[{"href":"https:\/\/barrsell.com\/en\/wp-json\/wp\/v2\/product\/835","targetHints":{"allow":["GET"]}}],"collection":[{"href":"https:\/\/barrsell.com\/en\/wp-json\/wp\/v2\/product"}],"about":[{"href":"https:\/\/barrsell.com\/en\/wp-json\/wp\/v2\/types\/product"}],"version-history":[{"count":11,"href":"https:\/\/barrsell.com\/en\/wp-json\/wp\/v2\/product\/835\/revisions"}],"predecessor-version":[{"id":20113,"href":"https:\/\/barrsell.com\/en\/wp-json\/wp\/v2\/product\/835\/revisions\/20113"}],"wp:featuredmedia":[{"embeddable":true,"href":"https:\/\/barrsell.com\/en\/wp-json\/wp\/v2\/media\/11448"}],"wp:attachment":[{"href":"https:\/\/barrsell.com\/en\/wp-json\/wp\/v2\/media?parent=835"}],"wp:term":[{"taxonomy":"product_cat","embeddable":true,"href":"https:\/\/barrsell.com\/en\/wp-json\/wp\/v2\/product_cat?post=835"},{"taxonomy":"product_tag","embeddable":true,"href":"https:\/\/barrsell.com\/en\/wp-json\/wp\/v2\/product_tag?post=835"}],"curies":[{"name":"wp","href":"https:\/\/api.w.org\/{rel}","templated":true}]}}