{"id":25277,"date":"2026-03-01T15:26:09","date_gmt":"2026-03-01T15:26:09","guid":{"rendered":"https:\/\/barrsell.com\/?post_type=product&#038;p=25277"},"modified":"2026-03-01T15:37:36","modified_gmt":"2026-03-01T15:37:36","slug":"carel-bl0t3c00h2sp-buhar-silindiri","status":"publish","type":"product","link":"https:\/\/barrsell.com\/en\/product\/carel-bl0t3c00h2sp-steam-cylinder\/","title":{"rendered":"Carel BL0T3C00H2SP Steam Cylinder"},"content":{"rendered":"<h2>Carel BL0T3C00H2SP Steam Cylinder<\/h2>\n<p>One of the most preferred spare parts from Carel, the world leader in industrial humidification solutions, is <b data-path-to-node=\"0\" data-index-in-node=\"115\">Carel BL0T3C00H2SP Steam Cylinder<\/b>, y\u00fcksek performansl\u0131 ve hijyenik buhar \u00fcretimi i\u00e7in tasarlanm\u0131\u015f olan bir m\u00fchendislik harikas\u0131d\u0131r. HumiSteam serisi elektrotlu nemlendiricilerle tam uyumludur. \u0130\u015fletme maliyetlerini d\u00fc\u015f\u00fcr\u00fcrken verimlili\u011fi maksimuma \u00e7\u0131kar\u0131r.<\/p>\n<h2 data-path-to-node=\"2\"><b data-path-to-node=\"2\" data-index-in-node=\"0\">Power and Efficiency in Industrial Humidification: Carel BL0T3C00H2SP<\/b><\/h2>\n<p data-path-to-node=\"3\">It is the most critical performance component of professional humidification systems. It is specifically designed for the humiSteam series of electrode humidifiers. By ensuring water is converted into steam in the most efficient manner, it maintains your facility's air quality at an optimal level.<\/p>","protected":false},"excerpt":{"rendered":"<p>Carel BL0T3C00H2SP Buhar Silindiri End\u00fcstriyel nemlendirme \u00e7\u00f6z\u00fcmlerinde d\u00fcnya lideri olan Carel&#8217;in en \u00e7ok tercih edilen yedek par\u00e7alar\u0131ndan biri olan Carel<\/p>","protected":false},"featured_media":25279,"template":"","meta":[],"product_cat":[136],"product_tag":[],"class_list":{"0":"post-25277","1":"product","2":"type-product","3":"status-publish","4":"has-post-thumbnail","6":"product_cat-carel-yedek-parcalari","8":"first","9":"instock","10":"shipping-taxable","11":"product-type-external"},"yoast_head":"<!-- This site is optimized with the Yoast SEO Premium plugin v23.2 (Yoast SEO v23.2) - https:\/\/yoast.com\/wordpress\/plugins\/seo\/ -->\n<title>Carel BL0T3C00H2SP Buhar Silindiri | Barrsell End\u00fcstri<\/title>\n<meta name=\"description\" content=\"Carel BL0T3C00H2SP buhar silindiri ile 18 kg\/h&#039;e kadar y\u00fcksek verimli nemlendirme sa\u011flay\u0131n. 350-750 \u00b5S\/cm su iletkenlik uyumu ve orijinal yedek par\u00e7a.\" \/>\n<meta name=\"robots\" content=\"index, follow, max-snippet:-1, max-image-preview:large, max-video-preview:-1\" \/>\n<link rel=\"canonical\" href=\"https:\/\/barrsell.com\/en\/product\/carel-bl0t3c00h2sp-steam-cylinder\/\" \/>\n<meta property=\"og:locale\" content=\"en_US\" \/>\n<meta property=\"og:type\" content=\"article\" \/>\n<meta property=\"og:title\" content=\"Carel BL0T3C00H2SP Buhar Silindiri\" \/>\n<meta property=\"og:description\" content=\"Carel BL0T3C00H2SP buhar silindiri ile 18 kg\/h&#039;e kadar y\u00fcksek verimli nemlendirme sa\u011flay\u0131n. 350-750 \u00b5S\/cm su iletkenlik uyumu ve orijinal yedek par\u00e7a.\" \/>\n<meta property=\"og:url\" content=\"https:\/\/barrsell.com\/en\/product\/carel-bl0t3c00h2sp-steam-cylinder\/\" \/>\n<meta property=\"og:site_name\" content=\"Barrsell\" \/>\n<meta property=\"article:modified_time\" content=\"2026-03-01T15:37:36+00:00\" \/>\n<meta property=\"og:image\" content=\"https:\/\/barrsell.com\/wp-content\/uploads\/2026\/03\/Carel-BL0T3C00H2SP-Buhar-Silindiri.png\" \/>\n\t<meta property=\"og:image:width\" content=\"1200\" \/>\n\t<meta property=\"og:image:height\" content=\"1200\" \/>\n\t<meta property=\"og:image:type\" content=\"image\/png\" \/>\n<meta name=\"twitter:card\" content=\"summary_large_image\" \/>\n<meta name=\"twitter:label1\" content=\"Est. reading time\" \/>\n\t<meta name=\"twitter:data1\" content=\"1 minute\" \/>\n<script type=\"application\/ld+json\" class=\"yoast-schema-graph\">{\"@context\":\"https:\/\/schema.org\",\"@graph\":[{\"@type\":\"WebPage\",\"@id\":\"https:\/\/barrsell.com\/urun\/carel-bl0t3c00h2sp-buhar-silindiri\/\",\"url\":\"https:\/\/barrsell.com\/urun\/carel-bl0t3c00h2sp-buhar-silindiri\/\",\"name\":\"Carel BL0T3C00H2SP Buhar Silindiri | Barrsell End\u00fcstri\",\"isPartOf\":{\"@id\":\"https:\/\/barrsell.com\/#website\"},\"primaryImageOfPage\":{\"@id\":\"https:\/\/barrsell.com\/urun\/carel-bl0t3c00h2sp-buhar-silindiri\/#primaryimage\"},\"image\":{\"@id\":\"https:\/\/barrsell.com\/urun\/carel-bl0t3c00h2sp-buhar-silindiri\/#primaryimage\"},\"thumbnailUrl\":\"https:\/\/barrsell.com\/wp-content\/uploads\/2026\/03\/Carel-BL0T3C00H2SP-Buhar-Silindiri.png\",\"datePublished\":\"2026-03-01T15:26:09+00:00\",\"dateModified\":\"2026-03-01T15:37:36+00:00\",\"description\":\"Carel BL0T3C00H2SP buhar silindiri ile 18 kg\/h'e kadar y\u00fcksek verimli nemlendirme sa\u011flay\u0131n. 350-750 \u00b5S\/cm su iletkenlik uyumu ve orijinal yedek par\u00e7a.\",\"breadcrumb\":{\"@id\":\"https:\/\/barrsell.com\/urun\/carel-bl0t3c00h2sp-buhar-silindiri\/#breadcrumb\"},\"inLanguage\":\"en-US\",\"potentialAction\":[{\"@type\":\"ReadAction\",\"target\":[\"https:\/\/barrsell.com\/urun\/carel-bl0t3c00h2sp-buhar-silindiri\/\"]}]},{\"@type\":\"ImageObject\",\"inLanguage\":\"en-US\",\"@id\":\"https:\/\/barrsell.com\/urun\/carel-bl0t3c00h2sp-buhar-silindiri\/#primaryimage\",\"url\":\"https:\/\/barrsell.com\/wp-content\/uploads\/2026\/03\/Carel-BL0T3C00H2SP-Buhar-Silindiri.png\",\"contentUrl\":\"https:\/\/barrsell.com\/wp-content\/uploads\/2026\/03\/Carel-BL0T3C00H2SP-Buhar-Silindiri.png\",\"width\":1200,\"height\":1200,\"caption\":\"Carel-BL0T3C00H2SP-Buhar-Silindiri\"},{\"@type\":\"BreadcrumbList\",\"@id\":\"https:\/\/barrsell.com\/urun\/carel-bl0t3c00h2sp-buhar-silindiri\/#breadcrumb\",\"itemListElement\":[{\"@type\":\"ListItem\",\"position\":1,\"name\":\"Home\",\"item\":\"https:\/\/barrsell.com\/\"},{\"@type\":\"ListItem\",\"position\":2,\"name\":\"\u00dcr\u00fcnler\",\"item\":\"https:\/\/barrsell.com\/en\/products\/\"},{\"@type\":\"ListItem\",\"position\":3,\"name\":\"Carel BL0T3C00H2SP Buhar Silindiri\"}]},{\"@type\":\"WebSite\",\"@id\":\"https:\/\/barrsell.com\/#website\",\"url\":\"https:\/\/barrsell.com\/\",\"name\":\"Barrsell End\u00fcstri Makine\",\"description\":\"Teknolojiyle G\u00fc\u00e7lenen End\u00fcstriyel \u00c7\u00f6z\u00fcmler!\",\"potentialAction\":[{\"@type\":\"SearchAction\",\"target\":{\"@type\":\"EntryPoint\",\"urlTemplate\":\"https:\/\/barrsell.com\/?s={search_term_string}\"},\"query-input\":\"required name=search_term_string\"}],\"inLanguage\":\"en-US\"}]}<\/script>\n<!-- \/ Yoast SEO Premium plugin. -->","yoast_head_json":{"title":"Carel BL0T3C00H2SP Buhar Silindiri | Barrsell End\u00fcstri","description":"Carel BL0T3C00H2SP buhar silindiri ile 18 kg\/h'e kadar y\u00fcksek verimli nemlendirme sa\u011flay\u0131n. 350-750 \u00b5S\/cm su iletkenlik uyumu ve orijinal yedek par\u00e7a.","robots":{"index":"index","follow":"follow","max-snippet":"max-snippet:-1","max-image-preview":"max-image-preview:large","max-video-preview":"max-video-preview:-1"},"canonical":"https:\/\/barrsell.com\/en\/product\/carel-bl0t3c00h2sp-steam-cylinder\/","og_locale":"en_US","og_type":"article","og_title":"Carel BL0T3C00H2SP Buhar Silindiri","og_description":"Carel BL0T3C00H2SP buhar silindiri ile 18 kg\/h'e kadar y\u00fcksek verimli nemlendirme sa\u011flay\u0131n. 350-750 \u00b5S\/cm su iletkenlik uyumu ve orijinal yedek par\u00e7a.","og_url":"https:\/\/barrsell.com\/en\/product\/carel-bl0t3c00h2sp-steam-cylinder\/","og_site_name":"Barrsell","article_modified_time":"2026-03-01T15:37:36+00:00","og_image":[{"width":1200,"height":1200,"url":"https:\/\/barrsell.com\/wp-content\/uploads\/2026\/03\/Carel-BL0T3C00H2SP-Buhar-Silindiri.png","type":"image\/png"}],"twitter_card":"summary_large_image","twitter_misc":{"Est. reading time":"1 minute"},"schema":{"@context":"https:\/\/schema.org","@graph":[{"@type":"WebPage","@id":"https:\/\/barrsell.com\/urun\/carel-bl0t3c00h2sp-buhar-silindiri\/","url":"https:\/\/barrsell.com\/urun\/carel-bl0t3c00h2sp-buhar-silindiri\/","name":"Carel BL0T3C00H2SP Buhar Silindiri | Barrsell End\u00fcstri","isPartOf":{"@id":"https:\/\/barrsell.com\/#website"},"primaryImageOfPage":{"@id":"https:\/\/barrsell.com\/urun\/carel-bl0t3c00h2sp-buhar-silindiri\/#primaryimage"},"image":{"@id":"https:\/\/barrsell.com\/urun\/carel-bl0t3c00h2sp-buhar-silindiri\/#primaryimage"},"thumbnailUrl":"https:\/\/barrsell.com\/wp-content\/uploads\/2026\/03\/Carel-BL0T3C00H2SP-Buhar-Silindiri.png","datePublished":"2026-03-01T15:26:09+00:00","dateModified":"2026-03-01T15:37:36+00:00","description":"Carel BL0T3C00H2SP buhar silindiri ile 18 kg\/h'e kadar y\u00fcksek verimli nemlendirme sa\u011flay\u0131n. 350-750 \u00b5S\/cm su iletkenlik uyumu ve orijinal yedek par\u00e7a.","breadcrumb":{"@id":"https:\/\/barrsell.com\/urun\/carel-bl0t3c00h2sp-buhar-silindiri\/#breadcrumb"},"inLanguage":"en-US","potentialAction":[{"@type":"ReadAction","target":["https:\/\/barrsell.com\/urun\/carel-bl0t3c00h2sp-buhar-silindiri\/"]}]},{"@type":"ImageObject","inLanguage":"en-US","@id":"https:\/\/barrsell.com\/urun\/carel-bl0t3c00h2sp-buhar-silindiri\/#primaryimage","url":"https:\/\/barrsell.com\/wp-content\/uploads\/2026\/03\/Carel-BL0T3C00H2SP-Buhar-Silindiri.png","contentUrl":"https:\/\/barrsell.com\/wp-content\/uploads\/2026\/03\/Carel-BL0T3C00H2SP-Buhar-Silindiri.png","width":1200,"height":1200,"caption":"Carel-BL0T3C00H2SP-Buhar-Silindiri"},{"@type":"BreadcrumbList","@id":"https:\/\/barrsell.com\/urun\/carel-bl0t3c00h2sp-buhar-silindiri\/#breadcrumb","itemListElement":[{"@type":"ListItem","position":1,"name":"Home","item":"https:\/\/barrsell.com\/"},{"@type":"ListItem","position":2,"name":"\u00dcr\u00fcnler","item":"https:\/\/barrsell.com\/en\/products\/"},{"@type":"ListItem","position":3,"name":"Carel BL0T3C00H2SP Buhar Silindiri"}]},{"@type":"WebSite","@id":"https:\/\/barrsell.com\/#website","url":"https:\/\/barrsell.com\/","name":"Barrsell End\u00fcstri Makine","description":"Teknolojiyle G\u00fc\u00e7lenen End\u00fcstriyel \u00c7\u00f6z\u00fcmler!","potentialAction":[{"@type":"SearchAction","target":{"@type":"EntryPoint","urlTemplate":"https:\/\/barrsell.com\/?s={search_term_string}"},"query-input":"required name=search_term_string"}],"inLanguage":"en-US"}]}},"_links":{"self":[{"href":"https:\/\/barrsell.com\/en\/wp-json\/wp\/v2\/product\/25277","targetHints":{"allow":["GET"]}}],"collection":[{"href":"https:\/\/barrsell.com\/en\/wp-json\/wp\/v2\/product"}],"about":[{"href":"https:\/\/barrsell.com\/en\/wp-json\/wp\/v2\/types\/product"}],"version-history":[{"count":4,"href":"https:\/\/barrsell.com\/en\/wp-json\/wp\/v2\/product\/25277\/revisions"}],"predecessor-version":[{"id":25282,"href":"https:\/\/barrsell.com\/en\/wp-json\/wp\/v2\/product\/25277\/revisions\/25282"}],"wp:featuredmedia":[{"embeddable":true,"href":"https:\/\/barrsell.com\/en\/wp-json\/wp\/v2\/media\/25279"}],"wp:attachment":[{"href":"https:\/\/barrsell.com\/en\/wp-json\/wp\/v2\/media?parent=25277"}],"wp:term":[{"taxonomy":"product_cat","embeddable":true,"href":"https:\/\/barrsell.com\/en\/wp-json\/wp\/v2\/product_cat?post=25277"},{"taxonomy":"product_tag","embeddable":true,"href":"https:\/\/barrsell.com\/en\/wp-json\/wp\/v2\/product_tag?post=25277"}],"curies":[{"name":"wp","href":"https:\/\/api.w.org\/{rel}","templated":true}]}}