{"id":25269,"date":"2026-02-24T06:58:13","date_gmt":"2026-02-24T06:58:13","guid":{"rendered":"https:\/\/barrsell.com\/?post_type=product&#038;p=25269"},"modified":"2026-02-24T08:13:45","modified_gmt":"2026-02-24T08:13:45","slug":"carel-blot2cooho-buhar-silindiri","status":"publish","type":"product","link":"https:\/\/barrsell.com\/en\/product\/carel-blot2cooho-steam-cylinder\/","title":{"rendered":"Carel BLOT2COOHO Steam Cylinder"},"content":{"rendered":"<h2 class=\"mceTemp\"><span style=\"color: #333333; font-size: 16px;\">Carel BLOT2COOHO Steam Cylinder<\/span><\/h2>\n<p data-start=\"166\" data-end=\"519\" class=\" translation-block\"><span class=\"hover:entity-accent entity-underline inline cursor-pointer align-baseline\"><span class=\"whitespace-normal\">Carel Industries S.p.A.<\/ span><\/span> has developed the <strong data-start=\"\u201c228\u201d\" data-end=\"\u201c258\u201d\">BLOT2COOHO Steam Cylinder<\/strong>, designed to ensure reliable steam production in electrode steam generators, while also being a highly efficient and long-lasting consumable. It is optimized for stable performance and hygienic steam production, particularly in professional humidification applications.\n\nTranslated with DeepL.com (free version)<\/p>\n<div id=\"product.attributes\" class=\"data item content\" role=\"tabpanel\" data-role=\"content\" aria-labelledby=\"tab-label-product.attributes\" aria-hidden=\"false\">\n<div class=\"additional-attributes-wrapper table-wrapper\">\n<h4>Features<\/h4>\n<table width=\"0\">\n<tbody>\n<tr>\n<td colspan=\"2\">Learn More<\/td>\n<\/tr>\n<tr>\n<td>Manufacturer<\/td>\n<td data-th=\"Manufacturer\">Carel<\/td>\n<\/tr>\n<tr>\n<td>Product Type<\/td>\n<td data-th=\"Product Type\">Humidification<\/td>\n<\/tr>\n<tr>\n<td>Application<\/td>\n<td data-th=\"Steam Hose Connection Size\">5\u20138 kg\/hour steam production<\/td>\n<\/tr>\n<tr>\n<td>Service Range<\/td>\n<td data-th=\"Service Interval\">3 to 12 Month<\/td>\n<\/tr>\n<tr>\n<td>Weight<\/td>\n<td data-th=\"Product Length\">Approximately 2.49<\/td>\n<\/tr>\n<tr>\n<td>Working Principle<\/td>\n<td data-th=\"Product Width\">It boils water and produces steam using conductivity and electrodes.<\/td>\n<\/tr>\n<tr>\n<td>Frequency<\/td>\n<td data-th=\"Product Height\">50\u201360 Hz<\/td>\n<\/tr>\n<tr>\n<td>Water Inlet Pressure<\/td>\n<td data-th=\"Product Weight\">A minimum of 0.1\u20130.3 bar is recommended.<\/td>\n<\/tr>\n<tr>\n<td>Material<\/td>\n<td data-th=\"Material\">Plastic<\/td>\n<\/tr>\n<tr>\n<td>Color<\/td>\n<td data-th=\"Color\">White<\/td>\n<\/tr>\n<tr>\n<td>Production Country<\/td>\n<td data-th=\"Country of Manufacture\">Italy<\/td>\n<\/tr>\n<tr>\n<td>Automation Compatibility<\/td>\n<td data-th=\"Schedule B Number\">Full integration with Carel control panels<\/td>\n<\/tr>\n<tr>\n<td>Protection Class<\/td>\n<td data-th=\"Shipping Length\">Designed to withstand water and mineral deposits<\/td>\n<\/tr>\n<tr>\n<td>Ease of Change<\/td>\n<td data-th=\"Shipping Width\">Quick maintenance thanks to the snap-on system<\/td>\n<\/tr>\n<tr>\n<td>Spare Part Compatibility<\/td>\n<td data-th=\"Shipping Height\">Fully compatible with original Carel steam cylinders<\/td>\n<\/tr>\n<\/tbody>\n<\/table>\n<p>&nbsp;<\/p>\n<\/div>\n<\/div>\n<h3><strong>Technical Features and Benefits<\/strong><\/h3>\n<h4 data-start=\"961\" data-end=\"1004\">\u2705 1. <strong data-start=\"970\" data-end=\"1002\">High Efficiency Steam Generation<\/strong><\/h4>\n<p data-start=\"1005\" data-end=\"1170\">BL0T2C00H0 rapidly vaporizes water through controlled transmission between electrodes, producing high levels of humidity. It delivers stable performance in the range of 5\u20138 kg\/hour.<\/p>\n<h4 data-start=\"1172\" data-end=\"1203\">\u2705 2. <strong data-start=\"1181\" data-end=\"1201\">Energy Conservation<\/strong><\/h4>\n<p data-start=\"1204\" data-end=\"1354\">The principle of electrode steam generation reduces unnecessary energy consumption. This results in lower operating costs compared to heating element systems.<\/p>\n<h4 data-start=\"1356\" data-end=\"1391\">\u2705 3. <strong data-start=\"1365\" data-end=\"1389\">Easy Installation &amp; Maintenance<\/strong><\/h4>\n<p data-start=\"1392\" data-end=\"1482\">Thanks to its modular design, cylinder replacement is quick and practical; service time is minimal.<\/p>\n<h4 data-start=\"1484\" data-end=\"1523\">\u2705 4. <strong data-start=\"1493\" data-end=\"1521\">Genuine Parts Guarantee<\/strong><\/h4>\n<p data-start=\"1524\" data-end=\"1720\">Carel original production ensures correct performance and a long service life in compatible humidifier models. Performance deviations and the risk of early failure are more likely to occur in aftermarket products.<\/p>\n<h4 data-start=\"1722\" data-end=\"1764\">\u2705 5. <strong data-start=\"1731\" data-end=\"1762\">Long-Lasting Electrode Structure<\/strong><\/h4>\n<p data-start=\"1765\" data-end=\"1873\">Corrosion-resistant electrodes provide long-term stable use under standard humidification conditions.<\/p>\n<h4 data-start=\"1875\" data-end=\"1910\">\u2705 6. <strong data-start=\"1884\" data-end=\"1908\">Wide Range of Applications<\/strong><\/h4>\n<p data-start=\"1911\" data-end=\"2070\">Whether it's industrial HVAC, air conditioning systems, or spa &amp; wellness projects, this cylinder adapts to steam humidification systems of different volumes.<\/p>\n<h4 data-start=\"2072\" data-end=\"2107\">\u2705 7. <strong data-start=\"2081\" data-end=\"2105\">Balanced Humidity Control<\/strong><\/h4>\n<p data-start=\"2108\" data-end=\"2212\">It optimizes moisture production by automatically monitoring water conductivity and minimizes sudden moisture changes.<\/p>\n<h2 data-start=\"1294\" data-end=\"1326\">\u2699\ufe0f Performance and System Compatibility<\/h2>\n<p data-start=\"1328\" data-end=\"1515\">The BL0T2C00H0 model works in full harmony with the humidification system's electronic control unit. It also automatically detects water level and conductivity to optimize steam production. Thus:<\/p>\n<ul data-start=\"1517\" data-end=\"1656\">\n<li data-start=\"1517\" data-end=\"1554\">\n<p data-start=\"1519\" data-end=\"1554\">Preventing sudden humidity fluctuations<\/p>\n<\/li>\n<li data-start=\"1555\" data-end=\"1580\">\n<p data-start=\"1557\" data-end=\"1580\">Environmental comfort protection<\/p>\n<\/li>\n<li data-start=\"1581\" data-end=\"1611\">\n<p data-start=\"1583\" data-end=\"1611\">Energy consumption balancing<\/p>\n<\/li>\n<li data-start=\"1612\" data-end=\"1656\">\n<p data-start=\"1614\" data-end=\"1656\">The efficiency of HVAC systems is increased<\/p>\n<\/li>\n<\/ul>\n<p data-start=\"1658\" data-end=\"1777\">It provides stable performance, especially in air conditioning systems, production facilities, and areas requiring precise humidity control.<\/p>","protected":false},"excerpt":{"rendered":"<h4><strong>Compatible Humidifier Models<\/strong><\/h4>\n<ul>\n<li>Carel humiSteam Basic<\/li>\n<li>Carel humiSteam X-Plus<\/li>\n<li>Carel humiSteam Wellness<\/li>\n<li>Carel humiSteam Compact Steam<\/li>\n<li>Carel humiSteam UE005Y \/ UE008Y Serisi<\/li>\n<\/ul>","protected":false},"featured_media":25274,"template":"","meta":[],"product_cat":[136],"product_tag":[],"class_list":{"0":"post-25269","1":"product","2":"type-product","3":"status-publish","4":"has-post-thumbnail","6":"product_cat-carel-yedek-parcalari","8":"first","9":"instock","10":"shipping-taxable","11":"product-type-external"},"yoast_head":"<!-- This site is optimized with the Yoast SEO Premium plugin v23.2 (Yoast SEO v23.2) - https:\/\/yoast.com\/wordpress\/plugins\/seo\/ -->\n<title>Carel BLOT2COOHO Buhar Silindiri | Barrsell End\u00fcstri<\/title>\n<meta name=\"description\" content=\"Carel BLOT2COOHO Buhar Silindiri Yedek Par\u00e7as\u0131, y\u00fcksek verimlili\u011fi ve dayan\u0131kl\u0131l\u0131\u011f\u0131yla Carel nemlendirme sistemlerinin performans\u0131n\u0131 artt\u0131r\u0131r.\" \/>\n<meta name=\"robots\" content=\"index, follow, max-snippet:-1, max-image-preview:large, max-video-preview:-1\" \/>\n<link rel=\"canonical\" href=\"https:\/\/barrsell.com\/en\/product\/carel-blot2cooho-steam-cylinder\/\" \/>\n<meta property=\"og:locale\" content=\"en_US\" \/>\n<meta property=\"og:type\" content=\"article\" \/>\n<meta property=\"og:title\" content=\"Carel BLOT2COOHO Buhar Silindiri\" \/>\n<meta property=\"og:description\" content=\"Carel BLOT2COOHO Buhar Silindiri Yedek Par\u00e7as\u0131, y\u00fcksek verimlili\u011fi ve dayan\u0131kl\u0131l\u0131\u011f\u0131yla Carel nemlendirme sistemlerinin performans\u0131n\u0131 artt\u0131r\u0131r.\" \/>\n<meta property=\"og:url\" content=\"https:\/\/barrsell.com\/en\/product\/carel-blot2cooho-steam-cylinder\/\" \/>\n<meta property=\"og:site_name\" content=\"Barrsell\" \/>\n<meta property=\"article:modified_time\" content=\"2026-02-24T08:13:45+00:00\" \/>\n<meta property=\"og:image\" content=\"https:\/\/barrsell.com\/wp-content\/uploads\/2026\/02\/Carel-BLOT2COOHO-Buhar-Silindiri.png\" \/>\n\t<meta property=\"og:image:width\" content=\"1200\" \/>\n\t<meta property=\"og:image:height\" content=\"1200\" \/>\n\t<meta property=\"og:image:type\" content=\"image\/png\" \/>\n<meta name=\"twitter:card\" content=\"summary_large_image\" \/>\n<meta name=\"twitter:label1\" content=\"Est. reading time\" \/>\n\t<meta name=\"twitter:data1\" content=\"3 minutes\" \/>\n<script type=\"application\/ld+json\" class=\"yoast-schema-graph\">{\"@context\":\"https:\/\/schema.org\",\"@graph\":[{\"@type\":\"WebPage\",\"@id\":\"https:\/\/barrsell.com\/urun\/carel-blot2cooho-buhar-silindiri\/\",\"url\":\"https:\/\/barrsell.com\/urun\/carel-blot2cooho-buhar-silindiri\/\",\"name\":\"Carel BLOT2COOHO Buhar Silindiri | Barrsell End\u00fcstri\",\"isPartOf\":{\"@id\":\"https:\/\/barrsell.com\/#website\"},\"primaryImageOfPage\":{\"@id\":\"https:\/\/barrsell.com\/urun\/carel-blot2cooho-buhar-silindiri\/#primaryimage\"},\"image\":{\"@id\":\"https:\/\/barrsell.com\/urun\/carel-blot2cooho-buhar-silindiri\/#primaryimage\"},\"thumbnailUrl\":\"https:\/\/barrsell.com\/wp-content\/uploads\/2026\/02\/Carel-BLOT2COOHO-Buhar-Silindiri.png\",\"datePublished\":\"2026-02-24T06:58:13+00:00\",\"dateModified\":\"2026-02-24T08:13:45+00:00\",\"description\":\"Carel BLOT2COOHO Buhar Silindiri Yedek Par\u00e7as\u0131, y\u00fcksek verimlili\u011fi ve dayan\u0131kl\u0131l\u0131\u011f\u0131yla Carel nemlendirme sistemlerinin performans\u0131n\u0131 artt\u0131r\u0131r.\",\"breadcrumb\":{\"@id\":\"https:\/\/barrsell.com\/urun\/carel-blot2cooho-buhar-silindiri\/#breadcrumb\"},\"inLanguage\":\"en-US\",\"potentialAction\":[{\"@type\":\"ReadAction\",\"target\":[\"https:\/\/barrsell.com\/urun\/carel-blot2cooho-buhar-silindiri\/\"]}]},{\"@type\":\"ImageObject\",\"inLanguage\":\"en-US\",\"@id\":\"https:\/\/barrsell.com\/urun\/carel-blot2cooho-buhar-silindiri\/#primaryimage\",\"url\":\"https:\/\/barrsell.com\/wp-content\/uploads\/2026\/02\/Carel-BLOT2COOHO-Buhar-Silindiri.png\",\"contentUrl\":\"https:\/\/barrsell.com\/wp-content\/uploads\/2026\/02\/Carel-BLOT2COOHO-Buhar-Silindiri.png\",\"width\":1200,\"height\":1200,\"caption\":\"Carel BLOT2COOHO Buhar Silindiri\"},{\"@type\":\"BreadcrumbList\",\"@id\":\"https:\/\/barrsell.com\/urun\/carel-blot2cooho-buhar-silindiri\/#breadcrumb\",\"itemListElement\":[{\"@type\":\"ListItem\",\"position\":1,\"name\":\"Home\",\"item\":\"https:\/\/barrsell.com\/\"},{\"@type\":\"ListItem\",\"position\":2,\"name\":\"\u00dcr\u00fcnler\",\"item\":\"https:\/\/barrsell.com\/en\/products\/\"},{\"@type\":\"ListItem\",\"position\":3,\"name\":\"Carel BLOT2COOHO Buhar Silindiri\"}]},{\"@type\":\"WebSite\",\"@id\":\"https:\/\/barrsell.com\/#website\",\"url\":\"https:\/\/barrsell.com\/\",\"name\":\"Barrsell End\u00fcstri Makine\",\"description\":\"Teknolojiyle G\u00fc\u00e7lenen End\u00fcstriyel \u00c7\u00f6z\u00fcmler!\",\"potentialAction\":[{\"@type\":\"SearchAction\",\"target\":{\"@type\":\"EntryPoint\",\"urlTemplate\":\"https:\/\/barrsell.com\/?s={search_term_string}\"},\"query-input\":\"required name=search_term_string\"}],\"inLanguage\":\"en-US\"}]}<\/script>\n<!-- \/ Yoast SEO Premium plugin. -->","yoast_head_json":{"title":"Carel BLOT2COOHO Buhar Silindiri | Barrsell End\u00fcstri","description":"Carel BLOT2COOHO Buhar Silindiri Yedek Par\u00e7as\u0131, y\u00fcksek verimlili\u011fi ve dayan\u0131kl\u0131l\u0131\u011f\u0131yla Carel nemlendirme sistemlerinin performans\u0131n\u0131 artt\u0131r\u0131r.","robots":{"index":"index","follow":"follow","max-snippet":"max-snippet:-1","max-image-preview":"max-image-preview:large","max-video-preview":"max-video-preview:-1"},"canonical":"https:\/\/barrsell.com\/en\/product\/carel-blot2cooho-steam-cylinder\/","og_locale":"en_US","og_type":"article","og_title":"Carel BLOT2COOHO Buhar Silindiri","og_description":"Carel BLOT2COOHO Buhar Silindiri Yedek Par\u00e7as\u0131, y\u00fcksek verimlili\u011fi ve dayan\u0131kl\u0131l\u0131\u011f\u0131yla Carel nemlendirme sistemlerinin performans\u0131n\u0131 artt\u0131r\u0131r.","og_url":"https:\/\/barrsell.com\/en\/product\/carel-blot2cooho-steam-cylinder\/","og_site_name":"Barrsell","article_modified_time":"2026-02-24T08:13:45+00:00","og_image":[{"width":1200,"height":1200,"url":"https:\/\/barrsell.com\/wp-content\/uploads\/2026\/02\/Carel-BLOT2COOHO-Buhar-Silindiri.png","type":"image\/png"}],"twitter_card":"summary_large_image","twitter_misc":{"Est. reading time":"3 minutes"},"schema":{"@context":"https:\/\/schema.org","@graph":[{"@type":"WebPage","@id":"https:\/\/barrsell.com\/urun\/carel-blot2cooho-buhar-silindiri\/","url":"https:\/\/barrsell.com\/urun\/carel-blot2cooho-buhar-silindiri\/","name":"Carel BLOT2COOHO Buhar Silindiri | Barrsell End\u00fcstri","isPartOf":{"@id":"https:\/\/barrsell.com\/#website"},"primaryImageOfPage":{"@id":"https:\/\/barrsell.com\/urun\/carel-blot2cooho-buhar-silindiri\/#primaryimage"},"image":{"@id":"https:\/\/barrsell.com\/urun\/carel-blot2cooho-buhar-silindiri\/#primaryimage"},"thumbnailUrl":"https:\/\/barrsell.com\/wp-content\/uploads\/2026\/02\/Carel-BLOT2COOHO-Buhar-Silindiri.png","datePublished":"2026-02-24T06:58:13+00:00","dateModified":"2026-02-24T08:13:45+00:00","description":"Carel BLOT2COOHO Buhar Silindiri Yedek Par\u00e7as\u0131, y\u00fcksek verimlili\u011fi ve dayan\u0131kl\u0131l\u0131\u011f\u0131yla Carel nemlendirme sistemlerinin performans\u0131n\u0131 artt\u0131r\u0131r.","breadcrumb":{"@id":"https:\/\/barrsell.com\/urun\/carel-blot2cooho-buhar-silindiri\/#breadcrumb"},"inLanguage":"en-US","potentialAction":[{"@type":"ReadAction","target":["https:\/\/barrsell.com\/urun\/carel-blot2cooho-buhar-silindiri\/"]}]},{"@type":"ImageObject","inLanguage":"en-US","@id":"https:\/\/barrsell.com\/urun\/carel-blot2cooho-buhar-silindiri\/#primaryimage","url":"https:\/\/barrsell.com\/wp-content\/uploads\/2026\/02\/Carel-BLOT2COOHO-Buhar-Silindiri.png","contentUrl":"https:\/\/barrsell.com\/wp-content\/uploads\/2026\/02\/Carel-BLOT2COOHO-Buhar-Silindiri.png","width":1200,"height":1200,"caption":"Carel BLOT2COOHO Buhar Silindiri"},{"@type":"BreadcrumbList","@id":"https:\/\/barrsell.com\/urun\/carel-blot2cooho-buhar-silindiri\/#breadcrumb","itemListElement":[{"@type":"ListItem","position":1,"name":"Home","item":"https:\/\/barrsell.com\/"},{"@type":"ListItem","position":2,"name":"\u00dcr\u00fcnler","item":"https:\/\/barrsell.com\/en\/products\/"},{"@type":"ListItem","position":3,"name":"Carel BLOT2COOHO Buhar Silindiri"}]},{"@type":"WebSite","@id":"https:\/\/barrsell.com\/#website","url":"https:\/\/barrsell.com\/","name":"Barrsell End\u00fcstri Makine","description":"Teknolojiyle G\u00fc\u00e7lenen End\u00fcstriyel \u00c7\u00f6z\u00fcmler!","potentialAction":[{"@type":"SearchAction","target":{"@type":"EntryPoint","urlTemplate":"https:\/\/barrsell.com\/?s={search_term_string}"},"query-input":"required name=search_term_string"}],"inLanguage":"en-US"}]}},"_links":{"self":[{"href":"https:\/\/barrsell.com\/en\/wp-json\/wp\/v2\/product\/25269","targetHints":{"allow":["GET"]}}],"collection":[{"href":"https:\/\/barrsell.com\/en\/wp-json\/wp\/v2\/product"}],"about":[{"href":"https:\/\/barrsell.com\/en\/wp-json\/wp\/v2\/types\/product"}],"version-history":[{"count":4,"href":"https:\/\/barrsell.com\/en\/wp-json\/wp\/v2\/product\/25269\/revisions"}],"predecessor-version":[{"id":25276,"href":"https:\/\/barrsell.com\/en\/wp-json\/wp\/v2\/product\/25269\/revisions\/25276"}],"wp:featuredmedia":[{"embeddable":true,"href":"https:\/\/barrsell.com\/en\/wp-json\/wp\/v2\/media\/25274"}],"wp:attachment":[{"href":"https:\/\/barrsell.com\/en\/wp-json\/wp\/v2\/media?parent=25269"}],"wp:term":[{"taxonomy":"product_cat","embeddable":true,"href":"https:\/\/barrsell.com\/en\/wp-json\/wp\/v2\/product_cat?post=25269"},{"taxonomy":"product_tag","embeddable":true,"href":"https:\/\/barrsell.com\/en\/wp-json\/wp\/v2\/product_tag?post=25269"}],"curies":[{"name":"wp","href":"https:\/\/api.w.org\/{rel}","templated":true}]}}