{"id":22691,"date":"2025-08-28T15:16:47","date_gmt":"2025-08-28T15:16:47","guid":{"rendered":"https:\/\/barrsell.com\/?post_type=product&#038;p=22691"},"modified":"2025-11-07T13:48:11","modified_gmt":"2025-11-07T13:48:11","slug":"kastamonu-eflani-bej-mermer","status":"publish","type":"product","link":"https:\/\/barrsell.com\/en\/product\/kastamonu-eflani-beige-marble\/","title":{"rendered":"Kastamonu Eflani Bej Mermer"},"content":{"rendered":"<div data-elementor-type=\"product-post\" data-elementor-id=\"22691\" class=\"elementor elementor-22691\" data-elementor-post-type=\"product\">\n\t\t\t\t<div class=\"wd-negative-gap elementor-element elementor-element-543c2dd9 e-flex e-con-boxed e-con e-parent\" data-id=\"543c2dd9\" data-element_type=\"container\">\n\t\t\t\t\t<div class=\"e-con-inner\">\n\t\t\t\t<div class=\"elementor-element elementor-element-6f8724ac color-scheme-inherit text-left elementor-widget elementor-widget-text-editor\" data-id=\"6f8724ac\" data-element_type=\"widget\" data-widget_type=\"text-editor.default\">\n\t\t\t\t<div class=\"elementor-widget-container\">\n\t\t\t\t\t\t\t\t\t<h1 data-start=\"135\" data-end=\"166\">Kastamonu Eflani Bej Mermer<\/h1><p data-start=\"168\" data-end=\"541\">T\u00fcrkiye\u2019nin Kastamonu ili Eflani b\u00f6lgesinden \u00e7\u0131kar\u0131lan <strong data-start=\"242\" data-end=\"264\">Eflani Bej Mermeri<\/strong>, homojen bej rengi ve ince damar yap\u0131s\u0131yla \u00f6ne \u00e7\u0131kan zarif bir do\u011fal ta\u015ft\u0131r. S\u0131cak tonlar\u0131 sayesinde mek\u00e2nlara <strong data-start=\"376\" data-end=\"415\">do\u011fall\u0131k, huzur ve estetik bir uyum<\/strong> kazand\u0131r\u0131r. Hem klasik hem de modern mimaride tercih edilen bu mermer, i\u00e7 ve d\u0131\u015f mek\u00e2nlarda uzun \u00f6m\u00fcrl\u00fc bir kullan\u0131m sunar.<\/p><p data-start=\"543\" data-end=\"569\"><strong data-start=\"543\" data-end=\"567\">Main Features:<\/strong><\/p><ul data-start=\"570\" data-end=\"894\"><li data-start=\"570\" data-end=\"645\"><p data-start=\"572\" data-end=\"645\"><strong data-start=\"572\" data-end=\"593\">Homojen bej zemin<\/strong> ve do\u011fal desen yap\u0131s\u0131 ile estetik g\u00f6r\u00fcn\u00fcm sa\u011flar.<\/p><\/li><li data-start=\"646\" data-end=\"712\"><p data-start=\"648\" data-end=\"712\">Dayan\u0131kl\u0131 ve sert yap\u0131s\u0131yla uzun y\u0131llar boyunca formunu korur.<\/p><\/li><li data-start=\"713\" data-end=\"785\"><p data-start=\"715\" data-end=\"785\">Cilal\u0131, honlu, eskitilmi\u015f veya patinato y\u00fczey se\u00e7enekleri mevcuttur.<\/p><\/li><li data-start=\"786\" data-end=\"841\"><p data-start=\"788\" data-end=\"841\">Kolay temizlenebilir ve bak\u0131m gereksinimi d\u00fc\u015f\u00fckt\u00fcr.<\/p><\/li><li data-start=\"842\" data-end=\"894\"><p data-start=\"844\" data-end=\"894\">Hem i\u00e7 hem d\u0131\u015f mek\u00e2n uygulamalar\u0131 i\u00e7in uygundur.<\/p><\/li><\/ul><p data-start=\"896\" data-end=\"920\"><strong data-start=\"896\" data-end=\"918\">Description:<\/strong><\/p><ul data-start=\"921\" data-end=\"1210\"><li data-start=\"921\" data-end=\"982\"><p data-start=\"923\" data-end=\"982\">Konut ve ticari projelerde <strong data-start=\"950\" data-end=\"980\">zemin ve duvar kaplamalar\u0131<\/strong><\/p><\/li><li data-start=\"983\" data-end=\"1038\"><p data-start=\"985\" data-end=\"1038\">Hamam, spa ve banyo y\u00fczeylerinde dekoratif \u00e7\u00f6z\u00fcmler<\/p><\/li><li data-start=\"1039\" data-end=\"1099\"><p data-start=\"1041\" data-end=\"1099\">Mutfak tezg\u00e2h\u0131, banyo lavabosu ve masa \u00fcst\u00fc uygulamalar\u0131<\/p><\/li><li data-start=\"1100\" data-end=\"1151\"><p data-start=\"1102\" data-end=\"1151\">Merdiven, kolon kaplamalar\u0131 ve \u015f\u00f6mine \u00e7evreleri<\/p><\/li><li data-start=\"1152\" data-end=\"1210\"><p data-start=\"1154\" data-end=\"1210\">Otel, AVM ve villa projelerinde l\u00fcks tasar\u0131m detaylar\u0131<\/p><\/li><\/ul>\t\t\t\t\t\t\t\t<\/div>\n\t\t\t\t<\/div>\n\t\t\t\t\t<\/div>\n\t\t\t\t<\/div>\n\t\t<div class=\"wd-negative-gap elementor-element elementor-element-c797b4a e-flex e-con-boxed e-con e-parent\" data-id=\"c797b4a\" data-element_type=\"container\">\n\t\t\t\t\t<div class=\"e-con-inner\">\n\t\t\t\t<div class=\"elementor-element elementor-element-7beef5b elementor-widget elementor-widget-wd_image_or_svg\" data-id=\"7beef5b\" data-element_type=\"widget\" data-widget_type=\"wd_image_or_svg.default\">\n\t\t\t\t<div class=\"elementor-widget-container\">\n\t\t\t\t\t\n\t\t<div class=\"wd-image text-left\">\n\t\t\t\t\t\t\t\t<img fetchpriority=\"high\" decoding=\"async\" width=\"1536\" height=\"1024\" src=\"https:\/\/barrsell.com\/wp-content\/uploads\/2025\/08\/Kastamonu-Eflani-Bej-Mermer-1.png\" class=\"attachment-full size-full\" alt=\"\" srcset=\"https:\/\/barrsell.com\/wp-content\/uploads\/2025\/08\/Kastamonu-Eflani-Bej-Mermer-1.png 1536w, https:\/\/barrsell.com\/wp-content\/uploads\/2025\/08\/Kastamonu-Eflani-Bej-Mermer-1-300x200.png 300w, https:\/\/barrsell.com\/wp-content\/uploads\/2025\/08\/Kastamonu-Eflani-Bej-Mermer-1-1024x683.png 1024w, https:\/\/barrsell.com\/wp-content\/uploads\/2025\/08\/Kastamonu-Eflani-Bej-Mermer-1-768x512.png 768w, https:\/\/barrsell.com\/wp-content\/uploads\/2025\/08\/Kastamonu-Eflani-Bej-Mermer-1-18x12.png 18w, https:\/\/barrsell.com\/wp-content\/uploads\/2025\/08\/Kastamonu-Eflani-Bej-Mermer-1-1200x800.png 1200w, https:\/\/barrsell.com\/wp-content\/uploads\/2025\/08\/Kastamonu-Eflani-Bej-Mermer-1-150x100.png 150w\" sizes=\"(max-width: 1536px) 100vw, 1536px\" \/>\t\t\t\t\t<\/div>\n\n\t\t\t\t\t\t<\/div>\n\t\t\t\t<\/div>\n\t\t\t\t\t<\/div>\n\t\t\t\t<\/div>\n\t\t\t\t<\/div>","protected":false},"excerpt":{"rendered":"<p>&nbsp;<\/p>\n<p>&nbsp;<\/p>","protected":false},"featured_media":22692,"template":"","meta":[],"product_cat":[90,220],"product_tag":[],"class_list":{"0":"post-22691","1":"product","2":"type-product","3":"status-publish","4":"has-post-thumbnail","6":"product_cat-turk-hamami-ekipmanlari","7":"product_cat-turk-hamami-mermerleri","9":"first","10":"instock","11":"shipping-taxable","12":"product-type-simple"},"yoast_head":"<!-- This site is optimized with the Yoast SEO Premium plugin v23.2 (Yoast SEO v23.2) - https:\/\/yoast.com\/wordpress\/plugins\/seo\/ -->\n<title>Kastamonu Eflani Bej Mermer | Barrsell End\u00fcstri<\/title>\n<meta name=\"description\" content=\"T\u00fcrkiye\u2019nin Kastamonu ili Eflani b\u00f6lgesinden \u00e7\u0131kar\u0131lan Eflani Bej Mermeri, homojen bej rengi ve ince damar yap\u0131s\u0131yla \u00f6ne \u00e7\u0131kan zarif bir do\u011fal ta\u015ft\u0131r.\" \/>\n<meta name=\"robots\" content=\"index, follow, max-snippet:-1, max-image-preview:large, max-video-preview:-1\" \/>\n<link rel=\"canonical\" href=\"https:\/\/barrsell.com\/en\/product\/kastamonu-eflani-beige-marble\/\" \/>\n<meta property=\"og:locale\" content=\"en_US\" \/>\n<meta property=\"og:type\" content=\"article\" \/>\n<meta property=\"og:title\" content=\"Kastamonu Eflani Bej Mermer\" \/>\n<meta property=\"og:description\" content=\"T\u00fcrkiye\u2019nin Kastamonu ili Eflani b\u00f6lgesinden \u00e7\u0131kar\u0131lan Eflani Bej Mermeri, homojen bej rengi ve ince damar yap\u0131s\u0131yla \u00f6ne \u00e7\u0131kan zarif bir do\u011fal ta\u015ft\u0131r.\" \/>\n<meta property=\"og:url\" content=\"https:\/\/barrsell.com\/en\/product\/kastamonu-eflani-beige-marble\/\" \/>\n<meta property=\"og:site_name\" content=\"Barrsell\" \/>\n<meta property=\"article:modified_time\" content=\"2025-11-07T13:48:11+00:00\" \/>\n<meta property=\"og:image\" content=\"https:\/\/barrsell.com\/wp-content\/uploads\/2025\/08\/Kastamonu-Eflani-Bej-Mermer.png\" \/>\n\t<meta property=\"og:image:width\" content=\"1200\" \/>\n\t<meta property=\"og:image:height\" content=\"1200\" \/>\n\t<meta property=\"og:image:type\" content=\"image\/png\" \/>\n<meta name=\"twitter:card\" content=\"summary_large_image\" \/>\n<script type=\"application\/ld+json\" class=\"yoast-schema-graph\">{\"@context\":\"https:\/\/schema.org\",\"@graph\":[{\"@type\":\"WebPage\",\"@id\":\"https:\/\/barrsell.com\/urun\/kastamonu-eflani-bej-mermer\/\",\"url\":\"https:\/\/barrsell.com\/urun\/kastamonu-eflani-bej-mermer\/\",\"name\":\"Kastamonu Eflani Bej Mermer | Barrsell End\u00fcstri\",\"isPartOf\":{\"@id\":\"https:\/\/barrsell.com\/#website\"},\"primaryImageOfPage\":{\"@id\":\"https:\/\/barrsell.com\/urun\/kastamonu-eflani-bej-mermer\/#primaryimage\"},\"image\":{\"@id\":\"https:\/\/barrsell.com\/urun\/kastamonu-eflani-bej-mermer\/#primaryimage\"},\"thumbnailUrl\":\"https:\/\/barrsell.com\/wp-content\/uploads\/2025\/08\/Kastamonu-Eflani-Bej-Mermer.png\",\"datePublished\":\"2025-08-28T15:16:47+00:00\",\"dateModified\":\"2025-11-07T13:48:11+00:00\",\"description\":\"T\u00fcrkiye\u2019nin Kastamonu ili Eflani b\u00f6lgesinden \u00e7\u0131kar\u0131lan Eflani Bej Mermeri, homojen bej rengi ve ince damar yap\u0131s\u0131yla \u00f6ne \u00e7\u0131kan zarif bir do\u011fal ta\u015ft\u0131r.\",\"breadcrumb\":{\"@id\":\"https:\/\/barrsell.com\/urun\/kastamonu-eflani-bej-mermer\/#breadcrumb\"},\"inLanguage\":\"en-US\",\"potentialAction\":[{\"@type\":\"ReadAction\",\"target\":[\"https:\/\/barrsell.com\/urun\/kastamonu-eflani-bej-mermer\/\"]}]},{\"@type\":\"ImageObject\",\"inLanguage\":\"en-US\",\"@id\":\"https:\/\/barrsell.com\/urun\/kastamonu-eflani-bej-mermer\/#primaryimage\",\"url\":\"https:\/\/barrsell.com\/wp-content\/uploads\/2025\/08\/Kastamonu-Eflani-Bej-Mermer.png\",\"contentUrl\":\"https:\/\/barrsell.com\/wp-content\/uploads\/2025\/08\/Kastamonu-Eflani-Bej-Mermer.png\",\"width\":1200,\"height\":1200,\"caption\":\"Kastamonu Eflani Bej Mermer\"},{\"@type\":\"BreadcrumbList\",\"@id\":\"https:\/\/barrsell.com\/urun\/kastamonu-eflani-bej-mermer\/#breadcrumb\",\"itemListElement\":[{\"@type\":\"ListItem\",\"position\":1,\"name\":\"Home\",\"item\":\"https:\/\/barrsell.com\/\"},{\"@type\":\"ListItem\",\"position\":2,\"name\":\"\u00dcr\u00fcnler\",\"item\":\"https:\/\/barrsell.com\/en\/products\/\"},{\"@type\":\"ListItem\",\"position\":3,\"name\":\"Kastamonu Eflani Bej Mermer\"}]},{\"@type\":\"WebSite\",\"@id\":\"https:\/\/barrsell.com\/#website\",\"url\":\"https:\/\/barrsell.com\/\",\"name\":\"Barrsell End\u00fcstri Makine\",\"description\":\"Teknolojiyle G\u00fc\u00e7lenen End\u00fcstriyel \u00c7\u00f6z\u00fcmler!\",\"potentialAction\":[{\"@type\":\"SearchAction\",\"target\":{\"@type\":\"EntryPoint\",\"urlTemplate\":\"https:\/\/barrsell.com\/?s={search_term_string}\"},\"query-input\":\"required name=search_term_string\"}],\"inLanguage\":\"en-US\"}]}<\/script>\n<!-- \/ Yoast SEO Premium plugin. -->","yoast_head_json":{"title":"Kastamonu Eflani Bej Mermer | Barrsell End\u00fcstri","description":"T\u00fcrkiye\u2019nin Kastamonu ili Eflani b\u00f6lgesinden \u00e7\u0131kar\u0131lan Eflani Bej Mermeri, homojen bej rengi ve ince damar yap\u0131s\u0131yla \u00f6ne \u00e7\u0131kan zarif bir do\u011fal ta\u015ft\u0131r.","robots":{"index":"index","follow":"follow","max-snippet":"max-snippet:-1","max-image-preview":"max-image-preview:large","max-video-preview":"max-video-preview:-1"},"canonical":"https:\/\/barrsell.com\/en\/product\/kastamonu-eflani-beige-marble\/","og_locale":"en_US","og_type":"article","og_title":"Kastamonu Eflani Bej Mermer","og_description":"T\u00fcrkiye\u2019nin Kastamonu ili Eflani b\u00f6lgesinden \u00e7\u0131kar\u0131lan Eflani Bej Mermeri, homojen bej rengi ve ince damar yap\u0131s\u0131yla \u00f6ne \u00e7\u0131kan zarif bir do\u011fal ta\u015ft\u0131r.","og_url":"https:\/\/barrsell.com\/en\/product\/kastamonu-eflani-beige-marble\/","og_site_name":"Barrsell","article_modified_time":"2025-11-07T13:48:11+00:00","og_image":[{"width":1200,"height":1200,"url":"https:\/\/barrsell.com\/wp-content\/uploads\/2025\/08\/Kastamonu-Eflani-Bej-Mermer.png","type":"image\/png"}],"twitter_card":"summary_large_image","schema":{"@context":"https:\/\/schema.org","@graph":[{"@type":"WebPage","@id":"https:\/\/barrsell.com\/urun\/kastamonu-eflani-bej-mermer\/","url":"https:\/\/barrsell.com\/urun\/kastamonu-eflani-bej-mermer\/","name":"Kastamonu Eflani Bej Mermer | Barrsell End\u00fcstri","isPartOf":{"@id":"https:\/\/barrsell.com\/#website"},"primaryImageOfPage":{"@id":"https:\/\/barrsell.com\/urun\/kastamonu-eflani-bej-mermer\/#primaryimage"},"image":{"@id":"https:\/\/barrsell.com\/urun\/kastamonu-eflani-bej-mermer\/#primaryimage"},"thumbnailUrl":"https:\/\/barrsell.com\/wp-content\/uploads\/2025\/08\/Kastamonu-Eflani-Bej-Mermer.png","datePublished":"2025-08-28T15:16:47+00:00","dateModified":"2025-11-07T13:48:11+00:00","description":"T\u00fcrkiye\u2019nin Kastamonu ili Eflani b\u00f6lgesinden \u00e7\u0131kar\u0131lan Eflani Bej Mermeri, homojen bej rengi ve ince damar yap\u0131s\u0131yla \u00f6ne \u00e7\u0131kan zarif bir do\u011fal ta\u015ft\u0131r.","breadcrumb":{"@id":"https:\/\/barrsell.com\/urun\/kastamonu-eflani-bej-mermer\/#breadcrumb"},"inLanguage":"en-US","potentialAction":[{"@type":"ReadAction","target":["https:\/\/barrsell.com\/urun\/kastamonu-eflani-bej-mermer\/"]}]},{"@type":"ImageObject","inLanguage":"en-US","@id":"https:\/\/barrsell.com\/urun\/kastamonu-eflani-bej-mermer\/#primaryimage","url":"https:\/\/barrsell.com\/wp-content\/uploads\/2025\/08\/Kastamonu-Eflani-Bej-Mermer.png","contentUrl":"https:\/\/barrsell.com\/wp-content\/uploads\/2025\/08\/Kastamonu-Eflani-Bej-Mermer.png","width":1200,"height":1200,"caption":"Kastamonu Eflani Bej Mermer"},{"@type":"BreadcrumbList","@id":"https:\/\/barrsell.com\/urun\/kastamonu-eflani-bej-mermer\/#breadcrumb","itemListElement":[{"@type":"ListItem","position":1,"name":"Home","item":"https:\/\/barrsell.com\/"},{"@type":"ListItem","position":2,"name":"\u00dcr\u00fcnler","item":"https:\/\/barrsell.com\/en\/products\/"},{"@type":"ListItem","position":3,"name":"Kastamonu Eflani Bej Mermer"}]},{"@type":"WebSite","@id":"https:\/\/barrsell.com\/#website","url":"https:\/\/barrsell.com\/","name":"Barrsell End\u00fcstri Makine","description":"Teknolojiyle G\u00fc\u00e7lenen End\u00fcstriyel \u00c7\u00f6z\u00fcmler!","potentialAction":[{"@type":"SearchAction","target":{"@type":"EntryPoint","urlTemplate":"https:\/\/barrsell.com\/?s={search_term_string}"},"query-input":"required name=search_term_string"}],"inLanguage":"en-US"}]}},"_links":{"self":[{"href":"https:\/\/barrsell.com\/en\/wp-json\/wp\/v2\/product\/22691","targetHints":{"allow":["GET"]}}],"collection":[{"href":"https:\/\/barrsell.com\/en\/wp-json\/wp\/v2\/product"}],"about":[{"href":"https:\/\/barrsell.com\/en\/wp-json\/wp\/v2\/types\/product"}],"version-history":[{"count":19,"href":"https:\/\/barrsell.com\/en\/wp-json\/wp\/v2\/product\/22691\/revisions"}],"predecessor-version":[{"id":24009,"href":"https:\/\/barrsell.com\/en\/wp-json\/wp\/v2\/product\/22691\/revisions\/24009"}],"wp:featuredmedia":[{"embeddable":true,"href":"https:\/\/barrsell.com\/en\/wp-json\/wp\/v2\/media\/22692"}],"wp:attachment":[{"href":"https:\/\/barrsell.com\/en\/wp-json\/wp\/v2\/media?parent=22691"}],"wp:term":[{"taxonomy":"product_cat","embeddable":true,"href":"https:\/\/barrsell.com\/en\/wp-json\/wp\/v2\/product_cat?post=22691"},{"taxonomy":"product_tag","embeddable":true,"href":"https:\/\/barrsell.com\/en\/wp-json\/wp\/v2\/product_tag?post=22691"}],"curies":[{"name":"wp","href":"https:\/\/api.w.org\/{rel}","templated":true}]}}