{"id":22679,"date":"2025-08-28T12:53:43","date_gmt":"2025-08-28T12:53:43","guid":{"rendered":"https:\/\/barrsell.com\/?post_type=product&#038;p=22679"},"modified":"2025-11-07T13:59:37","modified_gmt":"2025-11-07T13:59:37","slug":"calacatta-delicato-mermer","status":"publish","type":"product","link":"https:\/\/barrsell.com\/en\/product\/calacatta-delicato-marble\/","title":{"rendered":"Calacatta Delicato Mermer"},"content":{"rendered":"<div data-elementor-type=\"product-post\" data-elementor-id=\"22679\" class=\"elementor elementor-22679\" data-elementor-post-type=\"product\">\n\t\t\t\t<div class=\"wd-negative-gap elementor-element elementor-element-6081ecc5 e-flex e-con-boxed e-con e-parent\" data-id=\"6081ecc5\" data-element_type=\"container\">\n\t\t\t\t\t<div class=\"e-con-inner\">\n\t\t\t\t<div class=\"elementor-element elementor-element-4766c0d4 color-scheme-inherit text-left elementor-widget elementor-widget-text-editor\" data-id=\"4766c0d4\" data-element_type=\"widget\" data-widget_type=\"text-editor.default\">\n\t\t\t\t<div class=\"elementor-widget-container\">\n\t\t\t\t\t\t\t\t\t<h1 data-start=\"132\" data-end=\"161\">Calacatta Delicato Mermer<\/h1><p data-start=\"163\" data-end=\"497\">\u0130talya\u2019n\u0131n Carrara b\u00f6lgesinden \u00e7\u0131kar\u0131lan <strong data-start=\"223\" data-end=\"253\">Calacatta Delicato Mermeri<\/strong>, beyaz zemin \u00fczerine zarif gri ve alt\u0131n tonlar\u0131nda damarlarla s\u00fcslenmi\u015f, ince ve sofistike yap\u0131s\u0131yla \u00f6ne \u00e7\u0131kan l\u00fcks bir do\u011fal ta\u015ft\u0131r. Ad\u0131n\u0131 \u201cDelicato\u201d (zarif, hassas) g\u00f6r\u00fcn\u00fcm\u00fcnden alan bu mermer, mek\u00e2nlara <strong data-start=\"460\" data-end=\"488\">zarafet ve modern \u015f\u0131kl\u0131k<\/strong> katar.<\/p><p data-start=\"499\" data-end=\"525\"><strong data-start=\"499\" data-end=\"523\">Main Features:<\/strong><\/p><ul data-start=\"526\" data-end=\"891\"><li data-start=\"526\" data-end=\"608\"><p data-start=\"528\" data-end=\"608\"><strong data-start=\"528\" data-end=\"579\">Beyaz zemin \u00fczerinde ince gri ve alt\u0131n damarlar<\/strong> ile estetik g\u00f6r\u00fcn\u00fcm sunar.<\/p><\/li><li data-start=\"609\" data-end=\"668\"><p data-start=\"611\" data-end=\"668\">Yo\u011fun yap\u0131s\u0131 sayesinde <strong data-start=\"634\" data-end=\"665\">dayan\u0131kl\u0131 ve uzun \u00f6m\u00fcrl\u00fcd\u00fcr<\/strong>.<\/p><\/li><li data-start=\"669\" data-end=\"754\"><p data-start=\"671\" data-end=\"754\">Y\u00fcksek cilalanabilirlik \u00f6zelli\u011fi ile <strong data-start=\"708\" data-end=\"739\">ayna parlakl\u0131\u011f\u0131nda y\u00fczeyler<\/strong> elde edilir.<\/p><\/li><li data-start=\"755\" data-end=\"815\"><p data-start=\"757\" data-end=\"815\">Cilal\u0131, honlu ve eskitilmi\u015f y\u00fczey se\u00e7enekleri mevcuttur.<\/p><\/li><li data-start=\"816\" data-end=\"891\"><p data-start=\"818\" data-end=\"891\">Suya ve neme dayan\u0131kl\u0131 yap\u0131s\u0131yla i\u00e7 mek\u00e2nlarda g\u00fcvenli kullan\u0131m sa\u011flar.<\/p><\/li><\/ul><p data-start=\"893\" data-end=\"917\"><strong data-start=\"893\" data-end=\"915\">Description:<\/strong><\/p><ul data-start=\"918\" data-end=\"1242\"><li data-start=\"918\" data-end=\"989\"><p data-start=\"920\" data-end=\"989\">Otel, villa ve rezidans projelerinde <strong data-start=\"957\" data-end=\"987\">zemin ve duvar kaplamalar\u0131<\/strong><\/p><\/li><li data-start=\"990\" data-end=\"1054\"><p data-start=\"992\" data-end=\"1054\"><strong data-start=\"992\" data-end=\"1039\">Mutfak tezg\u00e2h\u0131, banyo lavabosu ve masa \u00fcst\u00fc<\/strong> uygulamalar\u0131<\/p><\/li><li data-start=\"1055\" data-end=\"1112\"><p data-start=\"1057\" data-end=\"1112\">Hamam, spa ve wellness alanlar\u0131nda dekoratif y\u00fczeyler<\/p><\/li><li data-start=\"1113\" data-end=\"1174\"><p data-start=\"1115\" data-end=\"1174\">Merdiven basamaklar\u0131, \u015f\u00f6mine \u00e7evresi ve kolon kaplamalar\u0131<\/p><\/li><li data-start=\"1175\" data-end=\"1242\"><p data-start=\"1177\" data-end=\"1242\">Sanatsal dekorasyon panelleri ve prestijli i\u00e7 mek\u00e2n tasar\u0131mlar\u0131<\/p><\/li><\/ul>\t\t\t\t\t\t\t\t<\/div>\n\t\t\t\t<\/div>\n\t\t\t\t\t<\/div>\n\t\t\t\t<\/div>\n\t\t<div class=\"wd-negative-gap elementor-element elementor-element-1a011f5 e-flex e-con-boxed e-con e-parent\" data-id=\"1a011f5\" data-element_type=\"container\">\n\t\t\t\t\t<div class=\"e-con-inner\">\n\t\t\t\t<div class=\"elementor-element elementor-element-4a7a6a6 elementor-widget elementor-widget-wd_image_or_svg\" data-id=\"4a7a6a6\" data-element_type=\"widget\" data-widget_type=\"wd_image_or_svg.default\">\n\t\t\t\t<div class=\"elementor-widget-container\">\n\t\t\t\t\t\n\t\t<div class=\"wd-image text-left\">\n\t\t\t\t\t\t\t\t<img fetchpriority=\"high\" decoding=\"async\" width=\"1536\" height=\"1024\" src=\"https:\/\/barrsell.com\/wp-content\/uploads\/2025\/08\/Calacatta-Delicato-Mermer-2.png\" class=\"attachment-full size-full\" alt=\"\" srcset=\"https:\/\/barrsell.com\/wp-content\/uploads\/2025\/08\/Calacatta-Delicato-Mermer-2.png 1536w, https:\/\/barrsell.com\/wp-content\/uploads\/2025\/08\/Calacatta-Delicato-Mermer-2-300x200.png 300w, https:\/\/barrsell.com\/wp-content\/uploads\/2025\/08\/Calacatta-Delicato-Mermer-2-1024x683.png 1024w, https:\/\/barrsell.com\/wp-content\/uploads\/2025\/08\/Calacatta-Delicato-Mermer-2-768x512.png 768w, https:\/\/barrsell.com\/wp-content\/uploads\/2025\/08\/Calacatta-Delicato-Mermer-2-18x12.png 18w, https:\/\/barrsell.com\/wp-content\/uploads\/2025\/08\/Calacatta-Delicato-Mermer-2-1200x800.png 1200w, https:\/\/barrsell.com\/wp-content\/uploads\/2025\/08\/Calacatta-Delicato-Mermer-2-150x100.png 150w\" sizes=\"(max-width: 1536px) 100vw, 1536px\" \/>\t\t\t\t\t<\/div>\n\n\t\t\t\t\t\t<\/div>\n\t\t\t\t<\/div>\n\t\t\t\t\t<\/div>\n\t\t\t\t<\/div>\n\t\t\t\t<\/div>","protected":false},"excerpt":{"rendered":"<p>&nbsp;<\/p>\n<p>&nbsp;<\/p>","protected":false},"featured_media":22685,"template":"","meta":[],"product_cat":[90,220],"product_tag":[],"class_list":{"0":"post-22679","1":"product","2":"type-product","3":"status-publish","4":"has-post-thumbnail","6":"product_cat-turk-hamami-ekipmanlari","7":"product_cat-turk-hamami-mermerleri","9":"first","10":"instock","11":"shipping-taxable","12":"product-type-simple"},"yoast_head":"<!-- This site is optimized with the Yoast SEO Premium plugin v23.2 (Yoast SEO v23.2) - https:\/\/yoast.com\/wordpress\/plugins\/seo\/ -->\n<title>Calacatta Delicato Mermer | Barrsell End\u00fcstri<\/title>\n<meta name=\"description\" content=\"\u0130talya\u2019n\u0131n Carrara b\u00f6lgesinden \u00e7\u0131kar\u0131lan Calacatta Delicato Mermeri, beyaz zemin \u00fczerine zarif gri ve alt\u0131n tonlar\u0131nda damarlarla s\u00fcslenmi\u015ftir.\" \/>\n<meta name=\"robots\" content=\"index, follow, max-snippet:-1, max-image-preview:large, max-video-preview:-1\" \/>\n<link rel=\"canonical\" href=\"https:\/\/barrsell.com\/en\/product\/calacatta-delicato-marble\/\" \/>\n<meta property=\"og:locale\" content=\"en_US\" \/>\n<meta property=\"og:type\" content=\"article\" \/>\n<meta property=\"og:title\" content=\"Calacatta Delicato Mermer\" \/>\n<meta property=\"og:description\" content=\"\u0130talya\u2019n\u0131n Carrara b\u00f6lgesinden \u00e7\u0131kar\u0131lan Calacatta Delicato Mermeri, beyaz zemin \u00fczerine zarif gri ve alt\u0131n tonlar\u0131nda damarlarla s\u00fcslenmi\u015ftir.\" \/>\n<meta property=\"og:url\" content=\"https:\/\/barrsell.com\/en\/product\/calacatta-delicato-marble\/\" \/>\n<meta property=\"og:site_name\" content=\"Barrsell\" \/>\n<meta property=\"article:modified_time\" content=\"2025-11-07T13:59:37+00:00\" \/>\n<meta property=\"og:image\" content=\"https:\/\/barrsell.com\/wp-content\/uploads\/2025\/08\/Calacatta-Delicato-Mermer-1.png\" \/>\n\t<meta property=\"og:image:width\" content=\"1200\" \/>\n\t<meta property=\"og:image:height\" content=\"1200\" \/>\n\t<meta property=\"og:image:type\" content=\"image\/png\" \/>\n<meta name=\"twitter:card\" content=\"summary_large_image\" \/>\n<script type=\"application\/ld+json\" class=\"yoast-schema-graph\">{\"@context\":\"https:\/\/schema.org\",\"@graph\":[{\"@type\":\"WebPage\",\"@id\":\"https:\/\/barrsell.com\/urun\/calacatta-delicato-mermer\/\",\"url\":\"https:\/\/barrsell.com\/urun\/calacatta-delicato-mermer\/\",\"name\":\"Calacatta Delicato Mermer | Barrsell End\u00fcstri\",\"isPartOf\":{\"@id\":\"https:\/\/barrsell.com\/#website\"},\"primaryImageOfPage\":{\"@id\":\"https:\/\/barrsell.com\/urun\/calacatta-delicato-mermer\/#primaryimage\"},\"image\":{\"@id\":\"https:\/\/barrsell.com\/urun\/calacatta-delicato-mermer\/#primaryimage\"},\"thumbnailUrl\":\"https:\/\/barrsell.com\/wp-content\/uploads\/2025\/08\/Calacatta-Delicato-Mermer-1.png\",\"datePublished\":\"2025-08-28T12:53:43+00:00\",\"dateModified\":\"2025-11-07T13:59:37+00:00\",\"description\":\"\u0130talya\u2019n\u0131n Carrara b\u00f6lgesinden \u00e7\u0131kar\u0131lan Calacatta Delicato Mermeri, beyaz zemin \u00fczerine zarif gri ve alt\u0131n tonlar\u0131nda damarlarla s\u00fcslenmi\u015ftir.\",\"breadcrumb\":{\"@id\":\"https:\/\/barrsell.com\/urun\/calacatta-delicato-mermer\/#breadcrumb\"},\"inLanguage\":\"en-US\",\"potentialAction\":[{\"@type\":\"ReadAction\",\"target\":[\"https:\/\/barrsell.com\/urun\/calacatta-delicato-mermer\/\"]}]},{\"@type\":\"ImageObject\",\"inLanguage\":\"en-US\",\"@id\":\"https:\/\/barrsell.com\/urun\/calacatta-delicato-mermer\/#primaryimage\",\"url\":\"https:\/\/barrsell.com\/wp-content\/uploads\/2025\/08\/Calacatta-Delicato-Mermer-1.png\",\"contentUrl\":\"https:\/\/barrsell.com\/wp-content\/uploads\/2025\/08\/Calacatta-Delicato-Mermer-1.png\",\"width\":1200,\"height\":1200,\"caption\":\"Calacatta Delicato Mermer\"},{\"@type\":\"BreadcrumbList\",\"@id\":\"https:\/\/barrsell.com\/urun\/calacatta-delicato-mermer\/#breadcrumb\",\"itemListElement\":[{\"@type\":\"ListItem\",\"position\":1,\"name\":\"Home\",\"item\":\"https:\/\/barrsell.com\/\"},{\"@type\":\"ListItem\",\"position\":2,\"name\":\"\u00dcr\u00fcnler\",\"item\":\"https:\/\/barrsell.com\/en\/products\/\"},{\"@type\":\"ListItem\",\"position\":3,\"name\":\"Calacatta Delicato Mermer\"}]},{\"@type\":\"WebSite\",\"@id\":\"https:\/\/barrsell.com\/#website\",\"url\":\"https:\/\/barrsell.com\/\",\"name\":\"Barrsell End\u00fcstri Makine\",\"description\":\"Teknolojiyle G\u00fc\u00e7lenen End\u00fcstriyel \u00c7\u00f6z\u00fcmler!\",\"potentialAction\":[{\"@type\":\"SearchAction\",\"target\":{\"@type\":\"EntryPoint\",\"urlTemplate\":\"https:\/\/barrsell.com\/?s={search_term_string}\"},\"query-input\":\"required name=search_term_string\"}],\"inLanguage\":\"en-US\"}]}<\/script>\n<!-- \/ Yoast SEO Premium plugin. -->","yoast_head_json":{"title":"Calacatta Delicato Mermer | Barrsell End\u00fcstri","description":"\u0130talya\u2019n\u0131n Carrara b\u00f6lgesinden \u00e7\u0131kar\u0131lan Calacatta Delicato Mermeri, beyaz zemin \u00fczerine zarif gri ve alt\u0131n tonlar\u0131nda damarlarla s\u00fcslenmi\u015ftir.","robots":{"index":"index","follow":"follow","max-snippet":"max-snippet:-1","max-image-preview":"max-image-preview:large","max-video-preview":"max-video-preview:-1"},"canonical":"https:\/\/barrsell.com\/en\/product\/calacatta-delicato-marble\/","og_locale":"en_US","og_type":"article","og_title":"Calacatta Delicato Mermer","og_description":"\u0130talya\u2019n\u0131n Carrara b\u00f6lgesinden \u00e7\u0131kar\u0131lan Calacatta Delicato Mermeri, beyaz zemin \u00fczerine zarif gri ve alt\u0131n tonlar\u0131nda damarlarla s\u00fcslenmi\u015ftir.","og_url":"https:\/\/barrsell.com\/en\/product\/calacatta-delicato-marble\/","og_site_name":"Barrsell","article_modified_time":"2025-11-07T13:59:37+00:00","og_image":[{"width":1200,"height":1200,"url":"https:\/\/barrsell.com\/wp-content\/uploads\/2025\/08\/Calacatta-Delicato-Mermer-1.png","type":"image\/png"}],"twitter_card":"summary_large_image","schema":{"@context":"https:\/\/schema.org","@graph":[{"@type":"WebPage","@id":"https:\/\/barrsell.com\/urun\/calacatta-delicato-mermer\/","url":"https:\/\/barrsell.com\/urun\/calacatta-delicato-mermer\/","name":"Calacatta Delicato Mermer | Barrsell End\u00fcstri","isPartOf":{"@id":"https:\/\/barrsell.com\/#website"},"primaryImageOfPage":{"@id":"https:\/\/barrsell.com\/urun\/calacatta-delicato-mermer\/#primaryimage"},"image":{"@id":"https:\/\/barrsell.com\/urun\/calacatta-delicato-mermer\/#primaryimage"},"thumbnailUrl":"https:\/\/barrsell.com\/wp-content\/uploads\/2025\/08\/Calacatta-Delicato-Mermer-1.png","datePublished":"2025-08-28T12:53:43+00:00","dateModified":"2025-11-07T13:59:37+00:00","description":"\u0130talya\u2019n\u0131n Carrara b\u00f6lgesinden \u00e7\u0131kar\u0131lan Calacatta Delicato Mermeri, beyaz zemin \u00fczerine zarif gri ve alt\u0131n tonlar\u0131nda damarlarla s\u00fcslenmi\u015ftir.","breadcrumb":{"@id":"https:\/\/barrsell.com\/urun\/calacatta-delicato-mermer\/#breadcrumb"},"inLanguage":"en-US","potentialAction":[{"@type":"ReadAction","target":["https:\/\/barrsell.com\/urun\/calacatta-delicato-mermer\/"]}]},{"@type":"ImageObject","inLanguage":"en-US","@id":"https:\/\/barrsell.com\/urun\/calacatta-delicato-mermer\/#primaryimage","url":"https:\/\/barrsell.com\/wp-content\/uploads\/2025\/08\/Calacatta-Delicato-Mermer-1.png","contentUrl":"https:\/\/barrsell.com\/wp-content\/uploads\/2025\/08\/Calacatta-Delicato-Mermer-1.png","width":1200,"height":1200,"caption":"Calacatta Delicato Mermer"},{"@type":"BreadcrumbList","@id":"https:\/\/barrsell.com\/urun\/calacatta-delicato-mermer\/#breadcrumb","itemListElement":[{"@type":"ListItem","position":1,"name":"Home","item":"https:\/\/barrsell.com\/"},{"@type":"ListItem","position":2,"name":"\u00dcr\u00fcnler","item":"https:\/\/barrsell.com\/en\/products\/"},{"@type":"ListItem","position":3,"name":"Calacatta Delicato Mermer"}]},{"@type":"WebSite","@id":"https:\/\/barrsell.com\/#website","url":"https:\/\/barrsell.com\/","name":"Barrsell End\u00fcstri Makine","description":"Teknolojiyle G\u00fc\u00e7lenen End\u00fcstriyel \u00c7\u00f6z\u00fcmler!","potentialAction":[{"@type":"SearchAction","target":{"@type":"EntryPoint","urlTemplate":"https:\/\/barrsell.com\/?s={search_term_string}"},"query-input":"required name=search_term_string"}],"inLanguage":"en-US"}]}},"_links":{"self":[{"href":"https:\/\/barrsell.com\/en\/wp-json\/wp\/v2\/product\/22679","targetHints":{"allow":["GET"]}}],"collection":[{"href":"https:\/\/barrsell.com\/en\/wp-json\/wp\/v2\/product"}],"about":[{"href":"https:\/\/barrsell.com\/en\/wp-json\/wp\/v2\/types\/product"}],"version-history":[{"count":5,"href":"https:\/\/barrsell.com\/en\/wp-json\/wp\/v2\/product\/22679\/revisions"}],"predecessor-version":[{"id":24017,"href":"https:\/\/barrsell.com\/en\/wp-json\/wp\/v2\/product\/22679\/revisions\/24017"}],"wp:featuredmedia":[{"embeddable":true,"href":"https:\/\/barrsell.com\/en\/wp-json\/wp\/v2\/media\/22685"}],"wp:attachment":[{"href":"https:\/\/barrsell.com\/en\/wp-json\/wp\/v2\/media?parent=22679"}],"wp:term":[{"taxonomy":"product_cat","embeddable":true,"href":"https:\/\/barrsell.com\/en\/wp-json\/wp\/v2\/product_cat?post=22679"},{"taxonomy":"product_tag","embeddable":true,"href":"https:\/\/barrsell.com\/en\/wp-json\/wp\/v2\/product_tag?post=22679"}],"curies":[{"name":"wp","href":"https:\/\/api.w.org\/{rel}","templated":true}]}}