{"id":22675,"date":"2025-08-28T08:32:59","date_gmt":"2025-08-28T08:32:59","guid":{"rendered":"https:\/\/barrsell.com\/?post_type=product&#038;p=22675"},"modified":"2025-11-07T14:11:05","modified_gmt":"2025-11-07T14:11:05","slug":"bilecik-pembe-mermer","status":"publish","type":"product","link":"https:\/\/barrsell.com\/en\/product\/bilecik-pink-marble\/","title":{"rendered":"Bilecik Pembe Mermer"},"content":{"rendered":"<div data-elementor-type=\"product-post\" data-elementor-id=\"22675\" class=\"elementor elementor-22675\" data-elementor-post-type=\"product\">\n\t\t\t\t<div class=\"wd-negative-gap elementor-element elementor-element-1a0390b6 e-flex e-con-boxed e-con e-parent\" data-id=\"1a0390b6\" data-element_type=\"container\">\n\t\t\t\t\t<div class=\"e-con-inner\">\n\t\t\t\t<div class=\"elementor-element elementor-element-480068d4 color-scheme-inherit text-left elementor-widget elementor-widget-text-editor\" data-id=\"480068d4\" data-element_type=\"widget\" data-widget_type=\"text-editor.default\">\n\t\t\t\t<div class=\"elementor-widget-container\">\n\t\t\t\t\t\t\t\t\t<h1 data-start=\"129\" data-end=\"153\">Bilecik Pembe Mermer<\/h1>\n<p data-start=\"155\" data-end=\"427\">T\u00fcrkiye\u2019nin Bilecik b\u00f6lgesinden \u00e7\u0131kar\u0131lan <strong data-start=\"216\" data-end=\"241\">Bilecik Pembe Mermeri<\/strong>, a\u00e7\u0131k pembe tonlar\u0131 ve homojen yap\u0131s\u0131yla \u00f6ne \u00e7\u0131kan, s\u0131cak ve zarif bir do\u011fal ta\u015ft\u0131r. Do\u011fal rengindeki yumu\u015fakl\u0131k sayesinde mek\u00e2nlara <strong data-start=\"375\" data-end=\"418\">samimi, huzurlu ve estetik bir atmosfer<\/strong> katar.<\/p>\n<p data-start=\"429\" data-end=\"455\"><strong data-start=\"429\" data-end=\"453\">Main Features:<\/strong><\/p>\n\n<ul data-start=\"456\" data-end=\"792\">\n \t<li data-start=\"456\" data-end=\"525\">\n<p data-start=\"458\" data-end=\"525\"><strong data-start=\"458\" data-end=\"479\">Do\u011fal pembe rengi<\/strong> ile benzersiz bir dekoratif etki olu\u015fturur.<\/p>\n<\/li>\n \t<li data-start=\"526\" data-end=\"585\">\n<p data-start=\"528\" data-end=\"585\">Dayan\u0131kl\u0131 yap\u0131s\u0131 sayesinde uzun \u00f6m\u00fcrl\u00fc kullan\u0131m sa\u011flar.<\/p>\n<\/li>\n \t<li data-start=\"586\" data-end=\"682\">\n<p data-start=\"588\" data-end=\"682\">Cilal\u0131, honlu, eskitilmi\u015f veya patinato y\u00fczey se\u00e7enekleriyle farkl\u0131 tasar\u0131mlara uyum sa\u011flar.<\/p>\n<\/li>\n \t<li data-start=\"683\" data-end=\"746\">\n<p data-start=\"685\" data-end=\"746\">Hem i\u00e7 hem d\u0131\u015f mek\u00e2n uygulamalar\u0131na uygun bir do\u011fal ta\u015ft\u0131r.<\/p>\n<\/li>\n \t<li data-start=\"747\" data-end=\"792\">\n<p data-start=\"749\" data-end=\"792\">Kolay temizlenebilir ve bak\u0131m\u0131 pratiktir.<\/p>\n<\/li>\n<\/ul>\n<p data-start=\"794\" data-end=\"818\"><strong data-start=\"794\" data-end=\"816\">Description:<\/strong><\/p>\n\n<ul data-start=\"819\" data-end=\"1110\">\n \t<li data-start=\"819\" data-end=\"879\">\n<p data-start=\"821\" data-end=\"879\">Konut ve ticari alanlarda <strong data-start=\"847\" data-end=\"877\">zemin ve duvar kaplamalar\u0131<\/strong><\/p>\n<\/li>\n \t<li data-start=\"880\" data-end=\"935\">\n<p data-start=\"882\" data-end=\"935\">Hamam, banyo ve spa projelerinde dekoratif y\u00fczeyler<\/p>\n<\/li>\n \t<li data-start=\"936\" data-end=\"988\">\n<p data-start=\"938\" data-end=\"988\">Mutfak tezg\u00e2h\u0131, lavabo ve masa \u00fcst\u00fc uygulamalar\u0131<\/p>\n<\/li>\n \t<li data-start=\"989\" data-end=\"1037\">\n<p data-start=\"991\" data-end=\"1037\">Merdiven, s\u00fctun, \u015f\u00f6mine ve s\u00fcsleme detaylar\u0131<\/p>\n<\/li>\n \t<li data-start=\"1038\" data-end=\"1110\">\n<p data-start=\"1040\" data-end=\"1110\">Otel, al\u0131\u015fveri\u015f merkezi ve villa projelerinde estetik vurgu alanlar\u0131<\/p>\n<\/li>\n<\/ul>\t\t\t\t\t\t\t\t<\/div>\n\t\t\t\t<\/div>\n\t\t\t\t\t<\/div>\n\t\t\t\t<\/div>\n\t\t<div class=\"wd-negative-gap elementor-element elementor-element-c7bb3a2 e-flex e-con-boxed e-con e-parent\" data-id=\"c7bb3a2\" data-element_type=\"container\">\n\t\t\t\t\t<div class=\"e-con-inner\">\n\t\t\t\t<div class=\"elementor-element elementor-element-47ede86 elementor-widget elementor-widget-wd_image_or_svg\" data-id=\"47ede86\" data-element_type=\"widget\" data-widget_type=\"wd_image_or_svg.default\">\n\t\t\t\t<div class=\"elementor-widget-container\">\n\t\t\t\t\t\n\t\t<div class=\"wd-image text-left\">\n\t\t\t\t\t\t\t\t<img fetchpriority=\"high\" decoding=\"async\" width=\"1024\" height=\"1024\" src=\"https:\/\/barrsell.com\/wp-content\/uploads\/2025\/08\/Bilecik-Pembe-Mermer-1.png\" class=\"attachment-full size-full\" alt=\"\" srcset=\"https:\/\/barrsell.com\/wp-content\/uploads\/2025\/08\/Bilecik-Pembe-Mermer-1.png 1024w, https:\/\/barrsell.com\/wp-content\/uploads\/2025\/08\/Bilecik-Pembe-Mermer-1-300x300.png 300w, https:\/\/barrsell.com\/wp-content\/uploads\/2025\/08\/Bilecik-Pembe-Mermer-1-150x150.png 150w, https:\/\/barrsell.com\/wp-content\/uploads\/2025\/08\/Bilecik-Pembe-Mermer-1-768x768.png 768w, https:\/\/barrsell.com\/wp-content\/uploads\/2025\/08\/Bilecik-Pembe-Mermer-1-12x12.png 12w, https:\/\/barrsell.com\/wp-content\/uploads\/2025\/08\/Bilecik-Pembe-Mermer-1-600x600.png 600w, https:\/\/barrsell.com\/wp-content\/uploads\/2025\/08\/Bilecik-Pembe-Mermer-1-50x50.png 50w, https:\/\/barrsell.com\/wp-content\/uploads\/2025\/08\/Bilecik-Pembe-Mermer-1-100x100.png 100w\" sizes=\"(max-width: 1024px) 100vw, 1024px\" \/>\t\t\t\t\t<\/div>\n\n\t\t\t\t\t\t<\/div>\n\t\t\t\t<\/div>\n\t\t\t\t\t<\/div>\n\t\t\t\t<\/div>\n\t\t\t\t<\/div>","protected":false},"excerpt":{"rendered":"<p>&nbsp;<\/p>\n<p>&nbsp;<\/p>","protected":false},"featured_media":22676,"template":"","meta":[],"product_cat":[90,220],"product_tag":[],"class_list":{"0":"post-22675","1":"product","2":"type-product","3":"status-publish","4":"has-post-thumbnail","6":"product_cat-turk-hamami-ekipmanlari","7":"product_cat-turk-hamami-mermerleri","9":"first","10":"instock","11":"shipping-taxable","12":"product-type-simple"},"yoast_head":"<!-- This site is optimized with the Yoast SEO Premium plugin v23.2 (Yoast SEO v23.2) - https:\/\/yoast.com\/wordpress\/plugins\/seo\/ -->\n<title>Bilecik Pembe Mermer | Barrsell End\u00fcstri<\/title>\n<meta name=\"description\" content=\"T\u00fcrkiye\u2019nin Bilecik b\u00f6lgesinden \u00e7\u0131kar\u0131lan Bilecik Pembe Mermeri, a\u00e7\u0131k pembe tonlar\u0131 ve homojen yap\u0131s\u0131yla \u00f6ne \u00e7\u0131kan, s\u0131cak ve zarif bir do\u011fal ta\u015ft\u0131r.\" \/>\n<meta name=\"robots\" content=\"index, follow, max-snippet:-1, max-image-preview:large, max-video-preview:-1\" \/>\n<link rel=\"canonical\" href=\"https:\/\/barrsell.com\/en\/product\/bilecik-pink-marble\/\" \/>\n<meta property=\"og:locale\" content=\"en_US\" \/>\n<meta property=\"og:type\" content=\"article\" \/>\n<meta property=\"og:title\" content=\"Bilecik Pembe Mermer\" \/>\n<meta property=\"og:description\" content=\"T\u00fcrkiye\u2019nin Bilecik b\u00f6lgesinden \u00e7\u0131kar\u0131lan Bilecik Pembe Mermeri, a\u00e7\u0131k pembe tonlar\u0131 ve homojen yap\u0131s\u0131yla \u00f6ne \u00e7\u0131kan, s\u0131cak ve zarif bir do\u011fal ta\u015ft\u0131r.\" \/>\n<meta property=\"og:url\" content=\"https:\/\/barrsell.com\/en\/product\/bilecik-pink-marble\/\" \/>\n<meta property=\"og:site_name\" content=\"Barrsell\" \/>\n<meta property=\"article:modified_time\" content=\"2025-11-07T14:11:05+00:00\" \/>\n<meta property=\"og:image\" content=\"https:\/\/barrsell.com\/wp-content\/uploads\/2025\/08\/Bilecik-Pembe-Mermer.png\" \/>\n\t<meta property=\"og:image:width\" content=\"1200\" \/>\n\t<meta property=\"og:image:height\" content=\"1200\" \/>\n\t<meta property=\"og:image:type\" content=\"image\/png\" \/>\n<meta name=\"twitter:card\" content=\"summary_large_image\" \/>\n<script type=\"application\/ld+json\" class=\"yoast-schema-graph\">{\"@context\":\"https:\/\/schema.org\",\"@graph\":[{\"@type\":\"WebPage\",\"@id\":\"https:\/\/barrsell.com\/urun\/bilecik-pembe-mermer\/\",\"url\":\"https:\/\/barrsell.com\/urun\/bilecik-pembe-mermer\/\",\"name\":\"Bilecik Pembe Mermer | Barrsell End\u00fcstri\",\"isPartOf\":{\"@id\":\"https:\/\/barrsell.com\/#website\"},\"primaryImageOfPage\":{\"@id\":\"https:\/\/barrsell.com\/urun\/bilecik-pembe-mermer\/#primaryimage\"},\"image\":{\"@id\":\"https:\/\/barrsell.com\/urun\/bilecik-pembe-mermer\/#primaryimage\"},\"thumbnailUrl\":\"https:\/\/barrsell.com\/wp-content\/uploads\/2025\/08\/Bilecik-Pembe-Mermer.png\",\"datePublished\":\"2025-08-28T08:32:59+00:00\",\"dateModified\":\"2025-11-07T14:11:05+00:00\",\"description\":\"T\u00fcrkiye\u2019nin Bilecik b\u00f6lgesinden \u00e7\u0131kar\u0131lan Bilecik Pembe Mermeri, a\u00e7\u0131k pembe tonlar\u0131 ve homojen yap\u0131s\u0131yla \u00f6ne \u00e7\u0131kan, s\u0131cak ve zarif bir do\u011fal ta\u015ft\u0131r.\",\"breadcrumb\":{\"@id\":\"https:\/\/barrsell.com\/urun\/bilecik-pembe-mermer\/#breadcrumb\"},\"inLanguage\":\"en-US\",\"potentialAction\":[{\"@type\":\"ReadAction\",\"target\":[\"https:\/\/barrsell.com\/urun\/bilecik-pembe-mermer\/\"]}]},{\"@type\":\"ImageObject\",\"inLanguage\":\"en-US\",\"@id\":\"https:\/\/barrsell.com\/urun\/bilecik-pembe-mermer\/#primaryimage\",\"url\":\"https:\/\/barrsell.com\/wp-content\/uploads\/2025\/08\/Bilecik-Pembe-Mermer.png\",\"contentUrl\":\"https:\/\/barrsell.com\/wp-content\/uploads\/2025\/08\/Bilecik-Pembe-Mermer.png\",\"width\":1200,\"height\":1200,\"caption\":\"Bilecik Pembe Mermer\"},{\"@type\":\"BreadcrumbList\",\"@id\":\"https:\/\/barrsell.com\/urun\/bilecik-pembe-mermer\/#breadcrumb\",\"itemListElement\":[{\"@type\":\"ListItem\",\"position\":1,\"name\":\"Home\",\"item\":\"https:\/\/barrsell.com\/\"},{\"@type\":\"ListItem\",\"position\":2,\"name\":\"\u00dcr\u00fcnler\",\"item\":\"https:\/\/barrsell.com\/en\/products\/\"},{\"@type\":\"ListItem\",\"position\":3,\"name\":\"Bilecik Pembe Mermer\"}]},{\"@type\":\"WebSite\",\"@id\":\"https:\/\/barrsell.com\/#website\",\"url\":\"https:\/\/barrsell.com\/\",\"name\":\"Barrsell End\u00fcstri Makine\",\"description\":\"Teknolojiyle G\u00fc\u00e7lenen End\u00fcstriyel \u00c7\u00f6z\u00fcmler!\",\"potentialAction\":[{\"@type\":\"SearchAction\",\"target\":{\"@type\":\"EntryPoint\",\"urlTemplate\":\"https:\/\/barrsell.com\/?s={search_term_string}\"},\"query-input\":\"required name=search_term_string\"}],\"inLanguage\":\"en-US\"}]}<\/script>\n<!-- \/ Yoast SEO Premium plugin. -->","yoast_head_json":{"title":"Bilecik Pembe Mermer | Barrsell End\u00fcstri","description":"T\u00fcrkiye\u2019nin Bilecik b\u00f6lgesinden \u00e7\u0131kar\u0131lan Bilecik Pembe Mermeri, a\u00e7\u0131k pembe tonlar\u0131 ve homojen yap\u0131s\u0131yla \u00f6ne \u00e7\u0131kan, s\u0131cak ve zarif bir do\u011fal ta\u015ft\u0131r.","robots":{"index":"index","follow":"follow","max-snippet":"max-snippet:-1","max-image-preview":"max-image-preview:large","max-video-preview":"max-video-preview:-1"},"canonical":"https:\/\/barrsell.com\/en\/product\/bilecik-pink-marble\/","og_locale":"en_US","og_type":"article","og_title":"Bilecik Pembe Mermer","og_description":"T\u00fcrkiye\u2019nin Bilecik b\u00f6lgesinden \u00e7\u0131kar\u0131lan Bilecik Pembe Mermeri, a\u00e7\u0131k pembe tonlar\u0131 ve homojen yap\u0131s\u0131yla \u00f6ne \u00e7\u0131kan, s\u0131cak ve zarif bir do\u011fal ta\u015ft\u0131r.","og_url":"https:\/\/barrsell.com\/en\/product\/bilecik-pink-marble\/","og_site_name":"Barrsell","article_modified_time":"2025-11-07T14:11:05+00:00","og_image":[{"width":1200,"height":1200,"url":"https:\/\/barrsell.com\/wp-content\/uploads\/2025\/08\/Bilecik-Pembe-Mermer.png","type":"image\/png"}],"twitter_card":"summary_large_image","schema":{"@context":"https:\/\/schema.org","@graph":[{"@type":"WebPage","@id":"https:\/\/barrsell.com\/urun\/bilecik-pembe-mermer\/","url":"https:\/\/barrsell.com\/urun\/bilecik-pembe-mermer\/","name":"Bilecik Pembe Mermer | Barrsell End\u00fcstri","isPartOf":{"@id":"https:\/\/barrsell.com\/#website"},"primaryImageOfPage":{"@id":"https:\/\/barrsell.com\/urun\/bilecik-pembe-mermer\/#primaryimage"},"image":{"@id":"https:\/\/barrsell.com\/urun\/bilecik-pembe-mermer\/#primaryimage"},"thumbnailUrl":"https:\/\/barrsell.com\/wp-content\/uploads\/2025\/08\/Bilecik-Pembe-Mermer.png","datePublished":"2025-08-28T08:32:59+00:00","dateModified":"2025-11-07T14:11:05+00:00","description":"T\u00fcrkiye\u2019nin Bilecik b\u00f6lgesinden \u00e7\u0131kar\u0131lan Bilecik Pembe Mermeri, a\u00e7\u0131k pembe tonlar\u0131 ve homojen yap\u0131s\u0131yla \u00f6ne \u00e7\u0131kan, s\u0131cak ve zarif bir do\u011fal ta\u015ft\u0131r.","breadcrumb":{"@id":"https:\/\/barrsell.com\/urun\/bilecik-pembe-mermer\/#breadcrumb"},"inLanguage":"en-US","potentialAction":[{"@type":"ReadAction","target":["https:\/\/barrsell.com\/urun\/bilecik-pembe-mermer\/"]}]},{"@type":"ImageObject","inLanguage":"en-US","@id":"https:\/\/barrsell.com\/urun\/bilecik-pembe-mermer\/#primaryimage","url":"https:\/\/barrsell.com\/wp-content\/uploads\/2025\/08\/Bilecik-Pembe-Mermer.png","contentUrl":"https:\/\/barrsell.com\/wp-content\/uploads\/2025\/08\/Bilecik-Pembe-Mermer.png","width":1200,"height":1200,"caption":"Bilecik Pembe Mermer"},{"@type":"BreadcrumbList","@id":"https:\/\/barrsell.com\/urun\/bilecik-pembe-mermer\/#breadcrumb","itemListElement":[{"@type":"ListItem","position":1,"name":"Home","item":"https:\/\/barrsell.com\/"},{"@type":"ListItem","position":2,"name":"\u00dcr\u00fcnler","item":"https:\/\/barrsell.com\/en\/products\/"},{"@type":"ListItem","position":3,"name":"Bilecik Pembe Mermer"}]},{"@type":"WebSite","@id":"https:\/\/barrsell.com\/#website","url":"https:\/\/barrsell.com\/","name":"Barrsell End\u00fcstri Makine","description":"Teknolojiyle G\u00fc\u00e7lenen End\u00fcstriyel \u00c7\u00f6z\u00fcmler!","potentialAction":[{"@type":"SearchAction","target":{"@type":"EntryPoint","urlTemplate":"https:\/\/barrsell.com\/?s={search_term_string}"},"query-input":"required name=search_term_string"}],"inLanguage":"en-US"}]}},"_links":{"self":[{"href":"https:\/\/barrsell.com\/en\/wp-json\/wp\/v2\/product\/22675","targetHints":{"allow":["GET"]}}],"collection":[{"href":"https:\/\/barrsell.com\/en\/wp-json\/wp\/v2\/product"}],"about":[{"href":"https:\/\/barrsell.com\/en\/wp-json\/wp\/v2\/types\/product"}],"version-history":[{"count":5,"href":"https:\/\/barrsell.com\/en\/wp-json\/wp\/v2\/product\/22675\/revisions"}],"predecessor-version":[{"id":24022,"href":"https:\/\/barrsell.com\/en\/wp-json\/wp\/v2\/product\/22675\/revisions\/24022"}],"wp:featuredmedia":[{"embeddable":true,"href":"https:\/\/barrsell.com\/en\/wp-json\/wp\/v2\/media\/22676"}],"wp:attachment":[{"href":"https:\/\/barrsell.com\/en\/wp-json\/wp\/v2\/media?parent=22675"}],"wp:term":[{"taxonomy":"product_cat","embeddable":true,"href":"https:\/\/barrsell.com\/en\/wp-json\/wp\/v2\/product_cat?post=22675"},{"taxonomy":"product_tag","embeddable":true,"href":"https:\/\/barrsell.com\/en\/wp-json\/wp\/v2\/product_tag?post=22675"}],"curies":[{"name":"wp","href":"https:\/\/api.w.org\/{rel}","templated":true}]}}