{"id":22671,"date":"2025-08-28T08:28:03","date_gmt":"2025-08-28T08:28:03","guid":{"rendered":"https:\/\/barrsell.com\/?post_type=product&#038;p=22671"},"modified":"2025-11-07T14:21:17","modified_gmt":"2025-11-07T14:21:17","slug":"arabescato-cervaiole-mermer","status":"publish","type":"product","link":"https:\/\/barrsell.com\/en\/product\/arabesque-cervaiole-marble\/","title":{"rendered":"Arabescato Cervaiole Mermer"},"content":{"rendered":"<div data-elementor-type=\"product-post\" data-elementor-id=\"22671\" class=\"elementor elementor-22671\" data-elementor-post-type=\"product\">\n\t\t\t\t<div class=\"wd-negative-gap elementor-element elementor-element-986751a e-flex e-con-boxed e-con e-parent\" data-id=\"986751a\" data-element_type=\"container\">\n\t\t\t\t\t<div class=\"e-con-inner\">\n\t\t\t\t<div class=\"elementor-element elementor-element-46322537 color-scheme-inherit text-left elementor-widget elementor-widget-text-editor\" data-id=\"46322537\" data-element_type=\"widget\" data-widget_type=\"text-editor.default\">\n\t\t\t\t<div class=\"elementor-widget-container\">\n\t\t\t\t\t\t\t\t\t<h1 data-start=\"134\" data-end=\"165\">Arabescato Cervaiole Mermer<\/h1><p data-start=\"167\" data-end=\"484\">\u0130talya\u2019n\u0131n Carrara b\u00f6lgesinden \u00e7\u0131kar\u0131lan <strong data-start=\"227\" data-end=\"259\">Arabescato Cervaiole Mermeri<\/strong>, beyaz zemin \u00fczerinde gri tonlarda yo\u011fun ve k\u0131vr\u0131ml\u0131 damarlar\u0131yla \u00f6ne \u00e7\u0131kan, sofistike bir do\u011fal ta\u015ft\u0131r. Kendine \u00f6zg\u00fc \u201carabesk desenli\u201d damar yap\u0131s\u0131 sayesinde, mek\u00e2nlara hem <strong data-start=\"434\" data-end=\"470\">klasik hem de modern bir estetik<\/strong> kazand\u0131r\u0131r.<\/p><p data-start=\"486\" data-end=\"512\"><strong data-start=\"486\" data-end=\"510\">Main Features:<\/strong><\/p><ul data-start=\"513\" data-end=\"951\"><li data-start=\"513\" data-end=\"605\"><p data-start=\"515\" data-end=\"605\"><strong data-start=\"515\" data-end=\"562\">Beyaz zemin \u00fczerine gri ve dumanl\u0131 damarlar<\/strong> ile dikkat \u00e7ekici bir g\u00f6r\u00fcn\u00fcme sahiptir.<\/p><\/li><li data-start=\"606\" data-end=\"684\"><p data-start=\"608\" data-end=\"684\">Y\u00fcksek yo\u011funlu\u011fu ve sert yap\u0131s\u0131 sayesinde <strong data-start=\"650\" data-end=\"681\">dayan\u0131kl\u0131 ve uzun \u00f6m\u00fcrl\u00fcd\u00fcr<\/strong>.<\/p><\/li><li data-start=\"685\" data-end=\"768\"><p data-start=\"687\" data-end=\"768\">Y\u00fcksek cilalanabilirlik \u00f6zelli\u011fi ile <strong data-start=\"724\" data-end=\"755\">ayna parlakl\u0131\u011f\u0131nda y\u00fczeyler<\/strong> olu\u015fturur.<\/p><\/li><li data-start=\"769\" data-end=\"863\"><p data-start=\"771\" data-end=\"863\">Cilal\u0131, honlu ve eskitilmi\u015f y\u00fczey se\u00e7enekleriyle farkl\u0131 dekoratif ihtiya\u00e7lara cevap verir.<\/p><\/li><li data-start=\"864\" data-end=\"951\"><p data-start=\"866\" data-end=\"951\"><strong data-start=\"866\" data-end=\"899\">Suya ve neme dayan\u0131kl\u0131 yap\u0131s\u0131<\/strong>, \u00f6zellikle i\u00e7 mek\u00e2nlarda g\u00fcvenli kullan\u0131m sa\u011flar.<\/p><\/li><\/ul><p data-start=\"953\" data-end=\"977\"><strong data-start=\"953\" data-end=\"975\">Description:<\/strong><\/p><ul data-start=\"978\" data-end=\"1293\"><li data-start=\"978\" data-end=\"1054\"><p data-start=\"980\" data-end=\"1054\">L\u00fcks otel, rezidans ve villa projelerinde <strong data-start=\"1022\" data-end=\"1052\">zemin ve duvar kaplamalar\u0131<\/strong><\/p><\/li><li data-start=\"1055\" data-end=\"1123\"><p data-start=\"1057\" data-end=\"1123\"><strong data-start=\"1057\" data-end=\"1087\">Banyo ve mutfak tezg\u00e2hlar\u0131<\/strong>, lavabo ve masa \u00fcst\u00fc uygulamalar\u0131<\/p><\/li><li data-start=\"1124\" data-end=\"1181\"><p data-start=\"1126\" data-end=\"1181\">Hamam, spa ve wellness alanlar\u0131nda dekoratif y\u00fczeyler<\/p><\/li><li data-start=\"1182\" data-end=\"1240\"><p data-start=\"1184\" data-end=\"1240\">\u015e\u00f6mine \u00e7evresi, merdiven kaplamalar\u0131 ve kolon giydirme<\/p><\/li><li data-start=\"1241\" data-end=\"1293\"><p data-start=\"1243\" data-end=\"1293\">Sanatsal dekorasyon panelleri ve vurgu duvarlar\u0131<\/p><\/li><\/ul>\t\t\t\t\t\t\t\t<\/div>\n\t\t\t\t<\/div>\n\t\t\t\t\t<\/div>\n\t\t\t\t<\/div>\n\t\t<div class=\"wd-negative-gap elementor-element elementor-element-b9f9b61 e-flex e-con-boxed e-con e-parent\" data-id=\"b9f9b61\" data-element_type=\"container\">\n\t\t\t\t\t<div class=\"e-con-inner\">\n\t\t\t\t\t<\/div>\n\t\t\t\t<\/div>\n\t\t\t\t<\/div>","protected":false},"excerpt":{"rendered":"<p>&nbsp;<\/p>\n<p>&nbsp;<\/p>","protected":false},"featured_media":22672,"template":"","meta":[],"product_cat":[90,220],"product_tag":[],"class_list":{"0":"post-22671","1":"product","2":"type-product","3":"status-publish","4":"has-post-thumbnail","6":"product_cat-turk-hamami-ekipmanlari","7":"product_cat-turk-hamami-mermerleri","9":"first","10":"instock","11":"shipping-taxable","12":"product-type-simple"},"yoast_head":"<!-- This site is optimized with the Yoast SEO Premium plugin v23.2 (Yoast SEO v23.2) - https:\/\/yoast.com\/wordpress\/plugins\/seo\/ -->\n<title>Arabescato Cervaiole Mermer | Barrsell End\u00fcstri<\/title>\n<meta name=\"description\" content=\"\u0130talya\u2019n\u0131n Carrara b\u00f6lgesinden \u00e7\u0131kar\u0131lan Arabescato Cervaiole Mermeri, beyaz zemin \u00fczerinde gri tonlarda yo\u011fun ve k\u0131vr\u0131ml\u0131 damarlar\u0131yla \u00f6ne \u00e7\u0131kar.\" \/>\n<meta name=\"robots\" content=\"index, follow, max-snippet:-1, max-image-preview:large, max-video-preview:-1\" \/>\n<link rel=\"canonical\" href=\"https:\/\/barrsell.com\/en\/product\/arabesque-cervaiole-marble\/\" \/>\n<meta property=\"og:locale\" content=\"en_US\" \/>\n<meta property=\"og:type\" content=\"article\" \/>\n<meta property=\"og:title\" content=\"Arabescato Cervaiole Mermer\" \/>\n<meta property=\"og:description\" content=\"\u0130talya\u2019n\u0131n Carrara b\u00f6lgesinden \u00e7\u0131kar\u0131lan Arabescato Cervaiole Mermeri, beyaz zemin \u00fczerinde gri tonlarda yo\u011fun ve k\u0131vr\u0131ml\u0131 damarlar\u0131yla \u00f6ne \u00e7\u0131kar.\" \/>\n<meta property=\"og:url\" content=\"https:\/\/barrsell.com\/en\/product\/arabesque-cervaiole-marble\/\" \/>\n<meta property=\"og:site_name\" content=\"Barrsell\" \/>\n<meta property=\"article:modified_time\" content=\"2025-11-07T14:21:17+00:00\" \/>\n<meta property=\"og:image\" content=\"https:\/\/barrsell.com\/wp-content\/uploads\/2025\/08\/Arabescato-Cervaiole-Mermer.png\" \/>\n\t<meta property=\"og:image:width\" content=\"1200\" \/>\n\t<meta property=\"og:image:height\" content=\"1200\" \/>\n\t<meta property=\"og:image:type\" content=\"image\/png\" \/>\n<meta name=\"twitter:card\" content=\"summary_large_image\" \/>\n<script type=\"application\/ld+json\" class=\"yoast-schema-graph\">{\"@context\":\"https:\/\/schema.org\",\"@graph\":[{\"@type\":\"WebPage\",\"@id\":\"https:\/\/barrsell.com\/urun\/arabescato-cervaiole-mermer\/\",\"url\":\"https:\/\/barrsell.com\/urun\/arabescato-cervaiole-mermer\/\",\"name\":\"Arabescato Cervaiole Mermer | Barrsell End\u00fcstri\",\"isPartOf\":{\"@id\":\"https:\/\/barrsell.com\/#website\"},\"primaryImageOfPage\":{\"@id\":\"https:\/\/barrsell.com\/urun\/arabescato-cervaiole-mermer\/#primaryimage\"},\"image\":{\"@id\":\"https:\/\/barrsell.com\/urun\/arabescato-cervaiole-mermer\/#primaryimage\"},\"thumbnailUrl\":\"https:\/\/barrsell.com\/wp-content\/uploads\/2025\/08\/Arabescato-Cervaiole-Mermer.png\",\"datePublished\":\"2025-08-28T08:28:03+00:00\",\"dateModified\":\"2025-11-07T14:21:17+00:00\",\"description\":\"\u0130talya\u2019n\u0131n Carrara b\u00f6lgesinden \u00e7\u0131kar\u0131lan Arabescato Cervaiole Mermeri, beyaz zemin \u00fczerinde gri tonlarda yo\u011fun ve k\u0131vr\u0131ml\u0131 damarlar\u0131yla \u00f6ne \u00e7\u0131kar.\",\"breadcrumb\":{\"@id\":\"https:\/\/barrsell.com\/urun\/arabescato-cervaiole-mermer\/#breadcrumb\"},\"inLanguage\":\"en-US\",\"potentialAction\":[{\"@type\":\"ReadAction\",\"target\":[\"https:\/\/barrsell.com\/urun\/arabescato-cervaiole-mermer\/\"]}]},{\"@type\":\"ImageObject\",\"inLanguage\":\"en-US\",\"@id\":\"https:\/\/barrsell.com\/urun\/arabescato-cervaiole-mermer\/#primaryimage\",\"url\":\"https:\/\/barrsell.com\/wp-content\/uploads\/2025\/08\/Arabescato-Cervaiole-Mermer.png\",\"contentUrl\":\"https:\/\/barrsell.com\/wp-content\/uploads\/2025\/08\/Arabescato-Cervaiole-Mermer.png\",\"width\":1200,\"height\":1200,\"caption\":\"Arabescato Cervaiole Mermer\"},{\"@type\":\"BreadcrumbList\",\"@id\":\"https:\/\/barrsell.com\/urun\/arabescato-cervaiole-mermer\/#breadcrumb\",\"itemListElement\":[{\"@type\":\"ListItem\",\"position\":1,\"name\":\"Home\",\"item\":\"https:\/\/barrsell.com\/\"},{\"@type\":\"ListItem\",\"position\":2,\"name\":\"\u00dcr\u00fcnler\",\"item\":\"https:\/\/barrsell.com\/en\/products\/\"},{\"@type\":\"ListItem\",\"position\":3,\"name\":\"Arabescato Cervaiole Mermer\"}]},{\"@type\":\"WebSite\",\"@id\":\"https:\/\/barrsell.com\/#website\",\"url\":\"https:\/\/barrsell.com\/\",\"name\":\"Barrsell End\u00fcstri Makine\",\"description\":\"Teknolojiyle G\u00fc\u00e7lenen End\u00fcstriyel \u00c7\u00f6z\u00fcmler!\",\"potentialAction\":[{\"@type\":\"SearchAction\",\"target\":{\"@type\":\"EntryPoint\",\"urlTemplate\":\"https:\/\/barrsell.com\/?s={search_term_string}\"},\"query-input\":\"required name=search_term_string\"}],\"inLanguage\":\"en-US\"}]}<\/script>\n<!-- \/ Yoast SEO Premium plugin. -->","yoast_head_json":{"title":"Arabescato Cervaiole Mermer | Barrsell End\u00fcstri","description":"\u0130talya\u2019n\u0131n Carrara b\u00f6lgesinden \u00e7\u0131kar\u0131lan Arabescato Cervaiole Mermeri, beyaz zemin \u00fczerinde gri tonlarda yo\u011fun ve k\u0131vr\u0131ml\u0131 damarlar\u0131yla \u00f6ne \u00e7\u0131kar.","robots":{"index":"index","follow":"follow","max-snippet":"max-snippet:-1","max-image-preview":"max-image-preview:large","max-video-preview":"max-video-preview:-1"},"canonical":"https:\/\/barrsell.com\/en\/product\/arabesque-cervaiole-marble\/","og_locale":"en_US","og_type":"article","og_title":"Arabescato Cervaiole Mermer","og_description":"\u0130talya\u2019n\u0131n Carrara b\u00f6lgesinden \u00e7\u0131kar\u0131lan Arabescato Cervaiole Mermeri, beyaz zemin \u00fczerinde gri tonlarda yo\u011fun ve k\u0131vr\u0131ml\u0131 damarlar\u0131yla \u00f6ne \u00e7\u0131kar.","og_url":"https:\/\/barrsell.com\/en\/product\/arabesque-cervaiole-marble\/","og_site_name":"Barrsell","article_modified_time":"2025-11-07T14:21:17+00:00","og_image":[{"width":1200,"height":1200,"url":"https:\/\/barrsell.com\/wp-content\/uploads\/2025\/08\/Arabescato-Cervaiole-Mermer.png","type":"image\/png"}],"twitter_card":"summary_large_image","schema":{"@context":"https:\/\/schema.org","@graph":[{"@type":"WebPage","@id":"https:\/\/barrsell.com\/urun\/arabescato-cervaiole-mermer\/","url":"https:\/\/barrsell.com\/urun\/arabescato-cervaiole-mermer\/","name":"Arabescato Cervaiole Mermer | Barrsell End\u00fcstri","isPartOf":{"@id":"https:\/\/barrsell.com\/#website"},"primaryImageOfPage":{"@id":"https:\/\/barrsell.com\/urun\/arabescato-cervaiole-mermer\/#primaryimage"},"image":{"@id":"https:\/\/barrsell.com\/urun\/arabescato-cervaiole-mermer\/#primaryimage"},"thumbnailUrl":"https:\/\/barrsell.com\/wp-content\/uploads\/2025\/08\/Arabescato-Cervaiole-Mermer.png","datePublished":"2025-08-28T08:28:03+00:00","dateModified":"2025-11-07T14:21:17+00:00","description":"\u0130talya\u2019n\u0131n Carrara b\u00f6lgesinden \u00e7\u0131kar\u0131lan Arabescato Cervaiole Mermeri, beyaz zemin \u00fczerinde gri tonlarda yo\u011fun ve k\u0131vr\u0131ml\u0131 damarlar\u0131yla \u00f6ne \u00e7\u0131kar.","breadcrumb":{"@id":"https:\/\/barrsell.com\/urun\/arabescato-cervaiole-mermer\/#breadcrumb"},"inLanguage":"en-US","potentialAction":[{"@type":"ReadAction","target":["https:\/\/barrsell.com\/urun\/arabescato-cervaiole-mermer\/"]}]},{"@type":"ImageObject","inLanguage":"en-US","@id":"https:\/\/barrsell.com\/urun\/arabescato-cervaiole-mermer\/#primaryimage","url":"https:\/\/barrsell.com\/wp-content\/uploads\/2025\/08\/Arabescato-Cervaiole-Mermer.png","contentUrl":"https:\/\/barrsell.com\/wp-content\/uploads\/2025\/08\/Arabescato-Cervaiole-Mermer.png","width":1200,"height":1200,"caption":"Arabescato Cervaiole Mermer"},{"@type":"BreadcrumbList","@id":"https:\/\/barrsell.com\/urun\/arabescato-cervaiole-mermer\/#breadcrumb","itemListElement":[{"@type":"ListItem","position":1,"name":"Home","item":"https:\/\/barrsell.com\/"},{"@type":"ListItem","position":2,"name":"\u00dcr\u00fcnler","item":"https:\/\/barrsell.com\/en\/products\/"},{"@type":"ListItem","position":3,"name":"Arabescato Cervaiole Mermer"}]},{"@type":"WebSite","@id":"https:\/\/barrsell.com\/#website","url":"https:\/\/barrsell.com\/","name":"Barrsell End\u00fcstri Makine","description":"Teknolojiyle G\u00fc\u00e7lenen End\u00fcstriyel \u00c7\u00f6z\u00fcmler!","potentialAction":[{"@type":"SearchAction","target":{"@type":"EntryPoint","urlTemplate":"https:\/\/barrsell.com\/?s={search_term_string}"},"query-input":"required name=search_term_string"}],"inLanguage":"en-US"}]}},"_links":{"self":[{"href":"https:\/\/barrsell.com\/en\/wp-json\/wp\/v2\/product\/22671","targetHints":{"allow":["GET"]}}],"collection":[{"href":"https:\/\/barrsell.com\/en\/wp-json\/wp\/v2\/product"}],"about":[{"href":"https:\/\/barrsell.com\/en\/wp-json\/wp\/v2\/types\/product"}],"version-history":[{"count":5,"href":"https:\/\/barrsell.com\/en\/wp-json\/wp\/v2\/product\/22671\/revisions"}],"predecessor-version":[{"id":24026,"href":"https:\/\/barrsell.com\/en\/wp-json\/wp\/v2\/product\/22671\/revisions\/24026"}],"wp:featuredmedia":[{"embeddable":true,"href":"https:\/\/barrsell.com\/en\/wp-json\/wp\/v2\/media\/22672"}],"wp:attachment":[{"href":"https:\/\/barrsell.com\/en\/wp-json\/wp\/v2\/media?parent=22671"}],"wp:term":[{"taxonomy":"product_cat","embeddable":true,"href":"https:\/\/barrsell.com\/en\/wp-json\/wp\/v2\/product_cat?post=22671"},{"taxonomy":"product_tag","embeddable":true,"href":"https:\/\/barrsell.com\/en\/wp-json\/wp\/v2\/product_tag?post=22671"}],"curies":[{"name":"wp","href":"https:\/\/api.w.org\/{rel}","templated":true}]}}