{"id":22650,"date":"2025-08-27T12:40:49","date_gmt":"2025-08-27T12:40:49","guid":{"rendered":"https:\/\/barrsell.com\/?post_type=product&#038;p=22650"},"modified":"2025-08-27T13:04:39","modified_gmt":"2025-08-27T13:04:39","slug":"afyon-kaplan-postu-mermeri","status":"publish","type":"product","link":"https:\/\/barrsell.com\/en\/product\/afyon-tiger-skin-marble\/","title":{"rendered":"Afyon Leopard Skin Marble"},"content":{"rendered":"<h1 data-start=\"121\" data-end=\"182\">Afyon Leopard Skin Marble \u2013 Special Marble for Turkish Baths<\/h1>\n<p data-start=\"224\" data-end=\"573\"><strong data-start=\"224\" data-end=\"254\">Afyon Leopard Skin Marble<\/strong>, ad\u0131n\u0131 kaplan postunu and\u0131ran benzersiz \u00e7izgili desenlerinden al\u0131r. Gri, siyah ve kahverengi tonlar\u0131n\u0131n dalgal\u0131 g\u00f6r\u00fcn\u00fcm\u00fcyle, her mek\u00e2na g\u00fc\u00e7l\u00fc bir estetik ve ihti\u015fam katar. T\u00fcrk hamamlar\u0131nda en \u00e7ok tercih edilen do\u011fal ta\u015flardan biri olan bu mermer, hem geleneksel hem de modern tasar\u0131mlarda g\u00f6z al\u0131c\u0131 bir uyum sa\u011flar.<\/p>\n<h2 data-start=\"184\" data-end=\"223\">\u201cNature's Pattern, the Splendor of the Bathhouse\u201d<\/h2>\n<h2 data-start=\"580\" data-end=\"596\">Features<\/h2>\n<ul data-start=\"597\" data-end=\"1119\">\n<li data-start=\"597\" data-end=\"701\">\n<p data-start=\"599\" data-end=\"701\" class=\" translation-block\"><strong data-start=\"\u201c599\u201d\" data-end=\"\u201c617\u201d\">Color and Pattern:<\/strong> A unique pattern reminiscent of a leopard's coat, featuring natural transitions of gray, brown, and black.<\/p>\n<\/li>\n<li data-start=\"702\" data-end=\"783\">\n<p data-start=\"704\" data-end=\"783\" class=\" translation-block\"><strong data-start=\"\u201c704\u201d\" data-end=\"\u201c714\u201d\">Origin:<\/strong> High-quality natural stone quarried in the Afyon region of Turkey.<\/p>\n<\/li>\n<li data-start=\"784\" data-end=\"986\">\n<p data-start=\"786\" data-end=\"810\"><strong data-start=\"786\" data-end=\"808\">Description:<\/strong><\/p>\n<ul data-start=\"813\" data-end=\"986\">\n<li data-start=\"813\" data-end=\"873\">\n<p data-start=\"815\" data-end=\"873\">Belly stones, floor and wall coverings in Turkish baths<\/p>\n<\/li>\n<li data-start=\"876\" data-end=\"927\">\n<p data-start=\"878\" data-end=\"927\">Decorative surfaces in spa and wellness centers<\/p>\n<\/li>\n<li data-start=\"930\" data-end=\"986\">\n<p data-start=\"932\" data-end=\"986\">Prestigious designs in luxury hotel and villa bathrooms<\/p>\n<\/li>\n<\/ul>\n<\/li>\n<li data-start=\"987\" data-end=\"1049\">\n<p data-start=\"989\" data-end=\"1049\"><strong data-start=\"989\" data-end=\"1006\">Durability:<\/strong> High resistance to water, moisture, and heat.<\/p>\n<\/li>\n<li data-start=\"1050\" data-end=\"1119\">\n<p data-start=\"1052\" data-end=\"1119\" class=\" translation-block\"><strong data-start=\"\u201c1052\u201d\" data-end=\"\u201c1064\u201d\">Aesthetics:<\/strong> It gives the space an authentic and lively atmosphere.<\/p>\n<\/li>\n<\/ul>","protected":false},"excerpt":{"rendered":"<p>&nbsp;<\/p>\n<p>&nbsp;<\/p>","protected":false},"featured_media":22658,"template":"","meta":[],"product_cat":[90,220],"product_tag":[],"class_list":{"0":"post-22650","1":"product","2":"type-product","3":"status-publish","4":"has-post-thumbnail","6":"product_cat-turk-hamami-ekipmanlari","7":"product_cat-turk-hamami-mermerleri","9":"first","10":"instock","11":"shipping-taxable","12":"product-type-simple"},"yoast_head":"<!-- This site is optimized with the Yoast SEO Premium plugin v23.2 (Yoast SEO v23.2) - https:\/\/yoast.com\/wordpress\/plugins\/seo\/ -->\n<title>Afyon Kaplan Postu Mermeri | Barrsell End\u00fcstri<\/title>\n<meta name=\"description\" content=\"Afyon Kaplan Postu Mermeri, ad\u0131n\u0131 kaplan postunu and\u0131ran benzersiz \u00e7izgili desenlerinden al\u0131r. Gri, siyah ve kahverengi tonlar\u0131 vard\u0131r.\" \/>\n<meta name=\"robots\" content=\"index, follow, max-snippet:-1, max-image-preview:large, max-video-preview:-1\" \/>\n<link rel=\"canonical\" href=\"https:\/\/barrsell.com\/en\/product\/afyon-tiger-skin-marble\/\" \/>\n<meta property=\"og:locale\" content=\"en_US\" \/>\n<meta property=\"og:type\" content=\"article\" \/>\n<meta property=\"og:title\" content=\"Afyon Kaplan Postu Mermeri\" \/>\n<meta property=\"og:description\" content=\"Afyon Kaplan Postu Mermeri, ad\u0131n\u0131 kaplan postunu and\u0131ran benzersiz \u00e7izgili desenlerinden al\u0131r. Gri, siyah ve kahverengi tonlar\u0131 vard\u0131r.\" \/>\n<meta property=\"og:url\" content=\"https:\/\/barrsell.com\/en\/product\/afyon-tiger-skin-marble\/\" \/>\n<meta property=\"og:site_name\" content=\"Barrsell\" \/>\n<meta property=\"article:modified_time\" content=\"2025-08-27T13:04:39+00:00\" \/>\n<meta property=\"og:image\" content=\"https:\/\/barrsell.com\/wp-content\/uploads\/2025\/08\/Afyon-Kaplan-Postu-Mermeri-siyah.png\" \/>\n\t<meta property=\"og:image:width\" content=\"1200\" \/>\n\t<meta property=\"og:image:height\" content=\"1200\" \/>\n\t<meta property=\"og:image:type\" content=\"image\/png\" \/>\n<meta name=\"twitter:card\" content=\"summary_large_image\" \/>\n<meta name=\"twitter:label1\" content=\"Est. reading time\" \/>\n\t<meta name=\"twitter:data1\" content=\"1 minute\" \/>\n<script type=\"application\/ld+json\" class=\"yoast-schema-graph\">{\"@context\":\"https:\/\/schema.org\",\"@graph\":[{\"@type\":\"WebPage\",\"@id\":\"https:\/\/barrsell.com\/urun\/afyon-kaplan-postu-mermeri\/\",\"url\":\"https:\/\/barrsell.com\/urun\/afyon-kaplan-postu-mermeri\/\",\"name\":\"Afyon Kaplan Postu Mermeri | Barrsell End\u00fcstri\",\"isPartOf\":{\"@id\":\"https:\/\/barrsell.com\/#website\"},\"primaryImageOfPage\":{\"@id\":\"https:\/\/barrsell.com\/urun\/afyon-kaplan-postu-mermeri\/#primaryimage\"},\"image\":{\"@id\":\"https:\/\/barrsell.com\/urun\/afyon-kaplan-postu-mermeri\/#primaryimage\"},\"thumbnailUrl\":\"https:\/\/barrsell.com\/wp-content\/uploads\/2025\/08\/Afyon-Kaplan-Postu-Mermeri-siyah.png\",\"datePublished\":\"2025-08-27T12:40:49+00:00\",\"dateModified\":\"2025-08-27T13:04:39+00:00\",\"description\":\"Afyon Kaplan Postu Mermeri, ad\u0131n\u0131 kaplan postunu and\u0131ran benzersiz \u00e7izgili desenlerinden al\u0131r. Gri, siyah ve kahverengi tonlar\u0131 vard\u0131r.\",\"breadcrumb\":{\"@id\":\"https:\/\/barrsell.com\/urun\/afyon-kaplan-postu-mermeri\/#breadcrumb\"},\"inLanguage\":\"en-US\",\"potentialAction\":[{\"@type\":\"ReadAction\",\"target\":[\"https:\/\/barrsell.com\/urun\/afyon-kaplan-postu-mermeri\/\"]}]},{\"@type\":\"ImageObject\",\"inLanguage\":\"en-US\",\"@id\":\"https:\/\/barrsell.com\/urun\/afyon-kaplan-postu-mermeri\/#primaryimage\",\"url\":\"https:\/\/barrsell.com\/wp-content\/uploads\/2025\/08\/Afyon-Kaplan-Postu-Mermeri-siyah.png\",\"contentUrl\":\"https:\/\/barrsell.com\/wp-content\/uploads\/2025\/08\/Afyon-Kaplan-Postu-Mermeri-siyah.png\",\"width\":1200,\"height\":1200,\"caption\":\"Afyon Kaplan Postu Mermeri-siyah\"},{\"@type\":\"BreadcrumbList\",\"@id\":\"https:\/\/barrsell.com\/urun\/afyon-kaplan-postu-mermeri\/#breadcrumb\",\"itemListElement\":[{\"@type\":\"ListItem\",\"position\":1,\"name\":\"Home\",\"item\":\"https:\/\/barrsell.com\/\"},{\"@type\":\"ListItem\",\"position\":2,\"name\":\"\u00dcr\u00fcnler\",\"item\":\"https:\/\/barrsell.com\/en\/products\/\"},{\"@type\":\"ListItem\",\"position\":3,\"name\":\"Afyon Kaplan Postu Mermeri\"}]},{\"@type\":\"WebSite\",\"@id\":\"https:\/\/barrsell.com\/#website\",\"url\":\"https:\/\/barrsell.com\/\",\"name\":\"Barrsell End\u00fcstri Makine\",\"description\":\"Teknolojiyle G\u00fc\u00e7lenen End\u00fcstriyel \u00c7\u00f6z\u00fcmler!\",\"potentialAction\":[{\"@type\":\"SearchAction\",\"target\":{\"@type\":\"EntryPoint\",\"urlTemplate\":\"https:\/\/barrsell.com\/?s={search_term_string}\"},\"query-input\":\"required name=search_term_string\"}],\"inLanguage\":\"en-US\"}]}<\/script>\n<!-- \/ Yoast SEO Premium plugin. -->","yoast_head_json":{"title":"Afyon Kaplan Postu Mermeri | Barrsell End\u00fcstri","description":"Afyon Kaplan Postu Mermeri, ad\u0131n\u0131 kaplan postunu and\u0131ran benzersiz \u00e7izgili desenlerinden al\u0131r. Gri, siyah ve kahverengi tonlar\u0131 vard\u0131r.","robots":{"index":"index","follow":"follow","max-snippet":"max-snippet:-1","max-image-preview":"max-image-preview:large","max-video-preview":"max-video-preview:-1"},"canonical":"https:\/\/barrsell.com\/en\/product\/afyon-tiger-skin-marble\/","og_locale":"en_US","og_type":"article","og_title":"Afyon Kaplan Postu Mermeri","og_description":"Afyon Kaplan Postu Mermeri, ad\u0131n\u0131 kaplan postunu and\u0131ran benzersiz \u00e7izgili desenlerinden al\u0131r. Gri, siyah ve kahverengi tonlar\u0131 vard\u0131r.","og_url":"https:\/\/barrsell.com\/en\/product\/afyon-tiger-skin-marble\/","og_site_name":"Barrsell","article_modified_time":"2025-08-27T13:04:39+00:00","og_image":[{"width":1200,"height":1200,"url":"https:\/\/barrsell.com\/wp-content\/uploads\/2025\/08\/Afyon-Kaplan-Postu-Mermeri-siyah.png","type":"image\/png"}],"twitter_card":"summary_large_image","twitter_misc":{"Est. reading time":"1 minute"},"schema":{"@context":"https:\/\/schema.org","@graph":[{"@type":"WebPage","@id":"https:\/\/barrsell.com\/urun\/afyon-kaplan-postu-mermeri\/","url":"https:\/\/barrsell.com\/urun\/afyon-kaplan-postu-mermeri\/","name":"Afyon Kaplan Postu Mermeri | Barrsell End\u00fcstri","isPartOf":{"@id":"https:\/\/barrsell.com\/#website"},"primaryImageOfPage":{"@id":"https:\/\/barrsell.com\/urun\/afyon-kaplan-postu-mermeri\/#primaryimage"},"image":{"@id":"https:\/\/barrsell.com\/urun\/afyon-kaplan-postu-mermeri\/#primaryimage"},"thumbnailUrl":"https:\/\/barrsell.com\/wp-content\/uploads\/2025\/08\/Afyon-Kaplan-Postu-Mermeri-siyah.png","datePublished":"2025-08-27T12:40:49+00:00","dateModified":"2025-08-27T13:04:39+00:00","description":"Afyon Kaplan Postu Mermeri, ad\u0131n\u0131 kaplan postunu and\u0131ran benzersiz \u00e7izgili desenlerinden al\u0131r. Gri, siyah ve kahverengi tonlar\u0131 vard\u0131r.","breadcrumb":{"@id":"https:\/\/barrsell.com\/urun\/afyon-kaplan-postu-mermeri\/#breadcrumb"},"inLanguage":"en-US","potentialAction":[{"@type":"ReadAction","target":["https:\/\/barrsell.com\/urun\/afyon-kaplan-postu-mermeri\/"]}]},{"@type":"ImageObject","inLanguage":"en-US","@id":"https:\/\/barrsell.com\/urun\/afyon-kaplan-postu-mermeri\/#primaryimage","url":"https:\/\/barrsell.com\/wp-content\/uploads\/2025\/08\/Afyon-Kaplan-Postu-Mermeri-siyah.png","contentUrl":"https:\/\/barrsell.com\/wp-content\/uploads\/2025\/08\/Afyon-Kaplan-Postu-Mermeri-siyah.png","width":1200,"height":1200,"caption":"Afyon Kaplan Postu Mermeri-siyah"},{"@type":"BreadcrumbList","@id":"https:\/\/barrsell.com\/urun\/afyon-kaplan-postu-mermeri\/#breadcrumb","itemListElement":[{"@type":"ListItem","position":1,"name":"Home","item":"https:\/\/barrsell.com\/"},{"@type":"ListItem","position":2,"name":"\u00dcr\u00fcnler","item":"https:\/\/barrsell.com\/en\/products\/"},{"@type":"ListItem","position":3,"name":"Afyon Kaplan Postu Mermeri"}]},{"@type":"WebSite","@id":"https:\/\/barrsell.com\/#website","url":"https:\/\/barrsell.com\/","name":"Barrsell End\u00fcstri Makine","description":"Teknolojiyle G\u00fc\u00e7lenen End\u00fcstriyel \u00c7\u00f6z\u00fcmler!","potentialAction":[{"@type":"SearchAction","target":{"@type":"EntryPoint","urlTemplate":"https:\/\/barrsell.com\/?s={search_term_string}"},"query-input":"required name=search_term_string"}],"inLanguage":"en-US"}]}},"_links":{"self":[{"href":"https:\/\/barrsell.com\/en\/wp-json\/wp\/v2\/product\/22650","targetHints":{"allow":["GET"]}}],"collection":[{"href":"https:\/\/barrsell.com\/en\/wp-json\/wp\/v2\/product"}],"about":[{"href":"https:\/\/barrsell.com\/en\/wp-json\/wp\/v2\/types\/product"}],"version-history":[{"count":2,"href":"https:\/\/barrsell.com\/en\/wp-json\/wp\/v2\/product\/22650\/revisions"}],"predecessor-version":[{"id":22657,"href":"https:\/\/barrsell.com\/en\/wp-json\/wp\/v2\/product\/22650\/revisions\/22657"}],"wp:featuredmedia":[{"embeddable":true,"href":"https:\/\/barrsell.com\/en\/wp-json\/wp\/v2\/media\/22658"}],"wp:attachment":[{"href":"https:\/\/barrsell.com\/en\/wp-json\/wp\/v2\/media?parent=22650"}],"wp:term":[{"taxonomy":"product_cat","embeddable":true,"href":"https:\/\/barrsell.com\/en\/wp-json\/wp\/v2\/product_cat?post=22650"},{"taxonomy":"product_tag","embeddable":true,"href":"https:\/\/barrsell.com\/en\/wp-json\/wp\/v2\/product_tag?post=22650"}],"curies":[{"name":"wp","href":"https:\/\/api.w.org\/{rel}","templated":true}]}}