{"id":22643,"date":"2025-08-27T10:55:33","date_gmt":"2025-08-27T10:55:33","guid":{"rendered":"https:\/\/barrsell.com\/?post_type=product&#038;p=22643"},"modified":"2025-08-27T13:07:01","modified_gmt":"2025-08-27T13:07:01","slug":"hamam-kurnasi-b-03","status":"publish","type":"product","link":"https:\/\/barrsell.com\/en\/product\/hamam-basin-b-03\/","title":{"rendered":"Turkish Bath Basin B-03"},"content":{"rendered":"<h1 data-start=\"148\" data-end=\"209\">Hamam Kurnas\u0131 B-03 \u2013 El Yap\u0131m\u0131 Beyaz Mermer Hamam Kurnas\u0131<\/h1>\n<p data-start=\"281\" data-end=\"565\"><strong data-start=\"281\" data-end=\"303\">Turkish Bath Basin B-03<\/strong>, el oymas\u0131 beyaz mermerden \u00fcretilmi\u015f \u00f6zel bir par\u00e7ad\u0131r. Her biri ustalar taraf\u0131ndan tek tek \u015fekillendirilen bu kurna, %100 do\u011fal ta\u015f\u0131n e\u015fsiz dokusunu ta\u015f\u0131r ve hi\u00e7bir \u00fcr\u00fcn birbirinin ayn\u0131s\u0131 de\u011fildir. Bu \u00f6zelli\u011fiyle her mek\u00e2na kendine has bir kimlik kazand\u0131r\u0131r.<\/p>\n<h4 data-start=\"211\" data-end=\"279\">The Elegance of Natural Marble Meets the Spirit of the Traditional Turkish Bath<\/h4>\n<h2 data-start=\"572\" data-end=\"593\">Product features<\/h2>\n<ul data-start=\"594\" data-end=\"1022\">\n<li data-start=\"594\" data-end=\"634\">\n<p data-start=\"596\" data-end=\"634\"><strong data-start=\"596\" data-end=\"608\">Material:<\/strong> 100% natural white marble<\/p>\n<\/li>\n<li data-start=\"635\" data-end=\"705\">\n<p data-start=\"637\" data-end=\"705\" class=\" translation-block\"><strong data-start=\"\u201c637\u201d\" data-end=\"\u201c653\u201d\">Handcrafted:<\/strong> Each piece is hand-carved, unique, and one-of-a-kind.<\/p>\n<\/li>\n<li data-start=\"706\" data-end=\"767\">\n<p data-start=\"708\" data-end=\"767\" class=\" translation-block\"><strong data-start=\"\u201c708\u201d\" data-end=\"\u201c720\u201d\">Design:<\/strong> Elegant fluted body, smooth rounded inner form<\/p>\n<\/li>\n<li data-start=\"768\" data-end=\"836\">\n<p data-start=\"770\" data-end=\"836\" class=\" translation-block\"><strong data-start=\"\u201c770\u201d\" data-end=\"\u201c782\u201d\">Aesthetics:<\/strong> Traditional lines inspired by the Ottoman period<\/p>\n<\/li>\n<li data-start=\"837\" data-end=\"1022\">\n<p data-start=\"839\" data-end=\"863\"><strong data-start=\"839\" data-end=\"861\">Description:<\/strong><\/p>\n<ul data-start=\"866\" data-end=\"1022\">\n<li data-start=\"866\" data-end=\"895\">\n<p data-start=\"868\" data-end=\"895\">Traditional Turkish baths<\/p>\n<\/li>\n<li data-start=\"898\" data-end=\"935\">\n<p data-start=\"900\" data-end=\"935\">Modern spa and wellness centers<\/p>\n<\/li>\n<li data-start=\"938\" data-end=\"979\">\n<p data-start=\"940\" data-end=\"979\">Rustic or luxury bathroom decor<\/p>\n<\/li>\n<li data-start=\"982\" data-end=\"1022\">\n<p data-start=\"984\" data-end=\"1022\">As a decorative element in interiors<\/p>\n<\/li>\n<\/ul>\n<\/li>\n<\/ul>","protected":false},"excerpt":{"rendered":"<ul>\n<li>Material Types<\/li>\n<li>Thermal Insulation<\/li>\n<li>Water Drainage System<\/li>\n<\/ul>\n<p>&nbsp;<\/p>","protected":false},"featured_media":22649,"template":"","meta":[],"product_cat":[90,222],"product_tag":[],"class_list":{"0":"post-22643","1":"product","2":"type-product","3":"status-publish","4":"has-post-thumbnail","6":"product_cat-turk-hamami-ekipmanlari","7":"product_cat-turk-hamami-kurnalari","9":"first","10":"instock","11":"shipping-taxable","12":"product-type-simple"},"yoast_head":"<!-- This site is optimized with the Yoast SEO Premium plugin v23.2 (Yoast SEO v23.2) - https:\/\/yoast.com\/wordpress\/plugins\/seo\/ -->\n<title>Hamam Kurnas\u0131 B-03 | Barrsell End\u00fcstri<\/title>\n<meta name=\"description\" content=\"Hamam Kurnas\u0131 B-03, el oymas\u0131 beyaz mermerden \u00fcretilmi\u015f \u00f6zel bir par\u00e7ad\u0131r. Her biri ustalar taraf\u0131ndan tek tek \u015fekillendirilen kurna.\" \/>\n<meta name=\"robots\" content=\"index, follow, max-snippet:-1, max-image-preview:large, max-video-preview:-1\" \/>\n<link rel=\"canonical\" href=\"https:\/\/barrsell.com\/en\/product\/hamam-basin-b-03\/\" \/>\n<meta property=\"og:locale\" content=\"en_US\" \/>\n<meta property=\"og:type\" content=\"article\" \/>\n<meta property=\"og:title\" content=\"Hamam Kurnas\u0131 B-03\" \/>\n<meta property=\"og:description\" content=\"Hamam Kurnas\u0131 B-03, el oymas\u0131 beyaz mermerden \u00fcretilmi\u015f \u00f6zel bir par\u00e7ad\u0131r. Her biri ustalar taraf\u0131ndan tek tek \u015fekillendirilen kurna.\" \/>\n<meta property=\"og:url\" content=\"https:\/\/barrsell.com\/en\/product\/hamam-basin-b-03\/\" \/>\n<meta property=\"og:site_name\" content=\"Barrsell\" \/>\n<meta property=\"article:modified_time\" content=\"2025-08-27T13:07:01+00:00\" \/>\n<meta property=\"og:image\" content=\"https:\/\/barrsell.com\/wp-content\/uploads\/2025\/08\/Hamam-Kurnasi-B-03-2.png\" \/>\n\t<meta property=\"og:image:width\" content=\"1200\" \/>\n\t<meta property=\"og:image:height\" content=\"1200\" \/>\n\t<meta property=\"og:image:type\" content=\"image\/png\" \/>\n<meta name=\"twitter:card\" content=\"summary_large_image\" \/>\n<meta name=\"twitter:label1\" content=\"Est. reading time\" \/>\n\t<meta name=\"twitter:data1\" content=\"1 minute\" \/>\n<script type=\"application\/ld+json\" class=\"yoast-schema-graph\">{\"@context\":\"https:\/\/schema.org\",\"@graph\":[{\"@type\":\"WebPage\",\"@id\":\"https:\/\/barrsell.com\/urun\/hamam-kurnasi-b-03\/\",\"url\":\"https:\/\/barrsell.com\/urun\/hamam-kurnasi-b-03\/\",\"name\":\"Hamam Kurnas\u0131 B-03 | Barrsell End\u00fcstri\",\"isPartOf\":{\"@id\":\"https:\/\/barrsell.com\/#website\"},\"primaryImageOfPage\":{\"@id\":\"https:\/\/barrsell.com\/urun\/hamam-kurnasi-b-03\/#primaryimage\"},\"image\":{\"@id\":\"https:\/\/barrsell.com\/urun\/hamam-kurnasi-b-03\/#primaryimage\"},\"thumbnailUrl\":\"https:\/\/barrsell.com\/wp-content\/uploads\/2025\/08\/Hamam-Kurnasi-B-03-2.png\",\"datePublished\":\"2025-08-27T10:55:33+00:00\",\"dateModified\":\"2025-08-27T13:07:01+00:00\",\"description\":\"Hamam Kurnas\u0131 B-03, el oymas\u0131 beyaz mermerden \u00fcretilmi\u015f \u00f6zel bir par\u00e7ad\u0131r. Her biri ustalar taraf\u0131ndan tek tek \u015fekillendirilen kurna.\",\"breadcrumb\":{\"@id\":\"https:\/\/barrsell.com\/urun\/hamam-kurnasi-b-03\/#breadcrumb\"},\"inLanguage\":\"en-US\",\"potentialAction\":[{\"@type\":\"ReadAction\",\"target\":[\"https:\/\/barrsell.com\/urun\/hamam-kurnasi-b-03\/\"]}]},{\"@type\":\"ImageObject\",\"inLanguage\":\"en-US\",\"@id\":\"https:\/\/barrsell.com\/urun\/hamam-kurnasi-b-03\/#primaryimage\",\"url\":\"https:\/\/barrsell.com\/wp-content\/uploads\/2025\/08\/Hamam-Kurnasi-B-03-2.png\",\"contentUrl\":\"https:\/\/barrsell.com\/wp-content\/uploads\/2025\/08\/Hamam-Kurnasi-B-03-2.png\",\"width\":1200,\"height\":1200,\"caption\":\"Hamam Kurnas\u0131 B-03-2\"},{\"@type\":\"BreadcrumbList\",\"@id\":\"https:\/\/barrsell.com\/urun\/hamam-kurnasi-b-03\/#breadcrumb\",\"itemListElement\":[{\"@type\":\"ListItem\",\"position\":1,\"name\":\"Home\",\"item\":\"https:\/\/barrsell.com\/\"},{\"@type\":\"ListItem\",\"position\":2,\"name\":\"\u00dcr\u00fcnler\",\"item\":\"https:\/\/barrsell.com\/en\/products\/\"},{\"@type\":\"ListItem\",\"position\":3,\"name\":\"Hamam Kurnas\u0131 B-03\"}]},{\"@type\":\"WebSite\",\"@id\":\"https:\/\/barrsell.com\/#website\",\"url\":\"https:\/\/barrsell.com\/\",\"name\":\"Barrsell End\u00fcstri Makine\",\"description\":\"Teknolojiyle G\u00fc\u00e7lenen End\u00fcstriyel \u00c7\u00f6z\u00fcmler!\",\"potentialAction\":[{\"@type\":\"SearchAction\",\"target\":{\"@type\":\"EntryPoint\",\"urlTemplate\":\"https:\/\/barrsell.com\/?s={search_term_string}\"},\"query-input\":\"required name=search_term_string\"}],\"inLanguage\":\"en-US\"}]}<\/script>\n<!-- \/ Yoast SEO Premium plugin. -->","yoast_head_json":{"title":"Hamam Kurnas\u0131 B-03 | Barrsell End\u00fcstri","description":"Hamam Kurnas\u0131 B-03, el oymas\u0131 beyaz mermerden \u00fcretilmi\u015f \u00f6zel bir par\u00e7ad\u0131r. Her biri ustalar taraf\u0131ndan tek tek \u015fekillendirilen kurna.","robots":{"index":"index","follow":"follow","max-snippet":"max-snippet:-1","max-image-preview":"max-image-preview:large","max-video-preview":"max-video-preview:-1"},"canonical":"https:\/\/barrsell.com\/en\/product\/hamam-basin-b-03\/","og_locale":"en_US","og_type":"article","og_title":"Hamam Kurnas\u0131 B-03","og_description":"Hamam Kurnas\u0131 B-03, el oymas\u0131 beyaz mermerden \u00fcretilmi\u015f \u00f6zel bir par\u00e7ad\u0131r. Her biri ustalar taraf\u0131ndan tek tek \u015fekillendirilen kurna.","og_url":"https:\/\/barrsell.com\/en\/product\/hamam-basin-b-03\/","og_site_name":"Barrsell","article_modified_time":"2025-08-27T13:07:01+00:00","og_image":[{"width":1200,"height":1200,"url":"https:\/\/barrsell.com\/wp-content\/uploads\/2025\/08\/Hamam-Kurnasi-B-03-2.png","type":"image\/png"}],"twitter_card":"summary_large_image","twitter_misc":{"Est. reading time":"1 minute"},"schema":{"@context":"https:\/\/schema.org","@graph":[{"@type":"WebPage","@id":"https:\/\/barrsell.com\/urun\/hamam-kurnasi-b-03\/","url":"https:\/\/barrsell.com\/urun\/hamam-kurnasi-b-03\/","name":"Hamam Kurnas\u0131 B-03 | Barrsell End\u00fcstri","isPartOf":{"@id":"https:\/\/barrsell.com\/#website"},"primaryImageOfPage":{"@id":"https:\/\/barrsell.com\/urun\/hamam-kurnasi-b-03\/#primaryimage"},"image":{"@id":"https:\/\/barrsell.com\/urun\/hamam-kurnasi-b-03\/#primaryimage"},"thumbnailUrl":"https:\/\/barrsell.com\/wp-content\/uploads\/2025\/08\/Hamam-Kurnasi-B-03-2.png","datePublished":"2025-08-27T10:55:33+00:00","dateModified":"2025-08-27T13:07:01+00:00","description":"Hamam Kurnas\u0131 B-03, el oymas\u0131 beyaz mermerden \u00fcretilmi\u015f \u00f6zel bir par\u00e7ad\u0131r. Her biri ustalar taraf\u0131ndan tek tek \u015fekillendirilen kurna.","breadcrumb":{"@id":"https:\/\/barrsell.com\/urun\/hamam-kurnasi-b-03\/#breadcrumb"},"inLanguage":"en-US","potentialAction":[{"@type":"ReadAction","target":["https:\/\/barrsell.com\/urun\/hamam-kurnasi-b-03\/"]}]},{"@type":"ImageObject","inLanguage":"en-US","@id":"https:\/\/barrsell.com\/urun\/hamam-kurnasi-b-03\/#primaryimage","url":"https:\/\/barrsell.com\/wp-content\/uploads\/2025\/08\/Hamam-Kurnasi-B-03-2.png","contentUrl":"https:\/\/barrsell.com\/wp-content\/uploads\/2025\/08\/Hamam-Kurnasi-B-03-2.png","width":1200,"height":1200,"caption":"Hamam Kurnas\u0131 B-03-2"},{"@type":"BreadcrumbList","@id":"https:\/\/barrsell.com\/urun\/hamam-kurnasi-b-03\/#breadcrumb","itemListElement":[{"@type":"ListItem","position":1,"name":"Home","item":"https:\/\/barrsell.com\/"},{"@type":"ListItem","position":2,"name":"\u00dcr\u00fcnler","item":"https:\/\/barrsell.com\/en\/products\/"},{"@type":"ListItem","position":3,"name":"Hamam Kurnas\u0131 B-03"}]},{"@type":"WebSite","@id":"https:\/\/barrsell.com\/#website","url":"https:\/\/barrsell.com\/","name":"Barrsell End\u00fcstri Makine","description":"Teknolojiyle G\u00fc\u00e7lenen End\u00fcstriyel \u00c7\u00f6z\u00fcmler!","potentialAction":[{"@type":"SearchAction","target":{"@type":"EntryPoint","urlTemplate":"https:\/\/barrsell.com\/?s={search_term_string}"},"query-input":"required name=search_term_string"}],"inLanguage":"en-US"}]}},"_links":{"self":[{"href":"https:\/\/barrsell.com\/en\/wp-json\/wp\/v2\/product\/22643","targetHints":{"allow":["GET"]}}],"collection":[{"href":"https:\/\/barrsell.com\/en\/wp-json\/wp\/v2\/product"}],"about":[{"href":"https:\/\/barrsell.com\/en\/wp-json\/wp\/v2\/types\/product"}],"version-history":[{"count":4,"href":"https:\/\/barrsell.com\/en\/wp-json\/wp\/v2\/product\/22643\/revisions"}],"predecessor-version":[{"id":22648,"href":"https:\/\/barrsell.com\/en\/wp-json\/wp\/v2\/product\/22643\/revisions\/22648"}],"wp:featuredmedia":[{"embeddable":true,"href":"https:\/\/barrsell.com\/en\/wp-json\/wp\/v2\/media\/22649"}],"wp:attachment":[{"href":"https:\/\/barrsell.com\/en\/wp-json\/wp\/v2\/media?parent=22643"}],"wp:term":[{"taxonomy":"product_cat","embeddable":true,"href":"https:\/\/barrsell.com\/en\/wp-json\/wp\/v2\/product_cat?post=22643"},{"taxonomy":"product_tag","embeddable":true,"href":"https:\/\/barrsell.com\/en\/wp-json\/wp\/v2\/product_tag?post=22643"}],"curies":[{"name":"wp","href":"https:\/\/api.w.org\/{rel}","templated":true}]}}