{"id":20536,"date":"2025-02-19T12:35:31","date_gmt":"2025-02-19T12:35:31","guid":{"rendered":"https:\/\/barrsell.com\/?post_type=product&#038;p=20536"},"modified":"2025-02-19T13:20:17","modified_gmt":"2025-02-19T13:20:17","slug":"oturma-banki-unitesi-hemlock","status":"publish","type":"product","link":"https:\/\/barrsell.com\/en\/product\/oturma-banki-unitesi-hemlock\/","title":{"rendered":"Seating Bench Unit Hemlock"},"content":{"rendered":"<h2 data-start=\"0\" data-end=\"82\"><strong data-start=\"4\" data-end=\"80\">Hemlock Sauna Seating Bench Unit: Durable and Comfortable Wood Option<\/strong><\/h2>\n<p data-start=\"84\" data-end=\"503\" class=\" translation-block\">Made of Hemlock wood, the Sitting Bench Unit Hemlock is an ideal seating solution for saunas with its durability and aesthetic appearance. Its dimensions range from 1100 mm to 600 m. It offers ease of use in both <a href=\"https:\/\/wdteknoloji.com\/sauna-uygulamalari\/\" target=\"_self\">private<\/a>  and projects. Hemlock provides excellent thermal insulation thanks to its low resin content and knot-free surface, making your sauna experience more comfortable.<\/p>\n<h4 data-start=\"505\" data-end=\"534\"><strong data-start=\"510\" data-end=\"532\">Technical Specifications:<\/strong><\/h4>\n<ul data-start=\"535\" data-end=\"1017\">\n<li data-start=\"535\" data-end=\"588\"><strong data-start=\"537\" data-end=\"549\">Material:<\/strong> High quality Canadian Hemlock wood<\/li>\n<li data-start=\"670\" data-end=\"743\"><strong data-start=\"672\" data-end=\"685\">Thickness<\/strong> Dimensions for optimum durability and seating comfort<\/li>\n<li data-start=\"744\" data-end=\"819\"><strong data-start=\"746\" data-end=\"763\">Heat Resistance:<\/strong> Heat-resistant structure suitable for sauna temperatures<\/li>\n<li data-start=\"820\" data-end=\"899\"><strong data-start=\"822\" data-end=\"848\">Moisture and Rot Resistance:<\/strong> Resistant to high humidity, will not swell or crack<\/li>\n<li data-start=\"900\" data-end=\"954\"><strong data-start=\"902\" data-end=\"919\">Surface Structure:<\/strong> Knot-free, smooth and skin-friendly Hemlock<\/li>\n<li data-start=\"955\" data-end=\"1017\" class=\" translation-block\"><strong data-start=\"\u201c957\u201d\" data-end=\"\u201c968\u201d\">Assembly:<\/strong> Easy to implement, compatible with any <a href=\"\/\/barrsell.com\/sauna-uygulamalari\/\u201d\" target=\"\u201c_self\u201d\">sauna<\/a> model<\/li>\n<\/ul>\n<h4 data-start=\"1019\" data-end=\"1078\"><strong data-start=\"1023\" data-end=\"1076\">Advantages of the Hemlock Sauna Seating Bench Unit<\/strong><\/h4>\n<ul>\n<li data-start=\"1079\" data-end=\"1567\"><strong data-start=\"1081\" data-end=\"1105\">High Durability:<\/strong> Robust and moisture-resistant construction for long-lasting use<\/li>\n<li data-start=\"1079\" data-end=\"1567\"><strong data-start=\"1172\" data-end=\"1205\">Comfortable and Safe Use:<\/strong> Minimal heat conduction and no burning sensation on the skin<\/li>\n<li data-start=\"1079\" data-end=\"1567\"><strong data-start=\"1271\" data-end=\"1298\">Aesthetic and Stylish Appearance:<\/strong> With its light-colored and knot-free surface, it fits perfectly into modern and traditional sauna designs<\/li>\n<li data-start=\"1079\" data-end=\"1567\"><strong data-start=\"1399\" data-end=\"1425\">Special Size Options:<\/strong> Sauna sitting benches are suitable for different sauna sizes thanks to their wide size range.<\/li>\n<li data-start=\"1079\" data-end=\"1567\"><strong data-start=\"1499\" data-end=\"1516\">Easy assembly:<\/strong> Fast and practical installation with its modular structure<\/li>\n<\/ul>","protected":false},"excerpt":{"rendered":"<div><strong>Seating Bench Unit Hemlock<\/strong><\/div>\n<div>1100 ila 600 mm<\/div>","protected":false},"featured_media":20537,"template":"","meta":[],"product_cat":[874,225],"product_tag":[],"class_list":{"0":"post-20536","1":"product","2":"type-product","3":"status-publish","4":"has-post-thumbnail","6":"product_cat-sauna-ahsaplari","7":"product_cat-sauna-malzeme-ve-ekipmanlari","9":"first","10":"instock","11":"shipping-taxable","12":"product-type-simple"},"yoast_head":"<!-- This site is optimized with the Yoast SEO Premium plugin v23.2 (Yoast SEO v23.2) - https:\/\/yoast.com\/wordpress\/plugins\/seo\/ -->\n<title>Oturma Bank\u0131 \u00dcnitesi Hemlock | Barrsell End\u00fcstri<\/title>\n<meta name=\"description\" content=\"Oturma Bank\u0131 \u00dcnitesi Hemlock , hemlock a\u011fac\u0131ndan \u00fcretilen sauna oturma bank\u0131 \u00fcniteleri, dayan\u0131kl\u0131 ve ayn\u0131 zamanda estetik g\u00f6r\u00fcn\u00fcm.\" \/>\n<meta name=\"robots\" content=\"index, follow, max-snippet:-1, max-image-preview:large, max-video-preview:-1\" \/>\n<link rel=\"canonical\" href=\"https:\/\/barrsell.com\/en\/product\/oturma-banki-unitesi-hemlock\/\" \/>\n<meta property=\"og:locale\" content=\"en_US\" \/>\n<meta property=\"og:type\" content=\"article\" \/>\n<meta property=\"og:title\" content=\"Oturma Bank\u0131 \u00dcnitesi Hemlock\" \/>\n<meta property=\"og:description\" content=\"Oturma Bank\u0131 \u00dcnitesi Hemlock , hemlock a\u011fac\u0131ndan \u00fcretilen sauna oturma bank\u0131 \u00fcniteleri, dayan\u0131kl\u0131 ve ayn\u0131 zamanda estetik g\u00f6r\u00fcn\u00fcm.\" \/>\n<meta property=\"og:url\" content=\"https:\/\/barrsell.com\/en\/product\/oturma-banki-unitesi-hemlock\/\" \/>\n<meta property=\"og:site_name\" content=\"Barrsell\" \/>\n<meta property=\"article:modified_time\" content=\"2025-02-19T13:20:17+00:00\" \/>\n<meta property=\"og:image\" content=\"https:\/\/barrsell.com\/wp-content\/uploads\/2025\/02\/Oturma-Banki-Unitesi-Hemlock.png\" \/>\n\t<meta property=\"og:image:width\" content=\"1200\" \/>\n\t<meta property=\"og:image:height\" content=\"1200\" \/>\n\t<meta property=\"og:image:type\" content=\"image\/png\" \/>\n<meta name=\"twitter:card\" content=\"summary_large_image\" \/>\n<meta name=\"twitter:label1\" content=\"Est. reading time\" \/>\n\t<meta name=\"twitter:data1\" content=\"2 minutes\" \/>\n<script type=\"application\/ld+json\" class=\"yoast-schema-graph\">{\"@context\":\"https:\/\/schema.org\",\"@graph\":[{\"@type\":\"WebPage\",\"@id\":\"https:\/\/barrsell.com\/urun\/oturma-banki-unitesi-hemlock\/\",\"url\":\"https:\/\/barrsell.com\/urun\/oturma-banki-unitesi-hemlock\/\",\"name\":\"Oturma Bank\u0131 \u00dcnitesi Hemlock | Barrsell End\u00fcstri\",\"isPartOf\":{\"@id\":\"https:\/\/barrsell.com\/#website\"},\"primaryImageOfPage\":{\"@id\":\"https:\/\/barrsell.com\/urun\/oturma-banki-unitesi-hemlock\/#primaryimage\"},\"image\":{\"@id\":\"https:\/\/barrsell.com\/urun\/oturma-banki-unitesi-hemlock\/#primaryimage\"},\"thumbnailUrl\":\"https:\/\/barrsell.com\/wp-content\/uploads\/2025\/02\/Oturma-Banki-Unitesi-Hemlock.png\",\"datePublished\":\"2025-02-19T12:35:31+00:00\",\"dateModified\":\"2025-02-19T13:20:17+00:00\",\"description\":\"Oturma Bank\u0131 \u00dcnitesi Hemlock , hemlock a\u011fac\u0131ndan \u00fcretilen sauna oturma bank\u0131 \u00fcniteleri, dayan\u0131kl\u0131 ve ayn\u0131 zamanda estetik g\u00f6r\u00fcn\u00fcm.\",\"breadcrumb\":{\"@id\":\"https:\/\/barrsell.com\/urun\/oturma-banki-unitesi-hemlock\/#breadcrumb\"},\"inLanguage\":\"en-US\",\"potentialAction\":[{\"@type\":\"ReadAction\",\"target\":[\"https:\/\/barrsell.com\/urun\/oturma-banki-unitesi-hemlock\/\"]}]},{\"@type\":\"ImageObject\",\"inLanguage\":\"en-US\",\"@id\":\"https:\/\/barrsell.com\/urun\/oturma-banki-unitesi-hemlock\/#primaryimage\",\"url\":\"https:\/\/barrsell.com\/wp-content\/uploads\/2025\/02\/Oturma-Banki-Unitesi-Hemlock.png\",\"contentUrl\":\"https:\/\/barrsell.com\/wp-content\/uploads\/2025\/02\/Oturma-Banki-Unitesi-Hemlock.png\",\"width\":1200,\"height\":1200,\"caption\":\"Oturma Bank\u0131 \u00dcnitesi Hemlock\"},{\"@type\":\"BreadcrumbList\",\"@id\":\"https:\/\/barrsell.com\/urun\/oturma-banki-unitesi-hemlock\/#breadcrumb\",\"itemListElement\":[{\"@type\":\"ListItem\",\"position\":1,\"name\":\"Home\",\"item\":\"https:\/\/barrsell.com\/\"},{\"@type\":\"ListItem\",\"position\":2,\"name\":\"\u00dcr\u00fcnler\",\"item\":\"https:\/\/barrsell.com\/en\/products\/\"},{\"@type\":\"ListItem\",\"position\":3,\"name\":\"Oturma Bank\u0131 \u00dcnitesi Hemlock\"}]},{\"@type\":\"WebSite\",\"@id\":\"https:\/\/barrsell.com\/#website\",\"url\":\"https:\/\/barrsell.com\/\",\"name\":\"Barrsell End\u00fcstri Makine\",\"description\":\"Teknolojiyle G\u00fc\u00e7lenen End\u00fcstriyel \u00c7\u00f6z\u00fcmler!\",\"potentialAction\":[{\"@type\":\"SearchAction\",\"target\":{\"@type\":\"EntryPoint\",\"urlTemplate\":\"https:\/\/barrsell.com\/?s={search_term_string}\"},\"query-input\":\"required name=search_term_string\"}],\"inLanguage\":\"en-US\"}]}<\/script>\n<!-- \/ Yoast SEO Premium plugin. -->","yoast_head_json":{"title":"Oturma Bank\u0131 \u00dcnitesi Hemlock | Barrsell End\u00fcstri","description":"Oturma Bank\u0131 \u00dcnitesi Hemlock , hemlock a\u011fac\u0131ndan \u00fcretilen sauna oturma bank\u0131 \u00fcniteleri, dayan\u0131kl\u0131 ve ayn\u0131 zamanda estetik g\u00f6r\u00fcn\u00fcm.","robots":{"index":"index","follow":"follow","max-snippet":"max-snippet:-1","max-image-preview":"max-image-preview:large","max-video-preview":"max-video-preview:-1"},"canonical":"https:\/\/barrsell.com\/en\/product\/oturma-banki-unitesi-hemlock\/","og_locale":"en_US","og_type":"article","og_title":"Oturma Bank\u0131 \u00dcnitesi Hemlock","og_description":"Oturma Bank\u0131 \u00dcnitesi Hemlock , hemlock a\u011fac\u0131ndan \u00fcretilen sauna oturma bank\u0131 \u00fcniteleri, dayan\u0131kl\u0131 ve ayn\u0131 zamanda estetik g\u00f6r\u00fcn\u00fcm.","og_url":"https:\/\/barrsell.com\/en\/product\/oturma-banki-unitesi-hemlock\/","og_site_name":"Barrsell","article_modified_time":"2025-02-19T13:20:17+00:00","og_image":[{"width":1200,"height":1200,"url":"https:\/\/barrsell.com\/wp-content\/uploads\/2025\/02\/Oturma-Banki-Unitesi-Hemlock.png","type":"image\/png"}],"twitter_card":"summary_large_image","twitter_misc":{"Est. reading time":"2 minutes"},"schema":{"@context":"https:\/\/schema.org","@graph":[{"@type":"WebPage","@id":"https:\/\/barrsell.com\/urun\/oturma-banki-unitesi-hemlock\/","url":"https:\/\/barrsell.com\/urun\/oturma-banki-unitesi-hemlock\/","name":"Oturma Bank\u0131 \u00dcnitesi Hemlock | Barrsell End\u00fcstri","isPartOf":{"@id":"https:\/\/barrsell.com\/#website"},"primaryImageOfPage":{"@id":"https:\/\/barrsell.com\/urun\/oturma-banki-unitesi-hemlock\/#primaryimage"},"image":{"@id":"https:\/\/barrsell.com\/urun\/oturma-banki-unitesi-hemlock\/#primaryimage"},"thumbnailUrl":"https:\/\/barrsell.com\/wp-content\/uploads\/2025\/02\/Oturma-Banki-Unitesi-Hemlock.png","datePublished":"2025-02-19T12:35:31+00:00","dateModified":"2025-02-19T13:20:17+00:00","description":"Oturma Bank\u0131 \u00dcnitesi Hemlock , hemlock a\u011fac\u0131ndan \u00fcretilen sauna oturma bank\u0131 \u00fcniteleri, dayan\u0131kl\u0131 ve ayn\u0131 zamanda estetik g\u00f6r\u00fcn\u00fcm.","breadcrumb":{"@id":"https:\/\/barrsell.com\/urun\/oturma-banki-unitesi-hemlock\/#breadcrumb"},"inLanguage":"en-US","potentialAction":[{"@type":"ReadAction","target":["https:\/\/barrsell.com\/urun\/oturma-banki-unitesi-hemlock\/"]}]},{"@type":"ImageObject","inLanguage":"en-US","@id":"https:\/\/barrsell.com\/urun\/oturma-banki-unitesi-hemlock\/#primaryimage","url":"https:\/\/barrsell.com\/wp-content\/uploads\/2025\/02\/Oturma-Banki-Unitesi-Hemlock.png","contentUrl":"https:\/\/barrsell.com\/wp-content\/uploads\/2025\/02\/Oturma-Banki-Unitesi-Hemlock.png","width":1200,"height":1200,"caption":"Oturma Bank\u0131 \u00dcnitesi Hemlock"},{"@type":"BreadcrumbList","@id":"https:\/\/barrsell.com\/urun\/oturma-banki-unitesi-hemlock\/#breadcrumb","itemListElement":[{"@type":"ListItem","position":1,"name":"Home","item":"https:\/\/barrsell.com\/"},{"@type":"ListItem","position":2,"name":"\u00dcr\u00fcnler","item":"https:\/\/barrsell.com\/en\/products\/"},{"@type":"ListItem","position":3,"name":"Oturma Bank\u0131 \u00dcnitesi Hemlock"}]},{"@type":"WebSite","@id":"https:\/\/barrsell.com\/#website","url":"https:\/\/barrsell.com\/","name":"Barrsell End\u00fcstri Makine","description":"Teknolojiyle G\u00fc\u00e7lenen End\u00fcstriyel \u00c7\u00f6z\u00fcmler!","potentialAction":[{"@type":"SearchAction","target":{"@type":"EntryPoint","urlTemplate":"https:\/\/barrsell.com\/?s={search_term_string}"},"query-input":"required name=search_term_string"}],"inLanguage":"en-US"}]}},"_links":{"self":[{"href":"https:\/\/barrsell.com\/en\/wp-json\/wp\/v2\/product\/20536","targetHints":{"allow":["GET"]}}],"collection":[{"href":"https:\/\/barrsell.com\/en\/wp-json\/wp\/v2\/product"}],"about":[{"href":"https:\/\/barrsell.com\/en\/wp-json\/wp\/v2\/types\/product"}],"version-history":[{"count":4,"href":"https:\/\/barrsell.com\/en\/wp-json\/wp\/v2\/product\/20536\/revisions"}],"predecessor-version":[{"id":20543,"href":"https:\/\/barrsell.com\/en\/wp-json\/wp\/v2\/product\/20536\/revisions\/20543"}],"wp:featuredmedia":[{"embeddable":true,"href":"https:\/\/barrsell.com\/en\/wp-json\/wp\/v2\/media\/20537"}],"wp:attachment":[{"href":"https:\/\/barrsell.com\/en\/wp-json\/wp\/v2\/media?parent=20536"}],"wp:term":[{"taxonomy":"product_cat","embeddable":true,"href":"https:\/\/barrsell.com\/en\/wp-json\/wp\/v2\/product_cat?post=20536"},{"taxonomy":"product_tag","embeddable":true,"href":"https:\/\/barrsell.com\/en\/wp-json\/wp\/v2\/product_tag?post=20536"}],"curies":[{"name":"wp","href":"https:\/\/api.w.org\/{rel}","templated":true}]}}