{"id":20521,"date":"2025-02-19T09:23:27","date_gmt":"2025-02-19T09:23:27","guid":{"rendered":"https:\/\/barrsell.com\/?post_type=product&#038;p=20521"},"modified":"2025-02-19T09:34:08","modified_gmt":"2025-02-19T09:34:08","slug":"aspen-sauna-bank-ahsap","status":"publish","type":"product","link":"https:\/\/barrsell.com\/en\/product\/aspen-sauna-bank-ahsap\/","title":{"rendered":"Aspen Sauna Bench Wood"},"content":{"rendered":"<h2 data-start=\"0\" data-end=\"60\"><strong data-start=\"4\" data-end=\"58\">Aspen Sauna Bench Wood: Durable and Aesthetic Solution<\/strong><\/h2>\n<p data-start=\"62\" data-end=\"333\" class=\" translation-block\">Aspen sauna bench wood is an ideal choice for <a href=\"\/\/wdteknoloji.com\/sauna-uygulamalari\/\u201d\" target=\"\u201c_self\u201d\">sauna<\/a> seating areas with its high quality material structure and aesthetic design. It is resistant to high temperature and humidity conditions. Aspen wood offers both comfortable and stylish use with its flawless surface and knotless texture.<\/p>\n<h3 data-start=\"335\" data-end=\"364\"><strong data-start=\"340\" data-end=\"362\">Technical Specifications:<\/strong><\/h3>\n<ul data-start=\"365\" data-end=\"759\">\n<li data-start=\"365\" data-end=\"436\"><strong data-start=\"367\" data-end=\"379\">Material:<\/strong> High quality Aspen (Trembling Aspen)<\/li>\n<li data-start=\"437\" data-end=\"531\"><strong data-start=\"439\" data-end=\"455\">Heat Resistance:<\/strong> Resistant to high temperatures, skin-friendly thanks to low thermal conductivity<\/li>\n<li data-start=\"532\" data-end=\"617\"><strong data-start=\"534\" data-end=\"551\">Moisture Resistance:<\/strong> Special dry structure that does not warp against high humidity<\/li>\n<li data-start=\"618\" data-end=\"694\"><strong data-start=\"620\" data-end=\"629\">Texture<\/strong> Smooth, knot-free surface, comfortable fit and long-lasting use<\/li>\n<li data-start=\"695\" data-end=\"759\"><strong data-start=\"697\" data-end=\"706\">Color:<\/strong> Light yellowish-white tones, modern and natural look<\/li>\n<\/ul>\n<h3 data-start=\"761\" data-end=\"814\"><strong data-start=\"765\" data-end=\"812\">Aspen Reason for Choice?<\/strong><\/h3>\n<ol data-start=\"815\" data-end=\"1400\">\n<li data-start=\"815\" data-end=\"941\"><strong data-start=\"818\" data-end=\"844\">Low Thermal Conductivity:<\/strong> This provides extra comfort when using the sauna. <a href=\"https:\/\/barrsell.com\/en\/sauna-applications\/\">sauna<\/a> kullan\u0131m\u0131nda ekstra konfor sa\u011flar.<\/li>\n<li data-start=\"942\" data-end=\"1059\"><strong data-start=\"945\" data-end=\"971\">Moisture and Rot Resistance:<\/strong> Aspen is highly resistant to water and steam, offering many years of use without deformation.<\/li>\n<li data-start=\"1060\" data-end=\"1176\"><strong data-start=\"1063\" data-end=\"1092\">Elegant and Aesthetic Appearance:<\/strong> Thanks to its light color tones and smooth structure, it harmonizes with every sauna design.<\/li>\n<li data-start=\"1177\" data-end=\"1277\"><strong data-start=\"1180\" data-end=\"1206\">Hypoallergenic Feature:<\/strong> It is odorless and non-irritating, with a low risk of allergic reactions.<\/li>\n<li data-start=\"1278\" data-end=\"1400\"><strong data-start=\"1281\" data-end=\"1306\">Easy Processability:<\/strong> Easy to assemble with its light and durable structure, it is applied in sauna bench systems without any problem.<\/li>\n<\/ol>","protected":false},"excerpt":{"rendered":"<p>Aspen Sauna Bank Ah\u015fap: Dayan\u0131kl\u0131 ve Estetik \u00c7\u00f6z\u00fcm Aspen sauna bank ah\u015fap, \u00fcst\u00fcn kaliteli malzeme yap\u0131s\u0131 ve estetik tasar\u0131m\u0131yla sauna<\/p>","protected":false},"featured_media":20525,"template":"","meta":[],"product_cat":[874,225],"product_tag":[],"class_list":{"0":"post-20521","1":"product","2":"type-product","3":"status-publish","4":"has-post-thumbnail","6":"product_cat-sauna-ahsaplari","7":"product_cat-sauna-malzeme-ve-ekipmanlari","9":"first","10":"instock","11":"shipping-taxable","12":"product-type-simple"},"yoast_head":"<!-- This site is optimized with the Yoast SEO Premium plugin v23.2 (Yoast SEO v23.2) - https:\/\/yoast.com\/wordpress\/plugins\/seo\/ -->\n<title>Aspen Sauna Bank Ah\u015fap | Barrsell End\u00fcstri<\/title>\n<meta name=\"description\" content=\"Aspen sauna bank ah\u015fap, \u00fcst\u00fcn kaliteli malzeme yap\u0131s\u0131 ve estetik tasar\u0131m\u0131yla sauna oturma alanlar\u0131 i\u00e7in ideal bir tercihtir.\" \/>\n<meta name=\"robots\" content=\"index, follow, max-snippet:-1, max-image-preview:large, max-video-preview:-1\" \/>\n<link rel=\"canonical\" href=\"https:\/\/barrsell.com\/en\/product\/aspen-sauna-bank-ahsap\/\" \/>\n<meta property=\"og:locale\" content=\"en_US\" \/>\n<meta property=\"og:type\" content=\"article\" \/>\n<meta property=\"og:title\" content=\"Aspen Sauna Bank Ah\u015fap\" \/>\n<meta property=\"og:description\" content=\"Aspen sauna bank ah\u015fap, \u00fcst\u00fcn kaliteli malzeme yap\u0131s\u0131 ve estetik tasar\u0131m\u0131yla sauna oturma alanlar\u0131 i\u00e7in ideal bir tercihtir.\" \/>\n<meta property=\"og:url\" content=\"https:\/\/barrsell.com\/en\/product\/aspen-sauna-bank-ahsap\/\" \/>\n<meta property=\"og:site_name\" content=\"Barrsell\" \/>\n<meta property=\"article:modified_time\" content=\"2025-02-19T09:34:08+00:00\" \/>\n<meta property=\"og:image\" content=\"https:\/\/barrsell.com\/wp-content\/uploads\/2025\/02\/sauna-ahsaplari-aspen.png\" \/>\n\t<meta property=\"og:image:width\" content=\"1200\" \/>\n\t<meta property=\"og:image:height\" content=\"1200\" \/>\n\t<meta property=\"og:image:type\" content=\"image\/png\" \/>\n<meta name=\"twitter:card\" content=\"summary_large_image\" \/>\n<meta name=\"twitter:label1\" content=\"Est. reading time\" \/>\n\t<meta name=\"twitter:data1\" content=\"2 minutes\" \/>\n<script type=\"application\/ld+json\" class=\"yoast-schema-graph\">{\"@context\":\"https:\/\/schema.org\",\"@graph\":[{\"@type\":\"WebPage\",\"@id\":\"https:\/\/barrsell.com\/urun\/aspen-sauna-bank-ahsap\/\",\"url\":\"https:\/\/barrsell.com\/urun\/aspen-sauna-bank-ahsap\/\",\"name\":\"Aspen Sauna Bank Ah\u015fap | Barrsell End\u00fcstri\",\"isPartOf\":{\"@id\":\"https:\/\/barrsell.com\/#website\"},\"primaryImageOfPage\":{\"@id\":\"https:\/\/barrsell.com\/urun\/aspen-sauna-bank-ahsap\/#primaryimage\"},\"image\":{\"@id\":\"https:\/\/barrsell.com\/urun\/aspen-sauna-bank-ahsap\/#primaryimage\"},\"thumbnailUrl\":\"https:\/\/barrsell.com\/wp-content\/uploads\/2025\/02\/sauna-ahsaplari-aspen.png\",\"datePublished\":\"2025-02-19T09:23:27+00:00\",\"dateModified\":\"2025-02-19T09:34:08+00:00\",\"description\":\"Aspen sauna bank ah\u015fap, \u00fcst\u00fcn kaliteli malzeme yap\u0131s\u0131 ve estetik tasar\u0131m\u0131yla sauna oturma alanlar\u0131 i\u00e7in ideal bir tercihtir.\",\"breadcrumb\":{\"@id\":\"https:\/\/barrsell.com\/urun\/aspen-sauna-bank-ahsap\/#breadcrumb\"},\"inLanguage\":\"en-US\",\"potentialAction\":[{\"@type\":\"ReadAction\",\"target\":[\"https:\/\/barrsell.com\/urun\/aspen-sauna-bank-ahsap\/\"]}]},{\"@type\":\"ImageObject\",\"inLanguage\":\"en-US\",\"@id\":\"https:\/\/barrsell.com\/urun\/aspen-sauna-bank-ahsap\/#primaryimage\",\"url\":\"https:\/\/barrsell.com\/wp-content\/uploads\/2025\/02\/sauna-ahsaplari-aspen.png\",\"contentUrl\":\"https:\/\/barrsell.com\/wp-content\/uploads\/2025\/02\/sauna-ahsaplari-aspen.png\",\"width\":1200,\"height\":1200,\"caption\":\"sauna ah\u015faplar\u0131 aspen\"},{\"@type\":\"BreadcrumbList\",\"@id\":\"https:\/\/barrsell.com\/urun\/aspen-sauna-bank-ahsap\/#breadcrumb\",\"itemListElement\":[{\"@type\":\"ListItem\",\"position\":1,\"name\":\"Home\",\"item\":\"https:\/\/barrsell.com\/\"},{\"@type\":\"ListItem\",\"position\":2,\"name\":\"\u00dcr\u00fcnler\",\"item\":\"https:\/\/barrsell.com\/en\/products\/\"},{\"@type\":\"ListItem\",\"position\":3,\"name\":\"Aspen Sauna Bank Ah\u015fap\"}]},{\"@type\":\"WebSite\",\"@id\":\"https:\/\/barrsell.com\/#website\",\"url\":\"https:\/\/barrsell.com\/\",\"name\":\"Barrsell End\u00fcstri Makine\",\"description\":\"Teknolojiyle G\u00fc\u00e7lenen End\u00fcstriyel \u00c7\u00f6z\u00fcmler!\",\"potentialAction\":[{\"@type\":\"SearchAction\",\"target\":{\"@type\":\"EntryPoint\",\"urlTemplate\":\"https:\/\/barrsell.com\/?s={search_term_string}\"},\"query-input\":\"required name=search_term_string\"}],\"inLanguage\":\"en-US\"}]}<\/script>\n<!-- \/ Yoast SEO Premium plugin. -->","yoast_head_json":{"title":"Aspen Sauna Bank Ah\u015fap | Barrsell End\u00fcstri","description":"Aspen sauna bank ah\u015fap, \u00fcst\u00fcn kaliteli malzeme yap\u0131s\u0131 ve estetik tasar\u0131m\u0131yla sauna oturma alanlar\u0131 i\u00e7in ideal bir tercihtir.","robots":{"index":"index","follow":"follow","max-snippet":"max-snippet:-1","max-image-preview":"max-image-preview:large","max-video-preview":"max-video-preview:-1"},"canonical":"https:\/\/barrsell.com\/en\/product\/aspen-sauna-bank-ahsap\/","og_locale":"en_US","og_type":"article","og_title":"Aspen Sauna Bank Ah\u015fap","og_description":"Aspen sauna bank ah\u015fap, \u00fcst\u00fcn kaliteli malzeme yap\u0131s\u0131 ve estetik tasar\u0131m\u0131yla sauna oturma alanlar\u0131 i\u00e7in ideal bir tercihtir.","og_url":"https:\/\/barrsell.com\/en\/product\/aspen-sauna-bank-ahsap\/","og_site_name":"Barrsell","article_modified_time":"2025-02-19T09:34:08+00:00","og_image":[{"width":1200,"height":1200,"url":"https:\/\/barrsell.com\/wp-content\/uploads\/2025\/02\/sauna-ahsaplari-aspen.png","type":"image\/png"}],"twitter_card":"summary_large_image","twitter_misc":{"Est. reading time":"2 minutes"},"schema":{"@context":"https:\/\/schema.org","@graph":[{"@type":"WebPage","@id":"https:\/\/barrsell.com\/urun\/aspen-sauna-bank-ahsap\/","url":"https:\/\/barrsell.com\/urun\/aspen-sauna-bank-ahsap\/","name":"Aspen Sauna Bank Ah\u015fap | Barrsell End\u00fcstri","isPartOf":{"@id":"https:\/\/barrsell.com\/#website"},"primaryImageOfPage":{"@id":"https:\/\/barrsell.com\/urun\/aspen-sauna-bank-ahsap\/#primaryimage"},"image":{"@id":"https:\/\/barrsell.com\/urun\/aspen-sauna-bank-ahsap\/#primaryimage"},"thumbnailUrl":"https:\/\/barrsell.com\/wp-content\/uploads\/2025\/02\/sauna-ahsaplari-aspen.png","datePublished":"2025-02-19T09:23:27+00:00","dateModified":"2025-02-19T09:34:08+00:00","description":"Aspen sauna bank ah\u015fap, \u00fcst\u00fcn kaliteli malzeme yap\u0131s\u0131 ve estetik tasar\u0131m\u0131yla sauna oturma alanlar\u0131 i\u00e7in ideal bir tercihtir.","breadcrumb":{"@id":"https:\/\/barrsell.com\/urun\/aspen-sauna-bank-ahsap\/#breadcrumb"},"inLanguage":"en-US","potentialAction":[{"@type":"ReadAction","target":["https:\/\/barrsell.com\/urun\/aspen-sauna-bank-ahsap\/"]}]},{"@type":"ImageObject","inLanguage":"en-US","@id":"https:\/\/barrsell.com\/urun\/aspen-sauna-bank-ahsap\/#primaryimage","url":"https:\/\/barrsell.com\/wp-content\/uploads\/2025\/02\/sauna-ahsaplari-aspen.png","contentUrl":"https:\/\/barrsell.com\/wp-content\/uploads\/2025\/02\/sauna-ahsaplari-aspen.png","width":1200,"height":1200,"caption":"sauna ah\u015faplar\u0131 aspen"},{"@type":"BreadcrumbList","@id":"https:\/\/barrsell.com\/urun\/aspen-sauna-bank-ahsap\/#breadcrumb","itemListElement":[{"@type":"ListItem","position":1,"name":"Home","item":"https:\/\/barrsell.com\/"},{"@type":"ListItem","position":2,"name":"\u00dcr\u00fcnler","item":"https:\/\/barrsell.com\/en\/products\/"},{"@type":"ListItem","position":3,"name":"Aspen Sauna Bank Ah\u015fap"}]},{"@type":"WebSite","@id":"https:\/\/barrsell.com\/#website","url":"https:\/\/barrsell.com\/","name":"Barrsell End\u00fcstri Makine","description":"Teknolojiyle G\u00fc\u00e7lenen End\u00fcstriyel \u00c7\u00f6z\u00fcmler!","potentialAction":[{"@type":"SearchAction","target":{"@type":"EntryPoint","urlTemplate":"https:\/\/barrsell.com\/?s={search_term_string}"},"query-input":"required name=search_term_string"}],"inLanguage":"en-US"}]}},"_links":{"self":[{"href":"https:\/\/barrsell.com\/en\/wp-json\/wp\/v2\/product\/20521","targetHints":{"allow":["GET"]}}],"collection":[{"href":"https:\/\/barrsell.com\/en\/wp-json\/wp\/v2\/product"}],"about":[{"href":"https:\/\/barrsell.com\/en\/wp-json\/wp\/v2\/types\/product"}],"version-history":[{"count":4,"href":"https:\/\/barrsell.com\/en\/wp-json\/wp\/v2\/product\/20521\/revisions"}],"predecessor-version":[{"id":20527,"href":"https:\/\/barrsell.com\/en\/wp-json\/wp\/v2\/product\/20521\/revisions\/20527"}],"wp:featuredmedia":[{"embeddable":true,"href":"https:\/\/barrsell.com\/en\/wp-json\/wp\/v2\/media\/20525"}],"wp:attachment":[{"href":"https:\/\/barrsell.com\/en\/wp-json\/wp\/v2\/media?parent=20521"}],"wp:term":[{"taxonomy":"product_cat","embeddable":true,"href":"https:\/\/barrsell.com\/en\/wp-json\/wp\/v2\/product_cat?post=20521"},{"taxonomy":"product_tag","embeddable":true,"href":"https:\/\/barrsell.com\/en\/wp-json\/wp\/v2\/product_tag?post=20521"}],"curies":[{"name":"wp","href":"https:\/\/api.w.org\/{rel}","templated":true}]}}