{"id":20498,"date":"2025-02-17T09:32:34","date_gmt":"2025-02-17T09:32:34","guid":{"rendered":"https:\/\/barrsell.com\/?post_type=product&#038;p=20498"},"modified":"2025-02-17T11:00:59","modified_gmt":"2025-02-17T11:00:59","slug":"hamam-kurnasi-b-02","status":"publish","type":"product","link":"https:\/\/barrsell.com\/en\/product\/turkish-bath-basin-b-02\/","title":{"rendered":"Turkish Bath Basin B-02"},"content":{"rendered":"<h2 data-start=\"0\" data-end=\"58\">Turkish Bath Basin B-02<\/h2>\n<p data-start=\"60\" data-end=\"344\" class=\" translation-block\"><a href=\"\/\/wdteknoloji.com\/hamam-imalati\/\u201d\" target=\"\u201c_self\u201d\">Turkish Bath<\/a> B-02 is designed as an integral part of traditional Ottoman baths. It is among the special structures where water meets aesthetics and functionality. It is made of marble, natural stone or high strength composite materials. It offers long-lasting use thanks to its heat and moisture resistant structures.<\/p>\n<h4 data-start=\"390\" data-end=\"438\"><strong data-start=\"395\" data-end=\"436\">Technical Specifications of Hamam Kurnas<\/strong><\/h4>\n<ul data-start=\"440\" data-end=\"1206\">\n<li data-start=\"440\" data-end=\"566\"><strong data-start=\"442\" data-end=\"465\">Material Options<\/strong>: Made of high quality stones such as white marble, Afyon sugar marble, travertine or granite.<\/li>\n<li data-start=\"567\" data-end=\"682\"><strong data-start=\"569\" data-end=\"591\">Water Drainage System<\/strong>: The internal structure, designed with an optimum slope, allows water to drain quickly.<\/li>\n<li data-start=\"683\" data-end=\"829\"><strong data-start=\"685\" data-end=\"701\">Resilience<\/strong>: Suitable for continuous exposure to water and temperature. Production techniques that prevent cracking and deformation are used.<\/li>\n<li data-start=\"830\" data-end=\"954\"><strong data-start=\"832\" data-end=\"863\">Variety of Sizes and Designs<\/strong>: It offers alternatives suitable for every bath concept with small, medium and large size options.<\/li>\n<li data-start=\"955\" data-end=\"1083\"><strong data-start=\"957\" data-end=\"982\">Traditional Touches<\/strong>: Decorated with Ottoman, Seljuk and modern motifs. The hamam kurna adapts to both classical and contemporary hammams.<\/li>\n<li data-start=\"1084\" data-end=\"1206\"><strong data-start=\"1086\" data-end=\"1103\">Hygienic Structure<\/strong>: Easy to clean thanks to its non-porous and polished surface. It has a water and dirt repellent structure.<\/li>\n<\/ul>\n<p class=\" translation-block\"><a href=\"\/\/barrsell.com\/kategoriler\/turk-hamami-imalati-ve-ekipmanlari\/ekipman\/turk-hamami-kurnalari\/\u201d\" target=\"\u201c_self\u201d\">Turkish Bath basin<\/a> are not only a functional element, but also an artistic detail that complements the authentic atmosphere of the baths. Produced with quality craftsmanship and the right choice of materials, they are preferred both in private bath applications and in luxury spa projects.<\/p>","protected":false},"excerpt":{"rendered":"<ul>\n<li>Material Types<\/li>\n<li>Thermal Insulation<\/li>\n<li>Water Drainage System<\/li>\n<\/ul>\n<p>&nbsp;<\/p>","protected":false},"featured_media":20425,"template":"","meta":[],"product_cat":[90,222],"product_tag":[],"class_list":{"0":"post-20498","1":"product","2":"type-product","3":"status-publish","4":"has-post-thumbnail","6":"product_cat-turk-hamami-ekipmanlari","7":"product_cat-turk-hamami-kurnalari","9":"first","10":"instock","11":"shipping-taxable","12":"product-type-simple"},"yoast_head":"<!-- This site is optimized with the Yoast SEO Premium plugin v23.2 (Yoast SEO v23.2) - https:\/\/yoast.com\/wordpress\/plugins\/seo\/ -->\n<title>Hamam Kurnas\u0131 B-02 | Barrsell End\u00fcstri<\/title>\n<meta name=\"description\" content=\"Hamam Kurnas\u0131 B-02 geleneksel Osmanl\u0131 hamamlar\u0131n\u0131n ayr\u0131lmaz bir par\u00e7as\u0131 olarak tasarlanm\u0131\u015f, suyun estetik ve i\u015flevsellik ile bulu\u015ftu\u011fu \u00f6zel yap\u0131lar\" \/>\n<meta name=\"robots\" content=\"index, follow, max-snippet:-1, max-image-preview:large, max-video-preview:-1\" \/>\n<link rel=\"canonical\" href=\"https:\/\/barrsell.com\/en\/product\/turkish-bath-basin-b-02\/\" \/>\n<meta property=\"og:locale\" content=\"en_US\" \/>\n<meta property=\"og:type\" content=\"article\" \/>\n<meta property=\"og:title\" content=\"Hamam Kurnas\u0131 B-02\" \/>\n<meta property=\"og:description\" content=\"Hamam Kurnas\u0131 B-02 geleneksel Osmanl\u0131 hamamlar\u0131n\u0131n ayr\u0131lmaz bir par\u00e7as\u0131 olarak tasarlanm\u0131\u015f, suyun estetik ve i\u015flevsellik ile bulu\u015ftu\u011fu \u00f6zel yap\u0131lar\" \/>\n<meta property=\"og:url\" content=\"https:\/\/barrsell.com\/en\/product\/turkish-bath-basin-b-02\/\" \/>\n<meta property=\"og:site_name\" content=\"Barrsell\" \/>\n<meta property=\"article:modified_time\" content=\"2025-02-17T11:00:59+00:00\" \/>\n<meta property=\"og:image\" content=\"https:\/\/barrsell.com\/wp-content\/uploads\/2025\/01\/Turk-Hamami-Kurnalari-1.png\" \/>\n\t<meta property=\"og:image:width\" content=\"1200\" \/>\n\t<meta property=\"og:image:height\" content=\"1200\" \/>\n\t<meta property=\"og:image:type\" content=\"image\/png\" \/>\n<meta name=\"twitter:card\" content=\"summary_large_image\" \/>\n<meta name=\"twitter:label1\" content=\"Est. reading time\" \/>\n\t<meta name=\"twitter:data1\" content=\"2 minutes\" \/>\n<script type=\"application\/ld+json\" class=\"yoast-schema-graph\">{\"@context\":\"https:\/\/schema.org\",\"@graph\":[{\"@type\":\"WebPage\",\"@id\":\"https:\/\/barrsell.com\/urun\/hamam-kurnasi-b-02\/\",\"url\":\"https:\/\/barrsell.com\/urun\/hamam-kurnasi-b-02\/\",\"name\":\"Hamam Kurnas\u0131 B-02 | Barrsell End\u00fcstri\",\"isPartOf\":{\"@id\":\"https:\/\/barrsell.com\/#website\"},\"primaryImageOfPage\":{\"@id\":\"https:\/\/barrsell.com\/urun\/hamam-kurnasi-b-02\/#primaryimage\"},\"image\":{\"@id\":\"https:\/\/barrsell.com\/urun\/hamam-kurnasi-b-02\/#primaryimage\"},\"thumbnailUrl\":\"https:\/\/barrsell.com\/wp-content\/uploads\/2025\/01\/Turk-Hamami-Kurnalari-1.png\",\"datePublished\":\"2025-02-17T09:32:34+00:00\",\"dateModified\":\"2025-02-17T11:00:59+00:00\",\"description\":\"Hamam Kurnas\u0131 B-02 geleneksel Osmanl\u0131 hamamlar\u0131n\u0131n ayr\u0131lmaz bir par\u00e7as\u0131 olarak tasarlanm\u0131\u015f, suyun estetik ve i\u015flevsellik ile bulu\u015ftu\u011fu \u00f6zel yap\u0131lar\",\"breadcrumb\":{\"@id\":\"https:\/\/barrsell.com\/urun\/hamam-kurnasi-b-02\/#breadcrumb\"},\"inLanguage\":\"en-US\",\"potentialAction\":[{\"@type\":\"ReadAction\",\"target\":[\"https:\/\/barrsell.com\/urun\/hamam-kurnasi-b-02\/\"]}]},{\"@type\":\"ImageObject\",\"inLanguage\":\"en-US\",\"@id\":\"https:\/\/barrsell.com\/urun\/hamam-kurnasi-b-02\/#primaryimage\",\"url\":\"https:\/\/barrsell.com\/wp-content\/uploads\/2025\/01\/Turk-Hamami-Kurnalari-1.png\",\"contentUrl\":\"https:\/\/barrsell.com\/wp-content\/uploads\/2025\/01\/Turk-Hamami-Kurnalari-1.png\",\"width\":1200,\"height\":1200},{\"@type\":\"BreadcrumbList\",\"@id\":\"https:\/\/barrsell.com\/urun\/hamam-kurnasi-b-02\/#breadcrumb\",\"itemListElement\":[{\"@type\":\"ListItem\",\"position\":1,\"name\":\"Home\",\"item\":\"https:\/\/barrsell.com\/\"},{\"@type\":\"ListItem\",\"position\":2,\"name\":\"\u00dcr\u00fcnler\",\"item\":\"https:\/\/barrsell.com\/en\/products\/\"},{\"@type\":\"ListItem\",\"position\":3,\"name\":\"Hamam Kurnas\u0131 B-02\"}]},{\"@type\":\"WebSite\",\"@id\":\"https:\/\/barrsell.com\/#website\",\"url\":\"https:\/\/barrsell.com\/\",\"name\":\"Barrsell End\u00fcstri Makine\",\"description\":\"Teknolojiyle G\u00fc\u00e7lenen End\u00fcstriyel \u00c7\u00f6z\u00fcmler!\",\"potentialAction\":[{\"@type\":\"SearchAction\",\"target\":{\"@type\":\"EntryPoint\",\"urlTemplate\":\"https:\/\/barrsell.com\/?s={search_term_string}\"},\"query-input\":\"required name=search_term_string\"}],\"inLanguage\":\"en-US\"}]}<\/script>\n<!-- \/ Yoast SEO Premium plugin. -->","yoast_head_json":{"title":"Hamam Kurnas\u0131 B-02 | Barrsell End\u00fcstri","description":"Hamam Kurnas\u0131 B-02 geleneksel Osmanl\u0131 hamamlar\u0131n\u0131n ayr\u0131lmaz bir par\u00e7as\u0131 olarak tasarlanm\u0131\u015f, suyun estetik ve i\u015flevsellik ile bulu\u015ftu\u011fu \u00f6zel yap\u0131lar","robots":{"index":"index","follow":"follow","max-snippet":"max-snippet:-1","max-image-preview":"max-image-preview:large","max-video-preview":"max-video-preview:-1"},"canonical":"https:\/\/barrsell.com\/en\/product\/turkish-bath-basin-b-02\/","og_locale":"en_US","og_type":"article","og_title":"Hamam Kurnas\u0131 B-02","og_description":"Hamam Kurnas\u0131 B-02 geleneksel Osmanl\u0131 hamamlar\u0131n\u0131n ayr\u0131lmaz bir par\u00e7as\u0131 olarak tasarlanm\u0131\u015f, suyun estetik ve i\u015flevsellik ile bulu\u015ftu\u011fu \u00f6zel yap\u0131lar","og_url":"https:\/\/barrsell.com\/en\/product\/turkish-bath-basin-b-02\/","og_site_name":"Barrsell","article_modified_time":"2025-02-17T11:00:59+00:00","og_image":[{"width":1200,"height":1200,"url":"https:\/\/barrsell.com\/wp-content\/uploads\/2025\/01\/Turk-Hamami-Kurnalari-1.png","type":"image\/png"}],"twitter_card":"summary_large_image","twitter_misc":{"Est. reading time":"2 minutes"},"schema":{"@context":"https:\/\/schema.org","@graph":[{"@type":"WebPage","@id":"https:\/\/barrsell.com\/urun\/hamam-kurnasi-b-02\/","url":"https:\/\/barrsell.com\/urun\/hamam-kurnasi-b-02\/","name":"Hamam Kurnas\u0131 B-02 | Barrsell End\u00fcstri","isPartOf":{"@id":"https:\/\/barrsell.com\/#website"},"primaryImageOfPage":{"@id":"https:\/\/barrsell.com\/urun\/hamam-kurnasi-b-02\/#primaryimage"},"image":{"@id":"https:\/\/barrsell.com\/urun\/hamam-kurnasi-b-02\/#primaryimage"},"thumbnailUrl":"https:\/\/barrsell.com\/wp-content\/uploads\/2025\/01\/Turk-Hamami-Kurnalari-1.png","datePublished":"2025-02-17T09:32:34+00:00","dateModified":"2025-02-17T11:00:59+00:00","description":"Hamam Kurnas\u0131 B-02 geleneksel Osmanl\u0131 hamamlar\u0131n\u0131n ayr\u0131lmaz bir par\u00e7as\u0131 olarak tasarlanm\u0131\u015f, suyun estetik ve i\u015flevsellik ile bulu\u015ftu\u011fu \u00f6zel yap\u0131lar","breadcrumb":{"@id":"https:\/\/barrsell.com\/urun\/hamam-kurnasi-b-02\/#breadcrumb"},"inLanguage":"en-US","potentialAction":[{"@type":"ReadAction","target":["https:\/\/barrsell.com\/urun\/hamam-kurnasi-b-02\/"]}]},{"@type":"ImageObject","inLanguage":"en-US","@id":"https:\/\/barrsell.com\/urun\/hamam-kurnasi-b-02\/#primaryimage","url":"https:\/\/barrsell.com\/wp-content\/uploads\/2025\/01\/Turk-Hamami-Kurnalari-1.png","contentUrl":"https:\/\/barrsell.com\/wp-content\/uploads\/2025\/01\/Turk-Hamami-Kurnalari-1.png","width":1200,"height":1200},{"@type":"BreadcrumbList","@id":"https:\/\/barrsell.com\/urun\/hamam-kurnasi-b-02\/#breadcrumb","itemListElement":[{"@type":"ListItem","position":1,"name":"Home","item":"https:\/\/barrsell.com\/"},{"@type":"ListItem","position":2,"name":"\u00dcr\u00fcnler","item":"https:\/\/barrsell.com\/en\/products\/"},{"@type":"ListItem","position":3,"name":"Hamam Kurnas\u0131 B-02"}]},{"@type":"WebSite","@id":"https:\/\/barrsell.com\/#website","url":"https:\/\/barrsell.com\/","name":"Barrsell End\u00fcstri Makine","description":"Teknolojiyle G\u00fc\u00e7lenen End\u00fcstriyel \u00c7\u00f6z\u00fcmler!","potentialAction":[{"@type":"SearchAction","target":{"@type":"EntryPoint","urlTemplate":"https:\/\/barrsell.com\/?s={search_term_string}"},"query-input":"required name=search_term_string"}],"inLanguage":"en-US"}]}},"_links":{"self":[{"href":"https:\/\/barrsell.com\/en\/wp-json\/wp\/v2\/product\/20498","targetHints":{"allow":["GET"]}}],"collection":[{"href":"https:\/\/barrsell.com\/en\/wp-json\/wp\/v2\/product"}],"about":[{"href":"https:\/\/barrsell.com\/en\/wp-json\/wp\/v2\/types\/product"}],"version-history":[{"count":4,"href":"https:\/\/barrsell.com\/en\/wp-json\/wp\/v2\/product\/20498\/revisions"}],"predecessor-version":[{"id":20502,"href":"https:\/\/barrsell.com\/en\/wp-json\/wp\/v2\/product\/20498\/revisions\/20502"}],"wp:featuredmedia":[{"embeddable":true,"href":"https:\/\/barrsell.com\/en\/wp-json\/wp\/v2\/media\/20425"}],"wp:attachment":[{"href":"https:\/\/barrsell.com\/en\/wp-json\/wp\/v2\/media?parent=20498"}],"wp:term":[{"taxonomy":"product_cat","embeddable":true,"href":"https:\/\/barrsell.com\/en\/wp-json\/wp\/v2\/product_cat?post=20498"},{"taxonomy":"product_tag","embeddable":true,"href":"https:\/\/barrsell.com\/en\/wp-json\/wp\/v2\/product_tag?post=20498"}],"curies":[{"name":"wp","href":"https:\/\/api.w.org\/{rel}","templated":true}]}}