{"id":20488,"date":"2025-02-17T09:11:25","date_gmt":"2025-02-17T09:11:25","guid":{"rendered":"https:\/\/barrsell.com\/?post_type=product&#038;p=20488"},"modified":"2025-02-17T11:00:14","modified_gmt":"2025-02-17T11:00:14","slug":"hamam-kurnasi-b-01","status":"publish","type":"product","link":"https:\/\/barrsell.com\/en\/product\/turkish-bath-basin-b-01\/","title":{"rendered":"Turkish Bath Basin B-01"},"content":{"rendered":"<h2 data-start=\"0\" data-end=\"58\"><strong data-start=\"0\" data-end=\"56\">Turkish bath basin  B-01 Traditional Aesthetics and Modern Technique<\/strong><\/h2>\n<p data-start=\"60\" data-end=\"344\" class=\" translation-block\"><a href=\"\/\/wdteknoloji.com\/hamam-imalati\/\u201d\" target=\"\u201c_self\u201d\">Turkish bath basin<\/a>  B-01 is one of the most important elements of Turkish baths and stands out with its functionality and aesthetic design. Made of natural stones, these special structural elements ensure that the water is kept at the optimum temperature, while offering long-lasting use with its durable and hygienic structure.<\/p>\n<p><a href=\"https:\/\/barrsell.com\/wp-content\/uploads\/2025\/02\/Hamam-Kurnasi-B-01-1.jpeg\"><img fetchpriority=\"high\" decoding=\"async\" class=\"wp-image-20492 size-medium alignright\" src=\"https:\/\/barrsell.com\/wp-content\/uploads\/2025\/02\/Hamam-Kurnasi-B-01-1-200x300.jpeg\" alt=\"\" width=\"200\" height=\"300\" srcset=\"https:\/\/barrsell.com\/wp-content\/uploads\/2025\/02\/Hamam-Kurnasi-B-01-1-200x300.jpeg 200w, https:\/\/barrsell.com\/wp-content\/uploads\/2025\/02\/Hamam-Kurnasi-B-01-1-8x12.jpeg 8w, https:\/\/barrsell.com\/wp-content\/uploads\/2025\/02\/Hamam-Kurnasi-B-01-1-150x225.jpeg 150w, https:\/\/barrsell.com\/wp-content\/uploads\/2025\/02\/Hamam-Kurnasi-B-01-1.jpeg 500w\" sizes=\"(max-width: 200px) 100vw, 200px\" \/><\/a><\/p>\n<h3 data-start=\"346\" data-end=\"413\"><strong data-start=\"350\" data-end=\"411\">Technical Specifications and Construction Materials of Bath Kurnas<\/strong><\/h3>\n<ul data-start=\"415\" data-end=\"1007\">\n<li data-start=\"415\" data-end=\"569\"><strong data-start=\"417\" data-end=\"438\">Material Types<\/strong>: Natural stones such as marble, travertine, onyx, granite are used. These materials are resistant to water and moisture.<\/li>\n<li data-start=\"570\" data-end=\"741\"><strong data-start=\"572\" data-end=\"592\">Size and Forms<\/strong>: Diameters usually range between 40-60 cm, while depths can be between 15-25 cm. Classic round, oval or angular designs are available.<\/li>\n<li data-start=\"742\" data-end=\"880\" class=\" translation-block\"><strong data-start=\"744\" data-end=\"760\">Thermal Insulation<\/strong>: <em>Quality marble and natural stones<\/em> preserve the water in the bath for a long time. In this way, it provides a personal, comfortable experience.<\/li>\n<li data-start=\"881\" data-end=\"1007\"><strong data-start=\"883\" data-end=\"905\">Water Drainage System<\/strong>: The inner bottom is designed with a slight slope. The aim is to prevent water accumulation and speed up the evacuation process.<\/li>\n<\/ul>\n<h3 data-start=\"1009\" data-end=\"1058\"><strong data-start=\"1013\" data-end=\"1056\">Advantages of Using Bath Tubs<\/strong><\/h3>\n<ul data-start=\"1060\" data-end=\"1521\">\n<li data-start=\"1060\" data-end=\"1186\"><strong data-start=\"1062\" data-end=\"1090\">Durable and Long Lasting<\/strong>: Thanks to its natural stone structure, the Kurna shows high resistance to impacts and temperature changes.<\/li>\n<li data-start=\"1187\" data-end=\"1286\"><strong data-start=\"1189\" data-end=\"1206\">Hygienic Structure<\/strong>: Thanks to its non-porous surface, it does not absorb water and prevents bacteria and lime formation.<\/li>\n<li data-start=\"1287\" data-end=\"1416\"><strong data-start=\"1289\" data-end=\"1313\">Decorative Diversity<\/strong>: It offers a wide range of models from traditional Ottoman motifs to modern minimalist designs.<\/li>\n<li data-start=\"1417\" data-end=\"1521\"><strong data-start=\"1419\" data-end=\"1441\">Special Production Possibility<\/strong>: They can be produced in special sizes and patterns, thus adapting to every bathhouse.<\/li>\n<\/ul>","protected":false},"excerpt":{"rendered":"<ul>\n<li>Material Types<\/li>\n<li>Thermal Insulation<\/li>\n<li>Water Drainage System<\/li>\n<\/ul>\n<p>&nbsp;<\/p>","protected":false},"featured_media":20503,"template":"","meta":[],"product_cat":[90,222],"product_tag":[],"class_list":{"0":"post-20488","1":"product","2":"type-product","3":"status-publish","4":"has-post-thumbnail","6":"product_cat-turk-hamami-ekipmanlari","7":"product_cat-turk-hamami-kurnalari","9":"first","10":"instock","11":"shipping-taxable","12":"product-type-simple"},"yoast_head":"<!-- This site is optimized with the Yoast SEO Premium plugin v23.2 (Yoast SEO v23.2) - https:\/\/yoast.com\/wordpress\/plugins\/seo\/ -->\n<title>Hamam Kurnas\u0131 B-01 | Barrsell End\u00fcstri<\/title>\n<meta name=\"description\" content=\"Hamam Kurnas\u0131 B-01\u00a0 T\u00fcrk hamamlar\u0131n\u0131n en \u00f6nemli unsurlar\u0131ndan biri olup hem i\u015flevselli\u011fi hem de estetik tasar\u0131m\u0131yla \u00f6ne \u00e7\u0131kar.\" \/>\n<meta name=\"robots\" content=\"index, follow, max-snippet:-1, max-image-preview:large, max-video-preview:-1\" \/>\n<link rel=\"canonical\" href=\"https:\/\/barrsell.com\/en\/product\/turkish-bath-basin-b-01\/\" \/>\n<meta property=\"og:locale\" content=\"en_US\" \/>\n<meta property=\"og:type\" content=\"article\" \/>\n<meta property=\"og:title\" content=\"Hamam Kurnas\u0131 B-01\" \/>\n<meta property=\"og:description\" content=\"Hamam Kurnas\u0131 B-01\u00a0 T\u00fcrk hamamlar\u0131n\u0131n en \u00f6nemli unsurlar\u0131ndan biri olup hem i\u015flevselli\u011fi hem de estetik tasar\u0131m\u0131yla \u00f6ne \u00e7\u0131kar.\" \/>\n<meta property=\"og:url\" content=\"https:\/\/barrsell.com\/en\/product\/turkish-bath-basin-b-01\/\" \/>\n<meta property=\"og:site_name\" content=\"Barrsell\" \/>\n<meta property=\"article:modified_time\" content=\"2025-02-17T11:00:14+00:00\" \/>\n<meta property=\"og:image\" content=\"https:\/\/barrsell.com\/wp-content\/uploads\/2025\/02\/Hamam-Kurnasi-B-01.png\" \/>\n\t<meta property=\"og:image:width\" content=\"1200\" \/>\n\t<meta property=\"og:image:height\" content=\"1200\" \/>\n\t<meta property=\"og:image:type\" content=\"image\/png\" \/>\n<meta name=\"twitter:card\" content=\"summary_large_image\" \/>\n<meta name=\"twitter:label1\" content=\"Est. reading time\" \/>\n\t<meta name=\"twitter:data1\" content=\"2 minutes\" \/>\n<script type=\"application\/ld+json\" class=\"yoast-schema-graph\">{\"@context\":\"https:\/\/schema.org\",\"@graph\":[{\"@type\":\"WebPage\",\"@id\":\"https:\/\/barrsell.com\/urun\/hamam-kurnasi-b-01\/\",\"url\":\"https:\/\/barrsell.com\/urun\/hamam-kurnasi-b-01\/\",\"name\":\"Hamam Kurnas\u0131 B-01 | Barrsell End\u00fcstri\",\"isPartOf\":{\"@id\":\"https:\/\/barrsell.com\/#website\"},\"primaryImageOfPage\":{\"@id\":\"https:\/\/barrsell.com\/urun\/hamam-kurnasi-b-01\/#primaryimage\"},\"image\":{\"@id\":\"https:\/\/barrsell.com\/urun\/hamam-kurnasi-b-01\/#primaryimage\"},\"thumbnailUrl\":\"https:\/\/barrsell.com\/wp-content\/uploads\/2025\/02\/Hamam-Kurnasi-B-01.png\",\"datePublished\":\"2025-02-17T09:11:25+00:00\",\"dateModified\":\"2025-02-17T11:00:14+00:00\",\"description\":\"Hamam Kurnas\u0131 B-01\u00a0 T\u00fcrk hamamlar\u0131n\u0131n en \u00f6nemli unsurlar\u0131ndan biri olup hem i\u015flevselli\u011fi hem de estetik tasar\u0131m\u0131yla \u00f6ne \u00e7\u0131kar.\",\"breadcrumb\":{\"@id\":\"https:\/\/barrsell.com\/urun\/hamam-kurnasi-b-01\/#breadcrumb\"},\"inLanguage\":\"en-US\",\"potentialAction\":[{\"@type\":\"ReadAction\",\"target\":[\"https:\/\/barrsell.com\/urun\/hamam-kurnasi-b-01\/\"]}]},{\"@type\":\"ImageObject\",\"inLanguage\":\"en-US\",\"@id\":\"https:\/\/barrsell.com\/urun\/hamam-kurnasi-b-01\/#primaryimage\",\"url\":\"https:\/\/barrsell.com\/wp-content\/uploads\/2025\/02\/Hamam-Kurnasi-B-01.png\",\"contentUrl\":\"https:\/\/barrsell.com\/wp-content\/uploads\/2025\/02\/Hamam-Kurnasi-B-01.png\",\"width\":1200,\"height\":1200,\"caption\":\"Hamam Kurnas\u0131 B-01\"},{\"@type\":\"BreadcrumbList\",\"@id\":\"https:\/\/barrsell.com\/urun\/hamam-kurnasi-b-01\/#breadcrumb\",\"itemListElement\":[{\"@type\":\"ListItem\",\"position\":1,\"name\":\"Home\",\"item\":\"https:\/\/barrsell.com\/\"},{\"@type\":\"ListItem\",\"position\":2,\"name\":\"\u00dcr\u00fcnler\",\"item\":\"https:\/\/barrsell.com\/en\/products\/\"},{\"@type\":\"ListItem\",\"position\":3,\"name\":\"Hamam Kurnas\u0131 B-01\"}]},{\"@type\":\"WebSite\",\"@id\":\"https:\/\/barrsell.com\/#website\",\"url\":\"https:\/\/barrsell.com\/\",\"name\":\"Barrsell End\u00fcstri Makine\",\"description\":\"Teknolojiyle G\u00fc\u00e7lenen End\u00fcstriyel \u00c7\u00f6z\u00fcmler!\",\"potentialAction\":[{\"@type\":\"SearchAction\",\"target\":{\"@type\":\"EntryPoint\",\"urlTemplate\":\"https:\/\/barrsell.com\/?s={search_term_string}\"},\"query-input\":\"required name=search_term_string\"}],\"inLanguage\":\"en-US\"}]}<\/script>\n<!-- \/ Yoast SEO Premium plugin. -->","yoast_head_json":{"title":"Hamam Kurnas\u0131 B-01 | Barrsell End\u00fcstri","description":"Hamam Kurnas\u0131 B-01\u00a0 T\u00fcrk hamamlar\u0131n\u0131n en \u00f6nemli unsurlar\u0131ndan biri olup hem i\u015flevselli\u011fi hem de estetik tasar\u0131m\u0131yla \u00f6ne \u00e7\u0131kar.","robots":{"index":"index","follow":"follow","max-snippet":"max-snippet:-1","max-image-preview":"max-image-preview:large","max-video-preview":"max-video-preview:-1"},"canonical":"https:\/\/barrsell.com\/en\/product\/turkish-bath-basin-b-01\/","og_locale":"en_US","og_type":"article","og_title":"Hamam Kurnas\u0131 B-01","og_description":"Hamam Kurnas\u0131 B-01\u00a0 T\u00fcrk hamamlar\u0131n\u0131n en \u00f6nemli unsurlar\u0131ndan biri olup hem i\u015flevselli\u011fi hem de estetik tasar\u0131m\u0131yla \u00f6ne \u00e7\u0131kar.","og_url":"https:\/\/barrsell.com\/en\/product\/turkish-bath-basin-b-01\/","og_site_name":"Barrsell","article_modified_time":"2025-02-17T11:00:14+00:00","og_image":[{"width":1200,"height":1200,"url":"https:\/\/barrsell.com\/wp-content\/uploads\/2025\/02\/Hamam-Kurnasi-B-01.png","type":"image\/png"}],"twitter_card":"summary_large_image","twitter_misc":{"Est. reading time":"2 minutes"},"schema":{"@context":"https:\/\/schema.org","@graph":[{"@type":"WebPage","@id":"https:\/\/barrsell.com\/urun\/hamam-kurnasi-b-01\/","url":"https:\/\/barrsell.com\/urun\/hamam-kurnasi-b-01\/","name":"Hamam Kurnas\u0131 B-01 | Barrsell End\u00fcstri","isPartOf":{"@id":"https:\/\/barrsell.com\/#website"},"primaryImageOfPage":{"@id":"https:\/\/barrsell.com\/urun\/hamam-kurnasi-b-01\/#primaryimage"},"image":{"@id":"https:\/\/barrsell.com\/urun\/hamam-kurnasi-b-01\/#primaryimage"},"thumbnailUrl":"https:\/\/barrsell.com\/wp-content\/uploads\/2025\/02\/Hamam-Kurnasi-B-01.png","datePublished":"2025-02-17T09:11:25+00:00","dateModified":"2025-02-17T11:00:14+00:00","description":"Hamam Kurnas\u0131 B-01\u00a0 T\u00fcrk hamamlar\u0131n\u0131n en \u00f6nemli unsurlar\u0131ndan biri olup hem i\u015flevselli\u011fi hem de estetik tasar\u0131m\u0131yla \u00f6ne \u00e7\u0131kar.","breadcrumb":{"@id":"https:\/\/barrsell.com\/urun\/hamam-kurnasi-b-01\/#breadcrumb"},"inLanguage":"en-US","potentialAction":[{"@type":"ReadAction","target":["https:\/\/barrsell.com\/urun\/hamam-kurnasi-b-01\/"]}]},{"@type":"ImageObject","inLanguage":"en-US","@id":"https:\/\/barrsell.com\/urun\/hamam-kurnasi-b-01\/#primaryimage","url":"https:\/\/barrsell.com\/wp-content\/uploads\/2025\/02\/Hamam-Kurnasi-B-01.png","contentUrl":"https:\/\/barrsell.com\/wp-content\/uploads\/2025\/02\/Hamam-Kurnasi-B-01.png","width":1200,"height":1200,"caption":"Hamam Kurnas\u0131 B-01"},{"@type":"BreadcrumbList","@id":"https:\/\/barrsell.com\/urun\/hamam-kurnasi-b-01\/#breadcrumb","itemListElement":[{"@type":"ListItem","position":1,"name":"Home","item":"https:\/\/barrsell.com\/"},{"@type":"ListItem","position":2,"name":"\u00dcr\u00fcnler","item":"https:\/\/barrsell.com\/en\/products\/"},{"@type":"ListItem","position":3,"name":"Hamam Kurnas\u0131 B-01"}]},{"@type":"WebSite","@id":"https:\/\/barrsell.com\/#website","url":"https:\/\/barrsell.com\/","name":"Barrsell End\u00fcstri Makine","description":"Teknolojiyle G\u00fc\u00e7lenen End\u00fcstriyel \u00c7\u00f6z\u00fcmler!","potentialAction":[{"@type":"SearchAction","target":{"@type":"EntryPoint","urlTemplate":"https:\/\/barrsell.com\/?s={search_term_string}"},"query-input":"required name=search_term_string"}],"inLanguage":"en-US"}]}},"_links":{"self":[{"href":"https:\/\/barrsell.com\/en\/wp-json\/wp\/v2\/product\/20488","targetHints":{"allow":["GET"]}}],"collection":[{"href":"https:\/\/barrsell.com\/en\/wp-json\/wp\/v2\/product"}],"about":[{"href":"https:\/\/barrsell.com\/en\/wp-json\/wp\/v2\/types\/product"}],"version-history":[{"count":4,"href":"https:\/\/barrsell.com\/en\/wp-json\/wp\/v2\/product\/20488\/revisions"}],"predecessor-version":[{"id":20497,"href":"https:\/\/barrsell.com\/en\/wp-json\/wp\/v2\/product\/20488\/revisions\/20497"}],"wp:featuredmedia":[{"embeddable":true,"href":"https:\/\/barrsell.com\/en\/wp-json\/wp\/v2\/media\/20503"}],"wp:attachment":[{"href":"https:\/\/barrsell.com\/en\/wp-json\/wp\/v2\/media?parent=20488"}],"wp:term":[{"taxonomy":"product_cat","embeddable":true,"href":"https:\/\/barrsell.com\/en\/wp-json\/wp\/v2\/product_cat?post=20488"},{"taxonomy":"product_tag","embeddable":true,"href":"https:\/\/barrsell.com\/en\/wp-json\/wp\/v2\/product_tag?post=20488"}],"curies":[{"name":"wp","href":"https:\/\/api.w.org\/{rel}","templated":true}]}}