{"id":19640,"date":"2024-12-25T09:18:45","date_gmt":"2024-12-25T09:18:45","guid":{"rendered":"https:\/\/barrsell.com\/?post_type=product&#038;p=19640"},"modified":"2024-12-25T09:49:41","modified_gmt":"2024-12-25T09:49:41","slug":"eos-f2-nem-sensoru","status":"publish","type":"product","link":"https:\/\/barrsell.com\/en\/product\/eos-f2-nem-sensor\/","title":{"rendered":"EOS F2 Moisture Sensor"},"content":{"rendered":"<p><strong style=\"color: #1b1919; font-size: 24px;\">EOS F2 Moisture Sensor\u00a0<\/strong><\/p>\n<p>The EOS F2 Humidity Sensor is a high-performance product designed to precisely measure and control the relative humidity level in sauna and spa environments. With its superior material quality and advanced technology, this sensor provides maximum precision and reliability in humidity control.<\/p>\n<h4><strong>Technical Specifications<\/strong><\/h4>\n<ol>\n<li><strong>Product Code:<\/strong>\n<ul>\n<li>909479-945027<\/li>\n<\/ul>\n<\/li>\n<li><strong>Compatibility:<\/strong>\n<ul>\n<li>EOS ECON is fully compatible with H3 and H4 controllers. This compatibility provides an ideal solution for optimizing the humidity level of sauna and spa systems.<\/li>\n<\/ul>\n<\/li>\n<li><strong>Sensor Body:<\/strong>\n<ul>\n<li>The sensor body made of high quality material ensures long life and resistance to harsh sauna environments.<\/li>\n<\/ul>\n<\/li>\n<li><strong>Cable Length:<\/strong>\n<ul>\n<li>4 meter silicone coated cable offers flexible and easy installation. It provides a safe use thanks to its heat-resistant structure.<\/li>\n<\/ul>\n<\/li>\n<li><strong>Sensitivity:<\/strong>\n<ul>\n<li>High precision in humidity measurement allows the sauna atmosphere to remain at an ideal level.<\/li>\n<\/ul>\n<\/li>\n<li><strong>Ease of Assembly:<\/strong>\n<ul>\n<li>Thanks to its compact design and user-friendly structure, installation is quick and easy.<\/li>\n<\/ul>\n<\/li>\n<li><strong>Operating Temperature Range:<\/strong>\n<ul>\n<li>It offers effective performance over a wide temperature range for trouble-free operation in sauna and spa conditions.<\/li>\n<\/ul>\n<\/li>\n<\/ol>","protected":false},"excerpt":{"rendered":"<div class=\"flex max-w-full flex-col flex-grow\">\n<div class=\"min-h-8 text-message flex w-full flex-col items-end gap-2 whitespace-normal break-words text-start [.text-message+&amp;]:mt-5\" dir=\"auto\" data-message-author-role=\"assistant\" data-message-id=\"57ba8110-df67-43a7-8110-95f323e01009\" data-message-model-slug=\"gpt-4o\">\n<div class=\"flex w-full flex-col gap-1 empty:hidden first:pt-[3px]\">\n<div class=\"markdown prose w-full break-words dark:prose-invert light\">\n<p>Humidity sensor compatible with ECON H3\/H4 controllers, designed for precise control of relative air humidity, with sensor housing and 4-meter silicone cable.<\/p>\n<\/div>\n<\/div>\n<\/div>\n<\/div>","protected":false},"featured_media":19641,"template":"","meta":[],"product_cat":[270,159],"product_tag":[],"class_list":{"0":"post-19640","1":"product","2":"type-product","3":"status-publish","4":"has-post-thumbnail","6":"product_cat-sauna-isiticilari-yedek-parcalari","7":"product_cat-eos-sauna-isiticilari-yedek-parcalari","9":"first","10":"instock","11":"shipping-taxable","12":"product-type-simple"},"yoast_head":"<!-- This site is optimized with the Yoast SEO Premium plugin v23.2 (Yoast SEO v23.2) - https:\/\/yoast.com\/wordpress\/plugins\/seo\/ -->\n<title>EOS F2 Nem Sens\u00f6r\u00fc | Barrsell End\u00fcstri<\/title>\n<meta name=\"description\" content=\"EOS F2 Nem Sens\u00f6r\u00fc, sauna ve spa ortamlar\u0131nda ba\u011f\u0131l nem seviyesini hassas bir \u015fekilde \u00f6l\u00e7mek ve kontrol etmek i\u00e7in tasarlanm\u0131\u015ft\u0131r.\" \/>\n<meta name=\"robots\" content=\"index, follow, max-snippet:-1, max-image-preview:large, max-video-preview:-1\" \/>\n<link rel=\"canonical\" href=\"https:\/\/barrsell.com\/en\/product\/eos-f2-nem-sensor\/\" \/>\n<meta property=\"og:locale\" content=\"en_US\" \/>\n<meta property=\"og:type\" content=\"article\" \/>\n<meta property=\"og:title\" content=\"EOS F2 Nem Sens\u00f6r\u00fc\" \/>\n<meta property=\"og:description\" content=\"EOS F2 Nem Sens\u00f6r\u00fc, sauna ve spa ortamlar\u0131nda ba\u011f\u0131l nem seviyesini hassas bir \u015fekilde \u00f6l\u00e7mek ve kontrol etmek i\u00e7in tasarlanm\u0131\u015ft\u0131r.\" \/>\n<meta property=\"og:url\" content=\"https:\/\/barrsell.com\/en\/product\/eos-f2-nem-sensor\/\" \/>\n<meta property=\"og:site_name\" content=\"Barrsell\" \/>\n<meta property=\"article:modified_time\" content=\"2024-12-25T09:49:41+00:00\" \/>\n<meta property=\"og:image\" content=\"https:\/\/barrsell.com\/wp-content\/uploads\/2024\/12\/EOS-F2-nem-sensoru.png\" \/>\n\t<meta property=\"og:image:width\" content=\"1200\" \/>\n\t<meta property=\"og:image:height\" content=\"1200\" \/>\n\t<meta property=\"og:image:type\" content=\"image\/png\" \/>\n<meta name=\"twitter:card\" content=\"summary_large_image\" \/>\n<meta name=\"twitter:label1\" content=\"Est. reading time\" \/>\n\t<meta name=\"twitter:data1\" content=\"2 minutes\" \/>\n<script type=\"application\/ld+json\" class=\"yoast-schema-graph\">{\"@context\":\"https:\/\/schema.org\",\"@graph\":[{\"@type\":\"WebPage\",\"@id\":\"https:\/\/barrsell.com\/urun\/eos-f2-nem-sensoru\/\",\"url\":\"https:\/\/barrsell.com\/urun\/eos-f2-nem-sensoru\/\",\"name\":\"EOS F2 Nem Sens\u00f6r\u00fc | Barrsell End\u00fcstri\",\"isPartOf\":{\"@id\":\"https:\/\/barrsell.com\/#website\"},\"primaryImageOfPage\":{\"@id\":\"https:\/\/barrsell.com\/urun\/eos-f2-nem-sensoru\/#primaryimage\"},\"image\":{\"@id\":\"https:\/\/barrsell.com\/urun\/eos-f2-nem-sensoru\/#primaryimage\"},\"thumbnailUrl\":\"https:\/\/barrsell.com\/wp-content\/uploads\/2024\/12\/EOS-F2-nem-sensoru.png\",\"datePublished\":\"2024-12-25T09:18:45+00:00\",\"dateModified\":\"2024-12-25T09:49:41+00:00\",\"description\":\"EOS F2 Nem Sens\u00f6r\u00fc, sauna ve spa ortamlar\u0131nda ba\u011f\u0131l nem seviyesini hassas bir \u015fekilde \u00f6l\u00e7mek ve kontrol etmek i\u00e7in tasarlanm\u0131\u015ft\u0131r.\",\"breadcrumb\":{\"@id\":\"https:\/\/barrsell.com\/urun\/eos-f2-nem-sensoru\/#breadcrumb\"},\"inLanguage\":\"en-US\",\"potentialAction\":[{\"@type\":\"ReadAction\",\"target\":[\"https:\/\/barrsell.com\/urun\/eos-f2-nem-sensoru\/\"]}]},{\"@type\":\"ImageObject\",\"inLanguage\":\"en-US\",\"@id\":\"https:\/\/barrsell.com\/urun\/eos-f2-nem-sensoru\/#primaryimage\",\"url\":\"https:\/\/barrsell.com\/wp-content\/uploads\/2024\/12\/EOS-F2-nem-sensoru.png\",\"contentUrl\":\"https:\/\/barrsell.com\/wp-content\/uploads\/2024\/12\/EOS-F2-nem-sensoru.png\",\"width\":1200,\"height\":1200,\"caption\":\"EOS F2 nem sens\u00f6r\u00fc\"},{\"@type\":\"BreadcrumbList\",\"@id\":\"https:\/\/barrsell.com\/urun\/eos-f2-nem-sensoru\/#breadcrumb\",\"itemListElement\":[{\"@type\":\"ListItem\",\"position\":1,\"name\":\"Home\",\"item\":\"https:\/\/barrsell.com\/\"},{\"@type\":\"ListItem\",\"position\":2,\"name\":\"\u00dcr\u00fcnler\",\"item\":\"https:\/\/barrsell.com\/en\/products\/\"},{\"@type\":\"ListItem\",\"position\":3,\"name\":\"EOS F2 Nem Sens\u00f6r\u00fc\"}]},{\"@type\":\"WebSite\",\"@id\":\"https:\/\/barrsell.com\/#website\",\"url\":\"https:\/\/barrsell.com\/\",\"name\":\"Barrsell End\u00fcstri Makine\",\"description\":\"Teknolojiyle G\u00fc\u00e7lenen End\u00fcstriyel \u00c7\u00f6z\u00fcmler!\",\"potentialAction\":[{\"@type\":\"SearchAction\",\"target\":{\"@type\":\"EntryPoint\",\"urlTemplate\":\"https:\/\/barrsell.com\/?s={search_term_string}\"},\"query-input\":\"required name=search_term_string\"}],\"inLanguage\":\"en-US\"}]}<\/script>\n<!-- \/ Yoast SEO Premium plugin. -->","yoast_head_json":{"title":"EOS F2 Nem Sens\u00f6r\u00fc | Barrsell End\u00fcstri","description":"EOS F2 Nem Sens\u00f6r\u00fc, sauna ve spa ortamlar\u0131nda ba\u011f\u0131l nem seviyesini hassas bir \u015fekilde \u00f6l\u00e7mek ve kontrol etmek i\u00e7in tasarlanm\u0131\u015ft\u0131r.","robots":{"index":"index","follow":"follow","max-snippet":"max-snippet:-1","max-image-preview":"max-image-preview:large","max-video-preview":"max-video-preview:-1"},"canonical":"https:\/\/barrsell.com\/en\/product\/eos-f2-nem-sensor\/","og_locale":"en_US","og_type":"article","og_title":"EOS F2 Nem Sens\u00f6r\u00fc","og_description":"EOS F2 Nem Sens\u00f6r\u00fc, sauna ve spa ortamlar\u0131nda ba\u011f\u0131l nem seviyesini hassas bir \u015fekilde \u00f6l\u00e7mek ve kontrol etmek i\u00e7in tasarlanm\u0131\u015ft\u0131r.","og_url":"https:\/\/barrsell.com\/en\/product\/eos-f2-nem-sensor\/","og_site_name":"Barrsell","article_modified_time":"2024-12-25T09:49:41+00:00","og_image":[{"width":1200,"height":1200,"url":"https:\/\/barrsell.com\/wp-content\/uploads\/2024\/12\/EOS-F2-nem-sensoru.png","type":"image\/png"}],"twitter_card":"summary_large_image","twitter_misc":{"Est. reading time":"2 minutes"},"schema":{"@context":"https:\/\/schema.org","@graph":[{"@type":"WebPage","@id":"https:\/\/barrsell.com\/urun\/eos-f2-nem-sensoru\/","url":"https:\/\/barrsell.com\/urun\/eos-f2-nem-sensoru\/","name":"EOS F2 Nem Sens\u00f6r\u00fc | Barrsell End\u00fcstri","isPartOf":{"@id":"https:\/\/barrsell.com\/#website"},"primaryImageOfPage":{"@id":"https:\/\/barrsell.com\/urun\/eos-f2-nem-sensoru\/#primaryimage"},"image":{"@id":"https:\/\/barrsell.com\/urun\/eos-f2-nem-sensoru\/#primaryimage"},"thumbnailUrl":"https:\/\/barrsell.com\/wp-content\/uploads\/2024\/12\/EOS-F2-nem-sensoru.png","datePublished":"2024-12-25T09:18:45+00:00","dateModified":"2024-12-25T09:49:41+00:00","description":"EOS F2 Nem Sens\u00f6r\u00fc, sauna ve spa ortamlar\u0131nda ba\u011f\u0131l nem seviyesini hassas bir \u015fekilde \u00f6l\u00e7mek ve kontrol etmek i\u00e7in tasarlanm\u0131\u015ft\u0131r.","breadcrumb":{"@id":"https:\/\/barrsell.com\/urun\/eos-f2-nem-sensoru\/#breadcrumb"},"inLanguage":"en-US","potentialAction":[{"@type":"ReadAction","target":["https:\/\/barrsell.com\/urun\/eos-f2-nem-sensoru\/"]}]},{"@type":"ImageObject","inLanguage":"en-US","@id":"https:\/\/barrsell.com\/urun\/eos-f2-nem-sensoru\/#primaryimage","url":"https:\/\/barrsell.com\/wp-content\/uploads\/2024\/12\/EOS-F2-nem-sensoru.png","contentUrl":"https:\/\/barrsell.com\/wp-content\/uploads\/2024\/12\/EOS-F2-nem-sensoru.png","width":1200,"height":1200,"caption":"EOS F2 nem sens\u00f6r\u00fc"},{"@type":"BreadcrumbList","@id":"https:\/\/barrsell.com\/urun\/eos-f2-nem-sensoru\/#breadcrumb","itemListElement":[{"@type":"ListItem","position":1,"name":"Home","item":"https:\/\/barrsell.com\/"},{"@type":"ListItem","position":2,"name":"\u00dcr\u00fcnler","item":"https:\/\/barrsell.com\/en\/products\/"},{"@type":"ListItem","position":3,"name":"EOS F2 Nem Sens\u00f6r\u00fc"}]},{"@type":"WebSite","@id":"https:\/\/barrsell.com\/#website","url":"https:\/\/barrsell.com\/","name":"Barrsell End\u00fcstri Makine","description":"Teknolojiyle G\u00fc\u00e7lenen End\u00fcstriyel \u00c7\u00f6z\u00fcmler!","potentialAction":[{"@type":"SearchAction","target":{"@type":"EntryPoint","urlTemplate":"https:\/\/barrsell.com\/?s={search_term_string}"},"query-input":"required name=search_term_string"}],"inLanguage":"en-US"}]}},"_links":{"self":[{"href":"https:\/\/barrsell.com\/en\/wp-json\/wp\/v2\/product\/19640","targetHints":{"allow":["GET"]}}],"collection":[{"href":"https:\/\/barrsell.com\/en\/wp-json\/wp\/v2\/product"}],"about":[{"href":"https:\/\/barrsell.com\/en\/wp-json\/wp\/v2\/types\/product"}],"version-history":[{"count":4,"href":"https:\/\/barrsell.com\/en\/wp-json\/wp\/v2\/product\/19640\/revisions"}],"predecessor-version":[{"id":19648,"href":"https:\/\/barrsell.com\/en\/wp-json\/wp\/v2\/product\/19640\/revisions\/19648"}],"wp:featuredmedia":[{"embeddable":true,"href":"https:\/\/barrsell.com\/en\/wp-json\/wp\/v2\/media\/19641"}],"wp:attachment":[{"href":"https:\/\/barrsell.com\/en\/wp-json\/wp\/v2\/media?parent=19640"}],"wp:term":[{"taxonomy":"product_cat","embeddable":true,"href":"https:\/\/barrsell.com\/en\/wp-json\/wp\/v2\/product_cat?post=19640"},{"taxonomy":"product_tag","embeddable":true,"href":"https:\/\/barrsell.com\/en\/wp-json\/wp\/v2\/product_tag?post=19640"}],"curies":[{"name":"wp","href":"https:\/\/api.w.org\/{rel}","templated":true}]}}