{"id":18118,"date":"2024-11-07T15:50:37","date_gmt":"2024-11-07T15:50:37","guid":{"rendered":"https:\/\/barrsell.com\/?post_type=product&#038;p=18118"},"modified":"2024-11-08T13:43:31","modified_gmt":"2024-11-08T13:43:31","slug":"cam-mozaik-isitmali-yatak","status":"publish","type":"product","link":"https:\/\/barrsell.com\/en\/product\/heated-beds-in-glass-mosaic\/","title":{"rendered":"Glass Mosaic Heated Bed"},"content":{"rendered":"<h2 class=\"mceTemp\"><strong style=\"color: #1b1919; font-size: 24px;\">Glass Mosaic Heated Bed: An Innovative Solution Combining Comfort and Aesthetics<\/strong><\/h2>\n<p><span style=\"color: #333333; font-size: 16px;\">Glass mosaic heated beds are a luxurious, relaxing and aesthetic type of bed preferred especially in spa centers, hotels and homes. These beds offer both visual elegance and unique features with heating technology. In addition, the structure of glass mosaics reflecting natural light combines with the heated bed surface to create a perfect warmth and aesthetic experience. So what is a glass mosaic heated bed, how does it work and what are the benefits it offers? Here is everything you need to know about this special mattress.<\/span><\/p>\n<div id=\"attachment_18166\" style=\"width: 310px\" class=\"wp-caption alignright\"><a href=\"https:\/\/barrsell.com\/wp-content\/uploads\/2024\/11\/cam-mozaik-isitma.avif\"><img fetchpriority=\"high\" decoding=\"async\" aria-describedby=\"caption-attachment-18166\" class=\"size-medium wp-image-18166\" src=\"https:\/\/barrsell.com\/wp-content\/uploads\/2024\/11\/cam-mozaik-isitma-300x300.avif\" alt=\"\" width=\"300\" height=\"300\" srcset=\"https:\/\/barrsell.com\/wp-content\/uploads\/2024\/11\/cam-mozaik-isitma-300x300.avif 300w, https:\/\/barrsell.com\/wp-content\/uploads\/2024\/11\/cam-mozaik-isitma-150x150.avif 150w, https:\/\/barrsell.com\/wp-content\/uploads\/2024\/11\/cam-mozaik-isitma-12x12.avif 12w, https:\/\/barrsell.com\/wp-content\/uploads\/2024\/11\/cam-mozaik-isitma-600x600.avif 600w, https:\/\/barrsell.com\/wp-content\/uploads\/2024\/11\/cam-mozaik-isitma-50x50.avif 50w, https:\/\/barrsell.com\/wp-content\/uploads\/2024\/11\/cam-mozaik-isitma-100x100.avif 100w, https:\/\/barrsell.com\/wp-content\/uploads\/2024\/11\/cam-mozaik-isitma.avif 720w\" sizes=\"(max-width: 300px) 100vw, 300px\" \/><\/a><p id=\"caption-attachment-18166\" class=\"wp-caption-text\">glass mosaic heating<\/p><\/div>\n<h4><strong>What is a Glass Mosaic Heated Mattress?<\/strong><\/h4>\n<p class=\" translation-block\">They are special designs that combine the aesthetics and elegance of glass mosaics with the function of providing warmth. These beds provide a comfortable warmth to the body thanks to the heating systems placed on the glass mosaics. The light and color effects reflected by the glass mosaics add an extra visual appeal to the bed surface. Offering visual and physical comfort, glass mosaic heated beds are the perfect choice for spa treatments, massage sessions and restful sleep.<\/p>\n<p>Heated glass mosaic beds serve any purpose thanks to the ability to customize the temperature settings according to the user. Using electric heating systems or glass mosaic panels integrated into the heat of natural stones, the bed surface is continuously heated.<\/p>\n<h4><strong>Working Principle of Glass Mosaic Heated Beds?<\/strong><\/h4>\n<p class=\" translation-block\">Glass mosaic heated beds usually work with electric heaters or heat conduction technologies. In electric systems, heating cables or panels under the bed heat up and transmit heat to the glass mosaics. The glass mosaics distribute light and heat evenly, providing homogeneous warmth to the body.<\/p>\n<p class=\" translation-block\">Some glass mosaic beds can also be equipped with thermal stone technology. Heat-bearing natural stones and glass mosaics work together to provide warmth to the body and allow the natural thermal properties of the stones to be utilized. This allows the bed user to experience deeper relaxation and a comfortable sleep.<\/p>\n<div id=\"attachment_18164\" style=\"width: 1034px\" class=\"wp-caption alignnone\"><a href=\"https:\/\/barrsell.com\/wp-content\/uploads\/2024\/11\/Cam-Mozaik-Isitmali-Yatak-7.jpg\"><img decoding=\"async\" aria-describedby=\"caption-attachment-18164\" class=\"wp-image-18164 size-large\" src=\"https:\/\/barrsell.com\/wp-content\/uploads\/2024\/11\/Cam-Mozaik-Isitmali-Yatak-7-1024x353.jpg\" alt=\"\" width=\"1024\" height=\"353\" srcset=\"https:\/\/barrsell.com\/wp-content\/uploads\/2024\/11\/Cam-Mozaik-Isitmali-Yatak-7-1024x353.jpg 1024w, https:\/\/barrsell.com\/wp-content\/uploads\/2024\/11\/Cam-Mozaik-Isitmali-Yatak-7-300x103.jpg 300w, https:\/\/barrsell.com\/wp-content\/uploads\/2024\/11\/Cam-Mozaik-Isitmali-Yatak-7-768x265.jpg 768w, https:\/\/barrsell.com\/wp-content\/uploads\/2024\/11\/Cam-Mozaik-Isitmali-Yatak-7-1536x530.jpg 1536w, https:\/\/barrsell.com\/wp-content\/uploads\/2024\/11\/Cam-Mozaik-Isitmali-Yatak-7-2048x706.jpg 2048w, https:\/\/barrsell.com\/wp-content\/uploads\/2024\/11\/Cam-Mozaik-Isitmali-Yatak-7-18x6.jpg 18w, https:\/\/barrsell.com\/wp-content\/uploads\/2024\/11\/Cam-Mozaik-Isitmali-Yatak-7-1200x414.jpg 1200w, https:\/\/barrsell.com\/wp-content\/uploads\/2024\/11\/Cam-Mozaik-Isitmali-Yatak-7-150x52.jpg 150w\" sizes=\"(max-width: 1024px) 100vw, 1024px\" \/><\/a><p id=\"caption-attachment-18164\" class=\"wp-caption-text\">Glass Mosaic Heated Bed<\/p><\/div>\n<h4><strong>Health Benefits of Heated Mattresses?<\/strong><\/h4>\n<ol>\n<li><strong>Kas Gev\u015femesi ve Rahatlama:<\/strong> Cam mozaik \u0131s\u0131tmal\u0131 yataklar, \u0131s\u0131n\u0131n v\u00fccuda dengeli bir \u015fekilde yay\u0131lmas\u0131n\u0131 sa\u011flar. Bu, kas gerginliklerinin ve stresin azalt\u0131lmas\u0131na yard\u0131mc\u0131 olur. Yatak y\u00fczeyindeki s\u0131cakl\u0131k, kaslar\u0131n gev\u015femesini sa\u011flayarak dinlendirici bir etki yarat\u0131r.<\/li>\n<li><strong>Kan Dola\u015f\u0131m\u0131n\u0131 \u0130yile\u015ftirme:<\/strong> Is\u0131, kan dola\u015f\u0131m\u0131n\u0131 h\u0131zland\u0131rarak v\u00fccudun oksijen ta\u015f\u0131ma kapasitesini art\u0131r\u0131r. Cam mozaiklerin sa\u011flad\u0131\u011f\u0131 s\u0131cakl\u0131k terapisi, damarlar\u0131 geni\u015fletir ve kan ak\u0131\u015f\u0131n\u0131 iyile\u015ftirir; b\u00f6ylece v\u00fccut daha h\u0131zl\u0131 iyile\u015fir.<\/li>\n<li><strong>Stresten Ar\u0131nma ve Zihinsel Rahatlama:<\/strong> Is\u0131, sadece v\u00fccudu de\u011fil, zihni de rahatlat\u0131r. Spa merkezlerinde veya ki\u015fisel kullan\u0131mlarda cam mozaik \u0131s\u0131tmal\u0131 yataklar, stresin azalt\u0131lmas\u0131na yard\u0131mc\u0131 olabilir. Is\u0131 ile sa\u011flanan gev\u015feme, uyku \u00f6ncesinde zihinsel rahatlama sa\u011flar.<\/li>\n<li class=\" translation-block\">Skin Health: The warmth provided by glass mosaic beds increases blood circulation to the skin, promoting cell regeneration. It also increases sweating in the body, helping to remove toxins, which improves skin health.<\/li>\n<\/ol>\n<div id=\"attachment_18167\" style=\"width: 410px\" class=\"wp-caption alignleft\"><a href=\"https:\/\/barrsell.com\/wp-content\/uploads\/2024\/11\/Cam-Mozaik-Isitmali-Yatak-termal-tas.jpg\"><img decoding=\"async\" aria-describedby=\"caption-attachment-18167\" class=\"wp-image-18167\" src=\"https:\/\/barrsell.com\/wp-content\/uploads\/2024\/11\/Cam-Mozaik-Isitmali-Yatak-termal-tas.jpg\" alt=\"\" width=\"400\" height=\"225\" srcset=\"https:\/\/barrsell.com\/wp-content\/uploads\/2024\/11\/Cam-Mozaik-Isitmali-Yatak-termal-tas.jpg 370w, https:\/\/barrsell.com\/wp-content\/uploads\/2024\/11\/Cam-Mozaik-Isitmali-Yatak-termal-tas-300x169.jpg 300w, https:\/\/barrsell.com\/wp-content\/uploads\/2024\/11\/Cam-Mozaik-Isitmali-Yatak-termal-tas-18x10.jpg 18w, https:\/\/barrsell.com\/wp-content\/uploads\/2024\/11\/Cam-Mozaik-Isitmali-Yatak-termal-tas-150x84.jpg 150w\" sizes=\"(max-width: 400px) 100vw, 400px\" \/><\/a><p id=\"caption-attachment-18167\" class=\"wp-caption-text\">Cam Mozaik Is\u0131tmal\u0131 Yatak-termal ta\u015f<\/p><\/div>\n<h4><strong>Advantages of Heated Mattresses<\/strong><\/h4>\n<ul>\n<li class=\" translation-block\">Aesthetics and Elegance:\nThe elegant designs of glass mosaics add aesthetic value to the beds with their colorful and light-reflecting features. With a modern and stylish look, these beds adapt to any interior decoration.<\/li>\n<li><strong>Heat Dissipation and Comfort:<\/strong><br \/>\nGlass mosaics distribute heat evenly, providing a homogeneous offers a warmth. For the user provides a more comfortable sleep experience or relaxation session.<\/li>\n<li><strong>Temperature Control:<\/strong><br \/>\nGlass mosaic heated beds can be adjusted to individual temperature preferences with electric heating systems. This feature offers a customized experience for each user.<\/li>\n<li><strong>Energy Efficiency:<\/strong><br \/>\nGlass mosaic heated beds provide high efficiency with generally low energy consumption. Electric heating systems maintain the desired temperature level using only the energy required.<\/li>\n<li><strong>Environmentally Friendly:<\/strong><br \/>\nGlass mosaic heated beds are manufactured with environmentally friendly materials. The technologies used in heat conduction increase energy efficiency and ensure an environmentally friendly use.<\/li>\n<\/ul>\n<h4><strong>Where is Glass Mosaic Heated Mattress Used?<\/strong><\/h4>\n<p class=\" translation-block\">They are especially used in spa centers, saunas, wellness therapies and hotel rooms. In addition, people choose such products to create a relaxing and aesthetic atmosphere in luxurious bedrooms, living areas and sauna rooms at home. The visual appeal of glass mosaics adds an elegant touch to any interior.<\/p>\n<p>&nbsp;<\/p>","protected":false},"excerpt":{"rendered":"<p>Cam Mozaik Is\u0131tmal\u0131 Yatak: Konfor ve Esteti\u011fi Birle\u015ftiren Yenilik\u00e7i \u00c7\u00f6z\u00fcm Cam mozaik \u0131s\u0131tmal\u0131 yataklar, \u00f6zellikle spa merkezleri, oteller ve evlerde<\/p>","protected":false},"featured_media":18122,"template":"","meta":[],"product_cat":[765,768],"product_tag":[],"class_list":{"0":"post-18118","1":"product","2":"type-product","3":"status-publish","4":"has-post-thumbnail","6":"product_cat-dinlenme-ve-oturma-gruplari","7":"product_cat-isitmali-tas-yataklar","9":"first","10":"instock","11":"shipping-taxable","12":"product-type-external"},"yoast_head":"<!-- This site is optimized with the Yoast SEO Premium plugin v23.2 (Yoast SEO v23.2) - https:\/\/yoast.com\/wordpress\/plugins\/seo\/ -->\n<title>Cam Mozaik Is\u0131tmal\u0131 Yatak | Barrsell End\u00fcstri<\/title>\n<meta name=\"description\" content=\"Cam mozaik \u0131s\u0131tmal\u0131 yataklar, spa merkezleri, oteller ve evlerde kullan\u0131lan l\u00fcks, rahatlat\u0131c\u0131 ve estetik bir yatak \u00e7e\u015fididir.\" \/>\n<meta name=\"robots\" content=\"index, follow, max-snippet:-1, max-image-preview:large, max-video-preview:-1\" \/>\n<link rel=\"canonical\" href=\"https:\/\/barrsell.com\/en\/product\/heated-beds-in-glass-mosaic\/\" \/>\n<meta property=\"og:locale\" content=\"en_US\" \/>\n<meta property=\"og:type\" content=\"article\" \/>\n<meta property=\"og:title\" content=\"Cam Mozaik Is\u0131tmal\u0131 Yatak\" \/>\n<meta property=\"og:description\" content=\"Cam mozaik \u0131s\u0131tmal\u0131 yataklar, spa merkezleri, oteller ve evlerde kullan\u0131lan l\u00fcks, rahatlat\u0131c\u0131 ve estetik bir yatak \u00e7e\u015fididir.\" \/>\n<meta property=\"og:url\" content=\"https:\/\/barrsell.com\/en\/product\/heated-beds-in-glass-mosaic\/\" \/>\n<meta property=\"og:site_name\" content=\"Barrsell\" \/>\n<meta property=\"article:modified_time\" content=\"2024-11-08T13:43:31+00:00\" \/>\n<meta property=\"og:image\" content=\"https:\/\/barrsell.com\/wp-content\/uploads\/2024\/11\/Cam-Mozaik-Isitmali-Yatak--1024x1024.png\" \/>\n\t<meta property=\"og:image:width\" content=\"1024\" \/>\n\t<meta property=\"og:image:height\" content=\"1024\" \/>\n\t<meta property=\"og:image:type\" content=\"image\/png\" \/>\n<meta name=\"twitter:card\" content=\"summary_large_image\" \/>\n<meta name=\"twitter:label1\" content=\"Est. reading time\" \/>\n\t<meta name=\"twitter:data1\" content=\"5 minutes\" \/>\n<script type=\"application\/ld+json\" class=\"yoast-schema-graph\">{\"@context\":\"https:\/\/schema.org\",\"@graph\":[{\"@type\":\"WebPage\",\"@id\":\"https:\/\/barrsell.com\/urun\/cam-mozaik-isitmali-yatak\/\",\"url\":\"https:\/\/barrsell.com\/urun\/cam-mozaik-isitmali-yatak\/\",\"name\":\"Cam Mozaik Is\u0131tmal\u0131 Yatak | Barrsell End\u00fcstri\",\"isPartOf\":{\"@id\":\"https:\/\/barrsell.com\/#website\"},\"primaryImageOfPage\":{\"@id\":\"https:\/\/barrsell.com\/urun\/cam-mozaik-isitmali-yatak\/#primaryimage\"},\"image\":{\"@id\":\"https:\/\/barrsell.com\/urun\/cam-mozaik-isitmali-yatak\/#primaryimage\"},\"thumbnailUrl\":\"https:\/\/barrsell.com\/wp-content\/uploads\/2024\/11\/Cam-Mozaik-Isitmali-Yatak-.png\",\"datePublished\":\"2024-11-07T15:50:37+00:00\",\"dateModified\":\"2024-11-08T13:43:31+00:00\",\"description\":\"Cam mozaik \u0131s\u0131tmal\u0131 yataklar, spa merkezleri, oteller ve evlerde kullan\u0131lan l\u00fcks, rahatlat\u0131c\u0131 ve estetik bir yatak \u00e7e\u015fididir.\",\"breadcrumb\":{\"@id\":\"https:\/\/barrsell.com\/urun\/cam-mozaik-isitmali-yatak\/#breadcrumb\"},\"inLanguage\":\"en-US\",\"potentialAction\":[{\"@type\":\"ReadAction\",\"target\":[\"https:\/\/barrsell.com\/urun\/cam-mozaik-isitmali-yatak\/\"]}]},{\"@type\":\"ImageObject\",\"inLanguage\":\"en-US\",\"@id\":\"https:\/\/barrsell.com\/urun\/cam-mozaik-isitmali-yatak\/#primaryimage\",\"url\":\"https:\/\/barrsell.com\/wp-content\/uploads\/2024\/11\/Cam-Mozaik-Isitmali-Yatak-.png\",\"contentUrl\":\"https:\/\/barrsell.com\/wp-content\/uploads\/2024\/11\/Cam-Mozaik-Isitmali-Yatak-.png\",\"width\":1200,\"height\":1200,\"caption\":\"Cam Mozaik Is\u0131tmal\u0131 Yatak-\"},{\"@type\":\"BreadcrumbList\",\"@id\":\"https:\/\/barrsell.com\/urun\/cam-mozaik-isitmali-yatak\/#breadcrumb\",\"itemListElement\":[{\"@type\":\"ListItem\",\"position\":1,\"name\":\"Home\",\"item\":\"https:\/\/barrsell.com\/\"},{\"@type\":\"ListItem\",\"position\":2,\"name\":\"\u00dcr\u00fcnler\",\"item\":\"https:\/\/barrsell.com\/en\/products\/\"},{\"@type\":\"ListItem\",\"position\":3,\"name\":\"Cam Mozaik Is\u0131tmal\u0131 Yatak\"}]},{\"@type\":\"WebSite\",\"@id\":\"https:\/\/barrsell.com\/#website\",\"url\":\"https:\/\/barrsell.com\/\",\"name\":\"Barrsell End\u00fcstri Makine\",\"description\":\"Teknolojiyle G\u00fc\u00e7lenen End\u00fcstriyel \u00c7\u00f6z\u00fcmler!\",\"potentialAction\":[{\"@type\":\"SearchAction\",\"target\":{\"@type\":\"EntryPoint\",\"urlTemplate\":\"https:\/\/barrsell.com\/?s={search_term_string}\"},\"query-input\":\"required name=search_term_string\"}],\"inLanguage\":\"en-US\"}]}<\/script>\n<!-- \/ Yoast SEO Premium plugin. -->","yoast_head_json":{"title":"Cam Mozaik Is\u0131tmal\u0131 Yatak | Barrsell End\u00fcstri","description":"Cam mozaik \u0131s\u0131tmal\u0131 yataklar, spa merkezleri, oteller ve evlerde kullan\u0131lan l\u00fcks, rahatlat\u0131c\u0131 ve estetik bir yatak \u00e7e\u015fididir.","robots":{"index":"index","follow":"follow","max-snippet":"max-snippet:-1","max-image-preview":"max-image-preview:large","max-video-preview":"max-video-preview:-1"},"canonical":"https:\/\/barrsell.com\/en\/product\/heated-beds-in-glass-mosaic\/","og_locale":"en_US","og_type":"article","og_title":"Cam Mozaik Is\u0131tmal\u0131 Yatak","og_description":"Cam mozaik \u0131s\u0131tmal\u0131 yataklar, spa merkezleri, oteller ve evlerde kullan\u0131lan l\u00fcks, rahatlat\u0131c\u0131 ve estetik bir yatak \u00e7e\u015fididir.","og_url":"https:\/\/barrsell.com\/en\/product\/heated-beds-in-glass-mosaic\/","og_site_name":"Barrsell","article_modified_time":"2024-11-08T13:43:31+00:00","og_image":[{"width":1024,"height":1024,"url":"https:\/\/barrsell.com\/wp-content\/uploads\/2024\/11\/Cam-Mozaik-Isitmali-Yatak--1024x1024.png","type":"image\/png"}],"twitter_card":"summary_large_image","twitter_misc":{"Est. reading time":"5 minutes"},"schema":{"@context":"https:\/\/schema.org","@graph":[{"@type":"WebPage","@id":"https:\/\/barrsell.com\/urun\/cam-mozaik-isitmali-yatak\/","url":"https:\/\/barrsell.com\/urun\/cam-mozaik-isitmali-yatak\/","name":"Cam Mozaik Is\u0131tmal\u0131 Yatak | Barrsell End\u00fcstri","isPartOf":{"@id":"https:\/\/barrsell.com\/#website"},"primaryImageOfPage":{"@id":"https:\/\/barrsell.com\/urun\/cam-mozaik-isitmali-yatak\/#primaryimage"},"image":{"@id":"https:\/\/barrsell.com\/urun\/cam-mozaik-isitmali-yatak\/#primaryimage"},"thumbnailUrl":"https:\/\/barrsell.com\/wp-content\/uploads\/2024\/11\/Cam-Mozaik-Isitmali-Yatak-.png","datePublished":"2024-11-07T15:50:37+00:00","dateModified":"2024-11-08T13:43:31+00:00","description":"Cam mozaik \u0131s\u0131tmal\u0131 yataklar, spa merkezleri, oteller ve evlerde kullan\u0131lan l\u00fcks, rahatlat\u0131c\u0131 ve estetik bir yatak \u00e7e\u015fididir.","breadcrumb":{"@id":"https:\/\/barrsell.com\/urun\/cam-mozaik-isitmali-yatak\/#breadcrumb"},"inLanguage":"en-US","potentialAction":[{"@type":"ReadAction","target":["https:\/\/barrsell.com\/urun\/cam-mozaik-isitmali-yatak\/"]}]},{"@type":"ImageObject","inLanguage":"en-US","@id":"https:\/\/barrsell.com\/urun\/cam-mozaik-isitmali-yatak\/#primaryimage","url":"https:\/\/barrsell.com\/wp-content\/uploads\/2024\/11\/Cam-Mozaik-Isitmali-Yatak-.png","contentUrl":"https:\/\/barrsell.com\/wp-content\/uploads\/2024\/11\/Cam-Mozaik-Isitmali-Yatak-.png","width":1200,"height":1200,"caption":"Cam Mozaik Is\u0131tmal\u0131 Yatak-"},{"@type":"BreadcrumbList","@id":"https:\/\/barrsell.com\/urun\/cam-mozaik-isitmali-yatak\/#breadcrumb","itemListElement":[{"@type":"ListItem","position":1,"name":"Home","item":"https:\/\/barrsell.com\/"},{"@type":"ListItem","position":2,"name":"\u00dcr\u00fcnler","item":"https:\/\/barrsell.com\/en\/products\/"},{"@type":"ListItem","position":3,"name":"Cam Mozaik Is\u0131tmal\u0131 Yatak"}]},{"@type":"WebSite","@id":"https:\/\/barrsell.com\/#website","url":"https:\/\/barrsell.com\/","name":"Barrsell End\u00fcstri Makine","description":"Teknolojiyle G\u00fc\u00e7lenen End\u00fcstriyel \u00c7\u00f6z\u00fcmler!","potentialAction":[{"@type":"SearchAction","target":{"@type":"EntryPoint","urlTemplate":"https:\/\/barrsell.com\/?s={search_term_string}"},"query-input":"required name=search_term_string"}],"inLanguage":"en-US"}]}},"_links":{"self":[{"href":"https:\/\/barrsell.com\/en\/wp-json\/wp\/v2\/product\/18118","targetHints":{"allow":["GET"]}}],"collection":[{"href":"https:\/\/barrsell.com\/en\/wp-json\/wp\/v2\/product"}],"about":[{"href":"https:\/\/barrsell.com\/en\/wp-json\/wp\/v2\/types\/product"}],"version-history":[{"count":15,"href":"https:\/\/barrsell.com\/en\/wp-json\/wp\/v2\/product\/18118\/revisions"}],"predecessor-version":[{"id":18176,"href":"https:\/\/barrsell.com\/en\/wp-json\/wp\/v2\/product\/18118\/revisions\/18176"}],"wp:featuredmedia":[{"embeddable":true,"href":"https:\/\/barrsell.com\/en\/wp-json\/wp\/v2\/media\/18122"}],"wp:attachment":[{"href":"https:\/\/barrsell.com\/en\/wp-json\/wp\/v2\/media?parent=18118"}],"wp:term":[{"taxonomy":"product_cat","embeddable":true,"href":"https:\/\/barrsell.com\/en\/wp-json\/wp\/v2\/product_cat?post=18118"},{"taxonomy":"product_tag","embeddable":true,"href":"https:\/\/barrsell.com\/en\/wp-json\/wp\/v2\/product_tag?post=18118"}],"curies":[{"name":"wp","href":"https:\/\/api.w.org\/{rel}","templated":true}]}}