{"id":18113,"date":"2024-11-07T15:34:31","date_gmt":"2024-11-07T15:34:31","guid":{"rendered":"https:\/\/barrsell.com\/?post_type=product&#038;p=18113"},"modified":"2024-11-09T07:54:52","modified_gmt":"2024-11-09T07:54:52","slug":"isitmali-mermer-tas-yatak","status":"publish","type":"product","link":"https:\/\/barrsell.com\/en\/product\/heated-marble-stone-bed\/","title":{"rendered":"Heated Marble Stone Bed"},"content":{"rendered":"<h2><strong>Heated Marble Stone Bed: Beds Where Luxury and Comfort Meet<\/strong><\/h2>\n<p class=\" translation-block\">The heated marble stone bed used in spa centers is equipped with superior technologies that provide not only aesthetics but also health and comfort. In addition, these beds aim to provide a perfect experience in every aspect. Adding a modern twist to traditional spa treatments, these beds offer an ideal environment for relaxation, body therapy and muscle relaxation. Furthermore, the temperature settings can be personalized according to the needs of the users, increasing the level of comfort. The natural heating properties of marble stones, combined with the intelligent heating systems used in these beds, provide visitors with a unique experience. As a result, every detail maximizes the spa experience.<\/p>\n<div id=\"attachment_18181\" style=\"width: 290px\" class=\"wp-caption alignleft\"><a href=\"https:\/\/barrsell.com\/wp-content\/uploads\/2024\/11\/Isitmali-Mermer-Tas-Yatak.jpg\"><img fetchpriority=\"high\" decoding=\"async\" aria-describedby=\"caption-attachment-18181\" class=\"size-full wp-image-18181\" src=\"https:\/\/barrsell.com\/wp-content\/uploads\/2024\/11\/Isitmali-Mermer-Tas-Yatak.jpg\" alt=\"\" width=\"280\" height=\"210\" srcset=\"https:\/\/barrsell.com\/wp-content\/uploads\/2024\/11\/Isitmali-Mermer-Tas-Yatak.jpg 280w, https:\/\/barrsell.com\/wp-content\/uploads\/2024\/11\/Isitmali-Mermer-Tas-Yatak-16x12.jpg 16w, https:\/\/barrsell.com\/wp-content\/uploads\/2024\/11\/Isitmali-Mermer-Tas-Yatak-150x113.jpg 150w\" sizes=\"(max-width: 280px) 100vw, 280px\" \/><\/a><p id=\"caption-attachment-18181\" class=\"wp-caption-text\">Heated Marble Stone Bed<\/p><\/div>\n<h4><strong>Sistem \u00d6zellikleri<\/strong><\/h4>\n<p class=\" translation-block\">Heated<a href=\"\/\/wdteknoloji.com\/urunler\/isitmali-tas-yatak\/\u201d\" target=\"\u201c_self\u201d\">marble stone beds<\/a> are heating systems using specially selected marble stones that provide warmth. Used especially in spa centers, these beds offer warmth therapies that relax the body and provide deep relaxation. Since marble stones with this feature have the capacity to retain heat for a long time, the warmth effect spreads continuously throughout the body, making the spa experience more effective.<\/p>\n<p>&nbsp;<\/p>\n<p class=\" translation-block\">Heated Marble Stone Beds Heated marble stone beds used in spa centers are usually integrated with electric heater systems. This system provides homogeneous heat distribution on the bed surface, reducing muscle tension and increasing blood circulation.<\/p>\n<h4><strong>Usage Areas of Heated Marble Stone Beds in Spa Centers<\/strong><\/h4>\n<ol>\n<li class=\" translation-block\"><strong>Deep Muscle Relaxation and Back Therapy:<\/strong><br>\nIn your spa centers, you can use heated marble stone beds for muscle relaxation massage therapies and back pain treatment sessions. This way, the heat gently spreads to the muscles, releasing tension and relaxing them. This is the perfect solution for spa guests looking for relaxation, especially after a stressful day.<\/li>\n<li><strong>Relaxing Bed Therapy:<\/strong><br \/>\nBir\u00e7ok spa merkezi, ziyaret\u00e7ilerine rahatlat\u0131c\u0131 s\u0131cak ta\u015f terapisi sunmak i\u00e7in bu yataklar\u0131 tercih eder. \u00d6zellikle s\u0131cak ta\u015flar, v\u00fccutla uyumlu \u015fekilde \u00e7al\u0131\u015farak derinlemesine bir rahatlama ve denge sa\u011flar. B\u00f6ylece mermerin do\u011fal yap\u0131s\u0131, bu s\u0131cakl\u0131k terapilerinin etkisini g\u00fc\u00e7lendirir. <strong>Bu sayede kullan\u0131c\u0131lar, hem fiziksel hem de zihinsel olarak rahatlar.<\/strong><\/li>\n<li class=\" translation-block\"><strong>Increase Blood Circulation:<\/strong><br>\nHeated marble stone beds improve the body's oxygen carrying capacity by increasing blood circulation. Special therapies, especially during spa sessions, make visitors feel refreshed and energized. <strong>This process gives vitality and energy to the whole body.<\/strong><\/li>\n<li class=\" translation-block\">Detox and Skin Renewal:\nHeated stones help remove toxins from the body through sweating. This process, combined with skin care and detox therapies in spa centers, regenerates the skin and gives it a healthy appearance. As a result, the skin looks brighter and more youthful.<\/li>\n<\/ol>\n<div id=\"attachment_18184\" style=\"width: 1034px\" class=\"wp-caption alignnone\"><a href=\"https:\/\/barrsell.com\/wp-content\/uploads\/2024\/11\/Isitmali-Mermer-Yatak-1.jpg\"><img decoding=\"async\" aria-describedby=\"caption-attachment-18184\" class=\"wp-image-18184 size-large\" src=\"https:\/\/barrsell.com\/wp-content\/uploads\/2024\/11\/Isitmali-Mermer-Yatak-1-1024x576.jpg\" alt=\"\" width=\"1024\" height=\"576\" srcset=\"https:\/\/barrsell.com\/wp-content\/uploads\/2024\/11\/Isitmali-Mermer-Yatak-1-1024x576.jpg 1024w, https:\/\/barrsell.com\/wp-content\/uploads\/2024\/11\/Isitmali-Mermer-Yatak-1-300x169.jpg 300w, https:\/\/barrsell.com\/wp-content\/uploads\/2024\/11\/Isitmali-Mermer-Yatak-1-768x432.jpg 768w, https:\/\/barrsell.com\/wp-content\/uploads\/2024\/11\/Isitmali-Mermer-Yatak-1-18x10.jpg 18w, https:\/\/barrsell.com\/wp-content\/uploads\/2024\/11\/Isitmali-Mermer-Yatak-1-150x84.jpg 150w, https:\/\/barrsell.com\/wp-content\/uploads\/2024\/11\/Isitmali-Mermer-Yatak-1.jpg 1200w\" sizes=\"(max-width: 1024px) 100vw, 1024px\" \/><\/a><p id=\"caption-attachment-18184\" class=\"wp-caption-text\">Is\u0131tmal\u0131 Mermer Yatak-1<\/p><\/div>\n<h4><strong>Advantages of Marble Stone Beds<\/strong><\/h4>\n<div class=\"flex max-w-full flex-col flex-grow\">\n<div class=\"min-h-8 text-message flex w-full flex-col items-end gap-2 whitespace-normal break-words [.text-message+&amp;]:mt-5\" dir=\"auto\" data-message-author-role=\"assistant\" data-message-id=\"2cb0ad7c-ace1-4330-8925-8b2865a6c0e5\" data-message-model-slug=\"gpt-4o-mini\">\n<div class=\"flex w-full flex-col gap-1 empty:hidden first:pt-[3px]\">\n<div class=\"markdown prose w-full break-words dark:prose-invert light\">\n<ul>\n<li class=\" translation-block\"><strong>Natural Heat Properties:<\/strong><br>\nMarble stones naturally have the ability to absorb heat and retain it for a long time. This allows the temperature balance of heated beds to be maintained for a long time. <strong>This feature offers constant comfort during therapy.<\/strong><\/li>\n<li class=\" translation-block\">Energy Efficiency:\nIntegrated with electric heaters, marble stone beds spread heat efficiently. This not only saves energy but also offers an environmentally friendly use. The result is a sustainable comfort experience.<\/li>\n<li class=\" translation-block\"><strong>Continuous Heat Dissipation:<\/strong><br>\nMarble stones distribute heat evenly, providing a homogeneous warmth to the body. This is an important advantage during muscle treatments and relaxation therapies. <strong>This continuous heat distribution increases the effectiveness of the therapies.<\/strong><\/li>\n<\/ul>\n<\/div>\n<\/div>\n<\/div>\n<\/div>\n<h4><strong>The Popularity of Using Heated Marble Stone Beds in Spa Centers<\/strong><\/h4>\n<p class=\" translation-block\">Heated marble stone beds used in spa centers are an essential part of luxury and health-oriented services. Therefore, these beds add a modern twist to traditional spa treatments, providing relaxation and muscle relaxation. In addition, these beds, which consist of energy efficient heating systems and high quality stones, offer special comfort to their users thanks to their temperature settings.<\/strong><\/p>","protected":false},"excerpt":{"rendered":"<p>Is\u0131tmal\u0131 Mermer Ta\u015f Yatak: L\u00fcks ve Konforun Bulu\u015ftu\u011fu Yataklar Spa merkezlerinde kullan\u0131lan \u0131s\u0131tmal\u0131 mermer ta\u015f yatak, sadece estetik de\u011fil, ayn\u0131<\/p>","protected":false},"featured_media":18114,"template":"","meta":[],"product_cat":[765,768],"product_tag":[],"class_list":{"0":"post-18113","1":"product","2":"type-product","3":"status-publish","4":"has-post-thumbnail","6":"product_cat-dinlenme-ve-oturma-gruplari","7":"product_cat-isitmali-tas-yataklar","9":"first","10":"instock","11":"shipping-taxable","12":"product-type-external"},"yoast_head":"<!-- This site is optimized with the Yoast SEO Premium plugin v23.2 (Yoast SEO v23.2) - https:\/\/yoast.com\/wordpress\/plugins\/seo\/ -->\n<title>Is\u0131tmal\u0131 Mermer Ta\u015f Yatak | Barrsell End\u00fcstri<\/title>\n<meta name=\"description\" content=\"Spa merkezlerinde kullan\u0131lan \u0131s\u0131tmal\u0131 mermer ta\u015f yatak sadece estetik de\u011fil, ayr\u0131ca sa\u011fl\u0131k ve rahatl\u0131k sa\u011flayan \u00fcst\u00fcn teknolojilerle donat\u0131lm\u0131\u015ft\u0131r.\" \/>\n<meta name=\"robots\" content=\"index, follow, max-snippet:-1, max-image-preview:large, max-video-preview:-1\" \/>\n<link rel=\"canonical\" href=\"https:\/\/barrsell.com\/en\/product\/heated-marble-stone-bed\/\" \/>\n<meta property=\"og:locale\" content=\"en_US\" \/>\n<meta property=\"og:type\" content=\"article\" \/>\n<meta property=\"og:title\" content=\"Is\u0131tmal\u0131 Mermer Ta\u015f Yatak\" \/>\n<meta property=\"og:description\" content=\"Spa merkezlerinde kullan\u0131lan \u0131s\u0131tmal\u0131 mermer ta\u015f yatak sadece estetik de\u011fil, ayr\u0131ca sa\u011fl\u0131k ve rahatl\u0131k sa\u011flayan \u00fcst\u00fcn teknolojilerle donat\u0131lm\u0131\u015ft\u0131r.\" \/>\n<meta property=\"og:url\" content=\"https:\/\/barrsell.com\/en\/product\/heated-marble-stone-bed\/\" \/>\n<meta property=\"og:site_name\" content=\"Barrsell\" \/>\n<meta property=\"article:modified_time\" content=\"2024-11-09T07:54:52+00:00\" \/>\n<meta property=\"og:image\" content=\"https:\/\/barrsell.com\/wp-content\/uploads\/2024\/11\/Isitmali-Mermer-Tas-Yatak.png\" \/>\n\t<meta property=\"og:image:width\" content=\"1200\" \/>\n\t<meta property=\"og:image:height\" content=\"1200\" \/>\n\t<meta property=\"og:image:type\" content=\"image\/png\" \/>\n<meta name=\"twitter:card\" content=\"summary_large_image\" \/>\n<meta name=\"twitter:label1\" content=\"Est. reading time\" \/>\n\t<meta name=\"twitter:data1\" content=\"4 minutes\" \/>\n<script type=\"application\/ld+json\" class=\"yoast-schema-graph\">{\"@context\":\"https:\/\/schema.org\",\"@graph\":[{\"@type\":\"WebPage\",\"@id\":\"https:\/\/barrsell.com\/urun\/isitmali-mermer-tas-yatak\/\",\"url\":\"https:\/\/barrsell.com\/urun\/isitmali-mermer-tas-yatak\/\",\"name\":\"Is\u0131tmal\u0131 Mermer Ta\u015f Yatak | Barrsell End\u00fcstri\",\"isPartOf\":{\"@id\":\"https:\/\/barrsell.com\/#website\"},\"primaryImageOfPage\":{\"@id\":\"https:\/\/barrsell.com\/urun\/isitmali-mermer-tas-yatak\/#primaryimage\"},\"image\":{\"@id\":\"https:\/\/barrsell.com\/urun\/isitmali-mermer-tas-yatak\/#primaryimage\"},\"thumbnailUrl\":\"https:\/\/barrsell.com\/wp-content\/uploads\/2024\/11\/Isitmali-Mermer-Tas-Yatak.png\",\"datePublished\":\"2024-11-07T15:34:31+00:00\",\"dateModified\":\"2024-11-09T07:54:52+00:00\",\"description\":\"Spa merkezlerinde kullan\u0131lan \u0131s\u0131tmal\u0131 mermer ta\u015f yatak sadece estetik de\u011fil, ayr\u0131ca sa\u011fl\u0131k ve rahatl\u0131k sa\u011flayan \u00fcst\u00fcn teknolojilerle donat\u0131lm\u0131\u015ft\u0131r.\",\"breadcrumb\":{\"@id\":\"https:\/\/barrsell.com\/urun\/isitmali-mermer-tas-yatak\/#breadcrumb\"},\"inLanguage\":\"en-US\",\"potentialAction\":[{\"@type\":\"ReadAction\",\"target\":[\"https:\/\/barrsell.com\/urun\/isitmali-mermer-tas-yatak\/\"]}]},{\"@type\":\"ImageObject\",\"inLanguage\":\"en-US\",\"@id\":\"https:\/\/barrsell.com\/urun\/isitmali-mermer-tas-yatak\/#primaryimage\",\"url\":\"https:\/\/barrsell.com\/wp-content\/uploads\/2024\/11\/Isitmali-Mermer-Tas-Yatak.png\",\"contentUrl\":\"https:\/\/barrsell.com\/wp-content\/uploads\/2024\/11\/Isitmali-Mermer-Tas-Yatak.png\",\"width\":1200,\"height\":1200,\"caption\":\"Is\u0131tmal\u0131 Mermer Ta\u015f Yatak\"},{\"@type\":\"BreadcrumbList\",\"@id\":\"https:\/\/barrsell.com\/urun\/isitmali-mermer-tas-yatak\/#breadcrumb\",\"itemListElement\":[{\"@type\":\"ListItem\",\"position\":1,\"name\":\"Home\",\"item\":\"https:\/\/barrsell.com\/\"},{\"@type\":\"ListItem\",\"position\":2,\"name\":\"\u00dcr\u00fcnler\",\"item\":\"https:\/\/barrsell.com\/en\/products\/\"},{\"@type\":\"ListItem\",\"position\":3,\"name\":\"Is\u0131tmal\u0131 Mermer Ta\u015f Yatak\"}]},{\"@type\":\"WebSite\",\"@id\":\"https:\/\/barrsell.com\/#website\",\"url\":\"https:\/\/barrsell.com\/\",\"name\":\"Barrsell End\u00fcstri Makine\",\"description\":\"Teknolojiyle G\u00fc\u00e7lenen End\u00fcstriyel \u00c7\u00f6z\u00fcmler!\",\"potentialAction\":[{\"@type\":\"SearchAction\",\"target\":{\"@type\":\"EntryPoint\",\"urlTemplate\":\"https:\/\/barrsell.com\/?s={search_term_string}\"},\"query-input\":\"required name=search_term_string\"}],\"inLanguage\":\"en-US\"}]}<\/script>\n<!-- \/ Yoast SEO Premium plugin. -->","yoast_head_json":{"title":"Is\u0131tmal\u0131 Mermer Ta\u015f Yatak | Barrsell End\u00fcstri","description":"Spa merkezlerinde kullan\u0131lan \u0131s\u0131tmal\u0131 mermer ta\u015f yatak sadece estetik de\u011fil, ayr\u0131ca sa\u011fl\u0131k ve rahatl\u0131k sa\u011flayan \u00fcst\u00fcn teknolojilerle donat\u0131lm\u0131\u015ft\u0131r.","robots":{"index":"index","follow":"follow","max-snippet":"max-snippet:-1","max-image-preview":"max-image-preview:large","max-video-preview":"max-video-preview:-1"},"canonical":"https:\/\/barrsell.com\/en\/product\/heated-marble-stone-bed\/","og_locale":"en_US","og_type":"article","og_title":"Is\u0131tmal\u0131 Mermer Ta\u015f Yatak","og_description":"Spa merkezlerinde kullan\u0131lan \u0131s\u0131tmal\u0131 mermer ta\u015f yatak sadece estetik de\u011fil, ayr\u0131ca sa\u011fl\u0131k ve rahatl\u0131k sa\u011flayan \u00fcst\u00fcn teknolojilerle donat\u0131lm\u0131\u015ft\u0131r.","og_url":"https:\/\/barrsell.com\/en\/product\/heated-marble-stone-bed\/","og_site_name":"Barrsell","article_modified_time":"2024-11-09T07:54:52+00:00","og_image":[{"width":1200,"height":1200,"url":"https:\/\/barrsell.com\/wp-content\/uploads\/2024\/11\/Isitmali-Mermer-Tas-Yatak.png","type":"image\/png"}],"twitter_card":"summary_large_image","twitter_misc":{"Est. reading time":"4 minutes"},"schema":{"@context":"https:\/\/schema.org","@graph":[{"@type":"WebPage","@id":"https:\/\/barrsell.com\/urun\/isitmali-mermer-tas-yatak\/","url":"https:\/\/barrsell.com\/urun\/isitmali-mermer-tas-yatak\/","name":"Is\u0131tmal\u0131 Mermer Ta\u015f Yatak | Barrsell End\u00fcstri","isPartOf":{"@id":"https:\/\/barrsell.com\/#website"},"primaryImageOfPage":{"@id":"https:\/\/barrsell.com\/urun\/isitmali-mermer-tas-yatak\/#primaryimage"},"image":{"@id":"https:\/\/barrsell.com\/urun\/isitmali-mermer-tas-yatak\/#primaryimage"},"thumbnailUrl":"https:\/\/barrsell.com\/wp-content\/uploads\/2024\/11\/Isitmali-Mermer-Tas-Yatak.png","datePublished":"2024-11-07T15:34:31+00:00","dateModified":"2024-11-09T07:54:52+00:00","description":"Spa merkezlerinde kullan\u0131lan \u0131s\u0131tmal\u0131 mermer ta\u015f yatak sadece estetik de\u011fil, ayr\u0131ca sa\u011fl\u0131k ve rahatl\u0131k sa\u011flayan \u00fcst\u00fcn teknolojilerle donat\u0131lm\u0131\u015ft\u0131r.","breadcrumb":{"@id":"https:\/\/barrsell.com\/urun\/isitmali-mermer-tas-yatak\/#breadcrumb"},"inLanguage":"en-US","potentialAction":[{"@type":"ReadAction","target":["https:\/\/barrsell.com\/urun\/isitmali-mermer-tas-yatak\/"]}]},{"@type":"ImageObject","inLanguage":"en-US","@id":"https:\/\/barrsell.com\/urun\/isitmali-mermer-tas-yatak\/#primaryimage","url":"https:\/\/barrsell.com\/wp-content\/uploads\/2024\/11\/Isitmali-Mermer-Tas-Yatak.png","contentUrl":"https:\/\/barrsell.com\/wp-content\/uploads\/2024\/11\/Isitmali-Mermer-Tas-Yatak.png","width":1200,"height":1200,"caption":"Is\u0131tmal\u0131 Mermer Ta\u015f Yatak"},{"@type":"BreadcrumbList","@id":"https:\/\/barrsell.com\/urun\/isitmali-mermer-tas-yatak\/#breadcrumb","itemListElement":[{"@type":"ListItem","position":1,"name":"Home","item":"https:\/\/barrsell.com\/"},{"@type":"ListItem","position":2,"name":"\u00dcr\u00fcnler","item":"https:\/\/barrsell.com\/en\/products\/"},{"@type":"ListItem","position":3,"name":"Is\u0131tmal\u0131 Mermer Ta\u015f Yatak"}]},{"@type":"WebSite","@id":"https:\/\/barrsell.com\/#website","url":"https:\/\/barrsell.com\/","name":"Barrsell End\u00fcstri Makine","description":"Teknolojiyle G\u00fc\u00e7lenen End\u00fcstriyel \u00c7\u00f6z\u00fcmler!","potentialAction":[{"@type":"SearchAction","target":{"@type":"EntryPoint","urlTemplate":"https:\/\/barrsell.com\/?s={search_term_string}"},"query-input":"required name=search_term_string"}],"inLanguage":"en-US"}]}},"_links":{"self":[{"href":"https:\/\/barrsell.com\/en\/wp-json\/wp\/v2\/product\/18113","targetHints":{"allow":["GET"]}}],"collection":[{"href":"https:\/\/barrsell.com\/en\/wp-json\/wp\/v2\/product"}],"about":[{"href":"https:\/\/barrsell.com\/en\/wp-json\/wp\/v2\/types\/product"}],"version-history":[{"count":8,"href":"https:\/\/barrsell.com\/en\/wp-json\/wp\/v2\/product\/18113\/revisions"}],"predecessor-version":[{"id":18185,"href":"https:\/\/barrsell.com\/en\/wp-json\/wp\/v2\/product\/18113\/revisions\/18185"}],"wp:featuredmedia":[{"embeddable":true,"href":"https:\/\/barrsell.com\/en\/wp-json\/wp\/v2\/media\/18114"}],"wp:attachment":[{"href":"https:\/\/barrsell.com\/en\/wp-json\/wp\/v2\/media?parent=18113"}],"wp:term":[{"taxonomy":"product_cat","embeddable":true,"href":"https:\/\/barrsell.com\/en\/wp-json\/wp\/v2\/product_cat?post=18113"},{"taxonomy":"product_tag","embeddable":true,"href":"https:\/\/barrsell.com\/en\/wp-json\/wp\/v2\/product_tag?post=18113"}],"curies":[{"name":"wp","href":"https:\/\/api.w.org\/{rel}","templated":true}]}}