{"id":18102,"date":"2024-11-07T15:04:27","date_gmt":"2024-11-07T15:04:27","guid":{"rendered":"https:\/\/barrsell.com\/?post_type=product&#038;p=18102"},"modified":"2024-11-09T08:50:38","modified_gmt":"2024-11-09T08:50:38","slug":"relaks-dinlenme-yatagi-standart","status":"publish","type":"product","link":"https:\/\/barrsell.com\/en\/product\/relax-rest-bed-standard\/","title":{"rendered":"Relaks Rest Bed Standard"},"content":{"rendered":"<h2><strong>Comfortable Rest Bed Relax Rest Bed Standard Technical Information and Usage Areas<\/strong><\/h2>\n<p class=\" translation-block\">Relaks Rest bed is one of the most preferred relaxation equipment of standard spa centers. It is also specially designed to increase user comfort. These beds are usually <strong>180-200 cm long<\/strong> and <strong>70-80 cm wide<\/strong>. And at the same time, it maximizes the relaxation and rest experience with its ergonomic structures.<\/p>\n<div id=\"attachment_18188\" style=\"width: 1008px\" class=\"wp-caption aligncenter\"><a href=\"https:\/\/barrsell.com\/wp-content\/uploads\/2024\/11\/Relaks-Dinlenme-Yatagi-Standart.jpg\"><img fetchpriority=\"high\" decoding=\"async\" aria-describedby=\"caption-attachment-18188\" class=\"wp-image-18188 size-large\" src=\"https:\/\/barrsell.com\/wp-content\/uploads\/2024\/11\/Relaks-Dinlenme-Yatagi-Standart-998x1024.jpg\" alt=\"\" width=\"998\" height=\"1024\" srcset=\"https:\/\/barrsell.com\/wp-content\/uploads\/2024\/11\/Relaks-Dinlenme-Yatagi-Standart-998x1024.jpg 998w, https:\/\/barrsell.com\/wp-content\/uploads\/2024\/11\/Relaks-Dinlenme-Yatagi-Standart-292x300.jpg 292w, https:\/\/barrsell.com\/wp-content\/uploads\/2024\/11\/Relaks-Dinlenme-Yatagi-Standart-768x788.jpg 768w, https:\/\/barrsell.com\/wp-content\/uploads\/2024\/11\/Relaks-Dinlenme-Yatagi-Standart-1496x1536.jpg 1496w, https:\/\/barrsell.com\/wp-content\/uploads\/2024\/11\/Relaks-Dinlenme-Yatagi-Standart-1995x2048.jpg 1995w, https:\/\/barrsell.com\/wp-content\/uploads\/2024\/11\/Relaks-Dinlenme-Yatagi-Standart-12x12.jpg 12w, https:\/\/barrsell.com\/wp-content\/uploads\/2024\/11\/Relaks-Dinlenme-Yatagi-Standart-1200x1232.jpg 1200w, https:\/\/barrsell.com\/wp-content\/uploads\/2024\/11\/Relaks-Dinlenme-Yatagi-Standart-150x154.jpg 150w, https:\/\/barrsell.com\/wp-content\/uploads\/2024\/11\/Relaks-Dinlenme-Yatagi-Standart-50x50.jpg 50w\" sizes=\"(max-width: 998px) 100vw, 998px\" \/><\/a><p id=\"caption-attachment-18188\" class=\"wp-caption-text\">Relaks Rest Bed Standard<\/p><\/div>\n<h4>Technical Specifications and Dimensions<\/h4>\n<ul>\n<li class=\" translation-block\"><strong>Length<\/strong>: 180 cm to 200 cm provides an ideal lying position. And thus helps users maintain spinal alignment while lying down.<\/li>\n<li class=\" translation-block\"><strong>Width<\/strong>: Ranges between 70-80 cm, offering a comfortable single resting area. This width provides a comfortable position and allows for multiple bed placement in spa centers.<\/li>\n<li class=\" translation-block\"><strong>Height<\/strong>: <a href=\"\/\/wdteknoloji.com\/urunler\/relax-masaj-koltugu\/\u201d\" target=\"\u201c_self\u201d\">Relaks Rest Bed<\/a> Standard, usually 40-50 cm in height, allowing easy getting out of bed.<\/li>\n<li class=\" translation-block\"><strong>Material<\/strong>: Consists of high quality and water resistant coatings. Especially waterproof fabrics and metal or special wooden bases should be preferred for their durability in the spa environment.<\/li>\n<\/ul>\n<h4>Relaks Rest Bed Standard Usage Areas<\/h4>\n<p>\u201cStandard Size Relax Beds are widely used in spa and wellness centers. Thanks to its functional structure, it is preferred by users in different areas.\u201d<\/p>\n<ol>\n<li class=\" translation-block\"><strong>Rest Areas<\/strong>: Provides a comfortable bed used for short-term rest for users leaving areas such as sauna, steam room or Turkish bath.<\/li>\n<li class=\" translation-block\"><strong>Rest After Massage<\/strong>: Provides support in an ideal position for relaxation of the muscles after massage, supports rest with its ergonomic structure that optimizes blood circulation.<\/li>\n<li class=\" translation-block\"><strong>Waiting Areas<\/strong>: Provides a space for spa guests to relax before a treatment or massage.<\/li>\n<li class=\" translation-block\"><strong>Traditional and Modern Spa Centers<\/strong>: It is compatible with decorative features in spa centers with different concepts. It creates a relaxing effect while providing a modern atmosphere.<\/li>\n<\/ol>\n<div id=\"attachment_18199\" style=\"width: 310px\" class=\"wp-caption alignleft\"><a href=\"https:\/\/barrsell.com\/wp-content\/uploads\/2024\/11\/Relaks-Dinlenme-Yatagi-Standart-barrsell.png\"><img decoding=\"async\" aria-describedby=\"caption-attachment-18199\" class=\"size-medium wp-image-18199\" src=\"https:\/\/barrsell.com\/wp-content\/uploads\/2024\/11\/Relaks-Dinlenme-Yatagi-Standart-barrsell-300x300.png\" alt=\"\" width=\"300\" height=\"300\" srcset=\"https:\/\/barrsell.com\/wp-content\/uploads\/2024\/11\/Relaks-Dinlenme-Yatagi-Standart-barrsell-300x300.png 300w, https:\/\/barrsell.com\/wp-content\/uploads\/2024\/11\/Relaks-Dinlenme-Yatagi-Standart-barrsell-1024x1024.png 1024w, https:\/\/barrsell.com\/wp-content\/uploads\/2024\/11\/Relaks-Dinlenme-Yatagi-Standart-barrsell-150x150.png 150w, https:\/\/barrsell.com\/wp-content\/uploads\/2024\/11\/Relaks-Dinlenme-Yatagi-Standart-barrsell-768x768.png 768w, https:\/\/barrsell.com\/wp-content\/uploads\/2024\/11\/Relaks-Dinlenme-Yatagi-Standart-barrsell-12x12.png 12w, https:\/\/barrsell.com\/wp-content\/uploads\/2024\/11\/Relaks-Dinlenme-Yatagi-Standart-barrsell-600x600.png 600w, https:\/\/barrsell.com\/wp-content\/uploads\/2024\/11\/Relaks-Dinlenme-Yatagi-Standart-barrsell-50x50.png 50w, https:\/\/barrsell.com\/wp-content\/uploads\/2024\/11\/Relaks-Dinlenme-Yatagi-Standart-barrsell-100x100.png 100w, https:\/\/barrsell.com\/wp-content\/uploads\/2024\/11\/Relaks-Dinlenme-Yatagi-Standart-barrsell.png 1200w\" sizes=\"(max-width: 300px) 100vw, 300px\" \/><\/a><p id=\"caption-attachment-18199\" class=\"wp-caption-text\">Relaks Dinlenme Yata\u011f\u0131 Standart-barrsell<\/p><\/div>\n<h4><\/h4>\n<h4><\/h4>\n<h4>Comfortable Rest Bed Advantages and Ergonomic Features<\/h4>\n<ul>\n<li class=\" translation-block\"><strong>Compact Structure<\/strong>: Thanks to its standard dimensions, the Relaxation and Rest Bed does not take up much space and saves space in spa centers.<\/li>\n<li class=\" translation-block\"><strong>Comfort Focused<\/strong>: With its ergonomic design, it supports the back, waist and neck areas. Thus, it allows users to rest in a comfortable position for a long time.<\/li>\n<li class=\" translation-block\"><strong>Aesthetic and Stylish Design<\/strong>: It offers aesthetic designs that harmonize with the general atmosphere of spa centers. It gives a harmonious look to spa areas with modern textures and soft color tones.<\/li>\n<\/ul>\n<p>&nbsp;<\/p>\n<p class=\" translation-block\"><strong>Standard Size Relax Beds<\/strong> are an indispensable element of spa centers that combine comfort and ergonomics. It improves the user experience by complementing the space with its aesthetic appearance. At the same time, it is preferred by spa businesses with its long-lasting and durable structure.<\/p>","protected":false},"excerpt":{"rendered":"<p>Konforlu Dinlenme Yata\u011f\u0131 Relaks Dinlenme yata\u011f\u0131 Standart Teknik Bilgiler ve Kullan\u0131m Alanlar\u0131 Relaks Dinlenme yata\u011f\u0131 Standart spa merkezlerinin en \u00e7ok<\/p>","protected":false},"featured_media":18105,"template":"","meta":[],"product_cat":[765,767],"product_tag":[],"class_list":{"0":"post-18102","1":"product","2":"type-product","3":"status-publish","4":"has-post-thumbnail","6":"product_cat-dinlenme-ve-oturma-gruplari","7":"product_cat-dinlenme-yataklari","9":"first","10":"instock","11":"shipping-taxable","12":"product-type-external"},"yoast_head":"<!-- This site is optimized with the Yoast SEO Premium plugin v23.2 (Yoast SEO v23.2) - https:\/\/yoast.com\/wordpress\/plugins\/seo\/ -->\n<title>Relaks Dinlenme Yata\u011f\u0131 Standart | Barrsell End\u00fcstri<\/title>\n<meta name=\"description\" content=\"Relaks Dinlenme yata\u011f\u0131 Standart, \u00f6zellikle spa merkezlerinin en \u00e7ok tercih edilen \u00f6zel ve rahat dinlenme ekipmanlar\u0131ndan biridir.\" \/>\n<meta name=\"robots\" content=\"index, follow, max-snippet:-1, max-image-preview:large, max-video-preview:-1\" \/>\n<link rel=\"canonical\" href=\"https:\/\/barrsell.com\/en\/product\/relax-rest-bed-standard\/\" \/>\n<meta property=\"og:locale\" content=\"en_US\" \/>\n<meta property=\"og:type\" content=\"article\" \/>\n<meta property=\"og:title\" content=\"Relaks Dinlenme Yata\u011f\u0131 Standart\" \/>\n<meta property=\"og:description\" content=\"Relaks Dinlenme yata\u011f\u0131 Standart, \u00f6zellikle spa merkezlerinin en \u00e7ok tercih edilen \u00f6zel ve rahat dinlenme ekipmanlar\u0131ndan biridir.\" \/>\n<meta property=\"og:url\" content=\"https:\/\/barrsell.com\/en\/product\/relax-rest-bed-standard\/\" \/>\n<meta property=\"og:site_name\" content=\"Barrsell\" \/>\n<meta property=\"article:modified_time\" content=\"2024-11-09T08:50:38+00:00\" \/>\n<meta property=\"og:image\" content=\"https:\/\/barrsell.com\/wp-content\/uploads\/2024\/11\/Relaks-Dinlenme-yatagi-standart.png\" \/>\n\t<meta property=\"og:image:width\" content=\"1200\" \/>\n\t<meta property=\"og:image:height\" content=\"1200\" \/>\n\t<meta property=\"og:image:type\" content=\"image\/png\" \/>\n<meta name=\"twitter:card\" content=\"summary_large_image\" \/>\n<meta name=\"twitter:label1\" content=\"Est. reading time\" \/>\n\t<meta name=\"twitter:data1\" content=\"3 minutes\" \/>\n<script type=\"application\/ld+json\" class=\"yoast-schema-graph\">{\"@context\":\"https:\/\/schema.org\",\"@graph\":[{\"@type\":\"WebPage\",\"@id\":\"https:\/\/barrsell.com\/urun\/relaks-dinlenme-yatagi-standart\/\",\"url\":\"https:\/\/barrsell.com\/urun\/relaks-dinlenme-yatagi-standart\/\",\"name\":\"Relaks Dinlenme Yata\u011f\u0131 Standart | Barrsell End\u00fcstri\",\"isPartOf\":{\"@id\":\"https:\/\/barrsell.com\/#website\"},\"primaryImageOfPage\":{\"@id\":\"https:\/\/barrsell.com\/urun\/relaks-dinlenme-yatagi-standart\/#primaryimage\"},\"image\":{\"@id\":\"https:\/\/barrsell.com\/urun\/relaks-dinlenme-yatagi-standart\/#primaryimage\"},\"thumbnailUrl\":\"https:\/\/barrsell.com\/wp-content\/uploads\/2024\/11\/Relaks-Dinlenme-yatagi-standart.png\",\"datePublished\":\"2024-11-07T15:04:27+00:00\",\"dateModified\":\"2024-11-09T08:50:38+00:00\",\"description\":\"Relaks Dinlenme yata\u011f\u0131 Standart, \u00f6zellikle spa merkezlerinin en \u00e7ok tercih edilen \u00f6zel ve rahat dinlenme ekipmanlar\u0131ndan biridir.\",\"breadcrumb\":{\"@id\":\"https:\/\/barrsell.com\/urun\/relaks-dinlenme-yatagi-standart\/#breadcrumb\"},\"inLanguage\":\"en-US\",\"potentialAction\":[{\"@type\":\"ReadAction\",\"target\":[\"https:\/\/barrsell.com\/urun\/relaks-dinlenme-yatagi-standart\/\"]}]},{\"@type\":\"ImageObject\",\"inLanguage\":\"en-US\",\"@id\":\"https:\/\/barrsell.com\/urun\/relaks-dinlenme-yatagi-standart\/#primaryimage\",\"url\":\"https:\/\/barrsell.com\/wp-content\/uploads\/2024\/11\/Relaks-Dinlenme-yatagi-standart.png\",\"contentUrl\":\"https:\/\/barrsell.com\/wp-content\/uploads\/2024\/11\/Relaks-Dinlenme-yatagi-standart.png\",\"width\":1200,\"height\":1200,\"caption\":\"Relaks Dinlenme yata\u011f\u0131 standart\"},{\"@type\":\"BreadcrumbList\",\"@id\":\"https:\/\/barrsell.com\/urun\/relaks-dinlenme-yatagi-standart\/#breadcrumb\",\"itemListElement\":[{\"@type\":\"ListItem\",\"position\":1,\"name\":\"Home\",\"item\":\"https:\/\/barrsell.com\/\"},{\"@type\":\"ListItem\",\"position\":2,\"name\":\"\u00dcr\u00fcnler\",\"item\":\"https:\/\/barrsell.com\/en\/products\/\"},{\"@type\":\"ListItem\",\"position\":3,\"name\":\"Relaks Dinlenme Yata\u011f\u0131 Standart\"}]},{\"@type\":\"WebSite\",\"@id\":\"https:\/\/barrsell.com\/#website\",\"url\":\"https:\/\/barrsell.com\/\",\"name\":\"Barrsell End\u00fcstri Makine\",\"description\":\"Teknolojiyle G\u00fc\u00e7lenen End\u00fcstriyel \u00c7\u00f6z\u00fcmler!\",\"potentialAction\":[{\"@type\":\"SearchAction\",\"target\":{\"@type\":\"EntryPoint\",\"urlTemplate\":\"https:\/\/barrsell.com\/?s={search_term_string}\"},\"query-input\":\"required name=search_term_string\"}],\"inLanguage\":\"en-US\"}]}<\/script>\n<!-- \/ Yoast SEO Premium plugin. -->","yoast_head_json":{"title":"Relaks Dinlenme Yata\u011f\u0131 Standart | Barrsell End\u00fcstri","description":"Relaks Dinlenme yata\u011f\u0131 Standart, \u00f6zellikle spa merkezlerinin en \u00e7ok tercih edilen \u00f6zel ve rahat dinlenme ekipmanlar\u0131ndan biridir.","robots":{"index":"index","follow":"follow","max-snippet":"max-snippet:-1","max-image-preview":"max-image-preview:large","max-video-preview":"max-video-preview:-1"},"canonical":"https:\/\/barrsell.com\/en\/product\/relax-rest-bed-standard\/","og_locale":"en_US","og_type":"article","og_title":"Relaks Dinlenme Yata\u011f\u0131 Standart","og_description":"Relaks Dinlenme yata\u011f\u0131 Standart, \u00f6zellikle spa merkezlerinin en \u00e7ok tercih edilen \u00f6zel ve rahat dinlenme ekipmanlar\u0131ndan biridir.","og_url":"https:\/\/barrsell.com\/en\/product\/relax-rest-bed-standard\/","og_site_name":"Barrsell","article_modified_time":"2024-11-09T08:50:38+00:00","og_image":[{"width":1200,"height":1200,"url":"https:\/\/barrsell.com\/wp-content\/uploads\/2024\/11\/Relaks-Dinlenme-yatagi-standart.png","type":"image\/png"}],"twitter_card":"summary_large_image","twitter_misc":{"Est. reading time":"3 minutes"},"schema":{"@context":"https:\/\/schema.org","@graph":[{"@type":"WebPage","@id":"https:\/\/barrsell.com\/urun\/relaks-dinlenme-yatagi-standart\/","url":"https:\/\/barrsell.com\/urun\/relaks-dinlenme-yatagi-standart\/","name":"Relaks Dinlenme Yata\u011f\u0131 Standart | Barrsell End\u00fcstri","isPartOf":{"@id":"https:\/\/barrsell.com\/#website"},"primaryImageOfPage":{"@id":"https:\/\/barrsell.com\/urun\/relaks-dinlenme-yatagi-standart\/#primaryimage"},"image":{"@id":"https:\/\/barrsell.com\/urun\/relaks-dinlenme-yatagi-standart\/#primaryimage"},"thumbnailUrl":"https:\/\/barrsell.com\/wp-content\/uploads\/2024\/11\/Relaks-Dinlenme-yatagi-standart.png","datePublished":"2024-11-07T15:04:27+00:00","dateModified":"2024-11-09T08:50:38+00:00","description":"Relaks Dinlenme yata\u011f\u0131 Standart, \u00f6zellikle spa merkezlerinin en \u00e7ok tercih edilen \u00f6zel ve rahat dinlenme ekipmanlar\u0131ndan biridir.","breadcrumb":{"@id":"https:\/\/barrsell.com\/urun\/relaks-dinlenme-yatagi-standart\/#breadcrumb"},"inLanguage":"en-US","potentialAction":[{"@type":"ReadAction","target":["https:\/\/barrsell.com\/urun\/relaks-dinlenme-yatagi-standart\/"]}]},{"@type":"ImageObject","inLanguage":"en-US","@id":"https:\/\/barrsell.com\/urun\/relaks-dinlenme-yatagi-standart\/#primaryimage","url":"https:\/\/barrsell.com\/wp-content\/uploads\/2024\/11\/Relaks-Dinlenme-yatagi-standart.png","contentUrl":"https:\/\/barrsell.com\/wp-content\/uploads\/2024\/11\/Relaks-Dinlenme-yatagi-standart.png","width":1200,"height":1200,"caption":"Relaks Dinlenme yata\u011f\u0131 standart"},{"@type":"BreadcrumbList","@id":"https:\/\/barrsell.com\/urun\/relaks-dinlenme-yatagi-standart\/#breadcrumb","itemListElement":[{"@type":"ListItem","position":1,"name":"Home","item":"https:\/\/barrsell.com\/"},{"@type":"ListItem","position":2,"name":"\u00dcr\u00fcnler","item":"https:\/\/barrsell.com\/en\/products\/"},{"@type":"ListItem","position":3,"name":"Relaks Dinlenme Yata\u011f\u0131 Standart"}]},{"@type":"WebSite","@id":"https:\/\/barrsell.com\/#website","url":"https:\/\/barrsell.com\/","name":"Barrsell End\u00fcstri Makine","description":"Teknolojiyle G\u00fc\u00e7lenen End\u00fcstriyel \u00c7\u00f6z\u00fcmler!","potentialAction":[{"@type":"SearchAction","target":{"@type":"EntryPoint","urlTemplate":"https:\/\/barrsell.com\/?s={search_term_string}"},"query-input":"required name=search_term_string"}],"inLanguage":"en-US"}]}},"_links":{"self":[{"href":"https:\/\/barrsell.com\/en\/wp-json\/wp\/v2\/product\/18102","targetHints":{"allow":["GET"]}}],"collection":[{"href":"https:\/\/barrsell.com\/en\/wp-json\/wp\/v2\/product"}],"about":[{"href":"https:\/\/barrsell.com\/en\/wp-json\/wp\/v2\/types\/product"}],"version-history":[{"count":12,"href":"https:\/\/barrsell.com\/en\/wp-json\/wp\/v2\/product\/18102\/revisions"}],"predecessor-version":[{"id":18201,"href":"https:\/\/barrsell.com\/en\/wp-json\/wp\/v2\/product\/18102\/revisions\/18201"}],"wp:featuredmedia":[{"embeddable":true,"href":"https:\/\/barrsell.com\/en\/wp-json\/wp\/v2\/media\/18105"}],"wp:attachment":[{"href":"https:\/\/barrsell.com\/en\/wp-json\/wp\/v2\/media?parent=18102"}],"wp:term":[{"taxonomy":"product_cat","embeddable":true,"href":"https:\/\/barrsell.com\/en\/wp-json\/wp\/v2\/product_cat?post=18102"},{"taxonomy":"product_tag","embeddable":true,"href":"https:\/\/barrsell.com\/en\/wp-json\/wp\/v2\/product_tag?post=18102"}],"curies":[{"name":"wp","href":"https:\/\/api.w.org\/{rel}","templated":true}]}}