{"id":18028,"date":"2024-11-04T08:37:45","date_gmt":"2024-11-04T08:37:45","guid":{"rendered":"https:\/\/barrsell.com\/?post_type=product&#038;p=18028"},"modified":"2024-11-23T13:11:00","modified_gmt":"2024-11-23T13:11:00","slug":"condair-temizlenebilir-silindir-d674","status":"publish","type":"product","link":"https:\/\/barrsell.com\/en\/product\/condair-cleanable-cylinder-d674\/","title":{"rendered":"Condair Cleanable Cylinder D674"},"content":{"rendered":"<h2><strong>Condair Cleanable Cylinder D674 Spare Part<\/strong><\/h2>\n<p>Condair cleanable cylinder D674 is a spare part specially designed for steam humidification systems. It is especially designed to provide the highest performance in industrial and commercial humidification systems with intensive use. Thus, this cylinder offers an economical solution by reducing maintenance and spare parts costs for users. <strong>D674<\/strong> silindir, <em>Condair nemlendirici<\/em> cihazlar\u0131nda sorunsuz entegrasyon sa\u011flar.<\/p>\n<div class=\"accordion__section-body custom-rte\">\n<table style=\"height: 99px;\" width=\"281\">\n<tbody>\n<tr>\n<th style=\"text-align: left;\">Width<\/th>\n<td style=\"text-align: left;\">32 cm<\/td>\n<\/tr>\n<tr>\n<th style=\"text-align: left;\">Height<\/th>\n<td>\u00a050  cm<\/td>\n<\/tr>\n<tr>\n<th style=\"text-align: left;\">Weight<\/th>\n<td style=\"text-align: left;\">4.340 g<\/td>\n<\/tr>\n<\/tbody>\n<\/table>\n<\/div>\n<h4>Condair cylinder D674 Specifications<\/h4>\n<p>You can easily clean the D674 cylinder by disassembling it. This feature offers a great advantage to businesses by reducing the frequency of spare parts replacement. This extends the performance and lifetime of the device. It also prevents the need for costly spare parts.<\/p>\n<div id=\"attachment_18293\" style=\"width: 310px\" class=\"wp-caption alignleft\"><a href=\"https:\/\/barrsell.com\/wp-content\/uploads\/2024\/11\/Condair-temizlenebilir-Silindir-D674-3.png\"><img fetchpriority=\"high\" decoding=\"async\" aria-describedby=\"caption-attachment-18293\" class=\"size-medium wp-image-18293\" src=\"https:\/\/barrsell.com\/wp-content\/uploads\/2024\/11\/Condair-temizlenebilir-Silindir-D674-3-300x300.png\" alt=\"\" width=\"300\" height=\"300\" srcset=\"https:\/\/barrsell.com\/wp-content\/uploads\/2024\/11\/Condair-temizlenebilir-Silindir-D674-3-300x300.png 300w, https:\/\/barrsell.com\/wp-content\/uploads\/2024\/11\/Condair-temizlenebilir-Silindir-D674-3-1024x1024.png 1024w, https:\/\/barrsell.com\/wp-content\/uploads\/2024\/11\/Condair-temizlenebilir-Silindir-D674-3-150x150.png 150w, https:\/\/barrsell.com\/wp-content\/uploads\/2024\/11\/Condair-temizlenebilir-Silindir-D674-3-768x768.png 768w, https:\/\/barrsell.com\/wp-content\/uploads\/2024\/11\/Condair-temizlenebilir-Silindir-D674-3-12x12.png 12w, https:\/\/barrsell.com\/wp-content\/uploads\/2024\/11\/Condair-temizlenebilir-Silindir-D674-3-600x600.png 600w, https:\/\/barrsell.com\/wp-content\/uploads\/2024\/11\/Condair-temizlenebilir-Silindir-D674-3-50x50.png 50w, https:\/\/barrsell.com\/wp-content\/uploads\/2024\/11\/Condair-temizlenebilir-Silindir-D674-3-100x100.png 100w, https:\/\/barrsell.com\/wp-content\/uploads\/2024\/11\/Condair-temizlenebilir-Silindir-D674-3.png 1200w\" sizes=\"(max-width: 300px) 100vw, 300px\" \/><\/a><p id=\"caption-attachment-18293\" class=\"wp-caption-text\">Condair cleanable Cylinder D674<\/p><\/div>\n<p><strong>High Steam Efficiency:<\/strong><\/p>\n<p>The D674 ensures high-quality steam production in humidification systems, maximizing the efficiency of the device. Furthermore, this spare part provides the stable steam flow that humidification systems need. And it also precisely balances the humidity level. High steam efficiency optimizes energy consumption and reduces operating costs.<\/p>\n<p><strong>Long Lasting and Durable Material:<\/strong><\/p>\n<p>Condair cylinder D674 is made of a high-quality alloy, which ensures long-lasting durability even in humid and high-temperature environments. In addition, this material resists corrosion and abrasion, making it ideal for environments that require intensive use.<\/p>\n<div id=\"attachment_18300\" style=\"width: 310px\" class=\"wp-caption alignright\"><a href=\"https:\/\/barrsell.com\/wp-content\/uploads\/2024\/11\/Condair-silindir-D674.png\"><img decoding=\"async\" aria-describedby=\"caption-attachment-18300\" class=\"size-medium wp-image-18300\" src=\"https:\/\/barrsell.com\/wp-content\/uploads\/2024\/11\/Condair-silindir-D674-300x300.png\" alt=\"\" width=\"300\" height=\"300\" srcset=\"https:\/\/barrsell.com\/wp-content\/uploads\/2024\/11\/Condair-silindir-D674-300x300.png 300w, https:\/\/barrsell.com\/wp-content\/uploads\/2024\/11\/Condair-silindir-D674-1024x1024.png 1024w, https:\/\/barrsell.com\/wp-content\/uploads\/2024\/11\/Condair-silindir-D674-150x150.png 150w, https:\/\/barrsell.com\/wp-content\/uploads\/2024\/11\/Condair-silindir-D674-768x768.png 768w, https:\/\/barrsell.com\/wp-content\/uploads\/2024\/11\/Condair-silindir-D674-12x12.png 12w, https:\/\/barrsell.com\/wp-content\/uploads\/2024\/11\/Condair-silindir-D674-600x600.png 600w, https:\/\/barrsell.com\/wp-content\/uploads\/2024\/11\/Condair-silindir-D674-50x50.png 50w, https:\/\/barrsell.com\/wp-content\/uploads\/2024\/11\/Condair-silindir-D674-100x100.png 100w, https:\/\/barrsell.com\/wp-content\/uploads\/2024\/11\/Condair-silindir-D674.png 1200w\" sizes=\"(max-width: 300px) 100vw, 300px\" \/><\/a><p id=\"caption-attachment-18300\" class=\"wp-caption-text\">Condair cylinder D674<\/p><\/div>\n<p><strong>Compatible with Condair Systems:<\/strong><\/p>\n<p class=\" translation-block\">The D674 is designed to be compatible with Condair's <a href=\"\/\/wdteknoloji.com\/kategori\/hygromatik-nemlendirici-urunler\/\u201d\" target=\"\u201c_self\u201d\">steam humidifiers<\/a>. This makes it easy for both new installations and integration into existing systems. With its standard ports and compact design, installation is quick and easy.<\/p>\n<div class=\"mceTemp\">\n<p class=\" translation-block\"><strong>Environmentally Friendly and Economical Solution:<\/strong><em><strong>D674<\/strong><\/em> creates less waste than disposable products. In addition, it offers an economical solution by reducing operating costs thanks to its energy efficiency and low maintenance requirements.<\/p>\n<h4>Condair cylinder D674, Technical Data<\/h4>\n<table class=\"alignleft\">\n<thead>\n<tr>\n<th><strong>Feature<\/strong><\/th>\n<th><strong>Details<\/strong><\/th>\n<\/tr>\n<\/thead>\n<tbody>\n<tr>\n<td><strong>Material<\/strong><\/td>\n<td>Corrosion resistant, high quality alloy<\/td>\n<\/tr>\n<tr>\n<td><strong>Steam Efficiency<\/strong><\/td>\n<td>High efficiency steam generation<\/td>\n<\/tr>\n<tr>\n<td><strong>Maintenance Feature<\/strong><\/td>\n<td>Easily cleanable and reusable<\/td>\n<\/tr>\n<tr>\n<td><strong>Compatibility<\/strong><\/td>\n<td>Full compatibility with Condair steam humidifiers<\/td>\n<\/tr>\n<tr>\n<td><strong>Operating Temperature Range<\/strong><\/td>\n<td>5\u00b0C ila 60\u00b0C<\/td>\n<\/tr>\n<tr>\n<td><strong>Corrosion Resistance<\/strong><\/td>\n<td>Resistant to high, humid environments<\/td>\n<\/tr>\n<tr>\n<td><strong>Assembly and Integration<\/strong><\/td>\n<td>Easy installation, standard connection compatibility<\/td>\n<\/tr>\n<tr>\n<td><strong>Maintenance Requirement<\/strong><\/td>\n<td>Low, long-lasting performance<\/td>\n<\/tr>\n<\/tbody>\n<\/table>\n<\/div>","protected":false},"excerpt":{"rendered":"<h4 class=\"accordion__section-title js-accordion-trigger\">Compatible Humidifier Models<\/h4>\n<div class=\"accordion__section-body custom-rte\">\n<p><strong>Condair RS Series<\/strong> RS-OC 20, RS-OC 45, RS-OC 65<br \/>\n<strong>Condair EL Series<\/strong> EL20, EL40, EL80<br \/>\n<strong>Condair GS Series<\/strong> GS 10, GS 20, GS 30<br \/>\n<strong>Condair SE Serisi:<\/strong> SE 25, SE 50<br \/>\n<strong>Condair AE Series<\/strong> AE 15, AE 30<\/p>\n<\/div>","protected":false},"featured_media":18029,"template":"","meta":[],"product_cat":[148],"product_tag":[],"class_list":{"0":"post-18028","1":"product","2":"type-product","3":"status-publish","4":"has-post-thumbnail","6":"product_cat-nordmann-condair-yedek-parcalari","8":"first","9":"instock","10":"shipping-taxable","11":"product-type-external"},"yoast_head":"<!-- This site is optimized with the Yoast SEO Premium plugin v23.2 (Yoast SEO v23.2) - https:\/\/yoast.com\/wordpress\/plugins\/seo\/ -->\n<title>Condair Temizlenebilir Silindir D674 | Barrsell End\u00fcstri<\/title>\n<meta name=\"description\" content=\"Condair temizlenebilir silindir D674, buharl\u0131 nemlendirme sistemleri i\u00e7in \u00f6zel olarak tasarlanm\u0131\u015f bir yedek par\u00e7ad\u0131r. Kolay temizlenebilir tasar\u0131m.\" \/>\n<meta name=\"robots\" content=\"index, follow, max-snippet:-1, max-image-preview:large, max-video-preview:-1\" \/>\n<link rel=\"canonical\" href=\"https:\/\/barrsell.com\/en\/product\/condair-cleanable-cylinder-d674\/\" \/>\n<meta property=\"og:locale\" content=\"en_US\" \/>\n<meta property=\"og:type\" content=\"article\" \/>\n<meta property=\"og:title\" content=\"Condair Temizlenebilir Silindir D674\" \/>\n<meta property=\"og:description\" content=\"Condair temizlenebilir silindir D674, buharl\u0131 nemlendirme sistemleri i\u00e7in \u00f6zel olarak tasarlanm\u0131\u015f bir yedek par\u00e7ad\u0131r. Kolay temizlenebilir tasar\u0131m.\" \/>\n<meta property=\"og:url\" content=\"https:\/\/barrsell.com\/en\/product\/condair-cleanable-cylinder-d674\/\" \/>\n<meta property=\"og:site_name\" content=\"Barrsell\" \/>\n<meta property=\"article:modified_time\" content=\"2024-11-23T13:11:00+00:00\" \/>\n<meta property=\"og:image\" content=\"https:\/\/barrsell.com\/wp-content\/uploads\/2024\/11\/Condair-temizlenebilir-Silindir-D674.png\" \/>\n\t<meta property=\"og:image:width\" content=\"1200\" \/>\n\t<meta property=\"og:image:height\" content=\"1200\" \/>\n\t<meta property=\"og:image:type\" content=\"image\/png\" \/>\n<meta name=\"twitter:card\" content=\"summary_large_image\" \/>\n<meta name=\"twitter:label1\" content=\"Est. reading time\" \/>\n\t<meta name=\"twitter:data1\" content=\"3 minutes\" \/>\n<script type=\"application\/ld+json\" class=\"yoast-schema-graph\">{\"@context\":\"https:\/\/schema.org\",\"@graph\":[{\"@type\":\"WebPage\",\"@id\":\"https:\/\/barrsell.com\/urun\/condair-temizlenebilir-silindir-d674\/\",\"url\":\"https:\/\/barrsell.com\/urun\/condair-temizlenebilir-silindir-d674\/\",\"name\":\"Condair Temizlenebilir Silindir D674 | Barrsell End\u00fcstri\",\"isPartOf\":{\"@id\":\"https:\/\/barrsell.com\/#website\"},\"primaryImageOfPage\":{\"@id\":\"https:\/\/barrsell.com\/urun\/condair-temizlenebilir-silindir-d674\/#primaryimage\"},\"image\":{\"@id\":\"https:\/\/barrsell.com\/urun\/condair-temizlenebilir-silindir-d674\/#primaryimage\"},\"thumbnailUrl\":\"https:\/\/barrsell.com\/wp-content\/uploads\/2024\/11\/Condair-temizlenebilir-Silindir-D674.png\",\"datePublished\":\"2024-11-04T08:37:45+00:00\",\"dateModified\":\"2024-11-23T13:11:00+00:00\",\"description\":\"Condair temizlenebilir silindir D674, buharl\u0131 nemlendirme sistemleri i\u00e7in \u00f6zel olarak tasarlanm\u0131\u015f bir yedek par\u00e7ad\u0131r. Kolay temizlenebilir tasar\u0131m.\",\"breadcrumb\":{\"@id\":\"https:\/\/barrsell.com\/urun\/condair-temizlenebilir-silindir-d674\/#breadcrumb\"},\"inLanguage\":\"en-US\",\"potentialAction\":[{\"@type\":\"ReadAction\",\"target\":[\"https:\/\/barrsell.com\/urun\/condair-temizlenebilir-silindir-d674\/\"]}]},{\"@type\":\"ImageObject\",\"inLanguage\":\"en-US\",\"@id\":\"https:\/\/barrsell.com\/urun\/condair-temizlenebilir-silindir-d674\/#primaryimage\",\"url\":\"https:\/\/barrsell.com\/wp-content\/uploads\/2024\/11\/Condair-temizlenebilir-Silindir-D674.png\",\"contentUrl\":\"https:\/\/barrsell.com\/wp-content\/uploads\/2024\/11\/Condair-temizlenebilir-Silindir-D674.png\",\"width\":1200,\"height\":1200,\"caption\":\"Condair temizlenebilir Silindir D674\"},{\"@type\":\"BreadcrumbList\",\"@id\":\"https:\/\/barrsell.com\/urun\/condair-temizlenebilir-silindir-d674\/#breadcrumb\",\"itemListElement\":[{\"@type\":\"ListItem\",\"position\":1,\"name\":\"Home\",\"item\":\"https:\/\/barrsell.com\/\"},{\"@type\":\"ListItem\",\"position\":2,\"name\":\"\u00dcr\u00fcnler\",\"item\":\"https:\/\/barrsell.com\/en\/products\/\"},{\"@type\":\"ListItem\",\"position\":3,\"name\":\"Condair Temizlenebilir Silindir D674\"}]},{\"@type\":\"WebSite\",\"@id\":\"https:\/\/barrsell.com\/#website\",\"url\":\"https:\/\/barrsell.com\/\",\"name\":\"Barrsell End\u00fcstri Makine\",\"description\":\"Teknolojiyle G\u00fc\u00e7lenen End\u00fcstriyel \u00c7\u00f6z\u00fcmler!\",\"potentialAction\":[{\"@type\":\"SearchAction\",\"target\":{\"@type\":\"EntryPoint\",\"urlTemplate\":\"https:\/\/barrsell.com\/?s={search_term_string}\"},\"query-input\":\"required name=search_term_string\"}],\"inLanguage\":\"en-US\"}]}<\/script>\n<!-- \/ Yoast SEO Premium plugin. -->","yoast_head_json":{"title":"Condair Temizlenebilir Silindir D674 | Barrsell End\u00fcstri","description":"Condair temizlenebilir silindir D674, buharl\u0131 nemlendirme sistemleri i\u00e7in \u00f6zel olarak tasarlanm\u0131\u015f bir yedek par\u00e7ad\u0131r. Kolay temizlenebilir tasar\u0131m.","robots":{"index":"index","follow":"follow","max-snippet":"max-snippet:-1","max-image-preview":"max-image-preview:large","max-video-preview":"max-video-preview:-1"},"canonical":"https:\/\/barrsell.com\/en\/product\/condair-cleanable-cylinder-d674\/","og_locale":"en_US","og_type":"article","og_title":"Condair Temizlenebilir Silindir D674","og_description":"Condair temizlenebilir silindir D674, buharl\u0131 nemlendirme sistemleri i\u00e7in \u00f6zel olarak tasarlanm\u0131\u015f bir yedek par\u00e7ad\u0131r. Kolay temizlenebilir tasar\u0131m.","og_url":"https:\/\/barrsell.com\/en\/product\/condair-cleanable-cylinder-d674\/","og_site_name":"Barrsell","article_modified_time":"2024-11-23T13:11:00+00:00","og_image":[{"width":1200,"height":1200,"url":"https:\/\/barrsell.com\/wp-content\/uploads\/2024\/11\/Condair-temizlenebilir-Silindir-D674.png","type":"image\/png"}],"twitter_card":"summary_large_image","twitter_misc":{"Est. reading time":"3 minutes"},"schema":{"@context":"https:\/\/schema.org","@graph":[{"@type":"WebPage","@id":"https:\/\/barrsell.com\/urun\/condair-temizlenebilir-silindir-d674\/","url":"https:\/\/barrsell.com\/urun\/condair-temizlenebilir-silindir-d674\/","name":"Condair Temizlenebilir Silindir D674 | Barrsell End\u00fcstri","isPartOf":{"@id":"https:\/\/barrsell.com\/#website"},"primaryImageOfPage":{"@id":"https:\/\/barrsell.com\/urun\/condair-temizlenebilir-silindir-d674\/#primaryimage"},"image":{"@id":"https:\/\/barrsell.com\/urun\/condair-temizlenebilir-silindir-d674\/#primaryimage"},"thumbnailUrl":"https:\/\/barrsell.com\/wp-content\/uploads\/2024\/11\/Condair-temizlenebilir-Silindir-D674.png","datePublished":"2024-11-04T08:37:45+00:00","dateModified":"2024-11-23T13:11:00+00:00","description":"Condair temizlenebilir silindir D674, buharl\u0131 nemlendirme sistemleri i\u00e7in \u00f6zel olarak tasarlanm\u0131\u015f bir yedek par\u00e7ad\u0131r. Kolay temizlenebilir tasar\u0131m.","breadcrumb":{"@id":"https:\/\/barrsell.com\/urun\/condair-temizlenebilir-silindir-d674\/#breadcrumb"},"inLanguage":"en-US","potentialAction":[{"@type":"ReadAction","target":["https:\/\/barrsell.com\/urun\/condair-temizlenebilir-silindir-d674\/"]}]},{"@type":"ImageObject","inLanguage":"en-US","@id":"https:\/\/barrsell.com\/urun\/condair-temizlenebilir-silindir-d674\/#primaryimage","url":"https:\/\/barrsell.com\/wp-content\/uploads\/2024\/11\/Condair-temizlenebilir-Silindir-D674.png","contentUrl":"https:\/\/barrsell.com\/wp-content\/uploads\/2024\/11\/Condair-temizlenebilir-Silindir-D674.png","width":1200,"height":1200,"caption":"Condair temizlenebilir Silindir D674"},{"@type":"BreadcrumbList","@id":"https:\/\/barrsell.com\/urun\/condair-temizlenebilir-silindir-d674\/#breadcrumb","itemListElement":[{"@type":"ListItem","position":1,"name":"Home","item":"https:\/\/barrsell.com\/"},{"@type":"ListItem","position":2,"name":"\u00dcr\u00fcnler","item":"https:\/\/barrsell.com\/en\/products\/"},{"@type":"ListItem","position":3,"name":"Condair Temizlenebilir Silindir D674"}]},{"@type":"WebSite","@id":"https:\/\/barrsell.com\/#website","url":"https:\/\/barrsell.com\/","name":"Barrsell End\u00fcstri Makine","description":"Teknolojiyle G\u00fc\u00e7lenen End\u00fcstriyel \u00c7\u00f6z\u00fcmler!","potentialAction":[{"@type":"SearchAction","target":{"@type":"EntryPoint","urlTemplate":"https:\/\/barrsell.com\/?s={search_term_string}"},"query-input":"required name=search_term_string"}],"inLanguage":"en-US"}]}},"_links":{"self":[{"href":"https:\/\/barrsell.com\/en\/wp-json\/wp\/v2\/product\/18028","targetHints":{"allow":["GET"]}}],"collection":[{"href":"https:\/\/barrsell.com\/en\/wp-json\/wp\/v2\/product"}],"about":[{"href":"https:\/\/barrsell.com\/en\/wp-json\/wp\/v2\/types\/product"}],"version-history":[{"count":18,"href":"https:\/\/barrsell.com\/en\/wp-json\/wp\/v2\/product\/18028\/revisions"}],"predecessor-version":[{"id":18499,"href":"https:\/\/barrsell.com\/en\/wp-json\/wp\/v2\/product\/18028\/revisions\/18499"}],"wp:featuredmedia":[{"embeddable":true,"href":"https:\/\/barrsell.com\/en\/wp-json\/wp\/v2\/media\/18029"}],"wp:attachment":[{"href":"https:\/\/barrsell.com\/en\/wp-json\/wp\/v2\/media?parent=18028"}],"wp:term":[{"taxonomy":"product_cat","embeddable":true,"href":"https:\/\/barrsell.com\/en\/wp-json\/wp\/v2\/product_cat?post=18028"},{"taxonomy":"product_tag","embeddable":true,"href":"https:\/\/barrsell.com\/en\/wp-json\/wp\/v2\/product_tag?post=18028"}],"curies":[{"name":"wp","href":"https:\/\/api.w.org\/{rel}","templated":true}]}}