{"id":18010,"date":"2024-11-04T07:24:50","date_gmt":"2024-11-04T07:24:50","guid":{"rendered":"https:\/\/barrsell.com\/?post_type=product&#038;p=18010"},"modified":"2024-11-23T13:07:18","modified_gmt":"2024-11-23T13:07:18","slug":"condair-rs-el-senkron-pompa","status":"publish","type":"product","link":"https:\/\/barrsell.com\/en\/product\/condair-rs-el-synchronous-pump\/","title":{"rendered":"Condair RS\/EL Synchronous Pump"},"content":{"rendered":"<h2>Condair RS\/EL Synchronous Pump Spare Parts<\/h2>\n<p>The Condair RS\/EL synchronous pump spare part has been developed to ensure reliable and efficient water transfer. Compatible with Condair RS and EL series steam humidifiers. At the same time, it provides a long-lasting use by offering the high performance required by the system. Thus, with its energy efficiency, low maintenance costs and precise water flow characteristics, it is suitable for industrial and <a href=\"https:\/\/wdteknoloji.com\/kategori\/hygromatik-nemlendirici-urunler\/\">ticari nemlendirme<\/a> uygulamalar\u0131 i\u00e7in ideal bir \u00e7\u00f6z\u00fcm olur.<\/p>\n<div id=\"attachment_18312\" style=\"width: 510px\" class=\"wp-caption aligncenter\"><a href=\"https:\/\/barrsell.com\/wp-content\/uploads\/2024\/11\/Condair-RS-EL-Senkron-Pompa-barr.png\"><img fetchpriority=\"high\" decoding=\"async\" aria-describedby=\"caption-attachment-18312\" class=\"wp-image-18312\" src=\"https:\/\/barrsell.com\/wp-content\/uploads\/2024\/11\/Condair-RS-EL-Senkron-Pompa-barr-1024x1024.png\" alt=\"\" width=\"500\" height=\"500\" srcset=\"https:\/\/barrsell.com\/wp-content\/uploads\/2024\/11\/Condair-RS-EL-Senkron-Pompa-barr-1024x1024.png 1024w, https:\/\/barrsell.com\/wp-content\/uploads\/2024\/11\/Condair-RS-EL-Senkron-Pompa-barr-300x300.png 300w, https:\/\/barrsell.com\/wp-content\/uploads\/2024\/11\/Condair-RS-EL-Senkron-Pompa-barr-150x150.png 150w, https:\/\/barrsell.com\/wp-content\/uploads\/2024\/11\/Condair-RS-EL-Senkron-Pompa-barr-768x768.png 768w, https:\/\/barrsell.com\/wp-content\/uploads\/2024\/11\/Condair-RS-EL-Senkron-Pompa-barr-12x12.png 12w, https:\/\/barrsell.com\/wp-content\/uploads\/2024\/11\/Condair-RS-EL-Senkron-Pompa-barr-600x600.png 600w, https:\/\/barrsell.com\/wp-content\/uploads\/2024\/11\/Condair-RS-EL-Senkron-Pompa-barr-50x50.png 50w, https:\/\/barrsell.com\/wp-content\/uploads\/2024\/11\/Condair-RS-EL-Senkron-Pompa-barr-100x100.png 100w, https:\/\/barrsell.com\/wp-content\/uploads\/2024\/11\/Condair-RS-EL-Senkron-Pompa-barr.png 1200w\" sizes=\"(max-width: 500px) 100vw, 500px\" \/><\/a><p id=\"caption-attachment-18312\" class=\"wp-caption-text\">Condair RS-EL Synchronous Pump-barr<\/p><\/div>\n<div class=\"mceTemp\" style=\"text-align: left;\"><\/div>\n<table class=\"alignleft\" style=\"height: 254px;\" width=\"734\">\n<thead>\n<tr>\n<th>Feature<\/th>\n<th>Details<\/th>\n<\/tr>\n<\/thead>\n<tbody>\n<tr>\n<td><strong>Compatibility<\/strong><\/td>\n<td><em>Condair RS and EL series humidifiers<\/em><\/td>\n<\/tr>\n<tr>\n<td><strong>Engine Type<\/strong><\/td>\n<td>Senkron motor<\/td>\n<\/tr>\n<tr>\n<td><strong>Energy Consumption<\/strong><\/td>\n<td>Low, energy efficient<\/td>\n<\/tr>\n<tr>\n<td><strong>Water Flow and Pressure Control<\/strong><\/td>\n<td>Precise water flow, constant speed operation<\/td>\n<\/tr>\n<tr>\n<td><strong>Assembly and Integration<\/strong><\/td>\n<td>Easy integration, standard mounting compatibility<\/td>\n<\/tr>\n<tr>\n<td><strong>Resilience<\/strong><\/td>\n<td>High temperature and humidity resistant<\/td>\n<\/tr>\n<tr>\n<td><strong>Maintenance Requirement<\/strong><\/td>\n<td>Low, long-lasting performance<\/td>\n<\/tr>\n<tr>\n<td><strong>Operating Temperature Range<\/strong><\/td>\n<td>5\u00b0C ila 40\u00b0C<\/td>\n<\/tr>\n<\/tbody>\n<\/table>\n<h4 style=\"text-align: right;\"><\/h4>\n<h4><\/h4>\n<h4><\/h4>\n<h4><\/h4>\n<h4><\/h4>\n<h4><\/h4>\n<h4>Condair RS\/EL Synchronous Pump Spare Part Specifications<\/h4>\n<ol>\n<li class=\" translation-block\"><strong>High Efficiency Synchronous Motor Technology<\/strong><br>\nThis spare part is equipped with synchronous motor technology that provides high performance despite low energy consumption. The energy efficiency provides an environmentally friendly solution while reducing operating costs. As a result, this feature ensures long-term and economical operation of the humidification system.<\/li>\n<li class=\" translation-block\"><strong>Precise Water Flow and Pressure Control<\/strong><br>\nThe <em>Condair RS\/EL synchronous pump<\/em> operates at constant speed, ensuring precise water flow. This helps to control the humidity level with precision and at the same time increases the efficiency of the system. It also ensures more even humidification. The constant speed prevents sudden pressure changes in the system.<\/li>\n<li class=\" translation-block\"><strong>Durable and Long-lasting Design<\/strong><br>\nMade of high quality and durable material, the synchronous pump offers long-lasting performance. It is resistant to humid and high temperature environments, thus maintaining its durability even in industrial use.<\/li>\n<li class=\" translation-block\"><strong>Easy Integration and Installation<\/strong><br>\nWith compatible ports and standard mounting features, it can be quickly and effortlessly integrated into <a href=\"\/\/barrsell.com\/kategoriler\/buhar-jeneratorleri-nemlendiriciler\/nordmann-condair-buharli-nemlendirici\/nordmann-condair-nemlendirici-urunleri\/\u201d\" target=\"\u201c_self\u201d\">humidification systems<\/a>. Its compact design allows for easy installation without taking up much space in the system and reduces installation time.<\/li>\n<\/ol>","protected":false},"excerpt":{"rendered":"<h4>Compatible Humidifier Models<\/h4>\n<ul>\n<li><strong>Condair RS Series<\/strong>: RS-OC 20, RS-OC 45, RS-OC 65<\/li>\n<li><strong>Condair EL Series<\/strong>: EL20, EL40, EL80<\/li>\n<\/ul>","protected":false},"featured_media":18026,"template":"","meta":[],"product_cat":[148],"product_tag":[],"class_list":{"0":"post-18010","1":"product","2":"type-product","3":"status-publish","4":"has-post-thumbnail","6":"product_cat-nordmann-condair-yedek-parcalari","8":"first","9":"instock","10":"shipping-taxable","11":"product-type-external"},"yoast_head":"<!-- This site is optimized with the Yoast SEO Premium plugin v23.2 (Yoast SEO v23.2) - https:\/\/yoast.com\/wordpress\/plugins\/seo\/ -->\n<title>Condair RS\/EL Senkron Pompa | Barrsell End\u00fcstri<\/title>\n<meta name=\"description\" content=\"Su transferini g\u00fcvenilir ve verimli bir \u015fekilde sa\u011flamak amac\u0131yla Condair RS\/EL senkron pompa yedek par\u00e7as\u0131 geli\u015ftirilmi\u015ftir.\" \/>\n<meta name=\"robots\" content=\"index, follow, max-snippet:-1, max-image-preview:large, max-video-preview:-1\" \/>\n<link rel=\"canonical\" href=\"https:\/\/barrsell.com\/en\/product\/condair-rs-el-synchronous-pump\/\" \/>\n<meta property=\"og:locale\" content=\"en_US\" \/>\n<meta property=\"og:type\" content=\"article\" \/>\n<meta property=\"og:title\" content=\"Condair RS\/EL Senkron Pompa\" \/>\n<meta property=\"og:description\" content=\"Su transferini g\u00fcvenilir ve verimli bir \u015fekilde sa\u011flamak amac\u0131yla Condair RS\/EL senkron pompa yedek par\u00e7as\u0131 geli\u015ftirilmi\u015ftir.\" \/>\n<meta property=\"og:url\" content=\"https:\/\/barrsell.com\/en\/product\/condair-rs-el-synchronous-pump\/\" \/>\n<meta property=\"og:site_name\" content=\"Barrsell\" \/>\n<meta property=\"article:modified_time\" content=\"2024-11-23T13:07:18+00:00\" \/>\n<meta property=\"og:image\" content=\"https:\/\/barrsell.com\/wp-content\/uploads\/2024\/11\/Condair-RS-EL-Senkron-pompa.png\" \/>\n\t<meta property=\"og:image:width\" content=\"1200\" \/>\n\t<meta property=\"og:image:height\" content=\"1200\" \/>\n\t<meta property=\"og:image:type\" content=\"image\/png\" \/>\n<meta name=\"twitter:card\" content=\"summary_large_image\" \/>\n<meta name=\"twitter:label1\" content=\"Est. reading time\" \/>\n\t<meta name=\"twitter:data1\" content=\"3 minutes\" \/>\n<script type=\"application\/ld+json\" class=\"yoast-schema-graph\">{\"@context\":\"https:\/\/schema.org\",\"@graph\":[{\"@type\":\"WebPage\",\"@id\":\"https:\/\/barrsell.com\/urun\/condair-rs-el-senkron-pompa\/\",\"url\":\"https:\/\/barrsell.com\/urun\/condair-rs-el-senkron-pompa\/\",\"name\":\"Condair RS\/EL Senkron Pompa | Barrsell End\u00fcstri\",\"isPartOf\":{\"@id\":\"https:\/\/barrsell.com\/#website\"},\"primaryImageOfPage\":{\"@id\":\"https:\/\/barrsell.com\/urun\/condair-rs-el-senkron-pompa\/#primaryimage\"},\"image\":{\"@id\":\"https:\/\/barrsell.com\/urun\/condair-rs-el-senkron-pompa\/#primaryimage\"},\"thumbnailUrl\":\"https:\/\/barrsell.com\/wp-content\/uploads\/2024\/11\/Condair-RS-EL-Senkron-pompa.png\",\"datePublished\":\"2024-11-04T07:24:50+00:00\",\"dateModified\":\"2024-11-23T13:07:18+00:00\",\"description\":\"Su transferini g\u00fcvenilir ve verimli bir \u015fekilde sa\u011flamak amac\u0131yla Condair RS\/EL senkron pompa yedek par\u00e7as\u0131 geli\u015ftirilmi\u015ftir.\",\"breadcrumb\":{\"@id\":\"https:\/\/barrsell.com\/urun\/condair-rs-el-senkron-pompa\/#breadcrumb\"},\"inLanguage\":\"en-US\",\"potentialAction\":[{\"@type\":\"ReadAction\",\"target\":[\"https:\/\/barrsell.com\/urun\/condair-rs-el-senkron-pompa\/\"]}]},{\"@type\":\"ImageObject\",\"inLanguage\":\"en-US\",\"@id\":\"https:\/\/barrsell.com\/urun\/condair-rs-el-senkron-pompa\/#primaryimage\",\"url\":\"https:\/\/barrsell.com\/wp-content\/uploads\/2024\/11\/Condair-RS-EL-Senkron-pompa.png\",\"contentUrl\":\"https:\/\/barrsell.com\/wp-content\/uploads\/2024\/11\/Condair-RS-EL-Senkron-pompa.png\",\"width\":1200,\"height\":1200,\"caption\":\"Condair RS-EL Senkron pompa\"},{\"@type\":\"BreadcrumbList\",\"@id\":\"https:\/\/barrsell.com\/urun\/condair-rs-el-senkron-pompa\/#breadcrumb\",\"itemListElement\":[{\"@type\":\"ListItem\",\"position\":1,\"name\":\"Home\",\"item\":\"https:\/\/barrsell.com\/\"},{\"@type\":\"ListItem\",\"position\":2,\"name\":\"\u00dcr\u00fcnler\",\"item\":\"https:\/\/barrsell.com\/en\/products\/\"},{\"@type\":\"ListItem\",\"position\":3,\"name\":\"Condair RS\/EL Senkron Pompa\"}]},{\"@type\":\"WebSite\",\"@id\":\"https:\/\/barrsell.com\/#website\",\"url\":\"https:\/\/barrsell.com\/\",\"name\":\"Barrsell End\u00fcstri Makine\",\"description\":\"Teknolojiyle G\u00fc\u00e7lenen End\u00fcstriyel \u00c7\u00f6z\u00fcmler!\",\"potentialAction\":[{\"@type\":\"SearchAction\",\"target\":{\"@type\":\"EntryPoint\",\"urlTemplate\":\"https:\/\/barrsell.com\/?s={search_term_string}\"},\"query-input\":\"required name=search_term_string\"}],\"inLanguage\":\"en-US\"}]}<\/script>\n<!-- \/ Yoast SEO Premium plugin. -->","yoast_head_json":{"title":"Condair RS\/EL Senkron Pompa | Barrsell End\u00fcstri","description":"Su transferini g\u00fcvenilir ve verimli bir \u015fekilde sa\u011flamak amac\u0131yla Condair RS\/EL senkron pompa yedek par\u00e7as\u0131 geli\u015ftirilmi\u015ftir.","robots":{"index":"index","follow":"follow","max-snippet":"max-snippet:-1","max-image-preview":"max-image-preview:large","max-video-preview":"max-video-preview:-1"},"canonical":"https:\/\/barrsell.com\/en\/product\/condair-rs-el-synchronous-pump\/","og_locale":"en_US","og_type":"article","og_title":"Condair RS\/EL Senkron Pompa","og_description":"Su transferini g\u00fcvenilir ve verimli bir \u015fekilde sa\u011flamak amac\u0131yla Condair RS\/EL senkron pompa yedek par\u00e7as\u0131 geli\u015ftirilmi\u015ftir.","og_url":"https:\/\/barrsell.com\/en\/product\/condair-rs-el-synchronous-pump\/","og_site_name":"Barrsell","article_modified_time":"2024-11-23T13:07:18+00:00","og_image":[{"width":1200,"height":1200,"url":"https:\/\/barrsell.com\/wp-content\/uploads\/2024\/11\/Condair-RS-EL-Senkron-pompa.png","type":"image\/png"}],"twitter_card":"summary_large_image","twitter_misc":{"Est. reading time":"3 minutes"},"schema":{"@context":"https:\/\/schema.org","@graph":[{"@type":"WebPage","@id":"https:\/\/barrsell.com\/urun\/condair-rs-el-senkron-pompa\/","url":"https:\/\/barrsell.com\/urun\/condair-rs-el-senkron-pompa\/","name":"Condair RS\/EL Senkron Pompa | Barrsell End\u00fcstri","isPartOf":{"@id":"https:\/\/barrsell.com\/#website"},"primaryImageOfPage":{"@id":"https:\/\/barrsell.com\/urun\/condair-rs-el-senkron-pompa\/#primaryimage"},"image":{"@id":"https:\/\/barrsell.com\/urun\/condair-rs-el-senkron-pompa\/#primaryimage"},"thumbnailUrl":"https:\/\/barrsell.com\/wp-content\/uploads\/2024\/11\/Condair-RS-EL-Senkron-pompa.png","datePublished":"2024-11-04T07:24:50+00:00","dateModified":"2024-11-23T13:07:18+00:00","description":"Su transferini g\u00fcvenilir ve verimli bir \u015fekilde sa\u011flamak amac\u0131yla Condair RS\/EL senkron pompa yedek par\u00e7as\u0131 geli\u015ftirilmi\u015ftir.","breadcrumb":{"@id":"https:\/\/barrsell.com\/urun\/condair-rs-el-senkron-pompa\/#breadcrumb"},"inLanguage":"en-US","potentialAction":[{"@type":"ReadAction","target":["https:\/\/barrsell.com\/urun\/condair-rs-el-senkron-pompa\/"]}]},{"@type":"ImageObject","inLanguage":"en-US","@id":"https:\/\/barrsell.com\/urun\/condair-rs-el-senkron-pompa\/#primaryimage","url":"https:\/\/barrsell.com\/wp-content\/uploads\/2024\/11\/Condair-RS-EL-Senkron-pompa.png","contentUrl":"https:\/\/barrsell.com\/wp-content\/uploads\/2024\/11\/Condair-RS-EL-Senkron-pompa.png","width":1200,"height":1200,"caption":"Condair RS-EL Senkron pompa"},{"@type":"BreadcrumbList","@id":"https:\/\/barrsell.com\/urun\/condair-rs-el-senkron-pompa\/#breadcrumb","itemListElement":[{"@type":"ListItem","position":1,"name":"Home","item":"https:\/\/barrsell.com\/"},{"@type":"ListItem","position":2,"name":"\u00dcr\u00fcnler","item":"https:\/\/barrsell.com\/en\/products\/"},{"@type":"ListItem","position":3,"name":"Condair RS\/EL Senkron Pompa"}]},{"@type":"WebSite","@id":"https:\/\/barrsell.com\/#website","url":"https:\/\/barrsell.com\/","name":"Barrsell End\u00fcstri Makine","description":"Teknolojiyle G\u00fc\u00e7lenen End\u00fcstriyel \u00c7\u00f6z\u00fcmler!","potentialAction":[{"@type":"SearchAction","target":{"@type":"EntryPoint","urlTemplate":"https:\/\/barrsell.com\/?s={search_term_string}"},"query-input":"required name=search_term_string"}],"inLanguage":"en-US"}]}},"_links":{"self":[{"href":"https:\/\/barrsell.com\/en\/wp-json\/wp\/v2\/product\/18010","targetHints":{"allow":["GET"]}}],"collection":[{"href":"https:\/\/barrsell.com\/en\/wp-json\/wp\/v2\/product"}],"about":[{"href":"https:\/\/barrsell.com\/en\/wp-json\/wp\/v2\/types\/product"}],"version-history":[{"count":7,"href":"https:\/\/barrsell.com\/en\/wp-json\/wp\/v2\/product\/18010\/revisions"}],"predecessor-version":[{"id":18497,"href":"https:\/\/barrsell.com\/en\/wp-json\/wp\/v2\/product\/18010\/revisions\/18497"}],"wp:featuredmedia":[{"embeddable":true,"href":"https:\/\/barrsell.com\/en\/wp-json\/wp\/v2\/media\/18026"}],"wp:attachment":[{"href":"https:\/\/barrsell.com\/en\/wp-json\/wp\/v2\/media?parent=18010"}],"wp:term":[{"taxonomy":"product_cat","embeddable":true,"href":"https:\/\/barrsell.com\/en\/wp-json\/wp\/v2\/product_cat?post=18010"},{"taxonomy":"product_tag","embeddable":true,"href":"https:\/\/barrsell.com\/en\/wp-json\/wp\/v2\/product_tag?post=18010"}],"curies":[{"name":"wp","href":"https:\/\/api.w.org\/{rel}","templated":true}]}}