{"id":18006,"date":"2024-11-04T07:16:00","date_gmt":"2024-11-04T07:16:00","guid":{"rendered":"https:\/\/barrsell.com\/?post_type=product&#038;p=18006"},"modified":"2024-11-23T13:09:39","modified_gmt":"2024-11-23T13:09:39","slug":"condair-cp3-el-baglanti-mansonu","status":"publish","type":"product","link":"https:\/\/barrsell.com\/en\/product\/condair-rs-el-synchronous-pump-2\/","title":{"rendered":"Condair CP3\/EL Connection sleeve"},"content":{"rendered":"<h2>Condair CP3\/EL Connection Sleeve:<\/h2>\n<p class=\" translation-block\"><strong>Spare part Condair CP3\/EL connection sleeve <\/strong> is designed to ensure maximum efficiency and reliability in <em>steam humidification<\/em> systems. With its high quality material construction, sealing performance and easy installation, it offers both long life and energy savings.<\/p>\n<h4><strong>Sleeve Specifications<\/strong><\/h4>\n<h5><strong>Complete Tightness and Efficiency<\/strong><\/h5>\n<ul>\n<li>Increases the energy efficiency of the system by completely preventing vapor or fluid leaks.<\/li>\n<li>The sealed design reduces operating costs and ensures reliable system operation.<\/li>\n<\/ul>\n<div id=\"attachment_18321\" style=\"width: 310px\" class=\"wp-caption alignleft\"><a href=\"https:\/\/barrsell.com\/wp-content\/uploads\/2024\/11\/Condair-CP3-EL-.png\"><img fetchpriority=\"high\" decoding=\"async\" aria-describedby=\"caption-attachment-18321\" class=\"size-medium wp-image-18321\" src=\"https:\/\/barrsell.com\/wp-content\/uploads\/2024\/11\/Condair-CP3-EL--300x300.png\" alt=\"\" width=\"300\" height=\"300\" srcset=\"https:\/\/barrsell.com\/wp-content\/uploads\/2024\/11\/Condair-CP3-EL--300x300.png 300w, https:\/\/barrsell.com\/wp-content\/uploads\/2024\/11\/Condair-CP3-EL--1024x1024.png 1024w, https:\/\/barrsell.com\/wp-content\/uploads\/2024\/11\/Condair-CP3-EL--150x150.png 150w, https:\/\/barrsell.com\/wp-content\/uploads\/2024\/11\/Condair-CP3-EL--768x768.png 768w, https:\/\/barrsell.com\/wp-content\/uploads\/2024\/11\/Condair-CP3-EL--12x12.png 12w, https:\/\/barrsell.com\/wp-content\/uploads\/2024\/11\/Condair-CP3-EL--600x600.png 600w, https:\/\/barrsell.com\/wp-content\/uploads\/2024\/11\/Condair-CP3-EL--50x50.png 50w, https:\/\/barrsell.com\/wp-content\/uploads\/2024\/11\/Condair-CP3-EL--100x100.png 100w, https:\/\/barrsell.com\/wp-content\/uploads\/2024\/11\/Condair-CP3-EL-.png 1200w\" sizes=\"(max-width: 300px) 100vw, 300px\" \/><\/a><p id=\"caption-attachment-18321\" class=\"wp-caption-text\">Condair CP3-EL-<\/p><\/div>\n<h5><strong>Durable and Corrosion Resistant Material<\/strong><\/h5>\n<ul>\n<li><b>Y<\/b>Made of high quality and corrosion resistant materials.<\/li>\n<li>It offers long-lasting use by maintaining its durability even in humid and high temperature conditions.<\/li>\n<li>This minimizes maintenance and parts replacement costs.<\/li>\n<\/ul>\n<h5><strong>Easy Assembly and Harmonious Design<\/strong><\/h5>\n<ul>\n<li class=\" translation-block\">Fully compatible with <em><strong>Condair CP3 and EL series <a href=\"\/\/wdteknoloji.com\/kategori\/hygromatik-nemlendirici-urunler\/\u201d\" target=\"\u201c_self\u201d\">steam humidifiers<\/a> <\/strong> <\/em>Easy and fast installation.<\/li>\n<li>Thanks to its flexible structure that adapts to different pipe diameters, it can be easily used in various systems.<\/li>\n<\/ul>\n<h4><strong>Technical Specifications<\/strong><\/h4>\n<table>\n<thead>\n<tr>\n<th><strong>Feature<\/strong><\/th>\n<th><strong>Details<\/strong><\/th>\n<\/tr>\n<\/thead>\n<tbody>\n<tr>\n<td><strong>Material<\/strong><\/td>\n<td>Corrosion and high temperature resistance<\/td>\n<\/tr>\n<tr>\n<td><strong>Compatibility<\/strong><\/td>\n<td class=\" translation-block\"><strong><a href=\"\/\/barrsell.com\/urun\/condair-temizlenebilir-silindir-d674\/\u201d\" target=\"\u201c_self\u201d\">Condair CP3<\/a>\/EL<\/strong> series moisturizers<\/td>\n<\/tr>\n<tr>\n<td><strong>Assembly<\/strong><\/td>\n<td>Easy integration and quick setup<\/td>\n<\/tr>\n<tr>\n<td><strong>Sealing Feature<\/strong><\/td>\n<td>High impermeability<\/td>\n<\/tr>\n<tr>\n<td><strong>Operating Temperature Range<\/strong><\/td>\n<td>-10\u00b0C ila +120\u00b0C<\/td>\n<\/tr>\n<tr>\n<td><strong>Corrosion Resistance<\/strong><\/td>\n<td>Made of stainless steel<\/td>\n<\/tr>\n<tr>\n<td><strong>Resilience<\/strong><\/td>\n<td>Suitable for industrial use, long life<\/td>\n<\/tr>\n<\/tbody>\n<\/table>","protected":false},"excerpt":{"rendered":"<h4>Compatible Humidifier Models<\/h4>\n<p><strong>Condair RS Series<\/strong>: RS-OC 20, RS-OC 45, RS-OC 65<br \/>\n<strong>Condair EL Series<\/strong>: EL20, EL40, EL80<\/p>","protected":false},"featured_media":18023,"template":"","meta":[],"product_cat":[148],"product_tag":[],"class_list":{"0":"post-18006","1":"product","2":"type-product","3":"status-publish","4":"has-post-thumbnail","6":"product_cat-nordmann-condair-yedek-parcalari","8":"first","9":"instock","10":"shipping-taxable","11":"product-type-external"},"yoast_head":"<!-- This site is optimized with the Yoast SEO Premium plugin v23.2 (Yoast SEO v23.2) - https:\/\/yoast.com\/wordpress\/plugins\/seo\/ -->\n<title>Condair CP3\/EL Ba\u011flant\u0131 man\u015fonu | Barrsell End\u00fcstri<\/title>\n<meta name=\"description\" content=\"Condair CP3\/EL ba\u011flant\u0131 man\u015fonu yedek par\u00e7as\u0131, buharl\u0131 nemlendirme sistemlerinde g\u00fcvenilir bir ba\u011flant\u0131 sa\u011flamak i\u00e7in \u00f6zel olarak tasarlanm\u0131\u015ft\u0131r.\" \/>\n<meta name=\"robots\" content=\"index, follow, max-snippet:-1, max-image-preview:large, max-video-preview:-1\" \/>\n<link rel=\"canonical\" href=\"https:\/\/barrsell.com\/en\/product\/condair-rs-el-synchronous-pump-2\/\" \/>\n<meta property=\"og:locale\" content=\"en_US\" \/>\n<meta property=\"og:type\" content=\"article\" \/>\n<meta property=\"og:title\" content=\"Condair CP3\/EL Ba\u011flant\u0131 man\u015fonu\" \/>\n<meta property=\"og:description\" content=\"Condair CP3\/EL ba\u011flant\u0131 man\u015fonu yedek par\u00e7as\u0131, buharl\u0131 nemlendirme sistemlerinde g\u00fcvenilir bir ba\u011flant\u0131 sa\u011flamak i\u00e7in \u00f6zel olarak tasarlanm\u0131\u015ft\u0131r.\" \/>\n<meta property=\"og:url\" content=\"https:\/\/barrsell.com\/en\/product\/condair-rs-el-synchronous-pump-2\/\" \/>\n<meta property=\"og:site_name\" content=\"Barrsell\" \/>\n<meta property=\"article:modified_time\" content=\"2024-11-23T13:09:39+00:00\" \/>\n<meta property=\"og:image\" content=\"https:\/\/barrsell.com\/wp-content\/uploads\/2024\/11\/Condair-CP3-EL-Baglanti-mansonu.png\" \/>\n\t<meta property=\"og:image:width\" content=\"1200\" \/>\n\t<meta property=\"og:image:height\" content=\"1200\" \/>\n\t<meta property=\"og:image:type\" content=\"image\/png\" \/>\n<meta name=\"twitter:card\" content=\"summary_large_image\" \/>\n<meta name=\"twitter:label1\" content=\"Est. reading time\" \/>\n\t<meta name=\"twitter:data1\" content=\"2 minutes\" \/>\n<script type=\"application\/ld+json\" class=\"yoast-schema-graph\">{\"@context\":\"https:\/\/schema.org\",\"@graph\":[{\"@type\":\"WebPage\",\"@id\":\"https:\/\/barrsell.com\/urun\/condair-cp3-el-baglanti-mansonu\/\",\"url\":\"https:\/\/barrsell.com\/urun\/condair-cp3-el-baglanti-mansonu\/\",\"name\":\"Condair CP3\/EL Ba\u011flant\u0131 man\u015fonu | Barrsell End\u00fcstri\",\"isPartOf\":{\"@id\":\"https:\/\/barrsell.com\/#website\"},\"primaryImageOfPage\":{\"@id\":\"https:\/\/barrsell.com\/urun\/condair-cp3-el-baglanti-mansonu\/#primaryimage\"},\"image\":{\"@id\":\"https:\/\/barrsell.com\/urun\/condair-cp3-el-baglanti-mansonu\/#primaryimage\"},\"thumbnailUrl\":\"https:\/\/barrsell.com\/wp-content\/uploads\/2024\/11\/Condair-CP3-EL-Baglanti-mansonu.png\",\"datePublished\":\"2024-11-04T07:16:00+00:00\",\"dateModified\":\"2024-11-23T13:09:39+00:00\",\"description\":\"Condair CP3\/EL ba\u011flant\u0131 man\u015fonu yedek par\u00e7as\u0131, buharl\u0131 nemlendirme sistemlerinde g\u00fcvenilir bir ba\u011flant\u0131 sa\u011flamak i\u00e7in \u00f6zel olarak tasarlanm\u0131\u015ft\u0131r.\",\"breadcrumb\":{\"@id\":\"https:\/\/barrsell.com\/urun\/condair-cp3-el-baglanti-mansonu\/#breadcrumb\"},\"inLanguage\":\"en-US\",\"potentialAction\":[{\"@type\":\"ReadAction\",\"target\":[\"https:\/\/barrsell.com\/urun\/condair-cp3-el-baglanti-mansonu\/\"]}]},{\"@type\":\"ImageObject\",\"inLanguage\":\"en-US\",\"@id\":\"https:\/\/barrsell.com\/urun\/condair-cp3-el-baglanti-mansonu\/#primaryimage\",\"url\":\"https:\/\/barrsell.com\/wp-content\/uploads\/2024\/11\/Condair-CP3-EL-Baglanti-mansonu.png\",\"contentUrl\":\"https:\/\/barrsell.com\/wp-content\/uploads\/2024\/11\/Condair-CP3-EL-Baglanti-mansonu.png\",\"width\":1200,\"height\":1200,\"caption\":\"Condair CP3-EL Ba\u011flant\u0131 man\u015fonu\"},{\"@type\":\"BreadcrumbList\",\"@id\":\"https:\/\/barrsell.com\/urun\/condair-cp3-el-baglanti-mansonu\/#breadcrumb\",\"itemListElement\":[{\"@type\":\"ListItem\",\"position\":1,\"name\":\"Home\",\"item\":\"https:\/\/barrsell.com\/\"},{\"@type\":\"ListItem\",\"position\":2,\"name\":\"\u00dcr\u00fcnler\",\"item\":\"https:\/\/barrsell.com\/en\/products\/\"},{\"@type\":\"ListItem\",\"position\":3,\"name\":\"Condair CP3\/EL Ba\u011flant\u0131 man\u015fonu\"}]},{\"@type\":\"WebSite\",\"@id\":\"https:\/\/barrsell.com\/#website\",\"url\":\"https:\/\/barrsell.com\/\",\"name\":\"Barrsell End\u00fcstri Makine\",\"description\":\"Teknolojiyle G\u00fc\u00e7lenen End\u00fcstriyel \u00c7\u00f6z\u00fcmler!\",\"potentialAction\":[{\"@type\":\"SearchAction\",\"target\":{\"@type\":\"EntryPoint\",\"urlTemplate\":\"https:\/\/barrsell.com\/?s={search_term_string}\"},\"query-input\":\"required name=search_term_string\"}],\"inLanguage\":\"en-US\"}]}<\/script>\n<!-- \/ Yoast SEO Premium plugin. -->","yoast_head_json":{"title":"Condair CP3\/EL Ba\u011flant\u0131 man\u015fonu | Barrsell End\u00fcstri","description":"Condair CP3\/EL ba\u011flant\u0131 man\u015fonu yedek par\u00e7as\u0131, buharl\u0131 nemlendirme sistemlerinde g\u00fcvenilir bir ba\u011flant\u0131 sa\u011flamak i\u00e7in \u00f6zel olarak tasarlanm\u0131\u015ft\u0131r.","robots":{"index":"index","follow":"follow","max-snippet":"max-snippet:-1","max-image-preview":"max-image-preview:large","max-video-preview":"max-video-preview:-1"},"canonical":"https:\/\/barrsell.com\/en\/product\/condair-rs-el-synchronous-pump-2\/","og_locale":"en_US","og_type":"article","og_title":"Condair CP3\/EL Ba\u011flant\u0131 man\u015fonu","og_description":"Condair CP3\/EL ba\u011flant\u0131 man\u015fonu yedek par\u00e7as\u0131, buharl\u0131 nemlendirme sistemlerinde g\u00fcvenilir bir ba\u011flant\u0131 sa\u011flamak i\u00e7in \u00f6zel olarak tasarlanm\u0131\u015ft\u0131r.","og_url":"https:\/\/barrsell.com\/en\/product\/condair-rs-el-synchronous-pump-2\/","og_site_name":"Barrsell","article_modified_time":"2024-11-23T13:09:39+00:00","og_image":[{"width":1200,"height":1200,"url":"https:\/\/barrsell.com\/wp-content\/uploads\/2024\/11\/Condair-CP3-EL-Baglanti-mansonu.png","type":"image\/png"}],"twitter_card":"summary_large_image","twitter_misc":{"Est. reading time":"2 minutes"},"schema":{"@context":"https:\/\/schema.org","@graph":[{"@type":"WebPage","@id":"https:\/\/barrsell.com\/urun\/condair-cp3-el-baglanti-mansonu\/","url":"https:\/\/barrsell.com\/urun\/condair-cp3-el-baglanti-mansonu\/","name":"Condair CP3\/EL Ba\u011flant\u0131 man\u015fonu | Barrsell End\u00fcstri","isPartOf":{"@id":"https:\/\/barrsell.com\/#website"},"primaryImageOfPage":{"@id":"https:\/\/barrsell.com\/urun\/condair-cp3-el-baglanti-mansonu\/#primaryimage"},"image":{"@id":"https:\/\/barrsell.com\/urun\/condair-cp3-el-baglanti-mansonu\/#primaryimage"},"thumbnailUrl":"https:\/\/barrsell.com\/wp-content\/uploads\/2024\/11\/Condair-CP3-EL-Baglanti-mansonu.png","datePublished":"2024-11-04T07:16:00+00:00","dateModified":"2024-11-23T13:09:39+00:00","description":"Condair CP3\/EL ba\u011flant\u0131 man\u015fonu yedek par\u00e7as\u0131, buharl\u0131 nemlendirme sistemlerinde g\u00fcvenilir bir ba\u011flant\u0131 sa\u011flamak i\u00e7in \u00f6zel olarak tasarlanm\u0131\u015ft\u0131r.","breadcrumb":{"@id":"https:\/\/barrsell.com\/urun\/condair-cp3-el-baglanti-mansonu\/#breadcrumb"},"inLanguage":"en-US","potentialAction":[{"@type":"ReadAction","target":["https:\/\/barrsell.com\/urun\/condair-cp3-el-baglanti-mansonu\/"]}]},{"@type":"ImageObject","inLanguage":"en-US","@id":"https:\/\/barrsell.com\/urun\/condair-cp3-el-baglanti-mansonu\/#primaryimage","url":"https:\/\/barrsell.com\/wp-content\/uploads\/2024\/11\/Condair-CP3-EL-Baglanti-mansonu.png","contentUrl":"https:\/\/barrsell.com\/wp-content\/uploads\/2024\/11\/Condair-CP3-EL-Baglanti-mansonu.png","width":1200,"height":1200,"caption":"Condair CP3-EL Ba\u011flant\u0131 man\u015fonu"},{"@type":"BreadcrumbList","@id":"https:\/\/barrsell.com\/urun\/condair-cp3-el-baglanti-mansonu\/#breadcrumb","itemListElement":[{"@type":"ListItem","position":1,"name":"Home","item":"https:\/\/barrsell.com\/"},{"@type":"ListItem","position":2,"name":"\u00dcr\u00fcnler","item":"https:\/\/barrsell.com\/en\/products\/"},{"@type":"ListItem","position":3,"name":"Condair CP3\/EL Ba\u011flant\u0131 man\u015fonu"}]},{"@type":"WebSite","@id":"https:\/\/barrsell.com\/#website","url":"https:\/\/barrsell.com\/","name":"Barrsell End\u00fcstri Makine","description":"Teknolojiyle G\u00fc\u00e7lenen End\u00fcstriyel \u00c7\u00f6z\u00fcmler!","potentialAction":[{"@type":"SearchAction","target":{"@type":"EntryPoint","urlTemplate":"https:\/\/barrsell.com\/?s={search_term_string}"},"query-input":"required name=search_term_string"}],"inLanguage":"en-US"}]}},"_links":{"self":[{"href":"https:\/\/barrsell.com\/en\/wp-json\/wp\/v2\/product\/18006","targetHints":{"allow":["GET"]}}],"collection":[{"href":"https:\/\/barrsell.com\/en\/wp-json\/wp\/v2\/product"}],"about":[{"href":"https:\/\/barrsell.com\/en\/wp-json\/wp\/v2\/types\/product"}],"version-history":[{"count":7,"href":"https:\/\/barrsell.com\/en\/wp-json\/wp\/v2\/product\/18006\/revisions"}],"predecessor-version":[{"id":18498,"href":"https:\/\/barrsell.com\/en\/wp-json\/wp\/v2\/product\/18006\/revisions\/18498"}],"wp:featuredmedia":[{"embeddable":true,"href":"https:\/\/barrsell.com\/en\/wp-json\/wp\/v2\/media\/18023"}],"wp:attachment":[{"href":"https:\/\/barrsell.com\/en\/wp-json\/wp\/v2\/media?parent=18006"}],"wp:term":[{"taxonomy":"product_cat","embeddable":true,"href":"https:\/\/barrsell.com\/en\/wp-json\/wp\/v2\/product_cat?post=18006"},{"taxonomy":"product_tag","embeddable":true,"href":"https:\/\/barrsell.com\/en\/wp-json\/wp\/v2\/product_tag?post=18006"}],"curies":[{"name":"wp","href":"https:\/\/api.w.org\/{rel}","templated":true}]}}