{"id":17966,"date":"2024-11-02T14:55:38","date_gmt":"2024-11-02T14:55:38","guid":{"rendered":"https:\/\/barrsell.com\/?post_type=product&#038;p=17966"},"modified":"2024-11-23T13:14:41","modified_gmt":"2024-11-23T13:14:41","slug":"pego-soguk-su-tahliye-hortumu-kiti","status":"publish","type":"product","link":"https:\/\/barrsell.com\/en\/product\/pego-cold-water-drain-hose-kit\/","title":{"rendered":"Pego Cold Water Drain Hose Kit"},"content":{"rendered":"<div class=\"flex max-w-full flex-col flex-grow\">\n<div class=\"min-h-8 text-message flex w-full flex-col items-end gap-2 whitespace-normal break-words [.text-message+&amp;]:mt-5\" dir=\"auto\" data-message-author-role=\"assistant\" data-message-id=\"4cfcf76d-0882-48ab-a722-7f80b1d975f9\" data-message-model-slug=\"gpt-4o-mini\">\n<div class=\"flex w-full flex-col gap-1 empty:hidden first:pt-[3px]\">\n<div class=\"markdown prose w-full break-words dark:prose-invert light\">\n<h2>Pego Cold Water Drain Hose Kit (ES series only)<\/h2>\n<p class=\" translation-block\">The <a href=\"\/\/barrsell.com\/kategoriler\/buhar-jeneratorleri-nemlendiriciler\/pego-buharli-nemlendirici\/\u201d\" target=\"\u201c_self\u201d\">Pego<\/a> Cool <em>Water Drain Hose Kit<\/em> protects the PVC piping of ES series humidifiers and prevents damage by lowering the temperature of the outlet water. By optimizing the coolant discharge, this accessory increases the overall safety of the system and ensures long-lasting performance.<\/p>\n<h4>Product Specifications:<\/h4>\n<ul>\n<li class=\" translation-block\"><strong>Purpose:<\/strong> Protecting PVC drain pipes by reducing the temperature of the humidifier outlet water<\/li>\n<li class=\" translation-block\"><strong>Application:<\/strong> Compatible with ES series moisturizers only<\/li>\n<li class=\" translation-block\"><strong>Easy Installation:<\/strong> Fast integration with simple installation<\/li>\n<li class=\" translation-block\"><strong>Order Option:<\/strong> Order with Cold Evacuation Kit or humidifiers.<\/li>\n<\/ul>\n<p>Pego So\u011fuk Su Tahliye Hortumu Kiti, <a href=\"https:\/\/wdteknoloji.com\/kategori\/hygromatik-nemlendirici-urunler\/\">nemlendirme<\/a> sistemlerindeki su tahliyesini etkili bir \u015fekilde y\u00f6netir. Ayr\u0131ca borular\u0131n dayan\u0131kl\u0131l\u0131\u011f\u0131n\u0131 art\u0131rmak i\u00e7in kritik bir rol oynar. Bu aksesuar, \u00f6zellikle uzun s\u00fcreli kullan\u0131mda PVC borular\u0131n \u00f6mr\u00fcn\u00fc uzat\u0131r ve bak\u0131m maliyetlerini d\u00fc\u015f\u00fcr\u00fcr. Nemlendirme s\u00fcre\u00e7lerinizde g\u00fcvenilir bir \u00e7\u00f6z\u00fcm.<\/p>\n<\/div>\n<\/div>\n<\/div>\n<\/div>\n<div>\n<h4><strong>Easysteam Nemlendiriciler i\u00e7in geli\u015ftirilen Su Tahliye Hortumu Kiti<\/strong><\/h4>\n<p>Zengin aksesuar se\u00e7enekleri sayesinde <em><strong>Easysteam nemlendiriciler<\/strong><\/em>, her t\u00fcrl\u00fc kurulum gereksinimine uygun bir \u00e7\u00f6z\u00fcm sunar. Kullan\u0131m kolayl\u0131\u011f\u0131n\u0131 art\u0131r\u0131r.Ve ayn\u0131 zamanda buhar da\u011f\u0131t\u0131m\u0131n\u0131n en \u00fcst seviyede optimize edilmesine olanak tan\u0131r. Buhar da\u011f\u0131t\u0131m\u0131 i\u00e7in <strong>da\u011f\u0131t\u0131m m\u0131zraklar\u0131<\/strong>, <strong>dif\u00fcz\u00f6r nozul<\/strong> (\u00f6zellikle buhar odas\u0131 ve T\u00fcrk hamamlar\u0131 gibi uygulamalar i\u00e7in ideal) ya da <strong>havaland\u0131rma ba\u015fl\u0131\u011f\u0131<\/strong> gibi \u00e7e\u015fitli aksesuarlarla entegre. Havaland\u0131rma ba\u015fl\u0131\u011f\u0131 do\u011frudan nemlendiriciye monte edilebilir. Ayr\u0131ca, uzaktan ba\u011flant\u0131 i\u00e7in \u00f6zel bir destek braketi \u00fczerine de yerle\u015ftirilebilir. <em>Pego So\u011fuk su tahliye hortumu<\/em>, <strong>toksik olmayan malzemelerden \u00fcretilmi\u015ftir. <\/strong>Hem dayan\u0131kl\u0131l\u0131\u011f\u0131 hem de \u00e7evre dostu yap\u0131s\u0131yla \u00f6ne \u00e7\u0131kar. B\u00f6ylece kolay kurulum \u00f6zelli\u011fi sayesinde, hem do\u011frudan nemlendiriciye hem de gerekti\u011finde harici destek ba\u011flant\u0131 noktalar\u0131na uyum sa\u011flar. Hortum \u00e7ap\u0131, farkl\u0131 kurulum ihtiya\u00e7lar\u0131na cevap vermek i\u00e7in <strong>DN25 ve DN40<\/strong> gibi \u00e7e\u015fitli boyutlarda mevcuttur.<\/p>\n<p><strong>SO\u011eUTMA SUYU TAHLI\u0307YESI\u0307 I\u0307\u00c7I\u0307N AKSESUAR (SADECE ES SERI\u0307SI\u0307)<\/strong><\/p>\n<\/div>","protected":false},"excerpt":{"rendered":"<h4>Compatible Humidifiers<\/h4>\n<p><strong>Pego S Series<\/strong>: S-020, S-040, S-060<\/p>\n<p>DN25<\/p>","protected":false},"featured_media":17967,"template":"","meta":[],"product_cat":[142],"product_tag":[],"class_list":{"0":"post-17966","1":"product","2":"type-product","3":"status-publish","4":"has-post-thumbnail","6":"product_cat-pego-yedek-parcalari","8":"first","9":"instock","10":"shipping-taxable","11":"product-type-external"},"yoast_head":"<!-- This site is optimized with the Yoast SEO Premium plugin v23.2 (Yoast SEO v23.2) - https:\/\/yoast.com\/wordpress\/plugins\/seo\/ -->\n<title>Pego So\u011fuk Su Tahliye Hortumu Kiti | Barrsell End\u00fcstri<\/title>\n<meta name=\"description\" content=\"Pego So\u011fuk Su Tahliye Hortumu Kiti , ES serisi nemlendiriciler i\u00e7in \u00f6zel olarak tasarland\u0131 PVC tahliye borular\u0131n\u0131n hasar g\u00f6rmesini \u00f6nler.\" \/>\n<meta name=\"robots\" content=\"index, follow, max-snippet:-1, max-image-preview:large, max-video-preview:-1\" \/>\n<link rel=\"canonical\" href=\"https:\/\/barrsell.com\/en\/product\/pego-cold-water-drain-hose-kit\/\" \/>\n<meta property=\"og:locale\" content=\"en_US\" \/>\n<meta property=\"og:type\" content=\"article\" \/>\n<meta property=\"og:title\" content=\"Pego So\u011fuk Su Tahliye Hortumu Kiti\" \/>\n<meta property=\"og:description\" content=\"Pego So\u011fuk Su Tahliye Hortumu Kiti , ES serisi nemlendiriciler i\u00e7in \u00f6zel olarak tasarland\u0131 PVC tahliye borular\u0131n\u0131n hasar g\u00f6rmesini \u00f6nler.\" \/>\n<meta property=\"og:url\" content=\"https:\/\/barrsell.com\/en\/product\/pego-cold-water-drain-hose-kit\/\" \/>\n<meta property=\"og:site_name\" content=\"Barrsell\" \/>\n<meta property=\"article:modified_time\" content=\"2024-11-23T13:14:41+00:00\" \/>\n<meta property=\"og:image\" content=\"https:\/\/barrsell.com\/wp-content\/uploads\/2024\/11\/Pego-Soguk-Su-Tahliye-Hortumu-Kiti.png\" \/>\n\t<meta property=\"og:image:width\" content=\"1200\" \/>\n\t<meta property=\"og:image:height\" content=\"1200\" \/>\n\t<meta property=\"og:image:type\" content=\"image\/png\" \/>\n<meta name=\"twitter:card\" content=\"summary_large_image\" \/>\n<meta name=\"twitter:label1\" content=\"Est. reading time\" \/>\n\t<meta name=\"twitter:data1\" content=\"2 minutes\" \/>\n<script type=\"application\/ld+json\" class=\"yoast-schema-graph\">{\"@context\":\"https:\/\/schema.org\",\"@graph\":[{\"@type\":\"WebPage\",\"@id\":\"https:\/\/barrsell.com\/urun\/pego-soguk-su-tahliye-hortumu-kiti\/\",\"url\":\"https:\/\/barrsell.com\/urun\/pego-soguk-su-tahliye-hortumu-kiti\/\",\"name\":\"Pego So\u011fuk Su Tahliye Hortumu Kiti | Barrsell End\u00fcstri\",\"isPartOf\":{\"@id\":\"https:\/\/barrsell.com\/#website\"},\"primaryImageOfPage\":{\"@id\":\"https:\/\/barrsell.com\/urun\/pego-soguk-su-tahliye-hortumu-kiti\/#primaryimage\"},\"image\":{\"@id\":\"https:\/\/barrsell.com\/urun\/pego-soguk-su-tahliye-hortumu-kiti\/#primaryimage\"},\"thumbnailUrl\":\"https:\/\/barrsell.com\/wp-content\/uploads\/2024\/11\/Pego-Soguk-Su-Tahliye-Hortumu-Kiti.png\",\"datePublished\":\"2024-11-02T14:55:38+00:00\",\"dateModified\":\"2024-11-23T13:14:41+00:00\",\"description\":\"Pego So\u011fuk Su Tahliye Hortumu Kiti , ES serisi nemlendiriciler i\u00e7in \u00f6zel olarak tasarland\u0131 PVC tahliye borular\u0131n\u0131n hasar g\u00f6rmesini \u00f6nler.\",\"breadcrumb\":{\"@id\":\"https:\/\/barrsell.com\/urun\/pego-soguk-su-tahliye-hortumu-kiti\/#breadcrumb\"},\"inLanguage\":\"en-US\",\"potentialAction\":[{\"@type\":\"ReadAction\",\"target\":[\"https:\/\/barrsell.com\/urun\/pego-soguk-su-tahliye-hortumu-kiti\/\"]}]},{\"@type\":\"ImageObject\",\"inLanguage\":\"en-US\",\"@id\":\"https:\/\/barrsell.com\/urun\/pego-soguk-su-tahliye-hortumu-kiti\/#primaryimage\",\"url\":\"https:\/\/barrsell.com\/wp-content\/uploads\/2024\/11\/Pego-Soguk-Su-Tahliye-Hortumu-Kiti.png\",\"contentUrl\":\"https:\/\/barrsell.com\/wp-content\/uploads\/2024\/11\/Pego-Soguk-Su-Tahliye-Hortumu-Kiti.png\",\"width\":1200,\"height\":1200,\"caption\":\"Pego So\u011fuk Su Tahliye Hortumu Kiti\"},{\"@type\":\"BreadcrumbList\",\"@id\":\"https:\/\/barrsell.com\/urun\/pego-soguk-su-tahliye-hortumu-kiti\/#breadcrumb\",\"itemListElement\":[{\"@type\":\"ListItem\",\"position\":1,\"name\":\"Home\",\"item\":\"https:\/\/barrsell.com\/\"},{\"@type\":\"ListItem\",\"position\":2,\"name\":\"\u00dcr\u00fcnler\",\"item\":\"https:\/\/barrsell.com\/en\/products\/\"},{\"@type\":\"ListItem\",\"position\":3,\"name\":\"Pego So\u011fuk Su Tahliye Hortumu Kiti\"}]},{\"@type\":\"WebSite\",\"@id\":\"https:\/\/barrsell.com\/#website\",\"url\":\"https:\/\/barrsell.com\/\",\"name\":\"Barrsell End\u00fcstri Makine\",\"description\":\"Teknolojiyle G\u00fc\u00e7lenen End\u00fcstriyel \u00c7\u00f6z\u00fcmler!\",\"potentialAction\":[{\"@type\":\"SearchAction\",\"target\":{\"@type\":\"EntryPoint\",\"urlTemplate\":\"https:\/\/barrsell.com\/?s={search_term_string}\"},\"query-input\":\"required name=search_term_string\"}],\"inLanguage\":\"en-US\"}]}<\/script>\n<!-- \/ Yoast SEO Premium plugin. -->","yoast_head_json":{"title":"Pego So\u011fuk Su Tahliye Hortumu Kiti | Barrsell End\u00fcstri","description":"Pego So\u011fuk Su Tahliye Hortumu Kiti , ES serisi nemlendiriciler i\u00e7in \u00f6zel olarak tasarland\u0131 PVC tahliye borular\u0131n\u0131n hasar g\u00f6rmesini \u00f6nler.","robots":{"index":"index","follow":"follow","max-snippet":"max-snippet:-1","max-image-preview":"max-image-preview:large","max-video-preview":"max-video-preview:-1"},"canonical":"https:\/\/barrsell.com\/en\/product\/pego-cold-water-drain-hose-kit\/","og_locale":"en_US","og_type":"article","og_title":"Pego So\u011fuk Su Tahliye Hortumu Kiti","og_description":"Pego So\u011fuk Su Tahliye Hortumu Kiti , ES serisi nemlendiriciler i\u00e7in \u00f6zel olarak tasarland\u0131 PVC tahliye borular\u0131n\u0131n hasar g\u00f6rmesini \u00f6nler.","og_url":"https:\/\/barrsell.com\/en\/product\/pego-cold-water-drain-hose-kit\/","og_site_name":"Barrsell","article_modified_time":"2024-11-23T13:14:41+00:00","og_image":[{"width":1200,"height":1200,"url":"https:\/\/barrsell.com\/wp-content\/uploads\/2024\/11\/Pego-Soguk-Su-Tahliye-Hortumu-Kiti.png","type":"image\/png"}],"twitter_card":"summary_large_image","twitter_misc":{"Est. reading time":"2 minutes"},"schema":{"@context":"https:\/\/schema.org","@graph":[{"@type":"WebPage","@id":"https:\/\/barrsell.com\/urun\/pego-soguk-su-tahliye-hortumu-kiti\/","url":"https:\/\/barrsell.com\/urun\/pego-soguk-su-tahliye-hortumu-kiti\/","name":"Pego So\u011fuk Su Tahliye Hortumu Kiti | Barrsell End\u00fcstri","isPartOf":{"@id":"https:\/\/barrsell.com\/#website"},"primaryImageOfPage":{"@id":"https:\/\/barrsell.com\/urun\/pego-soguk-su-tahliye-hortumu-kiti\/#primaryimage"},"image":{"@id":"https:\/\/barrsell.com\/urun\/pego-soguk-su-tahliye-hortumu-kiti\/#primaryimage"},"thumbnailUrl":"https:\/\/barrsell.com\/wp-content\/uploads\/2024\/11\/Pego-Soguk-Su-Tahliye-Hortumu-Kiti.png","datePublished":"2024-11-02T14:55:38+00:00","dateModified":"2024-11-23T13:14:41+00:00","description":"Pego So\u011fuk Su Tahliye Hortumu Kiti , ES serisi nemlendiriciler i\u00e7in \u00f6zel olarak tasarland\u0131 PVC tahliye borular\u0131n\u0131n hasar g\u00f6rmesini \u00f6nler.","breadcrumb":{"@id":"https:\/\/barrsell.com\/urun\/pego-soguk-su-tahliye-hortumu-kiti\/#breadcrumb"},"inLanguage":"en-US","potentialAction":[{"@type":"ReadAction","target":["https:\/\/barrsell.com\/urun\/pego-soguk-su-tahliye-hortumu-kiti\/"]}]},{"@type":"ImageObject","inLanguage":"en-US","@id":"https:\/\/barrsell.com\/urun\/pego-soguk-su-tahliye-hortumu-kiti\/#primaryimage","url":"https:\/\/barrsell.com\/wp-content\/uploads\/2024\/11\/Pego-Soguk-Su-Tahliye-Hortumu-Kiti.png","contentUrl":"https:\/\/barrsell.com\/wp-content\/uploads\/2024\/11\/Pego-Soguk-Su-Tahliye-Hortumu-Kiti.png","width":1200,"height":1200,"caption":"Pego So\u011fuk Su Tahliye Hortumu Kiti"},{"@type":"BreadcrumbList","@id":"https:\/\/barrsell.com\/urun\/pego-soguk-su-tahliye-hortumu-kiti\/#breadcrumb","itemListElement":[{"@type":"ListItem","position":1,"name":"Home","item":"https:\/\/barrsell.com\/"},{"@type":"ListItem","position":2,"name":"\u00dcr\u00fcnler","item":"https:\/\/barrsell.com\/en\/products\/"},{"@type":"ListItem","position":3,"name":"Pego So\u011fuk Su Tahliye Hortumu Kiti"}]},{"@type":"WebSite","@id":"https:\/\/barrsell.com\/#website","url":"https:\/\/barrsell.com\/","name":"Barrsell End\u00fcstri Makine","description":"Teknolojiyle G\u00fc\u00e7lenen End\u00fcstriyel \u00c7\u00f6z\u00fcmler!","potentialAction":[{"@type":"SearchAction","target":{"@type":"EntryPoint","urlTemplate":"https:\/\/barrsell.com\/?s={search_term_string}"},"query-input":"required name=search_term_string"}],"inLanguage":"en-US"}]}},"_links":{"self":[{"href":"https:\/\/barrsell.com\/en\/wp-json\/wp\/v2\/product\/17966","targetHints":{"allow":["GET"]}}],"collection":[{"href":"https:\/\/barrsell.com\/en\/wp-json\/wp\/v2\/product"}],"about":[{"href":"https:\/\/barrsell.com\/en\/wp-json\/wp\/v2\/types\/product"}],"version-history":[{"count":6,"href":"https:\/\/barrsell.com\/en\/wp-json\/wp\/v2\/product\/17966\/revisions"}],"predecessor-version":[{"id":18502,"href":"https:\/\/barrsell.com\/en\/wp-json\/wp\/v2\/product\/17966\/revisions\/18502"}],"wp:featuredmedia":[{"embeddable":true,"href":"https:\/\/barrsell.com\/en\/wp-json\/wp\/v2\/media\/17967"}],"wp:attachment":[{"href":"https:\/\/barrsell.com\/en\/wp-json\/wp\/v2\/media?parent=17966"}],"wp:term":[{"taxonomy":"product_cat","embeddable":true,"href":"https:\/\/barrsell.com\/en\/wp-json\/wp\/v2\/product_cat?post=17966"},{"taxonomy":"product_tag","embeddable":true,"href":"https:\/\/barrsell.com\/en\/wp-json\/wp\/v2\/product_tag?post=17966"}],"curies":[{"name":"wp","href":"https:\/\/api.w.org\/{rel}","templated":true}]}}