{"id":17963,"date":"2024-11-02T14:49:22","date_gmt":"2024-11-02T14:49:22","guid":{"rendered":"https:\/\/barrsell.com\/?post_type=product&#038;p=17963"},"modified":"2024-11-23T13:18:47","modified_gmt":"2024-11-23T13:18:47","slug":"pego-paslanmaz-celik-buhar-dagitici-paslanmaz-celik-buhar-dagitici","status":"publish","type":"product","link":"https:\/\/barrsell.com\/en\/product\/pego-stainless-steel-steam-distributor-stainless-steel-steam-distributor\/","title":{"rendered":"Pego Stainless Steel Steam Dispenser"},"content":{"rendered":"<div class=\"flex max-w-full flex-col flex-grow\">\n<div class=\"min-h-8 text-message flex w-full flex-col items-end gap-2 whitespace-normal break-words [.text-message+&amp;]:mt-5\" dir=\"auto\" data-message-author-role=\"assistant\" data-message-id=\"68191d25-7919-46f3-99d9-9ffc4e45eae2\" data-message-model-slug=\"gpt-4o-mini\">\n<div class=\"flex w-full flex-col gap-1 empty:hidden first:pt-[3px]\">\n<div class=\"markdown prose w-full break-words dark:prose-invert light\">\n<h2>Pego Stainless Steel Steam Dispenser<\/h2>\n<p class=\" translation-block\">Designed specifically for the <strong>PEGO EASYSTEAM humidifier<\/strong>, the <em>Pego Stainless Steel Steam Distributor<\/em> has been developed to ensure optimum steam distribution in a variety of installations and applications. This wide range of models meets the needs of users by offering high efficiency and easy installation in any installation.<\/p>\n<h4>Pego Steam Dispenser Product Specifications:<\/h4>\n<ul>\n<li class=\" translation-block\"><strong>Material:<\/strong> Long life and durability guaranteed.<\/li>\n<li class=\" translation-block\"><strong>Design:<\/strong> Suitable for condensate recovery, supplied with connection brackets<\/li>\n<li class=\" translation-block\"><strong>Product Type:<\/strong> Linear steam dispensers<\/li>\n<li class=\" translation-block\"><strong>Diameter Options:<\/strong> 25 mm and 40 mm<\/li>\n<li class=\" translation-block\"><strong>Length Options:<\/strong> Available in different lengths<\/li>\n<\/ul>\n<div id=\"attachment_18348\" style=\"width: 1034px\" class=\"wp-caption alignnone\"><a href=\"https:\/\/barrsell.com\/wp-content\/uploads\/2024\/11\/Pego-Buhar-Dagitici.jpg\"><img fetchpriority=\"high\" decoding=\"async\" aria-describedby=\"caption-attachment-18348\" class=\"wp-image-18348 size-large\" src=\"https:\/\/barrsell.com\/wp-content\/uploads\/2024\/11\/Pego-Buhar-Dagitici-1024x564.jpg\" alt=\"\" width=\"1024\" height=\"564\" srcset=\"https:\/\/barrsell.com\/wp-content\/uploads\/2024\/11\/Pego-Buhar-Dagitici-1024x564.jpg 1024w, https:\/\/barrsell.com\/wp-content\/uploads\/2024\/11\/Pego-Buhar-Dagitici-300x165.jpg 300w, https:\/\/barrsell.com\/wp-content\/uploads\/2024\/11\/Pego-Buhar-Dagitici-768x423.jpg 768w, https:\/\/barrsell.com\/wp-content\/uploads\/2024\/11\/Pego-Buhar-Dagitici-18x10.jpg 18w, https:\/\/barrsell.com\/wp-content\/uploads\/2024\/11\/Pego-Buhar-Dagitici-150x83.jpg 150w, https:\/\/barrsell.com\/wp-content\/uploads\/2024\/11\/Pego-Buhar-Dagitici.jpg 1078w\" sizes=\"(max-width: 1024px) 100vw, 1024px\" \/><\/a><p id=\"caption-attachment-18348\" class=\"wp-caption-text\">Pego Steam Dispenser<\/p><\/div>\n<p class=\" translation-block\">These linear steam distributors increase the efficiency of the <strong>PEGO EASYSTEAM<\/strong> system, ensuring efficient and even steam distribution. The rust-free steel construction increases the durability of the devices, ensuring reliable performance even in harsh conditions. Connection brackets simplify installation, while condensate recovery features increase energy efficiency. <em>PEGO EASYSTEAM<\/em> accessories are the ideal choice for those looking for a comfortable and efficient <a href=\"\/\/wdteknoloji.com\/kategori\/hygromatik-nemlendirici-urunler\/\u201d\" target=\"\u201c_self\u201d\">humidification<\/a> solution.<\/p>\n<h4 class=\"uk-h2\">Pego Vapor Dispersant Applications<\/h4>\n<div class=\"uk-panel uk-margin\">\n<ul>\n<li>Steam distribution channels.<\/li>\n<li>Steam distribution cells.<\/li>\n<\/ul>\n<\/div>\n<\/div>\n<\/div>\n<\/div>\n<\/div>","protected":false},"excerpt":{"rendered":"<h4>Compatible Humidifier Models<\/h4>\n<p><strong>Pego S Series<\/strong>: S-040<br \/>\n<strong>Pego T Series<\/strong>: T-040<\/p>\n<p>DN25<\/p>","protected":false},"featured_media":17964,"template":"","meta":[],"product_cat":[142],"product_tag":[],"class_list":{"0":"post-17963","1":"product","2":"type-product","3":"status-publish","4":"has-post-thumbnail","6":"product_cat-pego-yedek-parcalari","8":"first","9":"instock","10":"shipping-taxable","11":"product-type-external"},"yoast_head":"<!-- This site is optimized with the Yoast SEO Premium plugin v23.2 (Yoast SEO v23.2) - https:\/\/yoast.com\/wordpress\/plugins\/seo\/ -->\n<title>Pego Paslanmaz \u00c7elik Buhar Da\u011f\u0131t\u0131c\u0131 | Barrsell End\u00fcstri<\/title>\n<meta name=\"description\" content=\"PEGO EASYSTEAM nemlendirici i\u00e7in \u00f6zel olarak tasarlanm\u0131\u015f Pego Paslanmaz \u00c7elik Buhar Da\u011f\u0131t\u0131c\u0131, optimum buhar da\u011f\u0131t\u0131m\u0131n\u0131 sa\u011flamak \u00fczere geli\u015ftirilmi\u015ftir.\" \/>\n<meta name=\"robots\" content=\"index, follow, max-snippet:-1, max-image-preview:large, max-video-preview:-1\" \/>\n<link rel=\"canonical\" href=\"https:\/\/barrsell.com\/en\/product\/pego-stainless-steel-steam-distributor-stainless-steel-steam-distributor\/\" \/>\n<meta property=\"og:locale\" content=\"en_US\" \/>\n<meta property=\"og:type\" content=\"article\" \/>\n<meta property=\"og:title\" content=\"Pego Paslanmaz \u00c7elik Buhar Da\u011f\u0131t\u0131c\u0131\" \/>\n<meta property=\"og:description\" content=\"PEGO EASYSTEAM nemlendirici i\u00e7in \u00f6zel olarak tasarlanm\u0131\u015f Pego Paslanmaz \u00c7elik Buhar Da\u011f\u0131t\u0131c\u0131, optimum buhar da\u011f\u0131t\u0131m\u0131n\u0131 sa\u011flamak \u00fczere geli\u015ftirilmi\u015ftir.\" \/>\n<meta property=\"og:url\" content=\"https:\/\/barrsell.com\/en\/product\/pego-stainless-steel-steam-distributor-stainless-steel-steam-distributor\/\" \/>\n<meta property=\"og:site_name\" content=\"Barrsell\" \/>\n<meta property=\"article:modified_time\" content=\"2024-11-23T13:18:47+00:00\" \/>\n<meta property=\"og:image\" content=\"https:\/\/barrsell.com\/wp-content\/uploads\/2024\/11\/Pego-Paslanmaz-Celik-Buhar-Dagiticisi.png\" \/>\n\t<meta property=\"og:image:width\" content=\"1200\" \/>\n\t<meta property=\"og:image:height\" content=\"1200\" \/>\n\t<meta property=\"og:image:type\" content=\"image\/png\" \/>\n<meta name=\"twitter:card\" content=\"summary_large_image\" \/>\n<meta name=\"twitter:label1\" content=\"Est. reading time\" \/>\n\t<meta name=\"twitter:data1\" content=\"2 minutes\" \/>\n<script type=\"application\/ld+json\" class=\"yoast-schema-graph\">{\"@context\":\"https:\/\/schema.org\",\"@graph\":[{\"@type\":\"WebPage\",\"@id\":\"https:\/\/barrsell.com\/urun\/pego-paslanmaz-celik-buhar-dagitici-paslanmaz-celik-buhar-dagitici\/\",\"url\":\"https:\/\/barrsell.com\/urun\/pego-paslanmaz-celik-buhar-dagitici-paslanmaz-celik-buhar-dagitici\/\",\"name\":\"Pego Paslanmaz \u00c7elik Buhar Da\u011f\u0131t\u0131c\u0131 | Barrsell End\u00fcstri\",\"isPartOf\":{\"@id\":\"https:\/\/barrsell.com\/#website\"},\"primaryImageOfPage\":{\"@id\":\"https:\/\/barrsell.com\/urun\/pego-paslanmaz-celik-buhar-dagitici-paslanmaz-celik-buhar-dagitici\/#primaryimage\"},\"image\":{\"@id\":\"https:\/\/barrsell.com\/urun\/pego-paslanmaz-celik-buhar-dagitici-paslanmaz-celik-buhar-dagitici\/#primaryimage\"},\"thumbnailUrl\":\"https:\/\/barrsell.com\/wp-content\/uploads\/2024\/11\/Pego-Paslanmaz-Celik-Buhar-Dagiticisi.png\",\"datePublished\":\"2024-11-02T14:49:22+00:00\",\"dateModified\":\"2024-11-23T13:18:47+00:00\",\"description\":\"PEGO EASYSTEAM nemlendirici i\u00e7in \u00f6zel olarak tasarlanm\u0131\u015f Pego Paslanmaz \u00c7elik Buhar Da\u011f\u0131t\u0131c\u0131, optimum buhar da\u011f\u0131t\u0131m\u0131n\u0131 sa\u011flamak \u00fczere geli\u015ftirilmi\u015ftir.\",\"breadcrumb\":{\"@id\":\"https:\/\/barrsell.com\/urun\/pego-paslanmaz-celik-buhar-dagitici-paslanmaz-celik-buhar-dagitici\/#breadcrumb\"},\"inLanguage\":\"en-US\",\"potentialAction\":[{\"@type\":\"ReadAction\",\"target\":[\"https:\/\/barrsell.com\/urun\/pego-paslanmaz-celik-buhar-dagitici-paslanmaz-celik-buhar-dagitici\/\"]}]},{\"@type\":\"ImageObject\",\"inLanguage\":\"en-US\",\"@id\":\"https:\/\/barrsell.com\/urun\/pego-paslanmaz-celik-buhar-dagitici-paslanmaz-celik-buhar-dagitici\/#primaryimage\",\"url\":\"https:\/\/barrsell.com\/wp-content\/uploads\/2024\/11\/Pego-Paslanmaz-Celik-Buhar-Dagiticisi.png\",\"contentUrl\":\"https:\/\/barrsell.com\/wp-content\/uploads\/2024\/11\/Pego-Paslanmaz-Celik-Buhar-Dagiticisi.png\",\"width\":1200,\"height\":1200,\"caption\":\"Pego Paslanmaz \u00c7elik Buhar Da\u011f\u0131t\u0131c\u0131s\u0131\"},{\"@type\":\"BreadcrumbList\",\"@id\":\"https:\/\/barrsell.com\/urun\/pego-paslanmaz-celik-buhar-dagitici-paslanmaz-celik-buhar-dagitici\/#breadcrumb\",\"itemListElement\":[{\"@type\":\"ListItem\",\"position\":1,\"name\":\"Home\",\"item\":\"https:\/\/barrsell.com\/\"},{\"@type\":\"ListItem\",\"position\":2,\"name\":\"\u00dcr\u00fcnler\",\"item\":\"https:\/\/barrsell.com\/en\/products\/\"},{\"@type\":\"ListItem\",\"position\":3,\"name\":\"Pego Paslanmaz \u00c7elik Buhar Da\u011f\u0131t\u0131c\u0131\"}]},{\"@type\":\"WebSite\",\"@id\":\"https:\/\/barrsell.com\/#website\",\"url\":\"https:\/\/barrsell.com\/\",\"name\":\"Barrsell End\u00fcstri Makine\",\"description\":\"Teknolojiyle G\u00fc\u00e7lenen End\u00fcstriyel \u00c7\u00f6z\u00fcmler!\",\"potentialAction\":[{\"@type\":\"SearchAction\",\"target\":{\"@type\":\"EntryPoint\",\"urlTemplate\":\"https:\/\/barrsell.com\/?s={search_term_string}\"},\"query-input\":\"required name=search_term_string\"}],\"inLanguage\":\"en-US\"}]}<\/script>\n<!-- \/ Yoast SEO Premium plugin. -->","yoast_head_json":{"title":"Pego Paslanmaz \u00c7elik Buhar Da\u011f\u0131t\u0131c\u0131 | Barrsell End\u00fcstri","description":"PEGO EASYSTEAM nemlendirici i\u00e7in \u00f6zel olarak tasarlanm\u0131\u015f Pego Paslanmaz \u00c7elik Buhar Da\u011f\u0131t\u0131c\u0131, optimum buhar da\u011f\u0131t\u0131m\u0131n\u0131 sa\u011flamak \u00fczere geli\u015ftirilmi\u015ftir.","robots":{"index":"index","follow":"follow","max-snippet":"max-snippet:-1","max-image-preview":"max-image-preview:large","max-video-preview":"max-video-preview:-1"},"canonical":"https:\/\/barrsell.com\/en\/product\/pego-stainless-steel-steam-distributor-stainless-steel-steam-distributor\/","og_locale":"en_US","og_type":"article","og_title":"Pego Paslanmaz \u00c7elik Buhar Da\u011f\u0131t\u0131c\u0131","og_description":"PEGO EASYSTEAM nemlendirici i\u00e7in \u00f6zel olarak tasarlanm\u0131\u015f Pego Paslanmaz \u00c7elik Buhar Da\u011f\u0131t\u0131c\u0131, optimum buhar da\u011f\u0131t\u0131m\u0131n\u0131 sa\u011flamak \u00fczere geli\u015ftirilmi\u015ftir.","og_url":"https:\/\/barrsell.com\/en\/product\/pego-stainless-steel-steam-distributor-stainless-steel-steam-distributor\/","og_site_name":"Barrsell","article_modified_time":"2024-11-23T13:18:47+00:00","og_image":[{"width":1200,"height":1200,"url":"https:\/\/barrsell.com\/wp-content\/uploads\/2024\/11\/Pego-Paslanmaz-Celik-Buhar-Dagiticisi.png","type":"image\/png"}],"twitter_card":"summary_large_image","twitter_misc":{"Est. reading time":"2 minutes"},"schema":{"@context":"https:\/\/schema.org","@graph":[{"@type":"WebPage","@id":"https:\/\/barrsell.com\/urun\/pego-paslanmaz-celik-buhar-dagitici-paslanmaz-celik-buhar-dagitici\/","url":"https:\/\/barrsell.com\/urun\/pego-paslanmaz-celik-buhar-dagitici-paslanmaz-celik-buhar-dagitici\/","name":"Pego Paslanmaz \u00c7elik Buhar Da\u011f\u0131t\u0131c\u0131 | Barrsell End\u00fcstri","isPartOf":{"@id":"https:\/\/barrsell.com\/#website"},"primaryImageOfPage":{"@id":"https:\/\/barrsell.com\/urun\/pego-paslanmaz-celik-buhar-dagitici-paslanmaz-celik-buhar-dagitici\/#primaryimage"},"image":{"@id":"https:\/\/barrsell.com\/urun\/pego-paslanmaz-celik-buhar-dagitici-paslanmaz-celik-buhar-dagitici\/#primaryimage"},"thumbnailUrl":"https:\/\/barrsell.com\/wp-content\/uploads\/2024\/11\/Pego-Paslanmaz-Celik-Buhar-Dagiticisi.png","datePublished":"2024-11-02T14:49:22+00:00","dateModified":"2024-11-23T13:18:47+00:00","description":"PEGO EASYSTEAM nemlendirici i\u00e7in \u00f6zel olarak tasarlanm\u0131\u015f Pego Paslanmaz \u00c7elik Buhar Da\u011f\u0131t\u0131c\u0131, optimum buhar da\u011f\u0131t\u0131m\u0131n\u0131 sa\u011flamak \u00fczere geli\u015ftirilmi\u015ftir.","breadcrumb":{"@id":"https:\/\/barrsell.com\/urun\/pego-paslanmaz-celik-buhar-dagitici-paslanmaz-celik-buhar-dagitici\/#breadcrumb"},"inLanguage":"en-US","potentialAction":[{"@type":"ReadAction","target":["https:\/\/barrsell.com\/urun\/pego-paslanmaz-celik-buhar-dagitici-paslanmaz-celik-buhar-dagitici\/"]}]},{"@type":"ImageObject","inLanguage":"en-US","@id":"https:\/\/barrsell.com\/urun\/pego-paslanmaz-celik-buhar-dagitici-paslanmaz-celik-buhar-dagitici\/#primaryimage","url":"https:\/\/barrsell.com\/wp-content\/uploads\/2024\/11\/Pego-Paslanmaz-Celik-Buhar-Dagiticisi.png","contentUrl":"https:\/\/barrsell.com\/wp-content\/uploads\/2024\/11\/Pego-Paslanmaz-Celik-Buhar-Dagiticisi.png","width":1200,"height":1200,"caption":"Pego Paslanmaz \u00c7elik Buhar Da\u011f\u0131t\u0131c\u0131s\u0131"},{"@type":"BreadcrumbList","@id":"https:\/\/barrsell.com\/urun\/pego-paslanmaz-celik-buhar-dagitici-paslanmaz-celik-buhar-dagitici\/#breadcrumb","itemListElement":[{"@type":"ListItem","position":1,"name":"Home","item":"https:\/\/barrsell.com\/"},{"@type":"ListItem","position":2,"name":"\u00dcr\u00fcnler","item":"https:\/\/barrsell.com\/en\/products\/"},{"@type":"ListItem","position":3,"name":"Pego Paslanmaz \u00c7elik Buhar Da\u011f\u0131t\u0131c\u0131"}]},{"@type":"WebSite","@id":"https:\/\/barrsell.com\/#website","url":"https:\/\/barrsell.com\/","name":"Barrsell End\u00fcstri Makine","description":"Teknolojiyle G\u00fc\u00e7lenen End\u00fcstriyel \u00c7\u00f6z\u00fcmler!","potentialAction":[{"@type":"SearchAction","target":{"@type":"EntryPoint","urlTemplate":"https:\/\/barrsell.com\/?s={search_term_string}"},"query-input":"required name=search_term_string"}],"inLanguage":"en-US"}]}},"_links":{"self":[{"href":"https:\/\/barrsell.com\/en\/wp-json\/wp\/v2\/product\/17963","targetHints":{"allow":["GET"]}}],"collection":[{"href":"https:\/\/barrsell.com\/en\/wp-json\/wp\/v2\/product"}],"about":[{"href":"https:\/\/barrsell.com\/en\/wp-json\/wp\/v2\/types\/product"}],"version-history":[{"count":6,"href":"https:\/\/barrsell.com\/en\/wp-json\/wp\/v2\/product\/17963\/revisions"}],"predecessor-version":[{"id":18503,"href":"https:\/\/barrsell.com\/en\/wp-json\/wp\/v2\/product\/17963\/revisions\/18503"}],"wp:featuredmedia":[{"embeddable":true,"href":"https:\/\/barrsell.com\/en\/wp-json\/wp\/v2\/media\/17964"}],"wp:attachment":[{"href":"https:\/\/barrsell.com\/en\/wp-json\/wp\/v2\/media?parent=17963"}],"wp:term":[{"taxonomy":"product_cat","embeddable":true,"href":"https:\/\/barrsell.com\/en\/wp-json\/wp\/v2\/product_cat?post=17963"},{"taxonomy":"product_tag","embeddable":true,"href":"https:\/\/barrsell.com\/en\/wp-json\/wp\/v2\/product_tag?post=17963"}],"curies":[{"name":"wp","href":"https:\/\/api.w.org\/{rel}","templated":true}]}}