{"id":17960,"date":"2024-11-02T14:31:22","date_gmt":"2024-11-02T14:31:22","guid":{"rendered":"https:\/\/barrsell.com\/?post_type=product&#038;p=17960"},"modified":"2024-11-23T13:21:06","modified_gmt":"2024-11-23T13:21:06","slug":"pego-buhar-dagiticisi","status":"publish","type":"product","link":"https:\/\/barrsell.com\/en\/product\/pego-steam-distributor\/","title":{"rendered":"Pego Steam Dispenser 400LAN"},"content":{"rendered":"<h2>Pego Steam Dispenser 400LAN<\/h2>\n<p class=\" translation-block\">Specially designed for <strong> EASYSTEAM humidifier<\/strong>, the <em>Pego Steam Distributor 400LAN <\/em> provides optimum distribution in various installations and applications. In addition, this comprehensive model range offers high efficiency and easy installation in any installation. And thus enhances the user experience.<\/p>\n<div id=\"attachment_18358\" style=\"width: 310px\" class=\"wp-caption alignleft\"><a href=\"https:\/\/barrsell.com\/wp-content\/uploads\/2024\/11\/Pego-Buhar-Dagiticisi-barr.png\"><img fetchpriority=\"high\" decoding=\"async\" aria-describedby=\"caption-attachment-18358\" class=\"size-medium wp-image-18358\" src=\"https:\/\/barrsell.com\/wp-content\/uploads\/2024\/11\/Pego-Buhar-Dagiticisi-barr-300x172.png\" alt=\"\" width=\"300\" height=\"172\" srcset=\"https:\/\/barrsell.com\/wp-content\/uploads\/2024\/11\/Pego-Buhar-Dagiticisi-barr-300x172.png 300w, https:\/\/barrsell.com\/wp-content\/uploads\/2024\/11\/Pego-Buhar-Dagiticisi-barr-768x440.png 768w, https:\/\/barrsell.com\/wp-content\/uploads\/2024\/11\/Pego-Buhar-Dagiticisi-barr-18x10.png 18w, https:\/\/barrsell.com\/wp-content\/uploads\/2024\/11\/Pego-Buhar-Dagiticisi-barr-150x86.png 150w, https:\/\/barrsell.com\/wp-content\/uploads\/2024\/11\/Pego-Buhar-Dagiticisi-barr.png 959w\" sizes=\"(max-width: 300px) 100vw, 300px\" \/><\/a><p id=\"caption-attachment-18358\" class=\"wp-caption-text\">Pego Buhar Da\u011f\u0131t\u0131c\u0131s\u0131-barr<\/p><\/div>\n<h4>Pego Steam Dispenser Product Specifications:<\/h4>\n<ul>\n<li class=\" translation-block\"><strong>Material :<\/strong> High temperature resistant aluminum and mechanically resistant plastic. Also plastic components with high mechanical strength, long life and reliability.<\/li>\n<li class=\" translation-block\"><strong>Dispensing Efficiency<\/strong>: Optimized steam outlet nozzles <em>400LAN,<\/em> homogeneous distribution system. With its large coverage area, it ensures fast and even distribution of steam.<\/li>\n<li class=\" translation-block\"><strong>Design:<\/strong> Suitable for condensate recovery pipes with connection brackets<\/li>\n<li class=\" translation-block\"><strong>Product Type:<\/strong> Linear steam dispensers<\/li>\n<li class=\" translation-block\"><strong>Diameter Options:<\/strong> 25 mm and 40 mm<\/li>\n<li class=\" translation-block\"><strong>Length Options:<\/strong> Available in different lengths<\/li>\n<li class=\" translation-block\"><strong>Easy Installation :<\/strong> Easy-to-use mounting brackets allow quick integration into different installation systems.<\/li>\n<li class=\" translation-block\"><strong>Adaptable Design :<\/strong> You can mount it directly on the humidifier. Or you can also use it with the support bracket for remote connection.<\/li>\n<\/ul>\n<p class=\" translation-block\">This linear <a href=\"\/\/barrsell.com\/kategoriler\/buhar-jeneratorleri-nemlendiriciler\/pego-buharli-nemlendirici\/\u201d\" target=\"\u201c_self\u201d\">Pego<\/a> Steam Distributor optimizes the performance of the <em>400LAN<strong> EASYSTEAM<\/strong><\/em> system, providing efficient and uniform steam. At the same time, its easy-to-use mounting brackets allow quick and easy integration into various installation systems. Its high temperature resistance and mechanical strength ensure reliable performance even under harsh operating conditions. &lt;The <em>400LAN accessory also provides the perfect solution for a comfortable and effective <a href=\"\/\/wdteknoloji.com\/kategori\/hygromatik-nemlendirici-urunler\/\u201d\" target=\"\u201c_self\u201d\">humidification<\/a> experience.<\/p>\n<p>Linear steam distributors for pipes with connection brackets and condensate recovery, made of aluminum and high temperature resistant and high mechanical strength plastic material, are available in particular in various lengths and in two different diameters, 25mm and 40mm.<\/p>","protected":false},"excerpt":{"rendered":"<h4>Compatible Humidifier Models<\/h4>\n<p><strong>Pego S Series<\/strong>: S-060<br \/>\n<strong>Pego T Series<\/strong>: T-060<\/p>\n<p>DN25<\/p>","protected":false},"featured_media":17961,"template":"","meta":[],"product_cat":[142],"product_tag":[],"class_list":{"0":"post-17960","1":"product","2":"type-product","3":"status-publish","4":"has-post-thumbnail","6":"product_cat-pego-yedek-parcalari","8":"first","9":"instock","10":"shipping-taxable","11":"product-type-external"},"yoast_head":"<!-- This site is optimized with the Yoast SEO Premium plugin v23.2 (Yoast SEO v23.2) - https:\/\/yoast.com\/wordpress\/plugins\/seo\/ -->\n<title>Pego Buhar Da\u011f\u0131t\u0131c\u0131s\u0131 400LAN | Barrsell End\u00fcstri<\/title>\n<meta name=\"description\" content=\"PEGO EASYSTEAM nemlendirici i\u00e7in \u00f6zel olarak tasarlanm\u0131\u015f Pego Buhar Da\u011f\u0131t\u0131c\u0131s\u0131 400LAN, \u00e7e\u015fitli tesisat ve uygulamalarda optimum buhar da\u011f\u0131t\u0131m\u0131 sa\u011flamaktad\u0131r\" \/>\n<meta name=\"robots\" content=\"index, follow, max-snippet:-1, max-image-preview:large, max-video-preview:-1\" \/>\n<link rel=\"canonical\" href=\"https:\/\/barrsell.com\/en\/product\/pego-steam-distributor\/\" \/>\n<meta property=\"og:locale\" content=\"en_US\" \/>\n<meta property=\"og:type\" content=\"article\" \/>\n<meta property=\"og:title\" content=\"Pego Buhar Da\u011f\u0131t\u0131c\u0131s\u0131 400LAN\" \/>\n<meta property=\"og:description\" content=\"PEGO EASYSTEAM nemlendirici i\u00e7in \u00f6zel olarak tasarlanm\u0131\u015f Pego Buhar Da\u011f\u0131t\u0131c\u0131s\u0131 400LAN, \u00e7e\u015fitli tesisat ve uygulamalarda optimum buhar da\u011f\u0131t\u0131m\u0131 sa\u011flamaktad\u0131r\" \/>\n<meta property=\"og:url\" content=\"https:\/\/barrsell.com\/en\/product\/pego-steam-distributor\/\" \/>\n<meta property=\"og:site_name\" content=\"Barrsell\" \/>\n<meta property=\"article:modified_time\" content=\"2024-11-23T13:21:06+00:00\" \/>\n<meta property=\"og:image\" content=\"https:\/\/barrsell.com\/wp-content\/uploads\/2024\/11\/Pego-Buhar-Dagiticisi.png\" \/>\n\t<meta property=\"og:image:width\" content=\"1200\" \/>\n\t<meta property=\"og:image:height\" content=\"1200\" \/>\n\t<meta property=\"og:image:type\" content=\"image\/png\" \/>\n<meta name=\"twitter:card\" content=\"summary_large_image\" \/>\n<meta name=\"twitter:label1\" content=\"Est. reading time\" \/>\n\t<meta name=\"twitter:data1\" content=\"2 minutes\" \/>\n<script type=\"application\/ld+json\" class=\"yoast-schema-graph\">{\"@context\":\"https:\/\/schema.org\",\"@graph\":[{\"@type\":\"WebPage\",\"@id\":\"https:\/\/barrsell.com\/urun\/pego-buhar-dagiticisi\/\",\"url\":\"https:\/\/barrsell.com\/urun\/pego-buhar-dagiticisi\/\",\"name\":\"Pego Buhar Da\u011f\u0131t\u0131c\u0131s\u0131 400LAN | Barrsell End\u00fcstri\",\"isPartOf\":{\"@id\":\"https:\/\/barrsell.com\/#website\"},\"primaryImageOfPage\":{\"@id\":\"https:\/\/barrsell.com\/urun\/pego-buhar-dagiticisi\/#primaryimage\"},\"image\":{\"@id\":\"https:\/\/barrsell.com\/urun\/pego-buhar-dagiticisi\/#primaryimage\"},\"thumbnailUrl\":\"https:\/\/barrsell.com\/wp-content\/uploads\/2024\/11\/Pego-Buhar-Dagiticisi.png\",\"datePublished\":\"2024-11-02T14:31:22+00:00\",\"dateModified\":\"2024-11-23T13:21:06+00:00\",\"description\":\"PEGO EASYSTEAM nemlendirici i\u00e7in \u00f6zel olarak tasarlanm\u0131\u015f Pego Buhar Da\u011f\u0131t\u0131c\u0131s\u0131 400LAN, \u00e7e\u015fitli tesisat ve uygulamalarda optimum buhar da\u011f\u0131t\u0131m\u0131 sa\u011flamaktad\u0131r\",\"breadcrumb\":{\"@id\":\"https:\/\/barrsell.com\/urun\/pego-buhar-dagiticisi\/#breadcrumb\"},\"inLanguage\":\"en-US\",\"potentialAction\":[{\"@type\":\"ReadAction\",\"target\":[\"https:\/\/barrsell.com\/urun\/pego-buhar-dagiticisi\/\"]}]},{\"@type\":\"ImageObject\",\"inLanguage\":\"en-US\",\"@id\":\"https:\/\/barrsell.com\/urun\/pego-buhar-dagiticisi\/#primaryimage\",\"url\":\"https:\/\/barrsell.com\/wp-content\/uploads\/2024\/11\/Pego-Buhar-Dagiticisi.png\",\"contentUrl\":\"https:\/\/barrsell.com\/wp-content\/uploads\/2024\/11\/Pego-Buhar-Dagiticisi.png\",\"width\":1200,\"height\":1200,\"caption\":\"Pego Buhar Da\u011f\u0131t\u0131c\u0131s\u0131\"},{\"@type\":\"BreadcrumbList\",\"@id\":\"https:\/\/barrsell.com\/urun\/pego-buhar-dagiticisi\/#breadcrumb\",\"itemListElement\":[{\"@type\":\"ListItem\",\"position\":1,\"name\":\"Home\",\"item\":\"https:\/\/barrsell.com\/\"},{\"@type\":\"ListItem\",\"position\":2,\"name\":\"\u00dcr\u00fcnler\",\"item\":\"https:\/\/barrsell.com\/en\/products\/\"},{\"@type\":\"ListItem\",\"position\":3,\"name\":\"Pego Buhar Da\u011f\u0131t\u0131c\u0131s\u0131 400LAN\"}]},{\"@type\":\"WebSite\",\"@id\":\"https:\/\/barrsell.com\/#website\",\"url\":\"https:\/\/barrsell.com\/\",\"name\":\"Barrsell End\u00fcstri Makine\",\"description\":\"Teknolojiyle G\u00fc\u00e7lenen End\u00fcstriyel \u00c7\u00f6z\u00fcmler!\",\"potentialAction\":[{\"@type\":\"SearchAction\",\"target\":{\"@type\":\"EntryPoint\",\"urlTemplate\":\"https:\/\/barrsell.com\/?s={search_term_string}\"},\"query-input\":\"required name=search_term_string\"}],\"inLanguage\":\"en-US\"}]}<\/script>\n<!-- \/ Yoast SEO Premium plugin. -->","yoast_head_json":{"title":"Pego Buhar Da\u011f\u0131t\u0131c\u0131s\u0131 400LAN | Barrsell End\u00fcstri","description":"PEGO EASYSTEAM nemlendirici i\u00e7in \u00f6zel olarak tasarlanm\u0131\u015f Pego Buhar Da\u011f\u0131t\u0131c\u0131s\u0131 400LAN, \u00e7e\u015fitli tesisat ve uygulamalarda optimum buhar da\u011f\u0131t\u0131m\u0131 sa\u011flamaktad\u0131r","robots":{"index":"index","follow":"follow","max-snippet":"max-snippet:-1","max-image-preview":"max-image-preview:large","max-video-preview":"max-video-preview:-1"},"canonical":"https:\/\/barrsell.com\/en\/product\/pego-steam-distributor\/","og_locale":"en_US","og_type":"article","og_title":"Pego Buhar Da\u011f\u0131t\u0131c\u0131s\u0131 400LAN","og_description":"PEGO EASYSTEAM nemlendirici i\u00e7in \u00f6zel olarak tasarlanm\u0131\u015f Pego Buhar Da\u011f\u0131t\u0131c\u0131s\u0131 400LAN, \u00e7e\u015fitli tesisat ve uygulamalarda optimum buhar da\u011f\u0131t\u0131m\u0131 sa\u011flamaktad\u0131r","og_url":"https:\/\/barrsell.com\/en\/product\/pego-steam-distributor\/","og_site_name":"Barrsell","article_modified_time":"2024-11-23T13:21:06+00:00","og_image":[{"width":1200,"height":1200,"url":"https:\/\/barrsell.com\/wp-content\/uploads\/2024\/11\/Pego-Buhar-Dagiticisi.png","type":"image\/png"}],"twitter_card":"summary_large_image","twitter_misc":{"Est. reading time":"2 minutes"},"schema":{"@context":"https:\/\/schema.org","@graph":[{"@type":"WebPage","@id":"https:\/\/barrsell.com\/urun\/pego-buhar-dagiticisi\/","url":"https:\/\/barrsell.com\/urun\/pego-buhar-dagiticisi\/","name":"Pego Buhar Da\u011f\u0131t\u0131c\u0131s\u0131 400LAN | Barrsell End\u00fcstri","isPartOf":{"@id":"https:\/\/barrsell.com\/#website"},"primaryImageOfPage":{"@id":"https:\/\/barrsell.com\/urun\/pego-buhar-dagiticisi\/#primaryimage"},"image":{"@id":"https:\/\/barrsell.com\/urun\/pego-buhar-dagiticisi\/#primaryimage"},"thumbnailUrl":"https:\/\/barrsell.com\/wp-content\/uploads\/2024\/11\/Pego-Buhar-Dagiticisi.png","datePublished":"2024-11-02T14:31:22+00:00","dateModified":"2024-11-23T13:21:06+00:00","description":"PEGO EASYSTEAM nemlendirici i\u00e7in \u00f6zel olarak tasarlanm\u0131\u015f Pego Buhar Da\u011f\u0131t\u0131c\u0131s\u0131 400LAN, \u00e7e\u015fitli tesisat ve uygulamalarda optimum buhar da\u011f\u0131t\u0131m\u0131 sa\u011flamaktad\u0131r","breadcrumb":{"@id":"https:\/\/barrsell.com\/urun\/pego-buhar-dagiticisi\/#breadcrumb"},"inLanguage":"en-US","potentialAction":[{"@type":"ReadAction","target":["https:\/\/barrsell.com\/urun\/pego-buhar-dagiticisi\/"]}]},{"@type":"ImageObject","inLanguage":"en-US","@id":"https:\/\/barrsell.com\/urun\/pego-buhar-dagiticisi\/#primaryimage","url":"https:\/\/barrsell.com\/wp-content\/uploads\/2024\/11\/Pego-Buhar-Dagiticisi.png","contentUrl":"https:\/\/barrsell.com\/wp-content\/uploads\/2024\/11\/Pego-Buhar-Dagiticisi.png","width":1200,"height":1200,"caption":"Pego Buhar Da\u011f\u0131t\u0131c\u0131s\u0131"},{"@type":"BreadcrumbList","@id":"https:\/\/barrsell.com\/urun\/pego-buhar-dagiticisi\/#breadcrumb","itemListElement":[{"@type":"ListItem","position":1,"name":"Home","item":"https:\/\/barrsell.com\/"},{"@type":"ListItem","position":2,"name":"\u00dcr\u00fcnler","item":"https:\/\/barrsell.com\/en\/products\/"},{"@type":"ListItem","position":3,"name":"Pego Buhar Da\u011f\u0131t\u0131c\u0131s\u0131 400LAN"}]},{"@type":"WebSite","@id":"https:\/\/barrsell.com\/#website","url":"https:\/\/barrsell.com\/","name":"Barrsell End\u00fcstri Makine","description":"Teknolojiyle G\u00fc\u00e7lenen End\u00fcstriyel \u00c7\u00f6z\u00fcmler!","potentialAction":[{"@type":"SearchAction","target":{"@type":"EntryPoint","urlTemplate":"https:\/\/barrsell.com\/?s={search_term_string}"},"query-input":"required name=search_term_string"}],"inLanguage":"en-US"}]}},"_links":{"self":[{"href":"https:\/\/barrsell.com\/en\/wp-json\/wp\/v2\/product\/17960","targetHints":{"allow":["GET"]}}],"collection":[{"href":"https:\/\/barrsell.com\/en\/wp-json\/wp\/v2\/product"}],"about":[{"href":"https:\/\/barrsell.com\/en\/wp-json\/wp\/v2\/types\/product"}],"version-history":[{"count":6,"href":"https:\/\/barrsell.com\/en\/wp-json\/wp\/v2\/product\/17960\/revisions"}],"predecessor-version":[{"id":18504,"href":"https:\/\/barrsell.com\/en\/wp-json\/wp\/v2\/product\/17960\/revisions\/18504"}],"wp:featuredmedia":[{"embeddable":true,"href":"https:\/\/barrsell.com\/en\/wp-json\/wp\/v2\/media\/17961"}],"wp:attachment":[{"href":"https:\/\/barrsell.com\/en\/wp-json\/wp\/v2\/media?parent=17960"}],"wp:term":[{"taxonomy":"product_cat","embeddable":true,"href":"https:\/\/barrsell.com\/en\/wp-json\/wp\/v2\/product_cat?post=17960"},{"taxonomy":"product_tag","embeddable":true,"href":"https:\/\/barrsell.com\/en\/wp-json\/wp\/v2\/product_tag?post=17960"}],"curies":[{"name":"wp","href":"https:\/\/api.w.org\/{rel}","templated":true}]}}