{"id":17955,"date":"2024-11-02T14:24:34","date_gmt":"2024-11-02T14:24:34","guid":{"rendered":"https:\/\/barrsell.com\/?post_type=product&#038;p=17955"},"modified":"2024-11-23T13:24:13","modified_gmt":"2024-11-23T13:24:13","slug":"pego-buhar-dagitici-nozulu","status":"publish","type":"product","link":"https:\/\/barrsell.com\/en\/product\/pego-steam-distributor-nozzle\/","title":{"rendered":"Pego Vapor Dispenser Nozzle"},"content":{"rendered":"<h2>Pego Vapor Dispenser Nozzle<\/h2>\n<p>Optimum buhar da\u011f\u0131t\u0131m\u0131 i\u00e7in \u00f6zel olarak tasarlanm\u0131\u015f Pego Buhar Da\u011f\u0131t\u0131c\u0131 Nozulu aksesuar\u0131, \u00e7e\u015fitli tesisat ve uygulamalarda m\u00fckemmel performans sa\u011flar. Geni\u015f model yelpazesi, her t\u00fcrl\u00fc kurulumda y\u00fcksek verimlilik ve kolay montaj imkan\u0131 sunar.<\/p>\n<h3>Product Specifications:<\/h3>\n<ul>\n<li><strong>Material:<\/strong> Y\u00fcksek s\u0131cakl\u0131\u011fa dayan\u0131kl\u0131 ve mekanik direnci y\u00fcksek plastik<\/li>\n<li><strong>Tasar\u0131m:<\/strong> Sabitleme braketli buhar da\u011f\u0131t\u0131m ba\u015fl\u0131\u011f\u0131<\/li>\n<li><strong>Montaj Uygunlu\u011fu:<\/strong> 25 mm ve 40 mm \u00e7apl\u0131 borulara kolayca adapte.<\/li>\n<li><strong>Description:<\/strong> \u00d6zellikle T\u00fcrk hamamlar\u0131 ve k\u00fc\u00e7\u00fck kanallar i\u00e7in ideal<\/li>\n<li><strong>Kondensat Geri Kazan\u0131m\u0131:<\/strong> Ek se\u00e7enek olarak, 400UMILAN25SC ve 400UMILAN40SC model kondensat geri kazan\u0131ml\u0131 versiyonlar\u0131 mevcuttur<\/li>\n<\/ul>\n<p>Pego Buhar \u00c7\u0131k\u0131\u015f Nozulu <a href=\"https:\/\/barrsell.com\/en\/kategoriler\/buhar-jeneratorleri-nemlendiriciler\/pego-buharli-nemlendirici\/\">PEGO EASYSTEAM<\/a> nemlendiricinin performans\u0131n\u0131 art\u0131rarak etkili buhar da\u011f\u0131t\u0131m\u0131 sa\u011flar. Y\u00fcksek s\u0131cakl\u0131k dayan\u0131kl\u0131l\u0131\u011f\u0131 sayesinde, zorlu ko\u015fullarda bile g\u00fcvenilir bir \u015fekilde \u00e7al\u0131\u015f\u0131r. Kullan\u0131c\u0131 dostu montaj \u00f6zellikleri, farkl\u0131 uygulamalara h\u0131zl\u0131 ve pratik \u00e7\u00f6z\u00fcmler sunar. <a href=\"https:\/\/wdteknoloji.com\/kategori\/hygromatik-nemlendirici-urunler\/\">Nemlendirici<\/a> sistemlerin verimlili\u011fini art\u0131rmak ve konforlu bir ortam olu\u015fturmak i\u00e7in m\u00fckemmel bir tercihtir.<\/p>","protected":false},"excerpt":{"rendered":"<h4>Compatible Humidifier Models<\/h4>\n<p><strong>Pego S Series<\/strong>: S-060<br \/>\n<strong>Pego T Series<\/strong>: T-060<\/p>\n<p>DN25<\/p>\n<p>&nbsp;<\/p>","protected":false},"featured_media":17958,"template":"","meta":[],"product_cat":[142],"product_tag":[],"class_list":{"0":"post-17955","1":"product","2":"type-product","3":"status-publish","4":"has-post-thumbnail","6":"product_cat-pego-yedek-parcalari","8":"first","9":"instock","10":"shipping-taxable","11":"product-type-external"},"yoast_head":"<!-- This site is optimized with the Yoast SEO Premium plugin v23.2 (Yoast SEO v23.2) - https:\/\/yoast.com\/wordpress\/plugins\/seo\/ -->\n<title>Pego Buhar Da\u011f\u0131t\u0131c\u0131 Nozulu | Barrsell End\u00fcstri<\/title>\n<meta name=\"description\" content=\"Optimum buhar da\u011f\u0131t\u0131m\u0131 i\u00e7in \u00f6zel olarak tasarlanm\u0131\u015f Pego Buhar Da\u011f\u0131t\u0131c\u0131 Nozulu aksesuar\u0131, \u00e7e\u015fitli tesisat ve uygulamalarda m\u00fckemmel performans sa\u011flar.\" \/>\n<meta name=\"robots\" content=\"index, follow, max-snippet:-1, max-image-preview:large, max-video-preview:-1\" \/>\n<link rel=\"canonical\" href=\"https:\/\/barrsell.com\/en\/product\/pego-steam-distributor-nozzle\/\" \/>\n<meta property=\"og:locale\" content=\"en_US\" \/>\n<meta property=\"og:type\" content=\"article\" \/>\n<meta property=\"og:title\" content=\"Pego Buhar Da\u011f\u0131t\u0131c\u0131 Nozulu\" \/>\n<meta property=\"og:description\" content=\"Optimum buhar da\u011f\u0131t\u0131m\u0131 i\u00e7in \u00f6zel olarak tasarlanm\u0131\u015f Pego Buhar Da\u011f\u0131t\u0131c\u0131 Nozulu aksesuar\u0131, \u00e7e\u015fitli tesisat ve uygulamalarda m\u00fckemmel performans sa\u011flar.\" \/>\n<meta property=\"og:url\" content=\"https:\/\/barrsell.com\/en\/product\/pego-steam-distributor-nozzle\/\" \/>\n<meta property=\"og:site_name\" content=\"Barrsell\" \/>\n<meta property=\"article:modified_time\" content=\"2024-11-23T13:24:13+00:00\" \/>\n<meta property=\"og:image\" content=\"https:\/\/barrsell.com\/wp-content\/uploads\/2024\/11\/Pego-Buhar-Dagitici-Nozulu-1.png\" \/>\n\t<meta property=\"og:image:width\" content=\"1200\" \/>\n\t<meta property=\"og:image:height\" content=\"1200\" \/>\n\t<meta property=\"og:image:type\" content=\"image\/png\" \/>\n<meta name=\"twitter:card\" content=\"summary_large_image\" \/>\n<meta name=\"twitter:label1\" content=\"Est. reading time\" \/>\n\t<meta name=\"twitter:data1\" content=\"2 minutes\" \/>\n<script type=\"application\/ld+json\" class=\"yoast-schema-graph\">{\"@context\":\"https:\/\/schema.org\",\"@graph\":[{\"@type\":\"WebPage\",\"@id\":\"https:\/\/barrsell.com\/urun\/pego-buhar-dagitici-nozulu\/\",\"url\":\"https:\/\/barrsell.com\/urun\/pego-buhar-dagitici-nozulu\/\",\"name\":\"Pego Buhar Da\u011f\u0131t\u0131c\u0131 Nozulu | Barrsell End\u00fcstri\",\"isPartOf\":{\"@id\":\"https:\/\/barrsell.com\/#website\"},\"primaryImageOfPage\":{\"@id\":\"https:\/\/barrsell.com\/urun\/pego-buhar-dagitici-nozulu\/#primaryimage\"},\"image\":{\"@id\":\"https:\/\/barrsell.com\/urun\/pego-buhar-dagitici-nozulu\/#primaryimage\"},\"thumbnailUrl\":\"https:\/\/barrsell.com\/wp-content\/uploads\/2024\/11\/Pego-Buhar-Dagitici-Nozulu-1.png\",\"datePublished\":\"2024-11-02T14:24:34+00:00\",\"dateModified\":\"2024-11-23T13:24:13+00:00\",\"description\":\"Optimum buhar da\u011f\u0131t\u0131m\u0131 i\u00e7in \u00f6zel olarak tasarlanm\u0131\u015f Pego Buhar Da\u011f\u0131t\u0131c\u0131 Nozulu aksesuar\u0131, \u00e7e\u015fitli tesisat ve uygulamalarda m\u00fckemmel performans sa\u011flar.\",\"breadcrumb\":{\"@id\":\"https:\/\/barrsell.com\/urun\/pego-buhar-dagitici-nozulu\/#breadcrumb\"},\"inLanguage\":\"en-US\",\"potentialAction\":[{\"@type\":\"ReadAction\",\"target\":[\"https:\/\/barrsell.com\/urun\/pego-buhar-dagitici-nozulu\/\"]}]},{\"@type\":\"ImageObject\",\"inLanguage\":\"en-US\",\"@id\":\"https:\/\/barrsell.com\/urun\/pego-buhar-dagitici-nozulu\/#primaryimage\",\"url\":\"https:\/\/barrsell.com\/wp-content\/uploads\/2024\/11\/Pego-Buhar-Dagitici-Nozulu-1.png\",\"contentUrl\":\"https:\/\/barrsell.com\/wp-content\/uploads\/2024\/11\/Pego-Buhar-Dagitici-Nozulu-1.png\",\"width\":1200,\"height\":1200,\"caption\":\"Pego Buhar Da\u011f\u0131t\u0131c\u0131 Nozulu-1\"},{\"@type\":\"BreadcrumbList\",\"@id\":\"https:\/\/barrsell.com\/urun\/pego-buhar-dagitici-nozulu\/#breadcrumb\",\"itemListElement\":[{\"@type\":\"ListItem\",\"position\":1,\"name\":\"Home\",\"item\":\"https:\/\/barrsell.com\/\"},{\"@type\":\"ListItem\",\"position\":2,\"name\":\"\u00dcr\u00fcnler\",\"item\":\"https:\/\/barrsell.com\/en\/products\/\"},{\"@type\":\"ListItem\",\"position\":3,\"name\":\"Pego Buhar Da\u011f\u0131t\u0131c\u0131 Nozulu\"}]},{\"@type\":\"WebSite\",\"@id\":\"https:\/\/barrsell.com\/#website\",\"url\":\"https:\/\/barrsell.com\/\",\"name\":\"Barrsell End\u00fcstri Makine\",\"description\":\"Teknolojiyle G\u00fc\u00e7lenen End\u00fcstriyel \u00c7\u00f6z\u00fcmler!\",\"potentialAction\":[{\"@type\":\"SearchAction\",\"target\":{\"@type\":\"EntryPoint\",\"urlTemplate\":\"https:\/\/barrsell.com\/?s={search_term_string}\"},\"query-input\":\"required name=search_term_string\"}],\"inLanguage\":\"en-US\"}]}<\/script>\n<!-- \/ Yoast SEO Premium plugin. -->","yoast_head_json":{"title":"Pego Buhar Da\u011f\u0131t\u0131c\u0131 Nozulu | Barrsell End\u00fcstri","description":"Optimum buhar da\u011f\u0131t\u0131m\u0131 i\u00e7in \u00f6zel olarak tasarlanm\u0131\u015f Pego Buhar Da\u011f\u0131t\u0131c\u0131 Nozulu aksesuar\u0131, \u00e7e\u015fitli tesisat ve uygulamalarda m\u00fckemmel performans sa\u011flar.","robots":{"index":"index","follow":"follow","max-snippet":"max-snippet:-1","max-image-preview":"max-image-preview:large","max-video-preview":"max-video-preview:-1"},"canonical":"https:\/\/barrsell.com\/en\/product\/pego-steam-distributor-nozzle\/","og_locale":"en_US","og_type":"article","og_title":"Pego Buhar Da\u011f\u0131t\u0131c\u0131 Nozulu","og_description":"Optimum buhar da\u011f\u0131t\u0131m\u0131 i\u00e7in \u00f6zel olarak tasarlanm\u0131\u015f Pego Buhar Da\u011f\u0131t\u0131c\u0131 Nozulu aksesuar\u0131, \u00e7e\u015fitli tesisat ve uygulamalarda m\u00fckemmel performans sa\u011flar.","og_url":"https:\/\/barrsell.com\/en\/product\/pego-steam-distributor-nozzle\/","og_site_name":"Barrsell","article_modified_time":"2024-11-23T13:24:13+00:00","og_image":[{"width":1200,"height":1200,"url":"https:\/\/barrsell.com\/wp-content\/uploads\/2024\/11\/Pego-Buhar-Dagitici-Nozulu-1.png","type":"image\/png"}],"twitter_card":"summary_large_image","twitter_misc":{"Est. reading time":"2 minutes"},"schema":{"@context":"https:\/\/schema.org","@graph":[{"@type":"WebPage","@id":"https:\/\/barrsell.com\/urun\/pego-buhar-dagitici-nozulu\/","url":"https:\/\/barrsell.com\/urun\/pego-buhar-dagitici-nozulu\/","name":"Pego Buhar Da\u011f\u0131t\u0131c\u0131 Nozulu | Barrsell End\u00fcstri","isPartOf":{"@id":"https:\/\/barrsell.com\/#website"},"primaryImageOfPage":{"@id":"https:\/\/barrsell.com\/urun\/pego-buhar-dagitici-nozulu\/#primaryimage"},"image":{"@id":"https:\/\/barrsell.com\/urun\/pego-buhar-dagitici-nozulu\/#primaryimage"},"thumbnailUrl":"https:\/\/barrsell.com\/wp-content\/uploads\/2024\/11\/Pego-Buhar-Dagitici-Nozulu-1.png","datePublished":"2024-11-02T14:24:34+00:00","dateModified":"2024-11-23T13:24:13+00:00","description":"Optimum buhar da\u011f\u0131t\u0131m\u0131 i\u00e7in \u00f6zel olarak tasarlanm\u0131\u015f Pego Buhar Da\u011f\u0131t\u0131c\u0131 Nozulu aksesuar\u0131, \u00e7e\u015fitli tesisat ve uygulamalarda m\u00fckemmel performans sa\u011flar.","breadcrumb":{"@id":"https:\/\/barrsell.com\/urun\/pego-buhar-dagitici-nozulu\/#breadcrumb"},"inLanguage":"en-US","potentialAction":[{"@type":"ReadAction","target":["https:\/\/barrsell.com\/urun\/pego-buhar-dagitici-nozulu\/"]}]},{"@type":"ImageObject","inLanguage":"en-US","@id":"https:\/\/barrsell.com\/urun\/pego-buhar-dagitici-nozulu\/#primaryimage","url":"https:\/\/barrsell.com\/wp-content\/uploads\/2024\/11\/Pego-Buhar-Dagitici-Nozulu-1.png","contentUrl":"https:\/\/barrsell.com\/wp-content\/uploads\/2024\/11\/Pego-Buhar-Dagitici-Nozulu-1.png","width":1200,"height":1200,"caption":"Pego Buhar Da\u011f\u0131t\u0131c\u0131 Nozulu-1"},{"@type":"BreadcrumbList","@id":"https:\/\/barrsell.com\/urun\/pego-buhar-dagitici-nozulu\/#breadcrumb","itemListElement":[{"@type":"ListItem","position":1,"name":"Home","item":"https:\/\/barrsell.com\/"},{"@type":"ListItem","position":2,"name":"\u00dcr\u00fcnler","item":"https:\/\/barrsell.com\/en\/products\/"},{"@type":"ListItem","position":3,"name":"Pego Buhar Da\u011f\u0131t\u0131c\u0131 Nozulu"}]},{"@type":"WebSite","@id":"https:\/\/barrsell.com\/#website","url":"https:\/\/barrsell.com\/","name":"Barrsell End\u00fcstri Makine","description":"Teknolojiyle G\u00fc\u00e7lenen End\u00fcstriyel \u00c7\u00f6z\u00fcmler!","potentialAction":[{"@type":"SearchAction","target":{"@type":"EntryPoint","urlTemplate":"https:\/\/barrsell.com\/?s={search_term_string}"},"query-input":"required name=search_term_string"}],"inLanguage":"en-US"}]}},"_links":{"self":[{"href":"https:\/\/barrsell.com\/en\/wp-json\/wp\/v2\/product\/17955","targetHints":{"allow":["GET"]}}],"collection":[{"href":"https:\/\/barrsell.com\/en\/wp-json\/wp\/v2\/product"}],"about":[{"href":"https:\/\/barrsell.com\/en\/wp-json\/wp\/v2\/types\/product"}],"version-history":[{"count":6,"href":"https:\/\/barrsell.com\/en\/wp-json\/wp\/v2\/product\/17955\/revisions"}],"predecessor-version":[{"id":18506,"href":"https:\/\/barrsell.com\/en\/wp-json\/wp\/v2\/product\/17955\/revisions\/18506"}],"wp:featuredmedia":[{"embeddable":true,"href":"https:\/\/barrsell.com\/en\/wp-json\/wp\/v2\/media\/17958"}],"wp:attachment":[{"href":"https:\/\/barrsell.com\/en\/wp-json\/wp\/v2\/media?parent=17955"}],"wp:term":[{"taxonomy":"product_cat","embeddable":true,"href":"https:\/\/barrsell.com\/en\/wp-json\/wp\/v2\/product_cat?post=17955"},{"taxonomy":"product_tag","embeddable":true,"href":"https:\/\/barrsell.com\/en\/wp-json\/wp\/v2\/product_tag?post=17955"}],"curies":[{"name":"wp","href":"https:\/\/api.w.org\/{rel}","templated":true}]}}