{"id":17952,"date":"2024-11-02T14:20:00","date_gmt":"2024-11-02T14:20:00","guid":{"rendered":"https:\/\/barrsell.com\/?post_type=product&#038;p=17952"},"modified":"2025-06-26T08:10:08","modified_gmt":"2025-06-26T08:10:08","slug":"pego-nem-sensoru","status":"publish","type":"product","link":"https:\/\/barrsell.com\/en\/product\/pego-humidity-sensor\/","title":{"rendered":"Pego Humidity Sensor"},"content":{"rendered":"<h2>Pego Humidity Sensor<\/h2>\n<p class=\" translation-block\">Pego Humidity Sensor <em>electronic humidity sensors<\/em> that measure relative humidity between 0-100% offer high sensitivity with 4-20 mA output range. These sensors are designed to be used in various application areas and adapt to different installation needs with wall mount and tubular version options.<\/p>\n<div id=\"attachment_17953\" style=\"width: 310px\" class=\"wp-caption alignleft\"><a href=\"https:\/\/barrsell.com\/wp-content\/uploads\/2024\/11\/Pego-Nem-Sensoru.png\"><img fetchpriority=\"high\" decoding=\"async\" aria-describedby=\"caption-attachment-17953\" class=\"size-medium wp-image-17953\" src=\"https:\/\/barrsell.com\/wp-content\/uploads\/2024\/11\/Pego-Nem-Sensoru-300x300.png\" alt=\"\" width=\"300\" height=\"300\" srcset=\"https:\/\/barrsell.com\/wp-content\/uploads\/2024\/11\/Pego-Nem-Sensoru-300x300.png 300w, https:\/\/barrsell.com\/wp-content\/uploads\/2024\/11\/Pego-Nem-Sensoru-1024x1024.png 1024w, https:\/\/barrsell.com\/wp-content\/uploads\/2024\/11\/Pego-Nem-Sensoru-150x150.png 150w, https:\/\/barrsell.com\/wp-content\/uploads\/2024\/11\/Pego-Nem-Sensoru-768x768.png 768w, https:\/\/barrsell.com\/wp-content\/uploads\/2024\/11\/Pego-Nem-Sensoru-12x12.png 12w, https:\/\/barrsell.com\/wp-content\/uploads\/2024\/11\/Pego-Nem-Sensoru-600x600.png 600w, https:\/\/barrsell.com\/wp-content\/uploads\/2024\/11\/Pego-Nem-Sensoru-50x50.png 50w, https:\/\/barrsell.com\/wp-content\/uploads\/2024\/11\/Pego-Nem-Sensoru-100x100.png 100w, https:\/\/barrsell.com\/wp-content\/uploads\/2024\/11\/Pego-Nem-Sensoru-64x64.png 64w, https:\/\/barrsell.com\/wp-content\/uploads\/2024\/11\/Pego-Nem-Sensoru.png 1200w\" sizes=\"(max-width: 300px) 100vw, 300px\" \/><\/a><p id=\"caption-attachment-17953\" class=\"wp-caption-text\">Pego Humidity Sensor<\/p><\/div>\n<h4>Technical Specifications:<\/h4>\n<p><strong>Humidity Measurement Range:<\/strong> 0-100% relative humidity<\/p>\n<p><strong>Output Signal:<\/strong> 4-20 mA<\/p>\n<p><strong>Output Type:<\/strong> Analog\/Digital Output<\/p>\n<p><strong>Connection Types: <\/strong>Fast connection to systems with standard connectors or cabling.<\/p>\n<p><strong>Humidity Measurement Sensor Mounting Options:<\/strong><\/p>\n<p>Version suitable for wall mounting. Tubular mounting option<\/p>\n<p>&nbsp;<\/p>\n<p class=\" translation-block\"><strong>Sensitivity:<\/strong> Ability to detect humidity levels with high accuracy<\/p>\n<p class=\" translation-block\"><strong>Application Areas:<\/strong> HVAC systems, agriculture, industrial automation and air conditioning applications<\/p>\n<p class=\" translation-block\"><strong>Sensor Type:<\/strong> Capacitive Humidity Sensor. Highly sensitive capacitive sensor accurately detects humidity changes. Wide measurement range (typically 0-100% RH, specific values for this model can be found in the product documentation). These <a href=\"\/\/wdteknoloji.com\/kategori\/hygromatik-nemlendirici-urunler\/\u201d\" target=\"\u201c_self\u201d\">electronic humidity<\/a> sensors continuously monitor ambient humidity levels, optimizing system performance and increasing energy efficiency. Different mounting options make it easy to install the sensors and provide solutions tailored to the needs of the users. This is critical for maintaining a comfortable and controlled environment.<\/p>","protected":false},"excerpt":{"rendered":"<h4>Compatible Humidifiers<\/h4>\n<p><strong>Pego S Series<\/strong>: S-040, S-060<br \/>\n<strong>Pego T Series<\/strong>: T-040, T-060<\/p>\n<div class=\"pg_single_value_container\">\n<div class=\"pg_table_label\"><strong>Temperature range limit:<\/strong> -25 \u00f7 +60\u00b0C<br \/>\n<strong><strong>Protection class: <\/strong><\/strong>IP65<\/p>\n<div class=\"pg_single_value_container\">\n<div class=\"pg_table_label\"><\/div>\n<\/div>\n<div class=\"pg_single_value_container\">\n<div class=\"pg_table_label\"><\/div>\n<\/div>\n<\/div>\n<\/div>","protected":false},"featured_media":17953,"template":"","meta":[],"product_cat":[142],"product_tag":[],"class_list":{"0":"post-17952","1":"product","2":"type-product","3":"status-publish","4":"has-post-thumbnail","6":"product_cat-pego-yedek-parcalari","8":"first","9":"instock","10":"shipping-taxable","11":"product-type-external"},"yoast_head":"<!-- This site is optimized with the Yoast SEO Premium plugin v23.2 (Yoast SEO v23.2) - https:\/\/yoast.com\/wordpress\/plugins\/seo\/ -->\n<title>Pego Nem Sens\u00f6r\u00fc | Barrsell End\u00fcstri<\/title>\n<meta name=\"description\" content=\"Pego Nem Sens\u00f6r\u00fc %0-100 aras\u0131nda ba\u011f\u0131l nem \u00f6l\u00e7\u00fcm\u00fc yapan elektronik nem sens\u00f6rleri, 4-20 mA \u00e7\u0131k\u0131\u015f aral\u0131\u011f\u0131 ile y\u00fcksek hassasiyet sunmaktad\u0131r.\" \/>\n<meta name=\"robots\" content=\"index, follow, max-snippet:-1, max-image-preview:large, max-video-preview:-1\" \/>\n<link rel=\"canonical\" href=\"https:\/\/barrsell.com\/en\/product\/pego-humidity-sensor\/\" \/>\n<meta property=\"og:locale\" content=\"en_US\" \/>\n<meta property=\"og:type\" content=\"article\" \/>\n<meta property=\"og:title\" content=\"Pego Nem Sens\u00f6r\u00fc\" \/>\n<meta property=\"og:description\" content=\"Pego Nem Sens\u00f6r\u00fc %0-100 aras\u0131nda ba\u011f\u0131l nem \u00f6l\u00e7\u00fcm\u00fc yapan elektronik nem sens\u00f6rleri, 4-20 mA \u00e7\u0131k\u0131\u015f aral\u0131\u011f\u0131 ile y\u00fcksek hassasiyet sunmaktad\u0131r.\" \/>\n<meta property=\"og:url\" content=\"https:\/\/barrsell.com\/en\/product\/pego-humidity-sensor\/\" \/>\n<meta property=\"og:site_name\" content=\"Barrsell\" \/>\n<meta property=\"article:modified_time\" content=\"2025-06-26T08:10:08+00:00\" \/>\n<meta property=\"og:image\" content=\"https:\/\/barrsell.com\/wp-content\/uploads\/2024\/11\/Pego-Nem-Sensoru.png\" \/>\n\t<meta property=\"og:image:width\" content=\"1200\" \/>\n\t<meta property=\"og:image:height\" content=\"1200\" \/>\n\t<meta property=\"og:image:type\" content=\"image\/png\" \/>\n<meta name=\"twitter:card\" content=\"summary_large_image\" \/>\n<meta name=\"twitter:label1\" content=\"Est. reading time\" \/>\n\t<meta name=\"twitter:data1\" content=\"2 minutes\" \/>\n<script type=\"application\/ld+json\" class=\"yoast-schema-graph\">{\"@context\":\"https:\/\/schema.org\",\"@graph\":[{\"@type\":\"WebPage\",\"@id\":\"https:\/\/barrsell.com\/urun\/pego-nem-sensoru\/\",\"url\":\"https:\/\/barrsell.com\/urun\/pego-nem-sensoru\/\",\"name\":\"Pego Nem Sens\u00f6r\u00fc | Barrsell End\u00fcstri\",\"isPartOf\":{\"@id\":\"https:\/\/barrsell.com\/#website\"},\"primaryImageOfPage\":{\"@id\":\"https:\/\/barrsell.com\/urun\/pego-nem-sensoru\/#primaryimage\"},\"image\":{\"@id\":\"https:\/\/barrsell.com\/urun\/pego-nem-sensoru\/#primaryimage\"},\"thumbnailUrl\":\"https:\/\/barrsell.com\/wp-content\/uploads\/2024\/11\/Pego-Nem-Sensoru.png\",\"datePublished\":\"2024-11-02T14:20:00+00:00\",\"dateModified\":\"2025-06-26T08:10:08+00:00\",\"description\":\"Pego Nem Sens\u00f6r\u00fc %0-100 aras\u0131nda ba\u011f\u0131l nem \u00f6l\u00e7\u00fcm\u00fc yapan elektronik nem sens\u00f6rleri, 4-20 mA \u00e7\u0131k\u0131\u015f aral\u0131\u011f\u0131 ile y\u00fcksek hassasiyet sunmaktad\u0131r.\",\"breadcrumb\":{\"@id\":\"https:\/\/barrsell.com\/urun\/pego-nem-sensoru\/#breadcrumb\"},\"inLanguage\":\"en-US\",\"potentialAction\":[{\"@type\":\"ReadAction\",\"target\":[\"https:\/\/barrsell.com\/urun\/pego-nem-sensoru\/\"]}]},{\"@type\":\"ImageObject\",\"inLanguage\":\"en-US\",\"@id\":\"https:\/\/barrsell.com\/urun\/pego-nem-sensoru\/#primaryimage\",\"url\":\"https:\/\/barrsell.com\/wp-content\/uploads\/2024\/11\/Pego-Nem-Sensoru.png\",\"contentUrl\":\"https:\/\/barrsell.com\/wp-content\/uploads\/2024\/11\/Pego-Nem-Sensoru.png\",\"width\":1200,\"height\":1200,\"caption\":\"Pego Nem Sens\u00f6r\u00fc\"},{\"@type\":\"BreadcrumbList\",\"@id\":\"https:\/\/barrsell.com\/urun\/pego-nem-sensoru\/#breadcrumb\",\"itemListElement\":[{\"@type\":\"ListItem\",\"position\":1,\"name\":\"Home\",\"item\":\"https:\/\/barrsell.com\/\"},{\"@type\":\"ListItem\",\"position\":2,\"name\":\"\u00dcr\u00fcnler\",\"item\":\"https:\/\/barrsell.com\/en\/products\/\"},{\"@type\":\"ListItem\",\"position\":3,\"name\":\"Pego Nem Sens\u00f6r\u00fc\"}]},{\"@type\":\"WebSite\",\"@id\":\"https:\/\/barrsell.com\/#website\",\"url\":\"https:\/\/barrsell.com\/\",\"name\":\"Barrsell End\u00fcstri Makine\",\"description\":\"Teknolojiyle G\u00fc\u00e7lenen End\u00fcstriyel \u00c7\u00f6z\u00fcmler!\",\"potentialAction\":[{\"@type\":\"SearchAction\",\"target\":{\"@type\":\"EntryPoint\",\"urlTemplate\":\"https:\/\/barrsell.com\/?s={search_term_string}\"},\"query-input\":\"required name=search_term_string\"}],\"inLanguage\":\"en-US\"}]}<\/script>\n<!-- \/ Yoast SEO Premium plugin. -->","yoast_head_json":{"title":"Pego Nem Sens\u00f6r\u00fc | Barrsell End\u00fcstri","description":"Pego Nem Sens\u00f6r\u00fc %0-100 aras\u0131nda ba\u011f\u0131l nem \u00f6l\u00e7\u00fcm\u00fc yapan elektronik nem sens\u00f6rleri, 4-20 mA \u00e7\u0131k\u0131\u015f aral\u0131\u011f\u0131 ile y\u00fcksek hassasiyet sunmaktad\u0131r.","robots":{"index":"index","follow":"follow","max-snippet":"max-snippet:-1","max-image-preview":"max-image-preview:large","max-video-preview":"max-video-preview:-1"},"canonical":"https:\/\/barrsell.com\/en\/product\/pego-humidity-sensor\/","og_locale":"en_US","og_type":"article","og_title":"Pego Nem Sens\u00f6r\u00fc","og_description":"Pego Nem Sens\u00f6r\u00fc %0-100 aras\u0131nda ba\u011f\u0131l nem \u00f6l\u00e7\u00fcm\u00fc yapan elektronik nem sens\u00f6rleri, 4-20 mA \u00e7\u0131k\u0131\u015f aral\u0131\u011f\u0131 ile y\u00fcksek hassasiyet sunmaktad\u0131r.","og_url":"https:\/\/barrsell.com\/en\/product\/pego-humidity-sensor\/","og_site_name":"Barrsell","article_modified_time":"2025-06-26T08:10:08+00:00","og_image":[{"width":1200,"height":1200,"url":"https:\/\/barrsell.com\/wp-content\/uploads\/2024\/11\/Pego-Nem-Sensoru.png","type":"image\/png"}],"twitter_card":"summary_large_image","twitter_misc":{"Est. reading time":"2 minutes"},"schema":{"@context":"https:\/\/schema.org","@graph":[{"@type":"WebPage","@id":"https:\/\/barrsell.com\/urun\/pego-nem-sensoru\/","url":"https:\/\/barrsell.com\/urun\/pego-nem-sensoru\/","name":"Pego Nem Sens\u00f6r\u00fc | Barrsell End\u00fcstri","isPartOf":{"@id":"https:\/\/barrsell.com\/#website"},"primaryImageOfPage":{"@id":"https:\/\/barrsell.com\/urun\/pego-nem-sensoru\/#primaryimage"},"image":{"@id":"https:\/\/barrsell.com\/urun\/pego-nem-sensoru\/#primaryimage"},"thumbnailUrl":"https:\/\/barrsell.com\/wp-content\/uploads\/2024\/11\/Pego-Nem-Sensoru.png","datePublished":"2024-11-02T14:20:00+00:00","dateModified":"2025-06-26T08:10:08+00:00","description":"Pego Nem Sens\u00f6r\u00fc %0-100 aras\u0131nda ba\u011f\u0131l nem \u00f6l\u00e7\u00fcm\u00fc yapan elektronik nem sens\u00f6rleri, 4-20 mA \u00e7\u0131k\u0131\u015f aral\u0131\u011f\u0131 ile y\u00fcksek hassasiyet sunmaktad\u0131r.","breadcrumb":{"@id":"https:\/\/barrsell.com\/urun\/pego-nem-sensoru\/#breadcrumb"},"inLanguage":"en-US","potentialAction":[{"@type":"ReadAction","target":["https:\/\/barrsell.com\/urun\/pego-nem-sensoru\/"]}]},{"@type":"ImageObject","inLanguage":"en-US","@id":"https:\/\/barrsell.com\/urun\/pego-nem-sensoru\/#primaryimage","url":"https:\/\/barrsell.com\/wp-content\/uploads\/2024\/11\/Pego-Nem-Sensoru.png","contentUrl":"https:\/\/barrsell.com\/wp-content\/uploads\/2024\/11\/Pego-Nem-Sensoru.png","width":1200,"height":1200,"caption":"Pego Nem Sens\u00f6r\u00fc"},{"@type":"BreadcrumbList","@id":"https:\/\/barrsell.com\/urun\/pego-nem-sensoru\/#breadcrumb","itemListElement":[{"@type":"ListItem","position":1,"name":"Home","item":"https:\/\/barrsell.com\/"},{"@type":"ListItem","position":2,"name":"\u00dcr\u00fcnler","item":"https:\/\/barrsell.com\/en\/products\/"},{"@type":"ListItem","position":3,"name":"Pego Nem Sens\u00f6r\u00fc"}]},{"@type":"WebSite","@id":"https:\/\/barrsell.com\/#website","url":"https:\/\/barrsell.com\/","name":"Barrsell End\u00fcstri Makine","description":"Teknolojiyle G\u00fc\u00e7lenen End\u00fcstriyel \u00c7\u00f6z\u00fcmler!","potentialAction":[{"@type":"SearchAction","target":{"@type":"EntryPoint","urlTemplate":"https:\/\/barrsell.com\/?s={search_term_string}"},"query-input":"required name=search_term_string"}],"inLanguage":"en-US"}]}},"_links":{"self":[{"href":"https:\/\/barrsell.com\/en\/wp-json\/wp\/v2\/product\/17952","targetHints":{"allow":["GET"]}}],"collection":[{"href":"https:\/\/barrsell.com\/en\/wp-json\/wp\/v2\/product"}],"about":[{"href":"https:\/\/barrsell.com\/en\/wp-json\/wp\/v2\/types\/product"}],"version-history":[{"count":6,"href":"https:\/\/barrsell.com\/en\/wp-json\/wp\/v2\/product\/17952\/revisions"}],"predecessor-version":[{"id":18508,"href":"https:\/\/barrsell.com\/en\/wp-json\/wp\/v2\/product\/17952\/revisions\/18508"}],"wp:featuredmedia":[{"embeddable":true,"href":"https:\/\/barrsell.com\/en\/wp-json\/wp\/v2\/media\/17953"}],"wp:attachment":[{"href":"https:\/\/barrsell.com\/en\/wp-json\/wp\/v2\/media?parent=17952"}],"wp:term":[{"taxonomy":"product_cat","embeddable":true,"href":"https:\/\/barrsell.com\/en\/wp-json\/wp\/v2\/product_cat?post=17952"},{"taxonomy":"product_tag","embeddable":true,"href":"https:\/\/barrsell.com\/en\/wp-json\/wp\/v2\/product_tag?post=17952"}],"curies":[{"name":"wp","href":"https:\/\/api.w.org\/{rel}","templated":true}]}}