{"id":17944,"date":"2024-11-02T13:55:52","date_gmt":"2024-11-02T13:55:52","guid":{"rendered":"https:\/\/barrsell.com\/?post_type=product&#038;p=17944"},"modified":"2024-11-23T14:01:04","modified_gmt":"2024-11-23T14:01:04","slug":"pego-buhar-dagitim-borusu","status":"publish","type":"product","link":"https:\/\/barrsell.com\/en\/product\/pego-steam-distribution-pipe\/","title":{"rendered":"Pego Steam Distribution Pipe UMITUBVAP25M"},"content":{"rendered":"<h2>Pego Steam Distribution Pipe UMITUBVAP25M<\/h2>\n<p>The Pego steam distribution tube is suitable for food contact because it is non-toxic and odorless. In particular, the hose is available in two different diameters (25 mm and 40 mm) and is made of rubber, which is resistant up to 105\u00b0C. At the same time, the inner structure of the hose has a galvanized metal spiral that allows flexible use without obstructing the passage of steam. Moreover, this feature not only increases the durability of the hose but also prevents it from being damaged during bending.<\/p>\n<h4>Technical Specifications:<\/h4>\n<ul>\n<li class=\" translation-block\"><strong>Material:<\/strong> Food safe, non-toxic rubber<\/li>\n<li class=\" translation-block\"><strong>Durability:<\/strong> Heat resistant steam distribution tube up to 105\u00b0C<\/li>\n<li class=\" translation-block\"><strong>Diameter Options:<\/strong> 25 mm and 40 mm<\/li>\n<li class=\" translation-block\"><strong>Internal Structure:<\/strong> Galvanized metal spiral provides flexibility without impeding the passage of steam during bending<\/li>\n<li class=\" translation-block\"><strong>Odor:<\/strong> Odorless, harmless to health<\/li>\n<\/ul>\n<p class=\" translation-block\">Thanks to these properties, <em>steam distribution pipe<\/em> can be used safely in industrial food processing plants. It also maintains its performance in continuous steam applications with its high temperature resistance. It also prioritizes food safety. And at the same time, this steam distribution hose optimizes business processes by combining quality and performance.<\/p>\n<h4>Pego Steam Distribution Pipe UMITUBVAP25M Specifications<\/h4>\n<div class=\"pg_single_value_container\">\n<div class=\"pg_table_label translation-block\"><b>Nominal diameter<\/b>25mm 40mm<br>\n<b>Inner diameter<\/b>25mm 40mm<br>\n<b>Outer diameter<\/b>33 mm 49.5 mm<br>\n<b>Operating temperature <\/b>-25\u00b0C \/ +105\u00b0C -25\u00b0C \/ +105\u00b0C<\/div>\n<\/div>\n<div class=\"pg_single_value_container\">\n<div class=\"pg_table_label translation-block\"><b>Bending radius at 20\u00b0C<\/b>115mm Non-toxic food use 115mm<\/div>\n<\/div>\n<div class=\"pg_single_value_container\">\n<div class=\"pg_table_label\"><b>Notlar <\/b>Standard for suitability for food contact. With thermoplastic rubber forming the layer of the HNA FOOD tube <em>Pego Buhar Da\u011f\u0131t\u0131m Hatt\u0131<\/em> d\u00fczenlemeye tabi g\u0131dalarla temasa ili\u015fkin CE direktiflerine uygundur. 1935\/2004<\/div>\n<div class=\"pg_field_container\">\n<div class=\"pg_table_field\">Standard for suitability for food contact.<\/div>\n<\/div>\n<\/div>","protected":false},"excerpt":{"rendered":"<div class=\"pg_table_label\">\n<h4 class=\"pg_table_label\">Compatible Humidifiers<\/h4>\n<p><strong>Pego S Series<\/strong>: S-020, S-040, S-060<br \/>\n<strong>Pego T Series<\/strong>: T-020, T-040, T-060<\/p>\n<\/div>","protected":false},"featured_media":17945,"template":"","meta":[],"product_cat":[142],"product_tag":[],"class_list":{"0":"post-17944","1":"product","2":"type-product","3":"status-publish","4":"has-post-thumbnail","6":"product_cat-pego-yedek-parcalari","8":"first","9":"instock","10":"shipping-taxable","11":"product-type-external"},"yoast_head":"<!-- This site is optimized with the Yoast SEO Premium plugin v23.2 (Yoast SEO v23.2) - https:\/\/yoast.com\/wordpress\/plugins\/seo\/ -->\n<title>Pego Buhar Da\u011f\u0131t\u0131m Borusu UMITUBVAP25M | Barrsell End\u00fcstri<\/title>\n<meta name=\"description\" content=\"Pego Buhar Da\u011f\u0131t\u0131m Borusu UMITUBVAP25M buhar da\u011f\u0131t\u0131m\u0131nda kullan\u0131lan hortum, g\u0131da ile temas etmeye uygun, toksik olmayan ve kokusuz bir yap\u0131dad\u0131r.\" \/>\n<meta name=\"robots\" content=\"index, follow, max-snippet:-1, max-image-preview:large, max-video-preview:-1\" \/>\n<link rel=\"canonical\" href=\"https:\/\/barrsell.com\/en\/product\/pego-steam-distribution-pipe\/\" \/>\n<meta property=\"og:locale\" content=\"en_US\" \/>\n<meta property=\"og:type\" content=\"article\" \/>\n<meta property=\"og:title\" content=\"Pego Buhar Da\u011f\u0131t\u0131m Borusu UMITUBVAP25M\" \/>\n<meta property=\"og:description\" content=\"Pego Buhar Da\u011f\u0131t\u0131m Borusu UMITUBVAP25M buhar da\u011f\u0131t\u0131m\u0131nda kullan\u0131lan hortum, g\u0131da ile temas etmeye uygun, toksik olmayan ve kokusuz bir yap\u0131dad\u0131r.\" \/>\n<meta property=\"og:url\" content=\"https:\/\/barrsell.com\/en\/product\/pego-steam-distribution-pipe\/\" \/>\n<meta property=\"og:site_name\" content=\"Barrsell\" \/>\n<meta property=\"article:modified_time\" content=\"2024-11-23T14:01:04+00:00\" \/>\n<meta property=\"og:image\" content=\"https:\/\/barrsell.com\/wp-content\/uploads\/2024\/11\/Pego-Buhar-Dagitim-Borusu-1.png\" \/>\n\t<meta property=\"og:image:width\" content=\"1200\" \/>\n\t<meta property=\"og:image:height\" content=\"1200\" \/>\n\t<meta property=\"og:image:type\" content=\"image\/png\" \/>\n<meta name=\"twitter:card\" content=\"summary_large_image\" \/>\n<meta name=\"twitter:label1\" content=\"Est. reading time\" \/>\n\t<meta name=\"twitter:data1\" content=\"2 minutes\" \/>\n<script type=\"application\/ld+json\" class=\"yoast-schema-graph\">{\"@context\":\"https:\/\/schema.org\",\"@graph\":[{\"@type\":\"WebPage\",\"@id\":\"https:\/\/barrsell.com\/urun\/pego-buhar-dagitim-borusu\/\",\"url\":\"https:\/\/barrsell.com\/urun\/pego-buhar-dagitim-borusu\/\",\"name\":\"Pego Buhar Da\u011f\u0131t\u0131m Borusu UMITUBVAP25M | Barrsell End\u00fcstri\",\"isPartOf\":{\"@id\":\"https:\/\/barrsell.com\/#website\"},\"primaryImageOfPage\":{\"@id\":\"https:\/\/barrsell.com\/urun\/pego-buhar-dagitim-borusu\/#primaryimage\"},\"image\":{\"@id\":\"https:\/\/barrsell.com\/urun\/pego-buhar-dagitim-borusu\/#primaryimage\"},\"thumbnailUrl\":\"https:\/\/barrsell.com\/wp-content\/uploads\/2024\/11\/Pego-Buhar-Dagitim-Borusu-1.png\",\"datePublished\":\"2024-11-02T13:55:52+00:00\",\"dateModified\":\"2024-11-23T14:01:04+00:00\",\"description\":\"Pego Buhar Da\u011f\u0131t\u0131m Borusu UMITUBVAP25M buhar da\u011f\u0131t\u0131m\u0131nda kullan\u0131lan hortum, g\u0131da ile temas etmeye uygun, toksik olmayan ve kokusuz bir yap\u0131dad\u0131r.\",\"breadcrumb\":{\"@id\":\"https:\/\/barrsell.com\/urun\/pego-buhar-dagitim-borusu\/#breadcrumb\"},\"inLanguage\":\"en-US\",\"potentialAction\":[{\"@type\":\"ReadAction\",\"target\":[\"https:\/\/barrsell.com\/urun\/pego-buhar-dagitim-borusu\/\"]}]},{\"@type\":\"ImageObject\",\"inLanguage\":\"en-US\",\"@id\":\"https:\/\/barrsell.com\/urun\/pego-buhar-dagitim-borusu\/#primaryimage\",\"url\":\"https:\/\/barrsell.com\/wp-content\/uploads\/2024\/11\/Pego-Buhar-Dagitim-Borusu-1.png\",\"contentUrl\":\"https:\/\/barrsell.com\/wp-content\/uploads\/2024\/11\/Pego-Buhar-Dagitim-Borusu-1.png\",\"width\":1200,\"height\":1200,\"caption\":\"Pego Buhar Da\u011f\u0131t\u0131m Borusu-1\"},{\"@type\":\"BreadcrumbList\",\"@id\":\"https:\/\/barrsell.com\/urun\/pego-buhar-dagitim-borusu\/#breadcrumb\",\"itemListElement\":[{\"@type\":\"ListItem\",\"position\":1,\"name\":\"Home\",\"item\":\"https:\/\/barrsell.com\/\"},{\"@type\":\"ListItem\",\"position\":2,\"name\":\"\u00dcr\u00fcnler\",\"item\":\"https:\/\/barrsell.com\/en\/products\/\"},{\"@type\":\"ListItem\",\"position\":3,\"name\":\"Pego Buhar Da\u011f\u0131t\u0131m Borusu UMITUBVAP25M\"}]},{\"@type\":\"WebSite\",\"@id\":\"https:\/\/barrsell.com\/#website\",\"url\":\"https:\/\/barrsell.com\/\",\"name\":\"Barrsell End\u00fcstri Makine\",\"description\":\"Teknolojiyle G\u00fc\u00e7lenen End\u00fcstriyel \u00c7\u00f6z\u00fcmler!\",\"potentialAction\":[{\"@type\":\"SearchAction\",\"target\":{\"@type\":\"EntryPoint\",\"urlTemplate\":\"https:\/\/barrsell.com\/?s={search_term_string}\"},\"query-input\":\"required name=search_term_string\"}],\"inLanguage\":\"en-US\"}]}<\/script>\n<!-- \/ Yoast SEO Premium plugin. -->","yoast_head_json":{"title":"Pego Buhar Da\u011f\u0131t\u0131m Borusu UMITUBVAP25M | Barrsell End\u00fcstri","description":"Pego Buhar Da\u011f\u0131t\u0131m Borusu UMITUBVAP25M buhar da\u011f\u0131t\u0131m\u0131nda kullan\u0131lan hortum, g\u0131da ile temas etmeye uygun, toksik olmayan ve kokusuz bir yap\u0131dad\u0131r.","robots":{"index":"index","follow":"follow","max-snippet":"max-snippet:-1","max-image-preview":"max-image-preview:large","max-video-preview":"max-video-preview:-1"},"canonical":"https:\/\/barrsell.com\/en\/product\/pego-steam-distribution-pipe\/","og_locale":"en_US","og_type":"article","og_title":"Pego Buhar Da\u011f\u0131t\u0131m Borusu UMITUBVAP25M","og_description":"Pego Buhar Da\u011f\u0131t\u0131m Borusu UMITUBVAP25M buhar da\u011f\u0131t\u0131m\u0131nda kullan\u0131lan hortum, g\u0131da ile temas etmeye uygun, toksik olmayan ve kokusuz bir yap\u0131dad\u0131r.","og_url":"https:\/\/barrsell.com\/en\/product\/pego-steam-distribution-pipe\/","og_site_name":"Barrsell","article_modified_time":"2024-11-23T14:01:04+00:00","og_image":[{"width":1200,"height":1200,"url":"https:\/\/barrsell.com\/wp-content\/uploads\/2024\/11\/Pego-Buhar-Dagitim-Borusu-1.png","type":"image\/png"}],"twitter_card":"summary_large_image","twitter_misc":{"Est. reading time":"2 minutes"},"schema":{"@context":"https:\/\/schema.org","@graph":[{"@type":"WebPage","@id":"https:\/\/barrsell.com\/urun\/pego-buhar-dagitim-borusu\/","url":"https:\/\/barrsell.com\/urun\/pego-buhar-dagitim-borusu\/","name":"Pego Buhar Da\u011f\u0131t\u0131m Borusu UMITUBVAP25M | Barrsell End\u00fcstri","isPartOf":{"@id":"https:\/\/barrsell.com\/#website"},"primaryImageOfPage":{"@id":"https:\/\/barrsell.com\/urun\/pego-buhar-dagitim-borusu\/#primaryimage"},"image":{"@id":"https:\/\/barrsell.com\/urun\/pego-buhar-dagitim-borusu\/#primaryimage"},"thumbnailUrl":"https:\/\/barrsell.com\/wp-content\/uploads\/2024\/11\/Pego-Buhar-Dagitim-Borusu-1.png","datePublished":"2024-11-02T13:55:52+00:00","dateModified":"2024-11-23T14:01:04+00:00","description":"Pego Buhar Da\u011f\u0131t\u0131m Borusu UMITUBVAP25M buhar da\u011f\u0131t\u0131m\u0131nda kullan\u0131lan hortum, g\u0131da ile temas etmeye uygun, toksik olmayan ve kokusuz bir yap\u0131dad\u0131r.","breadcrumb":{"@id":"https:\/\/barrsell.com\/urun\/pego-buhar-dagitim-borusu\/#breadcrumb"},"inLanguage":"en-US","potentialAction":[{"@type":"ReadAction","target":["https:\/\/barrsell.com\/urun\/pego-buhar-dagitim-borusu\/"]}]},{"@type":"ImageObject","inLanguage":"en-US","@id":"https:\/\/barrsell.com\/urun\/pego-buhar-dagitim-borusu\/#primaryimage","url":"https:\/\/barrsell.com\/wp-content\/uploads\/2024\/11\/Pego-Buhar-Dagitim-Borusu-1.png","contentUrl":"https:\/\/barrsell.com\/wp-content\/uploads\/2024\/11\/Pego-Buhar-Dagitim-Borusu-1.png","width":1200,"height":1200,"caption":"Pego Buhar Da\u011f\u0131t\u0131m Borusu-1"},{"@type":"BreadcrumbList","@id":"https:\/\/barrsell.com\/urun\/pego-buhar-dagitim-borusu\/#breadcrumb","itemListElement":[{"@type":"ListItem","position":1,"name":"Home","item":"https:\/\/barrsell.com\/"},{"@type":"ListItem","position":2,"name":"\u00dcr\u00fcnler","item":"https:\/\/barrsell.com\/en\/products\/"},{"@type":"ListItem","position":3,"name":"Pego Buhar Da\u011f\u0131t\u0131m Borusu UMITUBVAP25M"}]},{"@type":"WebSite","@id":"https:\/\/barrsell.com\/#website","url":"https:\/\/barrsell.com\/","name":"Barrsell End\u00fcstri Makine","description":"Teknolojiyle G\u00fc\u00e7lenen End\u00fcstriyel \u00c7\u00f6z\u00fcmler!","potentialAction":[{"@type":"SearchAction","target":{"@type":"EntryPoint","urlTemplate":"https:\/\/barrsell.com\/?s={search_term_string}"},"query-input":"required name=search_term_string"}],"inLanguage":"en-US"}]}},"_links":{"self":[{"href":"https:\/\/barrsell.com\/en\/wp-json\/wp\/v2\/product\/17944","targetHints":{"allow":["GET"]}}],"collection":[{"href":"https:\/\/barrsell.com\/en\/wp-json\/wp\/v2\/product"}],"about":[{"href":"https:\/\/barrsell.com\/en\/wp-json\/wp\/v2\/types\/product"}],"version-history":[{"count":10,"href":"https:\/\/barrsell.com\/en\/wp-json\/wp\/v2\/product\/17944\/revisions"}],"predecessor-version":[{"id":18520,"href":"https:\/\/barrsell.com\/en\/wp-json\/wp\/v2\/product\/17944\/revisions\/18520"}],"wp:featuredmedia":[{"embeddable":true,"href":"https:\/\/barrsell.com\/en\/wp-json\/wp\/v2\/media\/17945"}],"wp:attachment":[{"href":"https:\/\/barrsell.com\/en\/wp-json\/wp\/v2\/media?parent=17944"}],"wp:term":[{"taxonomy":"product_cat","embeddable":true,"href":"https:\/\/barrsell.com\/en\/wp-json\/wp\/v2\/product_cat?post=17944"},{"taxonomy":"product_tag","embeddable":true,"href":"https:\/\/barrsell.com\/en\/wp-json\/wp\/v2\/product_tag?post=17944"}],"curies":[{"name":"wp","href":"https:\/\/api.w.org\/{rel}","templated":true}]}}