{"id":17940,"date":"2024-11-02T13:41:05","date_gmt":"2024-11-02T13:41:05","guid":{"rendered":"https:\/\/barrsell.com\/?post_type=product&#038;p=17940"},"modified":"2024-11-23T17:46:33","modified_gmt":"2024-11-23T17:46:33","slug":"condair-temizlenebilir-silindir-d464","status":"publish","type":"product","link":"https:\/\/barrsell.com\/en\/product\/condair-cleanable-cylinder-d464\/","title":{"rendered":"Condair cleanable Cylinder D464"},"content":{"rendered":"<h2>Condair Cleanable Cylinder D464 Spare Part:<\/h2>\n<div id=\"attachment_18374\" style=\"width: 278px\" class=\"wp-caption alignright\"><a href=\"https:\/\/barrsell.com\/wp-content\/uploads\/2024\/11\/Condair-temizlenebilir-Silindir-D464-1.webp\"><img fetchpriority=\"high\" decoding=\"async\" aria-describedby=\"caption-attachment-18374\" class=\"size-medium wp-image-18374\" src=\"https:\/\/barrsell.com\/wp-content\/uploads\/2024\/11\/Condair-temizlenebilir-Silindir-D464-1-268x300.webp\" alt=\"\" width=\"268\" height=\"300\" srcset=\"https:\/\/barrsell.com\/wp-content\/uploads\/2024\/11\/Condair-temizlenebilir-Silindir-D464-1-268x300.webp 268w, https:\/\/barrsell.com\/wp-content\/uploads\/2024\/11\/Condair-temizlenebilir-Silindir-D464-1-915x1024.webp 915w, https:\/\/barrsell.com\/wp-content\/uploads\/2024\/11\/Condair-temizlenebilir-Silindir-D464-1-768x859.webp 768w, https:\/\/barrsell.com\/wp-content\/uploads\/2024\/11\/Condair-temizlenebilir-Silindir-D464-1-11x12.webp 11w, https:\/\/barrsell.com\/wp-content\/uploads\/2024\/11\/Condair-temizlenebilir-Silindir-D464-1-150x168.webp 150w, https:\/\/barrsell.com\/wp-content\/uploads\/2024\/11\/Condair-temizlenebilir-Silindir-D464-1.webp 1000w\" sizes=\"(max-width: 268px) 100vw, 268px\" \/><\/a><p id=\"caption-attachment-18374\" class=\"wp-caption-text\">Condair cleanable Cylinder D464-1<\/p><\/div>\n<p class=\" translation-block\">The durable and reusable<em>Condair cleanable cylinder D464<\/em>, a spare part specially developed for humidification systems. This cylinder optimizes the performance of humidifiers by ensuring high steam quality. This significantly reduces maintenance times and operating costs. Offering a long-lasting solution, especially in industrial and commercial areas, the D464 is the ideal choice for those looking for high efficiency and cost-effective use of Condair humidifier systems.<\/p>\n<p>&nbsp;<\/p>\n<p>&nbsp;<\/p>\n<h4>Technical Data<\/h4>\n<table>\n<thead>\n<tr>\n<th>Feature<\/th>\n<th>Details<\/th>\n<\/tr>\n<\/thead>\n<tbody>\n<tr>\n<td><strong>Material<\/strong><\/td>\n<td>Durable and cleanable alloy<\/td>\n<\/tr>\n<tr>\n<td><strong>Steam Production Capacity<\/strong><\/td>\n<td>High efficiency steam generation<\/td>\n<\/tr>\n<tr>\n<td><strong>Maintenance Feature<\/strong><\/td>\n<td>Easy to clean, reusable<\/td>\n<\/tr>\n<tr>\n<td><strong>Compatibility<\/strong><\/td>\n<td>Compatible with Condair steam humidifiers<\/td>\n<\/tr>\n<tr>\n<td><strong>Operating Temperature Range<\/strong><\/td>\n<td>5\u00b0C \u2013 60\u00b0C<\/td>\n<\/tr>\n<tr>\n<td><strong>Assembly and Integration<\/strong><\/td>\n<td>Easy assembly, standard fit<\/td>\n<\/tr>\n<tr>\n<td><strong>Resilience<\/strong><\/td>\n<td>Long life, suitable for industrial use<\/td>\n<\/tr>\n<tr>\n<td><strong>Maintenance Cycle<\/strong><\/td>\n<td>Reduced maintenance requirements<\/td>\n<\/tr>\n<\/tbody>\n<\/table>\n<h4>Condair Cylinder D464 Specifications<\/h4>\n<p><strong>Special Design for Easy Maintenance and Cleaning<\/strong><br \/>\nThe D464 cylinder can be easily disassembled, cleaned and reused at the same time. This feature reduces the frequency of spare parts replacement for businesses and makes maintenance more practical. The cleaning process in particular maximizes cylinder performance in every use. Regular cleaning extends the life of the cylinder and eliminates the need for spare parts<\/p>\n<p><strong>High Steam Production Capacity<\/strong><br \/>\nThe efficient steam generation of the Condair cylinder product improves the performance of the humidifier. And thus ensures that the system can supply the required amount of steam.<\/p>\n<div id=\"attachment_18326\" style=\"width: 360px\" class=\"wp-caption alignleft\"><a href=\"https:\/\/barrsell.com\/wp-content\/uploads\/2024\/11\/Condair-EL-Nem-Kontrol-Unitesi.jpeg\"><img decoding=\"async\" aria-describedby=\"caption-attachment-18326\" class=\"wp-image-18326\" src=\"https:\/\/barrsell.com\/wp-content\/uploads\/2024\/11\/Condair-EL-Nem-Kontrol-Unitesi.jpeg\" alt=\"\" width=\"350\" height=\"253\" srcset=\"https:\/\/barrsell.com\/wp-content\/uploads\/2024\/11\/Condair-EL-Nem-Kontrol-Unitesi.jpeg 264w, https:\/\/barrsell.com\/wp-content\/uploads\/2024\/11\/Condair-EL-Nem-Kontrol-Unitesi-18x12.jpeg 18w, https:\/\/barrsell.com\/wp-content\/uploads\/2024\/11\/Condair-EL-Nem-Kontrol-Unitesi-150x109.jpeg 150w\" sizes=\"(max-width: 350px) 100vw, 350px\" \/><\/a><p id=\"caption-attachment-18326\" class=\"wp-caption-text\">Condair EL Humidity Control Unit,<\/p><\/div>\n<p class=\" translation-block\"><strong>Long Lasting and Durable Material<br>\n<\/strong>Made of high quality and durable material, the <em>D464 cylinder<\/em> is suitable for continuous use in humidifiers. Therefore, it has a long service life and does not require frequent spare parts supply. At the same time, regular cleaning extends the life of the cylinder. This results in less energy consumption and the replacement of old machines with new and efficient ones.<\/p>\n<p class=\" translation-block\"><strong>Efficient Operation<\/strong>: The Condair D464 cylinder provides a cost-effective option while increasing the efficiency of your business. The result is maximum durability and minimum cost.<\/p>\n<p class=\" translation-block\"><strong>Environmentally Friendly Material: <\/strong>Condair D464 cylinder optimizes work processes with its environmentally friendly features and low cost structure.<\/p>\n<p class=\" translation-block\"><strong>Energy Saving<\/strong>: Thanks to its high efficiency, it reduces energy consumption and lowers operating costs.<\/p>\n<p class=\" translation-block\"><strong>Lower Operating Temperatures<\/strong>: This cylinder is designed to achieve the results you want with low energy consumption. It works especially efficiently at lower operating temperatures, reducing energy consumption.<\/p>\n<p class=\" translation-block\"><strong>System Integrated Operation<\/strong>: The Condair D464 integrates efficiently with existing systems to avoid wasting excess energy. This helps to achieve more effective results with less energy.<\/p>","protected":false},"excerpt":{"rendered":"<h2>Compatible Humidifier Models<\/h2>\n<p><strong>Condair RS Series<\/strong>: RS-OC 20, RS-OC 45, RS-OC 65<br \/>\n<strong>Condair EL Series<\/strong>: EL20, EL40, EL80<\/p>","protected":false},"featured_media":18020,"template":"","meta":[],"product_cat":[148],"product_tag":[],"class_list":{"0":"post-17940","1":"product","2":"type-product","3":"status-publish","4":"has-post-thumbnail","6":"product_cat-nordmann-condair-yedek-parcalari","8":"first","9":"instock","10":"shipping-taxable","11":"product-type-external"},"yoast_head":"<!-- This site is optimized with the Yoast SEO Premium plugin v23.2 (Yoast SEO v23.2) - https:\/\/yoast.com\/wordpress\/plugins\/seo\/ -->\n<title>Condair temizlenebilir Silindir D464 | Barrsell End\u00fcstri<\/title>\n<meta name=\"description\" content=\"Condair temizlenebilir silindir D464, nemlendirme sistemleri i\u00e7in \u00f6zel olarak geli\u015ftirilmi\u015f dayan\u0131kl\u0131 ve yeniden kullan\u0131labilir bir yedek par\u00e7ad\u0131r.\" \/>\n<meta name=\"robots\" content=\"index, follow, max-snippet:-1, max-image-preview:large, max-video-preview:-1\" \/>\n<link rel=\"canonical\" href=\"https:\/\/barrsell.com\/en\/product\/condair-cleanable-cylinder-d464\/\" \/>\n<meta property=\"og:locale\" content=\"en_US\" \/>\n<meta property=\"og:type\" content=\"article\" \/>\n<meta property=\"og:title\" content=\"Condair temizlenebilir Silindir D464\" \/>\n<meta property=\"og:description\" content=\"Condair temizlenebilir silindir D464, nemlendirme sistemleri i\u00e7in \u00f6zel olarak geli\u015ftirilmi\u015f dayan\u0131kl\u0131 ve yeniden kullan\u0131labilir bir yedek par\u00e7ad\u0131r.\" \/>\n<meta property=\"og:url\" content=\"https:\/\/barrsell.com\/en\/product\/condair-cleanable-cylinder-d464\/\" \/>\n<meta property=\"og:site_name\" content=\"Barrsell\" \/>\n<meta property=\"article:modified_time\" content=\"2024-11-23T17:46:33+00:00\" \/>\n<meta property=\"og:image\" content=\"https:\/\/barrsell.com\/wp-content\/uploads\/2024\/11\/Condair-temizlenebilir-Silindir-D464.png\" \/>\n\t<meta property=\"og:image:width\" content=\"1200\" \/>\n\t<meta property=\"og:image:height\" content=\"1200\" \/>\n\t<meta property=\"og:image:type\" content=\"image\/png\" \/>\n<meta name=\"twitter:card\" content=\"summary_large_image\" \/>\n<meta name=\"twitter:label1\" content=\"Est. reading time\" \/>\n\t<meta name=\"twitter:data1\" content=\"3 minutes\" \/>\n<script type=\"application\/ld+json\" class=\"yoast-schema-graph\">{\"@context\":\"https:\/\/schema.org\",\"@graph\":[{\"@type\":\"WebPage\",\"@id\":\"https:\/\/barrsell.com\/urun\/condair-temizlenebilir-silindir-d464\/\",\"url\":\"https:\/\/barrsell.com\/urun\/condair-temizlenebilir-silindir-d464\/\",\"name\":\"Condair temizlenebilir Silindir D464 | Barrsell End\u00fcstri\",\"isPartOf\":{\"@id\":\"https:\/\/barrsell.com\/#website\"},\"primaryImageOfPage\":{\"@id\":\"https:\/\/barrsell.com\/urun\/condair-temizlenebilir-silindir-d464\/#primaryimage\"},\"image\":{\"@id\":\"https:\/\/barrsell.com\/urun\/condair-temizlenebilir-silindir-d464\/#primaryimage\"},\"thumbnailUrl\":\"https:\/\/barrsell.com\/wp-content\/uploads\/2024\/11\/Condair-temizlenebilir-Silindir-D464.png\",\"datePublished\":\"2024-11-02T13:41:05+00:00\",\"dateModified\":\"2024-11-23T17:46:33+00:00\",\"description\":\"Condair temizlenebilir silindir D464, nemlendirme sistemleri i\u00e7in \u00f6zel olarak geli\u015ftirilmi\u015f dayan\u0131kl\u0131 ve yeniden kullan\u0131labilir bir yedek par\u00e7ad\u0131r.\",\"breadcrumb\":{\"@id\":\"https:\/\/barrsell.com\/urun\/condair-temizlenebilir-silindir-d464\/#breadcrumb\"},\"inLanguage\":\"en-US\",\"potentialAction\":[{\"@type\":\"ReadAction\",\"target\":[\"https:\/\/barrsell.com\/urun\/condair-temizlenebilir-silindir-d464\/\"]}]},{\"@type\":\"ImageObject\",\"inLanguage\":\"en-US\",\"@id\":\"https:\/\/barrsell.com\/urun\/condair-temizlenebilir-silindir-d464\/#primaryimage\",\"url\":\"https:\/\/barrsell.com\/wp-content\/uploads\/2024\/11\/Condair-temizlenebilir-Silindir-D464.png\",\"contentUrl\":\"https:\/\/barrsell.com\/wp-content\/uploads\/2024\/11\/Condair-temizlenebilir-Silindir-D464.png\",\"width\":1200,\"height\":1200,\"caption\":\"Condair temizlenebilir Silindir D464\"},{\"@type\":\"BreadcrumbList\",\"@id\":\"https:\/\/barrsell.com\/urun\/condair-temizlenebilir-silindir-d464\/#breadcrumb\",\"itemListElement\":[{\"@type\":\"ListItem\",\"position\":1,\"name\":\"Home\",\"item\":\"https:\/\/barrsell.com\/\"},{\"@type\":\"ListItem\",\"position\":2,\"name\":\"\u00dcr\u00fcnler\",\"item\":\"https:\/\/barrsell.com\/en\/products\/\"},{\"@type\":\"ListItem\",\"position\":3,\"name\":\"Condair temizlenebilir Silindir D464\"}]},{\"@type\":\"WebSite\",\"@id\":\"https:\/\/barrsell.com\/#website\",\"url\":\"https:\/\/barrsell.com\/\",\"name\":\"Barrsell End\u00fcstri Makine\",\"description\":\"Teknolojiyle G\u00fc\u00e7lenen End\u00fcstriyel \u00c7\u00f6z\u00fcmler!\",\"potentialAction\":[{\"@type\":\"SearchAction\",\"target\":{\"@type\":\"EntryPoint\",\"urlTemplate\":\"https:\/\/barrsell.com\/?s={search_term_string}\"},\"query-input\":\"required name=search_term_string\"}],\"inLanguage\":\"en-US\"}]}<\/script>\n<!-- \/ Yoast SEO Premium plugin. -->","yoast_head_json":{"title":"Condair temizlenebilir Silindir D464 | Barrsell End\u00fcstri","description":"Condair temizlenebilir silindir D464, nemlendirme sistemleri i\u00e7in \u00f6zel olarak geli\u015ftirilmi\u015f dayan\u0131kl\u0131 ve yeniden kullan\u0131labilir bir yedek par\u00e7ad\u0131r.","robots":{"index":"index","follow":"follow","max-snippet":"max-snippet:-1","max-image-preview":"max-image-preview:large","max-video-preview":"max-video-preview:-1"},"canonical":"https:\/\/barrsell.com\/en\/product\/condair-cleanable-cylinder-d464\/","og_locale":"en_US","og_type":"article","og_title":"Condair temizlenebilir Silindir D464","og_description":"Condair temizlenebilir silindir D464, nemlendirme sistemleri i\u00e7in \u00f6zel olarak geli\u015ftirilmi\u015f dayan\u0131kl\u0131 ve yeniden kullan\u0131labilir bir yedek par\u00e7ad\u0131r.","og_url":"https:\/\/barrsell.com\/en\/product\/condair-cleanable-cylinder-d464\/","og_site_name":"Barrsell","article_modified_time":"2024-11-23T17:46:33+00:00","og_image":[{"width":1200,"height":1200,"url":"https:\/\/barrsell.com\/wp-content\/uploads\/2024\/11\/Condair-temizlenebilir-Silindir-D464.png","type":"image\/png"}],"twitter_card":"summary_large_image","twitter_misc":{"Est. reading time":"3 minutes"},"schema":{"@context":"https:\/\/schema.org","@graph":[{"@type":"WebPage","@id":"https:\/\/barrsell.com\/urun\/condair-temizlenebilir-silindir-d464\/","url":"https:\/\/barrsell.com\/urun\/condair-temizlenebilir-silindir-d464\/","name":"Condair temizlenebilir Silindir D464 | Barrsell End\u00fcstri","isPartOf":{"@id":"https:\/\/barrsell.com\/#website"},"primaryImageOfPage":{"@id":"https:\/\/barrsell.com\/urun\/condair-temizlenebilir-silindir-d464\/#primaryimage"},"image":{"@id":"https:\/\/barrsell.com\/urun\/condair-temizlenebilir-silindir-d464\/#primaryimage"},"thumbnailUrl":"https:\/\/barrsell.com\/wp-content\/uploads\/2024\/11\/Condair-temizlenebilir-Silindir-D464.png","datePublished":"2024-11-02T13:41:05+00:00","dateModified":"2024-11-23T17:46:33+00:00","description":"Condair temizlenebilir silindir D464, nemlendirme sistemleri i\u00e7in \u00f6zel olarak geli\u015ftirilmi\u015f dayan\u0131kl\u0131 ve yeniden kullan\u0131labilir bir yedek par\u00e7ad\u0131r.","breadcrumb":{"@id":"https:\/\/barrsell.com\/urun\/condair-temizlenebilir-silindir-d464\/#breadcrumb"},"inLanguage":"en-US","potentialAction":[{"@type":"ReadAction","target":["https:\/\/barrsell.com\/urun\/condair-temizlenebilir-silindir-d464\/"]}]},{"@type":"ImageObject","inLanguage":"en-US","@id":"https:\/\/barrsell.com\/urun\/condair-temizlenebilir-silindir-d464\/#primaryimage","url":"https:\/\/barrsell.com\/wp-content\/uploads\/2024\/11\/Condair-temizlenebilir-Silindir-D464.png","contentUrl":"https:\/\/barrsell.com\/wp-content\/uploads\/2024\/11\/Condair-temizlenebilir-Silindir-D464.png","width":1200,"height":1200,"caption":"Condair temizlenebilir Silindir D464"},{"@type":"BreadcrumbList","@id":"https:\/\/barrsell.com\/urun\/condair-temizlenebilir-silindir-d464\/#breadcrumb","itemListElement":[{"@type":"ListItem","position":1,"name":"Home","item":"https:\/\/barrsell.com\/"},{"@type":"ListItem","position":2,"name":"\u00dcr\u00fcnler","item":"https:\/\/barrsell.com\/en\/products\/"},{"@type":"ListItem","position":3,"name":"Condair temizlenebilir Silindir D464"}]},{"@type":"WebSite","@id":"https:\/\/barrsell.com\/#website","url":"https:\/\/barrsell.com\/","name":"Barrsell End\u00fcstri Makine","description":"Teknolojiyle G\u00fc\u00e7lenen End\u00fcstriyel \u00c7\u00f6z\u00fcmler!","potentialAction":[{"@type":"SearchAction","target":{"@type":"EntryPoint","urlTemplate":"https:\/\/barrsell.com\/?s={search_term_string}"},"query-input":"required name=search_term_string"}],"inLanguage":"en-US"}]}},"_links":{"self":[{"href":"https:\/\/barrsell.com\/en\/wp-json\/wp\/v2\/product\/17940","targetHints":{"allow":["GET"]}}],"collection":[{"href":"https:\/\/barrsell.com\/en\/wp-json\/wp\/v2\/product"}],"about":[{"href":"https:\/\/barrsell.com\/en\/wp-json\/wp\/v2\/types\/product"}],"version-history":[{"count":22,"href":"https:\/\/barrsell.com\/en\/wp-json\/wp\/v2\/product\/17940\/revisions"}],"predecessor-version":[{"id":18019,"href":"https:\/\/barrsell.com\/en\/wp-json\/wp\/v2\/product\/17940\/revisions\/18019"}],"wp:featuredmedia":[{"embeddable":true,"href":"https:\/\/barrsell.com\/en\/wp-json\/wp\/v2\/media\/18020"}],"wp:attachment":[{"href":"https:\/\/barrsell.com\/en\/wp-json\/wp\/v2\/media?parent=17940"}],"wp:term":[{"taxonomy":"product_cat","embeddable":true,"href":"https:\/\/barrsell.com\/en\/wp-json\/wp\/v2\/product_cat?post=17940"},{"taxonomy":"product_tag","embeddable":true,"href":"https:\/\/barrsell.com\/en\/wp-json\/wp\/v2\/product_tag?post=17940"}],"curies":[{"name":"wp","href":"https:\/\/api.w.org\/{rel}","templated":true}]}}