{"id":17937,"date":"2024-11-02T13:34:13","date_gmt":"2024-11-02T13:34:13","guid":{"rendered":"https:\/\/barrsell.com\/?post_type=product&#038;p=17937"},"modified":"2024-11-25T08:07:09","modified_gmt":"2024-11-25T08:07:09","slug":"carel-bl0t2b00h2-buhar-silindiri","status":"publish","type":"product","link":"https:\/\/barrsell.com\/en\/product\/carel-bl0t2b00h2-steam-roller\/","title":{"rendered":"Carel BL0T2B00H2 Steam Cylinder"},"content":{"rendered":"<div class=\"mceTemp\">\n<div id=\"product.attributes\" class=\"data item content\" role=\"tabpanel\" data-role=\"content\" aria-labelledby=\"tab-label-product.attributes\" aria-hidden=\"false\">\n<h2 class=\"additional-attributes-wrapper table-wrapper\"><strong>Carel BL0T2B00H2 Steam Cylinder:\u00a0<\/strong><\/h2>\n<\/div>\n<\/div>\n<p class=\" translation-block\"><strong>Carel BL0T2B00H2 Steamroller<\/strong> for highly efficient humidity control in industrial environments. This device offers businesses low energy consumption and at the same time a long service life. <strong>Carel BL0T2B00H2 Steam Cylinder<\/strong> meets the humidification needs of businesses in the most efficient way. With its high performance, low energy consumption and long service life, this device offers excellent results, especially in industrial facilities. As a result, its compatibility with <strong><em>Carel humidifier<\/em> devices<\/strong> provides a powerful solution that can be customized to any need.<\/p>\n<div id=\"product.attributes\" class=\"data item content\" role=\"tabpanel\" data-role=\"content\" aria-labelledby=\"tab-label-product.attributes\" aria-hidden=\"false\">\n<div class=\"additional-attributes-wrapper table-wrapper\">\n<h4>Features<\/h4>\n<table width=\"0\">\n<tbody>\n<tr>\n<td colspan=\"2\">Learn More<\/td>\n<\/tr>\n<tr>\n<td>Manufacturer<\/td>\n<td data-th=\"Manufacturer\">Carel<\/td>\n<\/tr>\n<tr>\n<td>Product Type<\/td>\n<td data-th=\"Product Type\">Humidification<\/td>\n<\/tr>\n<tr>\n<td>Steam Hose Connection Size<\/td>\n<td data-th=\"Steam Hose Connection Size\">30 mm (1,18 in\u00e7)<\/td>\n<\/tr>\n<tr>\n<td>Service Range<\/td>\n<td data-th=\"Service Interval\">3 to 12 Month<\/td>\n<\/tr>\n<tr>\n<td>Product Length<\/td>\n<td data-th=\"Product Length\">14,1 in\u00e7 (35,814 cm)<\/td>\n<\/tr>\n<tr>\n<td>Product Width<\/td>\n<td data-th=\"Product Width\">7,85 in\u00e7 (19,939 cm)<\/td>\n<\/tr>\n<tr>\n<td>Product Height<\/td>\n<td data-th=\"Product Height\">7,8 in\u00e7 (19,812 cm)<\/td>\n<\/tr>\n<tr>\n<td>Product Weight<\/td>\n<td data-th=\"Product Weight\">2,995 lbs (1,359 kg)<\/td>\n<\/tr>\n<tr>\n<td>Material<\/td>\n<td data-th=\"Material\">Plastic<\/td>\n<\/tr>\n<tr>\n<td>Color<\/td>\n<td data-th=\"Color\">White<\/td>\n<\/tr>\n<tr>\n<td>Production Country<\/td>\n<td data-th=\"Country of Manufacture\">Italy<\/td>\n<\/tr>\n<tr>\n<td>Program Number B<\/td>\n<td data-th=\"Schedule B Number\">8479.90.4100<\/td>\n<\/tr>\n<tr>\n<td>Shipping Length<\/td>\n<td data-th=\"Shipping Length\">18,2 in\u00e7 (46,228 cm)<\/td>\n<\/tr>\n<tr>\n<td>Transmission Width<\/td>\n<td data-th=\"Shipping Width\">8,9 in\u00e7 (22,606 cm)<\/td>\n<\/tr>\n<tr>\n<td>Transportation Height<\/td>\n<td data-th=\"Shipping Height\">8,4 in\u00e7 (21,336 cm)<\/td>\n<\/tr>\n<\/tbody>\n<\/table>\n<p>&nbsp;<\/p>\n<\/div>\n<\/div>\n<p><a href=\"https:\/\/barrsell.com\/wp-content\/uploads\/2024\/11\/Carel-BL0T2B00H2-Buhar-Silindiri-1.png\"><img fetchpriority=\"high\" decoding=\"async\" class=\"size-medium wp-image-18392 alignleft\" src=\"https:\/\/barrsell.com\/wp-content\/uploads\/2024\/11\/Carel-BL0T2B00H2-Buhar-Silindiri-1-300x300.png\" alt=\"\" width=\"300\" height=\"300\" srcset=\"https:\/\/barrsell.com\/wp-content\/uploads\/2024\/11\/Carel-BL0T2B00H2-Buhar-Silindiri-1-300x300.png 300w, https:\/\/barrsell.com\/wp-content\/uploads\/2024\/11\/Carel-BL0T2B00H2-Buhar-Silindiri-1-1024x1024.png 1024w, https:\/\/barrsell.com\/wp-content\/uploads\/2024\/11\/Carel-BL0T2B00H2-Buhar-Silindiri-1-150x150.png 150w, https:\/\/barrsell.com\/wp-content\/uploads\/2024\/11\/Carel-BL0T2B00H2-Buhar-Silindiri-1-768x768.png 768w, https:\/\/barrsell.com\/wp-content\/uploads\/2024\/11\/Carel-BL0T2B00H2-Buhar-Silindiri-1-12x12.png 12w, https:\/\/barrsell.com\/wp-content\/uploads\/2024\/11\/Carel-BL0T2B00H2-Buhar-Silindiri-1-600x600.png 600w, https:\/\/barrsell.com\/wp-content\/uploads\/2024\/11\/Carel-BL0T2B00H2-Buhar-Silindiri-1-50x50.png 50w, https:\/\/barrsell.com\/wp-content\/uploads\/2024\/11\/Carel-BL0T2B00H2-Buhar-Silindiri-1-100x100.png 100w, https:\/\/barrsell.com\/wp-content\/uploads\/2024\/11\/Carel-BL0T2B00H2-Buhar-Silindiri-1.png 1200w\" sizes=\"(max-width: 300px) 100vw, 300px\" \/><\/a><\/p>\n<h4><strong>Technical Features and Benefits<\/strong><\/h4>\n<ul>\n<li class=\" translation-block\"><strong>High Efficiency and Energy Saving<\/strong>: The <strong>Carel BL0T2B00H2<\/strong> model offers high performance with low energy, reducing energy consumption for businesses. In this way, it provides long-term cost savings.<\/li>\n<li class=\" translation-block\"><strong>Durable and Compact Design<\/strong>: Designed for use in industrial conditions, the <strong>Steam Dispensing Cylinder<\/strong> is ideal for long-term use, especially with its durable materials.<\/li>\n<li class=\" translation-block\"><strong>Easy Installation and Maintenance<\/strong>: The user-friendly design of the device ensures quick installation and minimal maintenance requirements.<\/li>\n<li class=\" translation-block\"><strong>Digital Control System<\/strong>: The <strong>Carel Steam Unit<\/strong> precisely adjusts humidity levels. It is also equipped with a digital control system. This feature ensures that the system always operates with optimal performance.<\/li>\n<\/ul>\n<h4><strong>Compatible Operation with Carel Humidifiers<\/strong><\/h4>\n<p class=\" translation-block\">The <strong>Carel BL0T2B00H2 Steam Roller<\/strong> works in harmony with several <strong>humidifier devices<\/strong> to optimize humidity control. Here are some compatible systems:<\/p>\n<ol>\n<li class=\" translation-block\"><strong>Carel VapoJet Humidifiers<\/strong>: This device combines with <strong>Carel BL0T2B00H2<\/strong> to provide highly efficient humidification in large spaces.<\/li>\n<li class=\" translation-block\"><strong>Carel AquaJet Humidifier Systems<\/strong>: <strong>Carel AquaJet<\/strong> is compatible with this steam cylinder, providing businesses with efficient and energy-friendly humidification solutions.<\/li>\n<li class=\" translation-block\"><strong>Carel BMS Integration<\/strong>: This <strong>Cylinder<\/strong>, for example, integrates with the <strong>BMS<\/strong> to provide centralized control of the entire system. This integration also increases the energy efficiency of businesses and facilitates operational management.<\/li>\n<\/ol>\n<h4><strong>Why Carel BL0T2B00H2?<\/strong><\/h4>\n<ul>\n<li class=\" translation-block\"><strong>Energy Efficiency<\/strong>: <strong>Carel Steam Unit<\/strong> provides high efficiency with low energy, reducing energy costs for businesses.<\/li>\n<li class=\" translation-block\"><strong>Environmentally Friendly Solution<\/strong>: By minimizing energy consumption, this appliance also reduces its impact on the environment.<\/li>\n<li class=\" translation-block\"><strong>Long Lasting Performance<\/strong>: <strong>Carel Steam Distribution Cylinder<\/strong> works smoothly for many years thanks to its durable structure. Thus, it provides cost advantage in the long term.<\/li>\n<\/ul>\n<h4><\/h4>\n<p>&nbsp;<\/p>","protected":false},"excerpt":{"rendered":"<h4><strong>Compatible Humidifier Models<\/strong><\/h4>\n<ul class=\"compatibility-models\">\n<li class=\"compatibility-model\">UE005HK Series<\/li>\n<li class=\"compatibility-model\">UE005HW Series<\/li>\n<li class=\"compatibility-model\">UE005YL Series<\/li>\n<li class=\"compatibility-model\">UE008HK Series<\/li>\n<li class=\"compatibility-model\">UE008HW Series<\/li>\n<li class=\"compatibility-model\">UE008YL Series<\/li>\n<\/ul>","protected":false},"featured_media":17938,"template":"","meta":[],"product_cat":[136],"product_tag":[],"class_list":{"0":"post-17937","1":"product","2":"type-product","3":"status-publish","4":"has-post-thumbnail","6":"product_cat-carel-yedek-parcalari","8":"first","9":"instock","10":"shipping-taxable","11":"product-type-external"},"yoast_head":"<!-- This site is optimized with the Yoast SEO Premium plugin v23.2 (Yoast SEO v23.2) - https:\/\/yoast.com\/wordpress\/plugins\/seo\/ -->\n<title>Carel BL0T2B00H2 Buhar Silindiri | Barrsell End\u00fcstri<\/title>\n<meta name=\"description\" content=\"Carel BL0T2B00H2 Buhar Silindiri Yedek Par\u00e7as\u0131, y\u00fcksek verimlili\u011fi ve dayan\u0131kl\u0131l\u0131\u011f\u0131yla Carel nemlendirme sistemlerinin performans\u0131n\u0131 artt\u0131r\u0131r.\" \/>\n<meta name=\"robots\" content=\"index, follow, max-snippet:-1, max-image-preview:large, max-video-preview:-1\" \/>\n<link rel=\"canonical\" href=\"https:\/\/barrsell.com\/en\/product\/carel-bl0t2b00h2-steam-roller\/\" \/>\n<meta property=\"og:locale\" content=\"en_US\" \/>\n<meta property=\"og:type\" content=\"article\" \/>\n<meta property=\"og:title\" content=\"Carel BL0T2B00H2 Buhar Silindiri\" \/>\n<meta property=\"og:description\" content=\"Carel BL0T2B00H2 Buhar Silindiri Yedek Par\u00e7as\u0131, y\u00fcksek verimlili\u011fi ve dayan\u0131kl\u0131l\u0131\u011f\u0131yla Carel nemlendirme sistemlerinin performans\u0131n\u0131 artt\u0131r\u0131r.\" \/>\n<meta property=\"og:url\" content=\"https:\/\/barrsell.com\/en\/product\/carel-bl0t2b00h2-steam-roller\/\" \/>\n<meta property=\"og:site_name\" content=\"Barrsell\" \/>\n<meta property=\"article:modified_time\" content=\"2024-11-25T08:07:09+00:00\" \/>\n<meta property=\"og:image\" content=\"https:\/\/barrsell.com\/wp-content\/uploads\/2024\/11\/Carel-BL0T2B00H2-Buhar-Silindiri.png\" \/>\n\t<meta property=\"og:image:width\" content=\"1200\" \/>\n\t<meta property=\"og:image:height\" content=\"1200\" \/>\n\t<meta property=\"og:image:type\" content=\"image\/png\" \/>\n<meta name=\"twitter:card\" content=\"summary_large_image\" \/>\n<meta name=\"twitter:label1\" content=\"Est. reading time\" \/>\n\t<meta name=\"twitter:data1\" content=\"3 minutes\" \/>\n<script type=\"application\/ld+json\" class=\"yoast-schema-graph\">{\"@context\":\"https:\/\/schema.org\",\"@graph\":[{\"@type\":\"WebPage\",\"@id\":\"https:\/\/barrsell.com\/urun\/carel-bl0t2b00h2-buhar-silindiri\/\",\"url\":\"https:\/\/barrsell.com\/urun\/carel-bl0t2b00h2-buhar-silindiri\/\",\"name\":\"Carel BL0T2B00H2 Buhar Silindiri | Barrsell End\u00fcstri\",\"isPartOf\":{\"@id\":\"https:\/\/barrsell.com\/#website\"},\"primaryImageOfPage\":{\"@id\":\"https:\/\/barrsell.com\/urun\/carel-bl0t2b00h2-buhar-silindiri\/#primaryimage\"},\"image\":{\"@id\":\"https:\/\/barrsell.com\/urun\/carel-bl0t2b00h2-buhar-silindiri\/#primaryimage\"},\"thumbnailUrl\":\"https:\/\/barrsell.com\/wp-content\/uploads\/2024\/11\/Carel-BL0T2B00H2-Buhar-Silindiri.png\",\"datePublished\":\"2024-11-02T13:34:13+00:00\",\"dateModified\":\"2024-11-25T08:07:09+00:00\",\"description\":\"Carel BL0T2B00H2 Buhar Silindiri Yedek Par\u00e7as\u0131, y\u00fcksek verimlili\u011fi ve dayan\u0131kl\u0131l\u0131\u011f\u0131yla Carel nemlendirme sistemlerinin performans\u0131n\u0131 artt\u0131r\u0131r.\",\"breadcrumb\":{\"@id\":\"https:\/\/barrsell.com\/urun\/carel-bl0t2b00h2-buhar-silindiri\/#breadcrumb\"},\"inLanguage\":\"en-US\",\"potentialAction\":[{\"@type\":\"ReadAction\",\"target\":[\"https:\/\/barrsell.com\/urun\/carel-bl0t2b00h2-buhar-silindiri\/\"]}]},{\"@type\":\"ImageObject\",\"inLanguage\":\"en-US\",\"@id\":\"https:\/\/barrsell.com\/urun\/carel-bl0t2b00h2-buhar-silindiri\/#primaryimage\",\"url\":\"https:\/\/barrsell.com\/wp-content\/uploads\/2024\/11\/Carel-BL0T2B00H2-Buhar-Silindiri.png\",\"contentUrl\":\"https:\/\/barrsell.com\/wp-content\/uploads\/2024\/11\/Carel-BL0T2B00H2-Buhar-Silindiri.png\",\"width\":1200,\"height\":1200,\"caption\":\"Carel BL0T2B00H2 Buhar Silindiri\"},{\"@type\":\"BreadcrumbList\",\"@id\":\"https:\/\/barrsell.com\/urun\/carel-bl0t2b00h2-buhar-silindiri\/#breadcrumb\",\"itemListElement\":[{\"@type\":\"ListItem\",\"position\":1,\"name\":\"Home\",\"item\":\"https:\/\/barrsell.com\/\"},{\"@type\":\"ListItem\",\"position\":2,\"name\":\"\u00dcr\u00fcnler\",\"item\":\"https:\/\/barrsell.com\/en\/products\/\"},{\"@type\":\"ListItem\",\"position\":3,\"name\":\"Carel BL0T2B00H2 Buhar Silindiri\"}]},{\"@type\":\"WebSite\",\"@id\":\"https:\/\/barrsell.com\/#website\",\"url\":\"https:\/\/barrsell.com\/\",\"name\":\"Barrsell End\u00fcstri Makine\",\"description\":\"Teknolojiyle G\u00fc\u00e7lenen End\u00fcstriyel \u00c7\u00f6z\u00fcmler!\",\"potentialAction\":[{\"@type\":\"SearchAction\",\"target\":{\"@type\":\"EntryPoint\",\"urlTemplate\":\"https:\/\/barrsell.com\/?s={search_term_string}\"},\"query-input\":\"required name=search_term_string\"}],\"inLanguage\":\"en-US\"}]}<\/script>\n<!-- \/ Yoast SEO Premium plugin. -->","yoast_head_json":{"title":"Carel BL0T2B00H2 Buhar Silindiri | Barrsell End\u00fcstri","description":"Carel BL0T2B00H2 Buhar Silindiri Yedek Par\u00e7as\u0131, y\u00fcksek verimlili\u011fi ve dayan\u0131kl\u0131l\u0131\u011f\u0131yla Carel nemlendirme sistemlerinin performans\u0131n\u0131 artt\u0131r\u0131r.","robots":{"index":"index","follow":"follow","max-snippet":"max-snippet:-1","max-image-preview":"max-image-preview:large","max-video-preview":"max-video-preview:-1"},"canonical":"https:\/\/barrsell.com\/en\/product\/carel-bl0t2b00h2-steam-roller\/","og_locale":"en_US","og_type":"article","og_title":"Carel BL0T2B00H2 Buhar Silindiri","og_description":"Carel BL0T2B00H2 Buhar Silindiri Yedek Par\u00e7as\u0131, y\u00fcksek verimlili\u011fi ve dayan\u0131kl\u0131l\u0131\u011f\u0131yla Carel nemlendirme sistemlerinin performans\u0131n\u0131 artt\u0131r\u0131r.","og_url":"https:\/\/barrsell.com\/en\/product\/carel-bl0t2b00h2-steam-roller\/","og_site_name":"Barrsell","article_modified_time":"2024-11-25T08:07:09+00:00","og_image":[{"width":1200,"height":1200,"url":"https:\/\/barrsell.com\/wp-content\/uploads\/2024\/11\/Carel-BL0T2B00H2-Buhar-Silindiri.png","type":"image\/png"}],"twitter_card":"summary_large_image","twitter_misc":{"Est. reading time":"3 minutes"},"schema":{"@context":"https:\/\/schema.org","@graph":[{"@type":"WebPage","@id":"https:\/\/barrsell.com\/urun\/carel-bl0t2b00h2-buhar-silindiri\/","url":"https:\/\/barrsell.com\/urun\/carel-bl0t2b00h2-buhar-silindiri\/","name":"Carel BL0T2B00H2 Buhar Silindiri | Barrsell End\u00fcstri","isPartOf":{"@id":"https:\/\/barrsell.com\/#website"},"primaryImageOfPage":{"@id":"https:\/\/barrsell.com\/urun\/carel-bl0t2b00h2-buhar-silindiri\/#primaryimage"},"image":{"@id":"https:\/\/barrsell.com\/urun\/carel-bl0t2b00h2-buhar-silindiri\/#primaryimage"},"thumbnailUrl":"https:\/\/barrsell.com\/wp-content\/uploads\/2024\/11\/Carel-BL0T2B00H2-Buhar-Silindiri.png","datePublished":"2024-11-02T13:34:13+00:00","dateModified":"2024-11-25T08:07:09+00:00","description":"Carel BL0T2B00H2 Buhar Silindiri Yedek Par\u00e7as\u0131, y\u00fcksek verimlili\u011fi ve dayan\u0131kl\u0131l\u0131\u011f\u0131yla Carel nemlendirme sistemlerinin performans\u0131n\u0131 artt\u0131r\u0131r.","breadcrumb":{"@id":"https:\/\/barrsell.com\/urun\/carel-bl0t2b00h2-buhar-silindiri\/#breadcrumb"},"inLanguage":"en-US","potentialAction":[{"@type":"ReadAction","target":["https:\/\/barrsell.com\/urun\/carel-bl0t2b00h2-buhar-silindiri\/"]}]},{"@type":"ImageObject","inLanguage":"en-US","@id":"https:\/\/barrsell.com\/urun\/carel-bl0t2b00h2-buhar-silindiri\/#primaryimage","url":"https:\/\/barrsell.com\/wp-content\/uploads\/2024\/11\/Carel-BL0T2B00H2-Buhar-Silindiri.png","contentUrl":"https:\/\/barrsell.com\/wp-content\/uploads\/2024\/11\/Carel-BL0T2B00H2-Buhar-Silindiri.png","width":1200,"height":1200,"caption":"Carel BL0T2B00H2 Buhar Silindiri"},{"@type":"BreadcrumbList","@id":"https:\/\/barrsell.com\/urun\/carel-bl0t2b00h2-buhar-silindiri\/#breadcrumb","itemListElement":[{"@type":"ListItem","position":1,"name":"Home","item":"https:\/\/barrsell.com\/"},{"@type":"ListItem","position":2,"name":"\u00dcr\u00fcnler","item":"https:\/\/barrsell.com\/en\/products\/"},{"@type":"ListItem","position":3,"name":"Carel BL0T2B00H2 Buhar Silindiri"}]},{"@type":"WebSite","@id":"https:\/\/barrsell.com\/#website","url":"https:\/\/barrsell.com\/","name":"Barrsell End\u00fcstri Makine","description":"Teknolojiyle G\u00fc\u00e7lenen End\u00fcstriyel \u00c7\u00f6z\u00fcmler!","potentialAction":[{"@type":"SearchAction","target":{"@type":"EntryPoint","urlTemplate":"https:\/\/barrsell.com\/?s={search_term_string}"},"query-input":"required name=search_term_string"}],"inLanguage":"en-US"}]}},"_links":{"self":[{"href":"https:\/\/barrsell.com\/en\/wp-json\/wp\/v2\/product\/17937","targetHints":{"allow":["GET"]}}],"collection":[{"href":"https:\/\/barrsell.com\/en\/wp-json\/wp\/v2\/product"}],"about":[{"href":"https:\/\/barrsell.com\/en\/wp-json\/wp\/v2\/types\/product"}],"version-history":[{"count":20,"href":"https:\/\/barrsell.com\/en\/wp-json\/wp\/v2\/product\/17937\/revisions"}],"predecessor-version":[{"id":18389,"href":"https:\/\/barrsell.com\/en\/wp-json\/wp\/v2\/product\/17937\/revisions\/18389"}],"wp:featuredmedia":[{"embeddable":true,"href":"https:\/\/barrsell.com\/en\/wp-json\/wp\/v2\/media\/17938"}],"wp:attachment":[{"href":"https:\/\/barrsell.com\/en\/wp-json\/wp\/v2\/media?parent=17937"}],"wp:term":[{"taxonomy":"product_cat","embeddable":true,"href":"https:\/\/barrsell.com\/en\/wp-json\/wp\/v2\/product_cat?post=17937"},{"taxonomy":"product_tag","embeddable":true,"href":"https:\/\/barrsell.com\/en\/wp-json\/wp\/v2\/product_tag?post=17937"}],"curies":[{"name":"wp","href":"https:\/\/api.w.org\/{rel}","templated":true}]}}