{"id":17934,"date":"2024-11-02T13:05:18","date_gmt":"2024-11-02T13:05:18","guid":{"rendered":"https:\/\/barrsell.com\/?post_type=product&#038;p=17934"},"modified":"2024-11-25T08:11:17","modified_gmt":"2024-11-25T08:11:17","slug":"carel-l201ma0000-buhar-silindiri","status":"publish","type":"product","link":"https:\/\/barrsell.com\/en\/product\/carel-l201ma0000-steam-roller\/","title":{"rendered":"Carel L201MA0000 Steam Cylinder"},"content":{"rendered":"<h2>Carel L201MA0000 Steam Cylinder<\/h2>\n<p class=\" translation-block\"><strong>Carel L201MA0000 Steam Cylinder Spare Part<\/strong> is a reliable and long-lasting spare part for Carel humidification systems. It provides stable and efficient steam production especially in industrial and commercial air conditioning systems. L201MA0000 helps to keep the performance of the device at the first day level. Thanks to its durability and high performance characteristics, this spare part contributes to the smooth operation of humidification systems.<\/p>\n<h4>Features<\/h4>\n<table width=\"0\">\n<tbody>\n<tr>\n<td colspan=\"2\">Learn More<\/td>\n<\/tr>\n<tr>\n<td>Manufacturer<\/td>\n<td data-th=\"Manufacturer\">Carel<\/td>\n<\/tr>\n<tr>\n<td>Product Type<\/td>\n<td data-th=\"Product Type\">Humidification<\/td>\n<\/tr>\n<tr>\n<td>Service Range<\/td>\n<td data-th=\"Service Interval\">3 to 12 Month<\/td>\n<\/tr>\n<tr>\n<td>Product Length<\/td>\n<td data-th=\"Product Length\">10,95 in\u00e7 (27,813 cm)<\/td>\n<\/tr>\n<tr>\n<td>Product Width<\/td>\n<td data-th=\"Product Width\">5,8 in\u00e7 (14,732 cm)<\/td>\n<\/tr>\n<tr>\n<td>Product Height<\/td>\n<td data-th=\"Product Height\">5,75 in\u00e7 (14,605 \u200b\u200bcm)<\/td>\n<\/tr>\n<tr>\n<td>Product Weight<\/td>\n<td data-th=\"Product Weight\">1,435 lbs (0,651 kg)<\/td>\n<\/tr>\n<tr>\n<td>Shipping Length<\/td>\n<td data-th=\"Shipping Length\">15,4 in\u00e7 (39,116 cm)<\/td>\n<\/tr>\n<tr>\n<td>Transmission Width<\/td>\n<td data-th=\"Shipping Width\">6,4 in\u00e7 (16,256 cm)<\/td>\n<\/tr>\n<tr>\n<td>Transportation Height<\/td>\n<td data-th=\"Shipping Height\">6 in\u00e7 (15,240 cm)<\/td>\n<\/tr>\n<\/tbody>\n<\/table>\n<div id=\"product.attributes\" class=\"data item content\" role=\"tabpanel\" data-role=\"content\" aria-labelledby=\"tab-label-product.attributes\" aria-hidden=\"false\">\n<div class=\"additional-attributes-wrapper table-wrapper translation-block\">Below you will find detailed technical information and advantages about <strong>Carel L201MA0000 <em>Steam Cylinder Spare Part<\/em><\/strong>:<\/div>\n<\/div>\n<h4>1. <strong>Full Compatibility with Original Device<\/strong><\/h4>\n<p>The L201MA0000 steam cylinder is designed to be fully compatible with Carel's original humidifiers. This compatibility ensures that the system continues to operate with the same performance and efficiency after replacement. In addition, the originality of the spare part contributes to the long life and reliable operation of the device.<\/p>\n<h4>2. <strong>High Durability and Long Lifetime<\/strong><\/h4>\n<p class=\" translation-block\"><em>Carel L201MA0000<\/em> is made of durable materials. And it also offers high resistance to water-borne factors such as limescale and sediment deposits. This allows the cylinder to work efficiently for a long time without the need for frequent replacement. At the same time, this design extends its lifetime.  It reduces both maintenance requirements and operating costs.<\/p>\n<h4>3. <strong>Hygienic and Healthy Steam Production<\/strong><\/h4>\n<p class=\" translation-block\">Manufactured in accordance with hygiene standards, <strong><em>Carel Replacement Steam Cylinder <\/em><\/strong> provides clean and reliable steam production. This feature allows safe use in areas where hygiene is a priority, such as hospitals, laboratories and food production facilities. It also helps maintain a healthy humidity balance in air conditioning systems as it provides clean steam to the environment.<\/p>\n<h4>4. <strong>Easy Assembly and Maintenance<\/strong><\/h4>\n<p class=\" translation-block\">The L201MA0000 <em>steam cylinder<\/em> is easy to install. This feature, which provides convenience during maintenance operations, especially allows users to re-commission the system more quickly. This spare part also provides great convenience in the maintenance process with its user-friendly design.<\/p>","protected":false},"excerpt":{"rendered":"<h4><strong>Compatible Humidifier Models<\/strong><\/h4>\n<p>MS103CL Series<\/p>\n<p>MS105CL Series<\/p>\n<p>SC103CL Series<\/p>\n<p>SC105CL Series<\/p>","protected":false},"featured_media":17935,"template":"","meta":[],"product_cat":[136],"product_tag":[],"class_list":{"0":"post-17934","1":"product","2":"type-product","3":"status-publish","4":"has-post-thumbnail","6":"product_cat-carel-yedek-parcalari","8":"first","9":"instock","10":"shipping-taxable","11":"product-type-external"},"yoast_head":"<!-- This site is optimized with the Yoast SEO Premium plugin v23.2 (Yoast SEO v23.2) - https:\/\/yoast.com\/wordpress\/plugins\/seo\/ -->\n<title>Carel L201MA0000 Buhar Silindiri | Barrsell End\u00fcstri<\/title>\n<meta name=\"description\" content=\"Carel L201MA0000 Buhar Silindiri Yedek Par\u00e7as\u0131, \u00f6zellikle Carel nemlendirme sistemlerinde kullan\u0131lan g\u00fcvenilir ve uzun \u00f6m\u00fcrl\u00fc bir yedek par\u00e7ad\u0131r.\" \/>\n<meta name=\"robots\" content=\"index, follow, max-snippet:-1, max-image-preview:large, max-video-preview:-1\" \/>\n<link rel=\"canonical\" href=\"https:\/\/barrsell.com\/en\/product\/carel-l201ma0000-steam-roller\/\" \/>\n<meta property=\"og:locale\" content=\"en_US\" \/>\n<meta property=\"og:type\" content=\"article\" \/>\n<meta property=\"og:title\" content=\"Carel L201MA0000 Buhar Silindiri\" \/>\n<meta property=\"og:description\" content=\"Carel L201MA0000 Buhar Silindiri Yedek Par\u00e7as\u0131, \u00f6zellikle Carel nemlendirme sistemlerinde kullan\u0131lan g\u00fcvenilir ve uzun \u00f6m\u00fcrl\u00fc bir yedek par\u00e7ad\u0131r.\" \/>\n<meta property=\"og:url\" content=\"https:\/\/barrsell.com\/en\/product\/carel-l201ma0000-steam-roller\/\" \/>\n<meta property=\"og:site_name\" content=\"Barrsell\" \/>\n<meta property=\"article:modified_time\" content=\"2024-11-25T08:11:17+00:00\" \/>\n<meta property=\"og:image\" content=\"https:\/\/barrsell.com\/wp-content\/uploads\/2024\/11\/Carel-L201MA0000-Buhar-Silindiri.png\" \/>\n\t<meta property=\"og:image:width\" content=\"1200\" \/>\n\t<meta property=\"og:image:height\" content=\"1200\" \/>\n\t<meta property=\"og:image:type\" content=\"image\/png\" \/>\n<meta name=\"twitter:card\" content=\"summary_large_image\" \/>\n<meta name=\"twitter:label1\" content=\"Est. reading time\" \/>\n\t<meta name=\"twitter:data1\" content=\"3 minutes\" \/>\n<script type=\"application\/ld+json\" class=\"yoast-schema-graph\">{\"@context\":\"https:\/\/schema.org\",\"@graph\":[{\"@type\":\"WebPage\",\"@id\":\"https:\/\/barrsell.com\/urun\/carel-l201ma0000-buhar-silindiri\/\",\"url\":\"https:\/\/barrsell.com\/urun\/carel-l201ma0000-buhar-silindiri\/\",\"name\":\"Carel L201MA0000 Buhar Silindiri | Barrsell End\u00fcstri\",\"isPartOf\":{\"@id\":\"https:\/\/barrsell.com\/#website\"},\"primaryImageOfPage\":{\"@id\":\"https:\/\/barrsell.com\/urun\/carel-l201ma0000-buhar-silindiri\/#primaryimage\"},\"image\":{\"@id\":\"https:\/\/barrsell.com\/urun\/carel-l201ma0000-buhar-silindiri\/#primaryimage\"},\"thumbnailUrl\":\"https:\/\/barrsell.com\/wp-content\/uploads\/2024\/11\/Carel-L201MA0000-Buhar-Silindiri.png\",\"datePublished\":\"2024-11-02T13:05:18+00:00\",\"dateModified\":\"2024-11-25T08:11:17+00:00\",\"description\":\"Carel L201MA0000 Buhar Silindiri Yedek Par\u00e7as\u0131, \u00f6zellikle Carel nemlendirme sistemlerinde kullan\u0131lan g\u00fcvenilir ve uzun \u00f6m\u00fcrl\u00fc bir yedek par\u00e7ad\u0131r.\",\"breadcrumb\":{\"@id\":\"https:\/\/barrsell.com\/urun\/carel-l201ma0000-buhar-silindiri\/#breadcrumb\"},\"inLanguage\":\"en-US\",\"potentialAction\":[{\"@type\":\"ReadAction\",\"target\":[\"https:\/\/barrsell.com\/urun\/carel-l201ma0000-buhar-silindiri\/\"]}]},{\"@type\":\"ImageObject\",\"inLanguage\":\"en-US\",\"@id\":\"https:\/\/barrsell.com\/urun\/carel-l201ma0000-buhar-silindiri\/#primaryimage\",\"url\":\"https:\/\/barrsell.com\/wp-content\/uploads\/2024\/11\/Carel-L201MA0000-Buhar-Silindiri.png\",\"contentUrl\":\"https:\/\/barrsell.com\/wp-content\/uploads\/2024\/11\/Carel-L201MA0000-Buhar-Silindiri.png\",\"width\":1200,\"height\":1200,\"caption\":\"Carel L201MA0000 Buhar Silindiri\"},{\"@type\":\"BreadcrumbList\",\"@id\":\"https:\/\/barrsell.com\/urun\/carel-l201ma0000-buhar-silindiri\/#breadcrumb\",\"itemListElement\":[{\"@type\":\"ListItem\",\"position\":1,\"name\":\"Home\",\"item\":\"https:\/\/barrsell.com\/\"},{\"@type\":\"ListItem\",\"position\":2,\"name\":\"\u00dcr\u00fcnler\",\"item\":\"https:\/\/barrsell.com\/en\/products\/\"},{\"@type\":\"ListItem\",\"position\":3,\"name\":\"Carel L201MA0000 Buhar Silindiri\"}]},{\"@type\":\"WebSite\",\"@id\":\"https:\/\/barrsell.com\/#website\",\"url\":\"https:\/\/barrsell.com\/\",\"name\":\"Barrsell End\u00fcstri Makine\",\"description\":\"Teknolojiyle G\u00fc\u00e7lenen End\u00fcstriyel \u00c7\u00f6z\u00fcmler!\",\"potentialAction\":[{\"@type\":\"SearchAction\",\"target\":{\"@type\":\"EntryPoint\",\"urlTemplate\":\"https:\/\/barrsell.com\/?s={search_term_string}\"},\"query-input\":\"required name=search_term_string\"}],\"inLanguage\":\"en-US\"}]}<\/script>\n<!-- \/ Yoast SEO Premium plugin. -->","yoast_head_json":{"title":"Carel L201MA0000 Buhar Silindiri | Barrsell End\u00fcstri","description":"Carel L201MA0000 Buhar Silindiri Yedek Par\u00e7as\u0131, \u00f6zellikle Carel nemlendirme sistemlerinde kullan\u0131lan g\u00fcvenilir ve uzun \u00f6m\u00fcrl\u00fc bir yedek par\u00e7ad\u0131r.","robots":{"index":"index","follow":"follow","max-snippet":"max-snippet:-1","max-image-preview":"max-image-preview:large","max-video-preview":"max-video-preview:-1"},"canonical":"https:\/\/barrsell.com\/en\/product\/carel-l201ma0000-steam-roller\/","og_locale":"en_US","og_type":"article","og_title":"Carel L201MA0000 Buhar Silindiri","og_description":"Carel L201MA0000 Buhar Silindiri Yedek Par\u00e7as\u0131, \u00f6zellikle Carel nemlendirme sistemlerinde kullan\u0131lan g\u00fcvenilir ve uzun \u00f6m\u00fcrl\u00fc bir yedek par\u00e7ad\u0131r.","og_url":"https:\/\/barrsell.com\/en\/product\/carel-l201ma0000-steam-roller\/","og_site_name":"Barrsell","article_modified_time":"2024-11-25T08:11:17+00:00","og_image":[{"width":1200,"height":1200,"url":"https:\/\/barrsell.com\/wp-content\/uploads\/2024\/11\/Carel-L201MA0000-Buhar-Silindiri.png","type":"image\/png"}],"twitter_card":"summary_large_image","twitter_misc":{"Est. reading time":"3 minutes"},"schema":{"@context":"https:\/\/schema.org","@graph":[{"@type":"WebPage","@id":"https:\/\/barrsell.com\/urun\/carel-l201ma0000-buhar-silindiri\/","url":"https:\/\/barrsell.com\/urun\/carel-l201ma0000-buhar-silindiri\/","name":"Carel L201MA0000 Buhar Silindiri | Barrsell End\u00fcstri","isPartOf":{"@id":"https:\/\/barrsell.com\/#website"},"primaryImageOfPage":{"@id":"https:\/\/barrsell.com\/urun\/carel-l201ma0000-buhar-silindiri\/#primaryimage"},"image":{"@id":"https:\/\/barrsell.com\/urun\/carel-l201ma0000-buhar-silindiri\/#primaryimage"},"thumbnailUrl":"https:\/\/barrsell.com\/wp-content\/uploads\/2024\/11\/Carel-L201MA0000-Buhar-Silindiri.png","datePublished":"2024-11-02T13:05:18+00:00","dateModified":"2024-11-25T08:11:17+00:00","description":"Carel L201MA0000 Buhar Silindiri Yedek Par\u00e7as\u0131, \u00f6zellikle Carel nemlendirme sistemlerinde kullan\u0131lan g\u00fcvenilir ve uzun \u00f6m\u00fcrl\u00fc bir yedek par\u00e7ad\u0131r.","breadcrumb":{"@id":"https:\/\/barrsell.com\/urun\/carel-l201ma0000-buhar-silindiri\/#breadcrumb"},"inLanguage":"en-US","potentialAction":[{"@type":"ReadAction","target":["https:\/\/barrsell.com\/urun\/carel-l201ma0000-buhar-silindiri\/"]}]},{"@type":"ImageObject","inLanguage":"en-US","@id":"https:\/\/barrsell.com\/urun\/carel-l201ma0000-buhar-silindiri\/#primaryimage","url":"https:\/\/barrsell.com\/wp-content\/uploads\/2024\/11\/Carel-L201MA0000-Buhar-Silindiri.png","contentUrl":"https:\/\/barrsell.com\/wp-content\/uploads\/2024\/11\/Carel-L201MA0000-Buhar-Silindiri.png","width":1200,"height":1200,"caption":"Carel L201MA0000 Buhar Silindiri"},{"@type":"BreadcrumbList","@id":"https:\/\/barrsell.com\/urun\/carel-l201ma0000-buhar-silindiri\/#breadcrumb","itemListElement":[{"@type":"ListItem","position":1,"name":"Home","item":"https:\/\/barrsell.com\/"},{"@type":"ListItem","position":2,"name":"\u00dcr\u00fcnler","item":"https:\/\/barrsell.com\/en\/products\/"},{"@type":"ListItem","position":3,"name":"Carel L201MA0000 Buhar Silindiri"}]},{"@type":"WebSite","@id":"https:\/\/barrsell.com\/#website","url":"https:\/\/barrsell.com\/","name":"Barrsell End\u00fcstri Makine","description":"Teknolojiyle G\u00fc\u00e7lenen End\u00fcstriyel \u00c7\u00f6z\u00fcmler!","potentialAction":[{"@type":"SearchAction","target":{"@type":"EntryPoint","urlTemplate":"https:\/\/barrsell.com\/?s={search_term_string}"},"query-input":"required name=search_term_string"}],"inLanguage":"en-US"}]}},"_links":{"self":[{"href":"https:\/\/barrsell.com\/en\/wp-json\/wp\/v2\/product\/17934","targetHints":{"allow":["GET"]}}],"collection":[{"href":"https:\/\/barrsell.com\/en\/wp-json\/wp\/v2\/product"}],"about":[{"href":"https:\/\/barrsell.com\/en\/wp-json\/wp\/v2\/types\/product"}],"version-history":[{"count":11,"href":"https:\/\/barrsell.com\/en\/wp-json\/wp\/v2\/product\/17934\/revisions"}],"predecessor-version":[{"id":18547,"href":"https:\/\/barrsell.com\/en\/wp-json\/wp\/v2\/product\/17934\/revisions\/18547"}],"wp:featuredmedia":[{"embeddable":true,"href":"https:\/\/barrsell.com\/en\/wp-json\/wp\/v2\/media\/17935"}],"wp:attachment":[{"href":"https:\/\/barrsell.com\/en\/wp-json\/wp\/v2\/media?parent=17934"}],"wp:term":[{"taxonomy":"product_cat","embeddable":true,"href":"https:\/\/barrsell.com\/en\/wp-json\/wp\/v2\/product_cat?post=17934"},{"taxonomy":"product_tag","embeddable":true,"href":"https:\/\/barrsell.com\/en\/wp-json\/wp\/v2\/product_tag?post=17934"}],"curies":[{"name":"wp","href":"https:\/\/api.w.org\/{rel}","templated":true}]}}