{"id":17928,"date":"2024-11-02T12:50:09","date_gmt":"2024-11-02T12:50:09","guid":{"rendered":"https:\/\/barrsell.com\/?post_type=product&#038;p=17928"},"modified":"2024-11-28T12:27:58","modified_gmt":"2024-11-28T12:27:58","slug":"carel-f201ma0000-buhar-silindiri","status":"publish","type":"product","link":"https:\/\/barrsell.com\/en\/product\/carel-f201ma0000-steam-roller\/","title":{"rendered":"Carel F201MA0000 Steam Cylinder"},"content":{"rendered":"<h2>Carel F201MA0000 Steam Cylinder<\/h2>\n<p class=\" translation-block\"><strong>Carel F201MA0000 Steam Cylinder Replacement Part<\/strong> is a steam cylinder replacement part for Carel humidification systems. It is also a critical component to maintain optimum performance of the device. <em><strong>F201MA0000<\/strong><\/em> has been developed to ensure high durability and long life, ensuring a continuous and efficient steam production in humidification systems. It stands out as an ideal spare part especially for HVAC and industrial humidification systems.<\/p>\n<div id=\"product.attributes\" class=\"data item content\" role=\"tabpanel\" data-role=\"content\" aria-labelledby=\"tab-label-product.attributes\" aria-hidden=\"false\">\n<div class=\"additional-attributes-wrapper table-wrapper\">\n<h2>Features<\/h2>\n<table width=\"0\">\n<tbody>\n<tr>\n<td colspan=\"2\">Learn More<\/td>\n<\/tr>\n<tr>\n<td>Manufacturer<\/td>\n<td data-th=\"Manufacturer\">Carel<\/td>\n<\/tr>\n<tr>\n<td>Product Type<\/td>\n<td data-th=\"Product Type\">Humidification<\/td>\n<\/tr>\n<tr>\n<td>Service Range<\/td>\n<td data-th=\"Service Interval\">3 to 12 Month<\/td>\n<\/tr>\n<tr>\n<td>Product Length<\/td>\n<td data-th=\"Product Length\">11,65 in\u00e7 (29,591 cm)<\/td>\n<\/tr>\n<tr>\n<td>Product Width<\/td>\n<td data-th=\"Product Width\">5,8 in\u00e7 (14,732 cm)<\/td>\n<\/tr>\n<tr>\n<td>Product Height<\/td>\n<td data-th=\"Product Height\">5,8 in\u00e7 (14,732 cm)<\/td>\n<\/tr>\n<tr>\n<td>Product Weight<\/td>\n<td data-th=\"Product Weight\">1,48 lbs (0,671 kg)<\/td>\n<\/tr>\n<tr>\n<td>Shipping Length<\/td>\n<td data-th=\"Shipping Length\">15,3 in\u00e7 (38,862 cm)<\/td>\n<\/tr>\n<tr>\n<td>Transmission Width<\/td>\n<td data-th=\"Shipping Width\">6,1 in\u00e7 (15,494 cm)<\/td>\n<\/tr>\n<tr>\n<td>Transportation Height<\/td>\n<td data-th=\"Shipping Height\">6,1 in\u00e7 (15,494 cm)<\/td>\n<\/tr>\n<\/tbody>\n<\/table>\n<p>&nbsp;<\/p>\n<\/div>\n<\/div>\n<p class=\" translation-block\">The technical specifications and advantages of <em>Carel F201MA0000 Steam Cylinder Spare Parts<\/em> are detailed below:<\/p>\n<h4>1. <strong>Fully Compatible Spare Parts<\/strong><\/h4>\n<p>Carel F201MA0000 is designed to be fully compatible with original Carel humidifiers. This compatibility also ensures that the device continues to operate with the same efficiency after replacement.<\/p>\n<h4>2. <strong>High Durability and Long Life<\/strong><\/h4>\n<p>The spare part for steam roller F201MA0000 is made of durable materials. This ensures a long service life of the appliance. It is also resistant to water-borne deposits such as mineral and lime deposits, thus offering long-term use without frequent maintenance. Therefore, thanks to this feature, it provides a more efficient use by reducing operating costs.<\/p>\n<h4>3. <strong>Easy Assembly and Maintenance<\/strong><\/h4>\n<p class=\" translation-block\">This spare part has particularly user-friendly mounting features, which speeds up the replacement process. At the same time, thanks to the easy installation, users can quickly commission the device. This ensures operational continuity. At the same time, the <em><strong>F201MA0000 steam cylinder<\/strong><\/em> also simplifies the maintenance process, so that the device can be operated with high efficiency for a long time.<\/p>\n<h4>4. <strong>Hygienic and Healthy Steam Production<\/strong><\/h4>\n<p>The F201MA0000 steam cylinder is manufactured in accordance with hygiene standards and ensures reliable steam production. It can be safely used especially in environments where hygiene is important, such as hospitals, laboratories or food production. As a result, clean steam production ensures a more hygienic climate by maintaining a healthy moisture balance in the environment.<\/p>\n<h4>5. <strong>Energy Efficiency and Cost Savings<\/strong><\/h4>\n<p>Cihazla uyumlu bu yedek par\u00e7a, enerji verimlili\u011fi odakl\u0131 olarak tasarlanm\u0131\u015ft\u0131r. \u00d6zellikle <a href=\"https:\/\/wdteknoloji.com\/buhar-odasi-uygulamalari\/\">buhar<\/a> \u00fcretiminde daha az enerji t\u00fcketerek sistemin verimlili\u011fini art\u0131r\u0131r ve i\u015fletme maliyetlerini d\u00fc\u015f\u00fcr\u00fcr. Enerji tasarrufu sa\u011flayan bu \u00f6zellik, hem uzun vadede maliyet avantaj\u0131 sunar hem de \u00e7evresel s\u00fcrd\u00fcr\u00fclebilirli\u011fe katk\u0131da bulunur.<\/p>","protected":false},"excerpt":{"rendered":"<h4><strong>Compatible Humidifier Models<br \/>\n<\/strong><\/h4>\n<ul>\n<li>SD101 Serisi<\/li>\n<li>SD102 Serisi<\/li>\n<li>SD103 Serisi<\/li>\n<\/ul>","protected":false},"featured_media":17929,"template":"","meta":[],"product_cat":[136],"product_tag":[],"class_list":{"0":"post-17928","1":"product","2":"type-product","3":"status-publish","4":"has-post-thumbnail","6":"product_cat-carel-yedek-parcalari","8":"first","9":"instock","10":"shipping-taxable","11":"product-type-external"},"yoast_head":"<!-- This site is optimized with the Yoast SEO Premium plugin v23.2 (Yoast SEO v23.2) - https:\/\/yoast.com\/wordpress\/plugins\/seo\/ -->\n<title>Carel F201MA0000 Buhar Silindiri | Barrsell End\u00fcstri<\/title>\n<meta name=\"description\" content=\"Carel F201MA0000 Buhar Silindiri Yedek Par\u00e7as\u0131, Carel nemlendirme sistemlerinde kullan\u0131lan bir buhar silindiri yedek par\u00e7as\u0131d\u0131r.\" \/>\n<meta name=\"robots\" content=\"index, follow, max-snippet:-1, max-image-preview:large, max-video-preview:-1\" \/>\n<link rel=\"canonical\" href=\"https:\/\/barrsell.com\/en\/product\/carel-f201ma0000-steam-roller\/\" \/>\n<meta property=\"og:locale\" content=\"en_US\" \/>\n<meta property=\"og:type\" content=\"article\" \/>\n<meta property=\"og:title\" content=\"Carel F201MA0000 Buhar Silindiri\" \/>\n<meta property=\"og:description\" content=\"Carel F201MA0000 Buhar Silindiri Yedek Par\u00e7as\u0131, Carel nemlendirme sistemlerinde kullan\u0131lan bir buhar silindiri yedek par\u00e7as\u0131d\u0131r.\" \/>\n<meta property=\"og:url\" content=\"https:\/\/barrsell.com\/en\/product\/carel-f201ma0000-steam-roller\/\" \/>\n<meta property=\"og:site_name\" content=\"Barrsell\" \/>\n<meta property=\"article:modified_time\" content=\"2024-11-28T12:27:58+00:00\" \/>\n<meta property=\"og:image\" content=\"https:\/\/barrsell.com\/wp-content\/uploads\/2024\/11\/Carel-F201MA0000-Buhar-Silindiri.png\" \/>\n\t<meta property=\"og:image:width\" content=\"1200\" \/>\n\t<meta property=\"og:image:height\" content=\"1200\" \/>\n\t<meta property=\"og:image:type\" content=\"image\/png\" \/>\n<meta name=\"twitter:card\" content=\"summary_large_image\" \/>\n<meta name=\"twitter:label1\" content=\"Est. reading time\" \/>\n\t<meta name=\"twitter:data1\" content=\"3 minutes\" \/>\n<script type=\"application\/ld+json\" class=\"yoast-schema-graph\">{\"@context\":\"https:\/\/schema.org\",\"@graph\":[{\"@type\":\"WebPage\",\"@id\":\"https:\/\/barrsell.com\/urun\/carel-f201ma0000-buhar-silindiri\/\",\"url\":\"https:\/\/barrsell.com\/urun\/carel-f201ma0000-buhar-silindiri\/\",\"name\":\"Carel F201MA0000 Buhar Silindiri | Barrsell End\u00fcstri\",\"isPartOf\":{\"@id\":\"https:\/\/barrsell.com\/#website\"},\"primaryImageOfPage\":{\"@id\":\"https:\/\/barrsell.com\/urun\/carel-f201ma0000-buhar-silindiri\/#primaryimage\"},\"image\":{\"@id\":\"https:\/\/barrsell.com\/urun\/carel-f201ma0000-buhar-silindiri\/#primaryimage\"},\"thumbnailUrl\":\"https:\/\/barrsell.com\/wp-content\/uploads\/2024\/11\/Carel-F201MA0000-Buhar-Silindiri.png\",\"datePublished\":\"2024-11-02T12:50:09+00:00\",\"dateModified\":\"2024-11-28T12:27:58+00:00\",\"description\":\"Carel F201MA0000 Buhar Silindiri Yedek Par\u00e7as\u0131, Carel nemlendirme sistemlerinde kullan\u0131lan bir buhar silindiri yedek par\u00e7as\u0131d\u0131r.\",\"breadcrumb\":{\"@id\":\"https:\/\/barrsell.com\/urun\/carel-f201ma0000-buhar-silindiri\/#breadcrumb\"},\"inLanguage\":\"en-US\",\"potentialAction\":[{\"@type\":\"ReadAction\",\"target\":[\"https:\/\/barrsell.com\/urun\/carel-f201ma0000-buhar-silindiri\/\"]}]},{\"@type\":\"ImageObject\",\"inLanguage\":\"en-US\",\"@id\":\"https:\/\/barrsell.com\/urun\/carel-f201ma0000-buhar-silindiri\/#primaryimage\",\"url\":\"https:\/\/barrsell.com\/wp-content\/uploads\/2024\/11\/Carel-F201MA0000-Buhar-Silindiri.png\",\"contentUrl\":\"https:\/\/barrsell.com\/wp-content\/uploads\/2024\/11\/Carel-F201MA0000-Buhar-Silindiri.png\",\"width\":1200,\"height\":1200,\"caption\":\"Carel F201MA0000 Buhar Silindiri\"},{\"@type\":\"BreadcrumbList\",\"@id\":\"https:\/\/barrsell.com\/urun\/carel-f201ma0000-buhar-silindiri\/#breadcrumb\",\"itemListElement\":[{\"@type\":\"ListItem\",\"position\":1,\"name\":\"Home\",\"item\":\"https:\/\/barrsell.com\/\"},{\"@type\":\"ListItem\",\"position\":2,\"name\":\"\u00dcr\u00fcnler\",\"item\":\"https:\/\/barrsell.com\/en\/products\/\"},{\"@type\":\"ListItem\",\"position\":3,\"name\":\"Carel F201MA0000 Buhar Silindiri\"}]},{\"@type\":\"WebSite\",\"@id\":\"https:\/\/barrsell.com\/#website\",\"url\":\"https:\/\/barrsell.com\/\",\"name\":\"Barrsell End\u00fcstri Makine\",\"description\":\"Teknolojiyle G\u00fc\u00e7lenen End\u00fcstriyel \u00c7\u00f6z\u00fcmler!\",\"potentialAction\":[{\"@type\":\"SearchAction\",\"target\":{\"@type\":\"EntryPoint\",\"urlTemplate\":\"https:\/\/barrsell.com\/?s={search_term_string}\"},\"query-input\":\"required name=search_term_string\"}],\"inLanguage\":\"en-US\"}]}<\/script>\n<!-- \/ Yoast SEO Premium plugin. -->","yoast_head_json":{"title":"Carel F201MA0000 Buhar Silindiri | Barrsell End\u00fcstri","description":"Carel F201MA0000 Buhar Silindiri Yedek Par\u00e7as\u0131, Carel nemlendirme sistemlerinde kullan\u0131lan bir buhar silindiri yedek par\u00e7as\u0131d\u0131r.","robots":{"index":"index","follow":"follow","max-snippet":"max-snippet:-1","max-image-preview":"max-image-preview:large","max-video-preview":"max-video-preview:-1"},"canonical":"https:\/\/barrsell.com\/en\/product\/carel-f201ma0000-steam-roller\/","og_locale":"en_US","og_type":"article","og_title":"Carel F201MA0000 Buhar Silindiri","og_description":"Carel F201MA0000 Buhar Silindiri Yedek Par\u00e7as\u0131, Carel nemlendirme sistemlerinde kullan\u0131lan bir buhar silindiri yedek par\u00e7as\u0131d\u0131r.","og_url":"https:\/\/barrsell.com\/en\/product\/carel-f201ma0000-steam-roller\/","og_site_name":"Barrsell","article_modified_time":"2024-11-28T12:27:58+00:00","og_image":[{"width":1200,"height":1200,"url":"https:\/\/barrsell.com\/wp-content\/uploads\/2024\/11\/Carel-F201MA0000-Buhar-Silindiri.png","type":"image\/png"}],"twitter_card":"summary_large_image","twitter_misc":{"Est. reading time":"3 minutes"},"schema":{"@context":"https:\/\/schema.org","@graph":[{"@type":"WebPage","@id":"https:\/\/barrsell.com\/urun\/carel-f201ma0000-buhar-silindiri\/","url":"https:\/\/barrsell.com\/urun\/carel-f201ma0000-buhar-silindiri\/","name":"Carel F201MA0000 Buhar Silindiri | Barrsell End\u00fcstri","isPartOf":{"@id":"https:\/\/barrsell.com\/#website"},"primaryImageOfPage":{"@id":"https:\/\/barrsell.com\/urun\/carel-f201ma0000-buhar-silindiri\/#primaryimage"},"image":{"@id":"https:\/\/barrsell.com\/urun\/carel-f201ma0000-buhar-silindiri\/#primaryimage"},"thumbnailUrl":"https:\/\/barrsell.com\/wp-content\/uploads\/2024\/11\/Carel-F201MA0000-Buhar-Silindiri.png","datePublished":"2024-11-02T12:50:09+00:00","dateModified":"2024-11-28T12:27:58+00:00","description":"Carel F201MA0000 Buhar Silindiri Yedek Par\u00e7as\u0131, Carel nemlendirme sistemlerinde kullan\u0131lan bir buhar silindiri yedek par\u00e7as\u0131d\u0131r.","breadcrumb":{"@id":"https:\/\/barrsell.com\/urun\/carel-f201ma0000-buhar-silindiri\/#breadcrumb"},"inLanguage":"en-US","potentialAction":[{"@type":"ReadAction","target":["https:\/\/barrsell.com\/urun\/carel-f201ma0000-buhar-silindiri\/"]}]},{"@type":"ImageObject","inLanguage":"en-US","@id":"https:\/\/barrsell.com\/urun\/carel-f201ma0000-buhar-silindiri\/#primaryimage","url":"https:\/\/barrsell.com\/wp-content\/uploads\/2024\/11\/Carel-F201MA0000-Buhar-Silindiri.png","contentUrl":"https:\/\/barrsell.com\/wp-content\/uploads\/2024\/11\/Carel-F201MA0000-Buhar-Silindiri.png","width":1200,"height":1200,"caption":"Carel F201MA0000 Buhar Silindiri"},{"@type":"BreadcrumbList","@id":"https:\/\/barrsell.com\/urun\/carel-f201ma0000-buhar-silindiri\/#breadcrumb","itemListElement":[{"@type":"ListItem","position":1,"name":"Home","item":"https:\/\/barrsell.com\/"},{"@type":"ListItem","position":2,"name":"\u00dcr\u00fcnler","item":"https:\/\/barrsell.com\/en\/products\/"},{"@type":"ListItem","position":3,"name":"Carel F201MA0000 Buhar Silindiri"}]},{"@type":"WebSite","@id":"https:\/\/barrsell.com\/#website","url":"https:\/\/barrsell.com\/","name":"Barrsell End\u00fcstri Makine","description":"Teknolojiyle G\u00fc\u00e7lenen End\u00fcstriyel \u00c7\u00f6z\u00fcmler!","potentialAction":[{"@type":"SearchAction","target":{"@type":"EntryPoint","urlTemplate":"https:\/\/barrsell.com\/?s={search_term_string}"},"query-input":"required name=search_term_string"}],"inLanguage":"en-US"}]}},"_links":{"self":[{"href":"https:\/\/barrsell.com\/en\/wp-json\/wp\/v2\/product\/17928","targetHints":{"allow":["GET"]}}],"collection":[{"href":"https:\/\/barrsell.com\/en\/wp-json\/wp\/v2\/product"}],"about":[{"href":"https:\/\/barrsell.com\/en\/wp-json\/wp\/v2\/types\/product"}],"version-history":[{"count":10,"href":"https:\/\/barrsell.com\/en\/wp-json\/wp\/v2\/product\/17928\/revisions"}],"predecessor-version":[{"id":18636,"href":"https:\/\/barrsell.com\/en\/wp-json\/wp\/v2\/product\/17928\/revisions\/18636"}],"wp:featuredmedia":[{"embeddable":true,"href":"https:\/\/barrsell.com\/en\/wp-json\/wp\/v2\/media\/17929"}],"wp:attachment":[{"href":"https:\/\/barrsell.com\/en\/wp-json\/wp\/v2\/media?parent=17928"}],"wp:term":[{"taxonomy":"product_cat","embeddable":true,"href":"https:\/\/barrsell.com\/en\/wp-json\/wp\/v2\/product_cat?post=17928"},{"taxonomy":"product_tag","embeddable":true,"href":"https:\/\/barrsell.com\/en\/wp-json\/wp\/v2\/product_tag?post=17928"}],"curies":[{"name":"wp","href":"https:\/\/api.w.org\/{rel}","templated":true}]}}