{"id":17925,"date":"2024-11-02T12:24:13","date_gmt":"2024-11-02T12:24:13","guid":{"rendered":"https:\/\/barrsell.com\/?post_type=product&#038;p=17925"},"modified":"2024-11-25T08:18:09","modified_gmt":"2024-11-25T08:18:09","slug":"carel-blct4d00w2-temizlenebilir-buhar-silindiri","status":"publish","type":"product","link":"https:\/\/barrsell.com\/en\/product\/carel-blct4d00w2-cleanable-steam-roller\/","title":{"rendered":"Carel BLCT4D00W2 Cleanable Steam Cylinder"},"content":{"rendered":"<div class=\"page-title-wrapper product\">\n<h2 class=\"page-title\"><span class=\"base\" data-ui-id=\"page-title-wrapper\">Carel BLCT4D00W2 Cleanable Steam Cylinder<\/span><\/h2>\n<\/div>\n<div class=\"product-info-price\">\n<div class=\"product-info-stock-sku\">\n<div class=\"product attribute sku\">\n<p class=\" translation-block\"><strong>Carel BLCT4D00W2 Cleanable Steam Cylinder Spare Part<\/strong> is a spare part option produced to ensure efficient and long-lasting operation of air conditioning and humidification systems. This spare part is also fully compatible with the original device, facilitating the maintenance process of the system and helping to keep the performance of the system at maximum level.<\/p>\n<h4>Features<\/h4>\n<table width=\"0\">\n<tbody>\n<tr>\n<td colspan=\"2\">Learn More<\/td>\n<\/tr>\n<tr>\n<td>Manufacturer<\/td>\n<td data-th=\"Manufacturer\">Carel<\/td>\n<\/tr>\n<tr>\n<td>Product Type<\/td>\n<td data-th=\"Product Type\">Humidification<\/td>\n<\/tr>\n<\/tbody>\n<\/table>\n<div id=\"product.attributes\" class=\"data item content\" role=\"tabpanel\" data-role=\"content\" aria-labelledby=\"tab-label-product.attributes\" aria-hidden=\"false\"><\/div>\n<h4>1. <strong>Easy Assembly and Interchangeability<\/strong><\/h4>\n<p>The spare part adapts exactly to the existing connection points of the device. This makes the hygienic steam cylinder easy to install and quick to replace, making the maintenance process very practical. Thanks to this feature, you can replace the steam cylinder without the need for long-term maintenance. And at the same time ensures uninterrupted operation of the system.<\/p>\n<h4>2. <strong>Designed for Optimum Performance<\/strong><\/h4>\n<p class=\" translation-block\">The replacement part for <strong>Carel BLCT4D00W2<\/strong> is designed to maintain the efficiency and performance of the original unit. This spare part helps to keep the operating capacity of the system at the same level as on the first day, ensuring long life without reducing the moisture production performance of the device. It also contributes to optimum energy efficiency of the system.<\/p>\n<h4>3. <strong>High Durability and Long Life<\/strong><\/h4>\n<p>Made of durable materials, this spare part is resistant to abrasion and water-borne deposits. It is especially designed to cope with mineral deposits and limescale, thus prolonging the life of the spare part and maintaining the efficiency of the device.<\/p>\n<h4>4. Washable Steam Cylinder <strong>Kolay Temizleme<\/strong><\/h4>\n<p>Mineral and sediment deposits accumulated inside the cylinder can be easily cleaned. This feature ensures that the inner surface of the device remains hygienic and prevents loss of performance over time. It helps to ensure hygienic steam production, especially in applications requiring sensitive air conditioning.<\/p>\n<h4>5. Hygienic Steam Roller<strong> Sa\u011fl\u0131k Standartlar\u0131na Uygunluk<\/strong><\/h4>\n<p class=\" translation-block\">The <a href=\"\/\/barrsell.com\/kategoriler\/buhar-jeneratorleri-nemlendiriciler\/carel-buharli-nemlendirici\/\u201d\" target=\"\u201c_self\u201d\">Carel<\/a> <em>BLCT4D00W2 spare part<\/em> is suitable for use in areas with high hygiene requirements. It also offers a suitable structure for clean and reliable steam production in humidification systems, such as in the health and food sector. By maintaining the vapor quality of the device, it provides the desired moisture balance in the environment and thus increases system reliability.<\/p>\n<\/div>\n<\/div>\n<\/div>","protected":false},"excerpt":{"rendered":"<h4><strong>\u00a0Compatible Humidifier Models<\/strong><\/h4>\n<ul>\n<li>UE025<\/li>\n<li>UE035<\/li>\n<li>UE045<\/li>\n<\/ul>","protected":false},"featured_media":17926,"template":"","meta":[],"product_cat":[136],"product_tag":[],"class_list":{"0":"post-17925","1":"product","2":"type-product","3":"status-publish","4":"has-post-thumbnail","6":"product_cat-carel-yedek-parcalari","8":"first","9":"instock","10":"shipping-taxable","11":"product-type-external"},"yoast_head":"<!-- This site is optimized with the Yoast SEO Premium plugin v23.2 (Yoast SEO v23.2) - https:\/\/yoast.com\/wordpress\/plugins\/seo\/ -->\n<title>Carel BLCT4D00W2 Temizlenebilir Buhar Silindiri | Barrsell End\u00fcstri<\/title>\n<meta name=\"description\" content=\"Carel BLCT4D00W2 Temizlenebilir Buhar Silindiri Yedek Par\u00e7as\u0131, iklimlendirme ve nemlendirme sistemlerinde kullan\u0131lan verimli ve uzun \u00f6m\u00fcrl\u00fc.\" \/>\n<meta name=\"robots\" content=\"index, follow, max-snippet:-1, max-image-preview:large, max-video-preview:-1\" \/>\n<link rel=\"canonical\" href=\"https:\/\/barrsell.com\/en\/product\/carel-blct4d00w2-cleanable-steam-roller\/\" \/>\n<meta property=\"og:locale\" content=\"en_US\" \/>\n<meta property=\"og:type\" content=\"article\" \/>\n<meta property=\"og:title\" content=\"Carel BLCT4D00W2 Temizlenebilir Buhar Silindiri\" \/>\n<meta property=\"og:description\" content=\"Carel BLCT4D00W2 Temizlenebilir Buhar Silindiri Yedek Par\u00e7as\u0131, iklimlendirme ve nemlendirme sistemlerinde kullan\u0131lan verimli ve uzun \u00f6m\u00fcrl\u00fc.\" \/>\n<meta property=\"og:url\" content=\"https:\/\/barrsell.com\/en\/product\/carel-blct4d00w2-cleanable-steam-roller\/\" \/>\n<meta property=\"og:site_name\" content=\"Barrsell\" \/>\n<meta property=\"article:modified_time\" content=\"2024-11-25T08:18:09+00:00\" \/>\n<meta property=\"og:image\" content=\"https:\/\/barrsell.com\/wp-content\/uploads\/2024\/11\/Carel-BLCT4D00W2-Temizlenebilir-Buhar-Silindiri.png\" \/>\n\t<meta property=\"og:image:width\" content=\"1200\" \/>\n\t<meta property=\"og:image:height\" content=\"1200\" \/>\n\t<meta property=\"og:image:type\" content=\"image\/png\" \/>\n<meta name=\"twitter:card\" content=\"summary_large_image\" \/>\n<meta name=\"twitter:label1\" content=\"Est. reading time\" \/>\n\t<meta name=\"twitter:data1\" content=\"2 minutes\" \/>\n<script type=\"application\/ld+json\" class=\"yoast-schema-graph\">{\"@context\":\"https:\/\/schema.org\",\"@graph\":[{\"@type\":\"WebPage\",\"@id\":\"https:\/\/barrsell.com\/urun\/carel-blct4d00w2-temizlenebilir-buhar-silindiri\/\",\"url\":\"https:\/\/barrsell.com\/urun\/carel-blct4d00w2-temizlenebilir-buhar-silindiri\/\",\"name\":\"Carel BLCT4D00W2 Temizlenebilir Buhar Silindiri | Barrsell End\u00fcstri\",\"isPartOf\":{\"@id\":\"https:\/\/barrsell.com\/#website\"},\"primaryImageOfPage\":{\"@id\":\"https:\/\/barrsell.com\/urun\/carel-blct4d00w2-temizlenebilir-buhar-silindiri\/#primaryimage\"},\"image\":{\"@id\":\"https:\/\/barrsell.com\/urun\/carel-blct4d00w2-temizlenebilir-buhar-silindiri\/#primaryimage\"},\"thumbnailUrl\":\"https:\/\/barrsell.com\/wp-content\/uploads\/2024\/11\/Carel-BLCT4D00W2-Temizlenebilir-Buhar-Silindiri.png\",\"datePublished\":\"2024-11-02T12:24:13+00:00\",\"dateModified\":\"2024-11-25T08:18:09+00:00\",\"description\":\"Carel BLCT4D00W2 Temizlenebilir Buhar Silindiri Yedek Par\u00e7as\u0131, iklimlendirme ve nemlendirme sistemlerinde kullan\u0131lan verimli ve uzun \u00f6m\u00fcrl\u00fc.\",\"breadcrumb\":{\"@id\":\"https:\/\/barrsell.com\/urun\/carel-blct4d00w2-temizlenebilir-buhar-silindiri\/#breadcrumb\"},\"inLanguage\":\"en-US\",\"potentialAction\":[{\"@type\":\"ReadAction\",\"target\":[\"https:\/\/barrsell.com\/urun\/carel-blct4d00w2-temizlenebilir-buhar-silindiri\/\"]}]},{\"@type\":\"ImageObject\",\"inLanguage\":\"en-US\",\"@id\":\"https:\/\/barrsell.com\/urun\/carel-blct4d00w2-temizlenebilir-buhar-silindiri\/#primaryimage\",\"url\":\"https:\/\/barrsell.com\/wp-content\/uploads\/2024\/11\/Carel-BLCT4D00W2-Temizlenebilir-Buhar-Silindiri.png\",\"contentUrl\":\"https:\/\/barrsell.com\/wp-content\/uploads\/2024\/11\/Carel-BLCT4D00W2-Temizlenebilir-Buhar-Silindiri.png\",\"width\":1200,\"height\":1200,\"caption\":\"Carel BLCT4D00W2 Temizlenebilir Buhar Silindiri\"},{\"@type\":\"BreadcrumbList\",\"@id\":\"https:\/\/barrsell.com\/urun\/carel-blct4d00w2-temizlenebilir-buhar-silindiri\/#breadcrumb\",\"itemListElement\":[{\"@type\":\"ListItem\",\"position\":1,\"name\":\"Home\",\"item\":\"https:\/\/barrsell.com\/\"},{\"@type\":\"ListItem\",\"position\":2,\"name\":\"\u00dcr\u00fcnler\",\"item\":\"https:\/\/barrsell.com\/en\/products\/\"},{\"@type\":\"ListItem\",\"position\":3,\"name\":\"Carel BLCT4D00W2 Temizlenebilir Buhar Silindiri\"}]},{\"@type\":\"WebSite\",\"@id\":\"https:\/\/barrsell.com\/#website\",\"url\":\"https:\/\/barrsell.com\/\",\"name\":\"Barrsell End\u00fcstri Makine\",\"description\":\"Teknolojiyle G\u00fc\u00e7lenen End\u00fcstriyel \u00c7\u00f6z\u00fcmler!\",\"potentialAction\":[{\"@type\":\"SearchAction\",\"target\":{\"@type\":\"EntryPoint\",\"urlTemplate\":\"https:\/\/barrsell.com\/?s={search_term_string}\"},\"query-input\":\"required name=search_term_string\"}],\"inLanguage\":\"en-US\"}]}<\/script>\n<!-- \/ Yoast SEO Premium plugin. -->","yoast_head_json":{"title":"Carel BLCT4D00W2 Temizlenebilir Buhar Silindiri | Barrsell End\u00fcstri","description":"Carel BLCT4D00W2 Temizlenebilir Buhar Silindiri Yedek Par\u00e7as\u0131, iklimlendirme ve nemlendirme sistemlerinde kullan\u0131lan verimli ve uzun \u00f6m\u00fcrl\u00fc.","robots":{"index":"index","follow":"follow","max-snippet":"max-snippet:-1","max-image-preview":"max-image-preview:large","max-video-preview":"max-video-preview:-1"},"canonical":"https:\/\/barrsell.com\/en\/product\/carel-blct4d00w2-cleanable-steam-roller\/","og_locale":"en_US","og_type":"article","og_title":"Carel BLCT4D00W2 Temizlenebilir Buhar Silindiri","og_description":"Carel BLCT4D00W2 Temizlenebilir Buhar Silindiri Yedek Par\u00e7as\u0131, iklimlendirme ve nemlendirme sistemlerinde kullan\u0131lan verimli ve uzun \u00f6m\u00fcrl\u00fc.","og_url":"https:\/\/barrsell.com\/en\/product\/carel-blct4d00w2-cleanable-steam-roller\/","og_site_name":"Barrsell","article_modified_time":"2024-11-25T08:18:09+00:00","og_image":[{"width":1200,"height":1200,"url":"https:\/\/barrsell.com\/wp-content\/uploads\/2024\/11\/Carel-BLCT4D00W2-Temizlenebilir-Buhar-Silindiri.png","type":"image\/png"}],"twitter_card":"summary_large_image","twitter_misc":{"Est. reading time":"2 minutes"},"schema":{"@context":"https:\/\/schema.org","@graph":[{"@type":"WebPage","@id":"https:\/\/barrsell.com\/urun\/carel-blct4d00w2-temizlenebilir-buhar-silindiri\/","url":"https:\/\/barrsell.com\/urun\/carel-blct4d00w2-temizlenebilir-buhar-silindiri\/","name":"Carel BLCT4D00W2 Temizlenebilir Buhar Silindiri | Barrsell End\u00fcstri","isPartOf":{"@id":"https:\/\/barrsell.com\/#website"},"primaryImageOfPage":{"@id":"https:\/\/barrsell.com\/urun\/carel-blct4d00w2-temizlenebilir-buhar-silindiri\/#primaryimage"},"image":{"@id":"https:\/\/barrsell.com\/urun\/carel-blct4d00w2-temizlenebilir-buhar-silindiri\/#primaryimage"},"thumbnailUrl":"https:\/\/barrsell.com\/wp-content\/uploads\/2024\/11\/Carel-BLCT4D00W2-Temizlenebilir-Buhar-Silindiri.png","datePublished":"2024-11-02T12:24:13+00:00","dateModified":"2024-11-25T08:18:09+00:00","description":"Carel BLCT4D00W2 Temizlenebilir Buhar Silindiri Yedek Par\u00e7as\u0131, iklimlendirme ve nemlendirme sistemlerinde kullan\u0131lan verimli ve uzun \u00f6m\u00fcrl\u00fc.","breadcrumb":{"@id":"https:\/\/barrsell.com\/urun\/carel-blct4d00w2-temizlenebilir-buhar-silindiri\/#breadcrumb"},"inLanguage":"en-US","potentialAction":[{"@type":"ReadAction","target":["https:\/\/barrsell.com\/urun\/carel-blct4d00w2-temizlenebilir-buhar-silindiri\/"]}]},{"@type":"ImageObject","inLanguage":"en-US","@id":"https:\/\/barrsell.com\/urun\/carel-blct4d00w2-temizlenebilir-buhar-silindiri\/#primaryimage","url":"https:\/\/barrsell.com\/wp-content\/uploads\/2024\/11\/Carel-BLCT4D00W2-Temizlenebilir-Buhar-Silindiri.png","contentUrl":"https:\/\/barrsell.com\/wp-content\/uploads\/2024\/11\/Carel-BLCT4D00W2-Temizlenebilir-Buhar-Silindiri.png","width":1200,"height":1200,"caption":"Carel BLCT4D00W2 Temizlenebilir Buhar Silindiri"},{"@type":"BreadcrumbList","@id":"https:\/\/barrsell.com\/urun\/carel-blct4d00w2-temizlenebilir-buhar-silindiri\/#breadcrumb","itemListElement":[{"@type":"ListItem","position":1,"name":"Home","item":"https:\/\/barrsell.com\/"},{"@type":"ListItem","position":2,"name":"\u00dcr\u00fcnler","item":"https:\/\/barrsell.com\/en\/products\/"},{"@type":"ListItem","position":3,"name":"Carel BLCT4D00W2 Temizlenebilir Buhar Silindiri"}]},{"@type":"WebSite","@id":"https:\/\/barrsell.com\/#website","url":"https:\/\/barrsell.com\/","name":"Barrsell End\u00fcstri Makine","description":"Teknolojiyle G\u00fc\u00e7lenen End\u00fcstriyel \u00c7\u00f6z\u00fcmler!","potentialAction":[{"@type":"SearchAction","target":{"@type":"EntryPoint","urlTemplate":"https:\/\/barrsell.com\/?s={search_term_string}"},"query-input":"required name=search_term_string"}],"inLanguage":"en-US"}]}},"_links":{"self":[{"href":"https:\/\/barrsell.com\/en\/wp-json\/wp\/v2\/product\/17925","targetHints":{"allow":["GET"]}}],"collection":[{"href":"https:\/\/barrsell.com\/en\/wp-json\/wp\/v2\/product"}],"about":[{"href":"https:\/\/barrsell.com\/en\/wp-json\/wp\/v2\/types\/product"}],"version-history":[{"count":10,"href":"https:\/\/barrsell.com\/en\/wp-json\/wp\/v2\/product\/17925\/revisions"}],"predecessor-version":[{"id":18550,"href":"https:\/\/barrsell.com\/en\/wp-json\/wp\/v2\/product\/17925\/revisions\/18550"}],"wp:featuredmedia":[{"embeddable":true,"href":"https:\/\/barrsell.com\/en\/wp-json\/wp\/v2\/media\/17926"}],"wp:attachment":[{"href":"https:\/\/barrsell.com\/en\/wp-json\/wp\/v2\/media?parent=17925"}],"wp:term":[{"taxonomy":"product_cat","embeddable":true,"href":"https:\/\/barrsell.com\/en\/wp-json\/wp\/v2\/product_cat?post=17925"},{"taxonomy":"product_tag","embeddable":true,"href":"https:\/\/barrsell.com\/en\/wp-json\/wp\/v2\/product_tag?post=17925"}],"curies":[{"name":"wp","href":"https:\/\/api.w.org\/{rel}","templated":true}]}}