{"id":17918,"date":"2024-11-02T11:42:53","date_gmt":"2024-11-02T11:42:53","guid":{"rendered":"https:\/\/barrsell.com\/?post_type=product&#038;p=17918"},"modified":"2024-11-25T08:21:31","modified_gmt":"2024-11-25T08:21:31","slug":"carel-spkt0011s0-basinc-transduseri","status":"publish","type":"product","link":"https:\/\/barrsell.com\/en\/product\/carel-spkt0011s0-pressure-transducer\/","title":{"rendered":"Carel SPKT0011S0 Pressure Transducer"},"content":{"rendered":"<h2 class=\"page-title\"><span class=\"base\" data-ui-id=\"page-title-wrapper\">Carel SPKT0011S0 Pressure Transducer<\/span><\/h2>\n<p class=\" translation-block\">The <strong>Carel SPKT0011S0 Pressure Transducer<\/strong> is a high-precision pressure sensor used in a wide range of applications such as industrial automation, HVAC and refrigeration systems. This device also continuously monitors the pressure in the system and transmits the measured values to the control systems. At the same time, the <a href=\"\/\/barrsell.com\/kategoriler\/buhar-jeneratorleri-nemlendiriciler\/carel-buharli-nemlendirici\/\u201d\" target=\"\u201c_self\u201d\">Carel<\/a> SPKT0011S0, which stands out with its high performance and durability, offers a reliable pressure monitoring solution, especially in commercial refrigeration and air conditioning systems.<\/p>\n<div id=\"product.attributes\" class=\"data item content\" role=\"tabpanel\" data-role=\"content\" aria-labelledby=\"tab-label-product.attributes\" aria-hidden=\"false\">\n<div class=\"additional-attributes-wrapper table-wrapper\">\n<h4>Features<\/h4>\n<table width=\"0\">\n<tbody>\n<tr>\n<td colspan=\"2\">Learn More<\/td>\n<\/tr>\n<tr>\n<td>Manufacturer<\/td>\n<td data-th=\"Manufacturer\">Carel<\/td>\n<\/tr>\n<tr>\n<td>Product Type<\/td>\n<td data-th=\"Product Type\">Cooling<\/td>\n<\/tr>\n<tr>\n<td>Product Length<\/td>\n<td data-th=\"Product Length\">2 in\u00e7 (5.080 cm)<\/td>\n<\/tr>\n<tr>\n<td>Product Width<\/td>\n<td data-th=\"Product Width\">1 in\u00e7 (2,540 cm)<\/td>\n<\/tr>\n<tr>\n<td>Product Height<\/td>\n<td data-th=\"Product Height\">0,875 in\u00e7 (2,223 cm)<\/td>\n<\/tr>\n<tr>\n<td>Product Weight<\/td>\n<td data-th=\"Product Weight\">0,15 lbs (0,068 kg)<\/td>\n<\/tr>\n<tr>\n<td>Production Country<\/td>\n<td data-th=\"Country of Manufacture\">Italy<\/td>\n<\/tr>\n<tr>\n<td>Program Number B<\/td>\n<td data-th=\"Schedule B Number\">9026.90.6000<\/td>\n<\/tr>\n<tr>\n<td>Shipping Length<\/td>\n<td data-th=\"Shipping Length\">5 in\u00e7 (12.700 cm)<\/td>\n<\/tr>\n<tr>\n<td>Transmission Width<\/td>\n<td data-th=\"Shipping Width\">4 in\u00e7 (10,160 cm)<\/td>\n<\/tr>\n<tr>\n<td>Transportation Height<\/td>\n<td data-th=\"Shipping Height\">1,5 in\u00e7 (3,810 cm)<\/td>\n<\/tr>\n<\/tbody>\n<\/table>\n<p>&nbsp;<\/p>\n<\/div>\n<\/div>\n<h4>1. <strong>High Precision Measurement Capability<\/strong><\/h4>\n<p class=\" translation-block\">The <em>Carel Pressure Gauge Sensor<\/em> measures with high precision over a wide pressure range. This allows accurate monitoring of the pressure levels in the system. Thus, it maintains sensitivity to possible fluctuations and therefore detects sudden pressure changes. The result is stable performance in industrial applications.<\/p>\n<h4>2. <strong>Analog Output Signal<\/strong><\/h4>\n<p>This pressure transducer allows easy integration into control and automation systems, especially by transmitting the measurement result as an analog signal. It also adapts to most HVAC and refrigeration systems by using a standard analog output signal. This makes system monitoring and control more flexible.<\/p>\n<h4>3. <strong>Durability and Reliability<\/strong><\/h4>\n<p class=\" translation-block\"><em>Carel Pressure Gauge Sensor<\/em> is designed with high durability against harsh environmental conditions. The quality materials used in the external structure of this device ensure long-lasting use and performance. As a result, it provides both protection against external factors and continuous reliability within the system.<\/p>","protected":false},"excerpt":{"rendered":"<h4><strong>Compatible Humidifier Models<\/strong><\/h4>\n<p><strong>HumiFog Multizone Touch :\u00a0 <\/strong>12kW, 24kW vb.<\/p>","protected":false},"featured_media":17919,"template":"","meta":[],"product_cat":[136],"product_tag":[],"class_list":{"0":"post-17918","1":"product","2":"type-product","3":"status-publish","4":"has-post-thumbnail","6":"product_cat-carel-yedek-parcalari","8":"first","9":"instock","10":"shipping-taxable","11":"product-type-external"},"yoast_head":"<!-- This site is optimized with the Yoast SEO Premium plugin v23.2 (Yoast SEO v23.2) - https:\/\/yoast.com\/wordpress\/plugins\/seo\/ -->\n<title>Carel SPKT0011S0 Bas\u0131n\u00e7 Transd\u00fcseri | Barrsell End\u00fcstri<\/title>\n<meta name=\"description\" content=\"Carel SPKT0011S0 Bas\u0131n\u00e7 Transd\u00fcseri, end\u00fcstriyel otomasyon, HVAC ve so\u011futma sistemleri y\u00fcksek hassasiyetli bir bas\u0131n\u00e7 sens\u00f6r\u00fcd\u00fcr.\" \/>\n<meta name=\"robots\" content=\"index, follow, max-snippet:-1, max-image-preview:large, max-video-preview:-1\" \/>\n<link rel=\"canonical\" href=\"https:\/\/barrsell.com\/en\/product\/carel-spkt0011s0-pressure-transducer\/\" \/>\n<meta property=\"og:locale\" content=\"en_US\" \/>\n<meta property=\"og:type\" content=\"article\" \/>\n<meta property=\"og:title\" content=\"Carel SPKT0011S0 Bas\u0131n\u00e7 Transd\u00fcseri\" \/>\n<meta property=\"og:description\" content=\"Carel SPKT0011S0 Bas\u0131n\u00e7 Transd\u00fcseri, end\u00fcstriyel otomasyon, HVAC ve so\u011futma sistemleri y\u00fcksek hassasiyetli bir bas\u0131n\u00e7 sens\u00f6r\u00fcd\u00fcr.\" \/>\n<meta property=\"og:url\" content=\"https:\/\/barrsell.com\/en\/product\/carel-spkt0011s0-pressure-transducer\/\" \/>\n<meta property=\"og:site_name\" content=\"Barrsell\" \/>\n<meta property=\"article:modified_time\" content=\"2024-11-25T08:21:31+00:00\" \/>\n<meta property=\"og:image\" content=\"https:\/\/barrsell.com\/wp-content\/uploads\/2024\/11\/Carel-SPKT0011S0-Basinc-Transduseri.png\" \/>\n\t<meta property=\"og:image:width\" content=\"1200\" \/>\n\t<meta property=\"og:image:height\" content=\"1200\" \/>\n\t<meta property=\"og:image:type\" content=\"image\/png\" \/>\n<meta name=\"twitter:card\" content=\"summary_large_image\" \/>\n<meta name=\"twitter:label1\" content=\"Est. reading time\" \/>\n\t<meta name=\"twitter:data1\" content=\"2 minutes\" \/>\n<script type=\"application\/ld+json\" class=\"yoast-schema-graph\">{\"@context\":\"https:\/\/schema.org\",\"@graph\":[{\"@type\":\"WebPage\",\"@id\":\"https:\/\/barrsell.com\/urun\/carel-spkt0011s0-basinc-transduseri\/\",\"url\":\"https:\/\/barrsell.com\/urun\/carel-spkt0011s0-basinc-transduseri\/\",\"name\":\"Carel SPKT0011S0 Bas\u0131n\u00e7 Transd\u00fcseri | Barrsell End\u00fcstri\",\"isPartOf\":{\"@id\":\"https:\/\/barrsell.com\/#website\"},\"primaryImageOfPage\":{\"@id\":\"https:\/\/barrsell.com\/urun\/carel-spkt0011s0-basinc-transduseri\/#primaryimage\"},\"image\":{\"@id\":\"https:\/\/barrsell.com\/urun\/carel-spkt0011s0-basinc-transduseri\/#primaryimage\"},\"thumbnailUrl\":\"https:\/\/barrsell.com\/wp-content\/uploads\/2024\/11\/Carel-SPKT0011S0-Basinc-Transduseri.png\",\"datePublished\":\"2024-11-02T11:42:53+00:00\",\"dateModified\":\"2024-11-25T08:21:31+00:00\",\"description\":\"Carel SPKT0011S0 Bas\u0131n\u00e7 Transd\u00fcseri, end\u00fcstriyel otomasyon, HVAC ve so\u011futma sistemleri y\u00fcksek hassasiyetli bir bas\u0131n\u00e7 sens\u00f6r\u00fcd\u00fcr.\",\"breadcrumb\":{\"@id\":\"https:\/\/barrsell.com\/urun\/carel-spkt0011s0-basinc-transduseri\/#breadcrumb\"},\"inLanguage\":\"en-US\",\"potentialAction\":[{\"@type\":\"ReadAction\",\"target\":[\"https:\/\/barrsell.com\/urun\/carel-spkt0011s0-basinc-transduseri\/\"]}]},{\"@type\":\"ImageObject\",\"inLanguage\":\"en-US\",\"@id\":\"https:\/\/barrsell.com\/urun\/carel-spkt0011s0-basinc-transduseri\/#primaryimage\",\"url\":\"https:\/\/barrsell.com\/wp-content\/uploads\/2024\/11\/Carel-SPKT0011S0-Basinc-Transduseri.png\",\"contentUrl\":\"https:\/\/barrsell.com\/wp-content\/uploads\/2024\/11\/Carel-SPKT0011S0-Basinc-Transduseri.png\",\"width\":1200,\"height\":1200,\"caption\":\"Carel SPKT0011S0 Bas\u0131n\u00e7 Transd\u00fcseri\"},{\"@type\":\"BreadcrumbList\",\"@id\":\"https:\/\/barrsell.com\/urun\/carel-spkt0011s0-basinc-transduseri\/#breadcrumb\",\"itemListElement\":[{\"@type\":\"ListItem\",\"position\":1,\"name\":\"Home\",\"item\":\"https:\/\/barrsell.com\/\"},{\"@type\":\"ListItem\",\"position\":2,\"name\":\"\u00dcr\u00fcnler\",\"item\":\"https:\/\/barrsell.com\/en\/products\/\"},{\"@type\":\"ListItem\",\"position\":3,\"name\":\"Carel SPKT0011S0 Bas\u0131n\u00e7 Transd\u00fcseri\"}]},{\"@type\":\"WebSite\",\"@id\":\"https:\/\/barrsell.com\/#website\",\"url\":\"https:\/\/barrsell.com\/\",\"name\":\"Barrsell End\u00fcstri Makine\",\"description\":\"Teknolojiyle G\u00fc\u00e7lenen End\u00fcstriyel \u00c7\u00f6z\u00fcmler!\",\"potentialAction\":[{\"@type\":\"SearchAction\",\"target\":{\"@type\":\"EntryPoint\",\"urlTemplate\":\"https:\/\/barrsell.com\/?s={search_term_string}\"},\"query-input\":\"required name=search_term_string\"}],\"inLanguage\":\"en-US\"}]}<\/script>\n<!-- \/ Yoast SEO Premium plugin. -->","yoast_head_json":{"title":"Carel SPKT0011S0 Bas\u0131n\u00e7 Transd\u00fcseri | Barrsell End\u00fcstri","description":"Carel SPKT0011S0 Bas\u0131n\u00e7 Transd\u00fcseri, end\u00fcstriyel otomasyon, HVAC ve so\u011futma sistemleri y\u00fcksek hassasiyetli bir bas\u0131n\u00e7 sens\u00f6r\u00fcd\u00fcr.","robots":{"index":"index","follow":"follow","max-snippet":"max-snippet:-1","max-image-preview":"max-image-preview:large","max-video-preview":"max-video-preview:-1"},"canonical":"https:\/\/barrsell.com\/en\/product\/carel-spkt0011s0-pressure-transducer\/","og_locale":"en_US","og_type":"article","og_title":"Carel SPKT0011S0 Bas\u0131n\u00e7 Transd\u00fcseri","og_description":"Carel SPKT0011S0 Bas\u0131n\u00e7 Transd\u00fcseri, end\u00fcstriyel otomasyon, HVAC ve so\u011futma sistemleri y\u00fcksek hassasiyetli bir bas\u0131n\u00e7 sens\u00f6r\u00fcd\u00fcr.","og_url":"https:\/\/barrsell.com\/en\/product\/carel-spkt0011s0-pressure-transducer\/","og_site_name":"Barrsell","article_modified_time":"2024-11-25T08:21:31+00:00","og_image":[{"width":1200,"height":1200,"url":"https:\/\/barrsell.com\/wp-content\/uploads\/2024\/11\/Carel-SPKT0011S0-Basinc-Transduseri.png","type":"image\/png"}],"twitter_card":"summary_large_image","twitter_misc":{"Est. reading time":"2 minutes"},"schema":{"@context":"https:\/\/schema.org","@graph":[{"@type":"WebPage","@id":"https:\/\/barrsell.com\/urun\/carel-spkt0011s0-basinc-transduseri\/","url":"https:\/\/barrsell.com\/urun\/carel-spkt0011s0-basinc-transduseri\/","name":"Carel SPKT0011S0 Bas\u0131n\u00e7 Transd\u00fcseri | Barrsell End\u00fcstri","isPartOf":{"@id":"https:\/\/barrsell.com\/#website"},"primaryImageOfPage":{"@id":"https:\/\/barrsell.com\/urun\/carel-spkt0011s0-basinc-transduseri\/#primaryimage"},"image":{"@id":"https:\/\/barrsell.com\/urun\/carel-spkt0011s0-basinc-transduseri\/#primaryimage"},"thumbnailUrl":"https:\/\/barrsell.com\/wp-content\/uploads\/2024\/11\/Carel-SPKT0011S0-Basinc-Transduseri.png","datePublished":"2024-11-02T11:42:53+00:00","dateModified":"2024-11-25T08:21:31+00:00","description":"Carel SPKT0011S0 Bas\u0131n\u00e7 Transd\u00fcseri, end\u00fcstriyel otomasyon, HVAC ve so\u011futma sistemleri y\u00fcksek hassasiyetli bir bas\u0131n\u00e7 sens\u00f6r\u00fcd\u00fcr.","breadcrumb":{"@id":"https:\/\/barrsell.com\/urun\/carel-spkt0011s0-basinc-transduseri\/#breadcrumb"},"inLanguage":"en-US","potentialAction":[{"@type":"ReadAction","target":["https:\/\/barrsell.com\/urun\/carel-spkt0011s0-basinc-transduseri\/"]}]},{"@type":"ImageObject","inLanguage":"en-US","@id":"https:\/\/barrsell.com\/urun\/carel-spkt0011s0-basinc-transduseri\/#primaryimage","url":"https:\/\/barrsell.com\/wp-content\/uploads\/2024\/11\/Carel-SPKT0011S0-Basinc-Transduseri.png","contentUrl":"https:\/\/barrsell.com\/wp-content\/uploads\/2024\/11\/Carel-SPKT0011S0-Basinc-Transduseri.png","width":1200,"height":1200,"caption":"Carel SPKT0011S0 Bas\u0131n\u00e7 Transd\u00fcseri"},{"@type":"BreadcrumbList","@id":"https:\/\/barrsell.com\/urun\/carel-spkt0011s0-basinc-transduseri\/#breadcrumb","itemListElement":[{"@type":"ListItem","position":1,"name":"Home","item":"https:\/\/barrsell.com\/"},{"@type":"ListItem","position":2,"name":"\u00dcr\u00fcnler","item":"https:\/\/barrsell.com\/en\/products\/"},{"@type":"ListItem","position":3,"name":"Carel SPKT0011S0 Bas\u0131n\u00e7 Transd\u00fcseri"}]},{"@type":"WebSite","@id":"https:\/\/barrsell.com\/#website","url":"https:\/\/barrsell.com\/","name":"Barrsell End\u00fcstri Makine","description":"Teknolojiyle G\u00fc\u00e7lenen End\u00fcstriyel \u00c7\u00f6z\u00fcmler!","potentialAction":[{"@type":"SearchAction","target":{"@type":"EntryPoint","urlTemplate":"https:\/\/barrsell.com\/?s={search_term_string}"},"query-input":"required name=search_term_string"}],"inLanguage":"en-US"}]}},"_links":{"self":[{"href":"https:\/\/barrsell.com\/en\/wp-json\/wp\/v2\/product\/17918","targetHints":{"allow":["GET"]}}],"collection":[{"href":"https:\/\/barrsell.com\/en\/wp-json\/wp\/v2\/product"}],"about":[{"href":"https:\/\/barrsell.com\/en\/wp-json\/wp\/v2\/types\/product"}],"version-history":[{"count":11,"href":"https:\/\/barrsell.com\/en\/wp-json\/wp\/v2\/product\/17918\/revisions"}],"predecessor-version":[{"id":18552,"href":"https:\/\/barrsell.com\/en\/wp-json\/wp\/v2\/product\/17918\/revisions\/18552"}],"wp:featuredmedia":[{"embeddable":true,"href":"https:\/\/barrsell.com\/en\/wp-json\/wp\/v2\/media\/17919"}],"wp:attachment":[{"href":"https:\/\/barrsell.com\/en\/wp-json\/wp\/v2\/media?parent=17918"}],"wp:term":[{"taxonomy":"product_cat","embeddable":true,"href":"https:\/\/barrsell.com\/en\/wp-json\/wp\/v2\/product_cat?post=17918"},{"taxonomy":"product_tag","embeddable":true,"href":"https:\/\/barrsell.com\/en\/wp-json\/wp\/v2\/product_tag?post=17918"}],"curies":[{"name":"wp","href":"https:\/\/api.w.org\/{rel}","templated":true}]}}