{"id":17914,"date":"2024-11-02T11:11:28","date_gmt":"2024-11-02T11:11:28","guid":{"rendered":"https:\/\/barrsell.com\/?post_type=product&#038;p=17914"},"modified":"2024-11-25T08:29:59","modified_gmt":"2024-11-25T08:29:59","slug":"carel-uaktras05v-basinc-transduseri","status":"publish","type":"product","link":"https:\/\/barrsell.com\/en\/product\/carel-uaktras05v-pressure-transducer\/","title":{"rendered":"Carel UAKTRAS05V Pressure Transducer"},"content":{"rendered":"<h2>Carel UAKTRAS05V Pressure Transducer<\/h2>\n<p class=\" translation-block\">The <strong>Carel UAKTRAS05V Pressure Transducer<\/strong> is a high-precision pressure measuring instrument used especially in industrial and commercial refrigeration systems. At the same time, this transducer detects pressure changes and converts this information into electrical signals, thus providing pressure control in refrigeration systems. It is therefore an ideal solution in applications where continuous monitoring of pressure levels in the system is required.<\/p>\n<h4>Features<\/h4>\n<table width=\"0\">\n<tbody>\n<tr>\n<td colspan=\"2\">Learn More<\/td>\n<\/tr>\n<tr>\n<td>Manufacturer<\/td>\n<td data-th=\"Manufacturer\">Carel<\/td>\n<\/tr>\n<tr>\n<td>Product Type<\/td>\n<td data-th=\"Product Type\">Humidification<\/td>\n<\/tr>\n<tr>\n<td>Product Length<\/td>\n<td data-th=\"Product Length\">2,25 in\u00e7 (5,715 cm)<\/td>\n<\/tr>\n<tr>\n<td>Product Width<\/td>\n<td data-th=\"Product Width\">0,82 in\u00e7 (2,083 cm)<\/td>\n<\/tr>\n<tr>\n<td>Product Height<\/td>\n<td data-th=\"Product Height\">0,82 in\u00e7 (2,083 cm)<\/td>\n<\/tr>\n<tr>\n<td>Product Weight<\/td>\n<td data-th=\"Product Weight\">0,1 lb (0,045 kg)<\/td>\n<\/tr>\n<tr>\n<td>Shipping Length<\/td>\n<td data-th=\"Shipping Length\">4,75 in\u00e7 (12,065 cm)<\/td>\n<\/tr>\n<tr>\n<td>Transmission Width<\/td>\n<td data-th=\"Shipping Width\">3,75 in\u00e7 (9,525 cm)<\/td>\n<\/tr>\n<tr>\n<td>Transportation Height<\/td>\n<td data-th=\"Shipping Height\">2,25 in\u00e7 (5,715 cm)<\/td>\n<\/tr>\n<\/tbody>\n<\/table>\n<div id=\"product.attributes\" class=\"data item content\" role=\"tabpanel\" data-role=\"content\" aria-labelledby=\"tab-label-product.attributes\" aria-hidden=\"false\"><\/div>\n<h4>1. <strong>Wide Measurement Range and Accuracy<\/strong><\/h4>\n<p>The Carel UAKTRAS05V offers accurate measurements over a wide pressure range. This makes it easy to use in refrigeration and HVAC systems with different pressure requirements. In addition, thanks to its high-precision sensor structure, it reliably detects even small pressure changes.<\/p>\n<h4>2. <strong>Analog Output Signal (0-5V)<\/strong><\/h4>\n<p class=\" translation-block\">The <em>HVAC Pressure Sensor<\/em> transmits the pressure value by converting it into an analog output signal between 0-5V. This allows you to easily integrate it with other automation components. And it also provides ideal data for control systems. The 0-5V signal output provides a compatible solution for most refrigeration and HVAC systems.<\/p>\n<h4>3. <strong>Durability and Reliability<\/strong><\/h4>\n<p class=\" translation-block\"><em>Carel Pressure Sensor<\/em> has a durable structure and is manufactured in accordance with harsh working conditions. By using materials that are particularly resistant to external factors, a long and trouble-free use is ensured. It also offers high reliability during operation and continuously monitors the pressure in the system accurately.<\/p>\n<h4>4. <strong>Easy Assembly and Integration<\/strong><\/h4>\n<p class=\" translation-block\">Thanks to its compact design and standard connection options, installation is simple. It can also be easily integrated in different areas such as <em>HVAC and refrigeration systems<\/em>. Installation is done quickly, which saves time in the implementation process.<\/p>","protected":false},"excerpt":{"rendered":"<h4><strong>Compatible Humidifiers<br \/>\n<\/strong><\/h4>\n<p><strong>HumiFog:\u00a0<\/strong> 12kW- HumiFog 24kW- HumiFog 36kW<\/p>","protected":false},"featured_media":17915,"template":"","meta":[],"product_cat":[136],"product_tag":[],"class_list":{"0":"post-17914","1":"product","2":"type-product","3":"status-publish","4":"has-post-thumbnail","6":"product_cat-carel-yedek-parcalari","8":"first","9":"instock","10":"shipping-taxable","11":"product-type-external"},"yoast_head":"<!-- This site is optimized with the Yoast SEO Premium plugin v23.2 (Yoast SEO v23.2) - https:\/\/yoast.com\/wordpress\/plugins\/seo\/ -->\n<title>Carel UAKTRAS05V Bas\u0131n\u00e7 Transd\u00fcseri | Barrsell End\u00fcstri<\/title>\n<meta name=\"description\" content=\"Carel UAKTRAS05V Bas\u0131n\u00e7 Transd\u00fcseri, \u00f6zellikle end\u00fcstriyel ve ticari so\u011futma sistemlerinde kullan\u0131lan, y\u00fcksek hassasiyetli bir bas\u0131n\u00e7 \u00f6l\u00e7\u00fcm cihaz\u0131d\u0131r.\" \/>\n<meta name=\"robots\" content=\"index, follow, max-snippet:-1, max-image-preview:large, max-video-preview:-1\" \/>\n<link rel=\"canonical\" href=\"https:\/\/barrsell.com\/en\/product\/carel-uaktras05v-pressure-transducer\/\" \/>\n<meta property=\"og:locale\" content=\"en_US\" \/>\n<meta property=\"og:type\" content=\"article\" \/>\n<meta property=\"og:title\" content=\"Carel UAKTRAS05V Bas\u0131n\u00e7 Transd\u00fcseri\" \/>\n<meta property=\"og:description\" content=\"Carel UAKTRAS05V Bas\u0131n\u00e7 Transd\u00fcseri, \u00f6zellikle end\u00fcstriyel ve ticari so\u011futma sistemlerinde kullan\u0131lan, y\u00fcksek hassasiyetli bir bas\u0131n\u00e7 \u00f6l\u00e7\u00fcm cihaz\u0131d\u0131r.\" \/>\n<meta property=\"og:url\" content=\"https:\/\/barrsell.com\/en\/product\/carel-uaktras05v-pressure-transducer\/\" \/>\n<meta property=\"og:site_name\" content=\"Barrsell\" \/>\n<meta property=\"article:modified_time\" content=\"2024-11-25T08:29:59+00:00\" \/>\n<meta property=\"og:image\" content=\"https:\/\/barrsell.com\/wp-content\/uploads\/2024\/11\/Carel-UAKTRAS05V-Basinc-Transduseri.png\" \/>\n\t<meta property=\"og:image:width\" content=\"1200\" \/>\n\t<meta property=\"og:image:height\" content=\"1200\" \/>\n\t<meta property=\"og:image:type\" content=\"image\/png\" \/>\n<meta name=\"twitter:card\" content=\"summary_large_image\" \/>\n<meta name=\"twitter:label1\" content=\"Est. reading time\" \/>\n\t<meta name=\"twitter:data1\" content=\"2 minutes\" \/>\n<script type=\"application\/ld+json\" class=\"yoast-schema-graph\">{\"@context\":\"https:\/\/schema.org\",\"@graph\":[{\"@type\":\"WebPage\",\"@id\":\"https:\/\/barrsell.com\/urun\/carel-uaktras05v-basinc-transduseri\/\",\"url\":\"https:\/\/barrsell.com\/urun\/carel-uaktras05v-basinc-transduseri\/\",\"name\":\"Carel UAKTRAS05V Bas\u0131n\u00e7 Transd\u00fcseri | Barrsell End\u00fcstri\",\"isPartOf\":{\"@id\":\"https:\/\/barrsell.com\/#website\"},\"primaryImageOfPage\":{\"@id\":\"https:\/\/barrsell.com\/urun\/carel-uaktras05v-basinc-transduseri\/#primaryimage\"},\"image\":{\"@id\":\"https:\/\/barrsell.com\/urun\/carel-uaktras05v-basinc-transduseri\/#primaryimage\"},\"thumbnailUrl\":\"https:\/\/barrsell.com\/wp-content\/uploads\/2024\/11\/Carel-UAKTRAS05V-Basinc-Transduseri.png\",\"datePublished\":\"2024-11-02T11:11:28+00:00\",\"dateModified\":\"2024-11-25T08:29:59+00:00\",\"description\":\"Carel UAKTRAS05V Bas\u0131n\u00e7 Transd\u00fcseri, \u00f6zellikle end\u00fcstriyel ve ticari so\u011futma sistemlerinde kullan\u0131lan, y\u00fcksek hassasiyetli bir bas\u0131n\u00e7 \u00f6l\u00e7\u00fcm cihaz\u0131d\u0131r.\",\"breadcrumb\":{\"@id\":\"https:\/\/barrsell.com\/urun\/carel-uaktras05v-basinc-transduseri\/#breadcrumb\"},\"inLanguage\":\"en-US\",\"potentialAction\":[{\"@type\":\"ReadAction\",\"target\":[\"https:\/\/barrsell.com\/urun\/carel-uaktras05v-basinc-transduseri\/\"]}]},{\"@type\":\"ImageObject\",\"inLanguage\":\"en-US\",\"@id\":\"https:\/\/barrsell.com\/urun\/carel-uaktras05v-basinc-transduseri\/#primaryimage\",\"url\":\"https:\/\/barrsell.com\/wp-content\/uploads\/2024\/11\/Carel-UAKTRAS05V-Basinc-Transduseri.png\",\"contentUrl\":\"https:\/\/barrsell.com\/wp-content\/uploads\/2024\/11\/Carel-UAKTRAS05V-Basinc-Transduseri.png\",\"width\":1200,\"height\":1200,\"caption\":\"Carel UAKTRAS05V Bas\u0131n\u00e7 Transd\u00fcseri\"},{\"@type\":\"BreadcrumbList\",\"@id\":\"https:\/\/barrsell.com\/urun\/carel-uaktras05v-basinc-transduseri\/#breadcrumb\",\"itemListElement\":[{\"@type\":\"ListItem\",\"position\":1,\"name\":\"Home\",\"item\":\"https:\/\/barrsell.com\/\"},{\"@type\":\"ListItem\",\"position\":2,\"name\":\"\u00dcr\u00fcnler\",\"item\":\"https:\/\/barrsell.com\/en\/products\/\"},{\"@type\":\"ListItem\",\"position\":3,\"name\":\"Carel UAKTRAS05V Bas\u0131n\u00e7 Transd\u00fcseri\"}]},{\"@type\":\"WebSite\",\"@id\":\"https:\/\/barrsell.com\/#website\",\"url\":\"https:\/\/barrsell.com\/\",\"name\":\"Barrsell End\u00fcstri Makine\",\"description\":\"Teknolojiyle G\u00fc\u00e7lenen End\u00fcstriyel \u00c7\u00f6z\u00fcmler!\",\"potentialAction\":[{\"@type\":\"SearchAction\",\"target\":{\"@type\":\"EntryPoint\",\"urlTemplate\":\"https:\/\/barrsell.com\/?s={search_term_string}\"},\"query-input\":\"required name=search_term_string\"}],\"inLanguage\":\"en-US\"}]}<\/script>\n<!-- \/ Yoast SEO Premium plugin. -->","yoast_head_json":{"title":"Carel UAKTRAS05V Bas\u0131n\u00e7 Transd\u00fcseri | Barrsell End\u00fcstri","description":"Carel UAKTRAS05V Bas\u0131n\u00e7 Transd\u00fcseri, \u00f6zellikle end\u00fcstriyel ve ticari so\u011futma sistemlerinde kullan\u0131lan, y\u00fcksek hassasiyetli bir bas\u0131n\u00e7 \u00f6l\u00e7\u00fcm cihaz\u0131d\u0131r.","robots":{"index":"index","follow":"follow","max-snippet":"max-snippet:-1","max-image-preview":"max-image-preview:large","max-video-preview":"max-video-preview:-1"},"canonical":"https:\/\/barrsell.com\/en\/product\/carel-uaktras05v-pressure-transducer\/","og_locale":"en_US","og_type":"article","og_title":"Carel UAKTRAS05V Bas\u0131n\u00e7 Transd\u00fcseri","og_description":"Carel UAKTRAS05V Bas\u0131n\u00e7 Transd\u00fcseri, \u00f6zellikle end\u00fcstriyel ve ticari so\u011futma sistemlerinde kullan\u0131lan, y\u00fcksek hassasiyetli bir bas\u0131n\u00e7 \u00f6l\u00e7\u00fcm cihaz\u0131d\u0131r.","og_url":"https:\/\/barrsell.com\/en\/product\/carel-uaktras05v-pressure-transducer\/","og_site_name":"Barrsell","article_modified_time":"2024-11-25T08:29:59+00:00","og_image":[{"width":1200,"height":1200,"url":"https:\/\/barrsell.com\/wp-content\/uploads\/2024\/11\/Carel-UAKTRAS05V-Basinc-Transduseri.png","type":"image\/png"}],"twitter_card":"summary_large_image","twitter_misc":{"Est. reading time":"2 minutes"},"schema":{"@context":"https:\/\/schema.org","@graph":[{"@type":"WebPage","@id":"https:\/\/barrsell.com\/urun\/carel-uaktras05v-basinc-transduseri\/","url":"https:\/\/barrsell.com\/urun\/carel-uaktras05v-basinc-transduseri\/","name":"Carel UAKTRAS05V Bas\u0131n\u00e7 Transd\u00fcseri | Barrsell End\u00fcstri","isPartOf":{"@id":"https:\/\/barrsell.com\/#website"},"primaryImageOfPage":{"@id":"https:\/\/barrsell.com\/urun\/carel-uaktras05v-basinc-transduseri\/#primaryimage"},"image":{"@id":"https:\/\/barrsell.com\/urun\/carel-uaktras05v-basinc-transduseri\/#primaryimage"},"thumbnailUrl":"https:\/\/barrsell.com\/wp-content\/uploads\/2024\/11\/Carel-UAKTRAS05V-Basinc-Transduseri.png","datePublished":"2024-11-02T11:11:28+00:00","dateModified":"2024-11-25T08:29:59+00:00","description":"Carel UAKTRAS05V Bas\u0131n\u00e7 Transd\u00fcseri, \u00f6zellikle end\u00fcstriyel ve ticari so\u011futma sistemlerinde kullan\u0131lan, y\u00fcksek hassasiyetli bir bas\u0131n\u00e7 \u00f6l\u00e7\u00fcm cihaz\u0131d\u0131r.","breadcrumb":{"@id":"https:\/\/barrsell.com\/urun\/carel-uaktras05v-basinc-transduseri\/#breadcrumb"},"inLanguage":"en-US","potentialAction":[{"@type":"ReadAction","target":["https:\/\/barrsell.com\/urun\/carel-uaktras05v-basinc-transduseri\/"]}]},{"@type":"ImageObject","inLanguage":"en-US","@id":"https:\/\/barrsell.com\/urun\/carel-uaktras05v-basinc-transduseri\/#primaryimage","url":"https:\/\/barrsell.com\/wp-content\/uploads\/2024\/11\/Carel-UAKTRAS05V-Basinc-Transduseri.png","contentUrl":"https:\/\/barrsell.com\/wp-content\/uploads\/2024\/11\/Carel-UAKTRAS05V-Basinc-Transduseri.png","width":1200,"height":1200,"caption":"Carel UAKTRAS05V Bas\u0131n\u00e7 Transd\u00fcseri"},{"@type":"BreadcrumbList","@id":"https:\/\/barrsell.com\/urun\/carel-uaktras05v-basinc-transduseri\/#breadcrumb","itemListElement":[{"@type":"ListItem","position":1,"name":"Home","item":"https:\/\/barrsell.com\/"},{"@type":"ListItem","position":2,"name":"\u00dcr\u00fcnler","item":"https:\/\/barrsell.com\/en\/products\/"},{"@type":"ListItem","position":3,"name":"Carel UAKTRAS05V Bas\u0131n\u00e7 Transd\u00fcseri"}]},{"@type":"WebSite","@id":"https:\/\/barrsell.com\/#website","url":"https:\/\/barrsell.com\/","name":"Barrsell End\u00fcstri Makine","description":"Teknolojiyle G\u00fc\u00e7lenen End\u00fcstriyel \u00c7\u00f6z\u00fcmler!","potentialAction":[{"@type":"SearchAction","target":{"@type":"EntryPoint","urlTemplate":"https:\/\/barrsell.com\/?s={search_term_string}"},"query-input":"required name=search_term_string"}],"inLanguage":"en-US"}]}},"_links":{"self":[{"href":"https:\/\/barrsell.com\/en\/wp-json\/wp\/v2\/product\/17914","targetHints":{"allow":["GET"]}}],"collection":[{"href":"https:\/\/barrsell.com\/en\/wp-json\/wp\/v2\/product"}],"about":[{"href":"https:\/\/barrsell.com\/en\/wp-json\/wp\/v2\/types\/product"}],"version-history":[{"count":8,"href":"https:\/\/barrsell.com\/en\/wp-json\/wp\/v2\/product\/17914\/revisions"}],"predecessor-version":[{"id":18554,"href":"https:\/\/barrsell.com\/en\/wp-json\/wp\/v2\/product\/17914\/revisions\/18554"}],"wp:featuredmedia":[{"embeddable":true,"href":"https:\/\/barrsell.com\/en\/wp-json\/wp\/v2\/media\/17915"}],"wp:attachment":[{"href":"https:\/\/barrsell.com\/en\/wp-json\/wp\/v2\/media?parent=17914"}],"wp:term":[{"taxonomy":"product_cat","embeddable":true,"href":"https:\/\/barrsell.com\/en\/wp-json\/wp\/v2\/product_cat?post=17914"},{"taxonomy":"product_tag","embeddable":true,"href":"https:\/\/barrsell.com\/en\/wp-json\/wp\/v2\/product_tag?post=17914"}],"curies":[{"name":"wp","href":"https:\/\/api.w.org\/{rel}","templated":true}]}}