{"id":17906,"date":"2024-11-02T11:02:31","date_gmt":"2024-11-02T11:02:31","guid":{"rendered":"https:\/\/barrsell.com\/?post_type=product&#038;p=17906"},"modified":"2024-11-25T08:34:36","modified_gmt":"2024-11-25T08:34:36","slug":"carel-uakpshp000-basinc-anahtari-takimi","status":"publish","type":"product","link":"https:\/\/barrsell.com\/en\/product\/carel-uakpshp000-pressure-switch-set\/","title":{"rendered":"Carel UAKPSHP000 Pressure Switch Kit"},"content":{"rendered":"<h2>Carel UAKPSHP000 Pressure Switch Kit<\/h2>\n<p>Carel UAKPSHP000 Pressure Switch Kit is a high reliability pressure switch set used in industrial and commercial refrigeration systems. This device continuously monitors the pressure in the system and cuts or opens the circuit in case of exceeding the specified limits. Thus, it ensures safe operation of the system. It is generally used where refrigerant pressure needs to be controlled.<\/p>\n<h4>Features<\/h4>\n<table width=\"0\">\n<tbody>\n<tr>\n<td colspan=\"2\">Learn More<\/td>\n<\/tr>\n<tr>\n<td>Manufacturer<\/td>\n<td data-th=\"Manufacturer\">Carel<\/td>\n<\/tr>\n<tr>\n<td>Product Type<\/td>\n<td data-th=\"Product Type\">Humidification<\/td>\n<\/tr>\n<tr>\n<td>Product Length<\/td>\n<td data-th=\"Product Length\">3,12 in\u00e7 (7,925 cm)<\/td>\n<\/tr>\n<tr>\n<td>Product Width<\/td>\n<td data-th=\"Product Width\">1,6 in\u00e7 (4,064 cm)<\/td>\n<\/tr>\n<tr>\n<td>Product Height<\/td>\n<td data-th=\"Product Height\">1,06 in\u00e7 (2,692 cm)<\/td>\n<\/tr>\n<tr>\n<td>Product Weight<\/td>\n<td data-th=\"Product Weight\">0,15 lbs (0,068 kg)<\/td>\n<\/tr>\n<tr>\n<td>Shipping Length<\/td>\n<td data-th=\"Shipping Length\">6 in\u00e7 (15,240 cm)<\/td>\n<\/tr>\n<tr>\n<td>Transmission Width<\/td>\n<td data-th=\"Shipping Width\">4 in\u00e7 (10,160 cm)<\/td>\n<\/tr>\n<tr>\n<td>Transportation Height<\/td>\n<td data-th=\"Shipping Height\">2 in\u00e7 (5.080 cm)<\/td>\n<\/tr>\n<\/tbody>\n<\/table>\n<div id=\"product.attributes\" class=\"data item content\" role=\"tabpanel\" data-role=\"content\" aria-labelledby=\"tab-label-product.attributes\" aria-hidden=\"false\"><\/div>\n<p class=\" translation-block\">In terms of its technical features and functions, the <a href=\"\/\/barrsell.com\/kategoriler\/buhar-jeneratorleri-nemlendiriciler\/carel-buharli-nemlendirici\/\u201d\" target=\"\u201c_self\u201d\">Carel<\/a> UAKPSHP000 responds precisely to pressure levels. It is characterized by the following main features:<\/p>\n<ol>\n<li class=\" translation-block\"><strong>Adjustable Pressure Limits<\/strong>: The user can easily adjust the upper and lower limits of the pressure switch according to the needs of the system. In this way, it adapts to different cooling systems.<\/li>\n<li class=\" translation-block\"><strong>Capacity and Durability<\/strong>: The Pressure Switch is designed to withstand high pressure and offers a long service life. Thanks to its material quality, it provides reliable performance even under harsh working conditions.<\/li>\n<li class=\" translation-block\"><strong>Protective Features<\/strong>: This pressure switch prevents damage to the system by automatically breaking the circuit to protect the compressor or other critical components in the event of overpressure.<\/li>\n<li class=\" translation-block\"><strong>Electrical Connections and Compatibility<\/strong>: Compatible with standard electrical connection types. Easy integration into most cooling systems. Installation and commissioning is simple and fast.<\/li>\n<li class=\" translation-block\"><strong>Sensitivity and Response Time<\/strong>: <em>Carel UAKPSHP000<\/em> monitors the system by responding quickly to instantaneous pressure changes. This feature especially protects against sudden pressure surges.<\/li>\n<li class=\" translation-block\"><strong>Operating Pressure Range<\/strong>: The <em>UAKPSHP000<\/em> has a wide pressure sensing range. It works in both low and high pressure applications. This makes it ideal for versatile use.<\/li>\n<\/ol>\n<div id=\"product.attributes\" class=\"data item content\" role=\"tabpanel\" data-role=\"content\" aria-labelledby=\"tab-label-product.attributes\" aria-hidden=\"false\">\n<div class=\"additional-attributes-wrapper table-wrapper\"><\/div>\n<\/div>","protected":false},"excerpt":{"rendered":"<h4><strong>Compatible Humidifier Models<\/strong><\/h4>\n<ul>\n<li>UA humiFog Multizone Touch<\/li>\n<li>UA humiFog direct<\/li>\n<\/ul>","protected":false},"featured_media":17907,"template":"","meta":[],"product_cat":[136],"product_tag":[],"class_list":{"0":"post-17906","1":"product","2":"type-product","3":"status-publish","4":"has-post-thumbnail","6":"product_cat-carel-yedek-parcalari","8":"first","9":"instock","10":"shipping-taxable","11":"product-type-external"},"yoast_head":"<!-- This site is optimized with the Yoast SEO Premium plugin v23.2 (Yoast SEO v23.2) - https:\/\/yoast.com\/wordpress\/plugins\/seo\/ -->\n<title>Carel UAKPSHP000 Bas\u0131n\u00e7 Anahtar\u0131 Tak\u0131m\u0131 | Barrsell End\u00fcstri<\/title>\n<meta name=\"description\" content=\"Carel UAKPSHP000 Bas\u0131n\u00e7 Anahtar\u0131 Tak\u0131m\u0131, end\u00fcstriyel ve ticari so\u011futma sistemlerinde kullan\u0131lan, y\u00fcksek g\u00fcvenilirlikli bir bas\u0131n\u00e7 anahtar\u0131 setidir.\" \/>\n<meta name=\"robots\" content=\"index, follow, max-snippet:-1, max-image-preview:large, max-video-preview:-1\" \/>\n<link rel=\"canonical\" href=\"https:\/\/barrsell.com\/en\/product\/carel-uakpshp000-pressure-switch-set\/\" \/>\n<meta property=\"og:locale\" content=\"en_US\" \/>\n<meta property=\"og:type\" content=\"article\" \/>\n<meta property=\"og:title\" content=\"Carel UAKPSHP000 Bas\u0131n\u00e7 Anahtar\u0131 Tak\u0131m\u0131\" \/>\n<meta property=\"og:description\" content=\"Carel UAKPSHP000 Bas\u0131n\u00e7 Anahtar\u0131 Tak\u0131m\u0131, end\u00fcstriyel ve ticari so\u011futma sistemlerinde kullan\u0131lan, y\u00fcksek g\u00fcvenilirlikli bir bas\u0131n\u00e7 anahtar\u0131 setidir.\" \/>\n<meta property=\"og:url\" content=\"https:\/\/barrsell.com\/en\/product\/carel-uakpshp000-pressure-switch-set\/\" \/>\n<meta property=\"og:site_name\" content=\"Barrsell\" \/>\n<meta property=\"article:modified_time\" content=\"2024-11-25T08:34:36+00:00\" \/>\n<meta property=\"og:image\" content=\"https:\/\/barrsell.com\/wp-content\/uploads\/2024\/11\/Carel-UAKPSHP000-Basinc-Anahtari-Takimi.png\" \/>\n\t<meta property=\"og:image:width\" content=\"1200\" \/>\n\t<meta property=\"og:image:height\" content=\"1200\" \/>\n\t<meta property=\"og:image:type\" content=\"image\/png\" \/>\n<meta name=\"twitter:card\" content=\"summary_large_image\" \/>\n<meta name=\"twitter:label1\" content=\"Est. reading time\" \/>\n\t<meta name=\"twitter:data1\" content=\"2 minutes\" \/>\n<script type=\"application\/ld+json\" class=\"yoast-schema-graph\">{\"@context\":\"https:\/\/schema.org\",\"@graph\":[{\"@type\":\"WebPage\",\"@id\":\"https:\/\/barrsell.com\/urun\/carel-uakpshp000-basinc-anahtari-takimi\/\",\"url\":\"https:\/\/barrsell.com\/urun\/carel-uakpshp000-basinc-anahtari-takimi\/\",\"name\":\"Carel UAKPSHP000 Bas\u0131n\u00e7 Anahtar\u0131 Tak\u0131m\u0131 | Barrsell End\u00fcstri\",\"isPartOf\":{\"@id\":\"https:\/\/barrsell.com\/#website\"},\"primaryImageOfPage\":{\"@id\":\"https:\/\/barrsell.com\/urun\/carel-uakpshp000-basinc-anahtari-takimi\/#primaryimage\"},\"image\":{\"@id\":\"https:\/\/barrsell.com\/urun\/carel-uakpshp000-basinc-anahtari-takimi\/#primaryimage\"},\"thumbnailUrl\":\"https:\/\/barrsell.com\/wp-content\/uploads\/2024\/11\/Carel-UAKPSHP000-Basinc-Anahtari-Takimi.png\",\"datePublished\":\"2024-11-02T11:02:31+00:00\",\"dateModified\":\"2024-11-25T08:34:36+00:00\",\"description\":\"Carel UAKPSHP000 Bas\u0131n\u00e7 Anahtar\u0131 Tak\u0131m\u0131, end\u00fcstriyel ve ticari so\u011futma sistemlerinde kullan\u0131lan, y\u00fcksek g\u00fcvenilirlikli bir bas\u0131n\u00e7 anahtar\u0131 setidir.\",\"breadcrumb\":{\"@id\":\"https:\/\/barrsell.com\/urun\/carel-uakpshp000-basinc-anahtari-takimi\/#breadcrumb\"},\"inLanguage\":\"en-US\",\"potentialAction\":[{\"@type\":\"ReadAction\",\"target\":[\"https:\/\/barrsell.com\/urun\/carel-uakpshp000-basinc-anahtari-takimi\/\"]}]},{\"@type\":\"ImageObject\",\"inLanguage\":\"en-US\",\"@id\":\"https:\/\/barrsell.com\/urun\/carel-uakpshp000-basinc-anahtari-takimi\/#primaryimage\",\"url\":\"https:\/\/barrsell.com\/wp-content\/uploads\/2024\/11\/Carel-UAKPSHP000-Basinc-Anahtari-Takimi.png\",\"contentUrl\":\"https:\/\/barrsell.com\/wp-content\/uploads\/2024\/11\/Carel-UAKPSHP000-Basinc-Anahtari-Takimi.png\",\"width\":1200,\"height\":1200,\"caption\":\"Carel UAKPSHP000 Bas\u0131n\u00e7 Anahtar\u0131 Tak\u0131m\u0131\"},{\"@type\":\"BreadcrumbList\",\"@id\":\"https:\/\/barrsell.com\/urun\/carel-uakpshp000-basinc-anahtari-takimi\/#breadcrumb\",\"itemListElement\":[{\"@type\":\"ListItem\",\"position\":1,\"name\":\"Home\",\"item\":\"https:\/\/barrsell.com\/\"},{\"@type\":\"ListItem\",\"position\":2,\"name\":\"\u00dcr\u00fcnler\",\"item\":\"https:\/\/barrsell.com\/en\/products\/\"},{\"@type\":\"ListItem\",\"position\":3,\"name\":\"Carel UAKPSHP000 Bas\u0131n\u00e7 Anahtar\u0131 Tak\u0131m\u0131\"}]},{\"@type\":\"WebSite\",\"@id\":\"https:\/\/barrsell.com\/#website\",\"url\":\"https:\/\/barrsell.com\/\",\"name\":\"Barrsell End\u00fcstri Makine\",\"description\":\"Teknolojiyle G\u00fc\u00e7lenen End\u00fcstriyel \u00c7\u00f6z\u00fcmler!\",\"potentialAction\":[{\"@type\":\"SearchAction\",\"target\":{\"@type\":\"EntryPoint\",\"urlTemplate\":\"https:\/\/barrsell.com\/?s={search_term_string}\"},\"query-input\":\"required name=search_term_string\"}],\"inLanguage\":\"en-US\"}]}<\/script>\n<!-- \/ Yoast SEO Premium plugin. -->","yoast_head_json":{"title":"Carel UAKPSHP000 Bas\u0131n\u00e7 Anahtar\u0131 Tak\u0131m\u0131 | Barrsell End\u00fcstri","description":"Carel UAKPSHP000 Bas\u0131n\u00e7 Anahtar\u0131 Tak\u0131m\u0131, end\u00fcstriyel ve ticari so\u011futma sistemlerinde kullan\u0131lan, y\u00fcksek g\u00fcvenilirlikli bir bas\u0131n\u00e7 anahtar\u0131 setidir.","robots":{"index":"index","follow":"follow","max-snippet":"max-snippet:-1","max-image-preview":"max-image-preview:large","max-video-preview":"max-video-preview:-1"},"canonical":"https:\/\/barrsell.com\/en\/product\/carel-uakpshp000-pressure-switch-set\/","og_locale":"en_US","og_type":"article","og_title":"Carel UAKPSHP000 Bas\u0131n\u00e7 Anahtar\u0131 Tak\u0131m\u0131","og_description":"Carel UAKPSHP000 Bas\u0131n\u00e7 Anahtar\u0131 Tak\u0131m\u0131, end\u00fcstriyel ve ticari so\u011futma sistemlerinde kullan\u0131lan, y\u00fcksek g\u00fcvenilirlikli bir bas\u0131n\u00e7 anahtar\u0131 setidir.","og_url":"https:\/\/barrsell.com\/en\/product\/carel-uakpshp000-pressure-switch-set\/","og_site_name":"Barrsell","article_modified_time":"2024-11-25T08:34:36+00:00","og_image":[{"width":1200,"height":1200,"url":"https:\/\/barrsell.com\/wp-content\/uploads\/2024\/11\/Carel-UAKPSHP000-Basinc-Anahtari-Takimi.png","type":"image\/png"}],"twitter_card":"summary_large_image","twitter_misc":{"Est. reading time":"2 minutes"},"schema":{"@context":"https:\/\/schema.org","@graph":[{"@type":"WebPage","@id":"https:\/\/barrsell.com\/urun\/carel-uakpshp000-basinc-anahtari-takimi\/","url":"https:\/\/barrsell.com\/urun\/carel-uakpshp000-basinc-anahtari-takimi\/","name":"Carel UAKPSHP000 Bas\u0131n\u00e7 Anahtar\u0131 Tak\u0131m\u0131 | Barrsell End\u00fcstri","isPartOf":{"@id":"https:\/\/barrsell.com\/#website"},"primaryImageOfPage":{"@id":"https:\/\/barrsell.com\/urun\/carel-uakpshp000-basinc-anahtari-takimi\/#primaryimage"},"image":{"@id":"https:\/\/barrsell.com\/urun\/carel-uakpshp000-basinc-anahtari-takimi\/#primaryimage"},"thumbnailUrl":"https:\/\/barrsell.com\/wp-content\/uploads\/2024\/11\/Carel-UAKPSHP000-Basinc-Anahtari-Takimi.png","datePublished":"2024-11-02T11:02:31+00:00","dateModified":"2024-11-25T08:34:36+00:00","description":"Carel UAKPSHP000 Bas\u0131n\u00e7 Anahtar\u0131 Tak\u0131m\u0131, end\u00fcstriyel ve ticari so\u011futma sistemlerinde kullan\u0131lan, y\u00fcksek g\u00fcvenilirlikli bir bas\u0131n\u00e7 anahtar\u0131 setidir.","breadcrumb":{"@id":"https:\/\/barrsell.com\/urun\/carel-uakpshp000-basinc-anahtari-takimi\/#breadcrumb"},"inLanguage":"en-US","potentialAction":[{"@type":"ReadAction","target":["https:\/\/barrsell.com\/urun\/carel-uakpshp000-basinc-anahtari-takimi\/"]}]},{"@type":"ImageObject","inLanguage":"en-US","@id":"https:\/\/barrsell.com\/urun\/carel-uakpshp000-basinc-anahtari-takimi\/#primaryimage","url":"https:\/\/barrsell.com\/wp-content\/uploads\/2024\/11\/Carel-UAKPSHP000-Basinc-Anahtari-Takimi.png","contentUrl":"https:\/\/barrsell.com\/wp-content\/uploads\/2024\/11\/Carel-UAKPSHP000-Basinc-Anahtari-Takimi.png","width":1200,"height":1200,"caption":"Carel UAKPSHP000 Bas\u0131n\u00e7 Anahtar\u0131 Tak\u0131m\u0131"},{"@type":"BreadcrumbList","@id":"https:\/\/barrsell.com\/urun\/carel-uakpshp000-basinc-anahtari-takimi\/#breadcrumb","itemListElement":[{"@type":"ListItem","position":1,"name":"Home","item":"https:\/\/barrsell.com\/"},{"@type":"ListItem","position":2,"name":"\u00dcr\u00fcnler","item":"https:\/\/barrsell.com\/en\/products\/"},{"@type":"ListItem","position":3,"name":"Carel UAKPSHP000 Bas\u0131n\u00e7 Anahtar\u0131 Tak\u0131m\u0131"}]},{"@type":"WebSite","@id":"https:\/\/barrsell.com\/#website","url":"https:\/\/barrsell.com\/","name":"Barrsell End\u00fcstri Makine","description":"Teknolojiyle G\u00fc\u00e7lenen End\u00fcstriyel \u00c7\u00f6z\u00fcmler!","potentialAction":[{"@type":"SearchAction","target":{"@type":"EntryPoint","urlTemplate":"https:\/\/barrsell.com\/?s={search_term_string}"},"query-input":"required name=search_term_string"}],"inLanguage":"en-US"}]}},"_links":{"self":[{"href":"https:\/\/barrsell.com\/en\/wp-json\/wp\/v2\/product\/17906","targetHints":{"allow":["GET"]}}],"collection":[{"href":"https:\/\/barrsell.com\/en\/wp-json\/wp\/v2\/product"}],"about":[{"href":"https:\/\/barrsell.com\/en\/wp-json\/wp\/v2\/types\/product"}],"version-history":[{"count":11,"href":"https:\/\/barrsell.com\/en\/wp-json\/wp\/v2\/product\/17906\/revisions"}],"predecessor-version":[{"id":18555,"href":"https:\/\/barrsell.com\/en\/wp-json\/wp\/v2\/product\/17906\/revisions\/18555"}],"wp:featuredmedia":[{"embeddable":true,"href":"https:\/\/barrsell.com\/en\/wp-json\/wp\/v2\/media\/17907"}],"wp:attachment":[{"href":"https:\/\/barrsell.com\/en\/wp-json\/wp\/v2\/media?parent=17906"}],"wp:term":[{"taxonomy":"product_cat","embeddable":true,"href":"https:\/\/barrsell.com\/en\/wp-json\/wp\/v2\/product_cat?post=17906"},{"taxonomy":"product_tag","embeddable":true,"href":"https:\/\/barrsell.com\/en\/wp-json\/wp\/v2\/product_tag?post=17906"}],"curies":[{"name":"wp","href":"https:\/\/api.w.org\/{rel}","templated":true}]}}