{"id":17903,"date":"2024-11-01T13:52:56","date_gmt":"2024-11-01T13:52:56","guid":{"rendered":"https:\/\/barrsell.com\/?post_type=product&#038;p=17903"},"modified":"2024-11-28T12:28:38","modified_gmt":"2024-11-28T12:28:38","slug":"carel-l401ta0000-buhar-silindiri","status":"publish","type":"product","link":"https:\/\/barrsell.com\/en\/product\/carel-l401ta0000-steam-cylinder\/","title":{"rendered":"Carel L401TA0000 Steam Cylinder"},"content":{"rendered":"<h2>Carel L401TA0000 Steam Cylinder<\/h2>\n<div id=\"attachment_18428\" style=\"width: 193px\" class=\"wp-caption alignright\"><a href=\"https:\/\/barrsell.com\/wp-content\/uploads\/2024\/11\/Carel-L401TA0000-yedek-silindir-3.png\"><img fetchpriority=\"high\" decoding=\"async\" aria-describedby=\"caption-attachment-18428\" class=\"size-medium wp-image-18428\" src=\"https:\/\/barrsell.com\/wp-content\/uploads\/2024\/11\/Carel-L401TA0000-yedek-silindir-3-183x300.png\" alt=\"\" width=\"183\" height=\"300\" srcset=\"https:\/\/barrsell.com\/wp-content\/uploads\/2024\/11\/Carel-L401TA0000-yedek-silindir-3-183x300.png 183w, https:\/\/barrsell.com\/wp-content\/uploads\/2024\/11\/Carel-L401TA0000-yedek-silindir-3-7x12.png 7w, https:\/\/barrsell.com\/wp-content\/uploads\/2024\/11\/Carel-L401TA0000-yedek-silindir-3-150x246.png 150w, https:\/\/barrsell.com\/wp-content\/uploads\/2024\/11\/Carel-L401TA0000-yedek-silindir-3.png 472w\" sizes=\"(max-width: 183px) 100vw, 183px\" \/><\/a><p id=\"caption-attachment-18428\" class=\"wp-caption-text\">Carel L401TA0000 spare cylinder-3<\/p><\/div>\n<p class=\" translation-block\">Especially suitable for humiSteam series <a href=\"\/\/barrsell.com\/buhar-jeneratorleri-nemlendiriciler\/\u201d\" target=\"\u201c_self\u201d\"><strong>steam humidifiers<\/strong><\/a>, the Carel L401TA0000 steam cylinder is a high-performance and durable replacement part. Equipped with separate electrode technology, this cylinder ensures precise steam production, increasing energy efficiency in HVAC systems.<\/p>\n<ul>\n<li><strong>Material Structure:<\/strong> It is made of corrosion resistant special alloy material that is durable under high temperature and pressure. In this way, it offers a long-lasting use.\n<ul>\n<li><strong>Diameter:<\/strong> 200 mm<\/li>\n<li><strong>Length<\/strong> 600 mm<\/li>\n<li><strong>Weight:<\/strong> 8 kg<strong>Measurements:<\/strong><\/li>\n<\/ul>\n<\/li>\n<li class=\" translation-block\"><strong>Operating Temperature Range:<\/strong> Thanks to its ability to operate between -10 \u00b0C and 180 \u00b0C, you can use it in a wide range of industrial applications.<\/li>\n<li class=\" translation-block\"><strong>Pressure Resistance:<\/strong> It has a maximum pressure resistance of 10 bar. This feature ensures safe operation under high pressure.<\/li>\n<li class=\" translation-block\"><strong>Ease of Maintenance:<\/strong> Its cleanable design prevents scale and sediment build-up, reducing maintenance times and also increasing operational efficiency.<\/li>\n<\/ul>\n<h4>Features<\/h4>\n<table width=\"0\">\n<tbody>\n<tr>\n<td colspan=\"2\">Learn More<\/td>\n<\/tr>\n<tr>\n<td>Manufacturer<\/td>\n<td data-th=\"Manufacturer\">Carel<\/td>\n<\/tr>\n<tr>\n<td>Product Type<\/td>\n<td data-th=\"Product Type\">Humidification<\/td>\n<\/tr>\n<tr>\n<td>Service Range<\/td>\n<td data-th=\"Service Interval\">3 to 12 Month<\/td>\n<\/tr>\n<tr>\n<td>Product Length<\/td>\n<td data-th=\"Product Length\">10,8 in\u00e7 (27,432 cm)<\/td>\n<\/tr>\n<tr>\n<td>Product Width<\/td>\n<td data-th=\"Product Width\">5,85 in\u00e7 (14,859 cm)<\/td>\n<\/tr>\n<tr>\n<td>Product Height<\/td>\n<td data-th=\"Product Height\">5,8 in\u00e7 (14,732 cm)<\/td>\n<\/tr>\n<tr>\n<td>Product Weight<\/td>\n<td data-th=\"Product Weight\">1,605 lbs (0,728 kg)<\/td>\n<\/tr>\n<tr>\n<td>Shipping Length<\/td>\n<td data-th=\"Shipping Length\">12,3 in\u00e7 (31,242 cm)<\/td>\n<\/tr>\n<tr>\n<td>Transmission Width<\/td>\n<td data-th=\"Shipping Width\">6,1 in\u00e7 (15,494 cm)<\/td>\n<\/tr>\n<tr>\n<td>Transportation Height<\/td>\n<td data-th=\"Shipping Height\">6,1 in\u00e7 (15,494 cm)<\/td>\n<\/tr>\n<\/tbody>\n<\/table>\n<div role=\"tabpanel\" data-role=\"content\" aria-labelledby=\"tab-label-product.attributes\" aria-hidden=\"false\"><\/div>\n<div id=\"product.attributes\" class=\"data item content\" role=\"tabpanel\" data-role=\"content\" aria-labelledby=\"tab-label-product.attributes\" aria-hidden=\"false\">\n<div class=\"additional-attributes-wrapper table-wrapper\"><strong style=\"color: #1b1919; font-size: 18px;\">Technical Specifications of Carel L401TA0000<\/strong><\/div>\n<div><\/div>\n<\/div>\n<ul>\n<li class=\" translation-block\"><strong>Electrode Technology<\/strong>:<br>\nThe <em>Carel L401TA0000<\/em> is a steam cylinder with electrodes that optimize steam production using the conductivity of water. This technology is particularly characterized by low energy consumption and minimal maintenance.<\/li>\n<li class=\" translation-block\"><strong>Power and Capacity Alignment<\/strong>:<br>\nThis cylinder is compatible with humiSteam devices of different capacities. And it also provides high performance even in applications requiring intensive vapor production.<\/li>\n<li class=\" translation-block\"><strong>Durable Material Structure<\/strong>: It consists of durable materials such as polymer and stainless steel. It also provides long-lasting use and shows high resistance to environmental influences.<\/li>\n<li class=\" translation-block\"><strong>Easy Interchangeability<\/strong>:<br>\nThe L401TA0000 has a user-friendly design and is easily replaced, especially for humidifiers. This feature reduces service time and increases work efficiency.<\/li>\n<li><strong>Kire\u00e7lenme Y\u00f6netimi<\/strong>:<br \/>\n<em>Carel L401TA0000 spare cylinder\u00a0<\/em> i\u00e7 yap\u0131s\u0131, kire\u00e7lenmeyi minimum seviyede tutmak i\u00e7in optimize edilmi\u015ftir.<\/li>\n<li class=\" translation-block\"><strong>Energy Saving<\/strong>:<br>\nIt works with electrode technology and low energy consumption, also reducing energy costs in the long run.<\/li>\n<li class=\" translation-block\"><strong>Environmentally Friendly<\/strong>: Design with minimal water and energy consumption.<\/li>\n<li class=\" translation-block\"><strong>Easy Maintenance<\/strong>: Thanks to its anti-calcification design and easy-to-change structure, it accelerates the maintenance process and prevents users from wasting time.<\/li>\n<li class=\" translation-block\"><strong>Integration with HVAC Systems<\/strong>:<br>\nFully compatible with HVAC systems and Carel control panels, providing a reliable humidification solution.<\/li>\n<\/ul>","protected":false},"excerpt":{"rendered":"<p><strong>Compatible Humidifier Models<\/strong><\/p>\n<ul>\n<li>SC Compact<\/li>\n<\/ul>","protected":false},"featured_media":17904,"template":"","meta":[],"product_cat":[136],"product_tag":[],"class_list":{"0":"post-17903","1":"product","2":"type-product","3":"status-publish","4":"has-post-thumbnail","6":"product_cat-carel-yedek-parcalari","8":"first","9":"instock","10":"shipping-taxable","11":"product-type-external"},"yoast_head":"<!-- This site is optimized with the Yoast SEO Premium plugin v23.2 (Yoast SEO v23.2) - https:\/\/yoast.com\/wordpress\/plugins\/seo\/ -->\n<title>Carel L401TA0000 Buhar Silindiri | Barrsell End\u00fcstri<\/title>\n<meta name=\"description\" content=\"Carel L401TA0000 Buhar Silindiri, end\u00fcstriyel buhar \u00fcretimi i\u00e7in tasarlanm\u0131\u015f, y\u00fcksek kaliteli ve dayan\u0131kl\u0131 bir bile\u015fendir.\" \/>\n<meta name=\"robots\" content=\"index, follow, max-snippet:-1, max-image-preview:large, max-video-preview:-1\" \/>\n<link rel=\"canonical\" href=\"https:\/\/barrsell.com\/en\/product\/carel-l401ta0000-steam-cylinder\/\" \/>\n<meta property=\"og:locale\" content=\"en_US\" \/>\n<meta property=\"og:type\" content=\"article\" \/>\n<meta property=\"og:title\" content=\"Carel L401TA0000 Buhar Silindiri\" \/>\n<meta property=\"og:description\" content=\"Carel L401TA0000 Buhar Silindiri, end\u00fcstriyel buhar \u00fcretimi i\u00e7in tasarlanm\u0131\u015f, y\u00fcksek kaliteli ve dayan\u0131kl\u0131 bir bile\u015fendir.\" \/>\n<meta property=\"og:url\" content=\"https:\/\/barrsell.com\/en\/product\/carel-l401ta0000-steam-cylinder\/\" \/>\n<meta property=\"og:site_name\" content=\"Barrsell\" \/>\n<meta property=\"article:modified_time\" content=\"2024-11-28T12:28:38+00:00\" \/>\n<meta property=\"og:image\" content=\"https:\/\/barrsell.com\/wp-content\/uploads\/2024\/11\/Carel-L401TA0000-Buhar-Silindiri.png\" \/>\n\t<meta property=\"og:image:width\" content=\"1200\" \/>\n\t<meta property=\"og:image:height\" content=\"1200\" \/>\n\t<meta property=\"og:image:type\" content=\"image\/png\" \/>\n<meta name=\"twitter:card\" content=\"summary_large_image\" \/>\n<meta name=\"twitter:label1\" content=\"Est. reading time\" \/>\n\t<meta name=\"twitter:data1\" content=\"3 minutes\" \/>\n<script type=\"application\/ld+json\" class=\"yoast-schema-graph\">{\"@context\":\"https:\/\/schema.org\",\"@graph\":[{\"@type\":\"WebPage\",\"@id\":\"https:\/\/barrsell.com\/urun\/carel-l401ta0000-buhar-silindiri\/\",\"url\":\"https:\/\/barrsell.com\/urun\/carel-l401ta0000-buhar-silindiri\/\",\"name\":\"Carel L401TA0000 Buhar Silindiri | Barrsell End\u00fcstri\",\"isPartOf\":{\"@id\":\"https:\/\/barrsell.com\/#website\"},\"primaryImageOfPage\":{\"@id\":\"https:\/\/barrsell.com\/urun\/carel-l401ta0000-buhar-silindiri\/#primaryimage\"},\"image\":{\"@id\":\"https:\/\/barrsell.com\/urun\/carel-l401ta0000-buhar-silindiri\/#primaryimage\"},\"thumbnailUrl\":\"https:\/\/barrsell.com\/wp-content\/uploads\/2024\/11\/Carel-L401TA0000-Buhar-Silindiri.png\",\"datePublished\":\"2024-11-01T13:52:56+00:00\",\"dateModified\":\"2024-11-28T12:28:38+00:00\",\"description\":\"Carel L401TA0000 Buhar Silindiri, end\u00fcstriyel buhar \u00fcretimi i\u00e7in tasarlanm\u0131\u015f, y\u00fcksek kaliteli ve dayan\u0131kl\u0131 bir bile\u015fendir.\",\"breadcrumb\":{\"@id\":\"https:\/\/barrsell.com\/urun\/carel-l401ta0000-buhar-silindiri\/#breadcrumb\"},\"inLanguage\":\"en-US\",\"potentialAction\":[{\"@type\":\"ReadAction\",\"target\":[\"https:\/\/barrsell.com\/urun\/carel-l401ta0000-buhar-silindiri\/\"]}]},{\"@type\":\"ImageObject\",\"inLanguage\":\"en-US\",\"@id\":\"https:\/\/barrsell.com\/urun\/carel-l401ta0000-buhar-silindiri\/#primaryimage\",\"url\":\"https:\/\/barrsell.com\/wp-content\/uploads\/2024\/11\/Carel-L401TA0000-Buhar-Silindiri.png\",\"contentUrl\":\"https:\/\/barrsell.com\/wp-content\/uploads\/2024\/11\/Carel-L401TA0000-Buhar-Silindiri.png\",\"width\":1200,\"height\":1200,\"caption\":\"Carel L401TA0000 Buhar Silindiri\"},{\"@type\":\"BreadcrumbList\",\"@id\":\"https:\/\/barrsell.com\/urun\/carel-l401ta0000-buhar-silindiri\/#breadcrumb\",\"itemListElement\":[{\"@type\":\"ListItem\",\"position\":1,\"name\":\"Home\",\"item\":\"https:\/\/barrsell.com\/\"},{\"@type\":\"ListItem\",\"position\":2,\"name\":\"\u00dcr\u00fcnler\",\"item\":\"https:\/\/barrsell.com\/en\/products\/\"},{\"@type\":\"ListItem\",\"position\":3,\"name\":\"Carel L401TA0000 Buhar Silindiri\"}]},{\"@type\":\"WebSite\",\"@id\":\"https:\/\/barrsell.com\/#website\",\"url\":\"https:\/\/barrsell.com\/\",\"name\":\"Barrsell End\u00fcstri Makine\",\"description\":\"Teknolojiyle G\u00fc\u00e7lenen End\u00fcstriyel \u00c7\u00f6z\u00fcmler!\",\"potentialAction\":[{\"@type\":\"SearchAction\",\"target\":{\"@type\":\"EntryPoint\",\"urlTemplate\":\"https:\/\/barrsell.com\/?s={search_term_string}\"},\"query-input\":\"required name=search_term_string\"}],\"inLanguage\":\"en-US\"}]}<\/script>\n<!-- \/ Yoast SEO Premium plugin. -->","yoast_head_json":{"title":"Carel L401TA0000 Buhar Silindiri | Barrsell End\u00fcstri","description":"Carel L401TA0000 Buhar Silindiri, end\u00fcstriyel buhar \u00fcretimi i\u00e7in tasarlanm\u0131\u015f, y\u00fcksek kaliteli ve dayan\u0131kl\u0131 bir bile\u015fendir.","robots":{"index":"index","follow":"follow","max-snippet":"max-snippet:-1","max-image-preview":"max-image-preview:large","max-video-preview":"max-video-preview:-1"},"canonical":"https:\/\/barrsell.com\/en\/product\/carel-l401ta0000-steam-cylinder\/","og_locale":"en_US","og_type":"article","og_title":"Carel L401TA0000 Buhar Silindiri","og_description":"Carel L401TA0000 Buhar Silindiri, end\u00fcstriyel buhar \u00fcretimi i\u00e7in tasarlanm\u0131\u015f, y\u00fcksek kaliteli ve dayan\u0131kl\u0131 bir bile\u015fendir.","og_url":"https:\/\/barrsell.com\/en\/product\/carel-l401ta0000-steam-cylinder\/","og_site_name":"Barrsell","article_modified_time":"2024-11-28T12:28:38+00:00","og_image":[{"width":1200,"height":1200,"url":"https:\/\/barrsell.com\/wp-content\/uploads\/2024\/11\/Carel-L401TA0000-Buhar-Silindiri.png","type":"image\/png"}],"twitter_card":"summary_large_image","twitter_misc":{"Est. reading time":"3 minutes"},"schema":{"@context":"https:\/\/schema.org","@graph":[{"@type":"WebPage","@id":"https:\/\/barrsell.com\/urun\/carel-l401ta0000-buhar-silindiri\/","url":"https:\/\/barrsell.com\/urun\/carel-l401ta0000-buhar-silindiri\/","name":"Carel L401TA0000 Buhar Silindiri | Barrsell End\u00fcstri","isPartOf":{"@id":"https:\/\/barrsell.com\/#website"},"primaryImageOfPage":{"@id":"https:\/\/barrsell.com\/urun\/carel-l401ta0000-buhar-silindiri\/#primaryimage"},"image":{"@id":"https:\/\/barrsell.com\/urun\/carel-l401ta0000-buhar-silindiri\/#primaryimage"},"thumbnailUrl":"https:\/\/barrsell.com\/wp-content\/uploads\/2024\/11\/Carel-L401TA0000-Buhar-Silindiri.png","datePublished":"2024-11-01T13:52:56+00:00","dateModified":"2024-11-28T12:28:38+00:00","description":"Carel L401TA0000 Buhar Silindiri, end\u00fcstriyel buhar \u00fcretimi i\u00e7in tasarlanm\u0131\u015f, y\u00fcksek kaliteli ve dayan\u0131kl\u0131 bir bile\u015fendir.","breadcrumb":{"@id":"https:\/\/barrsell.com\/urun\/carel-l401ta0000-buhar-silindiri\/#breadcrumb"},"inLanguage":"en-US","potentialAction":[{"@type":"ReadAction","target":["https:\/\/barrsell.com\/urun\/carel-l401ta0000-buhar-silindiri\/"]}]},{"@type":"ImageObject","inLanguage":"en-US","@id":"https:\/\/barrsell.com\/urun\/carel-l401ta0000-buhar-silindiri\/#primaryimage","url":"https:\/\/barrsell.com\/wp-content\/uploads\/2024\/11\/Carel-L401TA0000-Buhar-Silindiri.png","contentUrl":"https:\/\/barrsell.com\/wp-content\/uploads\/2024\/11\/Carel-L401TA0000-Buhar-Silindiri.png","width":1200,"height":1200,"caption":"Carel L401TA0000 Buhar Silindiri"},{"@type":"BreadcrumbList","@id":"https:\/\/barrsell.com\/urun\/carel-l401ta0000-buhar-silindiri\/#breadcrumb","itemListElement":[{"@type":"ListItem","position":1,"name":"Home","item":"https:\/\/barrsell.com\/"},{"@type":"ListItem","position":2,"name":"\u00dcr\u00fcnler","item":"https:\/\/barrsell.com\/en\/products\/"},{"@type":"ListItem","position":3,"name":"Carel L401TA0000 Buhar Silindiri"}]},{"@type":"WebSite","@id":"https:\/\/barrsell.com\/#website","url":"https:\/\/barrsell.com\/","name":"Barrsell End\u00fcstri Makine","description":"Teknolojiyle G\u00fc\u00e7lenen End\u00fcstriyel \u00c7\u00f6z\u00fcmler!","potentialAction":[{"@type":"SearchAction","target":{"@type":"EntryPoint","urlTemplate":"https:\/\/barrsell.com\/?s={search_term_string}"},"query-input":"required name=search_term_string"}],"inLanguage":"en-US"}]}},"_links":{"self":[{"href":"https:\/\/barrsell.com\/en\/wp-json\/wp\/v2\/product\/17903","targetHints":{"allow":["GET"]}}],"collection":[{"href":"https:\/\/barrsell.com\/en\/wp-json\/wp\/v2\/product"}],"about":[{"href":"https:\/\/barrsell.com\/en\/wp-json\/wp\/v2\/types\/product"}],"version-history":[{"count":7,"href":"https:\/\/barrsell.com\/en\/wp-json\/wp\/v2\/product\/17903\/revisions"}],"predecessor-version":[{"id":18637,"href":"https:\/\/barrsell.com\/en\/wp-json\/wp\/v2\/product\/17903\/revisions\/18637"}],"wp:featuredmedia":[{"embeddable":true,"href":"https:\/\/barrsell.com\/en\/wp-json\/wp\/v2\/media\/17904"}],"wp:attachment":[{"href":"https:\/\/barrsell.com\/en\/wp-json\/wp\/v2\/media?parent=17903"}],"wp:term":[{"taxonomy":"product_cat","embeddable":true,"href":"https:\/\/barrsell.com\/en\/wp-json\/wp\/v2\/product_cat?post=17903"},{"taxonomy":"product_tag","embeddable":true,"href":"https:\/\/barrsell.com\/en\/wp-json\/wp\/v2\/product_tag?post=17903"}],"curies":[{"name":"wp","href":"https:\/\/api.w.org\/{rel}","templated":true}]}}