{"id":17897,"date":"2024-11-01T13:28:15","date_gmt":"2024-11-01T13:28:15","guid":{"rendered":"https:\/\/barrsell.com\/?post_type=product&#038;p=17897"},"modified":"2024-11-25T09:03:20","modified_gmt":"2024-11-25T09:03:20","slug":"carel-cy0s1b0000-buhar-silindiri","status":"publish","type":"product","link":"https:\/\/barrsell.com\/en\/product\/carel-cy0s1b0000-steam-roller\/","title":{"rendered":"Carel CY0S1B0000 Steam Cylinder"},"content":{"rendered":"<h2><strong>Carel CY0S1B0000 Steam Cylinder: The Ideal Solution for High Productivity<\/strong><\/h2>\n<p>Carel CY0S1B0000 Steam Cylinder is a reliable and high performance component in industrial steam production. It efficiently produces the steam needed especially in HVAC (Heating, Ventilation and Air Conditioning) systems and various industrial applications. Standing out with its robust structure and superior technology, CY0S1B0000 also saves energy and increases the efficiency of businesses at the same time.<\/p>\n<h4>Features<\/h4>\n<table width=\"0\">\n<tbody>\n<tr>\n<td colspan=\"2\">Learn More<\/td>\n<\/tr>\n<tr>\n<td>Manufacturer<\/td>\n<td data-th=\"Manufacturer\">Carel<\/td>\n<\/tr>\n<tr>\n<td>Product Type<\/td>\n<td data-th=\"Product Type\">Humidification<\/td>\n<\/tr>\n<tr>\n<td>Service Range<\/td>\n<td data-th=\"Service Interval\">3 to 12 Month<\/td>\n<\/tr>\n<tr>\n<td>Product Length<\/td>\n<td data-th=\"Product Length\">14,1 in\u00e7 (35,814 cm)<\/td>\n<\/tr>\n<tr>\n<td>Product Width<\/td>\n<td data-th=\"Product Width\">5,85 in\u00e7 (14,859 cm)<\/td>\n<\/tr>\n<tr>\n<td>Product Height<\/td>\n<td data-th=\"Product Height\">5,7 in\u00e7 (14,478 cm)<\/td>\n<\/tr>\n<tr>\n<td>Product Weight<\/td>\n<td data-th=\"Product Weight\">1,785 lbs (0,810 kg)<\/td>\n<\/tr>\n<tr>\n<td>Shipping Length<\/td>\n<td data-th=\"Shipping Length\">15,6 in\u00e7 (39,624 cm)<\/td>\n<\/tr>\n<tr>\n<td>Transmission Width<\/td>\n<td data-th=\"Shipping Width\">6 in\u00e7 (15,240 cm)<\/td>\n<\/tr>\n<tr>\n<td>Transportation Height<\/td>\n<td data-th=\"Shipping Height\">5,9 in\u00e7 (14,986 cm)<\/td>\n<\/tr>\n<\/tbody>\n<\/table>\n<p>&nbsp;<\/p>\n<ul>\n<li>\n<div id=\"product.attributes\" class=\"data item content\" role=\"tabpanel\" data-role=\"content\" aria-labelledby=\"tab-label-product.attributes\" aria-hidden=\"false\">\n<div class=\"additional-attributes-wrapper table-wrapper\"><strong>Technical Specifications<\/strong><\/div>\n<\/div>\n<\/li>\n<\/ul>\n<ul>\n<li style=\"list-style-type: none;\">\n<ul>\n<li><strong>Material Structure:<\/strong> The electrode steam cylinder is corrosion resistant. It is also made of special alloy material that can withstand high temperature and pressure. This ensures a long-lasting and reliable performance.<\/li>\n<\/ul>\n<\/li>\n<li><strong>Measurements:<\/strong>\n<ul>\n<li><strong>Diameter:<\/strong> 150 mm<\/li>\n<li><strong>Length<\/strong> 500 mm<\/li>\n<li><strong>Weight:<\/strong> 6 kg<\/li>\n<\/ul>\n<\/li>\n<\/ul>\n<p>These dimensions facilitate the integration of the humidifier steam cylinder into the system and thus ensure compatibility with existing installations.<\/p>\n<ul>\n<li><strong>Operating Temperature Range:<\/strong> 0 \u00b0C &#8211; 200 \u00b0C aras\u0131nda geni\u015f bir s\u0131cakl\u0131k aral\u0131\u011f\u0131nda verimli \u00e7al\u0131\u015f\u0131r. Bu durum \u00e7e\u015fitli end\u00fcstriyel uygulamalarda kullan\u0131m\u0131n\u0131 m\u00fcmk\u00fcn k\u0131lar.<\/li>\n<li><strong>Pressure Resistance:<\/strong> It has a maximum pressure resistance of 10 bar. Its ability to operate safely, especially under high pressure, makes it an ideal choice for industrial applications.<\/li>\n<li><strong>Easy Maintenance:<\/strong> Carel CY0S1B0000 buhar silindiri tasar\u0131m\u0131 sayesinde h\u0131zl\u0131 ve kolay bir bak\u0131m s\u00fcreci sunar. Ayn\u0131 zamanda temizlenebilir i\u00e7 yap\u0131s\u0131, kire\u00e7lenmeyi \u00f6nleyerek silindirin uzun \u00f6m\u00fcrl\u00fc olmas\u0131na katk\u0131 sa\u011flar.<br \/>\n<h2 id=\"tab-label-product.attributes\" class=\"data item title\" tabindex=\"0\" role=\"tab\" aria-labeledby=\"tab-label-product.attributes-title\" data-role=\"title\" aria-controls=\"product.attributes\" aria-selected=\"true\" aria-expanded=\"true\"><\/h2>\n<div id=\"product.attributes\" class=\"data item content\" role=\"tabpanel\" data-role=\"content\" aria-labelledby=\"tab-label-product.attributes\" aria-hidden=\"false\">\n<div class=\"additional-attributes-wrapper table-wrapper\"><\/div>\n<\/div>\n<\/li>\n<\/ul>","protected":false},"excerpt":{"rendered":"<p><strong>Compatible Humidifier Models<br \/>\n<\/strong><\/p>\n<ul>\n<li>CH001V2000 Series<\/li>\n<li>CH001V2001 Series<\/li>\n<li>CH003V2000 Series<\/li>\n<li>CH003V2001 Series<\/li>\n<li>CHF01V2000 Series<\/li>\n<li>CHF01V2001 Series<\/li>\n<li>CHF03V2000 Series<\/li>\n<li>CHF03V2001 Series<\/li>\n<\/ul>","protected":false},"featured_media":17898,"template":"","meta":[],"product_cat":[136],"product_tag":[],"class_list":{"0":"post-17897","1":"product","2":"type-product","3":"status-publish","4":"has-post-thumbnail","6":"product_cat-carel-yedek-parcalari","8":"first","9":"instock","10":"shipping-taxable","11":"product-type-external"},"yoast_head":"<!-- This site is optimized with the Yoast SEO Premium plugin v23.2 (Yoast SEO v23.2) - https:\/\/yoast.com\/wordpress\/plugins\/seo\/ -->\n<title>Carel CY0S1B0000 Buhar Silindiri | Barrsell End\u00fcstri<\/title>\n<meta name=\"description\" content=\"Carel CY0S1B0000 Buhar Silindiri, end\u00fcstriyel buhar \u00fcretiminde g\u00fcvenilir ve y\u00fcksek performans sunar. Enerji tasarrufu sa\u011flar.\" \/>\n<meta name=\"robots\" content=\"index, follow, max-snippet:-1, max-image-preview:large, max-video-preview:-1\" \/>\n<link rel=\"canonical\" href=\"https:\/\/barrsell.com\/en\/product\/carel-cy0s1b0000-steam-roller\/\" \/>\n<meta property=\"og:locale\" content=\"en_US\" \/>\n<meta property=\"og:type\" content=\"article\" \/>\n<meta property=\"og:title\" content=\"Carel CY0S1B0000 Buhar Silindiri\" \/>\n<meta property=\"og:description\" content=\"Carel CY0S1B0000 Buhar Silindiri, end\u00fcstriyel buhar \u00fcretiminde g\u00fcvenilir ve y\u00fcksek performans sunar. Enerji tasarrufu sa\u011flar.\" \/>\n<meta property=\"og:url\" content=\"https:\/\/barrsell.com\/en\/product\/carel-cy0s1b0000-steam-roller\/\" \/>\n<meta property=\"og:site_name\" content=\"Barrsell\" \/>\n<meta property=\"article:modified_time\" content=\"2024-11-25T09:03:20+00:00\" \/>\n<meta property=\"og:image\" content=\"https:\/\/barrsell.com\/wp-content\/uploads\/2024\/11\/Carel-CY0S1B0000-Buhar-Silindiri.png\" \/>\n\t<meta property=\"og:image:width\" content=\"1200\" \/>\n\t<meta property=\"og:image:height\" content=\"1200\" \/>\n\t<meta property=\"og:image:type\" content=\"image\/png\" \/>\n<meta name=\"twitter:card\" content=\"summary_large_image\" \/>\n<meta name=\"twitter:label1\" content=\"Est. reading time\" \/>\n\t<meta name=\"twitter:data1\" content=\"2 minutes\" \/>\n<script type=\"application\/ld+json\" class=\"yoast-schema-graph\">{\"@context\":\"https:\/\/schema.org\",\"@graph\":[{\"@type\":\"WebPage\",\"@id\":\"https:\/\/barrsell.com\/urun\/carel-cy0s1b0000-buhar-silindiri\/\",\"url\":\"https:\/\/barrsell.com\/urun\/carel-cy0s1b0000-buhar-silindiri\/\",\"name\":\"Carel CY0S1B0000 Buhar Silindiri | Barrsell End\u00fcstri\",\"isPartOf\":{\"@id\":\"https:\/\/barrsell.com\/#website\"},\"primaryImageOfPage\":{\"@id\":\"https:\/\/barrsell.com\/urun\/carel-cy0s1b0000-buhar-silindiri\/#primaryimage\"},\"image\":{\"@id\":\"https:\/\/barrsell.com\/urun\/carel-cy0s1b0000-buhar-silindiri\/#primaryimage\"},\"thumbnailUrl\":\"https:\/\/barrsell.com\/wp-content\/uploads\/2024\/11\/Carel-CY0S1B0000-Buhar-Silindiri.png\",\"datePublished\":\"2024-11-01T13:28:15+00:00\",\"dateModified\":\"2024-11-25T09:03:20+00:00\",\"description\":\"Carel CY0S1B0000 Buhar Silindiri, end\u00fcstriyel buhar \u00fcretiminde g\u00fcvenilir ve y\u00fcksek performans sunar. Enerji tasarrufu sa\u011flar.\",\"breadcrumb\":{\"@id\":\"https:\/\/barrsell.com\/urun\/carel-cy0s1b0000-buhar-silindiri\/#breadcrumb\"},\"inLanguage\":\"en-US\",\"potentialAction\":[{\"@type\":\"ReadAction\",\"target\":[\"https:\/\/barrsell.com\/urun\/carel-cy0s1b0000-buhar-silindiri\/\"]}]},{\"@type\":\"ImageObject\",\"inLanguage\":\"en-US\",\"@id\":\"https:\/\/barrsell.com\/urun\/carel-cy0s1b0000-buhar-silindiri\/#primaryimage\",\"url\":\"https:\/\/barrsell.com\/wp-content\/uploads\/2024\/11\/Carel-CY0S1B0000-Buhar-Silindiri.png\",\"contentUrl\":\"https:\/\/barrsell.com\/wp-content\/uploads\/2024\/11\/Carel-CY0S1B0000-Buhar-Silindiri.png\",\"width\":1200,\"height\":1200,\"caption\":\"Carel CY0S1B0000 Buhar Silindiri\"},{\"@type\":\"BreadcrumbList\",\"@id\":\"https:\/\/barrsell.com\/urun\/carel-cy0s1b0000-buhar-silindiri\/#breadcrumb\",\"itemListElement\":[{\"@type\":\"ListItem\",\"position\":1,\"name\":\"Home\",\"item\":\"https:\/\/barrsell.com\/\"},{\"@type\":\"ListItem\",\"position\":2,\"name\":\"\u00dcr\u00fcnler\",\"item\":\"https:\/\/barrsell.com\/en\/products\/\"},{\"@type\":\"ListItem\",\"position\":3,\"name\":\"Carel CY0S1B0000 Buhar Silindiri\"}]},{\"@type\":\"WebSite\",\"@id\":\"https:\/\/barrsell.com\/#website\",\"url\":\"https:\/\/barrsell.com\/\",\"name\":\"Barrsell End\u00fcstri Makine\",\"description\":\"Teknolojiyle G\u00fc\u00e7lenen End\u00fcstriyel \u00c7\u00f6z\u00fcmler!\",\"potentialAction\":[{\"@type\":\"SearchAction\",\"target\":{\"@type\":\"EntryPoint\",\"urlTemplate\":\"https:\/\/barrsell.com\/?s={search_term_string}\"},\"query-input\":\"required name=search_term_string\"}],\"inLanguage\":\"en-US\"}]}<\/script>\n<!-- \/ Yoast SEO Premium plugin. -->","yoast_head_json":{"title":"Carel CY0S1B0000 Buhar Silindiri | Barrsell End\u00fcstri","description":"Carel CY0S1B0000 Buhar Silindiri, end\u00fcstriyel buhar \u00fcretiminde g\u00fcvenilir ve y\u00fcksek performans sunar. Enerji tasarrufu sa\u011flar.","robots":{"index":"index","follow":"follow","max-snippet":"max-snippet:-1","max-image-preview":"max-image-preview:large","max-video-preview":"max-video-preview:-1"},"canonical":"https:\/\/barrsell.com\/en\/product\/carel-cy0s1b0000-steam-roller\/","og_locale":"en_US","og_type":"article","og_title":"Carel CY0S1B0000 Buhar Silindiri","og_description":"Carel CY0S1B0000 Buhar Silindiri, end\u00fcstriyel buhar \u00fcretiminde g\u00fcvenilir ve y\u00fcksek performans sunar. Enerji tasarrufu sa\u011flar.","og_url":"https:\/\/barrsell.com\/en\/product\/carel-cy0s1b0000-steam-roller\/","og_site_name":"Barrsell","article_modified_time":"2024-11-25T09:03:20+00:00","og_image":[{"width":1200,"height":1200,"url":"https:\/\/barrsell.com\/wp-content\/uploads\/2024\/11\/Carel-CY0S1B0000-Buhar-Silindiri.png","type":"image\/png"}],"twitter_card":"summary_large_image","twitter_misc":{"Est. reading time":"2 minutes"},"schema":{"@context":"https:\/\/schema.org","@graph":[{"@type":"WebPage","@id":"https:\/\/barrsell.com\/urun\/carel-cy0s1b0000-buhar-silindiri\/","url":"https:\/\/barrsell.com\/urun\/carel-cy0s1b0000-buhar-silindiri\/","name":"Carel CY0S1B0000 Buhar Silindiri | Barrsell End\u00fcstri","isPartOf":{"@id":"https:\/\/barrsell.com\/#website"},"primaryImageOfPage":{"@id":"https:\/\/barrsell.com\/urun\/carel-cy0s1b0000-buhar-silindiri\/#primaryimage"},"image":{"@id":"https:\/\/barrsell.com\/urun\/carel-cy0s1b0000-buhar-silindiri\/#primaryimage"},"thumbnailUrl":"https:\/\/barrsell.com\/wp-content\/uploads\/2024\/11\/Carel-CY0S1B0000-Buhar-Silindiri.png","datePublished":"2024-11-01T13:28:15+00:00","dateModified":"2024-11-25T09:03:20+00:00","description":"Carel CY0S1B0000 Buhar Silindiri, end\u00fcstriyel buhar \u00fcretiminde g\u00fcvenilir ve y\u00fcksek performans sunar. Enerji tasarrufu sa\u011flar.","breadcrumb":{"@id":"https:\/\/barrsell.com\/urun\/carel-cy0s1b0000-buhar-silindiri\/#breadcrumb"},"inLanguage":"en-US","potentialAction":[{"@type":"ReadAction","target":["https:\/\/barrsell.com\/urun\/carel-cy0s1b0000-buhar-silindiri\/"]}]},{"@type":"ImageObject","inLanguage":"en-US","@id":"https:\/\/barrsell.com\/urun\/carel-cy0s1b0000-buhar-silindiri\/#primaryimage","url":"https:\/\/barrsell.com\/wp-content\/uploads\/2024\/11\/Carel-CY0S1B0000-Buhar-Silindiri.png","contentUrl":"https:\/\/barrsell.com\/wp-content\/uploads\/2024\/11\/Carel-CY0S1B0000-Buhar-Silindiri.png","width":1200,"height":1200,"caption":"Carel CY0S1B0000 Buhar Silindiri"},{"@type":"BreadcrumbList","@id":"https:\/\/barrsell.com\/urun\/carel-cy0s1b0000-buhar-silindiri\/#breadcrumb","itemListElement":[{"@type":"ListItem","position":1,"name":"Home","item":"https:\/\/barrsell.com\/"},{"@type":"ListItem","position":2,"name":"\u00dcr\u00fcnler","item":"https:\/\/barrsell.com\/en\/products\/"},{"@type":"ListItem","position":3,"name":"Carel CY0S1B0000 Buhar Silindiri"}]},{"@type":"WebSite","@id":"https:\/\/barrsell.com\/#website","url":"https:\/\/barrsell.com\/","name":"Barrsell End\u00fcstri Makine","description":"Teknolojiyle G\u00fc\u00e7lenen End\u00fcstriyel \u00c7\u00f6z\u00fcmler!","potentialAction":[{"@type":"SearchAction","target":{"@type":"EntryPoint","urlTemplate":"https:\/\/barrsell.com\/?s={search_term_string}"},"query-input":"required name=search_term_string"}],"inLanguage":"en-US"}]}},"_links":{"self":[{"href":"https:\/\/barrsell.com\/en\/wp-json\/wp\/v2\/product\/17897","targetHints":{"allow":["GET"]}}],"collection":[{"href":"https:\/\/barrsell.com\/en\/wp-json\/wp\/v2\/product"}],"about":[{"href":"https:\/\/barrsell.com\/en\/wp-json\/wp\/v2\/types\/product"}],"version-history":[{"count":7,"href":"https:\/\/barrsell.com\/en\/wp-json\/wp\/v2\/product\/17897\/revisions"}],"predecessor-version":[{"id":18558,"href":"https:\/\/barrsell.com\/en\/wp-json\/wp\/v2\/product\/17897\/revisions\/18558"}],"wp:featuredmedia":[{"embeddable":true,"href":"https:\/\/barrsell.com\/en\/wp-json\/wp\/v2\/media\/17898"}],"wp:attachment":[{"href":"https:\/\/barrsell.com\/en\/wp-json\/wp\/v2\/media?parent=17897"}],"wp:term":[{"taxonomy":"product_cat","embeddable":true,"href":"https:\/\/barrsell.com\/en\/wp-json\/wp\/v2\/product_cat?post=17897"},{"taxonomy":"product_tag","embeddable":true,"href":"https:\/\/barrsell.com\/en\/wp-json\/wp\/v2\/product_tag?post=17897"}],"curies":[{"name":"wp","href":"https:\/\/api.w.org\/{rel}","templated":true}]}}