{"id":17894,"date":"2024-11-01T13:18:12","date_gmt":"2024-11-01T13:18:12","guid":{"rendered":"https:\/\/barrsell.com\/?post_type=product&#038;p=17894"},"modified":"2024-11-25T09:08:18","modified_gmt":"2024-11-25T09:08:18","slug":"carel-l200ma0000-buhar-silindiri","status":"publish","type":"product","link":"https:\/\/barrsell.com\/en\/product\/carel-l200ma0000-steam-roller\/","title":{"rendered":"Carel L200MA0000 Steam Cylinder"},"content":{"rendered":"<h2><strong>Carel L200MA0000 Steam Cylinder<\/strong><\/h2>\n<p>Carel L200MA0000 Steam Cylinder is a steam component specially designed to provide high reliability and efficiency in industrial steam production. This cylinder, which is also used to increase energy efficiency in HVAC (Heating, Ventilation and Air Conditioning) systems and various industrial processes, stands out with its high performance and durability. This product offers an ideal solution to meet industrial steam needs, contributing to the optimization of energy costs of businesses.<\/p>\n<h4>Features<\/h4>\n<table width=\"0\">\n<tbody>\n<tr>\n<td colspan=\"2\">Learn More<\/td>\n<\/tr>\n<tr>\n<td>Manufacturer<\/td>\n<td data-th=\"Manufacturer\">Carel<\/td>\n<\/tr>\n<tr>\n<td>Product Type<\/td>\n<td data-th=\"Product Type\">Humidification<\/td>\n<\/tr>\n<tr>\n<td>Service Range<\/td>\n<td data-th=\"Service Interval\">3 to 12 Month<\/td>\n<\/tr>\n<\/tbody>\n<\/table>\n<h4><strong>Carel L200MA0000 Steam Roller Technical Specifications<\/strong><\/h4>\n<ul>\n<li><strong>Model:<\/strong> Carel L200MA0000<\/li>\n<li><strong>Technology:<\/strong> Electrode type steam generation<\/li>\n<li><strong>Measurements:<\/strong>\n<ul>\n<li><strong>Diameter:<\/strong> 140 mm<\/li>\n<li><strong>Length<\/strong> 400 mm<\/li>\n<li><strong>Weight:<\/strong> 4 kg<\/li>\n<\/ul>\n<\/li>\n<\/ul>\n<p class=\" translation-block\"><strong>Material Construction:<\/strong> The steam cylinder is made of high strength and corrosion resistant alloy. This ensures a long service life and performance under harsh operating conditions.<br>\n<strong>Compatibility:<\/strong> Works with <em>HumiSteam X-plus and HumiSteam Basic<\/em> series. Especially suitable for systems with medium capacity steam requirements.\n<strong>Use Life: <\/strong>Depends on water quality and intensity of use;<br>\n<strong>Assembly and Replacement: The humidifier cylinder stands out with its <\/strong>easy assembly feature. In addition, the electrode rods inside the cylinder are optimized for long-term use.<\/p>\n<h4><strong>Advantages<\/strong><\/h4>\n<ul>\n<li class=\" translation-block\"><strong>High Efficiency:<\/strong> Fast and efficient steam production with Carel L200MA0000 Steam Cylinder electrode technology.<\/li>\n<li class=\" translation-block\"><strong>Durability:<\/strong> Made with long-lasting materials.<\/li>\n<li class=\" translation-block\"><strong>Easy Maintenance:<\/strong> Easy to use and low maintenance.<\/li>\n<li class=\" translation-block\"><strong>Environmentally Friendly:<\/strong> A highly energy efficient, environmentally friendly design.<\/li>\n<\/ul>\n<p class=\" translation-block\">With these compact dimensions, the <em>backup steam cylinder for HumiSteam X-plus humidifiers<\/em> ensures efficient steam production and at the same time offers the possibility to easily integrate the system into various industrial equipment.<\/p>\n<ul>\n<li class=\" translation-block\"><strong>Operating Temperature Range:<\/strong> It operates over a wide temperature range from 0 \u00b0C to 180 \u00b0C, making it particularly versatile in HVAC systems and different industrial applications.<\/li>\n<li class=\" translation-block\"><strong>Pressure Resistance:<\/strong> Withstands up to a maximum pressure of 9 bar. This feature provides a safe solution for systems operating under high pressure.<\/li>\n<li class=\" translation-block\"><strong>Easy Maintenance:<\/strong> The humidifier cylinder can be cleaned, making it easy to maintain and also reducing operating costs.<\/li>\n<\/ul>","protected":false},"excerpt":{"rendered":"<h4><strong>Compatible Humidifier Models<\/strong><\/h4>\n<ul>\n<li>MS103CL Series<\/li>\n<li>MS105CL Series<\/li>\n<li>SC103CL Series<\/li>\n<li>SC105CL Series<\/li>\n<\/ul>","protected":false},"featured_media":17895,"template":"","meta":[],"product_cat":[136],"product_tag":[],"class_list":{"0":"post-17894","1":"product","2":"type-product","3":"status-publish","4":"has-post-thumbnail","6":"product_cat-carel-yedek-parcalari","8":"first","9":"instock","10":"shipping-taxable","11":"product-type-external"},"yoast_head":"<!-- This site is optimized with the Yoast SEO Premium plugin v23.2 (Yoast SEO v23.2) - https:\/\/yoast.com\/wordpress\/plugins\/seo\/ -->\n<title>Carel L200MA0000 Buhar Silindiri | Barrsell End\u00fcstri<\/title>\n<meta name=\"description\" content=\"Carel L200MA0000 Buhar Silindiri, end\u00fcstriyel buhar \u00fcretiminde y\u00fcksek g\u00fcvenilirlik ve verimlilik sa\u011flamak i\u00e7in \u00f6zel olarak tasarland\u0131.\" \/>\n<meta name=\"robots\" content=\"index, follow, max-snippet:-1, max-image-preview:large, max-video-preview:-1\" \/>\n<link rel=\"canonical\" href=\"https:\/\/barrsell.com\/en\/product\/carel-l200ma0000-steam-roller\/\" \/>\n<meta property=\"og:locale\" content=\"en_US\" \/>\n<meta property=\"og:type\" content=\"article\" \/>\n<meta property=\"og:title\" content=\"Carel L200MA0000 Buhar Silindiri\" \/>\n<meta property=\"og:description\" content=\"Carel L200MA0000 Buhar Silindiri, end\u00fcstriyel buhar \u00fcretiminde y\u00fcksek g\u00fcvenilirlik ve verimlilik sa\u011flamak i\u00e7in \u00f6zel olarak tasarland\u0131.\" \/>\n<meta property=\"og:url\" content=\"https:\/\/barrsell.com\/en\/product\/carel-l200ma0000-steam-roller\/\" \/>\n<meta property=\"og:site_name\" content=\"Barrsell\" \/>\n<meta property=\"article:modified_time\" content=\"2024-11-25T09:08:18+00:00\" \/>\n<meta property=\"og:image\" content=\"https:\/\/barrsell.com\/wp-content\/uploads\/2024\/11\/Carel-L200MA0000-Buhar-Silindiri.png\" \/>\n\t<meta property=\"og:image:width\" content=\"1200\" \/>\n\t<meta property=\"og:image:height\" content=\"1200\" \/>\n\t<meta property=\"og:image:type\" content=\"image\/png\" \/>\n<meta name=\"twitter:card\" content=\"summary_large_image\" \/>\n<meta name=\"twitter:label1\" content=\"Est. reading time\" \/>\n\t<meta name=\"twitter:data1\" content=\"3 minutes\" \/>\n<script type=\"application\/ld+json\" class=\"yoast-schema-graph\">{\"@context\":\"https:\/\/schema.org\",\"@graph\":[{\"@type\":\"WebPage\",\"@id\":\"https:\/\/barrsell.com\/urun\/carel-l200ma0000-buhar-silindiri\/\",\"url\":\"https:\/\/barrsell.com\/urun\/carel-l200ma0000-buhar-silindiri\/\",\"name\":\"Carel L200MA0000 Buhar Silindiri | Barrsell End\u00fcstri\",\"isPartOf\":{\"@id\":\"https:\/\/barrsell.com\/#website\"},\"primaryImageOfPage\":{\"@id\":\"https:\/\/barrsell.com\/urun\/carel-l200ma0000-buhar-silindiri\/#primaryimage\"},\"image\":{\"@id\":\"https:\/\/barrsell.com\/urun\/carel-l200ma0000-buhar-silindiri\/#primaryimage\"},\"thumbnailUrl\":\"https:\/\/barrsell.com\/wp-content\/uploads\/2024\/11\/Carel-L200MA0000-Buhar-Silindiri.png\",\"datePublished\":\"2024-11-01T13:18:12+00:00\",\"dateModified\":\"2024-11-25T09:08:18+00:00\",\"description\":\"Carel L200MA0000 Buhar Silindiri, end\u00fcstriyel buhar \u00fcretiminde y\u00fcksek g\u00fcvenilirlik ve verimlilik sa\u011flamak i\u00e7in \u00f6zel olarak tasarland\u0131.\",\"breadcrumb\":{\"@id\":\"https:\/\/barrsell.com\/urun\/carel-l200ma0000-buhar-silindiri\/#breadcrumb\"},\"inLanguage\":\"en-US\",\"potentialAction\":[{\"@type\":\"ReadAction\",\"target\":[\"https:\/\/barrsell.com\/urun\/carel-l200ma0000-buhar-silindiri\/\"]}]},{\"@type\":\"ImageObject\",\"inLanguage\":\"en-US\",\"@id\":\"https:\/\/barrsell.com\/urun\/carel-l200ma0000-buhar-silindiri\/#primaryimage\",\"url\":\"https:\/\/barrsell.com\/wp-content\/uploads\/2024\/11\/Carel-L200MA0000-Buhar-Silindiri.png\",\"contentUrl\":\"https:\/\/barrsell.com\/wp-content\/uploads\/2024\/11\/Carel-L200MA0000-Buhar-Silindiri.png\",\"width\":1200,\"height\":1200,\"caption\":\"Carel L200MA0000 Buhar Silindiri\"},{\"@type\":\"BreadcrumbList\",\"@id\":\"https:\/\/barrsell.com\/urun\/carel-l200ma0000-buhar-silindiri\/#breadcrumb\",\"itemListElement\":[{\"@type\":\"ListItem\",\"position\":1,\"name\":\"Home\",\"item\":\"https:\/\/barrsell.com\/\"},{\"@type\":\"ListItem\",\"position\":2,\"name\":\"\u00dcr\u00fcnler\",\"item\":\"https:\/\/barrsell.com\/en\/products\/\"},{\"@type\":\"ListItem\",\"position\":3,\"name\":\"Carel L200MA0000 Buhar Silindiri\"}]},{\"@type\":\"WebSite\",\"@id\":\"https:\/\/barrsell.com\/#website\",\"url\":\"https:\/\/barrsell.com\/\",\"name\":\"Barrsell End\u00fcstri Makine\",\"description\":\"Teknolojiyle G\u00fc\u00e7lenen End\u00fcstriyel \u00c7\u00f6z\u00fcmler!\",\"potentialAction\":[{\"@type\":\"SearchAction\",\"target\":{\"@type\":\"EntryPoint\",\"urlTemplate\":\"https:\/\/barrsell.com\/?s={search_term_string}\"},\"query-input\":\"required name=search_term_string\"}],\"inLanguage\":\"en-US\"}]}<\/script>\n<!-- \/ Yoast SEO Premium plugin. -->","yoast_head_json":{"title":"Carel L200MA0000 Buhar Silindiri | Barrsell End\u00fcstri","description":"Carel L200MA0000 Buhar Silindiri, end\u00fcstriyel buhar \u00fcretiminde y\u00fcksek g\u00fcvenilirlik ve verimlilik sa\u011flamak i\u00e7in \u00f6zel olarak tasarland\u0131.","robots":{"index":"index","follow":"follow","max-snippet":"max-snippet:-1","max-image-preview":"max-image-preview:large","max-video-preview":"max-video-preview:-1"},"canonical":"https:\/\/barrsell.com\/en\/product\/carel-l200ma0000-steam-roller\/","og_locale":"en_US","og_type":"article","og_title":"Carel L200MA0000 Buhar Silindiri","og_description":"Carel L200MA0000 Buhar Silindiri, end\u00fcstriyel buhar \u00fcretiminde y\u00fcksek g\u00fcvenilirlik ve verimlilik sa\u011flamak i\u00e7in \u00f6zel olarak tasarland\u0131.","og_url":"https:\/\/barrsell.com\/en\/product\/carel-l200ma0000-steam-roller\/","og_site_name":"Barrsell","article_modified_time":"2024-11-25T09:08:18+00:00","og_image":[{"width":1200,"height":1200,"url":"https:\/\/barrsell.com\/wp-content\/uploads\/2024\/11\/Carel-L200MA0000-Buhar-Silindiri.png","type":"image\/png"}],"twitter_card":"summary_large_image","twitter_misc":{"Est. reading time":"3 minutes"},"schema":{"@context":"https:\/\/schema.org","@graph":[{"@type":"WebPage","@id":"https:\/\/barrsell.com\/urun\/carel-l200ma0000-buhar-silindiri\/","url":"https:\/\/barrsell.com\/urun\/carel-l200ma0000-buhar-silindiri\/","name":"Carel L200MA0000 Buhar Silindiri | Barrsell End\u00fcstri","isPartOf":{"@id":"https:\/\/barrsell.com\/#website"},"primaryImageOfPage":{"@id":"https:\/\/barrsell.com\/urun\/carel-l200ma0000-buhar-silindiri\/#primaryimage"},"image":{"@id":"https:\/\/barrsell.com\/urun\/carel-l200ma0000-buhar-silindiri\/#primaryimage"},"thumbnailUrl":"https:\/\/barrsell.com\/wp-content\/uploads\/2024\/11\/Carel-L200MA0000-Buhar-Silindiri.png","datePublished":"2024-11-01T13:18:12+00:00","dateModified":"2024-11-25T09:08:18+00:00","description":"Carel L200MA0000 Buhar Silindiri, end\u00fcstriyel buhar \u00fcretiminde y\u00fcksek g\u00fcvenilirlik ve verimlilik sa\u011flamak i\u00e7in \u00f6zel olarak tasarland\u0131.","breadcrumb":{"@id":"https:\/\/barrsell.com\/urun\/carel-l200ma0000-buhar-silindiri\/#breadcrumb"},"inLanguage":"en-US","potentialAction":[{"@type":"ReadAction","target":["https:\/\/barrsell.com\/urun\/carel-l200ma0000-buhar-silindiri\/"]}]},{"@type":"ImageObject","inLanguage":"en-US","@id":"https:\/\/barrsell.com\/urun\/carel-l200ma0000-buhar-silindiri\/#primaryimage","url":"https:\/\/barrsell.com\/wp-content\/uploads\/2024\/11\/Carel-L200MA0000-Buhar-Silindiri.png","contentUrl":"https:\/\/barrsell.com\/wp-content\/uploads\/2024\/11\/Carel-L200MA0000-Buhar-Silindiri.png","width":1200,"height":1200,"caption":"Carel L200MA0000 Buhar Silindiri"},{"@type":"BreadcrumbList","@id":"https:\/\/barrsell.com\/urun\/carel-l200ma0000-buhar-silindiri\/#breadcrumb","itemListElement":[{"@type":"ListItem","position":1,"name":"Home","item":"https:\/\/barrsell.com\/"},{"@type":"ListItem","position":2,"name":"\u00dcr\u00fcnler","item":"https:\/\/barrsell.com\/en\/products\/"},{"@type":"ListItem","position":3,"name":"Carel L200MA0000 Buhar Silindiri"}]},{"@type":"WebSite","@id":"https:\/\/barrsell.com\/#website","url":"https:\/\/barrsell.com\/","name":"Barrsell End\u00fcstri Makine","description":"Teknolojiyle G\u00fc\u00e7lenen End\u00fcstriyel \u00c7\u00f6z\u00fcmler!","potentialAction":[{"@type":"SearchAction","target":{"@type":"EntryPoint","urlTemplate":"https:\/\/barrsell.com\/?s={search_term_string}"},"query-input":"required name=search_term_string"}],"inLanguage":"en-US"}]}},"_links":{"self":[{"href":"https:\/\/barrsell.com\/en\/wp-json\/wp\/v2\/product\/17894","targetHints":{"allow":["GET"]}}],"collection":[{"href":"https:\/\/barrsell.com\/en\/wp-json\/wp\/v2\/product"}],"about":[{"href":"https:\/\/barrsell.com\/en\/wp-json\/wp\/v2\/types\/product"}],"version-history":[{"count":7,"href":"https:\/\/barrsell.com\/en\/wp-json\/wp\/v2\/product\/17894\/revisions"}],"predecessor-version":[{"id":18560,"href":"https:\/\/barrsell.com\/en\/wp-json\/wp\/v2\/product\/17894\/revisions\/18560"}],"wp:featuredmedia":[{"embeddable":true,"href":"https:\/\/barrsell.com\/en\/wp-json\/wp\/v2\/media\/17895"}],"wp:attachment":[{"href":"https:\/\/barrsell.com\/en\/wp-json\/wp\/v2\/media?parent=17894"}],"wp:term":[{"taxonomy":"product_cat","embeddable":true,"href":"https:\/\/barrsell.com\/en\/wp-json\/wp\/v2\/product_cat?post=17894"},{"taxonomy":"product_tag","embeddable":true,"href":"https:\/\/barrsell.com\/en\/wp-json\/wp\/v2\/product_tag?post=17894"}],"curies":[{"name":"wp","href":"https:\/\/api.w.org\/{rel}","templated":true}]}}