{"id":17887,"date":"2024-11-01T13:07:29","date_gmt":"2024-11-01T13:07:29","guid":{"rendered":"https:\/\/barrsell.com\/?post_type=product&#038;p=17887"},"modified":"2024-11-25T09:17:32","modified_gmt":"2024-11-25T09:17:32","slug":"carel-k400ta0000-buhar-silindiri","status":"publish","type":"product","link":"https:\/\/barrsell.com\/en\/product\/carel-k400ta0000-steam-cylinder\/","title":{"rendered":"Carel K400TA0000 Steam Cylinder"},"content":{"rendered":"<h2><strong>Carel K400TA0000 Steam Cylinder<\/strong><\/h2>\n<p class=\" translation-block\">Carel K400TA0000 Steam Cylinder provides high performance and reliability in industrial steam production. It is also a durable steam component. It increases energy efficiency especially in HVAC (Heating, Ventilation and Air Conditioning) systems and various industrial applications. In addition, top performance and long life <em>K400TA0000<\/em> is an ideal steam solution for businesses with its wide usage area and easy maintenance.<\/p>\n<h4><strong>Technical Specifications<\/strong><\/h4>\n<ul>\n<li class=\" translation-block\"><strong>Material Structure:<\/strong> Made of durable alloys that can operate under high temperature and pressure without loss of performance. Electrode steam cylinder provides long-term use thanks to its high wear and corrosion resistance.<\/li>\n<li><strong>Measurements:<\/strong>\n<ul>\n<li><strong>Diameter:<\/strong> 160 mm<\/li>\n<li><strong>Length<\/strong> 420 mm<\/li>\n<li><strong>Weight:<\/strong> 5 kg<\/li>\n<\/ul>\n<\/li>\n<\/ul>\n<div id=\"product.attributes\" class=\"data item content\" role=\"tabpanel\" data-role=\"content\" aria-labelledby=\"tab-label-product.attributes\" aria-hidden=\"false\">\n<div class=\"additional-attributes-wrapper table-wrapper\">\n<h4>Features<\/h4>\n<table width=\"0\">\n<tbody>\n<tr>\n<td colspan=\"2\">Learn More<\/td>\n<\/tr>\n<tr>\n<td>Manufacturer<\/td>\n<td data-th=\"Manufacturer\">Carel<\/td>\n<\/tr>\n<tr>\n<td>Product Type<\/td>\n<td data-th=\"Product Type\"><a href=\"https:\/\/barrsell.com\/en\/kategoriler\/buhar-jeneratorleri-nemlendiriciler\/carel-buharli-nemlendirici\/\">Humidification<\/a><\/td>\n<\/tr>\n<tr>\n<td>Service Range<\/td>\n<td data-th=\"Service Interval\">3 to 12 Month<\/td>\n<\/tr>\n<tr>\n<td>Product Length<\/td>\n<td data-th=\"Product Length\">21 in\u00e7 (53,340 cm)<\/td>\n<\/tr>\n<tr>\n<td>Product Width<\/td>\n<td data-th=\"Product Width\">12 in\u00e7 (30,480 cm)<\/td>\n<\/tr>\n<tr>\n<td>Product Height<\/td>\n<td data-th=\"Product Height\">12 in\u00e7 (30,480 cm)<\/td>\n<\/tr>\n<tr>\n<td>Product Weight<\/td>\n<td data-th=\"Product Weight\">15 lbs (6,804 kg)<\/td>\n<\/tr>\n<tr>\n<td>Shipping Length<\/td>\n<td data-th=\"Shipping Length\">23 in\u00e7 (58,420 cm)<\/td>\n<\/tr>\n<tr>\n<td>Transmission Width<\/td>\n<td data-th=\"Shipping Width\">14 in\u00e7 (35,560 cm)<\/td>\n<\/tr>\n<tr>\n<td>Transportation Height<\/td>\n<td data-th=\"Shipping Height\">14 in\u00e7 (35,560 cm)<\/td>\n<\/tr>\n<\/tbody>\n<\/table>\n<p>This compact structure of the cylinder, combined with the large steam production capacity, makes system integration particularly easy.<\/p>\n<\/div>\n<\/div>\n<ul>\n<li class=\" translation-block\"><strong>Operating Temperature Range:<\/strong> <em>Carel K400TA0000 Steam Cylinder<\/em> is regulated over a wide temperature range from 0 \u00b0C to 200 \u00b0C. This wide operating range therefore makes the K400TA0000 useful in various industrial applications.<\/li>\n<li class=\" translation-block\"><strong>Pressure Resistance:<\/strong> With a maximum pressure resistance of 10 bar, you can safely use it even in applications requiring high pressure.<\/li>\n<li class=\" translation-block\"><strong>Easy Maintenance and Long Life:<\/strong> Thanks to its special design, it offers low maintenance requirements. At the same time, this reduces maintenance costs and increases operational efficiency.<\/li>\n<\/ul>\n<p>&nbsp;<\/p>","protected":false},"excerpt":{"rendered":"<h4><strong>Compatible Humidifier Models<br \/>\n<\/strong><\/h4>\n<ul>\n<li>SD323 Series<\/li>\n<li>SD333 Series<\/li>\n<li>SD342 Series<\/li>\n<li>SD360 Series<\/li>\n<li>SD384 Series<\/li>\n<li>SD3B3 Series<\/li>\n<\/ul>","protected":false},"featured_media":17893,"template":"","meta":[],"product_cat":[136],"product_tag":[],"class_list":{"0":"post-17887","1":"product","2":"type-product","3":"status-publish","4":"has-post-thumbnail","6":"product_cat-carel-yedek-parcalari","8":"first","9":"instock","10":"shipping-taxable","11":"product-type-external"},"yoast_head":"<!-- This site is optimized with the Yoast SEO Premium plugin v23.2 (Yoast SEO v23.2) - https:\/\/yoast.com\/wordpress\/plugins\/seo\/ -->\n<title>Carel K400TA0000 Buhar Silindiri | Barrsell End\u00fcstri<\/title>\n<meta name=\"description\" content=\"Carel K400TA0000 Buhar Silindiri, end\u00fcstriyel buhar \u00fcretiminde y\u00fcksek performans ve g\u00fcvenilirlik sa\u011flamak i\u00e7in tasarlanm\u0131\u015f dayan\u0131kl\u0131 bir buhar bile\u015fenidir.\" \/>\n<meta name=\"robots\" content=\"index, follow, max-snippet:-1, max-image-preview:large, max-video-preview:-1\" \/>\n<link rel=\"canonical\" href=\"https:\/\/barrsell.com\/en\/product\/carel-k400ta0000-steam-cylinder\/\" \/>\n<meta property=\"og:locale\" content=\"en_US\" \/>\n<meta property=\"og:type\" content=\"article\" \/>\n<meta property=\"og:title\" content=\"Carel K400TA0000 Buhar Silindiri\" \/>\n<meta property=\"og:description\" content=\"Carel K400TA0000 Buhar Silindiri, end\u00fcstriyel buhar \u00fcretiminde y\u00fcksek performans ve g\u00fcvenilirlik sa\u011flamak i\u00e7in tasarlanm\u0131\u015f dayan\u0131kl\u0131 bir buhar bile\u015fenidir.\" \/>\n<meta property=\"og:url\" content=\"https:\/\/barrsell.com\/en\/product\/carel-k400ta0000-steam-cylinder\/\" \/>\n<meta property=\"og:site_name\" content=\"Barrsell\" \/>\n<meta property=\"article:modified_time\" content=\"2024-11-25T09:17:32+00:00\" \/>\n<meta property=\"og:image\" content=\"https:\/\/barrsell.com\/wp-content\/uploads\/2024\/11\/Carel-K400TA0000-Buhar-Silindiri-1.png\" \/>\n\t<meta property=\"og:image:width\" content=\"1200\" \/>\n\t<meta property=\"og:image:height\" content=\"1200\" \/>\n\t<meta property=\"og:image:type\" content=\"image\/png\" \/>\n<meta name=\"twitter:card\" content=\"summary_large_image\" \/>\n<meta name=\"twitter:label1\" content=\"Est. reading time\" \/>\n\t<meta name=\"twitter:data1\" content=\"2 minutes\" \/>\n<script type=\"application\/ld+json\" class=\"yoast-schema-graph\">{\"@context\":\"https:\/\/schema.org\",\"@graph\":[{\"@type\":\"WebPage\",\"@id\":\"https:\/\/barrsell.com\/urun\/carel-k400ta0000-buhar-silindiri\/\",\"url\":\"https:\/\/barrsell.com\/urun\/carel-k400ta0000-buhar-silindiri\/\",\"name\":\"Carel K400TA0000 Buhar Silindiri | Barrsell End\u00fcstri\",\"isPartOf\":{\"@id\":\"https:\/\/barrsell.com\/#website\"},\"primaryImageOfPage\":{\"@id\":\"https:\/\/barrsell.com\/urun\/carel-k400ta0000-buhar-silindiri\/#primaryimage\"},\"image\":{\"@id\":\"https:\/\/barrsell.com\/urun\/carel-k400ta0000-buhar-silindiri\/#primaryimage\"},\"thumbnailUrl\":\"https:\/\/barrsell.com\/wp-content\/uploads\/2024\/11\/Carel-K400TA0000-Buhar-Silindiri-1.png\",\"datePublished\":\"2024-11-01T13:07:29+00:00\",\"dateModified\":\"2024-11-25T09:17:32+00:00\",\"description\":\"Carel K400TA0000 Buhar Silindiri, end\u00fcstriyel buhar \u00fcretiminde y\u00fcksek performans ve g\u00fcvenilirlik sa\u011flamak i\u00e7in tasarlanm\u0131\u015f dayan\u0131kl\u0131 bir buhar bile\u015fenidir.\",\"breadcrumb\":{\"@id\":\"https:\/\/barrsell.com\/urun\/carel-k400ta0000-buhar-silindiri\/#breadcrumb\"},\"inLanguage\":\"en-US\",\"potentialAction\":[{\"@type\":\"ReadAction\",\"target\":[\"https:\/\/barrsell.com\/urun\/carel-k400ta0000-buhar-silindiri\/\"]}]},{\"@type\":\"ImageObject\",\"inLanguage\":\"en-US\",\"@id\":\"https:\/\/barrsell.com\/urun\/carel-k400ta0000-buhar-silindiri\/#primaryimage\",\"url\":\"https:\/\/barrsell.com\/wp-content\/uploads\/2024\/11\/Carel-K400TA0000-Buhar-Silindiri-1.png\",\"contentUrl\":\"https:\/\/barrsell.com\/wp-content\/uploads\/2024\/11\/Carel-K400TA0000-Buhar-Silindiri-1.png\",\"width\":1200,\"height\":1200,\"caption\":\"Carel K400TA0000 Buhar Silindiri-1\"},{\"@type\":\"BreadcrumbList\",\"@id\":\"https:\/\/barrsell.com\/urun\/carel-k400ta0000-buhar-silindiri\/#breadcrumb\",\"itemListElement\":[{\"@type\":\"ListItem\",\"position\":1,\"name\":\"Home\",\"item\":\"https:\/\/barrsell.com\/\"},{\"@type\":\"ListItem\",\"position\":2,\"name\":\"\u00dcr\u00fcnler\",\"item\":\"https:\/\/barrsell.com\/en\/products\/\"},{\"@type\":\"ListItem\",\"position\":3,\"name\":\"Carel K400TA0000 Buhar Silindiri\"}]},{\"@type\":\"WebSite\",\"@id\":\"https:\/\/barrsell.com\/#website\",\"url\":\"https:\/\/barrsell.com\/\",\"name\":\"Barrsell End\u00fcstri Makine\",\"description\":\"Teknolojiyle G\u00fc\u00e7lenen End\u00fcstriyel \u00c7\u00f6z\u00fcmler!\",\"potentialAction\":[{\"@type\":\"SearchAction\",\"target\":{\"@type\":\"EntryPoint\",\"urlTemplate\":\"https:\/\/barrsell.com\/?s={search_term_string}\"},\"query-input\":\"required name=search_term_string\"}],\"inLanguage\":\"en-US\"}]}<\/script>\n<!-- \/ Yoast SEO Premium plugin. -->","yoast_head_json":{"title":"Carel K400TA0000 Buhar Silindiri | Barrsell End\u00fcstri","description":"Carel K400TA0000 Buhar Silindiri, end\u00fcstriyel buhar \u00fcretiminde y\u00fcksek performans ve g\u00fcvenilirlik sa\u011flamak i\u00e7in tasarlanm\u0131\u015f dayan\u0131kl\u0131 bir buhar bile\u015fenidir.","robots":{"index":"index","follow":"follow","max-snippet":"max-snippet:-1","max-image-preview":"max-image-preview:large","max-video-preview":"max-video-preview:-1"},"canonical":"https:\/\/barrsell.com\/en\/product\/carel-k400ta0000-steam-cylinder\/","og_locale":"en_US","og_type":"article","og_title":"Carel K400TA0000 Buhar Silindiri","og_description":"Carel K400TA0000 Buhar Silindiri, end\u00fcstriyel buhar \u00fcretiminde y\u00fcksek performans ve g\u00fcvenilirlik sa\u011flamak i\u00e7in tasarlanm\u0131\u015f dayan\u0131kl\u0131 bir buhar bile\u015fenidir.","og_url":"https:\/\/barrsell.com\/en\/product\/carel-k400ta0000-steam-cylinder\/","og_site_name":"Barrsell","article_modified_time":"2024-11-25T09:17:32+00:00","og_image":[{"width":1200,"height":1200,"url":"https:\/\/barrsell.com\/wp-content\/uploads\/2024\/11\/Carel-K400TA0000-Buhar-Silindiri-1.png","type":"image\/png"}],"twitter_card":"summary_large_image","twitter_misc":{"Est. reading time":"2 minutes"},"schema":{"@context":"https:\/\/schema.org","@graph":[{"@type":"WebPage","@id":"https:\/\/barrsell.com\/urun\/carel-k400ta0000-buhar-silindiri\/","url":"https:\/\/barrsell.com\/urun\/carel-k400ta0000-buhar-silindiri\/","name":"Carel K400TA0000 Buhar Silindiri | Barrsell End\u00fcstri","isPartOf":{"@id":"https:\/\/barrsell.com\/#website"},"primaryImageOfPage":{"@id":"https:\/\/barrsell.com\/urun\/carel-k400ta0000-buhar-silindiri\/#primaryimage"},"image":{"@id":"https:\/\/barrsell.com\/urun\/carel-k400ta0000-buhar-silindiri\/#primaryimage"},"thumbnailUrl":"https:\/\/barrsell.com\/wp-content\/uploads\/2024\/11\/Carel-K400TA0000-Buhar-Silindiri-1.png","datePublished":"2024-11-01T13:07:29+00:00","dateModified":"2024-11-25T09:17:32+00:00","description":"Carel K400TA0000 Buhar Silindiri, end\u00fcstriyel buhar \u00fcretiminde y\u00fcksek performans ve g\u00fcvenilirlik sa\u011flamak i\u00e7in tasarlanm\u0131\u015f dayan\u0131kl\u0131 bir buhar bile\u015fenidir.","breadcrumb":{"@id":"https:\/\/barrsell.com\/urun\/carel-k400ta0000-buhar-silindiri\/#breadcrumb"},"inLanguage":"en-US","potentialAction":[{"@type":"ReadAction","target":["https:\/\/barrsell.com\/urun\/carel-k400ta0000-buhar-silindiri\/"]}]},{"@type":"ImageObject","inLanguage":"en-US","@id":"https:\/\/barrsell.com\/urun\/carel-k400ta0000-buhar-silindiri\/#primaryimage","url":"https:\/\/barrsell.com\/wp-content\/uploads\/2024\/11\/Carel-K400TA0000-Buhar-Silindiri-1.png","contentUrl":"https:\/\/barrsell.com\/wp-content\/uploads\/2024\/11\/Carel-K400TA0000-Buhar-Silindiri-1.png","width":1200,"height":1200,"caption":"Carel K400TA0000 Buhar Silindiri-1"},{"@type":"BreadcrumbList","@id":"https:\/\/barrsell.com\/urun\/carel-k400ta0000-buhar-silindiri\/#breadcrumb","itemListElement":[{"@type":"ListItem","position":1,"name":"Home","item":"https:\/\/barrsell.com\/"},{"@type":"ListItem","position":2,"name":"\u00dcr\u00fcnler","item":"https:\/\/barrsell.com\/en\/products\/"},{"@type":"ListItem","position":3,"name":"Carel K400TA0000 Buhar Silindiri"}]},{"@type":"WebSite","@id":"https:\/\/barrsell.com\/#website","url":"https:\/\/barrsell.com\/","name":"Barrsell End\u00fcstri Makine","description":"Teknolojiyle G\u00fc\u00e7lenen End\u00fcstriyel \u00c7\u00f6z\u00fcmler!","potentialAction":[{"@type":"SearchAction","target":{"@type":"EntryPoint","urlTemplate":"https:\/\/barrsell.com\/?s={search_term_string}"},"query-input":"required name=search_term_string"}],"inLanguage":"en-US"}]}},"_links":{"self":[{"href":"https:\/\/barrsell.com\/en\/wp-json\/wp\/v2\/product\/17887","targetHints":{"allow":["GET"]}}],"collection":[{"href":"https:\/\/barrsell.com\/en\/wp-json\/wp\/v2\/product"}],"about":[{"href":"https:\/\/barrsell.com\/en\/wp-json\/wp\/v2\/types\/product"}],"version-history":[{"count":11,"href":"https:\/\/barrsell.com\/en\/wp-json\/wp\/v2\/product\/17887\/revisions"}],"predecessor-version":[{"id":18563,"href":"https:\/\/barrsell.com\/en\/wp-json\/wp\/v2\/product\/17887\/revisions\/18563"}],"wp:featuredmedia":[{"embeddable":true,"href":"https:\/\/barrsell.com\/en\/wp-json\/wp\/v2\/media\/17893"}],"wp:attachment":[{"href":"https:\/\/barrsell.com\/en\/wp-json\/wp\/v2\/media?parent=17887"}],"wp:term":[{"taxonomy":"product_cat","embeddable":true,"href":"https:\/\/barrsell.com\/en\/wp-json\/wp\/v2\/product_cat?post=17887"},{"taxonomy":"product_tag","embeddable":true,"href":"https:\/\/barrsell.com\/en\/wp-json\/wp\/v2\/product_tag?post=17887"}],"curies":[{"name":"wp","href":"https:\/\/api.w.org\/{rel}","templated":true}]}}