{"id":17884,"date":"2024-11-01T12:59:56","date_gmt":"2024-11-01T12:59:56","guid":{"rendered":"https:\/\/barrsell.com\/?post_type=product&#038;p=17884"},"modified":"2024-11-25T09:39:33","modified_gmt":"2024-11-25T09:39:33","slug":"carel-blct3c00w2-temizlenebilir-buhar-silindiri","status":"publish","type":"product","link":"https:\/\/barrsell.com\/en\/product\/carel-blct3c00w2-cleanable-steam-cylinder\/","title":{"rendered":"Carel BLCT3C00W2 Cleanable Steam Cylinder"},"content":{"rendered":"<h2><strong>Carel BLCT3C00W2 Cleanable Steam Cylinder<\/strong><\/h2>\n<p>Carel BLCT3C00W2 Cleanable Steam Cylinder stands out with its high durability, efficiency and easy maintenance features. It provides reliable performance in many industrial applications, especially in HVAC (Heating, Ventilation and Air Conditioning) systems. At the same time, it offers high efficiency in long-term use by keeping lime and sediment formation to a minimum. You can safely use it especially in environments that require hygiene and sensitivity.<\/p>\n<h4>Features<\/h4>\n<table width=\"0\">\n<tbody>\n<tr>\n<td colspan=\"2\">Learn More<\/td>\n<\/tr>\n<tr>\n<td>Manufacturer<\/td>\n<td data-th=\"Manufacturer\">Carel<\/td>\n<\/tr>\n<tr>\n<td>Product Type<\/td>\n<td data-th=\"Product Type\"><a href=\"https:\/\/barrsell.com\/en\/kategoriler\/buhar-jeneratorleri-nemlendiriciler\/carel-buharli-nemlendirici\/\">Humidification<\/a><\/td>\n<\/tr>\n<tr>\n<td>Product Length<\/td>\n<td data-th=\"Product Length\">18 in\u00e7 (45,720 cm)<\/td>\n<\/tr>\n<tr>\n<td>Product Width<\/td>\n<td data-th=\"Product Width\">9 in\u00e7 (22,860 cm)<\/td>\n<\/tr>\n<tr>\n<td>Product Height<\/td>\n<td data-th=\"Product Height\">9 in\u00e7 (22,860 cm)<\/td>\n<\/tr>\n<tr>\n<td>Product Weight<\/td>\n<td data-th=\"Product Weight\">4,8 lbs (2,177 kg)<\/td>\n<\/tr>\n<tr>\n<td>Shipping Length<\/td>\n<td data-th=\"Shipping Length\">21,25 in\u00e7 (53,975 cm)<\/td>\n<\/tr>\n<tr>\n<td>Transmission Width<\/td>\n<td data-th=\"Shipping Width\">9,75 in\u00e7 (24,765 cm)<\/td>\n<\/tr>\n<tr>\n<td>Transportation Height<\/td>\n<td data-th=\"Shipping Height\">9,75 in\u00e7 (24,765 cm)<\/td>\n<\/tr>\n<\/tbody>\n<\/table>\n<h4><strong>Technical Specifications<\/strong><\/h4>\n<ul>\n<li class=\" translation-block\"><strong>Material Quality:<\/strong> <em>BLCT3C00W2 cylinder<\/em> is made of a special alloy that is resistant to high temperature and pressure and has high corrosion resistance. This structure also ensures a long service life against wear and corrosion.<\/li>\n<li><strong>Measurements:<\/strong>\n<ul>\n<li><strong>Diameter:<\/strong> 155 mm<\/li>\n<li><strong>Length<\/strong> 430 mm<\/li>\n<li><strong>Weight:<\/strong> 4.8 kg<\/li>\n<\/ul>\n<\/li>\n<\/ul>\n<p class=\" translation-block\">These compact dimensions ensure efficient steam production. The <em>Carel BLCT3C00W2 Replacement Cylinder<\/em> in particular allows for harmonious integration with different systems.<\/p>\n<ul>\n<li class=\" translation-block\"><strong>Operating Temperature Range:<\/strong> It offers effective performance over a temperature range of 0 \u00b0C to 190 \u00b0C. Thus, it provides a wide range of use for many industrial and commercial applications.<\/li>\n<li class=\" translation-block\"><strong>Pressure Resistance:<\/strong> Withstands up to a maximum pressure of 10 bar. This ensures safe use in high pressure environments.<\/li>\n<li class=\" translation-block\"><strong>Cylinder Structure:<\/strong> Thanks to this structure of the cylinder, calcification and sediment accumulation are low. And provides long-term performance.<\/li>\n<\/ul>","protected":false},"excerpt":{"rendered":"<p><strong>Compatible Humidifier Models<\/strong><\/p>\n<ul>\n<li>UE025<\/li>\n<li>UE035<\/li>\n<li>UE045<\/li>\n<li>UE065<\/li>\n<\/ul>","protected":false},"featured_media":17885,"template":"","meta":[],"product_cat":[136],"product_tag":[],"class_list":{"0":"post-17884","1":"product","2":"type-product","3":"status-publish","4":"has-post-thumbnail","6":"product_cat-carel-yedek-parcalari","8":"first","9":"instock","10":"shipping-taxable","11":"product-type-external"},"yoast_head":"<!-- This site is optimized with the Yoast SEO Premium plugin v23.2 (Yoast SEO v23.2) - https:\/\/yoast.com\/wordpress\/plugins\/seo\/ -->\n<title>Carel BLCT3C00W2 Temizlenebilir Buhar Silindiri | Barrsell End\u00fcstri<\/title>\n<meta name=\"description\" content=\"Carel BLCT3C00W2 Temizlenebilir Buhar Silindiri, y\u00fcksek dayan\u0131kl\u0131l\u0131k, verimlilik ve kolay bak\u0131m \u00f6zellikleri ile end\u00fcstriyel buhar \u00fcretimi i\u00e7in.\" \/>\n<meta name=\"robots\" content=\"index, follow, max-snippet:-1, max-image-preview:large, max-video-preview:-1\" \/>\n<link rel=\"canonical\" href=\"https:\/\/barrsell.com\/en\/product\/carel-blct3c00w2-cleanable-steam-cylinder\/\" \/>\n<meta property=\"og:locale\" content=\"en_US\" \/>\n<meta property=\"og:type\" content=\"article\" \/>\n<meta property=\"og:title\" content=\"Carel BLCT3C00W2 Temizlenebilir Buhar Silindiri\" \/>\n<meta property=\"og:description\" content=\"Carel BLCT3C00W2 Temizlenebilir Buhar Silindiri, y\u00fcksek dayan\u0131kl\u0131l\u0131k, verimlilik ve kolay bak\u0131m \u00f6zellikleri ile end\u00fcstriyel buhar \u00fcretimi i\u00e7in.\" \/>\n<meta property=\"og:url\" content=\"https:\/\/barrsell.com\/en\/product\/carel-blct3c00w2-cleanable-steam-cylinder\/\" \/>\n<meta property=\"og:site_name\" content=\"Barrsell\" \/>\n<meta property=\"article:modified_time\" content=\"2024-11-25T09:39:33+00:00\" \/>\n<meta property=\"og:image\" content=\"https:\/\/barrsell.com\/wp-content\/uploads\/2024\/11\/Carel-BLCT3C00W2-Temizlenebilir-Buhar-Silindiri.png\" \/>\n\t<meta property=\"og:image:width\" content=\"1200\" \/>\n\t<meta property=\"og:image:height\" content=\"1200\" \/>\n\t<meta property=\"og:image:type\" content=\"image\/png\" \/>\n<meta name=\"twitter:card\" content=\"summary_large_image\" \/>\n<meta name=\"twitter:label1\" content=\"Est. reading time\" \/>\n\t<meta name=\"twitter:data1\" content=\"2 minutes\" \/>\n<script type=\"application\/ld+json\" class=\"yoast-schema-graph\">{\"@context\":\"https:\/\/schema.org\",\"@graph\":[{\"@type\":\"WebPage\",\"@id\":\"https:\/\/barrsell.com\/urun\/carel-blct3c00w2-temizlenebilir-buhar-silindiri\/\",\"url\":\"https:\/\/barrsell.com\/urun\/carel-blct3c00w2-temizlenebilir-buhar-silindiri\/\",\"name\":\"Carel BLCT3C00W2 Temizlenebilir Buhar Silindiri | Barrsell End\u00fcstri\",\"isPartOf\":{\"@id\":\"https:\/\/barrsell.com\/#website\"},\"primaryImageOfPage\":{\"@id\":\"https:\/\/barrsell.com\/urun\/carel-blct3c00w2-temizlenebilir-buhar-silindiri\/#primaryimage\"},\"image\":{\"@id\":\"https:\/\/barrsell.com\/urun\/carel-blct3c00w2-temizlenebilir-buhar-silindiri\/#primaryimage\"},\"thumbnailUrl\":\"https:\/\/barrsell.com\/wp-content\/uploads\/2024\/11\/Carel-BLCT3C00W2-Temizlenebilir-Buhar-Silindiri.png\",\"datePublished\":\"2024-11-01T12:59:56+00:00\",\"dateModified\":\"2024-11-25T09:39:33+00:00\",\"description\":\"Carel BLCT3C00W2 Temizlenebilir Buhar Silindiri, y\u00fcksek dayan\u0131kl\u0131l\u0131k, verimlilik ve kolay bak\u0131m \u00f6zellikleri ile end\u00fcstriyel buhar \u00fcretimi i\u00e7in.\",\"breadcrumb\":{\"@id\":\"https:\/\/barrsell.com\/urun\/carel-blct3c00w2-temizlenebilir-buhar-silindiri\/#breadcrumb\"},\"inLanguage\":\"en-US\",\"potentialAction\":[{\"@type\":\"ReadAction\",\"target\":[\"https:\/\/barrsell.com\/urun\/carel-blct3c00w2-temizlenebilir-buhar-silindiri\/\"]}]},{\"@type\":\"ImageObject\",\"inLanguage\":\"en-US\",\"@id\":\"https:\/\/barrsell.com\/urun\/carel-blct3c00w2-temizlenebilir-buhar-silindiri\/#primaryimage\",\"url\":\"https:\/\/barrsell.com\/wp-content\/uploads\/2024\/11\/Carel-BLCT3C00W2-Temizlenebilir-Buhar-Silindiri.png\",\"contentUrl\":\"https:\/\/barrsell.com\/wp-content\/uploads\/2024\/11\/Carel-BLCT3C00W2-Temizlenebilir-Buhar-Silindiri.png\",\"width\":1200,\"height\":1200,\"caption\":\"Carel BLCT3C00W2 Temizlenebilir Buhar Silindiri\"},{\"@type\":\"BreadcrumbList\",\"@id\":\"https:\/\/barrsell.com\/urun\/carel-blct3c00w2-temizlenebilir-buhar-silindiri\/#breadcrumb\",\"itemListElement\":[{\"@type\":\"ListItem\",\"position\":1,\"name\":\"Home\",\"item\":\"https:\/\/barrsell.com\/\"},{\"@type\":\"ListItem\",\"position\":2,\"name\":\"\u00dcr\u00fcnler\",\"item\":\"https:\/\/barrsell.com\/en\/products\/\"},{\"@type\":\"ListItem\",\"position\":3,\"name\":\"Carel BLCT3C00W2 Temizlenebilir Buhar Silindiri\"}]},{\"@type\":\"WebSite\",\"@id\":\"https:\/\/barrsell.com\/#website\",\"url\":\"https:\/\/barrsell.com\/\",\"name\":\"Barrsell End\u00fcstri Makine\",\"description\":\"Teknolojiyle G\u00fc\u00e7lenen End\u00fcstriyel \u00c7\u00f6z\u00fcmler!\",\"potentialAction\":[{\"@type\":\"SearchAction\",\"target\":{\"@type\":\"EntryPoint\",\"urlTemplate\":\"https:\/\/barrsell.com\/?s={search_term_string}\"},\"query-input\":\"required name=search_term_string\"}],\"inLanguage\":\"en-US\"}]}<\/script>\n<!-- \/ Yoast SEO Premium plugin. -->","yoast_head_json":{"title":"Carel BLCT3C00W2 Temizlenebilir Buhar Silindiri | Barrsell End\u00fcstri","description":"Carel BLCT3C00W2 Temizlenebilir Buhar Silindiri, y\u00fcksek dayan\u0131kl\u0131l\u0131k, verimlilik ve kolay bak\u0131m \u00f6zellikleri ile end\u00fcstriyel buhar \u00fcretimi i\u00e7in.","robots":{"index":"index","follow":"follow","max-snippet":"max-snippet:-1","max-image-preview":"max-image-preview:large","max-video-preview":"max-video-preview:-1"},"canonical":"https:\/\/barrsell.com\/en\/product\/carel-blct3c00w2-cleanable-steam-cylinder\/","og_locale":"en_US","og_type":"article","og_title":"Carel BLCT3C00W2 Temizlenebilir Buhar Silindiri","og_description":"Carel BLCT3C00W2 Temizlenebilir Buhar Silindiri, y\u00fcksek dayan\u0131kl\u0131l\u0131k, verimlilik ve kolay bak\u0131m \u00f6zellikleri ile end\u00fcstriyel buhar \u00fcretimi i\u00e7in.","og_url":"https:\/\/barrsell.com\/en\/product\/carel-blct3c00w2-cleanable-steam-cylinder\/","og_site_name":"Barrsell","article_modified_time":"2024-11-25T09:39:33+00:00","og_image":[{"width":1200,"height":1200,"url":"https:\/\/barrsell.com\/wp-content\/uploads\/2024\/11\/Carel-BLCT3C00W2-Temizlenebilir-Buhar-Silindiri.png","type":"image\/png"}],"twitter_card":"summary_large_image","twitter_misc":{"Est. reading time":"2 minutes"},"schema":{"@context":"https:\/\/schema.org","@graph":[{"@type":"WebPage","@id":"https:\/\/barrsell.com\/urun\/carel-blct3c00w2-temizlenebilir-buhar-silindiri\/","url":"https:\/\/barrsell.com\/urun\/carel-blct3c00w2-temizlenebilir-buhar-silindiri\/","name":"Carel BLCT3C00W2 Temizlenebilir Buhar Silindiri | Barrsell End\u00fcstri","isPartOf":{"@id":"https:\/\/barrsell.com\/#website"},"primaryImageOfPage":{"@id":"https:\/\/barrsell.com\/urun\/carel-blct3c00w2-temizlenebilir-buhar-silindiri\/#primaryimage"},"image":{"@id":"https:\/\/barrsell.com\/urun\/carel-blct3c00w2-temizlenebilir-buhar-silindiri\/#primaryimage"},"thumbnailUrl":"https:\/\/barrsell.com\/wp-content\/uploads\/2024\/11\/Carel-BLCT3C00W2-Temizlenebilir-Buhar-Silindiri.png","datePublished":"2024-11-01T12:59:56+00:00","dateModified":"2024-11-25T09:39:33+00:00","description":"Carel BLCT3C00W2 Temizlenebilir Buhar Silindiri, y\u00fcksek dayan\u0131kl\u0131l\u0131k, verimlilik ve kolay bak\u0131m \u00f6zellikleri ile end\u00fcstriyel buhar \u00fcretimi i\u00e7in.","breadcrumb":{"@id":"https:\/\/barrsell.com\/urun\/carel-blct3c00w2-temizlenebilir-buhar-silindiri\/#breadcrumb"},"inLanguage":"en-US","potentialAction":[{"@type":"ReadAction","target":["https:\/\/barrsell.com\/urun\/carel-blct3c00w2-temizlenebilir-buhar-silindiri\/"]}]},{"@type":"ImageObject","inLanguage":"en-US","@id":"https:\/\/barrsell.com\/urun\/carel-blct3c00w2-temizlenebilir-buhar-silindiri\/#primaryimage","url":"https:\/\/barrsell.com\/wp-content\/uploads\/2024\/11\/Carel-BLCT3C00W2-Temizlenebilir-Buhar-Silindiri.png","contentUrl":"https:\/\/barrsell.com\/wp-content\/uploads\/2024\/11\/Carel-BLCT3C00W2-Temizlenebilir-Buhar-Silindiri.png","width":1200,"height":1200,"caption":"Carel BLCT3C00W2 Temizlenebilir Buhar Silindiri"},{"@type":"BreadcrumbList","@id":"https:\/\/barrsell.com\/urun\/carel-blct3c00w2-temizlenebilir-buhar-silindiri\/#breadcrumb","itemListElement":[{"@type":"ListItem","position":1,"name":"Home","item":"https:\/\/barrsell.com\/"},{"@type":"ListItem","position":2,"name":"\u00dcr\u00fcnler","item":"https:\/\/barrsell.com\/en\/products\/"},{"@type":"ListItem","position":3,"name":"Carel BLCT3C00W2 Temizlenebilir Buhar Silindiri"}]},{"@type":"WebSite","@id":"https:\/\/barrsell.com\/#website","url":"https:\/\/barrsell.com\/","name":"Barrsell End\u00fcstri Makine","description":"Teknolojiyle G\u00fc\u00e7lenen End\u00fcstriyel \u00c7\u00f6z\u00fcmler!","potentialAction":[{"@type":"SearchAction","target":{"@type":"EntryPoint","urlTemplate":"https:\/\/barrsell.com\/?s={search_term_string}"},"query-input":"required name=search_term_string"}],"inLanguage":"en-US"}]}},"_links":{"self":[{"href":"https:\/\/barrsell.com\/en\/wp-json\/wp\/v2\/product\/17884","targetHints":{"allow":["GET"]}}],"collection":[{"href":"https:\/\/barrsell.com\/en\/wp-json\/wp\/v2\/product"}],"about":[{"href":"https:\/\/barrsell.com\/en\/wp-json\/wp\/v2\/types\/product"}],"version-history":[{"count":8,"href":"https:\/\/barrsell.com\/en\/wp-json\/wp\/v2\/product\/17884\/revisions"}],"predecessor-version":[{"id":18444,"href":"https:\/\/barrsell.com\/en\/wp-json\/wp\/v2\/product\/17884\/revisions\/18444"}],"wp:featuredmedia":[{"embeddable":true,"href":"https:\/\/barrsell.com\/en\/wp-json\/wp\/v2\/media\/17885"}],"wp:attachment":[{"href":"https:\/\/barrsell.com\/en\/wp-json\/wp\/v2\/media?parent=17884"}],"wp:term":[{"taxonomy":"product_cat","embeddable":true,"href":"https:\/\/barrsell.com\/en\/wp-json\/wp\/v2\/product_cat?post=17884"},{"taxonomy":"product_tag","embeddable":true,"href":"https:\/\/barrsell.com\/en\/wp-json\/wp\/v2\/product_tag?post=17884"}],"curies":[{"name":"wp","href":"https:\/\/api.w.org\/{rel}","templated":true}]}}