{"id":17878,"date":"2024-11-01T12:40:30","date_gmt":"2024-11-01T12:40:30","guid":{"rendered":"https:\/\/barrsell.com\/?post_type=product&#038;p=17878"},"modified":"2024-11-26T09:42:50","modified_gmt":"2024-11-26T09:42:50","slug":"carel-e401ta000c-temizlenebilir-buhar-silindiri","status":"publish","type":"product","link":"https:\/\/barrsell.com\/en\/product\/carel-e401ta000c-cleanable-steam-roller\/","title":{"rendered":"Carel E401TA000C Cleanable Steam Cylinder"},"content":{"rendered":"<h2><strong>Carel E401TA000C Cleanable Steam Cylinder\u00a0<\/strong><\/h2>\n<p>Carel E401TA000C Cleanable Steam Cylinder offers efficiency, durability and low maintenance cost, especially in HVAC (Heating, Ventilation and Air Conditioning) systems. At the same time, this cylinder, which plays an important role in steam production and distribution, stands out with its superior performance and durability. This ensures long-term high performance and energy savings. Thanks to these features, it is an ideal solution in industrial applications where hygiene and performance expectations are high.<\/p>\n<h4>Features<\/h4>\n<table width=\"0\">\n<tbody>\n<tr>\n<td colspan=\"2\">Learn More<\/td>\n<\/tr>\n<tr>\n<td>Manufacturer<\/td>\n<td data-th=\"Manufacturer\"><a href=\"https:\/\/barrsell.com\/en\/kategoriler\/buhar-jeneratorleri-nemlendiriciler\/carel-buharli-nemlendirici\/\">Carel<\/a><\/td>\n<\/tr>\n<tr>\n<td>Product Type<\/td>\n<td data-th=\"Product Type\">Humidification<\/td>\n<\/tr>\n<\/tbody>\n<\/table>\n<h4><strong>Technical Specifications<\/strong><\/h4>\n<ul>\n<li class=\" translation-block\"><strong>Material Quality:<\/strong> <em>Carel E401TA000C<\/em> is made of special metal alloys resistant to high pressure and temperature. This, together with its durable construction, results in a long service life. And thus provides high resistance to corrosion.<\/li>\n<li><strong>Measurements:<\/strong>\n<ul>\n<li><strong>Diameter:<\/strong> 150 mm<\/li>\n<li><strong>Length<\/strong> 405 mm<\/li>\n<li><strong>Weight:<\/strong> 4.5 kg<\/li>\n<\/ul>\n<\/li>\n<\/ul>\n<h4><strong>Which Systems is Carel E401TA000C Compatible with?<br \/>\n<\/strong><\/h4>\n<p class=\" translation-block\"><em>Carel E401TA000C<\/em>, Carel's humiSteam X-plus and **humihumiSteam Basic for high capacity industrial cleaning solutions<\/p>\n<p class=\" translation-block\">Thanks to its compact design, the <em>Carel E401TA000C<\/em> works in harmony with different systems and thus offers a large steam capacity.<\/p>\n<ul>\n<li class=\" translation-block\"><strong>Operating Temperature Range:<\/strong> It performs between 0 \u00b0C and 185 \u00b0C. It is also preferred in many industrial applications thanks to its wide temperature range.<\/li>\n<li class=\" translation-block\"><strong>Pressure Resistance:<\/strong> Withstands up to a maximum pressure of 10 bar, ensuring safe use in high pressure situations.<\/li>\n<li class=\" translation-block\"><strong>Easy Cleaning and Maintenance:<\/strong> The design of the E401TA000C model facilitates maintenance and cleaning. At the same time, the structure of the cylinder prevents bacteria and lime deposits. Thus, the efficiency of the system remains for a long time.<\/li>\n<\/ul>","protected":false},"excerpt":{"rendered":"<h4>Compatible Humidifiers<\/h4>\n<p>Carel humiSteam<br \/>\nCarel heaterSteam<br \/>\nCarel gaSteam<\/p>","protected":false},"featured_media":17879,"template":"","meta":[],"product_cat":[136],"product_tag":[],"class_list":{"0":"post-17878","1":"product","2":"type-product","3":"status-publish","4":"has-post-thumbnail","6":"product_cat-carel-yedek-parcalari","8":"first","9":"instock","10":"shipping-taxable","11":"product-type-external"},"yoast_head":"<!-- This site is optimized with the Yoast SEO Premium plugin v23.2 (Yoast SEO v23.2) - https:\/\/yoast.com\/wordpress\/plugins\/seo\/ -->\n<title>Carel E401TA000C Temizlenebilir Buhar Silindiri | Barrsell End\u00fcstri<\/title>\n<meta name=\"description\" content=\"Carel E401TA000C Temizlenebilir Buhar Silindiri ile \u00f6zellikle HVAC sistemlerinde verimlilik, dayan\u0131kl\u0131l\u0131k ve d\u00fc\u015f\u00fck bak\u0131m maliyeti.\" \/>\n<meta name=\"robots\" content=\"index, follow, max-snippet:-1, max-image-preview:large, max-video-preview:-1\" \/>\n<link rel=\"canonical\" href=\"https:\/\/barrsell.com\/en\/product\/carel-e401ta000c-cleanable-steam-roller\/\" \/>\n<meta property=\"og:locale\" content=\"en_US\" \/>\n<meta property=\"og:type\" content=\"article\" \/>\n<meta property=\"og:title\" content=\"Carel E401TA000C Temizlenebilir Buhar Silindiri\" \/>\n<meta property=\"og:description\" content=\"Carel E401TA000C Temizlenebilir Buhar Silindiri ile \u00f6zellikle HVAC sistemlerinde verimlilik, dayan\u0131kl\u0131l\u0131k ve d\u00fc\u015f\u00fck bak\u0131m maliyeti.\" \/>\n<meta property=\"og:url\" content=\"https:\/\/barrsell.com\/en\/product\/carel-e401ta000c-cleanable-steam-roller\/\" \/>\n<meta property=\"og:site_name\" content=\"Barrsell\" \/>\n<meta property=\"article:modified_time\" content=\"2024-11-26T09:42:50+00:00\" \/>\n<meta property=\"og:image\" content=\"https:\/\/barrsell.com\/wp-content\/uploads\/2024\/11\/Carel-E401TA000C-Temizlenebilir-Buhar-Silindiri.png\" \/>\n\t<meta property=\"og:image:width\" content=\"1200\" \/>\n\t<meta property=\"og:image:height\" content=\"1200\" \/>\n\t<meta property=\"og:image:type\" content=\"image\/png\" \/>\n<meta name=\"twitter:card\" content=\"summary_large_image\" \/>\n<meta name=\"twitter:label1\" content=\"Est. reading time\" \/>\n\t<meta name=\"twitter:data1\" content=\"2 minutes\" \/>\n<script type=\"application\/ld+json\" class=\"yoast-schema-graph\">{\"@context\":\"https:\/\/schema.org\",\"@graph\":[{\"@type\":\"WebPage\",\"@id\":\"https:\/\/barrsell.com\/urun\/carel-e401ta000c-temizlenebilir-buhar-silindiri\/\",\"url\":\"https:\/\/barrsell.com\/urun\/carel-e401ta000c-temizlenebilir-buhar-silindiri\/\",\"name\":\"Carel E401TA000C Temizlenebilir Buhar Silindiri | Barrsell End\u00fcstri\",\"isPartOf\":{\"@id\":\"https:\/\/barrsell.com\/#website\"},\"primaryImageOfPage\":{\"@id\":\"https:\/\/barrsell.com\/urun\/carel-e401ta000c-temizlenebilir-buhar-silindiri\/#primaryimage\"},\"image\":{\"@id\":\"https:\/\/barrsell.com\/urun\/carel-e401ta000c-temizlenebilir-buhar-silindiri\/#primaryimage\"},\"thumbnailUrl\":\"https:\/\/barrsell.com\/wp-content\/uploads\/2024\/11\/Carel-E401TA000C-Temizlenebilir-Buhar-Silindiri.png\",\"datePublished\":\"2024-11-01T12:40:30+00:00\",\"dateModified\":\"2024-11-26T09:42:50+00:00\",\"description\":\"Carel E401TA000C Temizlenebilir Buhar Silindiri ile \u00f6zellikle HVAC sistemlerinde verimlilik, dayan\u0131kl\u0131l\u0131k ve d\u00fc\u015f\u00fck bak\u0131m maliyeti.\",\"breadcrumb\":{\"@id\":\"https:\/\/barrsell.com\/urun\/carel-e401ta000c-temizlenebilir-buhar-silindiri\/#breadcrumb\"},\"inLanguage\":\"en-US\",\"potentialAction\":[{\"@type\":\"ReadAction\",\"target\":[\"https:\/\/barrsell.com\/urun\/carel-e401ta000c-temizlenebilir-buhar-silindiri\/\"]}]},{\"@type\":\"ImageObject\",\"inLanguage\":\"en-US\",\"@id\":\"https:\/\/barrsell.com\/urun\/carel-e401ta000c-temizlenebilir-buhar-silindiri\/#primaryimage\",\"url\":\"https:\/\/barrsell.com\/wp-content\/uploads\/2024\/11\/Carel-E401TA000C-Temizlenebilir-Buhar-Silindiri.png\",\"contentUrl\":\"https:\/\/barrsell.com\/wp-content\/uploads\/2024\/11\/Carel-E401TA000C-Temizlenebilir-Buhar-Silindiri.png\",\"width\":1200,\"height\":1200,\"caption\":\"Carel E401TA000C Temizlenebilir Buhar Silindiri\"},{\"@type\":\"BreadcrumbList\",\"@id\":\"https:\/\/barrsell.com\/urun\/carel-e401ta000c-temizlenebilir-buhar-silindiri\/#breadcrumb\",\"itemListElement\":[{\"@type\":\"ListItem\",\"position\":1,\"name\":\"Home\",\"item\":\"https:\/\/barrsell.com\/\"},{\"@type\":\"ListItem\",\"position\":2,\"name\":\"\u00dcr\u00fcnler\",\"item\":\"https:\/\/barrsell.com\/en\/products\/\"},{\"@type\":\"ListItem\",\"position\":3,\"name\":\"Carel E401TA000C Temizlenebilir Buhar Silindiri\"}]},{\"@type\":\"WebSite\",\"@id\":\"https:\/\/barrsell.com\/#website\",\"url\":\"https:\/\/barrsell.com\/\",\"name\":\"Barrsell End\u00fcstri Makine\",\"description\":\"Teknolojiyle G\u00fc\u00e7lenen End\u00fcstriyel \u00c7\u00f6z\u00fcmler!\",\"potentialAction\":[{\"@type\":\"SearchAction\",\"target\":{\"@type\":\"EntryPoint\",\"urlTemplate\":\"https:\/\/barrsell.com\/?s={search_term_string}\"},\"query-input\":\"required name=search_term_string\"}],\"inLanguage\":\"en-US\"}]}<\/script>\n<!-- \/ Yoast SEO Premium plugin. -->","yoast_head_json":{"title":"Carel E401TA000C Temizlenebilir Buhar Silindiri | Barrsell End\u00fcstri","description":"Carel E401TA000C Temizlenebilir Buhar Silindiri ile \u00f6zellikle HVAC sistemlerinde verimlilik, dayan\u0131kl\u0131l\u0131k ve d\u00fc\u015f\u00fck bak\u0131m maliyeti.","robots":{"index":"index","follow":"follow","max-snippet":"max-snippet:-1","max-image-preview":"max-image-preview:large","max-video-preview":"max-video-preview:-1"},"canonical":"https:\/\/barrsell.com\/en\/product\/carel-e401ta000c-cleanable-steam-roller\/","og_locale":"en_US","og_type":"article","og_title":"Carel E401TA000C Temizlenebilir Buhar Silindiri","og_description":"Carel E401TA000C Temizlenebilir Buhar Silindiri ile \u00f6zellikle HVAC sistemlerinde verimlilik, dayan\u0131kl\u0131l\u0131k ve d\u00fc\u015f\u00fck bak\u0131m maliyeti.","og_url":"https:\/\/barrsell.com\/en\/product\/carel-e401ta000c-cleanable-steam-roller\/","og_site_name":"Barrsell","article_modified_time":"2024-11-26T09:42:50+00:00","og_image":[{"width":1200,"height":1200,"url":"https:\/\/barrsell.com\/wp-content\/uploads\/2024\/11\/Carel-E401TA000C-Temizlenebilir-Buhar-Silindiri.png","type":"image\/png"}],"twitter_card":"summary_large_image","twitter_misc":{"Est. reading time":"2 minutes"},"schema":{"@context":"https:\/\/schema.org","@graph":[{"@type":"WebPage","@id":"https:\/\/barrsell.com\/urun\/carel-e401ta000c-temizlenebilir-buhar-silindiri\/","url":"https:\/\/barrsell.com\/urun\/carel-e401ta000c-temizlenebilir-buhar-silindiri\/","name":"Carel E401TA000C Temizlenebilir Buhar Silindiri | Barrsell End\u00fcstri","isPartOf":{"@id":"https:\/\/barrsell.com\/#website"},"primaryImageOfPage":{"@id":"https:\/\/barrsell.com\/urun\/carel-e401ta000c-temizlenebilir-buhar-silindiri\/#primaryimage"},"image":{"@id":"https:\/\/barrsell.com\/urun\/carel-e401ta000c-temizlenebilir-buhar-silindiri\/#primaryimage"},"thumbnailUrl":"https:\/\/barrsell.com\/wp-content\/uploads\/2024\/11\/Carel-E401TA000C-Temizlenebilir-Buhar-Silindiri.png","datePublished":"2024-11-01T12:40:30+00:00","dateModified":"2024-11-26T09:42:50+00:00","description":"Carel E401TA000C Temizlenebilir Buhar Silindiri ile \u00f6zellikle HVAC sistemlerinde verimlilik, dayan\u0131kl\u0131l\u0131k ve d\u00fc\u015f\u00fck bak\u0131m maliyeti.","breadcrumb":{"@id":"https:\/\/barrsell.com\/urun\/carel-e401ta000c-temizlenebilir-buhar-silindiri\/#breadcrumb"},"inLanguage":"en-US","potentialAction":[{"@type":"ReadAction","target":["https:\/\/barrsell.com\/urun\/carel-e401ta000c-temizlenebilir-buhar-silindiri\/"]}]},{"@type":"ImageObject","inLanguage":"en-US","@id":"https:\/\/barrsell.com\/urun\/carel-e401ta000c-temizlenebilir-buhar-silindiri\/#primaryimage","url":"https:\/\/barrsell.com\/wp-content\/uploads\/2024\/11\/Carel-E401TA000C-Temizlenebilir-Buhar-Silindiri.png","contentUrl":"https:\/\/barrsell.com\/wp-content\/uploads\/2024\/11\/Carel-E401TA000C-Temizlenebilir-Buhar-Silindiri.png","width":1200,"height":1200,"caption":"Carel E401TA000C Temizlenebilir Buhar Silindiri"},{"@type":"BreadcrumbList","@id":"https:\/\/barrsell.com\/urun\/carel-e401ta000c-temizlenebilir-buhar-silindiri\/#breadcrumb","itemListElement":[{"@type":"ListItem","position":1,"name":"Home","item":"https:\/\/barrsell.com\/"},{"@type":"ListItem","position":2,"name":"\u00dcr\u00fcnler","item":"https:\/\/barrsell.com\/en\/products\/"},{"@type":"ListItem","position":3,"name":"Carel E401TA000C Temizlenebilir Buhar Silindiri"}]},{"@type":"WebSite","@id":"https:\/\/barrsell.com\/#website","url":"https:\/\/barrsell.com\/","name":"Barrsell End\u00fcstri Makine","description":"Teknolojiyle G\u00fc\u00e7lenen End\u00fcstriyel \u00c7\u00f6z\u00fcmler!","potentialAction":[{"@type":"SearchAction","target":{"@type":"EntryPoint","urlTemplate":"https:\/\/barrsell.com\/?s={search_term_string}"},"query-input":"required name=search_term_string"}],"inLanguage":"en-US"}]}},"_links":{"self":[{"href":"https:\/\/barrsell.com\/en\/wp-json\/wp\/v2\/product\/17878","targetHints":{"allow":["GET"]}}],"collection":[{"href":"https:\/\/barrsell.com\/en\/wp-json\/wp\/v2\/product"}],"about":[{"href":"https:\/\/barrsell.com\/en\/wp-json\/wp\/v2\/types\/product"}],"version-history":[{"count":7,"href":"https:\/\/barrsell.com\/en\/wp-json\/wp\/v2\/product\/17878\/revisions"}],"predecessor-version":[{"id":18577,"href":"https:\/\/barrsell.com\/en\/wp-json\/wp\/v2\/product\/17878\/revisions\/18577"}],"wp:featuredmedia":[{"embeddable":true,"href":"https:\/\/barrsell.com\/en\/wp-json\/wp\/v2\/media\/17879"}],"wp:attachment":[{"href":"https:\/\/barrsell.com\/en\/wp-json\/wp\/v2\/media?parent=17878"}],"wp:term":[{"taxonomy":"product_cat","embeddable":true,"href":"https:\/\/barrsell.com\/en\/wp-json\/wp\/v2\/product_cat?post=17878"},{"taxonomy":"product_tag","embeddable":true,"href":"https:\/\/barrsell.com\/en\/wp-json\/wp\/v2\/product_tag?post=17878"}],"curies":[{"name":"wp","href":"https:\/\/api.w.org\/{rel}","templated":true}]}}