{"id":17875,"date":"2024-11-01T12:25:56","date_gmt":"2024-11-01T12:25:56","guid":{"rendered":"https:\/\/barrsell.com\/?post_type=product&#038;p=17875"},"modified":"2024-11-25T12:36:15","modified_gmt":"2024-11-25T12:36:15","slug":"carel-bl0s1f00h0-buhar-silindiri","status":"publish","type":"product","link":"https:\/\/barrsell.com\/en\/product\/carel-bl0s1f00h0-steam-roller\/","title":{"rendered":"Carel BL0S1F00H0 Steam Cylinder"},"content":{"rendered":"<h2><strong>Carel BL0S1F00H0 Steam Cylinder<\/strong><\/h2>\n<p>Carel BL0S1F00H0 Steam Cylinder is a product that offers high performance in HVAC (Heating, Ventilation and Air Conditioning) systems and industrial steam production. Especially with its durable construction and energy-efficient design, this steam cylinder has been developed for long-term use. For example, BL0S1F00H0, which is preferred in industrial areas with its resistance to high pressure and temperature, provides advantages to businesses by reducing costs with its features that facilitate maintenance and cleaning.<\/p>\n<h4>Features<\/h4>\n<table width=\"0\">\n<tbody>\n<tr>\n<td colspan=\"2\">Learn More<\/td>\n<\/tr>\n<tr>\n<td>Manufacturer<\/td>\n<td data-th=\"Manufacturer\">Carel<\/td>\n<\/tr>\n<tr>\n<td>Product Type<\/td>\n<td data-th=\"Product Type\"><a href=\"https:\/\/barrsell.com\/en\/kategoriler\/buhar-jeneratorleri-nemlendiriciler\/carel-buharli-nemlendirici\/\">Humidification<\/a><\/td>\n<\/tr>\n<tr>\n<td>Service Range<\/td>\n<td data-th=\"Service Interval\">3 to 12 Month<\/td>\n<\/tr>\n<\/tbody>\n<\/table>\n<h4><strong>Technical Specifications<\/strong><\/h4>\n<ul>\n<li class=\" translation-block\"><strong>Material Structure:<\/strong> <em>Carel BL0S1F00H0<\/em> is made of a special metal alloy with high temperature and pressure resistance. In addition, this durable material provides long-lasting protection against wear and corrosion.<\/li>\n<li><strong>Measurements:<\/strong>\n<ul>\n<li><strong>Diameter:<\/strong> 140 mm<\/li>\n<li><strong>Length<\/strong> 400 mm<\/li>\n<li><strong>Weight:<\/strong> 4.5 kg<\/li>\n<\/ul>\n<\/li>\n<\/ul>\n<h4>1. <strong>Steam Production Capacity<\/strong><\/h4>\n<ul>\n<li class=\" translation-block\"><strong>Capacity:<\/strong> Steam production from 5 to 50 kg\/h.<\/li>\n<li class=\" translation-block\"><strong>Flexible Adjustment: &lt;\/The cylinder spare part can be adjusted according to various <a href=\"\/\/barrsell.com\/kategoriler\/buhar-jeneratorleri-nemlendiriciler\/carel-buharli-nemlendirici\/\u201d\" target=\"\u201c_self\u201d\">humidification<\/a> needs and also has a steam outlet.<\/li>\n<li class=\" translation-block\"><strong>Usages:<\/strong> You can scale from small offices to large industrial facilities.<\/li>\n<\/ul>\n<h4>2. <strong>Durable Material<\/strong><\/h4>\n<ul>\n<li class=\" translation-block\"><strong>Building Material:<\/strong> Polypropylene and high temperature resistant plastic material is used.<\/li>\n<li class=\" translation-block\"><strong>Corrosion Resistance:<\/strong> It is resistant to lime and corrosion that may occur due to water quality.<\/li>\n<li class=\" translation-block\"><strong>Long Lasting Design:<\/strong> Carel BL0S1F00H0 Steam Cylinder works without deformation even under particularly intensive use.<\/li>\n<\/ul>\n<h4>3. <strong>Cleanable and Replaceable Design<\/strong><\/h4>\n<ul>\n<li><em>Carel Buhar Silindiri,<\/em> kullan\u0131c\u0131lar\u0131n kolayca \u00e7\u0131kar\u0131p temizlemesine veya de\u011fi\u015ftirmesine olanak tan\u0131r. Bu sayede bak\u0131m s\u00fcre\u00e7lerini h\u0131zland\u0131r\u0131r ve kesintisiz verimlilik sunar.<\/li>\n<li class=\" translation-block\"><strong>Minimum Downtime:<\/strong> <em>Steam Cylinder<\/em> provides continuity of operation thanks to its fast maintenance features.<\/li>\n<li class=\" translation-block\"><strong>Hygienic Operation:<\/strong> Its construction makes it ideal for areas where hygiene is critical (e.g. hospitals and laboratories).<\/li>\n<\/ul>\n<h4>4. <strong>Advanced Energy Efficiency<\/strong><\/h4>\n<ul>\n<li class=\" translation-block\"><strong>Steam Utilization:<\/strong> Carel BL0S1F00H0 reduces energy consumption and also ensures maximum steam production.<\/li>\n<li class=\" translation-block\"><strong>Low Operating Cost:<\/strong> Reduces operating costs thanks to its efficient operation.<\/li>\n<\/ul>","protected":false},"excerpt":{"rendered":"<ul>\n<li><strong>Diameter:<\/strong> 140 mm<\/li>\n<li><strong>Length<\/strong> 400 mm<\/li>\n<li><strong>Weight:<\/strong> 4.5 kg<\/li>\n<\/ul>","protected":false},"featured_media":17876,"template":"","meta":[],"product_cat":[136],"product_tag":[],"class_list":{"0":"post-17875","1":"product","2":"type-product","3":"status-publish","4":"has-post-thumbnail","6":"product_cat-carel-yedek-parcalari","8":"first","9":"instock","10":"shipping-taxable","11":"product-type-external"},"yoast_head":"<!-- This site is optimized with the Yoast SEO Premium plugin v23.2 (Yoast SEO v23.2) - https:\/\/yoast.com\/wordpress\/plugins\/seo\/ -->\n<title>Carel BL0S1F00H0 Buhar Silindiri | Barrsell End\u00fcstri<\/title>\n<meta name=\"description\" content=\"Carel BL0S1F00H0 Buhar Silindiri, HVAC (Is\u0131tma, Havaland\u0131rma ve \u0130klimlendirme) sistemlerinde ve end\u00fcstriyel buhar \u00fcretiminde y\u00fcksek performans \u00fcr\u00fcn\u00fcd\u00fcr.\" \/>\n<meta name=\"robots\" content=\"index, follow, max-snippet:-1, max-image-preview:large, max-video-preview:-1\" \/>\n<link rel=\"canonical\" href=\"https:\/\/barrsell.com\/en\/product\/carel-bl0s1f00h0-steam-roller\/\" \/>\n<meta property=\"og:locale\" content=\"en_US\" \/>\n<meta property=\"og:type\" content=\"article\" \/>\n<meta property=\"og:title\" content=\"Carel BL0S1F00H0 Buhar Silindiri\" \/>\n<meta property=\"og:description\" content=\"Carel BL0S1F00H0 Buhar Silindiri, HVAC (Is\u0131tma, Havaland\u0131rma ve \u0130klimlendirme) sistemlerinde ve end\u00fcstriyel buhar \u00fcretiminde y\u00fcksek performans \u00fcr\u00fcn\u00fcd\u00fcr.\" \/>\n<meta property=\"og:url\" content=\"https:\/\/barrsell.com\/en\/product\/carel-bl0s1f00h0-steam-roller\/\" \/>\n<meta property=\"og:site_name\" content=\"Barrsell\" \/>\n<meta property=\"article:modified_time\" content=\"2024-11-25T12:36:15+00:00\" \/>\n<meta property=\"og:image\" content=\"https:\/\/barrsell.com\/wp-content\/uploads\/2024\/11\/Carel-BL0S1F00H0-Buhar-Silindiri.png\" \/>\n\t<meta property=\"og:image:width\" content=\"1200\" \/>\n\t<meta property=\"og:image:height\" content=\"1200\" \/>\n\t<meta property=\"og:image:type\" content=\"image\/png\" \/>\n<meta name=\"twitter:card\" content=\"summary_large_image\" \/>\n<meta name=\"twitter:label1\" content=\"Est. reading time\" \/>\n\t<meta name=\"twitter:data1\" content=\"2 minutes\" \/>\n<script type=\"application\/ld+json\" class=\"yoast-schema-graph\">{\"@context\":\"https:\/\/schema.org\",\"@graph\":[{\"@type\":\"WebPage\",\"@id\":\"https:\/\/barrsell.com\/urun\/carel-bl0s1f00h0-buhar-silindiri\/\",\"url\":\"https:\/\/barrsell.com\/urun\/carel-bl0s1f00h0-buhar-silindiri\/\",\"name\":\"Carel BL0S1F00H0 Buhar Silindiri | Barrsell End\u00fcstri\",\"isPartOf\":{\"@id\":\"https:\/\/barrsell.com\/#website\"},\"primaryImageOfPage\":{\"@id\":\"https:\/\/barrsell.com\/urun\/carel-bl0s1f00h0-buhar-silindiri\/#primaryimage\"},\"image\":{\"@id\":\"https:\/\/barrsell.com\/urun\/carel-bl0s1f00h0-buhar-silindiri\/#primaryimage\"},\"thumbnailUrl\":\"https:\/\/barrsell.com\/wp-content\/uploads\/2024\/11\/Carel-BL0S1F00H0-Buhar-Silindiri.png\",\"datePublished\":\"2024-11-01T12:25:56+00:00\",\"dateModified\":\"2024-11-25T12:36:15+00:00\",\"description\":\"Carel BL0S1F00H0 Buhar Silindiri, HVAC (Is\u0131tma, Havaland\u0131rma ve \u0130klimlendirme) sistemlerinde ve end\u00fcstriyel buhar \u00fcretiminde y\u00fcksek performans \u00fcr\u00fcn\u00fcd\u00fcr.\",\"breadcrumb\":{\"@id\":\"https:\/\/barrsell.com\/urun\/carel-bl0s1f00h0-buhar-silindiri\/#breadcrumb\"},\"inLanguage\":\"en-US\",\"potentialAction\":[{\"@type\":\"ReadAction\",\"target\":[\"https:\/\/barrsell.com\/urun\/carel-bl0s1f00h0-buhar-silindiri\/\"]}]},{\"@type\":\"ImageObject\",\"inLanguage\":\"en-US\",\"@id\":\"https:\/\/barrsell.com\/urun\/carel-bl0s1f00h0-buhar-silindiri\/#primaryimage\",\"url\":\"https:\/\/barrsell.com\/wp-content\/uploads\/2024\/11\/Carel-BL0S1F00H0-Buhar-Silindiri.png\",\"contentUrl\":\"https:\/\/barrsell.com\/wp-content\/uploads\/2024\/11\/Carel-BL0S1F00H0-Buhar-Silindiri.png\",\"width\":1200,\"height\":1200,\"caption\":\"Carel BL0S1F00H0 Buhar Silindiri\"},{\"@type\":\"BreadcrumbList\",\"@id\":\"https:\/\/barrsell.com\/urun\/carel-bl0s1f00h0-buhar-silindiri\/#breadcrumb\",\"itemListElement\":[{\"@type\":\"ListItem\",\"position\":1,\"name\":\"Home\",\"item\":\"https:\/\/barrsell.com\/\"},{\"@type\":\"ListItem\",\"position\":2,\"name\":\"\u00dcr\u00fcnler\",\"item\":\"https:\/\/barrsell.com\/en\/products\/\"},{\"@type\":\"ListItem\",\"position\":3,\"name\":\"Carel BL0S1F00H0 Buhar Silindiri\"}]},{\"@type\":\"WebSite\",\"@id\":\"https:\/\/barrsell.com\/#website\",\"url\":\"https:\/\/barrsell.com\/\",\"name\":\"Barrsell End\u00fcstri Makine\",\"description\":\"Teknolojiyle G\u00fc\u00e7lenen End\u00fcstriyel \u00c7\u00f6z\u00fcmler!\",\"potentialAction\":[{\"@type\":\"SearchAction\",\"target\":{\"@type\":\"EntryPoint\",\"urlTemplate\":\"https:\/\/barrsell.com\/?s={search_term_string}\"},\"query-input\":\"required name=search_term_string\"}],\"inLanguage\":\"en-US\"}]}<\/script>\n<!-- \/ Yoast SEO Premium plugin. -->","yoast_head_json":{"title":"Carel BL0S1F00H0 Buhar Silindiri | Barrsell End\u00fcstri","description":"Carel BL0S1F00H0 Buhar Silindiri, HVAC (Is\u0131tma, Havaland\u0131rma ve \u0130klimlendirme) sistemlerinde ve end\u00fcstriyel buhar \u00fcretiminde y\u00fcksek performans \u00fcr\u00fcn\u00fcd\u00fcr.","robots":{"index":"index","follow":"follow","max-snippet":"max-snippet:-1","max-image-preview":"max-image-preview:large","max-video-preview":"max-video-preview:-1"},"canonical":"https:\/\/barrsell.com\/en\/product\/carel-bl0s1f00h0-steam-roller\/","og_locale":"en_US","og_type":"article","og_title":"Carel BL0S1F00H0 Buhar Silindiri","og_description":"Carel BL0S1F00H0 Buhar Silindiri, HVAC (Is\u0131tma, Havaland\u0131rma ve \u0130klimlendirme) sistemlerinde ve end\u00fcstriyel buhar \u00fcretiminde y\u00fcksek performans \u00fcr\u00fcn\u00fcd\u00fcr.","og_url":"https:\/\/barrsell.com\/en\/product\/carel-bl0s1f00h0-steam-roller\/","og_site_name":"Barrsell","article_modified_time":"2024-11-25T12:36:15+00:00","og_image":[{"width":1200,"height":1200,"url":"https:\/\/barrsell.com\/wp-content\/uploads\/2024\/11\/Carel-BL0S1F00H0-Buhar-Silindiri.png","type":"image\/png"}],"twitter_card":"summary_large_image","twitter_misc":{"Est. reading time":"2 minutes"},"schema":{"@context":"https:\/\/schema.org","@graph":[{"@type":"WebPage","@id":"https:\/\/barrsell.com\/urun\/carel-bl0s1f00h0-buhar-silindiri\/","url":"https:\/\/barrsell.com\/urun\/carel-bl0s1f00h0-buhar-silindiri\/","name":"Carel BL0S1F00H0 Buhar Silindiri | Barrsell End\u00fcstri","isPartOf":{"@id":"https:\/\/barrsell.com\/#website"},"primaryImageOfPage":{"@id":"https:\/\/barrsell.com\/urun\/carel-bl0s1f00h0-buhar-silindiri\/#primaryimage"},"image":{"@id":"https:\/\/barrsell.com\/urun\/carel-bl0s1f00h0-buhar-silindiri\/#primaryimage"},"thumbnailUrl":"https:\/\/barrsell.com\/wp-content\/uploads\/2024\/11\/Carel-BL0S1F00H0-Buhar-Silindiri.png","datePublished":"2024-11-01T12:25:56+00:00","dateModified":"2024-11-25T12:36:15+00:00","description":"Carel BL0S1F00H0 Buhar Silindiri, HVAC (Is\u0131tma, Havaland\u0131rma ve \u0130klimlendirme) sistemlerinde ve end\u00fcstriyel buhar \u00fcretiminde y\u00fcksek performans \u00fcr\u00fcn\u00fcd\u00fcr.","breadcrumb":{"@id":"https:\/\/barrsell.com\/urun\/carel-bl0s1f00h0-buhar-silindiri\/#breadcrumb"},"inLanguage":"en-US","potentialAction":[{"@type":"ReadAction","target":["https:\/\/barrsell.com\/urun\/carel-bl0s1f00h0-buhar-silindiri\/"]}]},{"@type":"ImageObject","inLanguage":"en-US","@id":"https:\/\/barrsell.com\/urun\/carel-bl0s1f00h0-buhar-silindiri\/#primaryimage","url":"https:\/\/barrsell.com\/wp-content\/uploads\/2024\/11\/Carel-BL0S1F00H0-Buhar-Silindiri.png","contentUrl":"https:\/\/barrsell.com\/wp-content\/uploads\/2024\/11\/Carel-BL0S1F00H0-Buhar-Silindiri.png","width":1200,"height":1200,"caption":"Carel BL0S1F00H0 Buhar Silindiri"},{"@type":"BreadcrumbList","@id":"https:\/\/barrsell.com\/urun\/carel-bl0s1f00h0-buhar-silindiri\/#breadcrumb","itemListElement":[{"@type":"ListItem","position":1,"name":"Home","item":"https:\/\/barrsell.com\/"},{"@type":"ListItem","position":2,"name":"\u00dcr\u00fcnler","item":"https:\/\/barrsell.com\/en\/products\/"},{"@type":"ListItem","position":3,"name":"Carel BL0S1F00H0 Buhar Silindiri"}]},{"@type":"WebSite","@id":"https:\/\/barrsell.com\/#website","url":"https:\/\/barrsell.com\/","name":"Barrsell End\u00fcstri Makine","description":"Teknolojiyle G\u00fc\u00e7lenen End\u00fcstriyel \u00c7\u00f6z\u00fcmler!","potentialAction":[{"@type":"SearchAction","target":{"@type":"EntryPoint","urlTemplate":"https:\/\/barrsell.com\/?s={search_term_string}"},"query-input":"required name=search_term_string"}],"inLanguage":"en-US"}]}},"_links":{"self":[{"href":"https:\/\/barrsell.com\/en\/wp-json\/wp\/v2\/product\/17875","targetHints":{"allow":["GET"]}}],"collection":[{"href":"https:\/\/barrsell.com\/en\/wp-json\/wp\/v2\/product"}],"about":[{"href":"https:\/\/barrsell.com\/en\/wp-json\/wp\/v2\/types\/product"}],"version-history":[{"count":9,"href":"https:\/\/barrsell.com\/en\/wp-json\/wp\/v2\/product\/17875\/revisions"}],"predecessor-version":[{"id":18450,"href":"https:\/\/barrsell.com\/en\/wp-json\/wp\/v2\/product\/17875\/revisions\/18450"}],"wp:featuredmedia":[{"embeddable":true,"href":"https:\/\/barrsell.com\/en\/wp-json\/wp\/v2\/media\/17876"}],"wp:attachment":[{"href":"https:\/\/barrsell.com\/en\/wp-json\/wp\/v2\/media?parent=17875"}],"wp:term":[{"taxonomy":"product_cat","embeddable":true,"href":"https:\/\/barrsell.com\/en\/wp-json\/wp\/v2\/product_cat?post=17875"},{"taxonomy":"product_tag","embeddable":true,"href":"https:\/\/barrsell.com\/en\/wp-json\/wp\/v2\/product_tag?post=17875"}],"curies":[{"name":"wp","href":"https:\/\/api.w.org\/{rel}","templated":true}]}}