{"id":17871,"date":"2024-11-01T12:10:41","date_gmt":"2024-11-01T12:10:41","guid":{"rendered":"https:\/\/barrsell.com\/?post_type=product&#038;p=17871"},"modified":"2024-11-26T10:02:41","modified_gmt":"2024-11-26T10:02:41","slug":"carel-blct5d00w0-temizlenebilir-buhar-silindiri","status":"publish","type":"product","link":"https:\/\/barrsell.com\/en\/product\/carel-blct5d00w0-cleanable-steam-roller\/","title":{"rendered":"Carel BLCT5D00W0 Cleanable Steam Cylinder"},"content":{"rendered":"<h2>Carel BLCT5D00W0 Cleanable Steam Cylinder<\/h2>\n<p class=\" translation-block\">Carel BLCT5D00W0 Cleanable Steam Cylinder provides high efficiency in HVAC (Heating, Ventilation and Air Conditioning) systems and industrial applications. It is also a long-lasting solution. Thanks to its innovative design, it offers ease of maintenance and superior performance by minimizing calcification and accumulation. This <strong>steam roller<\/strong> is an ideal choice, especially in areas where hygiene and safety standards are high.<\/p>\n<h4>Features<\/h4>\n<table width=\"0\">\n<tbody>\n<tr>\n<td colspan=\"2\">Learn More<\/td>\n<\/tr>\n<tr>\n<td>Manufacturer<\/td>\n<td data-th=\"Manufacturer\">Carel<\/td>\n<\/tr>\n<tr>\n<td>Product Type<\/td>\n<td data-th=\"Product Type\"><a href=\"https:\/\/barrsell.com\/en\/kategoriler\/buhar-jeneratorleri-nemlendiriciler\/carel-buharli-nemlendirici\/\">Humidification<\/a><\/td>\n<\/tr>\n<tr>\n<td>Product Length<\/td>\n<td data-th=\"Product Length\">23,5 in\u00e7 (59,690 cm)<\/td>\n<\/tr>\n<tr>\n<td>Product Width<\/td>\n<td data-th=\"Product Width\">16,5 in\u00e7 (41,910 cm)<\/td>\n<\/tr>\n<tr>\n<td>Product Height<\/td>\n<td data-th=\"Product Height\">16,5 in\u00e7 (41,910 cm)<\/td>\n<\/tr>\n<tr>\n<td>Product Weight<\/td>\n<td data-th=\"Product Weight\">16 lbs (7,257 kg)<\/td>\n<\/tr>\n<tr>\n<td>Color<\/td>\n<td data-th=\"Color\">White<\/td>\n<\/tr>\n<tr>\n<td>Shipping Length<\/td>\n<td data-th=\"Shipping Length\">26 in\u00e7 (66.040 cm)<\/td>\n<\/tr>\n<tr>\n<td>Transmission Width<\/td>\n<td data-th=\"Shipping Width\">18 in\u00e7 (45,720 cm)<\/td>\n<\/tr>\n<tr>\n<td>Transportation Height<\/td>\n<td data-th=\"Shipping Height\">18 in\u00e7 (45,720 cm)<\/td>\n<\/tr>\n<\/tbody>\n<\/table>\n<h4><strong>Material Quality:<\/strong><\/h4>\n<p class=\" translation-block\">Manufactured from a special metal alloy, the<em>Carel BLCT5D00W0 steam cylinder<\/em> is particularly resistant to high temperature and pressure. It also offers strong resistance to wear and corrosion.<\/p>\n<h4><strong>Dimensions:<\/strong><\/h4>\n<p><strong>Diameter:<\/strong> 160 mm<\/p>\n<p><strong>Length<\/strong>: 420 mm<\/p>\n<p><strong>Weight:<\/strong> 4.8 kg<\/p>\n<p class=\" translation-block\"><strong>Operating Temperature Range: <\/strong>Reliable performance from 0 \u00b0C to 190 \u00b0C. <em>Carel BLCT5D00W0 steam cylinder<\/em> has a wide temperature range.<\/p>\n<p class=\" translation-block\"><strong>Pressure Resistance: <\/strong>Resistant to a maximum pressure of 10 bar, this steam cylinder offers safe use, especially in applications requiring high pressure.<\/p>\n<h4>Areas of Use<\/h4>\n<div class=\"flex max-w-full flex-col flex-grow\">\n<div class=\"min-h-8 text-message flex w-full flex-col items-end gap-2 whitespace-normal break-words [.text-message+&amp;]:mt-5\" dir=\"auto\" data-message-author-role=\"assistant\" data-message-id=\"baef592d-3f15-441b-bdd9-834738bec249\" data-client-thread-id=\"WEB:8cfba9d4-6c58-4a25-9d1a-f9d45a461faa\" data-message-model-slug=\"gpt-4o-mini\">\n<div class=\"flex w-full flex-col gap-1 empty:hidden first:pt-[3px]\">\n<div class=\"markdown prose w-full break-words dark:prose-invert light\">\n<p><em>BLCT5D00W0<\/em>, HVAC sistemlerinde ofisler, hastaneler ve laboratuvarlar gibi hassas nem kontrol\u00fc gerektiren ortamlar.<\/p>\n<\/div>\n<\/div>\n<\/div>\n<\/div>\n<p class=\" translation-block\"><strong>Industrial Applications:<\/strong> For example, it is an ideal solution for production lines, electronic device manufacturing and clean room applications.<\/p>\n<p class=\" translation-block\"><em>Steam Cylinder<\/em> is suitable for industrial and commercial applications with its large capacity, durability and easy maintenance features. It is also preferred in projects where hygiene and safety are at the forefront, ensuring long-lasting and efficient operation of the systems.<\/p>","protected":false},"excerpt":{"rendered":"<h4>Compatible Humidifier Models<\/h4>\n<p>UEH humiSteam<br \/>\nHumiSteam Lite<br \/>\nUEX humiSteam<\/p>","protected":false},"featured_media":17872,"template":"","meta":[],"product_cat":[136],"product_tag":[],"class_list":{"0":"post-17871","1":"product","2":"type-product","3":"status-publish","4":"has-post-thumbnail","6":"product_cat-carel-yedek-parcalari","8":"first","9":"instock","10":"shipping-taxable","11":"product-type-external"},"yoast_head":"<!-- This site is optimized with the Yoast SEO Premium plugin v23.2 (Yoast SEO v23.2) - https:\/\/yoast.com\/wordpress\/plugins\/seo\/ -->\n<title>Carel BLCT5D00W0 Temizlenebilir Buhar Silindiri | Barrsell End\u00fcstri<\/title>\n<meta name=\"description\" content=\"Carel BLCT5D00W0 Temizlenebilir Buhar Silindiri, y\u00fcksek verimli HVAC sistemleri ve end\u00fcstriyel buhar \u00fcretim uygulamalar\u0131nda kullan\u0131l\u0131r.\" \/>\n<meta name=\"robots\" content=\"index, follow, max-snippet:-1, max-image-preview:large, max-video-preview:-1\" \/>\n<link rel=\"canonical\" href=\"https:\/\/barrsell.com\/en\/product\/carel-blct5d00w0-cleanable-steam-roller\/\" \/>\n<meta property=\"og:locale\" content=\"en_US\" \/>\n<meta property=\"og:type\" content=\"article\" \/>\n<meta property=\"og:title\" content=\"Carel BLCT5D00W0 Temizlenebilir Buhar Silindiri\" \/>\n<meta property=\"og:description\" content=\"Carel BLCT5D00W0 Temizlenebilir Buhar Silindiri, y\u00fcksek verimli HVAC sistemleri ve end\u00fcstriyel buhar \u00fcretim uygulamalar\u0131nda kullan\u0131l\u0131r.\" \/>\n<meta property=\"og:url\" content=\"https:\/\/barrsell.com\/en\/product\/carel-blct5d00w0-cleanable-steam-roller\/\" \/>\n<meta property=\"og:site_name\" content=\"Barrsell\" \/>\n<meta property=\"article:modified_time\" content=\"2024-11-26T10:02:41+00:00\" \/>\n<meta property=\"og:image\" content=\"https:\/\/barrsell.com\/wp-content\/uploads\/2024\/11\/Carel-BLCT5D00W0-Temizlenebilir-Buhar-Silindiri.png\" \/>\n\t<meta property=\"og:image:width\" content=\"1200\" \/>\n\t<meta property=\"og:image:height\" content=\"1200\" \/>\n\t<meta property=\"og:image:type\" content=\"image\/png\" \/>\n<meta name=\"twitter:card\" content=\"summary_large_image\" \/>\n<meta name=\"twitter:label1\" content=\"Est. reading time\" \/>\n\t<meta name=\"twitter:data1\" content=\"2 minutes\" \/>\n<script type=\"application\/ld+json\" class=\"yoast-schema-graph\">{\"@context\":\"https:\/\/schema.org\",\"@graph\":[{\"@type\":\"WebPage\",\"@id\":\"https:\/\/barrsell.com\/urun\/carel-blct5d00w0-temizlenebilir-buhar-silindiri\/\",\"url\":\"https:\/\/barrsell.com\/urun\/carel-blct5d00w0-temizlenebilir-buhar-silindiri\/\",\"name\":\"Carel BLCT5D00W0 Temizlenebilir Buhar Silindiri | Barrsell End\u00fcstri\",\"isPartOf\":{\"@id\":\"https:\/\/barrsell.com\/#website\"},\"primaryImageOfPage\":{\"@id\":\"https:\/\/barrsell.com\/urun\/carel-blct5d00w0-temizlenebilir-buhar-silindiri\/#primaryimage\"},\"image\":{\"@id\":\"https:\/\/barrsell.com\/urun\/carel-blct5d00w0-temizlenebilir-buhar-silindiri\/#primaryimage\"},\"thumbnailUrl\":\"https:\/\/barrsell.com\/wp-content\/uploads\/2024\/11\/Carel-BLCT5D00W0-Temizlenebilir-Buhar-Silindiri.png\",\"datePublished\":\"2024-11-01T12:10:41+00:00\",\"dateModified\":\"2024-11-26T10:02:41+00:00\",\"description\":\"Carel BLCT5D00W0 Temizlenebilir Buhar Silindiri, y\u00fcksek verimli HVAC sistemleri ve end\u00fcstriyel buhar \u00fcretim uygulamalar\u0131nda kullan\u0131l\u0131r.\",\"breadcrumb\":{\"@id\":\"https:\/\/barrsell.com\/urun\/carel-blct5d00w0-temizlenebilir-buhar-silindiri\/#breadcrumb\"},\"inLanguage\":\"en-US\",\"potentialAction\":[{\"@type\":\"ReadAction\",\"target\":[\"https:\/\/barrsell.com\/urun\/carel-blct5d00w0-temizlenebilir-buhar-silindiri\/\"]}]},{\"@type\":\"ImageObject\",\"inLanguage\":\"en-US\",\"@id\":\"https:\/\/barrsell.com\/urun\/carel-blct5d00w0-temizlenebilir-buhar-silindiri\/#primaryimage\",\"url\":\"https:\/\/barrsell.com\/wp-content\/uploads\/2024\/11\/Carel-BLCT5D00W0-Temizlenebilir-Buhar-Silindiri.png\",\"contentUrl\":\"https:\/\/barrsell.com\/wp-content\/uploads\/2024\/11\/Carel-BLCT5D00W0-Temizlenebilir-Buhar-Silindiri.png\",\"width\":1200,\"height\":1200,\"caption\":\"Carel BLCT5D00W0 Temizlenebilir Buhar Silindiri\"},{\"@type\":\"BreadcrumbList\",\"@id\":\"https:\/\/barrsell.com\/urun\/carel-blct5d00w0-temizlenebilir-buhar-silindiri\/#breadcrumb\",\"itemListElement\":[{\"@type\":\"ListItem\",\"position\":1,\"name\":\"Home\",\"item\":\"https:\/\/barrsell.com\/\"},{\"@type\":\"ListItem\",\"position\":2,\"name\":\"\u00dcr\u00fcnler\",\"item\":\"https:\/\/barrsell.com\/en\/products\/\"},{\"@type\":\"ListItem\",\"position\":3,\"name\":\"Carel BLCT5D00W0 Temizlenebilir Buhar Silindiri\"}]},{\"@type\":\"WebSite\",\"@id\":\"https:\/\/barrsell.com\/#website\",\"url\":\"https:\/\/barrsell.com\/\",\"name\":\"Barrsell End\u00fcstri Makine\",\"description\":\"Teknolojiyle G\u00fc\u00e7lenen End\u00fcstriyel \u00c7\u00f6z\u00fcmler!\",\"potentialAction\":[{\"@type\":\"SearchAction\",\"target\":{\"@type\":\"EntryPoint\",\"urlTemplate\":\"https:\/\/barrsell.com\/?s={search_term_string}\"},\"query-input\":\"required name=search_term_string\"}],\"inLanguage\":\"en-US\"}]}<\/script>\n<!-- \/ Yoast SEO Premium plugin. -->","yoast_head_json":{"title":"Carel BLCT5D00W0 Temizlenebilir Buhar Silindiri | Barrsell End\u00fcstri","description":"Carel BLCT5D00W0 Temizlenebilir Buhar Silindiri, y\u00fcksek verimli HVAC sistemleri ve end\u00fcstriyel buhar \u00fcretim uygulamalar\u0131nda kullan\u0131l\u0131r.","robots":{"index":"index","follow":"follow","max-snippet":"max-snippet:-1","max-image-preview":"max-image-preview:large","max-video-preview":"max-video-preview:-1"},"canonical":"https:\/\/barrsell.com\/en\/product\/carel-blct5d00w0-cleanable-steam-roller\/","og_locale":"en_US","og_type":"article","og_title":"Carel BLCT5D00W0 Temizlenebilir Buhar Silindiri","og_description":"Carel BLCT5D00W0 Temizlenebilir Buhar Silindiri, y\u00fcksek verimli HVAC sistemleri ve end\u00fcstriyel buhar \u00fcretim uygulamalar\u0131nda kullan\u0131l\u0131r.","og_url":"https:\/\/barrsell.com\/en\/product\/carel-blct5d00w0-cleanable-steam-roller\/","og_site_name":"Barrsell","article_modified_time":"2024-11-26T10:02:41+00:00","og_image":[{"width":1200,"height":1200,"url":"https:\/\/barrsell.com\/wp-content\/uploads\/2024\/11\/Carel-BLCT5D00W0-Temizlenebilir-Buhar-Silindiri.png","type":"image\/png"}],"twitter_card":"summary_large_image","twitter_misc":{"Est. reading time":"2 minutes"},"schema":{"@context":"https:\/\/schema.org","@graph":[{"@type":"WebPage","@id":"https:\/\/barrsell.com\/urun\/carel-blct5d00w0-temizlenebilir-buhar-silindiri\/","url":"https:\/\/barrsell.com\/urun\/carel-blct5d00w0-temizlenebilir-buhar-silindiri\/","name":"Carel BLCT5D00W0 Temizlenebilir Buhar Silindiri | Barrsell End\u00fcstri","isPartOf":{"@id":"https:\/\/barrsell.com\/#website"},"primaryImageOfPage":{"@id":"https:\/\/barrsell.com\/urun\/carel-blct5d00w0-temizlenebilir-buhar-silindiri\/#primaryimage"},"image":{"@id":"https:\/\/barrsell.com\/urun\/carel-blct5d00w0-temizlenebilir-buhar-silindiri\/#primaryimage"},"thumbnailUrl":"https:\/\/barrsell.com\/wp-content\/uploads\/2024\/11\/Carel-BLCT5D00W0-Temizlenebilir-Buhar-Silindiri.png","datePublished":"2024-11-01T12:10:41+00:00","dateModified":"2024-11-26T10:02:41+00:00","description":"Carel BLCT5D00W0 Temizlenebilir Buhar Silindiri, y\u00fcksek verimli HVAC sistemleri ve end\u00fcstriyel buhar \u00fcretim uygulamalar\u0131nda kullan\u0131l\u0131r.","breadcrumb":{"@id":"https:\/\/barrsell.com\/urun\/carel-blct5d00w0-temizlenebilir-buhar-silindiri\/#breadcrumb"},"inLanguage":"en-US","potentialAction":[{"@type":"ReadAction","target":["https:\/\/barrsell.com\/urun\/carel-blct5d00w0-temizlenebilir-buhar-silindiri\/"]}]},{"@type":"ImageObject","inLanguage":"en-US","@id":"https:\/\/barrsell.com\/urun\/carel-blct5d00w0-temizlenebilir-buhar-silindiri\/#primaryimage","url":"https:\/\/barrsell.com\/wp-content\/uploads\/2024\/11\/Carel-BLCT5D00W0-Temizlenebilir-Buhar-Silindiri.png","contentUrl":"https:\/\/barrsell.com\/wp-content\/uploads\/2024\/11\/Carel-BLCT5D00W0-Temizlenebilir-Buhar-Silindiri.png","width":1200,"height":1200,"caption":"Carel BLCT5D00W0 Temizlenebilir Buhar Silindiri"},{"@type":"BreadcrumbList","@id":"https:\/\/barrsell.com\/urun\/carel-blct5d00w0-temizlenebilir-buhar-silindiri\/#breadcrumb","itemListElement":[{"@type":"ListItem","position":1,"name":"Home","item":"https:\/\/barrsell.com\/"},{"@type":"ListItem","position":2,"name":"\u00dcr\u00fcnler","item":"https:\/\/barrsell.com\/en\/products\/"},{"@type":"ListItem","position":3,"name":"Carel BLCT5D00W0 Temizlenebilir Buhar Silindiri"}]},{"@type":"WebSite","@id":"https:\/\/barrsell.com\/#website","url":"https:\/\/barrsell.com\/","name":"Barrsell End\u00fcstri Makine","description":"Teknolojiyle G\u00fc\u00e7lenen End\u00fcstriyel \u00c7\u00f6z\u00fcmler!","potentialAction":[{"@type":"SearchAction","target":{"@type":"EntryPoint","urlTemplate":"https:\/\/barrsell.com\/?s={search_term_string}"},"query-input":"required name=search_term_string"}],"inLanguage":"en-US"}]}},"_links":{"self":[{"href":"https:\/\/barrsell.com\/en\/wp-json\/wp\/v2\/product\/17871","targetHints":{"allow":["GET"]}}],"collection":[{"href":"https:\/\/barrsell.com\/en\/wp-json\/wp\/v2\/product"}],"about":[{"href":"https:\/\/barrsell.com\/en\/wp-json\/wp\/v2\/types\/product"}],"version-history":[{"count":9,"href":"https:\/\/barrsell.com\/en\/wp-json\/wp\/v2\/product\/17871\/revisions"}],"predecessor-version":[{"id":18584,"href":"https:\/\/barrsell.com\/en\/wp-json\/wp\/v2\/product\/17871\/revisions\/18584"}],"wp:featuredmedia":[{"embeddable":true,"href":"https:\/\/barrsell.com\/en\/wp-json\/wp\/v2\/media\/17872"}],"wp:attachment":[{"href":"https:\/\/barrsell.com\/en\/wp-json\/wp\/v2\/media?parent=17871"}],"wp:term":[{"taxonomy":"product_cat","embeddable":true,"href":"https:\/\/barrsell.com\/en\/wp-json\/wp\/v2\/product_cat?post=17871"},{"taxonomy":"product_tag","embeddable":true,"href":"https:\/\/barrsell.com\/en\/wp-json\/wp\/v2\/product_tag?post=17871"}],"curies":[{"name":"wp","href":"https:\/\/api.w.org\/{rel}","templated":true}]}}