{"id":17868,"date":"2024-11-01T11:58:45","date_gmt":"2024-11-01T11:58:45","guid":{"rendered":"https:\/\/barrsell.com\/?post_type=product&#038;p=17868"},"modified":"2024-11-26T10:04:21","modified_gmt":"2024-11-26T10:04:21","slug":"carel-bl0t5c00h0usp-buhar-silindiri","status":"publish","type":"product","link":"https:\/\/barrsell.com\/en\/product\/carel-bl0t5c00h0usp-steam-roller\/","title":{"rendered":"Carel BL0T5C00H0USP Steam Cylinder"},"content":{"rendered":"<h2><strong>Carel BL0T5C00H0USP Steam Cylinder<\/strong><\/h2>\n<p class=\" translation-block\">The <strong>Carel BL0T5C00H0USP steam cylinder<\/strong> is a highly efficient <strong>steam generation unit<\/strong> for industrial and commercial applications. It offers an ideal solution especially for <strong>HVAC systems<\/strong>, <strong>humidity control<\/strong> or <strong>vapor humidifier<\/strong> applications. This <strong>steam cylinder<\/strong> also produces high capacity steam with its durable construction. It works in harmony with any <a href=\"\/\/barrsell.com\/kategoriler\/buhar-jeneratorleri-nemlendiriciler\/carel-buharli-nemlendirici\/\u201d\" target=\"\u201c_self\u201d\"><strong>humidifier<\/strong><\/a> to achieve excellent results.<\/p>\n<h4><strong>Features<\/strong><\/h4>\n<table>\n<tbody>\n<tr>\n<td colspan=\"2\">Learn More<\/td>\n<\/tr>\n<tr>\n<td><strong>Manufacturer<\/strong><\/td>\n<td>Carel<\/td>\n<\/tr>\n<tr>\n<td><strong>Product Type<\/strong><\/td>\n<td><a href=\"https:\/\/barrsell.com\/en\/kategoriler\/buhar-jeneratorleri-nemlendiriciler\/carel-buharli-nemlendirici\/\">Humidification<\/a><\/td>\n<\/tr>\n<tr>\n<td><strong>Service Range<\/strong><\/td>\n<td>3 to 12 Month<\/td>\n<\/tr>\n<tr>\n<td><strong>Product Length<\/strong><\/td>\n<td>24 in\u00e7 (60,960 cm)<\/td>\n<\/tr>\n<tr>\n<td><strong>Product Width<\/strong><\/td>\n<td>16 in\u00e7 (40,640 cm)<\/td>\n<\/tr>\n<tr>\n<td><strong>Product Height<\/strong><\/td>\n<td>16 in\u00e7 (40,640 cm)<\/td>\n<\/tr>\n<tr>\n<td><strong>Product Weight<\/strong><\/td>\n<td>16,1 lbs (7,303 kg)<\/td>\n<\/tr>\n<tr>\n<td><strong>Material<\/strong><\/td>\n<td>Plastic<\/td>\n<\/tr>\n<tr>\n<td><strong>Color<\/strong><\/td>\n<td>White<\/td>\n<\/tr>\n<tr>\n<td><strong>Program Number B<\/strong><\/td>\n<td>8479.90.4100<\/td>\n<\/tr>\n<tr>\n<td><strong>Shipping Length<\/strong><\/td>\n<td>26 in\u00e7 (66.040 cm)<\/td>\n<\/tr>\n<tr>\n<td><strong>Transmission Width<\/strong><\/td>\n<td>18 in\u00e7 (45,720 cm)<\/td>\n<\/tr>\n<tr>\n<td><strong>Transportation Height<\/strong><\/td>\n<td>18 in\u00e7 (45,720 cm)<\/td>\n<\/tr>\n<\/tbody>\n<\/table>\n<h4><strong>Carel BL0T5C00H0USP Steam Cylinder Technical Specifications<\/strong><\/h4>\n<ul>\n<li class=\" translation-block\"><strong>High Steam Generation Capacity<\/strong>:<br>\nThe <strong>Carel BL0T5C00H0USP<\/strong> provides a high volume of <strong>steam production<\/strong> per hour, making it an ideal solution for <strong>humidifier systems<\/strong>. At the same time, this feature is especially important for <strong>humidity control<\/strong> in industrial applications.<\/li>\n<li class=\" translation-block\"><strong>Durable and Long-lasting Design<\/strong>:<br>\n<strong>Carel BL0T5C00H0USP,<\/strong> is built with special materials that are <strong>corrosion resistant<\/strong> and suitable for <strong>high temperature<\/strong> conditions. This durable construction also ensures the device's long life and minimizes maintenance requirements.<\/li>\n<li class=\" translation-block\"><strong>Energy Efficiency<\/strong>:<br>\n<strong>Carel BL0T5C00H0USP<\/strong> offers an <strong>energy efficient<\/strong> solution with low energy consumption.  As a steam generator, it also reduces operating costs by <strong>energy saving<\/strong>.<\/li>\n<li class=\" translation-block\"><strong>Temperature and Pressure Resistance<\/strong>:<br>\nThis <strong>steam roller<\/strong> operates efficiently under high pressure over a wide temperature range, making it a safe humidification system. &lt;\/Especially <em><strong>Carel BL0T5C00H0USP<\/strong><\/em> is an excellent choice to meet industrial temperature needs.<\/li>\n<\/ul>\n<p class=\" translation-block\">As a result, the <strong>Carel BL0T5C00H0USP steam cylinder<\/strong> is undoubtedly the perfect solution for <strong>HVAC systems<\/strong> and <strong>industrial humidifiers<\/strong> with its high capacity, <strong>energy efficiency<\/strong> and durable design. It is also compatible with <strong>Carel's humidifier models<\/strong>, offering superior performance in <strong>steam generation<\/strong> and <strong>humidity control<\/strong>. It also offers a reliable, efficient and long-lasting <strong>vapor humidifier<\/strong> solution for both commercial and industrial environments, allowing businesses to operate more efficiently by <strong>energy saving<\/strong>.<\/p>","protected":false},"excerpt":{"rendered":"<h4>Compatible Humidifier Models<\/h4>\n<ul>\n<li>UE065HM Series<\/li>\n<li>UE065XM Series<\/li>\n<li>UE065XN Series<\/li>\n<li>UE065YL Series<\/li>\n<li>UE130HL Series<\/li>\n<li>UE130HM Series<\/li>\n<li>UE130XM Series<\/li>\n<\/ul>","protected":false},"featured_media":17869,"template":"","meta":[],"product_cat":[136],"product_tag":[],"class_list":{"0":"post-17868","1":"product","2":"type-product","3":"status-publish","4":"has-post-thumbnail","6":"product_cat-carel-yedek-parcalari","8":"first","9":"instock","10":"shipping-taxable","11":"product-type-external"},"yoast_head":"<!-- This site is optimized with the Yoast SEO Premium plugin v23.2 (Yoast SEO v23.2) - https:\/\/yoast.com\/wordpress\/plugins\/seo\/ -->\n<title>Carel BL0T5C00H0USP Buhar Silindiri | Barrsell End\u00fcstri<\/title>\n<meta name=\"description\" content=\"Carel BL0T5C00H0USP Buhar Silindiri, HVAC (Is\u0131tma, Havaland\u0131rma ve \u0130klimlendirme) sistemlerinde ve end\u00fcstriyel uygulamalarda y\u00fcksek performansl\u0131.\" \/>\n<meta name=\"robots\" content=\"index, follow, max-snippet:-1, max-image-preview:large, max-video-preview:-1\" \/>\n<link rel=\"canonical\" href=\"https:\/\/barrsell.com\/en\/product\/carel-bl0t5c00h0usp-steam-roller\/\" \/>\n<meta property=\"og:locale\" content=\"en_US\" \/>\n<meta property=\"og:type\" content=\"article\" \/>\n<meta property=\"og:title\" content=\"Carel BL0T5C00H0USP Buhar Silindiri\" \/>\n<meta property=\"og:description\" content=\"Carel BL0T5C00H0USP Buhar Silindiri, HVAC (Is\u0131tma, Havaland\u0131rma ve \u0130klimlendirme) sistemlerinde ve end\u00fcstriyel uygulamalarda y\u00fcksek performansl\u0131.\" \/>\n<meta property=\"og:url\" content=\"https:\/\/barrsell.com\/en\/product\/carel-bl0t5c00h0usp-steam-roller\/\" \/>\n<meta property=\"og:site_name\" content=\"Barrsell\" \/>\n<meta property=\"article:modified_time\" content=\"2024-11-26T10:04:21+00:00\" \/>\n<meta property=\"og:image\" content=\"https:\/\/barrsell.com\/wp-content\/uploads\/2024\/11\/Carel-BL0T5C00H0USP-Buhar-Silindiri.png\" \/>\n\t<meta property=\"og:image:width\" content=\"1200\" \/>\n\t<meta property=\"og:image:height\" content=\"1200\" \/>\n\t<meta property=\"og:image:type\" content=\"image\/png\" \/>\n<meta name=\"twitter:card\" content=\"summary_large_image\" \/>\n<meta name=\"twitter:label1\" content=\"Est. reading time\" \/>\n\t<meta name=\"twitter:data1\" content=\"3 minutes\" \/>\n<script type=\"application\/ld+json\" class=\"yoast-schema-graph\">{\"@context\":\"https:\/\/schema.org\",\"@graph\":[{\"@type\":\"WebPage\",\"@id\":\"https:\/\/barrsell.com\/urun\/carel-bl0t5c00h0usp-buhar-silindiri\/\",\"url\":\"https:\/\/barrsell.com\/urun\/carel-bl0t5c00h0usp-buhar-silindiri\/\",\"name\":\"Carel BL0T5C00H0USP Buhar Silindiri | Barrsell End\u00fcstri\",\"isPartOf\":{\"@id\":\"https:\/\/barrsell.com\/#website\"},\"primaryImageOfPage\":{\"@id\":\"https:\/\/barrsell.com\/urun\/carel-bl0t5c00h0usp-buhar-silindiri\/#primaryimage\"},\"image\":{\"@id\":\"https:\/\/barrsell.com\/urun\/carel-bl0t5c00h0usp-buhar-silindiri\/#primaryimage\"},\"thumbnailUrl\":\"https:\/\/barrsell.com\/wp-content\/uploads\/2024\/11\/Carel-BL0T5C00H0USP-Buhar-Silindiri.png\",\"datePublished\":\"2024-11-01T11:58:45+00:00\",\"dateModified\":\"2024-11-26T10:04:21+00:00\",\"description\":\"Carel BL0T5C00H0USP Buhar Silindiri, HVAC (Is\u0131tma, Havaland\u0131rma ve \u0130klimlendirme) sistemlerinde ve end\u00fcstriyel uygulamalarda y\u00fcksek performansl\u0131.\",\"breadcrumb\":{\"@id\":\"https:\/\/barrsell.com\/urun\/carel-bl0t5c00h0usp-buhar-silindiri\/#breadcrumb\"},\"inLanguage\":\"en-US\",\"potentialAction\":[{\"@type\":\"ReadAction\",\"target\":[\"https:\/\/barrsell.com\/urun\/carel-bl0t5c00h0usp-buhar-silindiri\/\"]}]},{\"@type\":\"ImageObject\",\"inLanguage\":\"en-US\",\"@id\":\"https:\/\/barrsell.com\/urun\/carel-bl0t5c00h0usp-buhar-silindiri\/#primaryimage\",\"url\":\"https:\/\/barrsell.com\/wp-content\/uploads\/2024\/11\/Carel-BL0T5C00H0USP-Buhar-Silindiri.png\",\"contentUrl\":\"https:\/\/barrsell.com\/wp-content\/uploads\/2024\/11\/Carel-BL0T5C00H0USP-Buhar-Silindiri.png\",\"width\":1200,\"height\":1200,\"caption\":\"Carel BL0T5C00H0USP Buhar Silindiri\"},{\"@type\":\"BreadcrumbList\",\"@id\":\"https:\/\/barrsell.com\/urun\/carel-bl0t5c00h0usp-buhar-silindiri\/#breadcrumb\",\"itemListElement\":[{\"@type\":\"ListItem\",\"position\":1,\"name\":\"Home\",\"item\":\"https:\/\/barrsell.com\/\"},{\"@type\":\"ListItem\",\"position\":2,\"name\":\"\u00dcr\u00fcnler\",\"item\":\"https:\/\/barrsell.com\/en\/products\/\"},{\"@type\":\"ListItem\",\"position\":3,\"name\":\"Carel BL0T5C00H0USP Buhar Silindiri\"}]},{\"@type\":\"WebSite\",\"@id\":\"https:\/\/barrsell.com\/#website\",\"url\":\"https:\/\/barrsell.com\/\",\"name\":\"Barrsell End\u00fcstri Makine\",\"description\":\"Teknolojiyle G\u00fc\u00e7lenen End\u00fcstriyel \u00c7\u00f6z\u00fcmler!\",\"potentialAction\":[{\"@type\":\"SearchAction\",\"target\":{\"@type\":\"EntryPoint\",\"urlTemplate\":\"https:\/\/barrsell.com\/?s={search_term_string}\"},\"query-input\":\"required name=search_term_string\"}],\"inLanguage\":\"en-US\"}]}<\/script>\n<!-- \/ Yoast SEO Premium plugin. -->","yoast_head_json":{"title":"Carel BL0T5C00H0USP Buhar Silindiri | Barrsell End\u00fcstri","description":"Carel BL0T5C00H0USP Buhar Silindiri, HVAC (Is\u0131tma, Havaland\u0131rma ve \u0130klimlendirme) sistemlerinde ve end\u00fcstriyel uygulamalarda y\u00fcksek performansl\u0131.","robots":{"index":"index","follow":"follow","max-snippet":"max-snippet:-1","max-image-preview":"max-image-preview:large","max-video-preview":"max-video-preview:-1"},"canonical":"https:\/\/barrsell.com\/en\/product\/carel-bl0t5c00h0usp-steam-roller\/","og_locale":"en_US","og_type":"article","og_title":"Carel BL0T5C00H0USP Buhar Silindiri","og_description":"Carel BL0T5C00H0USP Buhar Silindiri, HVAC (Is\u0131tma, Havaland\u0131rma ve \u0130klimlendirme) sistemlerinde ve end\u00fcstriyel uygulamalarda y\u00fcksek performansl\u0131.","og_url":"https:\/\/barrsell.com\/en\/product\/carel-bl0t5c00h0usp-steam-roller\/","og_site_name":"Barrsell","article_modified_time":"2024-11-26T10:04:21+00:00","og_image":[{"width":1200,"height":1200,"url":"https:\/\/barrsell.com\/wp-content\/uploads\/2024\/11\/Carel-BL0T5C00H0USP-Buhar-Silindiri.png","type":"image\/png"}],"twitter_card":"summary_large_image","twitter_misc":{"Est. reading time":"3 minutes"},"schema":{"@context":"https:\/\/schema.org","@graph":[{"@type":"WebPage","@id":"https:\/\/barrsell.com\/urun\/carel-bl0t5c00h0usp-buhar-silindiri\/","url":"https:\/\/barrsell.com\/urun\/carel-bl0t5c00h0usp-buhar-silindiri\/","name":"Carel BL0T5C00H0USP Buhar Silindiri | Barrsell End\u00fcstri","isPartOf":{"@id":"https:\/\/barrsell.com\/#website"},"primaryImageOfPage":{"@id":"https:\/\/barrsell.com\/urun\/carel-bl0t5c00h0usp-buhar-silindiri\/#primaryimage"},"image":{"@id":"https:\/\/barrsell.com\/urun\/carel-bl0t5c00h0usp-buhar-silindiri\/#primaryimage"},"thumbnailUrl":"https:\/\/barrsell.com\/wp-content\/uploads\/2024\/11\/Carel-BL0T5C00H0USP-Buhar-Silindiri.png","datePublished":"2024-11-01T11:58:45+00:00","dateModified":"2024-11-26T10:04:21+00:00","description":"Carel BL0T5C00H0USP Buhar Silindiri, HVAC (Is\u0131tma, Havaland\u0131rma ve \u0130klimlendirme) sistemlerinde ve end\u00fcstriyel uygulamalarda y\u00fcksek performansl\u0131.","breadcrumb":{"@id":"https:\/\/barrsell.com\/urun\/carel-bl0t5c00h0usp-buhar-silindiri\/#breadcrumb"},"inLanguage":"en-US","potentialAction":[{"@type":"ReadAction","target":["https:\/\/barrsell.com\/urun\/carel-bl0t5c00h0usp-buhar-silindiri\/"]}]},{"@type":"ImageObject","inLanguage":"en-US","@id":"https:\/\/barrsell.com\/urun\/carel-bl0t5c00h0usp-buhar-silindiri\/#primaryimage","url":"https:\/\/barrsell.com\/wp-content\/uploads\/2024\/11\/Carel-BL0T5C00H0USP-Buhar-Silindiri.png","contentUrl":"https:\/\/barrsell.com\/wp-content\/uploads\/2024\/11\/Carel-BL0T5C00H0USP-Buhar-Silindiri.png","width":1200,"height":1200,"caption":"Carel BL0T5C00H0USP Buhar Silindiri"},{"@type":"BreadcrumbList","@id":"https:\/\/barrsell.com\/urun\/carel-bl0t5c00h0usp-buhar-silindiri\/#breadcrumb","itemListElement":[{"@type":"ListItem","position":1,"name":"Home","item":"https:\/\/barrsell.com\/"},{"@type":"ListItem","position":2,"name":"\u00dcr\u00fcnler","item":"https:\/\/barrsell.com\/en\/products\/"},{"@type":"ListItem","position":3,"name":"Carel BL0T5C00H0USP Buhar Silindiri"}]},{"@type":"WebSite","@id":"https:\/\/barrsell.com\/#website","url":"https:\/\/barrsell.com\/","name":"Barrsell End\u00fcstri Makine","description":"Teknolojiyle G\u00fc\u00e7lenen End\u00fcstriyel \u00c7\u00f6z\u00fcmler!","potentialAction":[{"@type":"SearchAction","target":{"@type":"EntryPoint","urlTemplate":"https:\/\/barrsell.com\/?s={search_term_string}"},"query-input":"required name=search_term_string"}],"inLanguage":"en-US"}]}},"_links":{"self":[{"href":"https:\/\/barrsell.com\/en\/wp-json\/wp\/v2\/product\/17868","targetHints":{"allow":["GET"]}}],"collection":[{"href":"https:\/\/barrsell.com\/en\/wp-json\/wp\/v2\/product"}],"about":[{"href":"https:\/\/barrsell.com\/en\/wp-json\/wp\/v2\/types\/product"}],"version-history":[{"count":10,"href":"https:\/\/barrsell.com\/en\/wp-json\/wp\/v2\/product\/17868\/revisions"}],"predecessor-version":[{"id":18585,"href":"https:\/\/barrsell.com\/en\/wp-json\/wp\/v2\/product\/17868\/revisions\/18585"}],"wp:featuredmedia":[{"embeddable":true,"href":"https:\/\/barrsell.com\/en\/wp-json\/wp\/v2\/media\/17869"}],"wp:attachment":[{"href":"https:\/\/barrsell.com\/en\/wp-json\/wp\/v2\/media?parent=17868"}],"wp:term":[{"taxonomy":"product_cat","embeddable":true,"href":"https:\/\/barrsell.com\/en\/wp-json\/wp\/v2\/product_cat?post=17868"},{"taxonomy":"product_tag","embeddable":true,"href":"https:\/\/barrsell.com\/en\/wp-json\/wp\/v2\/product_tag?post=17868"}],"curies":[{"name":"wp","href":"https:\/\/api.w.org\/{rel}","templated":true}]}}