{"id":17864,"date":"2024-11-01T11:44:00","date_gmt":"2024-11-01T11:44:00","guid":{"rendered":"https:\/\/barrsell.com\/?post_type=product&#038;p=17864"},"modified":"2024-11-28T12:29:34","modified_gmt":"2024-11-28T12:29:34","slug":"carel-blct2d00w0-temizlenebilir-buhar-silindiri","status":"publish","type":"product","link":"https:\/\/barrsell.com\/en\/product\/carel-blct2d00w0-cleanable-steam-roller\/","title":{"rendered":"Carel BLCT2D00W0 Cleanable Steam Cylinder"},"content":{"rendered":"<h2><strong>Carel BLCT2D00W0 Cleanable Steam Cylinder<\/strong><\/h2>\n<p class=\" translation-block\"><strong>Carel BLCT2D00W0 Cleanable Steam Cylinder<\/strong> is a high performance steam generation solution for commercial and industrial humidity control applications. It is also an ideal choice for <strong>HVAC systems<\/strong> and precision <strong>vapor humidifier<\/strong> needs. At the same time, with its innovative construction, <strong>Carel BLCT2D00W0<\/strong> offers ease of maintenance and long service life.<\/p>\n<h4><strong>Features<\/strong><\/h4>\n<table width=\"0\">\n<tbody>\n<tr>\n<td colspan=\"2\">Learn More<\/td>\n<\/tr>\n<tr>\n<td>Manufacturer<\/td>\n<td>Carel<\/td>\n<\/tr>\n<tr>\n<td>Product Type<\/td>\n<td><a href=\"https:\/\/barrsell.com\/en\/kategoriler\/buhar-jeneratorleri-nemlendiriciler\/carel-buharli-nemlendirici\/\">Humidification<\/a><\/td>\n<\/tr>\n<tr>\n<td>Product Length<\/td>\n<td>14,15 in\u00e7 (35,941 cm)<\/td>\n<\/tr>\n<tr>\n<td>Product Width<\/td>\n<td>8,05 in\u00e7 (20,447 cm)<\/td>\n<\/tr>\n<tr>\n<td>Product Height<\/td>\n<td>8 in\u00e7 (20,320 cm)<\/td>\n<\/tr>\n<tr>\n<td>Product Weight<\/td>\n<td>3,6 lbs (1,633 kg)<\/td>\n<\/tr>\n<tr>\n<td>Shipping Length<\/td>\n<td>18,5 in\u00e7 (46,990 cm)<\/td>\n<\/tr>\n<tr>\n<td>Transmission Width<\/td>\n<td>8,5 in\u00e7 (21,590 cm)<\/td>\n<\/tr>\n<tr>\n<td>Transportation Height<\/td>\n<td>8,5 in\u00e7 (21,590 cm)<\/td>\n<\/tr>\n<\/tbody>\n<\/table>\n<div id=\"product.attributes\" class=\"data item content\" role=\"tabpanel\" data-role=\"content\" aria-labelledby=\"tab-label-product.attributes\" aria-hidden=\"false\"><\/div>\n<h4><strong>Technical Specifications<\/strong><\/h4>\n<p><strong>Malzeme Kalitesi ve Dayan\u0131kl\u0131l\u0131k<\/strong><\/p>\n<p class=\" translation-block\">The <strong>Carel BLCT2D00W0 steam cylinder<\/strong> is made of a special alloy that is particularly resistant to high temperatures and corrosion. This makes the device resistant to wear and guarantees many years of trouble-free operation.<\/p>\n<p><strong>Design<\/strong><\/p>\n<p>You can remove this device and clean it at the same time. This reduces maintenance times and lowers operating costs, especially in systems with high sediment accumulation.<\/p>\n<p class=\" translation-block\"><strong>Wide Operating Range : <\/strong><strong>Carel BLCT2D00W0<\/strong> offers efficient performance over a wide temperature range from 0\u00b0C to 190\u00b0C. It also withstands up to a maximum pressure of 8 bar, making it suitable for applications with high pressure requirements.<\/p>\n<p class=\" translation-block\"><strong>Precise Steam Generation: <\/strong>The device is specifically designed for hospitals, laboratories and cleanroom applications where <strong>precise humidity control<\/strong> is required.<\/p>\n<p><strong>Steam cylinder Dimensions and Technical Details<\/strong><\/p>\n<p>Diameter 150 mm<\/p>\n<p>Length: 400 mm<\/p>\n<p>Weight: 4.2 kg<\/p>\n<h4><strong>Areas of Use<\/strong><\/h4>\n<ul>\n<li class=\" translation-block\"><strong>HVAC Systems<\/strong>: Ideal for environments requiring precise humidity control such as offices, hospitals and laboratories.<\/li>\n<li class=\" translation-block\"><strong>Industrial Applications<\/strong>: You can use it in electronics manufacturing, pharmaceutical factories and also in other clean room applications.<\/li>\n<li class=\" translation-block\"><strong>Commercial Use<\/strong>: Optimizes humidity control in shopping malls and large buildings.<\/li>\n<\/ul>\n<p>&nbsp;<\/p>","protected":false},"excerpt":{"rendered":"<h4>Compatible Humidifier Models<\/h4>\n<ul>\n<li>HumiSteam Basic<\/li>\n<li>HumiSteam Compact<\/li>\n<\/ul>","protected":false},"featured_media":17865,"template":"","meta":[],"product_cat":[136],"product_tag":[],"class_list":{"0":"post-17864","1":"product","2":"type-product","3":"status-publish","4":"has-post-thumbnail","6":"product_cat-carel-yedek-parcalari","8":"first","9":"instock","10":"shipping-taxable","11":"product-type-external"},"yoast_head":"<!-- This site is optimized with the Yoast SEO Premium plugin v23.2 (Yoast SEO v23.2) - https:\/\/yoast.com\/wordpress\/plugins\/seo\/ -->\n<title>Carel BLCT2D00W0 Temizlenebilir Buhar Silindiri | Barrsell End\u00fcstri<\/title>\n<meta name=\"description\" content=\"Carel BLCT2D00W0 Temizlenebilir Buhar Silindiri, \u00f6zellikle HVAC sistemlerinde y\u00fcksek performans ve kullan\u0131m kolayl\u0131\u011f\u0131 sa\u011flar.\" \/>\n<meta name=\"robots\" content=\"index, follow, max-snippet:-1, max-image-preview:large, max-video-preview:-1\" \/>\n<link rel=\"canonical\" href=\"https:\/\/barrsell.com\/en\/product\/carel-blct2d00w0-cleanable-steam-roller\/\" \/>\n<meta property=\"og:locale\" content=\"en_US\" \/>\n<meta property=\"og:type\" content=\"article\" \/>\n<meta property=\"og:title\" content=\"Carel BLCT2D00W0 Temizlenebilir Buhar Silindiri\" \/>\n<meta property=\"og:description\" content=\"Carel BLCT2D00W0 Temizlenebilir Buhar Silindiri, \u00f6zellikle HVAC sistemlerinde y\u00fcksek performans ve kullan\u0131m kolayl\u0131\u011f\u0131 sa\u011flar.\" \/>\n<meta property=\"og:url\" content=\"https:\/\/barrsell.com\/en\/product\/carel-blct2d00w0-cleanable-steam-roller\/\" \/>\n<meta property=\"og:site_name\" content=\"Barrsell\" \/>\n<meta property=\"article:modified_time\" content=\"2024-11-28T12:29:34+00:00\" \/>\n<meta property=\"og:image\" content=\"https:\/\/barrsell.com\/wp-content\/uploads\/2024\/11\/Carel-BLCT2D00W0-Temizlenebilir-Buhar-Silindir.png\" \/>\n\t<meta property=\"og:image:width\" content=\"1200\" \/>\n\t<meta property=\"og:image:height\" content=\"1200\" \/>\n\t<meta property=\"og:image:type\" content=\"image\/png\" \/>\n<meta name=\"twitter:card\" content=\"summary_large_image\" \/>\n<meta name=\"twitter:label1\" content=\"Est. reading time\" \/>\n\t<meta name=\"twitter:data1\" content=\"2 minutes\" \/>\n<script type=\"application\/ld+json\" class=\"yoast-schema-graph\">{\"@context\":\"https:\/\/schema.org\",\"@graph\":[{\"@type\":\"WebPage\",\"@id\":\"https:\/\/barrsell.com\/urun\/carel-blct2d00w0-temizlenebilir-buhar-silindiri\/\",\"url\":\"https:\/\/barrsell.com\/urun\/carel-blct2d00w0-temizlenebilir-buhar-silindiri\/\",\"name\":\"Carel BLCT2D00W0 Temizlenebilir Buhar Silindiri | Barrsell End\u00fcstri\",\"isPartOf\":{\"@id\":\"https:\/\/barrsell.com\/#website\"},\"primaryImageOfPage\":{\"@id\":\"https:\/\/barrsell.com\/urun\/carel-blct2d00w0-temizlenebilir-buhar-silindiri\/#primaryimage\"},\"image\":{\"@id\":\"https:\/\/barrsell.com\/urun\/carel-blct2d00w0-temizlenebilir-buhar-silindiri\/#primaryimage\"},\"thumbnailUrl\":\"https:\/\/barrsell.com\/wp-content\/uploads\/2024\/11\/Carel-BLCT2D00W0-Temizlenebilir-Buhar-Silindir.png\",\"datePublished\":\"2024-11-01T11:44:00+00:00\",\"dateModified\":\"2024-11-28T12:29:34+00:00\",\"description\":\"Carel BLCT2D00W0 Temizlenebilir Buhar Silindiri, \u00f6zellikle HVAC sistemlerinde y\u00fcksek performans ve kullan\u0131m kolayl\u0131\u011f\u0131 sa\u011flar.\",\"breadcrumb\":{\"@id\":\"https:\/\/barrsell.com\/urun\/carel-blct2d00w0-temizlenebilir-buhar-silindiri\/#breadcrumb\"},\"inLanguage\":\"en-US\",\"potentialAction\":[{\"@type\":\"ReadAction\",\"target\":[\"https:\/\/barrsell.com\/urun\/carel-blct2d00w0-temizlenebilir-buhar-silindiri\/\"]}]},{\"@type\":\"ImageObject\",\"inLanguage\":\"en-US\",\"@id\":\"https:\/\/barrsell.com\/urun\/carel-blct2d00w0-temizlenebilir-buhar-silindiri\/#primaryimage\",\"url\":\"https:\/\/barrsell.com\/wp-content\/uploads\/2024\/11\/Carel-BLCT2D00W0-Temizlenebilir-Buhar-Silindir.png\",\"contentUrl\":\"https:\/\/barrsell.com\/wp-content\/uploads\/2024\/11\/Carel-BLCT2D00W0-Temizlenebilir-Buhar-Silindir.png\",\"width\":1200,\"height\":1200,\"caption\":\"Carel BLCT2D00W0 Temizlenebilir Buhar Silindir\"},{\"@type\":\"BreadcrumbList\",\"@id\":\"https:\/\/barrsell.com\/urun\/carel-blct2d00w0-temizlenebilir-buhar-silindiri\/#breadcrumb\",\"itemListElement\":[{\"@type\":\"ListItem\",\"position\":1,\"name\":\"Home\",\"item\":\"https:\/\/barrsell.com\/\"},{\"@type\":\"ListItem\",\"position\":2,\"name\":\"\u00dcr\u00fcnler\",\"item\":\"https:\/\/barrsell.com\/en\/products\/\"},{\"@type\":\"ListItem\",\"position\":3,\"name\":\"Carel BLCT2D00W0 Temizlenebilir Buhar Silindiri\"}]},{\"@type\":\"WebSite\",\"@id\":\"https:\/\/barrsell.com\/#website\",\"url\":\"https:\/\/barrsell.com\/\",\"name\":\"Barrsell End\u00fcstri Makine\",\"description\":\"Teknolojiyle G\u00fc\u00e7lenen End\u00fcstriyel \u00c7\u00f6z\u00fcmler!\",\"potentialAction\":[{\"@type\":\"SearchAction\",\"target\":{\"@type\":\"EntryPoint\",\"urlTemplate\":\"https:\/\/barrsell.com\/?s={search_term_string}\"},\"query-input\":\"required name=search_term_string\"}],\"inLanguage\":\"en-US\"}]}<\/script>\n<!-- \/ Yoast SEO Premium plugin. -->","yoast_head_json":{"title":"Carel BLCT2D00W0 Temizlenebilir Buhar Silindiri | Barrsell End\u00fcstri","description":"Carel BLCT2D00W0 Temizlenebilir Buhar Silindiri, \u00f6zellikle HVAC sistemlerinde y\u00fcksek performans ve kullan\u0131m kolayl\u0131\u011f\u0131 sa\u011flar.","robots":{"index":"index","follow":"follow","max-snippet":"max-snippet:-1","max-image-preview":"max-image-preview:large","max-video-preview":"max-video-preview:-1"},"canonical":"https:\/\/barrsell.com\/en\/product\/carel-blct2d00w0-cleanable-steam-roller\/","og_locale":"en_US","og_type":"article","og_title":"Carel BLCT2D00W0 Temizlenebilir Buhar Silindiri","og_description":"Carel BLCT2D00W0 Temizlenebilir Buhar Silindiri, \u00f6zellikle HVAC sistemlerinde y\u00fcksek performans ve kullan\u0131m kolayl\u0131\u011f\u0131 sa\u011flar.","og_url":"https:\/\/barrsell.com\/en\/product\/carel-blct2d00w0-cleanable-steam-roller\/","og_site_name":"Barrsell","article_modified_time":"2024-11-28T12:29:34+00:00","og_image":[{"width":1200,"height":1200,"url":"https:\/\/barrsell.com\/wp-content\/uploads\/2024\/11\/Carel-BLCT2D00W0-Temizlenebilir-Buhar-Silindir.png","type":"image\/png"}],"twitter_card":"summary_large_image","twitter_misc":{"Est. reading time":"2 minutes"},"schema":{"@context":"https:\/\/schema.org","@graph":[{"@type":"WebPage","@id":"https:\/\/barrsell.com\/urun\/carel-blct2d00w0-temizlenebilir-buhar-silindiri\/","url":"https:\/\/barrsell.com\/urun\/carel-blct2d00w0-temizlenebilir-buhar-silindiri\/","name":"Carel BLCT2D00W0 Temizlenebilir Buhar Silindiri | Barrsell End\u00fcstri","isPartOf":{"@id":"https:\/\/barrsell.com\/#website"},"primaryImageOfPage":{"@id":"https:\/\/barrsell.com\/urun\/carel-blct2d00w0-temizlenebilir-buhar-silindiri\/#primaryimage"},"image":{"@id":"https:\/\/barrsell.com\/urun\/carel-blct2d00w0-temizlenebilir-buhar-silindiri\/#primaryimage"},"thumbnailUrl":"https:\/\/barrsell.com\/wp-content\/uploads\/2024\/11\/Carel-BLCT2D00W0-Temizlenebilir-Buhar-Silindir.png","datePublished":"2024-11-01T11:44:00+00:00","dateModified":"2024-11-28T12:29:34+00:00","description":"Carel BLCT2D00W0 Temizlenebilir Buhar Silindiri, \u00f6zellikle HVAC sistemlerinde y\u00fcksek performans ve kullan\u0131m kolayl\u0131\u011f\u0131 sa\u011flar.","breadcrumb":{"@id":"https:\/\/barrsell.com\/urun\/carel-blct2d00w0-temizlenebilir-buhar-silindiri\/#breadcrumb"},"inLanguage":"en-US","potentialAction":[{"@type":"ReadAction","target":["https:\/\/barrsell.com\/urun\/carel-blct2d00w0-temizlenebilir-buhar-silindiri\/"]}]},{"@type":"ImageObject","inLanguage":"en-US","@id":"https:\/\/barrsell.com\/urun\/carel-blct2d00w0-temizlenebilir-buhar-silindiri\/#primaryimage","url":"https:\/\/barrsell.com\/wp-content\/uploads\/2024\/11\/Carel-BLCT2D00W0-Temizlenebilir-Buhar-Silindir.png","contentUrl":"https:\/\/barrsell.com\/wp-content\/uploads\/2024\/11\/Carel-BLCT2D00W0-Temizlenebilir-Buhar-Silindir.png","width":1200,"height":1200,"caption":"Carel BLCT2D00W0 Temizlenebilir Buhar Silindir"},{"@type":"BreadcrumbList","@id":"https:\/\/barrsell.com\/urun\/carel-blct2d00w0-temizlenebilir-buhar-silindiri\/#breadcrumb","itemListElement":[{"@type":"ListItem","position":1,"name":"Home","item":"https:\/\/barrsell.com\/"},{"@type":"ListItem","position":2,"name":"\u00dcr\u00fcnler","item":"https:\/\/barrsell.com\/en\/products\/"},{"@type":"ListItem","position":3,"name":"Carel BLCT2D00W0 Temizlenebilir Buhar Silindiri"}]},{"@type":"WebSite","@id":"https:\/\/barrsell.com\/#website","url":"https:\/\/barrsell.com\/","name":"Barrsell End\u00fcstri Makine","description":"Teknolojiyle G\u00fc\u00e7lenen End\u00fcstriyel \u00c7\u00f6z\u00fcmler!","potentialAction":[{"@type":"SearchAction","target":{"@type":"EntryPoint","urlTemplate":"https:\/\/barrsell.com\/?s={search_term_string}"},"query-input":"required name=search_term_string"}],"inLanguage":"en-US"}]}},"_links":{"self":[{"href":"https:\/\/barrsell.com\/en\/wp-json\/wp\/v2\/product\/17864","targetHints":{"allow":["GET"]}}],"collection":[{"href":"https:\/\/barrsell.com\/en\/wp-json\/wp\/v2\/product"}],"about":[{"href":"https:\/\/barrsell.com\/en\/wp-json\/wp\/v2\/types\/product"}],"version-history":[{"count":10,"href":"https:\/\/barrsell.com\/en\/wp-json\/wp\/v2\/product\/17864\/revisions"}],"predecessor-version":[{"id":18638,"href":"https:\/\/barrsell.com\/en\/wp-json\/wp\/v2\/product\/17864\/revisions\/18638"}],"wp:featuredmedia":[{"embeddable":true,"href":"https:\/\/barrsell.com\/en\/wp-json\/wp\/v2\/media\/17865"}],"wp:attachment":[{"href":"https:\/\/barrsell.com\/en\/wp-json\/wp\/v2\/media?parent=17864"}],"wp:term":[{"taxonomy":"product_cat","embeddable":true,"href":"https:\/\/barrsell.com\/en\/wp-json\/wp\/v2\/product_cat?post=17864"},{"taxonomy":"product_tag","embeddable":true,"href":"https:\/\/barrsell.com\/en\/wp-json\/wp\/v2\/product_tag?post=17864"}],"curies":[{"name":"wp","href":"https:\/\/api.w.org\/{rel}","templated":true}]}}