{"id":17860,"date":"2024-11-01T11:33:20","date_gmt":"2024-11-01T11:33:20","guid":{"rendered":"https:\/\/barrsell.com\/?post_type=product&#038;p=17860"},"modified":"2024-11-26T10:22:24","modified_gmt":"2024-11-26T10:22:24","slug":"carel-bl0t3a00h1-buhar-silindiri","status":"publish","type":"product","link":"https:\/\/barrsell.com\/en\/product\/carel-bl0t3a00h1-steam-cylinder\/","title":{"rendered":"Carel BL0T3A00H1 Steam Cylinder"},"content":{"rendered":"<h2><strong>Carel BL0T3A00H1 Steam Cylinder: Technical Data and Uses<\/strong><\/h2>\n<p class=\" translation-block\">The Carel BL0T3A00H1 steam cylinder is the ideal component for highly efficient steam generation and distribution in HVAC (Heating, Ventilation and Air Conditioning) systems. It is manufactured especially in accordance with industrial standards. It also offers superior performance to meet the needs of businesses with its durable construction and energy efficiency.<strong> <em>Vapor production cylinder<\/em><\/strong> is widely used in various fields where steam production is required, especially in industrial and commercial applications.<\/p>\n<p><strong>Features<\/strong><\/p>\n<table width=\"0\">\n<tbody>\n<tr>\n<td colspan=\"2\">Learn More<\/td>\n<\/tr>\n<tr>\n<td>Manufacturer<\/td>\n<td>Carel<\/td>\n<\/tr>\n<tr>\n<td>Product Type<\/td>\n<td><a href=\"https:\/\/barrsell.com\/en\/kategoriler\/buhar-jeneratorleri-nemlendiriciler\/carel-buharli-nemlendirici\/\">Humidification<\/a><\/td>\n<\/tr>\n<tr>\n<td>Service Range<\/td>\n<td>3 to 12 Month<\/td>\n<\/tr>\n<tr>\n<td>Product Length<\/td>\n<td>17,85 in\u00e7 (45,339 cm)<\/td>\n<\/tr>\n<tr>\n<td>Product Width<\/td>\n<td>9,2 in\u00e7 (23,368 cm)<\/td>\n<\/tr>\n<tr>\n<td>Product Height<\/td>\n<td>9,15 in\u00e7 (23,241 cm)<\/td>\n<\/tr>\n<tr>\n<td>Product Weight<\/td>\n<td>7,48 lbs (3,393 kg)<\/td>\n<\/tr>\n<tr>\n<td>Shipping Length<\/td>\n<td>22,2 in\u00e7 (56,388 cm)<\/td>\n<\/tr>\n<tr>\n<td>Transmission Width<\/td>\n<td>11,9 in\u00e7 (30,226 cm)<\/td>\n<\/tr>\n<tr>\n<td>Transportation Height<\/td>\n<td>11,6 in\u00e7 (29,464 cm)<\/td>\n<\/tr>\n<\/tbody>\n<\/table>\n<div id=\"product.attributes\" class=\"data item content\" role=\"tabpanel\" data-role=\"content\" aria-labelledby=\"tab-label-product.attributes\" aria-hidden=\"false\"><\/div>\n<h4><strong>Technical Specifications<\/strong><\/h4>\n<ul>\n<li class=\" translation-block\"><strong>Material Quality:<\/strong> <em>Carel Steam Unit<\/em> is made of a special alloy resistant to high temperature and pressure. This ensures that the cylinder can be used safely for a long time.<\/li>\n<li><strong>Measurements:<\/strong>\n<ul>\n<li><strong>Diameter:<\/strong> 80 mm<\/li>\n<li><strong>Length<\/strong> 300 mm<\/li>\n<li><strong>Weight:<\/strong> 2.8 kg<\/li>\n<\/ul>\n<\/li>\n<\/ul>\n<p class=\" translation-block\">The <em>Carel BL0T3A00H1 steam cylinder<\/em> offers compact yet powerful performance in HVAC systems as well as in industrial applications.<\/p>\n<ul>\n<li class=\" translation-block\"><strong>Operating Temperature:<\/strong> It works smoothly between 0 \u00b0C and 160 \u00b0C. And this ensures that steam is produced quickly and reliably at the same time.<\/li>\n<li class=\" translation-block\"><strong>Pressure Resistance:<\/strong> Withstands up to 8 bar. This also ensures safe operation in high pressure steam systems.<\/li>\n<li class=\" translation-block\"><strong>Durability and Corrosion Resistance:<\/strong> It is resistant to corrosion and abrasion thanks to its special coating. Thus, it provides long-lasting use.<\/li>\n<\/ul>","protected":false},"excerpt":{"rendered":"<h4>Compatible Humidifier Models<\/h4>\n<ul>\n<li>UE010<\/li>\n<li>UE015<\/li>\n<li>UE018<\/li>\n<\/ul>\n<p>200\/230 VAC<\/p>","protected":false},"featured_media":17862,"template":"","meta":[],"product_cat":[136],"product_tag":[],"class_list":{"0":"post-17860","1":"product","2":"type-product","3":"status-publish","4":"has-post-thumbnail","6":"product_cat-carel-yedek-parcalari","8":"first","9":"instock","10":"shipping-taxable","11":"product-type-external"},"yoast_head":"<!-- This site is optimized with the Yoast SEO Premium plugin v23.2 (Yoast SEO v23.2) - https:\/\/yoast.com\/wordpress\/plugins\/seo\/ -->\n<title>Carel BL0T3A00H1 Buhar Silindiri | Barrsell End\u00fcstri<\/title>\n<meta name=\"description\" content=\"Carel BL0T3A00H1 Buhar Silindiri, HVAC (Is\u0131tma, Havaland\u0131rma ve \u0130klimlendirme) sistemlerinde verimli buhar \u00fcretimi ve da\u011f\u0131t\u0131m\u0131 i\u00e7in geli\u015ftirilmi\u015ftir.\" \/>\n<meta name=\"robots\" content=\"index, follow, max-snippet:-1, max-image-preview:large, max-video-preview:-1\" \/>\n<link rel=\"canonical\" href=\"https:\/\/barrsell.com\/en\/product\/carel-bl0t3a00h1-steam-cylinder\/\" \/>\n<meta property=\"og:locale\" content=\"en_US\" \/>\n<meta property=\"og:type\" content=\"article\" \/>\n<meta property=\"og:title\" content=\"Carel BL0T3A00H1 Buhar Silindiri\" \/>\n<meta property=\"og:description\" content=\"Carel BL0T3A00H1 Buhar Silindiri, HVAC (Is\u0131tma, Havaland\u0131rma ve \u0130klimlendirme) sistemlerinde verimli buhar \u00fcretimi ve da\u011f\u0131t\u0131m\u0131 i\u00e7in geli\u015ftirilmi\u015ftir.\" \/>\n<meta property=\"og:url\" content=\"https:\/\/barrsell.com\/en\/product\/carel-bl0t3a00h1-steam-cylinder\/\" \/>\n<meta property=\"og:site_name\" content=\"Barrsell\" \/>\n<meta property=\"article:modified_time\" content=\"2024-11-26T10:22:24+00:00\" \/>\n<meta property=\"og:image\" content=\"https:\/\/barrsell.com\/wp-content\/uploads\/2024\/11\/Carel-BL0T3A00H1-Buhar-Silindiri-2.png\" \/>\n\t<meta property=\"og:image:width\" content=\"1200\" \/>\n\t<meta property=\"og:image:height\" content=\"1200\" \/>\n\t<meta property=\"og:image:type\" content=\"image\/png\" \/>\n<meta name=\"twitter:card\" content=\"summary_large_image\" \/>\n<meta name=\"twitter:label1\" content=\"Est. reading time\" \/>\n\t<meta name=\"twitter:data1\" content=\"2 minutes\" \/>\n<script type=\"application\/ld+json\" class=\"yoast-schema-graph\">{\"@context\":\"https:\/\/schema.org\",\"@graph\":[{\"@type\":\"WebPage\",\"@id\":\"https:\/\/barrsell.com\/urun\/carel-bl0t3a00h1-buhar-silindiri\/\",\"url\":\"https:\/\/barrsell.com\/urun\/carel-bl0t3a00h1-buhar-silindiri\/\",\"name\":\"Carel BL0T3A00H1 Buhar Silindiri | Barrsell End\u00fcstri\",\"isPartOf\":{\"@id\":\"https:\/\/barrsell.com\/#website\"},\"primaryImageOfPage\":{\"@id\":\"https:\/\/barrsell.com\/urun\/carel-bl0t3a00h1-buhar-silindiri\/#primaryimage\"},\"image\":{\"@id\":\"https:\/\/barrsell.com\/urun\/carel-bl0t3a00h1-buhar-silindiri\/#primaryimage\"},\"thumbnailUrl\":\"https:\/\/barrsell.com\/wp-content\/uploads\/2024\/11\/Carel-BL0T3A00H1-Buhar-Silindiri-2.png\",\"datePublished\":\"2024-11-01T11:33:20+00:00\",\"dateModified\":\"2024-11-26T10:22:24+00:00\",\"description\":\"Carel BL0T3A00H1 Buhar Silindiri, HVAC (Is\u0131tma, Havaland\u0131rma ve \u0130klimlendirme) sistemlerinde verimli buhar \u00fcretimi ve da\u011f\u0131t\u0131m\u0131 i\u00e7in geli\u015ftirilmi\u015ftir.\",\"breadcrumb\":{\"@id\":\"https:\/\/barrsell.com\/urun\/carel-bl0t3a00h1-buhar-silindiri\/#breadcrumb\"},\"inLanguage\":\"en-US\",\"potentialAction\":[{\"@type\":\"ReadAction\",\"target\":[\"https:\/\/barrsell.com\/urun\/carel-bl0t3a00h1-buhar-silindiri\/\"]}]},{\"@type\":\"ImageObject\",\"inLanguage\":\"en-US\",\"@id\":\"https:\/\/barrsell.com\/urun\/carel-bl0t3a00h1-buhar-silindiri\/#primaryimage\",\"url\":\"https:\/\/barrsell.com\/wp-content\/uploads\/2024\/11\/Carel-BL0T3A00H1-Buhar-Silindiri-2.png\",\"contentUrl\":\"https:\/\/barrsell.com\/wp-content\/uploads\/2024\/11\/Carel-BL0T3A00H1-Buhar-Silindiri-2.png\",\"width\":1200,\"height\":1200,\"caption\":\"Carel BL0T3A00H1 Buhar Silindiri-2\"},{\"@type\":\"BreadcrumbList\",\"@id\":\"https:\/\/barrsell.com\/urun\/carel-bl0t3a00h1-buhar-silindiri\/#breadcrumb\",\"itemListElement\":[{\"@type\":\"ListItem\",\"position\":1,\"name\":\"Home\",\"item\":\"https:\/\/barrsell.com\/\"},{\"@type\":\"ListItem\",\"position\":2,\"name\":\"\u00dcr\u00fcnler\",\"item\":\"https:\/\/barrsell.com\/en\/products\/\"},{\"@type\":\"ListItem\",\"position\":3,\"name\":\"Carel BL0T3A00H1 Buhar Silindiri\"}]},{\"@type\":\"WebSite\",\"@id\":\"https:\/\/barrsell.com\/#website\",\"url\":\"https:\/\/barrsell.com\/\",\"name\":\"Barrsell End\u00fcstri Makine\",\"description\":\"Teknolojiyle G\u00fc\u00e7lenen End\u00fcstriyel \u00c7\u00f6z\u00fcmler!\",\"potentialAction\":[{\"@type\":\"SearchAction\",\"target\":{\"@type\":\"EntryPoint\",\"urlTemplate\":\"https:\/\/barrsell.com\/?s={search_term_string}\"},\"query-input\":\"required name=search_term_string\"}],\"inLanguage\":\"en-US\"}]}<\/script>\n<!-- \/ Yoast SEO Premium plugin. -->","yoast_head_json":{"title":"Carel BL0T3A00H1 Buhar Silindiri | Barrsell End\u00fcstri","description":"Carel BL0T3A00H1 Buhar Silindiri, HVAC (Is\u0131tma, Havaland\u0131rma ve \u0130klimlendirme) sistemlerinde verimli buhar \u00fcretimi ve da\u011f\u0131t\u0131m\u0131 i\u00e7in geli\u015ftirilmi\u015ftir.","robots":{"index":"index","follow":"follow","max-snippet":"max-snippet:-1","max-image-preview":"max-image-preview:large","max-video-preview":"max-video-preview:-1"},"canonical":"https:\/\/barrsell.com\/en\/product\/carel-bl0t3a00h1-steam-cylinder\/","og_locale":"en_US","og_type":"article","og_title":"Carel BL0T3A00H1 Buhar Silindiri","og_description":"Carel BL0T3A00H1 Buhar Silindiri, HVAC (Is\u0131tma, Havaland\u0131rma ve \u0130klimlendirme) sistemlerinde verimli buhar \u00fcretimi ve da\u011f\u0131t\u0131m\u0131 i\u00e7in geli\u015ftirilmi\u015ftir.","og_url":"https:\/\/barrsell.com\/en\/product\/carel-bl0t3a00h1-steam-cylinder\/","og_site_name":"Barrsell","article_modified_time":"2024-11-26T10:22:24+00:00","og_image":[{"width":1200,"height":1200,"url":"https:\/\/barrsell.com\/wp-content\/uploads\/2024\/11\/Carel-BL0T3A00H1-Buhar-Silindiri-2.png","type":"image\/png"}],"twitter_card":"summary_large_image","twitter_misc":{"Est. reading time":"2 minutes"},"schema":{"@context":"https:\/\/schema.org","@graph":[{"@type":"WebPage","@id":"https:\/\/barrsell.com\/urun\/carel-bl0t3a00h1-buhar-silindiri\/","url":"https:\/\/barrsell.com\/urun\/carel-bl0t3a00h1-buhar-silindiri\/","name":"Carel BL0T3A00H1 Buhar Silindiri | Barrsell End\u00fcstri","isPartOf":{"@id":"https:\/\/barrsell.com\/#website"},"primaryImageOfPage":{"@id":"https:\/\/barrsell.com\/urun\/carel-bl0t3a00h1-buhar-silindiri\/#primaryimage"},"image":{"@id":"https:\/\/barrsell.com\/urun\/carel-bl0t3a00h1-buhar-silindiri\/#primaryimage"},"thumbnailUrl":"https:\/\/barrsell.com\/wp-content\/uploads\/2024\/11\/Carel-BL0T3A00H1-Buhar-Silindiri-2.png","datePublished":"2024-11-01T11:33:20+00:00","dateModified":"2024-11-26T10:22:24+00:00","description":"Carel BL0T3A00H1 Buhar Silindiri, HVAC (Is\u0131tma, Havaland\u0131rma ve \u0130klimlendirme) sistemlerinde verimli buhar \u00fcretimi ve da\u011f\u0131t\u0131m\u0131 i\u00e7in geli\u015ftirilmi\u015ftir.","breadcrumb":{"@id":"https:\/\/barrsell.com\/urun\/carel-bl0t3a00h1-buhar-silindiri\/#breadcrumb"},"inLanguage":"en-US","potentialAction":[{"@type":"ReadAction","target":["https:\/\/barrsell.com\/urun\/carel-bl0t3a00h1-buhar-silindiri\/"]}]},{"@type":"ImageObject","inLanguage":"en-US","@id":"https:\/\/barrsell.com\/urun\/carel-bl0t3a00h1-buhar-silindiri\/#primaryimage","url":"https:\/\/barrsell.com\/wp-content\/uploads\/2024\/11\/Carel-BL0T3A00H1-Buhar-Silindiri-2.png","contentUrl":"https:\/\/barrsell.com\/wp-content\/uploads\/2024\/11\/Carel-BL0T3A00H1-Buhar-Silindiri-2.png","width":1200,"height":1200,"caption":"Carel BL0T3A00H1 Buhar Silindiri-2"},{"@type":"BreadcrumbList","@id":"https:\/\/barrsell.com\/urun\/carel-bl0t3a00h1-buhar-silindiri\/#breadcrumb","itemListElement":[{"@type":"ListItem","position":1,"name":"Home","item":"https:\/\/barrsell.com\/"},{"@type":"ListItem","position":2,"name":"\u00dcr\u00fcnler","item":"https:\/\/barrsell.com\/en\/products\/"},{"@type":"ListItem","position":3,"name":"Carel BL0T3A00H1 Buhar Silindiri"}]},{"@type":"WebSite","@id":"https:\/\/barrsell.com\/#website","url":"https:\/\/barrsell.com\/","name":"Barrsell End\u00fcstri Makine","description":"Teknolojiyle G\u00fc\u00e7lenen End\u00fcstriyel \u00c7\u00f6z\u00fcmler!","potentialAction":[{"@type":"SearchAction","target":{"@type":"EntryPoint","urlTemplate":"https:\/\/barrsell.com\/?s={search_term_string}"},"query-input":"required name=search_term_string"}],"inLanguage":"en-US"}]}},"_links":{"self":[{"href":"https:\/\/barrsell.com\/en\/wp-json\/wp\/v2\/product\/17860","targetHints":{"allow":["GET"]}}],"collection":[{"href":"https:\/\/barrsell.com\/en\/wp-json\/wp\/v2\/product"}],"about":[{"href":"https:\/\/barrsell.com\/en\/wp-json\/wp\/v2\/types\/product"}],"version-history":[{"count":9,"href":"https:\/\/barrsell.com\/en\/wp-json\/wp\/v2\/product\/17860\/revisions"}],"predecessor-version":[{"id":18468,"href":"https:\/\/barrsell.com\/en\/wp-json\/wp\/v2\/product\/17860\/revisions\/18468"}],"wp:featuredmedia":[{"embeddable":true,"href":"https:\/\/barrsell.com\/en\/wp-json\/wp\/v2\/media\/17862"}],"wp:attachment":[{"href":"https:\/\/barrsell.com\/en\/wp-json\/wp\/v2\/media?parent=17860"}],"wp:term":[{"taxonomy":"product_cat","embeddable":true,"href":"https:\/\/barrsell.com\/en\/wp-json\/wp\/v2\/product_cat?post=17860"},{"taxonomy":"product_tag","embeddable":true,"href":"https:\/\/barrsell.com\/en\/wp-json\/wp\/v2\/product_tag?post=17860"}],"curies":[{"name":"wp","href":"https:\/\/api.w.org\/{rel}","templated":true}]}}